{"id":1809,"date":"2021-03-06T16:12:04","date_gmt":"2021-03-06T15:12:04","guid":{"rendered":"https:\/\/platyphoto.com\/?page_id=1809"},"modified":"2023-03-16T16:32:40","modified_gmt":"2023-03-16T15:32:40","slug":"actualites","status":"publish","type":"page","link":"https:\/\/platyphoto.com\/en\/actualites\/","title":{"rendered":"Actualit\u00e9s"},"content":{"rendered":"<div class=\"wp-block-group alignfull has-text-color has-background\" style=\"color:#000000;background-color:#ffffff\"><div class=\"wp-block-group__inner-container is-layout-flow wp-block-group-is-layout-flow\">\n<div class=\"wp-block-columns alignwide is-layout-flex wp-container-core-columns-is-layout-7387b849 wp-block-columns-is-layout-flex\">\n<div class=\"wp-block-column is-layout-flow wp-block-column-is-layout-flow\" style=\"flex-basis:32%\"><\/div>\n<\/div>\n\n\n\n<div class=\"wp-block-columns alignwide is-layout-flex wp-container-core-columns-is-layout-7387b849 wp-block-columns-is-layout-flex\">\n<div class=\"wp-block-column is-layout-flow wp-block-column-is-layout-flow\">\n<figure class=\"wp-block-embed is-type-video is-provider-youtube wp-block-embed-youtube wp-embed-aspect-16-9 wp-has-aspect-ratio\"><div class=\"wp-block-embed__wrapper\">\n<span class=\"embed-youtube\" style=\"text-align:center; display: block;\"><iframe loading=\"lazy\" class=\"youtube-player\" width=\"980\" height=\"552\" src=\"https:\/\/www.youtube.com\/embed\/SGHXaFR0FZU?version=3&#038;rel=1&#038;showsearch=0&#038;showinfo=1&#038;iv_load_policy=1&#038;fs=1&#038;hl=en-US&#038;autohide=2&#038;wmode=transparent\" allowfullscreen=\"true\" style=\"border:0;\" sandbox=\"allow-scripts allow-same-origin allow-popups allow-presentation allow-popups-to-escape-sandbox\"><\/iframe><\/span>\n<\/div><figcaption class=\"wp-element-caption\">Guide d&rsquo;achat reflex 35mm en dessous de 100\u20ac<\/figcaption><\/figure>\n\n\n\n<figure class=\"wp-block-embed is-type-video is-provider-youtube wp-block-embed-youtube wp-embed-aspect-16-9 wp-has-aspect-ratio\"><div class=\"wp-block-embed__wrapper\">\n<span class=\"embed-youtube\" style=\"text-align:center; display: block;\"><iframe loading=\"lazy\" class=\"youtube-player\" width=\"980\" height=\"552\" src=\"https:\/\/www.youtube.com\/embed\/4tp8ddYJArw?version=3&#038;rel=1&#038;showsearch=0&#038;showinfo=1&#038;iv_load_policy=1&#038;fs=1&#038;hl=en-US&#038;autohide=2&#038;wmode=transparent\" allowfullscreen=\"true\" style=\"border:0;\" sandbox=\"allow-scripts allow-same-origin allow-popups allow-presentation allow-popups-to-escape-sandbox\"><\/iframe><\/span>\n<\/div><figcaption class=\"wp-element-caption\"><strong>Pr\u00e9sentation du Bronica ETRSI + histoire de la marque.<\/strong><\/figcaption><\/figure>\n\n\n\n<figure class=\"wp-block-embed is-type-video is-provider-youtube wp-block-embed-youtube wp-embed-aspect-16-9 wp-has-aspect-ratio\"><div class=\"wp-block-embed__wrapper\">\n<span class=\"embed-youtube\" style=\"text-align:center; display: block;\"><iframe loading=\"lazy\" class=\"youtube-player\" width=\"980\" height=\"552\" src=\"https:\/\/www.youtube.com\/embed\/ca8sgWKw9OM?version=3&#038;rel=1&#038;showsearch=0&#038;showinfo=1&#038;iv_load_policy=1&#038;fs=1&#038;hl=en-US&#038;autohide=2&#038;wmode=transparent\" allowfullscreen=\"true\" style=\"border:0;\" sandbox=\"allow-scripts allow-same-origin allow-popups allow-presentation allow-popups-to-escape-sandbox\"><\/iframe><\/span>\n<\/div><\/figure>\n\n\n\n<p class=\"has-text-align-center wp-block-paragraph\"><strong>Nouvelle vid\u00e9o sur la chaine YouTube Platyphoto, pr\u00e9sentation d&rsquo;un appareil hors du commun, le Kodak K24<\/strong>.<\/p>\n\n\n\n<p class=\"has-black-color has-text-color has-medium-font-size wp-block-paragraph\">\/<\/p>\n\n\n\n<p class=\"has-black-color has-text-color has-large-font-size wp-block-paragraph\"><\/p>\n\n\n\n<hr class=\"wp-block-separator has-alpha-channel-opacity\"\/>\n\n\n\n<h2 class=\"wp-block-heading has-black-color has-text-color\" id=\"rejoignez-nous-sur-le-discord-platyphoto-afin-de-discuter-tous-ensemble-de-pratique-argentique-collection-d-appareils-photos\"><strong>Rejoignez-nous sur le discord Platyphoto afin de discuter tous ensemble de pratique argentique, collection d&rsquo;appareils photos&#8230;<\/strong><\/h2>\n\n\n\n<p class=\"has-black-color has-text-color has-medium-font-size wp-block-paragraph\">Vous verrez c&rsquo;est sympa, cliquez <a href=\"https:\/\/discord.gg\/jwneSwAPND\" data-type=\"URL\" data-id=\"https:\/\/discord.gg\/jwneSwAPND\">ici <\/a>!<\/p>\n\n\n\n<figure class=\"wp-block-image size-large\"><img data-recalc-dims=\"1\" loading=\"lazy\" decoding=\"async\" width=\"980\" height=\"551\" data-attachment-id=\"5349\" data-permalink=\"https:\/\/platyphoto.com\/en\/actualites\/discord-logo\/\" data-orig-file=\"https:\/\/i0.wp.com\/platyphoto.com\/wp-content\/uploads\/2022\/06\/Discord-logo.png?fit=1280%2C720&amp;ssl=1\" data-orig-size=\"1280,720\" data-comments-opened=\"1\" data-image-meta=\"{&quot;aperture&quot;:&quot;0&quot;,&quot;credit&quot;:&quot;&quot;,&quot;camera&quot;:&quot;&quot;,&quot;caption&quot;:&quot;&quot;,&quot;created_timestamp&quot;:&quot;0&quot;,&quot;copyright&quot;:&quot;&quot;,&quot;focal_length&quot;:&quot;0&quot;,&quot;iso&quot;:&quot;0&quot;,&quot;shutter_speed&quot;:&quot;0&quot;,&quot;title&quot;:&quot;&quot;,&quot;orientation&quot;:&quot;0&quot;}\" data-image-title=\"Discord-logo\" data-image-description=\"\" data-image-caption=\"\" data-medium-file=\"https:\/\/i0.wp.com\/platyphoto.com\/wp-content\/uploads\/2022\/06\/Discord-logo.png?fit=300%2C169&amp;ssl=1\" data-large-file=\"https:\/\/i0.wp.com\/platyphoto.com\/wp-content\/uploads\/2022\/06\/Discord-logo.png?fit=980%2C551&amp;ssl=1\" src=\"https:\/\/i0.wp.com\/platyphoto.com\/wp-content\/uploads\/2022\/06\/Discord-logo.png?resize=980%2C551&#038;ssl=1\" alt=\"\" class=\"wp-image-5349\" srcset=\"https:\/\/i0.wp.com\/platyphoto.com\/wp-content\/uploads\/2022\/06\/Discord-logo.png?resize=1024%2C576&amp;ssl=1 1024w, https:\/\/i0.wp.com\/platyphoto.com\/wp-content\/uploads\/2022\/06\/Discord-logo.png?resize=300%2C169&amp;ssl=1 300w, https:\/\/i0.wp.com\/platyphoto.com\/wp-content\/uploads\/2022\/06\/Discord-logo.png?resize=768%2C432&amp;ssl=1 768w, https:\/\/i0.wp.com\/platyphoto.com\/wp-content\/uploads\/2022\/06\/Discord-logo.png?resize=1200%2C675&amp;ssl=1 1200w, https:\/\/i0.wp.com\/platyphoto.com\/wp-content\/uploads\/2022\/06\/Discord-logo.png?resize=324%2C182&amp;ssl=1 324w, https:\/\/i0.wp.com\/platyphoto.com\/wp-content\/uploads\/2022\/06\/Discord-logo.png?resize=416%2C234&amp;ssl=1 416w, https:\/\/i0.wp.com\/platyphoto.com\/wp-content\/uploads\/2022\/06\/Discord-logo.png?resize=107%2C60&amp;ssl=1 107w, https:\/\/i0.wp.com\/platyphoto.com\/wp-content\/uploads\/2022\/06\/Discord-logo.png?resize=160%2C90&amp;ssl=1 160w, https:\/\/i0.wp.com\/platyphoto.com\/wp-content\/uploads\/2022\/06\/Discord-logo.png?w=1280&amp;ssl=1 1280w\" sizes=\"auto, (max-width: 980px) 100vw, 980px\" \/><\/figure>\n<\/div>\n\n\n\n<div class=\"wp-block-column is-layout-flow wp-block-column-is-layout-flow\">\n<h2 class=\"wp-block-heading has-black-color has-text-color\" id=\"platyphoto-sera-egalement-present-a-la-bourse-photo-du-festival-europeen-de-l-image-a-sassenage-isere-le-1-2-et-3-octobre-2021-encore-une-fois-si-les-conditions-sanitaires-le-permettent-plus-d-informations-ici\">Notez la date !  Le 2 avril 2023 \u00e0 Vienne (38) aura lieu la 39\u00e8me \u00e9dition du forum europ\u00e9en photo cin\u00e9ma  ! Platyphoto sera pr\u00e9sent avec un beau stand de 3m. Plus d&rsquo;infos <a href=\"https:\/\/viennelaphotographie.com\/\">ici<\/a> .<\/h2>\n\n\n\n<figure class=\"wp-block-image size-full\"><img data-recalc-dims=\"1\" loading=\"lazy\" decoding=\"async\" width=\"425\" height=\"603\" data-attachment-id=\"7417\" data-permalink=\"https:\/\/platyphoto.com\/en\/actualites\/affiche\/\" data-orig-file=\"https:\/\/i0.wp.com\/platyphoto.com\/wp-content\/uploads\/2023\/03\/affiche.jpg?fit=425%2C603&amp;ssl=1\" data-orig-size=\"425,603\" data-comments-opened=\"1\" data-image-meta=\"{&quot;aperture&quot;:&quot;0&quot;,&quot;credit&quot;:&quot;&quot;,&quot;camera&quot;:&quot;&quot;,&quot;caption&quot;:&quot;&quot;,&quot;created_timestamp&quot;:&quot;0&quot;,&quot;copyright&quot;:&quot;&quot;,&quot;focal_length&quot;:&quot;0&quot;,&quot;iso&quot;:&quot;0&quot;,&quot;shutter_speed&quot;:&quot;0&quot;,&quot;title&quot;:&quot;&quot;,&quot;orientation&quot;:&quot;0&quot;}\" data-image-title=\"affiche\" data-image-description=\"\" data-image-caption=\"\" data-medium-file=\"https:\/\/i0.wp.com\/platyphoto.com\/wp-content\/uploads\/2023\/03\/affiche.jpg?fit=211%2C300&amp;ssl=1\" data-large-file=\"https:\/\/i0.wp.com\/platyphoto.com\/wp-content\/uploads\/2023\/03\/affiche.jpg?fit=425%2C603&amp;ssl=1\" src=\"https:\/\/i0.wp.com\/platyphoto.com\/wp-content\/uploads\/2023\/03\/affiche.jpg?resize=425%2C603&#038;ssl=1\" alt=\"\" class=\"wp-image-7417\" srcset=\"https:\/\/i0.wp.com\/platyphoto.com\/wp-content\/uploads\/2023\/03\/affiche.jpg?w=425&amp;ssl=1 425w, https:\/\/i0.wp.com\/platyphoto.com\/wp-content\/uploads\/2023\/03\/affiche.jpg?resize=211%2C300&amp;ssl=1 211w, https:\/\/i0.wp.com\/platyphoto.com\/wp-content\/uploads\/2023\/03\/affiche.jpg?resize=324%2C460&amp;ssl=1 324w, https:\/\/i0.wp.com\/platyphoto.com\/wp-content\/uploads\/2023\/03\/affiche.jpg?resize=416%2C590&amp;ssl=1 416w\" sizes=\"auto, (max-width: 425px) 100vw, 425px\" \/><\/figure>\n<\/div>\n<\/div>\n\n\n\n<div style=\"height:64px\" aria-hidden=\"true\" class=\"wp-block-spacer\"><\/div>\n<\/div><\/div>","protected":false},"excerpt":{"rendered":"<p>Nouvelle vid\u00e9o sur la chaine YouTube Platyphoto, pr\u00e9sentation d&rsquo;un appareil hors du commun, le Kodak K24. \/ Rejoignez-nous sur le discord Platyphoto afin de discuter tous ensemble de pratique argentique, collection d&rsquo;appareils photos&#8230; Vous verrez c&rsquo;est sympa, cliquez ici ! Notez la date ! Le 2 avril 2023 \u00e0 Vienne (38) aura lieu la 39\u00e8me [&hellip;]<\/p>\n","protected":false},"author":196089420,"featured_media":0,"parent":0,"menu_order":0,"comment_status":"closed","ping_status":"closed","template":"","meta":{"_coblocks_attr":"","_coblocks_dimensions":"","_coblocks_responsive_height":"","_coblocks_accordion_ie_support":"","_crdt_document":"","jetpack_post_was_ever_published":false,"footnotes":""},"class_list":["post-1809","page","type-page","status-publish","hentry"],"yoast_head":"<!-- This site is optimized with the Yoast SEO plugin v27.3 - https:\/\/yoast.com\/product\/yoast-seo-wordpress\/ -->\n<title>Actualit\u00e9s - Platyphoto<\/title>\n<meta name=\"robots\" content=\"index, follow, max-snippet:-1, max-image-preview:large, max-video-preview:-1\" \/>\n<link rel=\"canonical\" href=\"https:\/\/platyphoto.com\/en\/actualites\/\" \/>\n<meta property=\"og:locale\" content=\"en_US\" \/>\n<meta property=\"og:type\" content=\"article\" \/>\n<meta property=\"og:title\" content=\"Actualit\u00e9s - Platyphoto\" \/>\n<meta property=\"og:description\" content=\"Nouvelle vid\u00e9o sur la chaine YouTube Platyphoto, pr\u00e9sentation d&rsquo;un appareil hors du commun, le Kodak K24. \/ Rejoignez-nous sur le discord Platyphoto afin de discuter tous ensemble de pratique argentique, collection d&rsquo;appareils photos&#8230; Vous verrez c&rsquo;est sympa, cliquez ici ! Notez la date ! Le 2 avril 2023 \u00e0 Vienne (38) aura lieu la 39\u00e8me [&hellip;]\" \/>\n<meta property=\"og:url\" content=\"https:\/\/platyphoto.com\/en\/actualites\/\" \/>\n<meta property=\"og:site_name\" content=\"Platyphoto\" \/>\n<meta property=\"article:modified_time\" content=\"2023-03-16T15:32:40+00:00\" \/>\n<meta property=\"og:image\" content=\"https:\/\/platyphoto.com\/wp-content\/uploads\/2022\/06\/Discord-logo-1024x576.png\" \/>\n<meta name=\"twitter:card\" content=\"summary_large_image\" \/>\n<meta name=\"twitter:label1\" content=\"Est. reading time\" \/>\n\t<meta name=\"twitter:data1\" content=\"1 minute\" \/>\n<script type=\"application\/ld+json\" class=\"yoast-schema-graph\">{\"@context\":\"https:\\\/\\\/schema.org\",\"@graph\":[{\"@type\":\"WebPage\",\"@id\":\"https:\\\/\\\/platyphoto.com\\\/actualites\\\/\",\"url\":\"https:\\\/\\\/platyphoto.com\\\/actualites\\\/\",\"name\":\"Actualit\u00e9s - Platyphoto\",\"isPartOf\":{\"@id\":\"https:\\\/\\\/platyphoto.com\\\/#website\"},\"primaryImageOfPage\":{\"@id\":\"https:\\\/\\\/platyphoto.com\\\/actualites\\\/#primaryimage\"},\"image\":{\"@id\":\"https:\\\/\\\/platyphoto.com\\\/actualites\\\/#primaryimage\"},\"thumbnailUrl\":\"https:\\\/\\\/platyphoto.com\\\/wp-content\\\/uploads\\\/2022\\\/06\\\/Discord-logo-1024x576.png\",\"datePublished\":\"2021-03-06T15:12:04+00:00\",\"dateModified\":\"2023-03-16T15:32:40+00:00\",\"breadcrumb\":{\"@id\":\"https:\\\/\\\/platyphoto.com\\\/actualites\\\/#breadcrumb\"},\"inLanguage\":\"en-US\",\"potentialAction\":[{\"@type\":\"ReadAction\",\"target\":[\"https:\\\/\\\/platyphoto.com\\\/actualites\\\/\"]}]},{\"@type\":\"ImageObject\",\"inLanguage\":\"en-US\",\"@id\":\"https:\\\/\\\/platyphoto.com\\\/actualites\\\/#primaryimage\",\"url\":\"https:\\\/\\\/platyphoto.com\\\/wp-content\\\/uploads\\\/2022\\\/06\\\/Discord-logo-1024x576.png\",\"contentUrl\":\"https:\\\/\\\/platyphoto.com\\\/wp-content\\\/uploads\\\/2022\\\/06\\\/Discord-logo-1024x576.png\"},{\"@type\":\"BreadcrumbList\",\"@id\":\"https:\\\/\\\/platyphoto.com\\\/actualites\\\/#breadcrumb\",\"itemListElement\":[{\"@type\":\"ListItem\",\"position\":1,\"name\":\"Accueil\",\"item\":\"https:\\\/\\\/platyphoto.com\\\/\"},{\"@type\":\"ListItem\",\"position\":2,\"name\":\"Actualit\u00e9s\"}]},{\"@type\":\"WebSite\",\"@id\":\"https:\\\/\\\/platyphoto.com\\\/#website\",\"url\":\"https:\\\/\\\/platyphoto.com\\\/\",\"name\":\"Platyphoto\",\"description\":\"Appareils photos argentiques, objectifs et accessoires de qualit\u00e9.\",\"publisher\":{\"@id\":\"https:\\\/\\\/platyphoto.com\\\/#organization\"},\"potentialAction\":[{\"@type\":\"SearchAction\",\"target\":{\"@type\":\"EntryPoint\",\"urlTemplate\":\"https:\\\/\\\/platyphoto.com\\\/?s={search_term_string}\"},\"query-input\":{\"@type\":\"PropertyValueSpecification\",\"valueRequired\":true,\"valueName\":\"search_term_string\"}}],\"inLanguage\":\"en-US\"},{\"@type\":\"Organization\",\"@id\":\"https:\\\/\\\/platyphoto.com\\\/#organization\",\"name\":\"Platyphoto\",\"alternateName\":\"Platyphoto\",\"url\":\"https:\\\/\\\/platyphoto.com\\\/\",\"logo\":{\"@type\":\"ImageObject\",\"inLanguage\":\"en-US\",\"@id\":\"https:\\\/\\\/platyphoto.com\\\/#\\\/schema\\\/logo\\\/image\\\/\",\"url\":\"https:\\\/\\\/i0.wp.com\\\/platyphoto.com\\\/wp-content\\\/uploads\\\/2020\\\/11\\\/cropped-header.jpg?fit=1500%2C282&ssl=1\",\"contentUrl\":\"https:\\\/\\\/i0.wp.com\\\/platyphoto.com\\\/wp-content\\\/uploads\\\/2020\\\/11\\\/cropped-header.jpg?fit=1500%2C282&ssl=1\",\"width\":1500,\"height\":282,\"caption\":\"Platyphoto\"},\"image\":{\"@id\":\"https:\\\/\\\/platyphoto.com\\\/#\\\/schema\\\/logo\\\/image\\\/\"},\"sameAs\":[\"https:\\\/\\\/www.instagram.com\\\/platyphoto\\\/\"]}]}<\/script>\n<!-- \/ Yoast SEO plugin. -->","yoast_head_json":{"title":"Actualit\u00e9s - Platyphoto","robots":{"index":"index","follow":"follow","max-snippet":"max-snippet:-1","max-image-preview":"max-image-preview:large","max-video-preview":"max-video-preview:-1"},"canonical":"https:\/\/platyphoto.com\/en\/actualites\/","og_locale":"en_US","og_type":"article","og_title":"Actualit\u00e9s - Platyphoto","og_description":"Nouvelle vid\u00e9o sur la chaine YouTube Platyphoto, pr\u00e9sentation d&rsquo;un appareil hors du commun, le Kodak K24. \/ Rejoignez-nous sur le discord Platyphoto afin de discuter tous ensemble de pratique argentique, collection d&rsquo;appareils photos&#8230; Vous verrez c&rsquo;est sympa, cliquez ici ! Notez la date ! Le 2 avril 2023 \u00e0 Vienne (38) aura lieu la 39\u00e8me [&hellip;]","og_url":"https:\/\/platyphoto.com\/en\/actualites\/","og_site_name":"Platyphoto","article_modified_time":"2023-03-16T15:32:40+00:00","og_image":[{"url":"https:\/\/platyphoto.com\/wp-content\/uploads\/2022\/06\/Discord-logo-1024x576.png","type":"","width":"","height":""}],"twitter_card":"summary_large_image","twitter_misc":{"Est. reading time":"1 minute"},"schema":{"@context":"https:\/\/schema.org","@graph":[{"@type":"WebPage","@id":"https:\/\/platyphoto.com\/actualites\/","url":"https:\/\/platyphoto.com\/actualites\/","name":"Actualit\u00e9s - Platyphoto","isPartOf":{"@id":"https:\/\/platyphoto.com\/#website"},"primaryImageOfPage":{"@id":"https:\/\/platyphoto.com\/actualites\/#primaryimage"},"image":{"@id":"https:\/\/platyphoto.com\/actualites\/#primaryimage"},"thumbnailUrl":"https:\/\/platyphoto.com\/wp-content\/uploads\/2022\/06\/Discord-logo-1024x576.png","datePublished":"2021-03-06T15:12:04+00:00","dateModified":"2023-03-16T15:32:40+00:00","breadcrumb":{"@id":"https:\/\/platyphoto.com\/actualites\/#breadcrumb"},"inLanguage":"en-US","potentialAction":[{"@type":"ReadAction","target":["https:\/\/platyphoto.com\/actualites\/"]}]},{"@type":"ImageObject","inLanguage":"en-US","@id":"https:\/\/platyphoto.com\/actualites\/#primaryimage","url":"https:\/\/platyphoto.com\/wp-content\/uploads\/2022\/06\/Discord-logo-1024x576.png","contentUrl":"https:\/\/platyphoto.com\/wp-content\/uploads\/2022\/06\/Discord-logo-1024x576.png"},{"@type":"BreadcrumbList","@id":"https:\/\/platyphoto.com\/actualites\/#breadcrumb","itemListElement":[{"@type":"ListItem","position":1,"name":"Accueil","item":"https:\/\/platyphoto.com\/"},{"@type":"ListItem","position":2,"name":"Actualit\u00e9s"}]},{"@type":"WebSite","@id":"https:\/\/platyphoto.com\/#website","url":"https:\/\/platyphoto.com\/","name":"Platyphoto","description":"Appareils photos argentiques, objectifs et accessoires de qualit\u00e9.","publisher":{"@id":"https:\/\/platyphoto.com\/#organization"},"potentialAction":[{"@type":"SearchAction","target":{"@type":"EntryPoint","urlTemplate":"https:\/\/platyphoto.com\/?s={search_term_string}"},"query-input":{"@type":"PropertyValueSpecification","valueRequired":true,"valueName":"search_term_string"}}],"inLanguage":"en-US"},{"@type":"Organization","@id":"https:\/\/platyphoto.com\/#organization","name":"Platyphoto","alternateName":"Platyphoto","url":"https:\/\/platyphoto.com\/","logo":{"@type":"ImageObject","inLanguage":"en-US","@id":"https:\/\/platyphoto.com\/#\/schema\/logo\/image\/","url":"https:\/\/i0.wp.com\/platyphoto.com\/wp-content\/uploads\/2020\/11\/cropped-header.jpg?fit=1500%2C282&ssl=1","contentUrl":"https:\/\/i0.wp.com\/platyphoto.com\/wp-content\/uploads\/2020\/11\/cropped-header.jpg?fit=1500%2C282&ssl=1","width":1500,"height":282,"caption":"Platyphoto"},"image":{"@id":"https:\/\/platyphoto.com\/#\/schema\/logo\/image\/"},"sameAs":["https:\/\/www.instagram.com\/platyphoto\/"]}]}},"jetpack_likes_enabled":true,"jetpack_sharing_enabled":true,"jetpack_shortlink":"https:\/\/wp.me\/PcwS4B-tb","amp_enabled":true,"_links":{"self":[{"href":"https:\/\/platyphoto.com\/en\/wp-json\/wp\/v2\/pages\/1809","targetHints":{"allow":["GET"]}}],"collection":[{"href":"https:\/\/platyphoto.com\/en\/wp-json\/wp\/v2\/pages"}],"about":[{"href":"https:\/\/platyphoto.com\/en\/wp-json\/wp\/v2\/types\/page"}],"author":[{"embeddable":true,"href":"https:\/\/platyphoto.com\/en\/wp-json\/wp\/v2\/users\/196089420"}],"replies":[{"embeddable":true,"href":"https:\/\/platyphoto.com\/en\/wp-json\/wp\/v2\/comments?post=1809"}],"version-history":[{"count":27,"href":"https:\/\/platyphoto.com\/en\/wp-json\/wp\/v2\/pages\/1809\/revisions"}],"predecessor-version":[{"id":7418,"href":"https:\/\/platyphoto.com\/en\/wp-json\/wp\/v2\/pages\/1809\/revisions\/7418"}],"wp:attachment":[{"href":"https:\/\/platyphoto.com\/en\/wp-json\/wp\/v2\/media?parent=1809"}],"curies":[{"name":"wp","href":"https:\/\/api.w.org\/{rel}","templated":true}]}}