{"id":9,"date":"2020-11-04T20:51:28","date_gmt":"2020-11-04T19:51:28","guid":{"rendered":"https:\/\/platyphoto.com\/?page_id=9"},"modified":"2023-10-31T22:15:10","modified_gmt":"2023-10-31T21:15:10","slug":"about","status":"publish","type":"page","link":"https:\/\/platyphoto.com\/en\/about\/","title":{"rendered":"\u00c0 propos"},"content":{"rendered":"<div style=\"height:20px\" aria-hidden=\"true\" class=\"wp-block-spacer\"><\/div>\n\n\n\n<div class=\"wp-block-group alignfull\"><div class=\"wp-block-group__inner-container is-layout-flow wp-block-group-is-layout-flow\">\n<div class=\"wp-block-jetpack-layout-grid alignfull column1-desktop-grid__span-3 column1-desktop-grid__start-2 column1-desktop-grid__row-1 column2-desktop-grid__span-6 column2-desktop-grid__start-6 column2-desktop-grid__row-1 column1-tablet-grid__span-3 column1-tablet-grid__row-1 column2-tablet-grid__span-5 column2-tablet-grid__start-4 column2-tablet-grid__row-1 column1-mobile-grid__span-4 column1-mobile-grid__row-1 column2-mobile-grid__span-4 column2-mobile-grid__row-2\">\n<div class=\"wp-block-jetpack-layout-grid-column wp-block-jetpack-layout-grid__padding-none\">\n<figure class=\"wp-block-image size-large is-style-circle-mask\"><img data-recalc-dims=\"1\" loading=\"lazy\" decoding=\"async\" width=\"980\" height=\"651\" data-attachment-id=\"308\" data-permalink=\"https:\/\/platyphoto.com\/en\/about\/sony-dsc-89\/\" data-orig-file=\"https:\/\/i0.wp.com\/platyphoto.com\/wp-content\/uploads\/2020\/11\/boye.jpg?fit=4912%2C3264&amp;ssl=1\" data-orig-size=\"4912,3264\" data-comments-opened=\"1\" data-image-meta=\"{&quot;aperture&quot;:&quot;1&quot;,&quot;credit&quot;:&quot;&quot;,&quot;camera&quot;:&quot;NEX-C3&quot;,&quot;caption&quot;:&quot;SONY DSC&quot;,&quot;created_timestamp&quot;:&quot;1588913309&quot;,&quot;copyright&quot;:&quot;&quot;,&quot;focal_length&quot;:&quot;0&quot;,&quot;iso&quot;:&quot;800&quot;,&quot;shutter_speed&quot;:&quot;0.033333333333333&quot;,&quot;title&quot;:&quot;SONY DSC&quot;,&quot;orientation&quot;:&quot;0&quot;}\" data-image-title=\"\" data-image-description=\"\" data-image-caption=\"\" data-large-file=\"https:\/\/i0.wp.com\/platyphoto.com\/wp-content\/uploads\/2020\/11\/boye.jpg?fit=980%2C651&amp;ssl=1\" src=\"https:\/\/i0.wp.com\/platyphoto.com\/wp-content\/uploads\/2020\/11\/boye.jpg?resize=980%2C651&#038;ssl=1\" alt=\"\" class=\"wp-image-308\" srcset=\"https:\/\/i0.wp.com\/platyphoto.com\/wp-content\/uploads\/2020\/11\/boye.jpg?resize=1024%2C680&amp;ssl=1 1024w, https:\/\/i0.wp.com\/platyphoto.com\/wp-content\/uploads\/2020\/11\/boye.jpg?resize=300%2C199&amp;ssl=1 300w, https:\/\/i0.wp.com\/platyphoto.com\/wp-content\/uploads\/2020\/11\/boye.jpg?resize=768%2C510&amp;ssl=1 768w, https:\/\/i0.wp.com\/platyphoto.com\/wp-content\/uploads\/2020\/11\/boye.jpg?resize=1536%2C1021&amp;ssl=1 1536w, https:\/\/i0.wp.com\/platyphoto.com\/wp-content\/uploads\/2020\/11\/boye.jpg?resize=2048%2C1361&amp;ssl=1 2048w, https:\/\/i0.wp.com\/platyphoto.com\/wp-content\/uploads\/2020\/11\/boye.jpg?resize=1200%2C797&amp;ssl=1 1200w, https:\/\/i0.wp.com\/platyphoto.com\/wp-content\/uploads\/2020\/11\/boye.jpg?resize=324%2C215&amp;ssl=1 324w, https:\/\/i0.wp.com\/platyphoto.com\/wp-content\/uploads\/2020\/11\/boye.jpg?resize=416%2C276&amp;ssl=1 416w, https:\/\/i0.wp.com\/platyphoto.com\/wp-content\/uploads\/2020\/11\/boye.jpg?w=1960&amp;ssl=1 1960w, https:\/\/i0.wp.com\/platyphoto.com\/wp-content\/uploads\/2020\/11\/boye.jpg?w=2940&amp;ssl=1 2940w\" sizes=\"auto, (max-width: 980px) 100vw, 980px\" \/><\/figure>\n<\/div>\n\n\n\n<div class=\"wp-block-jetpack-layout-grid-column wp-block-jetpack-layout-grid__padding-none\">\n<h2 class=\"wp-block-heading\">Platyphoto, depuis 2017.<\/h2>\n\n\n\n<p class=\"wp-block-paragraph\" style=\"line-height:1.3\">Ici L\u00e9o qui vous parle, j&rsquo;ai lanc\u00e9 Platyphoto en 2017 apr\u00e8s un simple constat, se lancer en argentique avec des appareils achet\u00e9s en \u00ab\u00a0sorti de placard\u00a0\u00bb est un v\u00e9ritable casse t\u00eate, appareils non fonctionnels, champignons, mousses d\u00e9grad\u00e9es, humidit\u00e9 ect&#8230; autant de facteurs qui peuvent d\u00e9courager de se lancer, surtout apr\u00e8s avoir achet\u00e9 plusieurs appareils inutilisables sans r\u00e9parations couteuses et compliqu\u00e9es.<\/p>\n\n\n\n<p class=\"wp-block-paragraph\"><\/p>\n\n\n\n<p class=\"wp-block-paragraph\" style=\"line-height:1.3\">Platyphoto c&rsquo;est bien plus qu&rsquo;un simple business d&rsquo;achat vente comme il en existe plusieurs dans le domaine argentique, la ligne directrice est de vendre des appareils fonctionnels, certains compl\u00e8tement reconditionn\u00e9s et remis en \u00e9tat, et vendu avec une garantie afin de pouvoir photographier en toute s\u00e9r\u00e9nit\u00e9. Le tout anim\u00e9 par une v\u00e9ritable passion d&rsquo;iconom\u00e9canophile (collectionneur d&rsquo;appareils photos).<\/p>\n\n\n\n<p class=\"wp-block-paragraph\" style=\"line-height:1.3\">Vous trouverez donc sur la boutique autant des appareils utilisables avec des films r\u00e9cents que des appareils de collection, au plaisir de vous compter parmis les futurs clients !<\/p>\n\n\n\n<p class=\"wp-block-paragraph\"> <\/p>\n<\/div>\n<\/div>\n<\/div><\/div>\n\n\n\n<div class=\"wp-block-group alignfull has-text-color has-background\" style=\"color:#000000;background-color:#ffffff\"><div class=\"wp-block-group__inner-container is-layout-flow wp-block-group-is-layout-flow\">\n<div style=\"height:64px\" aria-hidden=\"true\" class=\"wp-block-spacer\"><\/div>\n\n\n\n<div class=\"wp-block-columns alignwide is-layout-flex wp-container-core-columns-is-layout-7387b849 wp-block-columns-is-layout-flex\">\n<div class=\"wp-block-column is-layout-flow wp-block-column-is-layout-flow\">\n<figure class=\"wp-block-image size-large\"><img data-recalc-dims=\"1\" loading=\"lazy\" decoding=\"async\" width=\"980\" height=\"735\" data-attachment-id=\"3494\" data-permalink=\"https:\/\/platyphoto.com\/en\/about\/jorunal\/\" data-orig-file=\"https:\/\/i0.wp.com\/platyphoto.com\/wp-content\/uploads\/2021\/08\/jorunal.jpeg?fit=1200%2C900&amp;ssl=1\" data-orig-size=\"1200,900\" data-comments-opened=\"1\" data-image-meta=\"{&quot;aperture&quot;:&quot;0&quot;,&quot;credit&quot;:&quot;&quot;,&quot;camera&quot;:&quot;&quot;,&quot;caption&quot;:&quot;&quot;,&quot;created_timestamp&quot;:&quot;0&quot;,&quot;copyright&quot;:&quot;&quot;,&quot;focal_length&quot;:&quot;0&quot;,&quot;iso&quot;:&quot;0&quot;,&quot;shutter_speed&quot;:&quot;0&quot;,&quot;title&quot;:&quot;&quot;,&quot;orientation&quot;:&quot;0&quot;}\" data-image-title=\"jorunal\" data-image-description=\"\" data-image-caption=\"\" data-large-file=\"https:\/\/i0.wp.com\/platyphoto.com\/wp-content\/uploads\/2021\/08\/jorunal.jpeg?fit=980%2C735&amp;ssl=1\" src=\"https:\/\/i0.wp.com\/platyphoto.com\/wp-content\/uploads\/2021\/08\/jorunal.jpeg?resize=980%2C735&#038;ssl=1\" alt=\"\" class=\"wp-image-3494\" srcset=\"https:\/\/i0.wp.com\/platyphoto.com\/wp-content\/uploads\/2021\/08\/jorunal.jpeg?resize=1024%2C768&amp;ssl=1 1024w, https:\/\/i0.wp.com\/platyphoto.com\/wp-content\/uploads\/2021\/08\/jorunal.jpeg?resize=300%2C225&amp;ssl=1 300w, https:\/\/i0.wp.com\/platyphoto.com\/wp-content\/uploads\/2021\/08\/jorunal.jpeg?resize=768%2C576&amp;ssl=1 768w, https:\/\/i0.wp.com\/platyphoto.com\/wp-content\/uploads\/2021\/08\/jorunal.jpeg?resize=800%2C600&amp;ssl=1 800w, https:\/\/i0.wp.com\/platyphoto.com\/wp-content\/uploads\/2021\/08\/jorunal.jpeg?resize=400%2C300&amp;ssl=1 400w, https:\/\/i0.wp.com\/platyphoto.com\/wp-content\/uploads\/2021\/08\/jorunal.jpeg?resize=200%2C150&amp;ssl=1 200w, https:\/\/i0.wp.com\/platyphoto.com\/wp-content\/uploads\/2021\/08\/jorunal.jpeg?resize=324%2C243&amp;ssl=1 324w, https:\/\/i0.wp.com\/platyphoto.com\/wp-content\/uploads\/2021\/08\/jorunal.jpeg?resize=416%2C312&amp;ssl=1 416w, https:\/\/i0.wp.com\/platyphoto.com\/wp-content\/uploads\/2021\/08\/jorunal.jpeg?w=1200&amp;ssl=1 1200w\" sizes=\"auto, (max-width: 980px) 100vw, 980px\" \/><\/figure>\n\n\n\n<h3 class=\"wp-block-heading margin-bottom-half has-black-color has-text-color\" style=\"font-size:35px;line-height:1.26\">Engagements \u00e9cologiques.<\/h3>\n\n\n\n<p class=\"has-black-color has-text-color wp-block-paragraph\">Dans un but \u00e9cologique\/\u00e9conomique, tout les colis sont pr\u00e9par\u00e9s sur mesure avec du carton de r\u00e9cup\u00e9ration, c&rsquo;est moins esth\u00e9tique mais beaucoup plus responsable pour l&rsquo;environnement. Il en va de m\u00eame pour le mat\u00e9riau de calage de votre article dans le colis, qui est le plus souvent constitu\u00e9 de journal de publicit\u00e9 qui dans 50% des cas est jet\u00e9 imm\u00e9diatement apr\u00e8s \u00eatre d\u00e9pos\u00e9 dans une boite aux lettres. Sinon c&rsquo;est du papier bulle de r\u00e9cup\u00e9ration. <\/p>\n\n\n\n<p class=\"has-black-color has-text-color wp-block-paragraph\">Pour la protection directe de votre achat, c&rsquo;est du papier bulle neuf classique qui est utilis\u00e9, je travaille actuellement pour trouver une solution plus \u00e9coresponsable.<\/p>\n\n\n\n<div class=\"wp-block-buttons is-layout-flex wp-block-buttons-is-layout-flex\"><\/div>\n<\/div>\n\n\n\n<div class=\"wp-block-column is-layout-flow wp-block-column-is-layout-flow\">\n<div class=\"wp-block-buttons is-layout-flex wp-block-buttons-is-layout-flex\"><\/div>\n<\/div>\n<\/div>\n\n\n\n<div style=\"height:64px\" aria-hidden=\"true\" class=\"wp-block-spacer\"><\/div>\n<\/div><\/div>","protected":false},"excerpt":{"rendered":"<p>Platyphoto, depuis 2017. Ici L\u00e9o qui vous parle, j&rsquo;ai lanc\u00e9 Platyphoto en 2017 apr\u00e8s un simple constat, se lancer en argentique avec des appareils achet\u00e9s en \u00ab\u00a0sorti de placard\u00a0\u00bb est un v\u00e9ritable casse t\u00eate, appareils non fonctionnels, champignons, mousses d\u00e9grad\u00e9es, humidit\u00e9 ect&#8230; autant de facteurs qui peuvent d\u00e9courager de se lancer, surtout apr\u00e8s avoir achet\u00e9 [&hellip;]<\/p>\n","protected":false},"author":196089420,"featured_media":0,"parent":0,"menu_order":0,"comment_status":"closed","ping_status":"closed","template":"","meta":{"_coblocks_attr":"","_coblocks_dimensions":"","_coblocks_responsive_height":"","_coblocks_accordion_ie_support":"","_crdt_document":"","jetpack_post_was_ever_published":false,"footnotes":""},"class_list":["post-9","page","type-page","status-publish","hentry"],"yoast_head":"<!-- This site is optimized with the Yoast SEO plugin v27.3 - https:\/\/yoast.com\/product\/yoast-seo-wordpress\/ -->\n<title>\u00c0 propos - Platyphoto<\/title>\n<meta name=\"robots\" content=\"index, follow, max-snippet:-1, max-image-preview:large, max-video-preview:-1\" \/>\n<link rel=\"canonical\" href=\"https:\/\/platyphoto.com\/en\/about\/\" \/>\n<meta property=\"og:locale\" content=\"en_US\" \/>\n<meta property=\"og:type\" content=\"article\" \/>\n<meta property=\"og:title\" content=\"\u00c0 propos - Platyphoto\" \/>\n<meta property=\"og:description\" content=\"Platyphoto, depuis 2017. Ici L\u00e9o qui vous parle, j&rsquo;ai lanc\u00e9 Platyphoto en 2017 apr\u00e8s un simple constat, se lancer en argentique avec des appareils achet\u00e9s en \u00ab\u00a0sorti de placard\u00a0\u00bb est un v\u00e9ritable casse t\u00eate, appareils non fonctionnels, champignons, mousses d\u00e9grad\u00e9es, humidit\u00e9 ect&#8230; autant de facteurs qui peuvent d\u00e9courager de se lancer, surtout apr\u00e8s avoir achet\u00e9 [&hellip;]\" \/>\n<meta property=\"og:url\" content=\"https:\/\/platyphoto.com\/en\/about\/\" \/>\n<meta property=\"og:site_name\" content=\"Platyphoto\" \/>\n<meta property=\"article:modified_time\" content=\"2023-10-31T21:15:10+00:00\" \/>\n<meta property=\"og:image\" content=\"https:\/\/platyphoto.com\/wp-content\/uploads\/2020\/11\/boye-1024x680.jpg\" \/>\n<meta name=\"twitter:card\" content=\"summary_large_image\" \/>\n<meta name=\"twitter:label1\" content=\"Est. reading time\" \/>\n\t<meta name=\"twitter:data1\" content=\"2 minutes\" \/>\n<script type=\"application\/ld+json\" class=\"yoast-schema-graph\">{\"@context\":\"https:\\\/\\\/schema.org\",\"@graph\":[{\"@type\":\"WebPage\",\"@id\":\"https:\\\/\\\/platyphoto.com\\\/about\\\/\",\"url\":\"https:\\\/\\\/platyphoto.com\\\/about\\\/\",\"name\":\"\u00c0 propos - Platyphoto\",\"isPartOf\":{\"@id\":\"https:\\\/\\\/platyphoto.com\\\/#website\"},\"primaryImageOfPage\":{\"@id\":\"https:\\\/\\\/platyphoto.com\\\/about\\\/#primaryimage\"},\"image\":{\"@id\":\"https:\\\/\\\/platyphoto.com\\\/about\\\/#primaryimage\"},\"thumbnailUrl\":\"https:\\\/\\\/platyphoto.com\\\/wp-content\\\/uploads\\\/2020\\\/11\\\/boye-1024x680.jpg\",\"datePublished\":\"2020-11-04T19:51:28+00:00\",\"dateModified\":\"2023-10-31T21:15:10+00:00\",\"breadcrumb\":{\"@id\":\"https:\\\/\\\/platyphoto.com\\\/about\\\/#breadcrumb\"},\"inLanguage\":\"en-US\",\"potentialAction\":[{\"@type\":\"ReadAction\",\"target\":[\"https:\\\/\\\/platyphoto.com\\\/about\\\/\"]}]},{\"@type\":\"ImageObject\",\"inLanguage\":\"en-US\",\"@id\":\"https:\\\/\\\/platyphoto.com\\\/about\\\/#primaryimage\",\"url\":\"https:\\\/\\\/platyphoto.com\\\/wp-content\\\/uploads\\\/2020\\\/11\\\/boye-1024x680.jpg\",\"contentUrl\":\"https:\\\/\\\/platyphoto.com\\\/wp-content\\\/uploads\\\/2020\\\/11\\\/boye-1024x680.jpg\"},{\"@type\":\"BreadcrumbList\",\"@id\":\"https:\\\/\\\/platyphoto.com\\\/about\\\/#breadcrumb\",\"itemListElement\":[{\"@type\":\"ListItem\",\"position\":1,\"name\":\"Accueil\",\"item\":\"https:\\\/\\\/platyphoto.com\\\/\"},{\"@type\":\"ListItem\",\"position\":2,\"name\":\"\u00c0 propos\"}]},{\"@type\":\"WebSite\",\"@id\":\"https:\\\/\\\/platyphoto.com\\\/#website\",\"url\":\"https:\\\/\\\/platyphoto.com\\\/\",\"name\":\"Platyphoto\",\"description\":\"Appareils photos argentiques, objectifs et accessoires de qualit\u00e9.\",\"publisher\":{\"@id\":\"https:\\\/\\\/platyphoto.com\\\/#organization\"},\"potentialAction\":[{\"@type\":\"SearchAction\",\"target\":{\"@type\":\"EntryPoint\",\"urlTemplate\":\"https:\\\/\\\/platyphoto.com\\\/?s={search_term_string}\"},\"query-input\":{\"@type\":\"PropertyValueSpecification\",\"valueRequired\":true,\"valueName\":\"search_term_string\"}}],\"inLanguage\":\"en-US\"},{\"@type\":\"Organization\",\"@id\":\"https:\\\/\\\/platyphoto.com\\\/#organization\",\"name\":\"Platyphoto\",\"alternateName\":\"Platyphoto\",\"url\":\"https:\\\/\\\/platyphoto.com\\\/\",\"logo\":{\"@type\":\"ImageObject\",\"inLanguage\":\"en-US\",\"@id\":\"https:\\\/\\\/platyphoto.com\\\/#\\\/schema\\\/logo\\\/image\\\/\",\"url\":\"https:\\\/\\\/i0.wp.com\\\/platyphoto.com\\\/wp-content\\\/uploads\\\/2020\\\/11\\\/cropped-header.jpg?fit=1500%2C282&ssl=1\",\"contentUrl\":\"https:\\\/\\\/i0.wp.com\\\/platyphoto.com\\\/wp-content\\\/uploads\\\/2020\\\/11\\\/cropped-header.jpg?fit=1500%2C282&ssl=1\",\"width\":1500,\"height\":282,\"caption\":\"Platyphoto\"},\"image\":{\"@id\":\"https:\\\/\\\/platyphoto.com\\\/#\\\/schema\\\/logo\\\/image\\\/\"},\"sameAs\":[\"https:\\\/\\\/www.instagram.com\\\/platyphoto\\\/\"]}]}<\/script>\n<!-- \/ Yoast SEO plugin. -->","yoast_head_json":{"title":"\u00c0 propos - Platyphoto","robots":{"index":"index","follow":"follow","max-snippet":"max-snippet:-1","max-image-preview":"max-image-preview:large","max-video-preview":"max-video-preview:-1"},"canonical":"https:\/\/platyphoto.com\/en\/about\/","og_locale":"en_US","og_type":"article","og_title":"\u00c0 propos - Platyphoto","og_description":"Platyphoto, depuis 2017. Ici L\u00e9o qui vous parle, j&rsquo;ai lanc\u00e9 Platyphoto en 2017 apr\u00e8s un simple constat, se lancer en argentique avec des appareils achet\u00e9s en \u00ab\u00a0sorti de placard\u00a0\u00bb est un v\u00e9ritable casse t\u00eate, appareils non fonctionnels, champignons, mousses d\u00e9grad\u00e9es, humidit\u00e9 ect&#8230; autant de facteurs qui peuvent d\u00e9courager de se lancer, surtout apr\u00e8s avoir achet\u00e9 [&hellip;]","og_url":"https:\/\/platyphoto.com\/en\/about\/","og_site_name":"Platyphoto","article_modified_time":"2023-10-31T21:15:10+00:00","og_image":[{"url":"https:\/\/platyphoto.com\/wp-content\/uploads\/2020\/11\/boye-1024x680.jpg","type":"","width":"","height":""}],"twitter_card":"summary_large_image","twitter_misc":{"Est. reading time":"2 minutes"},"schema":{"@context":"https:\/\/schema.org","@graph":[{"@type":"WebPage","@id":"https:\/\/platyphoto.com\/about\/","url":"https:\/\/platyphoto.com\/about\/","name":"\u00c0 propos - Platyphoto","isPartOf":{"@id":"https:\/\/platyphoto.com\/#website"},"primaryImageOfPage":{"@id":"https:\/\/platyphoto.com\/about\/#primaryimage"},"image":{"@id":"https:\/\/platyphoto.com\/about\/#primaryimage"},"thumbnailUrl":"https:\/\/platyphoto.com\/wp-content\/uploads\/2020\/11\/boye-1024x680.jpg","datePublished":"2020-11-04T19:51:28+00:00","dateModified":"2023-10-31T21:15:10+00:00","breadcrumb":{"@id":"https:\/\/platyphoto.com\/about\/#breadcrumb"},"inLanguage":"en-US","potentialAction":[{"@type":"ReadAction","target":["https:\/\/platyphoto.com\/about\/"]}]},{"@type":"ImageObject","inLanguage":"en-US","@id":"https:\/\/platyphoto.com\/about\/#primaryimage","url":"https:\/\/platyphoto.com\/wp-content\/uploads\/2020\/11\/boye-1024x680.jpg","contentUrl":"https:\/\/platyphoto.com\/wp-content\/uploads\/2020\/11\/boye-1024x680.jpg"},{"@type":"BreadcrumbList","@id":"https:\/\/platyphoto.com\/about\/#breadcrumb","itemListElement":[{"@type":"ListItem","position":1,"name":"Accueil","item":"https:\/\/platyphoto.com\/"},{"@type":"ListItem","position":2,"name":"\u00c0 propos"}]},{"@type":"WebSite","@id":"https:\/\/platyphoto.com\/#website","url":"https:\/\/platyphoto.com\/","name":"Platyphoto","description":"Appareils photos argentiques, objectifs et accessoires de qualit\u00e9.","publisher":{"@id":"https:\/\/platyphoto.com\/#organization"},"potentialAction":[{"@type":"SearchAction","target":{"@type":"EntryPoint","urlTemplate":"https:\/\/platyphoto.com\/?s={search_term_string}"},"query-input":{"@type":"PropertyValueSpecification","valueRequired":true,"valueName":"search_term_string"}}],"inLanguage":"en-US"},{"@type":"Organization","@id":"https:\/\/platyphoto.com\/#organization","name":"Platyphoto","alternateName":"Platyphoto","url":"https:\/\/platyphoto.com\/","logo":{"@type":"ImageObject","inLanguage":"en-US","@id":"https:\/\/platyphoto.com\/#\/schema\/logo\/image\/","url":"https:\/\/i0.wp.com\/platyphoto.com\/wp-content\/uploads\/2020\/11\/cropped-header.jpg?fit=1500%2C282&ssl=1","contentUrl":"https:\/\/i0.wp.com\/platyphoto.com\/wp-content\/uploads\/2020\/11\/cropped-header.jpg?fit=1500%2C282&ssl=1","width":1500,"height":282,"caption":"Platyphoto"},"image":{"@id":"https:\/\/platyphoto.com\/#\/schema\/logo\/image\/"},"sameAs":["https:\/\/www.instagram.com\/platyphoto\/"]}]}},"jetpack_likes_enabled":null,"jetpack_sharing_enabled":false,"jetpack_shortlink":"https:\/\/wp.me\/PcwS4B-9","amp_enabled":true,"_links":{"self":[{"href":"https:\/\/platyphoto.com\/en\/wp-json\/wp\/v2\/pages\/9","targetHints":{"allow":["GET"]}}],"collection":[{"href":"https:\/\/platyphoto.com\/en\/wp-json\/wp\/v2\/pages"}],"about":[{"href":"https:\/\/platyphoto.com\/en\/wp-json\/wp\/v2\/types\/page"}],"author":[{"embeddable":true,"href":"https:\/\/platyphoto.com\/en\/wp-json\/wp\/v2\/users\/196089420"}],"replies":[{"embeddable":true,"href":"https:\/\/platyphoto.com\/en\/wp-json\/wp\/v2\/comments?post=9"}],"version-history":[{"count":14,"href":"https:\/\/platyphoto.com\/en\/wp-json\/wp\/v2\/pages\/9\/revisions"}],"predecessor-version":[{"id":9550,"href":"https:\/\/platyphoto.com\/en\/wp-json\/wp\/v2\/pages\/9\/revisions\/9550"}],"wp:attachment":[{"href":"https:\/\/platyphoto.com\/en\/wp-json\/wp\/v2\/media?parent=9"}],"curies":[{"name":"wp","href":"https:\/\/api.w.org\/{rel}","templated":true}]}}