{"id":10167,"date":"2023-12-18T22:54:12","date_gmt":"2023-12-18T21:54:12","guid":{"rendered":"https:\/\/platyphoto.com\/?post_type=product&#038;p=10167"},"modified":"2024-10-19T10:59:11","modified_gmt":"2024-10-19T08:59:11","slug":"minolta-dimage-xt-3-2-mpx-2","status":"publish","type":"product","link":"https:\/\/platyphoto.com\/en\/product\/minolta-dimage-xt-3-2-mpx-2\/","title":{"rendered":"Minolta Dimage Xt 3.2 mpx"},"content":{"rendered":"<p><strong>Marque<\/strong> : Minolta<\/p>\n<p><strong>Mod\u00e8le<\/strong> : Dimage Xt<\/p>\n<p><strong>Objectif<\/strong> : 5.7-17.1mm F:2.8-3.6<\/p>\n<p><strong>D\u00e9finition<\/strong> : 3.2 millions de pixels<\/p>\n<p><strong>Indice de raret\u00e9<\/strong>: Peu Courant<\/p>\n<p><strong>Piles : <\/strong>Batterie sp\u00e9ficique<\/p>\n<p>Tr\u00e8s sympathique appareil num\u00e9rique, compact et polyvalent, vendu avec chargeur officiel, notice, boite et carte sd 1go (1100 images possible en r\u00e9solution max, 6800 dans la r\u00e9solution la plus basse). Divers modes de prises de vues, mode vid\u00e9o ect.. Flash int\u00e9gr\u00e9.<\/p>\n<p>Se glisse dans la poche tr\u00e8s facilement car il p\u00e8se 120g et 2cm d&rsquo;\u00e9paisseur.<\/p>\n<p>Vendu sans carte SD<\/p>\n<p>&nbsp;<\/p>","protected":false},"excerpt":{"rendered":"<p>Marque : Minolta Mod\u00e8le : Dimage Xt Objectif : 5.7-17.1mm F:2.8-3.6 D\u00e9finition : 3.2 millions de pixels Indice de raret\u00e9: Peu Courant Piles : Batterie sp\u00e9ficique Tr\u00e8s sympathique appareil num\u00e9rique, compact et polyvalent, vendu avec chargeur officiel, notice, boite et carte sd 1go (1100 images possible en r\u00e9solution max, 6800 dans la r\u00e9solution la plus [&hellip;]<\/p>\n","protected":false},"featured_media":10170,"template":"","meta":{"_coblocks_attr":"","_coblocks_dimensions":"","_coblocks_responsive_height":"","_coblocks_accordion_ie_support":"","_crdt_document":"","jetpack_post_was_ever_published":false,"jetpack_publicize_message":"","jetpack_publicize_feature_enabled":true,"jetpack_social_post_already_shared":true,"jetpack_social_options":{"image_generator_settings":{"template":"highway","default_image_id":0,"font":"","enabled":false},"version":2},"_wpas_customize_per_network":false},"product_brand":[],"product_cat":[6550],"product_tag":[],"class_list":{"0":"post-10167","1":"product","2":"type-product","3":"status-publish","4":"has-post-thumbnail","6":"product_cat-hall-of-fame-2","8":"first","9":"outofstock","10":"shipping-taxable","11":"purchasable","12":"product-type-simple"},"yoast_head":"<!-- This site is optimized with the Yoast SEO plugin v27.3 - https:\/\/yoast.com\/product\/yoast-seo-wordpress\/ -->\n<title>Minolta Dimage Xt 3.2 mpx - Platyphoto<\/title>\n<meta name=\"description\" content=\"Tr\u00e8s sympathique appareil num\u00e9rique Minolta Dimage Xt, compact et polyvalent, vendu avec chargeur officiel, notice et boite.\" \/>\n<meta name=\"robots\" content=\"index, follow, max-snippet:-1, max-image-preview:large, max-video-preview:-1\" \/>\n<link rel=\"canonical\" href=\"https:\/\/platyphoto.com\/en\/product\/minolta-dimage-xt-3-2-mpx-2\/\" \/>\n<meta property=\"og:locale\" content=\"en_US\" \/>\n<meta property=\"og:type\" content=\"article\" \/>\n<meta property=\"og:title\" content=\"Minolta Dimage Xt 3.2 mpx - Platyphoto\" \/>\n<meta property=\"og:description\" content=\"Tr\u00e8s sympathique appareil num\u00e9rique Minolta Dimage Xt, compact et polyvalent, vendu avec chargeur officiel, notice et boite.\" \/>\n<meta property=\"og:url\" content=\"https:\/\/platyphoto.com\/en\/product\/minolta-dimage-xt-3-2-mpx-2\/\" \/>\n<meta property=\"og:site_name\" content=\"Platyphoto\" \/>\n<meta property=\"article:modified_time\" content=\"2024-10-19T08:59:11+00:00\" \/>\n<meta property=\"og:image\" content=\"https:\/\/platyphoto.com\/wp-content\/uploads\/2023\/12\/Minolta-Dimage-XT.jpg\" \/>\n\t<meta property=\"og:image:width\" content=\"1505\" \/>\n\t<meta property=\"og:image:height\" content=\"1000\" \/>\n\t<meta property=\"og:image:type\" content=\"image\/jpeg\" \/>\n<meta name=\"twitter:card\" content=\"summary_large_image\" \/>\n<meta name=\"twitter:label1\" content=\"Est. reading time\" \/>\n\t<meta name=\"twitter:data1\" content=\"1 minute\" \/>\n<script type=\"application\/ld+json\" class=\"yoast-schema-graph\">{\"@context\":\"https:\\\/\\\/schema.org\",\"@graph\":[{\"@type\":\"WebPage\",\"@id\":\"https:\\\/\\\/platyphoto.com\\\/produit\\\/minolta-dimage-xt-3-2-mpx-2\\\/\",\"url\":\"https:\\\/\\\/platyphoto.com\\\/produit\\\/minolta-dimage-xt-3-2-mpx-2\\\/\",\"name\":\"Minolta Dimage Xt 3.2 mpx - Platyphoto\",\"isPartOf\":{\"@id\":\"https:\\\/\\\/platyphoto.com\\\/#website\"},\"primaryImageOfPage\":{\"@id\":\"https:\\\/\\\/platyphoto.com\\\/produit\\\/minolta-dimage-xt-3-2-mpx-2\\\/#primaryimage\"},\"image\":{\"@id\":\"https:\\\/\\\/platyphoto.com\\\/produit\\\/minolta-dimage-xt-3-2-mpx-2\\\/#primaryimage\"},\"thumbnailUrl\":\"https:\\\/\\\/i0.wp.com\\\/platyphoto.com\\\/wp-content\\\/uploads\\\/2023\\\/12\\\/Minolta-Dimage-XT.jpg?fit=1505%2C1000&ssl=1\",\"datePublished\":\"2023-12-18T21:54:12+00:00\",\"dateModified\":\"2024-10-19T08:59:11+00:00\",\"description\":\"Tr\u00e8s sympathique appareil num\u00e9rique Minolta Dimage Xt, compact et polyvalent, vendu avec chargeur officiel, notice et boite.\",\"breadcrumb\":{\"@id\":\"https:\\\/\\\/platyphoto.com\\\/produit\\\/minolta-dimage-xt-3-2-mpx-2\\\/#breadcrumb\"},\"inLanguage\":\"en-US\",\"potentialAction\":[{\"@type\":\"ReadAction\",\"target\":[\"https:\\\/\\\/platyphoto.com\\\/produit\\\/minolta-dimage-xt-3-2-mpx-2\\\/\"]}]},{\"@type\":\"ImageObject\",\"inLanguage\":\"en-US\",\"@id\":\"https:\\\/\\\/platyphoto.com\\\/produit\\\/minolta-dimage-xt-3-2-mpx-2\\\/#primaryimage\",\"url\":\"https:\\\/\\\/i0.wp.com\\\/platyphoto.com\\\/wp-content\\\/uploads\\\/2023\\\/12\\\/Minolta-Dimage-XT.jpg?fit=1505%2C1000&ssl=1\",\"contentUrl\":\"https:\\\/\\\/i0.wp.com\\\/platyphoto.com\\\/wp-content\\\/uploads\\\/2023\\\/12\\\/Minolta-Dimage-XT.jpg?fit=1505%2C1000&ssl=1\",\"width\":1505,\"height\":1000,\"caption\":\"Minolta Dimage Xt 3.2 mpx\"},{\"@type\":\"BreadcrumbList\",\"@id\":\"https:\\\/\\\/platyphoto.com\\\/produit\\\/minolta-dimage-xt-3-2-mpx-2\\\/#breadcrumb\",\"itemListElement\":[{\"@type\":\"ListItem\",\"position\":1,\"name\":\"Accueil\",\"item\":\"https:\\\/\\\/platyphoto.com\\\/\"},{\"@type\":\"ListItem\",\"position\":2,\"name\":\"Boutique\",\"item\":\"https:\\\/\\\/platyphoto.com\\\/boutique\\\/\"},{\"@type\":\"ListItem\",\"position\":3,\"name\":\"Minolta Dimage Xt 3.2 mpx\"}]},{\"@type\":\"WebSite\",\"@id\":\"https:\\\/\\\/platyphoto.com\\\/#website\",\"url\":\"https:\\\/\\\/platyphoto.com\\\/\",\"name\":\"Platyphoto\",\"description\":\"Appareils photos argentiques, objectifs et accessoires de qualit\u00e9.\",\"publisher\":{\"@id\":\"https:\\\/\\\/platyphoto.com\\\/#organization\"},\"potentialAction\":[{\"@type\":\"SearchAction\",\"target\":{\"@type\":\"EntryPoint\",\"urlTemplate\":\"https:\\\/\\\/platyphoto.com\\\/?s={search_term_string}\"},\"query-input\":{\"@type\":\"PropertyValueSpecification\",\"valueRequired\":true,\"valueName\":\"search_term_string\"}}],\"inLanguage\":\"en-US\"},{\"@type\":\"Organization\",\"@id\":\"https:\\\/\\\/platyphoto.com\\\/#organization\",\"name\":\"Platyphoto\",\"alternateName\":\"Platyphoto\",\"url\":\"https:\\\/\\\/platyphoto.com\\\/\",\"logo\":{\"@type\":\"ImageObject\",\"inLanguage\":\"en-US\",\"@id\":\"https:\\\/\\\/platyphoto.com\\\/#\\\/schema\\\/logo\\\/image\\\/\",\"url\":\"https:\\\/\\\/i0.wp.com\\\/platyphoto.com\\\/wp-content\\\/uploads\\\/2020\\\/11\\\/cropped-header.jpg?fit=1500%2C282&ssl=1\",\"contentUrl\":\"https:\\\/\\\/i0.wp.com\\\/platyphoto.com\\\/wp-content\\\/uploads\\\/2020\\\/11\\\/cropped-header.jpg?fit=1500%2C282&ssl=1\",\"width\":1500,\"height\":282,\"caption\":\"Platyphoto\"},\"image\":{\"@id\":\"https:\\\/\\\/platyphoto.com\\\/#\\\/schema\\\/logo\\\/image\\\/\"},\"sameAs\":[\"https:\\\/\\\/www.instagram.com\\\/platyphoto\\\/\"]}]}<\/script>\n<!-- \/ Yoast SEO plugin. -->","yoast_head_json":{"title":"Minolta Dimage Xt 3.2 mpx - Platyphoto","description":"Tr\u00e8s sympathique appareil num\u00e9rique Minolta Dimage Xt, compact et polyvalent, vendu avec chargeur officiel, notice et boite.","robots":{"index":"index","follow":"follow","max-snippet":"max-snippet:-1","max-image-preview":"max-image-preview:large","max-video-preview":"max-video-preview:-1"},"canonical":"https:\/\/platyphoto.com\/en\/product\/minolta-dimage-xt-3-2-mpx-2\/","og_locale":"en_US","og_type":"article","og_title":"Minolta Dimage Xt 3.2 mpx - Platyphoto","og_description":"Tr\u00e8s sympathique appareil num\u00e9rique Minolta Dimage Xt, compact et polyvalent, vendu avec chargeur officiel, notice et boite.","og_url":"https:\/\/platyphoto.com\/en\/product\/minolta-dimage-xt-3-2-mpx-2\/","og_site_name":"Platyphoto","article_modified_time":"2024-10-19T08:59:11+00:00","og_image":[{"width":1505,"height":1000,"url":"https:\/\/platyphoto.com\/wp-content\/uploads\/2023\/12\/Minolta-Dimage-XT.jpg","type":"image\/jpeg"}],"twitter_card":"summary_large_image","twitter_misc":{"Est. reading time":"1 minute"},"schema":{"@context":"https:\/\/schema.org","@graph":[{"@type":"WebPage","@id":"https:\/\/platyphoto.com\/produit\/minolta-dimage-xt-3-2-mpx-2\/","url":"https:\/\/platyphoto.com\/produit\/minolta-dimage-xt-3-2-mpx-2\/","name":"Minolta Dimage Xt 3.2 mpx - Platyphoto","isPartOf":{"@id":"https:\/\/platyphoto.com\/#website"},"primaryImageOfPage":{"@id":"https:\/\/platyphoto.com\/produit\/minolta-dimage-xt-3-2-mpx-2\/#primaryimage"},"image":{"@id":"https:\/\/platyphoto.com\/produit\/minolta-dimage-xt-3-2-mpx-2\/#primaryimage"},"thumbnailUrl":"https:\/\/i0.wp.com\/platyphoto.com\/wp-content\/uploads\/2023\/12\/Minolta-Dimage-XT.jpg?fit=1505%2C1000&ssl=1","datePublished":"2023-12-18T21:54:12+00:00","dateModified":"2024-10-19T08:59:11+00:00","description":"Tr\u00e8s sympathique appareil num\u00e9rique Minolta Dimage Xt, compact et polyvalent, vendu avec chargeur officiel, notice et boite.","breadcrumb":{"@id":"https:\/\/platyphoto.com\/produit\/minolta-dimage-xt-3-2-mpx-2\/#breadcrumb"},"inLanguage":"en-US","potentialAction":[{"@type":"ReadAction","target":["https:\/\/platyphoto.com\/produit\/minolta-dimage-xt-3-2-mpx-2\/"]}]},{"@type":"ImageObject","inLanguage":"en-US","@id":"https:\/\/platyphoto.com\/produit\/minolta-dimage-xt-3-2-mpx-2\/#primaryimage","url":"https:\/\/i0.wp.com\/platyphoto.com\/wp-content\/uploads\/2023\/12\/Minolta-Dimage-XT.jpg?fit=1505%2C1000&ssl=1","contentUrl":"https:\/\/i0.wp.com\/platyphoto.com\/wp-content\/uploads\/2023\/12\/Minolta-Dimage-XT.jpg?fit=1505%2C1000&ssl=1","width":1505,"height":1000,"caption":"Minolta Dimage Xt 3.2 mpx"},{"@type":"BreadcrumbList","@id":"https:\/\/platyphoto.com\/produit\/minolta-dimage-xt-3-2-mpx-2\/#breadcrumb","itemListElement":[{"@type":"ListItem","position":1,"name":"Accueil","item":"https:\/\/platyphoto.com\/"},{"@type":"ListItem","position":2,"name":"Boutique","item":"https:\/\/platyphoto.com\/boutique\/"},{"@type":"ListItem","position":3,"name":"Minolta Dimage Xt 3.2 mpx"}]},{"@type":"WebSite","@id":"https:\/\/platyphoto.com\/#website","url":"https:\/\/platyphoto.com\/","name":"Platyphoto","description":"Appareils photos argentiques, objectifs et accessoires de qualit\u00e9.","publisher":{"@id":"https:\/\/platyphoto.com\/#organization"},"potentialAction":[{"@type":"SearchAction","target":{"@type":"EntryPoint","urlTemplate":"https:\/\/platyphoto.com\/?s={search_term_string}"},"query-input":{"@type":"PropertyValueSpecification","valueRequired":true,"valueName":"search_term_string"}}],"inLanguage":"en-US"},{"@type":"Organization","@id":"https:\/\/platyphoto.com\/#organization","name":"Platyphoto","alternateName":"Platyphoto","url":"https:\/\/platyphoto.com\/","logo":{"@type":"ImageObject","inLanguage":"en-US","@id":"https:\/\/platyphoto.com\/#\/schema\/logo\/image\/","url":"https:\/\/i0.wp.com\/platyphoto.com\/wp-content\/uploads\/2020\/11\/cropped-header.jpg?fit=1500%2C282&ssl=1","contentUrl":"https:\/\/i0.wp.com\/platyphoto.com\/wp-content\/uploads\/2020\/11\/cropped-header.jpg?fit=1500%2C282&ssl=1","width":1500,"height":282,"caption":"Platyphoto"},"image":{"@id":"https:\/\/platyphoto.com\/#\/schema\/logo\/image\/"},"sameAs":["https:\/\/www.instagram.com\/platyphoto\/"]}]}},"jetpack_publicize_connections":[],"jetpack_likes_enabled":false,"jetpack_sharing_enabled":true,"_links":{"self":[{"href":"https:\/\/platyphoto.com\/en\/wp-json\/wp\/v2\/product\/10167","targetHints":{"allow":["GET"]}}],"collection":[{"href":"https:\/\/platyphoto.com\/en\/wp-json\/wp\/v2\/product"}],"about":[{"href":"https:\/\/platyphoto.com\/en\/wp-json\/wp\/v2\/types\/product"}],"wp:featuredmedia":[{"embeddable":true,"href":"https:\/\/platyphoto.com\/en\/wp-json\/wp\/v2\/media\/10170"}],"wp:attachment":[{"href":"https:\/\/platyphoto.com\/en\/wp-json\/wp\/v2\/media?parent=10167"}],"wp:term":[{"taxonomy":"product_brand","embeddable":true,"href":"https:\/\/platyphoto.com\/en\/wp-json\/wp\/v2\/product_brand?post=10167"},{"taxonomy":"product_cat","embeddable":true,"href":"https:\/\/platyphoto.com\/en\/wp-json\/wp\/v2\/product_cat?post=10167"},{"taxonomy":"product_tag","embeddable":true,"href":"https:\/\/platyphoto.com\/en\/wp-json\/wp\/v2\/product_tag?post=10167"}],"curies":[{"name":"wp","href":"https:\/\/api.w.org\/{rel}","templated":true}]}}