{"id":10534,"date":"2024-01-25T14:17:32","date_gmt":"2024-01-25T13:17:32","guid":{"rendered":"https:\/\/platyphoto.com\/?post_type=product&#038;p=10534"},"modified":"2025-04-10T07:05:56","modified_gmt":"2025-04-10T05:05:56","slug":"revise-cla-canon-canonet-ql19-45mm-f1-9-1965","status":"publish","type":"product","link":"https:\/\/platyphoto.com\/en\/product\/revise-cla-canon-canonet-ql19-45mm-f1-9-1965\/","title":{"rendered":"-REVISE CLA- Canon Canonet QL19 45mm F:1.9 (1965)"},"content":{"rendered":"<p><strong>Boitier<\/strong> : Canon Canonet QL19<\/p>\n<p><strong>Objectif (fixe)<\/strong> : 45mm F:1.9<\/p>\n<p><strong>Ann\u00e9e de production<\/strong> : A partir de 1965<\/p>\n<p><strong>Cellule<\/strong> : Oui<\/p>\n<p><strong>Batteries<\/strong> : 1 x type PX625 1.5v (initialement 1.35v mais appareil modifi\u00e9 pour \u00eatre utilis\u00e9 avec des piles modernes 1.5V)<\/p>\n<p><strong>Indice de raret\u00e9 :<\/strong> Courant<\/p>\n<p>Un classique dans le domaine, un cran au dessus par rapport au Canonet 28 que vous avez d\u00e9j\u00e0 crois\u00e9 de nombreuses fois sur la boutique. Dans un gabarit un peu plus gros, quelques grammes en plus, cet appareil t\u00e9l\u00e9m\u00e9trique nous propose un tout nouvel obturateur ( par rapport au 28 ), celui-ci est d\u00e9sormais enti\u00e8rement m\u00e9canique ( pas besoin de pile pour le faire fonctionner). La pile sert uniquement pour la cellule et le mode priorit\u00e9 diaphragme (la cellule est inactive en mode manuel).<\/p>\n<p>Une ouverture de diaphragme agrandie \u00e0 F:1.9 ainsi qu&rsquo;un iso max \u00e0 800 ( ce qui manquait cruellement sur les Canonet 28), vitesses de 1 seconde \u00e0 1\/500e, syst\u00e8me \u00ab\u00a0quick load\u00a0\u00bb de chargement de film permettant de charger plus facilement et plus rapidement une pellicule.<\/p>\n<p>Cet appareil fait partie de la version juste avant les \u00ab\u00a0New\u00a0\u00bb QL19, gabari un petit peu plus gros et syst\u00e8me de cellule diff\u00e9rent.<\/p>\n<p><strong>L\u2019appareil a \u00e9t\u00e9 enti\u00e8rement r\u00e9vis\u00e9 : <\/strong><\/p>\n<p>-Mousses chang\u00e9es<\/p>\n<p>-viseur nettoy\u00e9, ajout d&rsquo;un patch semi-transparent afin d&rsquo;augmenter le contraste du t\u00e9l\u00e9m\u00e8tre, lubrification syst\u00e8me telem\u00e8tre<\/p>\n<p>-lubrification vitesses &amp; retardateur<\/p>\n<p>-cellule convertie 1.5v<\/p>\n<p>-mise au point enti\u00e8rement d\u00e9mont\u00e9e, nettoy\u00e9e et lubrifi\u00e9e<\/p>\n<p>Attention de bien lire le mode d&#8217;emploi trouvable sur internet avant utilisation (exemple, \u00e0 800 iso, il faut appuyer sur un bouton pour acc\u00e9der aux vitesses en dessous de 1\/15e car la cellule est alors en dehors de ses plages, rien ne sert de forcer.) <strong>vendu sans pile<\/strong>.<\/p>\n<p>Garantie augment\u00e9e\u00a0 \u00e0 1 an.<\/p>\n<p><strong>Concernant l\u2019\u00e9tat :<\/strong><\/p>\n<p>Boitier : 8\/10, l\u00e9g\u00e8res traces d\u2019usages<\/p>\n<p>Optique : 8,5\/10, pr\u00e9sence de quelques micro poussi\u00e8res<\/p>\n<p>M\u00e9canique : 10\/10, appareil r\u00e9vis\u00e9, 100% fonctionnel.<\/p>","protected":false},"excerpt":{"rendered":"<p>Boitier : Canon Canonet QL19 Objectif (fixe) : 45mm F:1.9 Ann\u00e9e de production : A partir de 1965 Cellule : Oui Piles : 1 x type PX625 1.5v (initialement 1.35v mais appareil modifi\u00e9 pour \u00eatre utilis\u00e9 avec des piles modernes 1.5V) Indice de raret\u00e9 : Courant Un classique dans le domaine, un cran au dessus [&hellip;]<\/p>\n","protected":false},"featured_media":10538,"template":"","meta":{"_coblocks_attr":"","_coblocks_dimensions":"","_coblocks_responsive_height":"","_coblocks_accordion_ie_support":"","_crdt_document":"","jetpack_post_was_ever_published":false,"jetpack_publicize_message":"","jetpack_publicize_feature_enabled":true,"jetpack_social_post_already_shared":true,"jetpack_social_options":{"image_generator_settings":{"template":"highway","default_image_id":0,"font":"","enabled":false},"version":2},"_wpas_customize_per_network":false},"product_brand":[],"product_cat":[6550],"product_tag":[],"class_list":{"0":"post-10534","1":"product","2":"type-product","3":"status-publish","4":"has-post-thumbnail","6":"product_cat-hall-of-fame-2","8":"first","9":"outofstock","10":"shipping-taxable","11":"purchasable","12":"product-type-simple"},"yoast_head":"<!-- This site is optimized with the Yoast SEO plugin v27.3 - https:\/\/yoast.com\/product\/yoast-seo-wordpress\/ -->\n<title>-REVISE CLA- Canon Canonet QL19 45mm F:1.9 (1965) - Platyphoto<\/title>\n<meta name=\"description\" content=\"Appareil photo argentique Canon Canonet QL19 45mm F:1.9 (1965) enti\u00e8rement r\u00e9vis\u00e9 et garanti 1 an. Compagnon parfait pour faire des images de qualit\u00e9 !\" \/>\n<meta name=\"robots\" content=\"index, follow, max-snippet:-1, max-image-preview:large, max-video-preview:-1\" \/>\n<link rel=\"canonical\" href=\"https:\/\/platyphoto.com\/en\/product\/revise-cla-canon-canonet-ql19-45mm-f1-9-1965\/\" \/>\n<meta property=\"og:locale\" content=\"en_US\" \/>\n<meta property=\"og:type\" content=\"article\" \/>\n<meta property=\"og:title\" content=\"-REVISE CLA- Canon Canonet QL19 45mm F:1.9 (1965) - Platyphoto\" \/>\n<meta property=\"og:description\" content=\"Appareil photo argentique Canon Canonet QL19 45mm F:1.9 (1965) enti\u00e8rement r\u00e9vis\u00e9 et garanti 1 an. Compagnon parfait pour faire des images de qualit\u00e9 !\" \/>\n<meta property=\"og:url\" content=\"https:\/\/platyphoto.com\/en\/product\/revise-cla-canon-canonet-ql19-45mm-f1-9-1965\/\" \/>\n<meta property=\"og:site_name\" content=\"Platyphoto\" \/>\n<meta property=\"article:modified_time\" content=\"2025-04-10T05:05:56+00:00\" \/>\n<meta property=\"og:image\" content=\"https:\/\/platyphoto.com\/wp-content\/uploads\/2024\/01\/Canonet-QL19-old-2.jpg\" \/>\n\t<meta property=\"og:image:width\" content=\"1505\" \/>\n\t<meta property=\"og:image:height\" content=\"1000\" \/>\n\t<meta property=\"og:image:type\" content=\"image\/jpeg\" \/>\n<meta name=\"twitter:card\" content=\"summary_large_image\" \/>\n<meta name=\"twitter:label1\" content=\"Est. reading time\" \/>\n\t<meta name=\"twitter:data1\" content=\"2 minutes\" \/>\n<script type=\"application\/ld+json\" class=\"yoast-schema-graph\">{\"@context\":\"https:\\\/\\\/schema.org\",\"@graph\":[{\"@type\":\"WebPage\",\"@id\":\"https:\\\/\\\/platyphoto.com\\\/produit\\\/revise-cla-canon-canonet-ql19-45mm-f1-9-1965\\\/\",\"url\":\"https:\\\/\\\/platyphoto.com\\\/produit\\\/revise-cla-canon-canonet-ql19-45mm-f1-9-1965\\\/\",\"name\":\"-REVISE CLA- Canon Canonet QL19 45mm F:1.9 (1965) - Platyphoto\",\"isPartOf\":{\"@id\":\"https:\\\/\\\/platyphoto.com\\\/#website\"},\"primaryImageOfPage\":{\"@id\":\"https:\\\/\\\/platyphoto.com\\\/produit\\\/revise-cla-canon-canonet-ql19-45mm-f1-9-1965\\\/#primaryimage\"},\"image\":{\"@id\":\"https:\\\/\\\/platyphoto.com\\\/produit\\\/revise-cla-canon-canonet-ql19-45mm-f1-9-1965\\\/#primaryimage\"},\"thumbnailUrl\":\"https:\\\/\\\/i0.wp.com\\\/platyphoto.com\\\/wp-content\\\/uploads\\\/2024\\\/01\\\/Canonet-QL19-old-2.jpg?fit=1505%2C1000&ssl=1\",\"datePublished\":\"2024-01-25T13:17:32+00:00\",\"dateModified\":\"2025-04-10T05:05:56+00:00\",\"description\":\"Appareil photo argentique Canon Canonet QL19 45mm F:1.9 (1965) enti\u00e8rement r\u00e9vis\u00e9 et garanti 1 an. Compagnon parfait pour faire des images de qualit\u00e9 !\",\"breadcrumb\":{\"@id\":\"https:\\\/\\\/platyphoto.com\\\/produit\\\/revise-cla-canon-canonet-ql19-45mm-f1-9-1965\\\/#breadcrumb\"},\"inLanguage\":\"en-US\",\"potentialAction\":[{\"@type\":\"ReadAction\",\"target\":[\"https:\\\/\\\/platyphoto.com\\\/produit\\\/revise-cla-canon-canonet-ql19-45mm-f1-9-1965\\\/\"]}]},{\"@type\":\"ImageObject\",\"inLanguage\":\"en-US\",\"@id\":\"https:\\\/\\\/platyphoto.com\\\/produit\\\/revise-cla-canon-canonet-ql19-45mm-f1-9-1965\\\/#primaryimage\",\"url\":\"https:\\\/\\\/i0.wp.com\\\/platyphoto.com\\\/wp-content\\\/uploads\\\/2024\\\/01\\\/Canonet-QL19-old-2.jpg?fit=1505%2C1000&ssl=1\",\"contentUrl\":\"https:\\\/\\\/i0.wp.com\\\/platyphoto.com\\\/wp-content\\\/uploads\\\/2024\\\/01\\\/Canonet-QL19-old-2.jpg?fit=1505%2C1000&ssl=1\",\"width\":1505,\"height\":1000,\"caption\":\"-REVISE CLA- Canon Canonet QL19 45mm F:1.9 (1965)\"},{\"@type\":\"BreadcrumbList\",\"@id\":\"https:\\\/\\\/platyphoto.com\\\/produit\\\/revise-cla-canon-canonet-ql19-45mm-f1-9-1965\\\/#breadcrumb\",\"itemListElement\":[{\"@type\":\"ListItem\",\"position\":1,\"name\":\"Accueil\",\"item\":\"https:\\\/\\\/platyphoto.com\\\/\"},{\"@type\":\"ListItem\",\"position\":2,\"name\":\"Boutique\",\"item\":\"https:\\\/\\\/platyphoto.com\\\/boutique\\\/\"},{\"@type\":\"ListItem\",\"position\":3,\"name\":\"-REVISE CLA- Canon Canonet QL19 45mm F:1.9 (1965)\"}]},{\"@type\":\"WebSite\",\"@id\":\"https:\\\/\\\/platyphoto.com\\\/#website\",\"url\":\"https:\\\/\\\/platyphoto.com\\\/\",\"name\":\"Platyphoto\",\"description\":\"Appareils photos argentiques, objectifs et accessoires de qualit\u00e9.\",\"publisher\":{\"@id\":\"https:\\\/\\\/platyphoto.com\\\/#organization\"},\"potentialAction\":[{\"@type\":\"SearchAction\",\"target\":{\"@type\":\"EntryPoint\",\"urlTemplate\":\"https:\\\/\\\/platyphoto.com\\\/?s={search_term_string}\"},\"query-input\":{\"@type\":\"PropertyValueSpecification\",\"valueRequired\":true,\"valueName\":\"search_term_string\"}}],\"inLanguage\":\"en-US\"},{\"@type\":\"Organization\",\"@id\":\"https:\\\/\\\/platyphoto.com\\\/#organization\",\"name\":\"Platyphoto\",\"alternateName\":\"Platyphoto\",\"url\":\"https:\\\/\\\/platyphoto.com\\\/\",\"logo\":{\"@type\":\"ImageObject\",\"inLanguage\":\"en-US\",\"@id\":\"https:\\\/\\\/platyphoto.com\\\/#\\\/schema\\\/logo\\\/image\\\/\",\"url\":\"https:\\\/\\\/i0.wp.com\\\/platyphoto.com\\\/wp-content\\\/uploads\\\/2020\\\/11\\\/cropped-header.jpg?fit=1500%2C282&ssl=1\",\"contentUrl\":\"https:\\\/\\\/i0.wp.com\\\/platyphoto.com\\\/wp-content\\\/uploads\\\/2020\\\/11\\\/cropped-header.jpg?fit=1500%2C282&ssl=1\",\"width\":1500,\"height\":282,\"caption\":\"Platyphoto\"},\"image\":{\"@id\":\"https:\\\/\\\/platyphoto.com\\\/#\\\/schema\\\/logo\\\/image\\\/\"},\"sameAs\":[\"https:\\\/\\\/www.instagram.com\\\/platyphoto\\\/\"]}]}<\/script>\n<!-- \/ Yoast SEO plugin. -->","yoast_head_json":{"title":"-REVISE CLA- Canon Canonet QL19 45mm F:1.9 (1965) - Platyphoto","description":"Appareil photo argentique Canon Canonet QL19 45mm F:1.9 (1965) enti\u00e8rement r\u00e9vis\u00e9 et garanti 1 an. Compagnon parfait pour faire des images de qualit\u00e9 !","robots":{"index":"index","follow":"follow","max-snippet":"max-snippet:-1","max-image-preview":"max-image-preview:large","max-video-preview":"max-video-preview:-1"},"canonical":"https:\/\/platyphoto.com\/en\/product\/revise-cla-canon-canonet-ql19-45mm-f1-9-1965\/","og_locale":"en_US","og_type":"article","og_title":"-REVISE CLA- Canon Canonet QL19 45mm F:1.9 (1965) - Platyphoto","og_description":"Appareil photo argentique Canon Canonet QL19 45mm F:1.9 (1965) enti\u00e8rement r\u00e9vis\u00e9 et garanti 1 an. Compagnon parfait pour faire des images de qualit\u00e9 !","og_url":"https:\/\/platyphoto.com\/en\/product\/revise-cla-canon-canonet-ql19-45mm-f1-9-1965\/","og_site_name":"Platyphoto","article_modified_time":"2025-04-10T05:05:56+00:00","og_image":[{"width":1505,"height":1000,"url":"https:\/\/platyphoto.com\/wp-content\/uploads\/2024\/01\/Canonet-QL19-old-2.jpg","type":"image\/jpeg"}],"twitter_card":"summary_large_image","twitter_misc":{"Est. reading time":"2 minutes"},"schema":{"@context":"https:\/\/schema.org","@graph":[{"@type":"WebPage","@id":"https:\/\/platyphoto.com\/produit\/revise-cla-canon-canonet-ql19-45mm-f1-9-1965\/","url":"https:\/\/platyphoto.com\/produit\/revise-cla-canon-canonet-ql19-45mm-f1-9-1965\/","name":"-REVISE CLA- Canon Canonet QL19 45mm F:1.9 (1965) - Platyphoto","isPartOf":{"@id":"https:\/\/platyphoto.com\/#website"},"primaryImageOfPage":{"@id":"https:\/\/platyphoto.com\/produit\/revise-cla-canon-canonet-ql19-45mm-f1-9-1965\/#primaryimage"},"image":{"@id":"https:\/\/platyphoto.com\/produit\/revise-cla-canon-canonet-ql19-45mm-f1-9-1965\/#primaryimage"},"thumbnailUrl":"https:\/\/i0.wp.com\/platyphoto.com\/wp-content\/uploads\/2024\/01\/Canonet-QL19-old-2.jpg?fit=1505%2C1000&ssl=1","datePublished":"2024-01-25T13:17:32+00:00","dateModified":"2025-04-10T05:05:56+00:00","description":"Appareil photo argentique Canon Canonet QL19 45mm F:1.9 (1965) enti\u00e8rement r\u00e9vis\u00e9 et garanti 1 an. Compagnon parfait pour faire des images de qualit\u00e9 !","breadcrumb":{"@id":"https:\/\/platyphoto.com\/produit\/revise-cla-canon-canonet-ql19-45mm-f1-9-1965\/#breadcrumb"},"inLanguage":"en-US","potentialAction":[{"@type":"ReadAction","target":["https:\/\/platyphoto.com\/produit\/revise-cla-canon-canonet-ql19-45mm-f1-9-1965\/"]}]},{"@type":"ImageObject","inLanguage":"en-US","@id":"https:\/\/platyphoto.com\/produit\/revise-cla-canon-canonet-ql19-45mm-f1-9-1965\/#primaryimage","url":"https:\/\/i0.wp.com\/platyphoto.com\/wp-content\/uploads\/2024\/01\/Canonet-QL19-old-2.jpg?fit=1505%2C1000&ssl=1","contentUrl":"https:\/\/i0.wp.com\/platyphoto.com\/wp-content\/uploads\/2024\/01\/Canonet-QL19-old-2.jpg?fit=1505%2C1000&ssl=1","width":1505,"height":1000,"caption":"-REVISE CLA- Canon Canonet QL19 45mm F:1.9 (1965)"},{"@type":"BreadcrumbList","@id":"https:\/\/platyphoto.com\/produit\/revise-cla-canon-canonet-ql19-45mm-f1-9-1965\/#breadcrumb","itemListElement":[{"@type":"ListItem","position":1,"name":"Accueil","item":"https:\/\/platyphoto.com\/"},{"@type":"ListItem","position":2,"name":"Boutique","item":"https:\/\/platyphoto.com\/boutique\/"},{"@type":"ListItem","position":3,"name":"-REVISE CLA- Canon Canonet QL19 45mm F:1.9 (1965)"}]},{"@type":"WebSite","@id":"https:\/\/platyphoto.com\/#website","url":"https:\/\/platyphoto.com\/","name":"Platyphoto","description":"Appareils photos argentiques, objectifs et accessoires de qualit\u00e9.","publisher":{"@id":"https:\/\/platyphoto.com\/#organization"},"potentialAction":[{"@type":"SearchAction","target":{"@type":"EntryPoint","urlTemplate":"https:\/\/platyphoto.com\/?s={search_term_string}"},"query-input":{"@type":"PropertyValueSpecification","valueRequired":true,"valueName":"search_term_string"}}],"inLanguage":"en-US"},{"@type":"Organization","@id":"https:\/\/platyphoto.com\/#organization","name":"Platyphoto","alternateName":"Platyphoto","url":"https:\/\/platyphoto.com\/","logo":{"@type":"ImageObject","inLanguage":"en-US","@id":"https:\/\/platyphoto.com\/#\/schema\/logo\/image\/","url":"https:\/\/i0.wp.com\/platyphoto.com\/wp-content\/uploads\/2020\/11\/cropped-header.jpg?fit=1500%2C282&ssl=1","contentUrl":"https:\/\/i0.wp.com\/platyphoto.com\/wp-content\/uploads\/2020\/11\/cropped-header.jpg?fit=1500%2C282&ssl=1","width":1500,"height":282,"caption":"Platyphoto"},"image":{"@id":"https:\/\/platyphoto.com\/#\/schema\/logo\/image\/"},"sameAs":["https:\/\/www.instagram.com\/platyphoto\/"]}]}},"jetpack_publicize_connections":[],"jetpack_likes_enabled":false,"jetpack_sharing_enabled":true,"_links":{"self":[{"href":"https:\/\/platyphoto.com\/en\/wp-json\/wp\/v2\/product\/10534","targetHints":{"allow":["GET"]}}],"collection":[{"href":"https:\/\/platyphoto.com\/en\/wp-json\/wp\/v2\/product"}],"about":[{"href":"https:\/\/platyphoto.com\/en\/wp-json\/wp\/v2\/types\/product"}],"wp:featuredmedia":[{"embeddable":true,"href":"https:\/\/platyphoto.com\/en\/wp-json\/wp\/v2\/media\/10538"}],"wp:attachment":[{"href":"https:\/\/platyphoto.com\/en\/wp-json\/wp\/v2\/media?parent=10534"}],"wp:term":[{"taxonomy":"product_brand","embeddable":true,"href":"https:\/\/platyphoto.com\/en\/wp-json\/wp\/v2\/product_brand?post=10534"},{"taxonomy":"product_cat","embeddable":true,"href":"https:\/\/platyphoto.com\/en\/wp-json\/wp\/v2\/product_cat?post=10534"},{"taxonomy":"product_tag","embeddable":true,"href":"https:\/\/platyphoto.com\/en\/wp-json\/wp\/v2\/product_tag?post=10534"}],"curies":[{"name":"wp","href":"https:\/\/api.w.org\/{rel}","templated":true}]}}