{"id":10838,"date":"2024-02-28T08:32:56","date_gmt":"2024-02-28T07:32:56","guid":{"rendered":"https:\/\/platyphoto.com\/?post_type=product&#038;p=10838"},"modified":"2024-03-01T08:12:45","modified_gmt":"2024-03-01T07:12:45","slug":"izumar-55mm-filtre-1a","status":"publish","type":"product","link":"https:\/\/platyphoto.com\/en\/product\/izumar-55mm-filtre-1a\/","title":{"rendered":"IZUMAR 55mm filtre 1A"},"content":{"rendered":"<p><span style=\"font-size: large;\"><span style=\"font-family: Arial;\">IZUMAR 55mm filtre 1A, parfait pour prot\u00e9ger votre lentilles des rayures et poussi\u00e8res ! <span style=\"font-size: small;\">Son utilisation est conseill\u00e9e par beau temps afin de r\u00e9duire le voile atmosph\u00e9rique sur l\u2019horizon ainsi que la dominante bleut\u00e9e qui peut apparaitre sur des photos de bord de mer ou de montagne.Ce filtre IZUMAR est particuli\u00e8rement utile en noir et blanc. <\/span><br \/>\n<\/span><\/span><\/p>\n<div><span style=\"font-size: large;\"><span style=\"font-family: Arial;\">Bon \u00e9tat g\u00e9n\u00e9ral, avec boite.<br \/>\n<\/span><\/span><\/div>","protected":false},"excerpt":{"rendered":"<p>IZUMAR 55mm filtre 1A, parfait pour prot\u00e9ger votre lentilles des rayures et poussi\u00e8res ! Son utilisation est conseill\u00e9e par beau temps afin de r\u00e9duire le voile atmosph\u00e9rique sur l\u2019horizon ainsi que la dominante bleut\u00e9e qui peut apparaitre sur des photos de bord de mer ou de montagne.Ce filtre IZUMAR est particuli\u00e8rement utile en noir et [&hellip;]<\/p>\n","protected":false},"featured_media":10840,"template":"","meta":{"_coblocks_attr":"","_coblocks_dimensions":"","_coblocks_responsive_height":"","_coblocks_accordion_ie_support":"","_crdt_document":"","jetpack_post_was_ever_published":false,"jetpack_publicize_message":"","jetpack_publicize_feature_enabled":true,"jetpack_social_post_already_shared":true,"jetpack_social_options":{"image_generator_settings":{"template":"highway","default_image_id":0,"font":"","enabled":false},"version":2},"_wpas_customize_per_network":false},"product_brand":[],"product_cat":[6680,6376,6531],"product_tag":[],"class_list":{"0":"post-10838","1":"product","2":"type-product","3":"status-publish","4":"has-post-thumbnail","6":"product_cat-55mm","7":"product_cat-accessoires-fr","8":"product_cat-filtres","10":"first","11":"instock","12":"shipping-taxable","13":"purchasable","14":"product-type-simple"},"yoast_head":"<!-- This site is optimized with the Yoast SEO plugin v27.3 - https:\/\/yoast.com\/product\/yoast-seo-wordpress\/ -->\n<title>IZUMAR 55mm filtre 1A - Platyphoto<\/title>\n<meta name=\"description\" content=\"IZUMAR 55mm filtre 1A, parfait pour prot\u00e9ger votre lentilles des rayures et poussi\u00e8res ! Bon \u00e9tat g\u00e9n\u00e9ral, avec boite. Pour appareil photo argentique ou num\u00e9rique.\" \/>\n<meta name=\"robots\" content=\"index, follow, max-snippet:-1, max-image-preview:large, max-video-preview:-1\" \/>\n<link rel=\"canonical\" href=\"https:\/\/platyphoto.com\/en\/product\/izumar-55mm-filtre-1a\/\" \/>\n<meta property=\"og:locale\" content=\"en_US\" \/>\n<meta property=\"og:type\" content=\"article\" \/>\n<meta property=\"og:title\" content=\"IZUMAR 55mm filtre 1A - Platyphoto\" \/>\n<meta property=\"og:description\" content=\"IZUMAR 55mm filtre 1A, parfait pour prot\u00e9ger votre lentilles des rayures et poussi\u00e8res ! Bon \u00e9tat g\u00e9n\u00e9ral, avec boite. Pour appareil photo argentique ou num\u00e9rique.\" \/>\n<meta property=\"og:url\" content=\"https:\/\/platyphoto.com\/en\/product\/izumar-55mm-filtre-1a\/\" \/>\n<meta property=\"og:site_name\" content=\"Platyphoto\" \/>\n<meta property=\"article:modified_time\" content=\"2024-03-01T07:12:45+00:00\" \/>\n<meta property=\"og:image\" content=\"https:\/\/platyphoto.com\/wp-content\/uploads\/2024\/02\/Izumar-55mm-1A.jpg\" \/>\n\t<meta property=\"og:image:width\" content=\"1505\" \/>\n\t<meta property=\"og:image:height\" content=\"1000\" \/>\n\t<meta property=\"og:image:type\" content=\"image\/jpeg\" \/>\n<meta name=\"twitter:card\" content=\"summary_large_image\" \/>\n<meta name=\"twitter:label1\" content=\"Est. reading time\" \/>\n\t<meta name=\"twitter:data1\" content=\"1 minute\" \/>\n<script type=\"application\/ld+json\" class=\"yoast-schema-graph\">{\"@context\":\"https:\\\/\\\/schema.org\",\"@graph\":[{\"@type\":\"WebPage\",\"@id\":\"https:\\\/\\\/platyphoto.com\\\/produit\\\/izumar-55mm-filtre-1a\\\/\",\"url\":\"https:\\\/\\\/platyphoto.com\\\/produit\\\/izumar-55mm-filtre-1a\\\/\",\"name\":\"IZUMAR 55mm filtre 1A - Platyphoto\",\"isPartOf\":{\"@id\":\"https:\\\/\\\/platyphoto.com\\\/#website\"},\"primaryImageOfPage\":{\"@id\":\"https:\\\/\\\/platyphoto.com\\\/produit\\\/izumar-55mm-filtre-1a\\\/#primaryimage\"},\"image\":{\"@id\":\"https:\\\/\\\/platyphoto.com\\\/produit\\\/izumar-55mm-filtre-1a\\\/#primaryimage\"},\"thumbnailUrl\":\"https:\\\/\\\/i0.wp.com\\\/platyphoto.com\\\/wp-content\\\/uploads\\\/2024\\\/02\\\/Izumar-55mm-1A.jpg?fit=1505%2C1000&ssl=1\",\"datePublished\":\"2024-02-28T07:32:56+00:00\",\"dateModified\":\"2024-03-01T07:12:45+00:00\",\"description\":\"IZUMAR 55mm filtre 1A, parfait pour prot\u00e9ger votre lentilles des rayures et poussi\u00e8res ! Bon \u00e9tat g\u00e9n\u00e9ral, avec boite. Pour appareil photo argentique ou num\u00e9rique.\",\"breadcrumb\":{\"@id\":\"https:\\\/\\\/platyphoto.com\\\/produit\\\/izumar-55mm-filtre-1a\\\/#breadcrumb\"},\"inLanguage\":\"en-US\",\"potentialAction\":[{\"@type\":\"ReadAction\",\"target\":[\"https:\\\/\\\/platyphoto.com\\\/produit\\\/izumar-55mm-filtre-1a\\\/\"]}]},{\"@type\":\"ImageObject\",\"inLanguage\":\"en-US\",\"@id\":\"https:\\\/\\\/platyphoto.com\\\/produit\\\/izumar-55mm-filtre-1a\\\/#primaryimage\",\"url\":\"https:\\\/\\\/i0.wp.com\\\/platyphoto.com\\\/wp-content\\\/uploads\\\/2024\\\/02\\\/Izumar-55mm-1A.jpg?fit=1505%2C1000&ssl=1\",\"contentUrl\":\"https:\\\/\\\/i0.wp.com\\\/platyphoto.com\\\/wp-content\\\/uploads\\\/2024\\\/02\\\/Izumar-55mm-1A.jpg?fit=1505%2C1000&ssl=1\",\"width\":1505,\"height\":1000,\"caption\":\"IZUMAR 55mm filtre 1A\"},{\"@type\":\"BreadcrumbList\",\"@id\":\"https:\\\/\\\/platyphoto.com\\\/produit\\\/izumar-55mm-filtre-1a\\\/#breadcrumb\",\"itemListElement\":[{\"@type\":\"ListItem\",\"position\":1,\"name\":\"Accueil\",\"item\":\"https:\\\/\\\/platyphoto.com\\\/\"},{\"@type\":\"ListItem\",\"position\":2,\"name\":\"Boutique\",\"item\":\"https:\\\/\\\/platyphoto.com\\\/boutique\\\/\"},{\"@type\":\"ListItem\",\"position\":3,\"name\":\"IZUMAR 55mm filtre 1A\"}]},{\"@type\":\"WebSite\",\"@id\":\"https:\\\/\\\/platyphoto.com\\\/#website\",\"url\":\"https:\\\/\\\/platyphoto.com\\\/\",\"name\":\"Platyphoto\",\"description\":\"Appareils photos argentiques, objectifs et accessoires de qualit\u00e9.\",\"publisher\":{\"@id\":\"https:\\\/\\\/platyphoto.com\\\/#organization\"},\"potentialAction\":[{\"@type\":\"SearchAction\",\"target\":{\"@type\":\"EntryPoint\",\"urlTemplate\":\"https:\\\/\\\/platyphoto.com\\\/?s={search_term_string}\"},\"query-input\":{\"@type\":\"PropertyValueSpecification\",\"valueRequired\":true,\"valueName\":\"search_term_string\"}}],\"inLanguage\":\"en-US\"},{\"@type\":\"Organization\",\"@id\":\"https:\\\/\\\/platyphoto.com\\\/#organization\",\"name\":\"Platyphoto\",\"alternateName\":\"Platyphoto\",\"url\":\"https:\\\/\\\/platyphoto.com\\\/\",\"logo\":{\"@type\":\"ImageObject\",\"inLanguage\":\"en-US\",\"@id\":\"https:\\\/\\\/platyphoto.com\\\/#\\\/schema\\\/logo\\\/image\\\/\",\"url\":\"https:\\\/\\\/i0.wp.com\\\/platyphoto.com\\\/wp-content\\\/uploads\\\/2020\\\/11\\\/cropped-header.jpg?fit=1500%2C282&ssl=1\",\"contentUrl\":\"https:\\\/\\\/i0.wp.com\\\/platyphoto.com\\\/wp-content\\\/uploads\\\/2020\\\/11\\\/cropped-header.jpg?fit=1500%2C282&ssl=1\",\"width\":1500,\"height\":282,\"caption\":\"Platyphoto\"},\"image\":{\"@id\":\"https:\\\/\\\/platyphoto.com\\\/#\\\/schema\\\/logo\\\/image\\\/\"},\"sameAs\":[\"https:\\\/\\\/www.instagram.com\\\/platyphoto\\\/\"]}]}<\/script>\n<!-- \/ Yoast SEO plugin. -->","yoast_head_json":{"title":"IZUMAR 55mm filtre 1A - Platyphoto","description":"IZUMAR 55mm filtre 1A, parfait pour prot\u00e9ger votre lentilles des rayures et poussi\u00e8res ! Bon \u00e9tat g\u00e9n\u00e9ral, avec boite. Pour appareil photo argentique ou num\u00e9rique.","robots":{"index":"index","follow":"follow","max-snippet":"max-snippet:-1","max-image-preview":"max-image-preview:large","max-video-preview":"max-video-preview:-1"},"canonical":"https:\/\/platyphoto.com\/en\/product\/izumar-55mm-filtre-1a\/","og_locale":"en_US","og_type":"article","og_title":"IZUMAR 55mm filtre 1A - Platyphoto","og_description":"IZUMAR 55mm filtre 1A, parfait pour prot\u00e9ger votre lentilles des rayures et poussi\u00e8res ! Bon \u00e9tat g\u00e9n\u00e9ral, avec boite. Pour appareil photo argentique ou num\u00e9rique.","og_url":"https:\/\/platyphoto.com\/en\/product\/izumar-55mm-filtre-1a\/","og_site_name":"Platyphoto","article_modified_time":"2024-03-01T07:12:45+00:00","og_image":[{"width":1505,"height":1000,"url":"https:\/\/platyphoto.com\/wp-content\/uploads\/2024\/02\/Izumar-55mm-1A.jpg","type":"image\/jpeg"}],"twitter_card":"summary_large_image","twitter_misc":{"Est. reading time":"1 minute"},"schema":{"@context":"https:\/\/schema.org","@graph":[{"@type":"WebPage","@id":"https:\/\/platyphoto.com\/produit\/izumar-55mm-filtre-1a\/","url":"https:\/\/platyphoto.com\/produit\/izumar-55mm-filtre-1a\/","name":"IZUMAR 55mm filtre 1A - Platyphoto","isPartOf":{"@id":"https:\/\/platyphoto.com\/#website"},"primaryImageOfPage":{"@id":"https:\/\/platyphoto.com\/produit\/izumar-55mm-filtre-1a\/#primaryimage"},"image":{"@id":"https:\/\/platyphoto.com\/produit\/izumar-55mm-filtre-1a\/#primaryimage"},"thumbnailUrl":"https:\/\/i0.wp.com\/platyphoto.com\/wp-content\/uploads\/2024\/02\/Izumar-55mm-1A.jpg?fit=1505%2C1000&ssl=1","datePublished":"2024-02-28T07:32:56+00:00","dateModified":"2024-03-01T07:12:45+00:00","description":"IZUMAR 55mm filtre 1A, parfait pour prot\u00e9ger votre lentilles des rayures et poussi\u00e8res ! Bon \u00e9tat g\u00e9n\u00e9ral, avec boite. Pour appareil photo argentique ou num\u00e9rique.","breadcrumb":{"@id":"https:\/\/platyphoto.com\/produit\/izumar-55mm-filtre-1a\/#breadcrumb"},"inLanguage":"en-US","potentialAction":[{"@type":"ReadAction","target":["https:\/\/platyphoto.com\/produit\/izumar-55mm-filtre-1a\/"]}]},{"@type":"ImageObject","inLanguage":"en-US","@id":"https:\/\/platyphoto.com\/produit\/izumar-55mm-filtre-1a\/#primaryimage","url":"https:\/\/i0.wp.com\/platyphoto.com\/wp-content\/uploads\/2024\/02\/Izumar-55mm-1A.jpg?fit=1505%2C1000&ssl=1","contentUrl":"https:\/\/i0.wp.com\/platyphoto.com\/wp-content\/uploads\/2024\/02\/Izumar-55mm-1A.jpg?fit=1505%2C1000&ssl=1","width":1505,"height":1000,"caption":"IZUMAR 55mm filtre 1A"},{"@type":"BreadcrumbList","@id":"https:\/\/platyphoto.com\/produit\/izumar-55mm-filtre-1a\/#breadcrumb","itemListElement":[{"@type":"ListItem","position":1,"name":"Accueil","item":"https:\/\/platyphoto.com\/"},{"@type":"ListItem","position":2,"name":"Boutique","item":"https:\/\/platyphoto.com\/boutique\/"},{"@type":"ListItem","position":3,"name":"IZUMAR 55mm filtre 1A"}]},{"@type":"WebSite","@id":"https:\/\/platyphoto.com\/#website","url":"https:\/\/platyphoto.com\/","name":"Platyphoto","description":"Appareils photos argentiques, objectifs et accessoires de qualit\u00e9.","publisher":{"@id":"https:\/\/platyphoto.com\/#organization"},"potentialAction":[{"@type":"SearchAction","target":{"@type":"EntryPoint","urlTemplate":"https:\/\/platyphoto.com\/?s={search_term_string}"},"query-input":{"@type":"PropertyValueSpecification","valueRequired":true,"valueName":"search_term_string"}}],"inLanguage":"en-US"},{"@type":"Organization","@id":"https:\/\/platyphoto.com\/#organization","name":"Platyphoto","alternateName":"Platyphoto","url":"https:\/\/platyphoto.com\/","logo":{"@type":"ImageObject","inLanguage":"en-US","@id":"https:\/\/platyphoto.com\/#\/schema\/logo\/image\/","url":"https:\/\/i0.wp.com\/platyphoto.com\/wp-content\/uploads\/2020\/11\/cropped-header.jpg?fit=1500%2C282&ssl=1","contentUrl":"https:\/\/i0.wp.com\/platyphoto.com\/wp-content\/uploads\/2020\/11\/cropped-header.jpg?fit=1500%2C282&ssl=1","width":1500,"height":282,"caption":"Platyphoto"},"image":{"@id":"https:\/\/platyphoto.com\/#\/schema\/logo\/image\/"},"sameAs":["https:\/\/www.instagram.com\/platyphoto\/"]}]}},"jetpack_publicize_connections":[],"jetpack_likes_enabled":false,"jetpack_sharing_enabled":true,"_links":{"self":[{"href":"https:\/\/platyphoto.com\/en\/wp-json\/wp\/v2\/product\/10838","targetHints":{"allow":["GET"]}}],"collection":[{"href":"https:\/\/platyphoto.com\/en\/wp-json\/wp\/v2\/product"}],"about":[{"href":"https:\/\/platyphoto.com\/en\/wp-json\/wp\/v2\/types\/product"}],"wp:featuredmedia":[{"embeddable":true,"href":"https:\/\/platyphoto.com\/en\/wp-json\/wp\/v2\/media\/10840"}],"wp:attachment":[{"href":"https:\/\/platyphoto.com\/en\/wp-json\/wp\/v2\/media?parent=10838"}],"wp:term":[{"taxonomy":"product_brand","embeddable":true,"href":"https:\/\/platyphoto.com\/en\/wp-json\/wp\/v2\/product_brand?post=10838"},{"taxonomy":"product_cat","embeddable":true,"href":"https:\/\/platyphoto.com\/en\/wp-json\/wp\/v2\/product_cat?post=10838"},{"taxonomy":"product_tag","embeddable":true,"href":"https:\/\/platyphoto.com\/en\/wp-json\/wp\/v2\/product_tag?post=10838"}],"curies":[{"name":"wp","href":"https:\/\/api.w.org\/{rel}","templated":true}]}}