{"id":10881,"date":"2024-03-01T08:26:46","date_gmt":"2024-03-01T07:26:46","guid":{"rendered":"https:\/\/platyphoto.com\/?post_type=product&#038;p=10881"},"modified":"2024-09-21T12:35:40","modified_gmt":"2024-09-21T10:35:40","slug":"hoya-52mm-filtre-fl-day","status":"publish","type":"product","link":"https:\/\/platyphoto.com\/en\/product\/hoya-52mm-filtre-fl-day\/","title":{"rendered":"HOYA 52mm filtre FL-DAY"},"content":{"rendered":"<p><span style=\"font-size: large;\"><span style=\"font-family: Arial;\">HOYA 52mm filtre FL-DAY, le filtre FLD est un filtre de conversion Lumi\u00e8re fluorescente &#8211; Lumi\u00e8re du jour (FLD). Il s\u2019agit d\u2019un filtre de correction de la balance des blancs. Vous pouvez l\u2019utiliser pour corriger la balance des blancs \u00e0 la lumi\u00e8re du jour lorsque des lumi\u00e8res fluorescentes illuminent la sc\u00e8ne. Ces lumi\u00e8res fluorescentes cr\u00e9ent un ton verd\u00e2tre sur l\u2019image.<br \/>\n<\/span><\/span><\/p>\n<div><span style=\"font-size: large;\"><span style=\"font-family: Arial;\">Bon \u00e9tat g\u00e9n\u00e9ral, avec boite.<br \/>\n<\/span><\/span><\/div>","protected":false},"excerpt":{"rendered":"<p>HOYA 52mm filtre FL-DAY, le filtre FLD est un filtre de conversion Lumi\u00e8re fluorescente &#8211; Lumi\u00e8re du jour (FLD). Il s\u2019agit d\u2019un filtre de correction de la balance des blancs. Vous pouvez l\u2019utiliser pour corriger la balance des blancs \u00e0 la lumi\u00e8re du jour lorsque des lumi\u00e8res fluorescentes illuminent la sc\u00e8ne. Ces lumi\u00e8res fluorescentes cr\u00e9ent [&hellip;]<\/p>\n","protected":false},"featured_media":10883,"template":"","meta":{"_coblocks_attr":"","_coblocks_dimensions":"","_coblocks_responsive_height":"","_coblocks_accordion_ie_support":"","_crdt_document":"","jetpack_post_was_ever_published":false,"jetpack_publicize_message":"","jetpack_publicize_feature_enabled":true,"jetpack_social_post_already_shared":true,"jetpack_social_options":{"image_generator_settings":{"template":"highway","default_image_id":0,"font":"","enabled":false},"version":2},"_wpas_customize_per_network":false},"product_brand":[],"product_cat":[6683,6376,6531],"product_tag":[],"class_list":{"0":"post-10881","1":"product","2":"type-product","3":"status-publish","4":"has-post-thumbnail","6":"product_cat-52mm","7":"product_cat-accessoires-fr","8":"product_cat-filtres","10":"first","11":"outofstock","12":"shipping-taxable","13":"purchasable","14":"product-type-simple"},"yoast_head":"<!-- This site is optimized with the Yoast SEO plugin v27.3 - https:\/\/yoast.com\/product\/yoast-seo-wordpress\/ -->\n<title>HOYA 52mm filtre FL-DAY - Platyphoto<\/title>\n<meta name=\"description\" content=\"HOYA 52mm filtre FL-DAY, le filtre FLD pour appareil photo argentique ou num\u00e9rique est un filtre de conversion Lumi\u00e8re fluorescente - Lumi\u00e8re du jour (FLD). Il s\u2019agit d\u2019un filtre de correction de la balance des blancs.\" \/>\n<meta name=\"robots\" content=\"index, follow, max-snippet:-1, max-image-preview:large, max-video-preview:-1\" \/>\n<link rel=\"canonical\" href=\"https:\/\/platyphoto.com\/en\/product\/hoya-52mm-filtre-fl-day\/\" \/>\n<meta property=\"og:locale\" content=\"en_US\" \/>\n<meta property=\"og:type\" content=\"article\" \/>\n<meta property=\"og:title\" content=\"HOYA 52mm filtre FL-DAY - Platyphoto\" \/>\n<meta property=\"og:description\" content=\"HOYA 52mm filtre FL-DAY, le filtre FLD pour appareil photo argentique ou num\u00e9rique est un filtre de conversion Lumi\u00e8re fluorescente - Lumi\u00e8re du jour (FLD). Il s\u2019agit d\u2019un filtre de correction de la balance des blancs.\" \/>\n<meta property=\"og:url\" content=\"https:\/\/platyphoto.com\/en\/product\/hoya-52mm-filtre-fl-day\/\" \/>\n<meta property=\"og:site_name\" content=\"Platyphoto\" \/>\n<meta property=\"article:modified_time\" content=\"2024-09-21T10:35:40+00:00\" \/>\n<meta property=\"og:image\" content=\"https:\/\/platyphoto.com\/wp-content\/uploads\/2024\/03\/HOYA-52mm-filtre-FL-DAY.jpg\" \/>\n\t<meta property=\"og:image:width\" content=\"1505\" \/>\n\t<meta property=\"og:image:height\" content=\"1000\" \/>\n\t<meta property=\"og:image:type\" content=\"image\/jpeg\" \/>\n<meta name=\"twitter:card\" content=\"summary_large_image\" \/>\n<meta name=\"twitter:label1\" content=\"Est. reading time\" \/>\n\t<meta name=\"twitter:data1\" content=\"1 minute\" \/>\n<script type=\"application\/ld+json\" class=\"yoast-schema-graph\">{\"@context\":\"https:\\\/\\\/schema.org\",\"@graph\":[{\"@type\":\"WebPage\",\"@id\":\"https:\\\/\\\/platyphoto.com\\\/produit\\\/hoya-52mm-filtre-fl-day\\\/\",\"url\":\"https:\\\/\\\/platyphoto.com\\\/produit\\\/hoya-52mm-filtre-fl-day\\\/\",\"name\":\"HOYA 52mm filtre FL-DAY - Platyphoto\",\"isPartOf\":{\"@id\":\"https:\\\/\\\/platyphoto.com\\\/#website\"},\"primaryImageOfPage\":{\"@id\":\"https:\\\/\\\/platyphoto.com\\\/produit\\\/hoya-52mm-filtre-fl-day\\\/#primaryimage\"},\"image\":{\"@id\":\"https:\\\/\\\/platyphoto.com\\\/produit\\\/hoya-52mm-filtre-fl-day\\\/#primaryimage\"},\"thumbnailUrl\":\"https:\\\/\\\/i0.wp.com\\\/platyphoto.com\\\/wp-content\\\/uploads\\\/2024\\\/03\\\/HOYA-52mm-filtre-FL-DAY.jpg?fit=1505%2C1000&ssl=1\",\"datePublished\":\"2024-03-01T07:26:46+00:00\",\"dateModified\":\"2024-09-21T10:35:40+00:00\",\"description\":\"HOYA 52mm filtre FL-DAY, le filtre FLD pour appareil photo argentique ou num\u00e9rique est un filtre de conversion Lumi\u00e8re fluorescente - Lumi\u00e8re du jour (FLD). Il s\u2019agit d\u2019un filtre de correction de la balance des blancs.\",\"breadcrumb\":{\"@id\":\"https:\\\/\\\/platyphoto.com\\\/produit\\\/hoya-52mm-filtre-fl-day\\\/#breadcrumb\"},\"inLanguage\":\"en-US\",\"potentialAction\":[{\"@type\":\"ReadAction\",\"target\":[\"https:\\\/\\\/platyphoto.com\\\/produit\\\/hoya-52mm-filtre-fl-day\\\/\"]}]},{\"@type\":\"ImageObject\",\"inLanguage\":\"en-US\",\"@id\":\"https:\\\/\\\/platyphoto.com\\\/produit\\\/hoya-52mm-filtre-fl-day\\\/#primaryimage\",\"url\":\"https:\\\/\\\/i0.wp.com\\\/platyphoto.com\\\/wp-content\\\/uploads\\\/2024\\\/03\\\/HOYA-52mm-filtre-FL-DAY.jpg?fit=1505%2C1000&ssl=1\",\"contentUrl\":\"https:\\\/\\\/i0.wp.com\\\/platyphoto.com\\\/wp-content\\\/uploads\\\/2024\\\/03\\\/HOYA-52mm-filtre-FL-DAY.jpg?fit=1505%2C1000&ssl=1\",\"width\":1505,\"height\":1000,\"caption\":\"HOYA 52mm filtre FL-DAY\"},{\"@type\":\"BreadcrumbList\",\"@id\":\"https:\\\/\\\/platyphoto.com\\\/produit\\\/hoya-52mm-filtre-fl-day\\\/#breadcrumb\",\"itemListElement\":[{\"@type\":\"ListItem\",\"position\":1,\"name\":\"Accueil\",\"item\":\"https:\\\/\\\/platyphoto.com\\\/\"},{\"@type\":\"ListItem\",\"position\":2,\"name\":\"Boutique\",\"item\":\"https:\\\/\\\/platyphoto.com\\\/boutique\\\/\"},{\"@type\":\"ListItem\",\"position\":3,\"name\":\"HOYA 52mm filtre FL-DAY\"}]},{\"@type\":\"WebSite\",\"@id\":\"https:\\\/\\\/platyphoto.com\\\/#website\",\"url\":\"https:\\\/\\\/platyphoto.com\\\/\",\"name\":\"Platyphoto\",\"description\":\"Appareils photos argentiques, objectifs et accessoires de qualit\u00e9.\",\"publisher\":{\"@id\":\"https:\\\/\\\/platyphoto.com\\\/#organization\"},\"potentialAction\":[{\"@type\":\"SearchAction\",\"target\":{\"@type\":\"EntryPoint\",\"urlTemplate\":\"https:\\\/\\\/platyphoto.com\\\/?s={search_term_string}\"},\"query-input\":{\"@type\":\"PropertyValueSpecification\",\"valueRequired\":true,\"valueName\":\"search_term_string\"}}],\"inLanguage\":\"en-US\"},{\"@type\":\"Organization\",\"@id\":\"https:\\\/\\\/platyphoto.com\\\/#organization\",\"name\":\"Platyphoto\",\"alternateName\":\"Platyphoto\",\"url\":\"https:\\\/\\\/platyphoto.com\\\/\",\"logo\":{\"@type\":\"ImageObject\",\"inLanguage\":\"en-US\",\"@id\":\"https:\\\/\\\/platyphoto.com\\\/#\\\/schema\\\/logo\\\/image\\\/\",\"url\":\"https:\\\/\\\/i0.wp.com\\\/platyphoto.com\\\/wp-content\\\/uploads\\\/2020\\\/11\\\/cropped-header.jpg?fit=1500%2C282&ssl=1\",\"contentUrl\":\"https:\\\/\\\/i0.wp.com\\\/platyphoto.com\\\/wp-content\\\/uploads\\\/2020\\\/11\\\/cropped-header.jpg?fit=1500%2C282&ssl=1\",\"width\":1500,\"height\":282,\"caption\":\"Platyphoto\"},\"image\":{\"@id\":\"https:\\\/\\\/platyphoto.com\\\/#\\\/schema\\\/logo\\\/image\\\/\"},\"sameAs\":[\"https:\\\/\\\/www.instagram.com\\\/platyphoto\\\/\"]}]}<\/script>\n<!-- \/ Yoast SEO plugin. -->","yoast_head_json":{"title":"HOYA 52mm filtre FL-DAY - Platyphoto","description":"HOYA 52mm filtre FL-DAY, le filtre FLD pour appareil photo argentique ou num\u00e9rique est un filtre de conversion Lumi\u00e8re fluorescente - Lumi\u00e8re du jour (FLD). Il s\u2019agit d\u2019un filtre de correction de la balance des blancs.","robots":{"index":"index","follow":"follow","max-snippet":"max-snippet:-1","max-image-preview":"max-image-preview:large","max-video-preview":"max-video-preview:-1"},"canonical":"https:\/\/platyphoto.com\/en\/product\/hoya-52mm-filtre-fl-day\/","og_locale":"en_US","og_type":"article","og_title":"HOYA 52mm filtre FL-DAY - Platyphoto","og_description":"HOYA 52mm filtre FL-DAY, le filtre FLD pour appareil photo argentique ou num\u00e9rique est un filtre de conversion Lumi\u00e8re fluorescente - Lumi\u00e8re du jour (FLD). Il s\u2019agit d\u2019un filtre de correction de la balance des blancs.","og_url":"https:\/\/platyphoto.com\/en\/product\/hoya-52mm-filtre-fl-day\/","og_site_name":"Platyphoto","article_modified_time":"2024-09-21T10:35:40+00:00","og_image":[{"width":1505,"height":1000,"url":"https:\/\/platyphoto.com\/wp-content\/uploads\/2024\/03\/HOYA-52mm-filtre-FL-DAY.jpg","type":"image\/jpeg"}],"twitter_card":"summary_large_image","twitter_misc":{"Est. reading time":"1 minute"},"schema":{"@context":"https:\/\/schema.org","@graph":[{"@type":"WebPage","@id":"https:\/\/platyphoto.com\/produit\/hoya-52mm-filtre-fl-day\/","url":"https:\/\/platyphoto.com\/produit\/hoya-52mm-filtre-fl-day\/","name":"HOYA 52mm filtre FL-DAY - Platyphoto","isPartOf":{"@id":"https:\/\/platyphoto.com\/#website"},"primaryImageOfPage":{"@id":"https:\/\/platyphoto.com\/produit\/hoya-52mm-filtre-fl-day\/#primaryimage"},"image":{"@id":"https:\/\/platyphoto.com\/produit\/hoya-52mm-filtre-fl-day\/#primaryimage"},"thumbnailUrl":"https:\/\/i0.wp.com\/platyphoto.com\/wp-content\/uploads\/2024\/03\/HOYA-52mm-filtre-FL-DAY.jpg?fit=1505%2C1000&ssl=1","datePublished":"2024-03-01T07:26:46+00:00","dateModified":"2024-09-21T10:35:40+00:00","description":"HOYA 52mm filtre FL-DAY, le filtre FLD pour appareil photo argentique ou num\u00e9rique est un filtre de conversion Lumi\u00e8re fluorescente - Lumi\u00e8re du jour (FLD). Il s\u2019agit d\u2019un filtre de correction de la balance des blancs.","breadcrumb":{"@id":"https:\/\/platyphoto.com\/produit\/hoya-52mm-filtre-fl-day\/#breadcrumb"},"inLanguage":"en-US","potentialAction":[{"@type":"ReadAction","target":["https:\/\/platyphoto.com\/produit\/hoya-52mm-filtre-fl-day\/"]}]},{"@type":"ImageObject","inLanguage":"en-US","@id":"https:\/\/platyphoto.com\/produit\/hoya-52mm-filtre-fl-day\/#primaryimage","url":"https:\/\/i0.wp.com\/platyphoto.com\/wp-content\/uploads\/2024\/03\/HOYA-52mm-filtre-FL-DAY.jpg?fit=1505%2C1000&ssl=1","contentUrl":"https:\/\/i0.wp.com\/platyphoto.com\/wp-content\/uploads\/2024\/03\/HOYA-52mm-filtre-FL-DAY.jpg?fit=1505%2C1000&ssl=1","width":1505,"height":1000,"caption":"HOYA 52mm filtre FL-DAY"},{"@type":"BreadcrumbList","@id":"https:\/\/platyphoto.com\/produit\/hoya-52mm-filtre-fl-day\/#breadcrumb","itemListElement":[{"@type":"ListItem","position":1,"name":"Accueil","item":"https:\/\/platyphoto.com\/"},{"@type":"ListItem","position":2,"name":"Boutique","item":"https:\/\/platyphoto.com\/boutique\/"},{"@type":"ListItem","position":3,"name":"HOYA 52mm filtre FL-DAY"}]},{"@type":"WebSite","@id":"https:\/\/platyphoto.com\/#website","url":"https:\/\/platyphoto.com\/","name":"Platyphoto","description":"Appareils photos argentiques, objectifs et accessoires de qualit\u00e9.","publisher":{"@id":"https:\/\/platyphoto.com\/#organization"},"potentialAction":[{"@type":"SearchAction","target":{"@type":"EntryPoint","urlTemplate":"https:\/\/platyphoto.com\/?s={search_term_string}"},"query-input":{"@type":"PropertyValueSpecification","valueRequired":true,"valueName":"search_term_string"}}],"inLanguage":"en-US"},{"@type":"Organization","@id":"https:\/\/platyphoto.com\/#organization","name":"Platyphoto","alternateName":"Platyphoto","url":"https:\/\/platyphoto.com\/","logo":{"@type":"ImageObject","inLanguage":"en-US","@id":"https:\/\/platyphoto.com\/#\/schema\/logo\/image\/","url":"https:\/\/i0.wp.com\/platyphoto.com\/wp-content\/uploads\/2020\/11\/cropped-header.jpg?fit=1500%2C282&ssl=1","contentUrl":"https:\/\/i0.wp.com\/platyphoto.com\/wp-content\/uploads\/2020\/11\/cropped-header.jpg?fit=1500%2C282&ssl=1","width":1500,"height":282,"caption":"Platyphoto"},"image":{"@id":"https:\/\/platyphoto.com\/#\/schema\/logo\/image\/"},"sameAs":["https:\/\/www.instagram.com\/platyphoto\/"]}]}},"jetpack_publicize_connections":[],"jetpack_likes_enabled":false,"jetpack_sharing_enabled":true,"_links":{"self":[{"href":"https:\/\/platyphoto.com\/en\/wp-json\/wp\/v2\/product\/10881","targetHints":{"allow":["GET"]}}],"collection":[{"href":"https:\/\/platyphoto.com\/en\/wp-json\/wp\/v2\/product"}],"about":[{"href":"https:\/\/platyphoto.com\/en\/wp-json\/wp\/v2\/types\/product"}],"wp:featuredmedia":[{"embeddable":true,"href":"https:\/\/platyphoto.com\/en\/wp-json\/wp\/v2\/media\/10883"}],"wp:attachment":[{"href":"https:\/\/platyphoto.com\/en\/wp-json\/wp\/v2\/media?parent=10881"}],"wp:term":[{"taxonomy":"product_brand","embeddable":true,"href":"https:\/\/platyphoto.com\/en\/wp-json\/wp\/v2\/product_brand?post=10881"},{"taxonomy":"product_cat","embeddable":true,"href":"https:\/\/platyphoto.com\/en\/wp-json\/wp\/v2\/product_cat?post=10881"},{"taxonomy":"product_tag","embeddable":true,"href":"https:\/\/platyphoto.com\/en\/wp-json\/wp\/v2\/product_tag?post=10881"}],"curies":[{"name":"wp","href":"https:\/\/api.w.org\/{rel}","templated":true}]}}