{"id":11749,"date":"2024-05-27T21:55:13","date_gmt":"2024-05-27T19:55:13","guid":{"rendered":"https:\/\/platyphoto.com\/?post_type=product&#038;p=11749"},"modified":"2024-12-13T18:07:53","modified_gmt":"2024-12-13T17:07:53","slug":"m42-helios-44m-4-58mm-f2-1986","status":"publish","type":"product","link":"https:\/\/platyphoto.com\/en\/product\/m42-helios-44m-4-58mm-f2-1986\/","title":{"rendered":"M42 Helios 44M-4 58mm F:2 1986"},"content":{"rendered":"<p><strong>Marque<\/strong> : Helios<\/p>\n<p><strong>Mod\u00e8le<\/strong> : 44M-4 58mm F:2 1986<\/p>\n<p><strong>Monture :<\/strong> M42<\/p>\n<div id=\"ds_div\">Un classique ! Appr\u00e9ci\u00e9 par les portraitistes pour son bokeh tournant caract\u00e9ristique, cet exemplaire est en bel \u00e9tat, lentilles propres sans champignons, quelques tr\u00e8s l\u00e9g\u00e8res micro poussi\u00e8res pr\u00e9sentes, quelques tr\u00e8s l\u00e9g\u00e8res micro rayures sur la lentille frontale, sans incidence sur la qualit\u00e9 des images. Mod\u00e8le de 1986<\/div>\n<div><\/div>\n<p>Vendu avec bouchons.<\/p>\n<p><strong>Concernant l\u2019\u00e9tat :<\/strong><\/p>\n<p>Exterieur : 9\/10, traces d\u2019usages<\/p>\n<p>Optique : 8,5\/10, pr\u00e9sence de quelques micro poussi\u00e8res<\/p>\n<p>M\u00e9canique : 10\/10, 100% fonctionnel, mise au point fluide et agr\u00e9able, enti\u00e8rement r\u00e9vis\u00e9, mise au point nettoy\u00e9e, graiss\u00e9e, maintenant fluide et agr\u00e9able.<\/p>\n<p>Garanti 1 an !<\/p>","protected":false},"excerpt":{"rendered":"<p>Marque : Helios Mod\u00e8le : 44M-4 58mm F:2 1986 Monture : M42 Un classique ! Appr\u00e9ci\u00e9 par les portraitistes pour son bokeh tournant caract\u00e9ristique, cet exemplaire est en bel \u00e9tat, lentilles propres sans champignons, quelques tr\u00e8s l\u00e9g\u00e8res micro poussi\u00e8res pr\u00e9sentes, quelques tr\u00e8s l\u00e9g\u00e8res micro rayures sur la lentille frontale, sans incidence sur la qualit\u00e9 des [&hellip;]<\/p>\n","protected":false},"featured_media":11754,"template":"","meta":{"_coblocks_attr":"","_coblocks_dimensions":"","_coblocks_responsive_height":"","_coblocks_accordion_ie_support":"","_crdt_document":"","jetpack_post_was_ever_published":false,"jetpack_publicize_message":"","jetpack_publicize_feature_enabled":true,"jetpack_social_post_already_shared":true,"jetpack_social_options":{"image_generator_settings":{"template":"highway","default_image_id":0,"font":"","enabled":false},"version":2},"_wpas_customize_per_network":false},"product_brand":[],"product_cat":[6367,6366],"product_tag":[],"class_list":{"0":"post-11749","1":"product","2":"type-product","3":"status-publish","4":"has-post-thumbnail","6":"product_cat-m42","7":"product_cat-objectifs","9":"first","10":"outofstock","11":"shipping-taxable","12":"purchasable","13":"product-type-simple"},"yoast_head":"<!-- This site is optimized with the Yoast SEO plugin v27.3 - https:\/\/yoast.com\/product\/yoast-seo-wordpress\/ -->\n<title>M42 Helios 44M-4 58mm F:2 1986 - Platyphoto<\/title>\n<meta name=\"description\" content=\"M42 Helios 44M-4 58mm F:2 1986, Appr\u00e9ci\u00e9 par les portraitistes pour son bokeh tournant caract\u00e9ristique, cet exemplaire est en tr\u00e8s bel \u00e9tat, lentilles propres sans champignons\" \/>\n<meta name=\"robots\" content=\"index, follow, max-snippet:-1, max-image-preview:large, max-video-preview:-1\" \/>\n<link rel=\"canonical\" href=\"https:\/\/platyphoto.com\/en\/product\/m42-helios-44m-4-58mm-f2-1986\/\" \/>\n<meta property=\"og:locale\" content=\"en_US\" \/>\n<meta property=\"og:type\" content=\"article\" \/>\n<meta property=\"og:title\" content=\"M42 Helios 44M-4 58mm F:2 1986 - Platyphoto\" \/>\n<meta property=\"og:description\" content=\"M42 Helios 44M-4 58mm F:2 1986, Appr\u00e9ci\u00e9 par les portraitistes pour son bokeh tournant caract\u00e9ristique, cet exemplaire est en tr\u00e8s bel \u00e9tat, lentilles propres sans champignons\" \/>\n<meta property=\"og:url\" content=\"https:\/\/platyphoto.com\/en\/product\/m42-helios-44m-4-58mm-f2-1986\/\" \/>\n<meta property=\"og:site_name\" content=\"Platyphoto\" \/>\n<meta property=\"article:modified_time\" content=\"2024-12-13T17:07:53+00:00\" \/>\n<meta property=\"og:image\" content=\"https:\/\/platyphoto.com\/wp-content\/uploads\/2024\/05\/Helios-44M-4.jpg\" \/>\n\t<meta property=\"og:image:width\" content=\"1505\" \/>\n\t<meta property=\"og:image:height\" content=\"1000\" \/>\n\t<meta property=\"og:image:type\" content=\"image\/jpeg\" \/>\n<meta name=\"twitter:card\" content=\"summary_large_image\" \/>\n<meta name=\"twitter:label1\" content=\"Est. reading time\" \/>\n\t<meta name=\"twitter:data1\" content=\"1 minute\" \/>\n<script type=\"application\/ld+json\" class=\"yoast-schema-graph\">{\"@context\":\"https:\\\/\\\/schema.org\",\"@graph\":[{\"@type\":\"WebPage\",\"@id\":\"https:\\\/\\\/platyphoto.com\\\/produit\\\/m42-helios-44m-4-58mm-f2-1986\\\/\",\"url\":\"https:\\\/\\\/platyphoto.com\\\/produit\\\/m42-helios-44m-4-58mm-f2-1986\\\/\",\"name\":\"M42 Helios 44M-4 58mm F:2 1986 - Platyphoto\",\"isPartOf\":{\"@id\":\"https:\\\/\\\/platyphoto.com\\\/#website\"},\"primaryImageOfPage\":{\"@id\":\"https:\\\/\\\/platyphoto.com\\\/produit\\\/m42-helios-44m-4-58mm-f2-1986\\\/#primaryimage\"},\"image\":{\"@id\":\"https:\\\/\\\/platyphoto.com\\\/produit\\\/m42-helios-44m-4-58mm-f2-1986\\\/#primaryimage\"},\"thumbnailUrl\":\"https:\\\/\\\/i0.wp.com\\\/platyphoto.com\\\/wp-content\\\/uploads\\\/2024\\\/05\\\/Helios-44M-4.jpg?fit=1505%2C1000&ssl=1\",\"datePublished\":\"2024-05-27T19:55:13+00:00\",\"dateModified\":\"2024-12-13T17:07:53+00:00\",\"description\":\"M42 Helios 44M-4 58mm F:2 1986, Appr\u00e9ci\u00e9 par les portraitistes pour son bokeh tournant caract\u00e9ristique, cet exemplaire est en tr\u00e8s bel \u00e9tat, lentilles propres sans champignons\",\"breadcrumb\":{\"@id\":\"https:\\\/\\\/platyphoto.com\\\/produit\\\/m42-helios-44m-4-58mm-f2-1986\\\/#breadcrumb\"},\"inLanguage\":\"en-US\",\"potentialAction\":[{\"@type\":\"ReadAction\",\"target\":[\"https:\\\/\\\/platyphoto.com\\\/produit\\\/m42-helios-44m-4-58mm-f2-1986\\\/\"]}]},{\"@type\":\"ImageObject\",\"inLanguage\":\"en-US\",\"@id\":\"https:\\\/\\\/platyphoto.com\\\/produit\\\/m42-helios-44m-4-58mm-f2-1986\\\/#primaryimage\",\"url\":\"https:\\\/\\\/i0.wp.com\\\/platyphoto.com\\\/wp-content\\\/uploads\\\/2024\\\/05\\\/Helios-44M-4.jpg?fit=1505%2C1000&ssl=1\",\"contentUrl\":\"https:\\\/\\\/i0.wp.com\\\/platyphoto.com\\\/wp-content\\\/uploads\\\/2024\\\/05\\\/Helios-44M-4.jpg?fit=1505%2C1000&ssl=1\",\"width\":1505,\"height\":1000,\"caption\":\"M42 Helios 44M-4 58mm F:2 1986\"},{\"@type\":\"BreadcrumbList\",\"@id\":\"https:\\\/\\\/platyphoto.com\\\/produit\\\/m42-helios-44m-4-58mm-f2-1986\\\/#breadcrumb\",\"itemListElement\":[{\"@type\":\"ListItem\",\"position\":1,\"name\":\"Accueil\",\"item\":\"https:\\\/\\\/platyphoto.com\\\/\"},{\"@type\":\"ListItem\",\"position\":2,\"name\":\"Boutique\",\"item\":\"https:\\\/\\\/platyphoto.com\\\/boutique\\\/\"},{\"@type\":\"ListItem\",\"position\":3,\"name\":\"M42 Helios 44M-4 58mm F:2 1986\"}]},{\"@type\":\"WebSite\",\"@id\":\"https:\\\/\\\/platyphoto.com\\\/#website\",\"url\":\"https:\\\/\\\/platyphoto.com\\\/\",\"name\":\"Platyphoto\",\"description\":\"Appareils photos argentiques, objectifs et accessoires de qualit\u00e9.\",\"publisher\":{\"@id\":\"https:\\\/\\\/platyphoto.com\\\/#organization\"},\"potentialAction\":[{\"@type\":\"SearchAction\",\"target\":{\"@type\":\"EntryPoint\",\"urlTemplate\":\"https:\\\/\\\/platyphoto.com\\\/?s={search_term_string}\"},\"query-input\":{\"@type\":\"PropertyValueSpecification\",\"valueRequired\":true,\"valueName\":\"search_term_string\"}}],\"inLanguage\":\"en-US\"},{\"@type\":\"Organization\",\"@id\":\"https:\\\/\\\/platyphoto.com\\\/#organization\",\"name\":\"Platyphoto\",\"alternateName\":\"Platyphoto\",\"url\":\"https:\\\/\\\/platyphoto.com\\\/\",\"logo\":{\"@type\":\"ImageObject\",\"inLanguage\":\"en-US\",\"@id\":\"https:\\\/\\\/platyphoto.com\\\/#\\\/schema\\\/logo\\\/image\\\/\",\"url\":\"https:\\\/\\\/i0.wp.com\\\/platyphoto.com\\\/wp-content\\\/uploads\\\/2020\\\/11\\\/cropped-header.jpg?fit=1500%2C282&ssl=1\",\"contentUrl\":\"https:\\\/\\\/i0.wp.com\\\/platyphoto.com\\\/wp-content\\\/uploads\\\/2020\\\/11\\\/cropped-header.jpg?fit=1500%2C282&ssl=1\",\"width\":1500,\"height\":282,\"caption\":\"Platyphoto\"},\"image\":{\"@id\":\"https:\\\/\\\/platyphoto.com\\\/#\\\/schema\\\/logo\\\/image\\\/\"},\"sameAs\":[\"https:\\\/\\\/www.instagram.com\\\/platyphoto\\\/\"]}]}<\/script>\n<!-- \/ Yoast SEO plugin. -->","yoast_head_json":{"title":"M42 Helios 44M-4 58mm F:2 1986 - Platyphoto","description":"M42 Helios 44M-4 58mm F:2 1986, Appr\u00e9ci\u00e9 par les portraitistes pour son bokeh tournant caract\u00e9ristique, cet exemplaire est en tr\u00e8s bel \u00e9tat, lentilles propres sans champignons","robots":{"index":"index","follow":"follow","max-snippet":"max-snippet:-1","max-image-preview":"max-image-preview:large","max-video-preview":"max-video-preview:-1"},"canonical":"https:\/\/platyphoto.com\/en\/product\/m42-helios-44m-4-58mm-f2-1986\/","og_locale":"en_US","og_type":"article","og_title":"M42 Helios 44M-4 58mm F:2 1986 - Platyphoto","og_description":"M42 Helios 44M-4 58mm F:2 1986, Appr\u00e9ci\u00e9 par les portraitistes pour son bokeh tournant caract\u00e9ristique, cet exemplaire est en tr\u00e8s bel \u00e9tat, lentilles propres sans champignons","og_url":"https:\/\/platyphoto.com\/en\/product\/m42-helios-44m-4-58mm-f2-1986\/","og_site_name":"Platyphoto","article_modified_time":"2024-12-13T17:07:53+00:00","og_image":[{"width":1505,"height":1000,"url":"https:\/\/platyphoto.com\/wp-content\/uploads\/2024\/05\/Helios-44M-4.jpg","type":"image\/jpeg"}],"twitter_card":"summary_large_image","twitter_misc":{"Est. reading time":"1 minute"},"schema":{"@context":"https:\/\/schema.org","@graph":[{"@type":"WebPage","@id":"https:\/\/platyphoto.com\/produit\/m42-helios-44m-4-58mm-f2-1986\/","url":"https:\/\/platyphoto.com\/produit\/m42-helios-44m-4-58mm-f2-1986\/","name":"M42 Helios 44M-4 58mm F:2 1986 - Platyphoto","isPartOf":{"@id":"https:\/\/platyphoto.com\/#website"},"primaryImageOfPage":{"@id":"https:\/\/platyphoto.com\/produit\/m42-helios-44m-4-58mm-f2-1986\/#primaryimage"},"image":{"@id":"https:\/\/platyphoto.com\/produit\/m42-helios-44m-4-58mm-f2-1986\/#primaryimage"},"thumbnailUrl":"https:\/\/i0.wp.com\/platyphoto.com\/wp-content\/uploads\/2024\/05\/Helios-44M-4.jpg?fit=1505%2C1000&ssl=1","datePublished":"2024-05-27T19:55:13+00:00","dateModified":"2024-12-13T17:07:53+00:00","description":"M42 Helios 44M-4 58mm F:2 1986, Appr\u00e9ci\u00e9 par les portraitistes pour son bokeh tournant caract\u00e9ristique, cet exemplaire est en tr\u00e8s bel \u00e9tat, lentilles propres sans champignons","breadcrumb":{"@id":"https:\/\/platyphoto.com\/produit\/m42-helios-44m-4-58mm-f2-1986\/#breadcrumb"},"inLanguage":"en-US","potentialAction":[{"@type":"ReadAction","target":["https:\/\/platyphoto.com\/produit\/m42-helios-44m-4-58mm-f2-1986\/"]}]},{"@type":"ImageObject","inLanguage":"en-US","@id":"https:\/\/platyphoto.com\/produit\/m42-helios-44m-4-58mm-f2-1986\/#primaryimage","url":"https:\/\/i0.wp.com\/platyphoto.com\/wp-content\/uploads\/2024\/05\/Helios-44M-4.jpg?fit=1505%2C1000&ssl=1","contentUrl":"https:\/\/i0.wp.com\/platyphoto.com\/wp-content\/uploads\/2024\/05\/Helios-44M-4.jpg?fit=1505%2C1000&ssl=1","width":1505,"height":1000,"caption":"M42 Helios 44M-4 58mm F:2 1986"},{"@type":"BreadcrumbList","@id":"https:\/\/platyphoto.com\/produit\/m42-helios-44m-4-58mm-f2-1986\/#breadcrumb","itemListElement":[{"@type":"ListItem","position":1,"name":"Accueil","item":"https:\/\/platyphoto.com\/"},{"@type":"ListItem","position":2,"name":"Boutique","item":"https:\/\/platyphoto.com\/boutique\/"},{"@type":"ListItem","position":3,"name":"M42 Helios 44M-4 58mm F:2 1986"}]},{"@type":"WebSite","@id":"https:\/\/platyphoto.com\/#website","url":"https:\/\/platyphoto.com\/","name":"Platyphoto","description":"Appareils photos argentiques, objectifs et accessoires de qualit\u00e9.","publisher":{"@id":"https:\/\/platyphoto.com\/#organization"},"potentialAction":[{"@type":"SearchAction","target":{"@type":"EntryPoint","urlTemplate":"https:\/\/platyphoto.com\/?s={search_term_string}"},"query-input":{"@type":"PropertyValueSpecification","valueRequired":true,"valueName":"search_term_string"}}],"inLanguage":"en-US"},{"@type":"Organization","@id":"https:\/\/platyphoto.com\/#organization","name":"Platyphoto","alternateName":"Platyphoto","url":"https:\/\/platyphoto.com\/","logo":{"@type":"ImageObject","inLanguage":"en-US","@id":"https:\/\/platyphoto.com\/#\/schema\/logo\/image\/","url":"https:\/\/i0.wp.com\/platyphoto.com\/wp-content\/uploads\/2020\/11\/cropped-header.jpg?fit=1500%2C282&ssl=1","contentUrl":"https:\/\/i0.wp.com\/platyphoto.com\/wp-content\/uploads\/2020\/11\/cropped-header.jpg?fit=1500%2C282&ssl=1","width":1500,"height":282,"caption":"Platyphoto"},"image":{"@id":"https:\/\/platyphoto.com\/#\/schema\/logo\/image\/"},"sameAs":["https:\/\/www.instagram.com\/platyphoto\/"]}]}},"jetpack_publicize_connections":[],"jetpack_likes_enabled":false,"jetpack_sharing_enabled":true,"_links":{"self":[{"href":"https:\/\/platyphoto.com\/en\/wp-json\/wp\/v2\/product\/11749","targetHints":{"allow":["GET"]}}],"collection":[{"href":"https:\/\/platyphoto.com\/en\/wp-json\/wp\/v2\/product"}],"about":[{"href":"https:\/\/platyphoto.com\/en\/wp-json\/wp\/v2\/types\/product"}],"wp:featuredmedia":[{"embeddable":true,"href":"https:\/\/platyphoto.com\/en\/wp-json\/wp\/v2\/media\/11754"}],"wp:attachment":[{"href":"https:\/\/platyphoto.com\/en\/wp-json\/wp\/v2\/media?parent=11749"}],"wp:term":[{"taxonomy":"product_brand","embeddable":true,"href":"https:\/\/platyphoto.com\/en\/wp-json\/wp\/v2\/product_brand?post=11749"},{"taxonomy":"product_cat","embeddable":true,"href":"https:\/\/platyphoto.com\/en\/wp-json\/wp\/v2\/product_cat?post=11749"},{"taxonomy":"product_tag","embeddable":true,"href":"https:\/\/platyphoto.com\/en\/wp-json\/wp\/v2\/product_tag?post=11749"}],"curies":[{"name":"wp","href":"https:\/\/api.w.org\/{rel}","templated":true}]}}