{"id":12348,"date":"2024-07-23T10:25:59","date_gmt":"2024-07-23T08:25:59","guid":{"rendered":"https:\/\/platyphoto.com\/?post_type=product&#038;p=12348"},"modified":"2024-12-29T20:01:53","modified_gmt":"2024-12-29T19:01:53","slug":"m42-auto-tamron-135mm-f2-8","status":"publish","type":"product","link":"https:\/\/platyphoto.com\/en\/product\/m42-auto-tamron-135mm-f2-8\/","title":{"rendered":"M42- Auto Tamron 135mm F:2.8"},"content":{"rendered":"<p><strong>Marque<\/strong> : Tamron<\/p>\n<p><strong>Mod\u00e8le<\/strong> : 135mm F:2.8<\/p>\n<p><strong>Monture :<\/strong> M42<\/p>\n<p>T\u00e9l\u00e9objectif en monture M42 100% fonctionnel, mise au point ok, l\u00e9g\u00e8rement ferme, diaphragme ok.<\/p>\n<p>Bon \u00e9tat g\u00e9n\u00e9ral, pr\u00e9sence de quelques micro poussi\u00e8res sans incidence sur la qualit\u00e9 des images, caoutchouc de mise au point et de bague de diaphragme non d&rsquo;origine, l\u00e9ger espacement sur celui de mise au point.<\/p>\n<p>Pare-soleil int\u00e9gr\u00e9.<\/p>\n<p>Vendu avec bouchons.<\/p>\n<p><span class=\"x193iq5w xeuugli x13faqbe x1vvkbs xlh3980 xvmahel x1n0sxbx x1lliihq x1s928wv xhkezso x1gmr53x x1cpjm7i x1fgarty x1943h6x xudqn12 x3x7a5m x6prxxf xvq8zen xo1l8bm xzsf02u\" dir=\"auto\">\u00a0<\/span><\/p>","protected":false},"excerpt":{"rendered":"<p>Marque : Tamron Mod\u00e8le : 135mm F:2.8 Monture : M42 T\u00e9l\u00e9objectif en monture M42 100% fonctionnel, mise au point ok, l\u00e9g\u00e8rement ferme, diaphragme ok. Bon \u00e9tat g\u00e9n\u00e9ral, pr\u00e9sence de quelques micro poussi\u00e8res sans incidence sur la qualit\u00e9 des images, caoutchouc de mise au point et de bague de diaphragme non d&rsquo;origine, l\u00e9ger espacement sur celui [&hellip;]<\/p>\n","protected":false},"featured_media":12351,"template":"","meta":{"_coblocks_attr":"","_coblocks_dimensions":"","_coblocks_responsive_height":"","_coblocks_accordion_ie_support":"","_crdt_document":"","jetpack_publicize_message":"","jetpack_publicize_feature_enabled":true,"jetpack_social_post_already_shared":true,"jetpack_social_options":{"image_generator_settings":{"template":"highway","default_image_id":0,"font":"","enabled":false},"version":2},"_wpas_customize_per_network":false},"product_brand":[],"product_cat":[6367,6366],"product_tag":[],"class_list":{"0":"post-12348","1":"product","2":"type-product","3":"status-publish","4":"has-post-thumbnail","6":"product_cat-m42","7":"product_cat-objectifs","9":"first","10":"outofstock","11":"shipping-taxable","12":"purchasable","13":"product-type-simple"},"yoast_head":"<!-- This site is optimized with the Yoast SEO plugin v27.4 - https:\/\/yoast.com\/product\/yoast-seo-wordpress\/ -->\n<title>M42- Auto Tamron 135mm F:2.8 - Platyphoto<\/title>\n<meta name=\"description\" content=\"L\u00e9ger grand angle en monture Minolta MD (X700, SRT ect..) 100% fonctionnel, mise au point fluide, diaphragme ok, Rexagon 28mm F:2.8\" \/>\n<meta name=\"robots\" content=\"index, follow, max-snippet:-1, max-image-preview:large, max-video-preview:-1\" \/>\n<link rel=\"canonical\" href=\"https:\/\/platyphoto.com\/en\/product\/m42-auto-tamron-135mm-f2-8\/\" \/>\n<meta property=\"og:locale\" content=\"en_US\" \/>\n<meta property=\"og:type\" content=\"article\" \/>\n<meta property=\"og:title\" content=\"M42- Auto Tamron 135mm F:2.8 - Platyphoto\" \/>\n<meta property=\"og:description\" content=\"L\u00e9ger grand angle en monture Minolta MD (X700, SRT ect..) 100% fonctionnel, mise au point fluide, diaphragme ok, Rexagon 28mm F:2.8\" \/>\n<meta property=\"og:url\" content=\"https:\/\/platyphoto.com\/en\/product\/m42-auto-tamron-135mm-f2-8\/\" \/>\n<meta property=\"og:site_name\" content=\"Platyphoto\" \/>\n<meta property=\"article:modified_time\" content=\"2024-12-29T19:01:53+00:00\" \/>\n<meta property=\"og:image\" content=\"https:\/\/platyphoto.com\/wp-content\/uploads\/2024\/07\/Auto-Tamron-135mm-2.8.jpg\" \/>\n\t<meta property=\"og:image:width\" content=\"1505\" \/>\n\t<meta property=\"og:image:height\" content=\"1000\" \/>\n\t<meta property=\"og:image:type\" content=\"image\/jpeg\" \/>\n<meta name=\"twitter:card\" content=\"summary_large_image\" \/>\n<meta name=\"twitter:label1\" content=\"Est. reading time\" \/>\n\t<meta name=\"twitter:data1\" content=\"1 minute\" \/>\n<script type=\"application\/ld+json\" class=\"yoast-schema-graph\">{\"@context\":\"https:\\\/\\\/schema.org\",\"@graph\":[{\"@type\":\"WebPage\",\"@id\":\"https:\\\/\\\/platyphoto.com\\\/produit\\\/m42-auto-tamron-135mm-f2-8\\\/\",\"url\":\"https:\\\/\\\/platyphoto.com\\\/produit\\\/m42-auto-tamron-135mm-f2-8\\\/\",\"name\":\"M42- Auto Tamron 135mm F:2.8 - Platyphoto\",\"isPartOf\":{\"@id\":\"https:\\\/\\\/platyphoto.com\\\/#website\"},\"primaryImageOfPage\":{\"@id\":\"https:\\\/\\\/platyphoto.com\\\/produit\\\/m42-auto-tamron-135mm-f2-8\\\/#primaryimage\"},\"image\":{\"@id\":\"https:\\\/\\\/platyphoto.com\\\/produit\\\/m42-auto-tamron-135mm-f2-8\\\/#primaryimage\"},\"thumbnailUrl\":\"https:\\\/\\\/i0.wp.com\\\/platyphoto.com\\\/wp-content\\\/uploads\\\/2024\\\/07\\\/Auto-Tamron-135mm-2.8.jpg?fit=1505%2C1000&ssl=1\",\"datePublished\":\"2024-07-23T08:25:59+00:00\",\"dateModified\":\"2024-12-29T19:01:53+00:00\",\"description\":\"L\u00e9ger grand angle en monture Minolta MD (X700, SRT ect..) 100% fonctionnel, mise au point fluide, diaphragme ok, Rexagon 28mm F:2.8\",\"breadcrumb\":{\"@id\":\"https:\\\/\\\/platyphoto.com\\\/produit\\\/m42-auto-tamron-135mm-f2-8\\\/#breadcrumb\"},\"inLanguage\":\"en-US\",\"potentialAction\":[{\"@type\":\"ReadAction\",\"target\":[\"https:\\\/\\\/platyphoto.com\\\/produit\\\/m42-auto-tamron-135mm-f2-8\\\/\"]}]},{\"@type\":\"ImageObject\",\"inLanguage\":\"en-US\",\"@id\":\"https:\\\/\\\/platyphoto.com\\\/produit\\\/m42-auto-tamron-135mm-f2-8\\\/#primaryimage\",\"url\":\"https:\\\/\\\/i0.wp.com\\\/platyphoto.com\\\/wp-content\\\/uploads\\\/2024\\\/07\\\/Auto-Tamron-135mm-2.8.jpg?fit=1505%2C1000&ssl=1\",\"contentUrl\":\"https:\\\/\\\/i0.wp.com\\\/platyphoto.com\\\/wp-content\\\/uploads\\\/2024\\\/07\\\/Auto-Tamron-135mm-2.8.jpg?fit=1505%2C1000&ssl=1\",\"width\":1505,\"height\":1000,\"caption\":\"M42- Auto Tamron 135mm F:2.8\"},{\"@type\":\"BreadcrumbList\",\"@id\":\"https:\\\/\\\/platyphoto.com\\\/produit\\\/m42-auto-tamron-135mm-f2-8\\\/#breadcrumb\",\"itemListElement\":[{\"@type\":\"ListItem\",\"position\":1,\"name\":\"Accueil\",\"item\":\"https:\\\/\\\/platyphoto.com\\\/\"},{\"@type\":\"ListItem\",\"position\":2,\"name\":\"Boutique\",\"item\":\"https:\\\/\\\/platyphoto.com\\\/boutique\\\/\"},{\"@type\":\"ListItem\",\"position\":3,\"name\":\"M42- Auto Tamron 135mm F:2.8\"}]},{\"@type\":\"WebSite\",\"@id\":\"https:\\\/\\\/platyphoto.com\\\/#website\",\"url\":\"https:\\\/\\\/platyphoto.com\\\/\",\"name\":\"Platyphoto\",\"description\":\"Appareils photos argentiques, objectifs et accessoires de qualit\u00e9.\",\"publisher\":{\"@id\":\"https:\\\/\\\/platyphoto.com\\\/#organization\"},\"potentialAction\":[{\"@type\":\"SearchAction\",\"target\":{\"@type\":\"EntryPoint\",\"urlTemplate\":\"https:\\\/\\\/platyphoto.com\\\/?s={search_term_string}\"},\"query-input\":{\"@type\":\"PropertyValueSpecification\",\"valueRequired\":true,\"valueName\":\"search_term_string\"}}],\"inLanguage\":\"en-US\"},{\"@type\":\"Organization\",\"@id\":\"https:\\\/\\\/platyphoto.com\\\/#organization\",\"name\":\"Platyphoto\",\"alternateName\":\"Platyphoto\",\"url\":\"https:\\\/\\\/platyphoto.com\\\/\",\"logo\":{\"@type\":\"ImageObject\",\"inLanguage\":\"en-US\",\"@id\":\"https:\\\/\\\/platyphoto.com\\\/#\\\/schema\\\/logo\\\/image\\\/\",\"url\":\"https:\\\/\\\/i0.wp.com\\\/platyphoto.com\\\/wp-content\\\/uploads\\\/2020\\\/11\\\/cropped-header.jpg?fit=1500%2C282&ssl=1\",\"contentUrl\":\"https:\\\/\\\/i0.wp.com\\\/platyphoto.com\\\/wp-content\\\/uploads\\\/2020\\\/11\\\/cropped-header.jpg?fit=1500%2C282&ssl=1\",\"width\":1500,\"height\":282,\"caption\":\"Platyphoto\"},\"image\":{\"@id\":\"https:\\\/\\\/platyphoto.com\\\/#\\\/schema\\\/logo\\\/image\\\/\"},\"sameAs\":[\"https:\\\/\\\/www.instagram.com\\\/platyphoto\\\/\"]}]}<\/script>\n<!-- \/ Yoast SEO plugin. -->","yoast_head_json":{"title":"M42- Auto Tamron 135mm F:2.8 - Platyphoto","description":"L\u00e9ger grand angle en monture Minolta MD (X700, SRT ect..) 100% fonctionnel, mise au point fluide, diaphragme ok, Rexagon 28mm F:2.8","robots":{"index":"index","follow":"follow","max-snippet":"max-snippet:-1","max-image-preview":"max-image-preview:large","max-video-preview":"max-video-preview:-1"},"canonical":"https:\/\/platyphoto.com\/en\/product\/m42-auto-tamron-135mm-f2-8\/","og_locale":"en_US","og_type":"article","og_title":"M42- Auto Tamron 135mm F:2.8 - Platyphoto","og_description":"L\u00e9ger grand angle en monture Minolta MD (X700, SRT ect..) 100% fonctionnel, mise au point fluide, diaphragme ok, Rexagon 28mm F:2.8","og_url":"https:\/\/platyphoto.com\/en\/product\/m42-auto-tamron-135mm-f2-8\/","og_site_name":"Platyphoto","article_modified_time":"2024-12-29T19:01:53+00:00","og_image":[{"width":1505,"height":1000,"url":"https:\/\/platyphoto.com\/wp-content\/uploads\/2024\/07\/Auto-Tamron-135mm-2.8.jpg","type":"image\/jpeg"}],"twitter_card":"summary_large_image","twitter_misc":{"Est. reading time":"1 minute"},"schema":{"@context":"https:\/\/schema.org","@graph":[{"@type":"WebPage","@id":"https:\/\/platyphoto.com\/produit\/m42-auto-tamron-135mm-f2-8\/","url":"https:\/\/platyphoto.com\/produit\/m42-auto-tamron-135mm-f2-8\/","name":"M42- Auto Tamron 135mm F:2.8 - Platyphoto","isPartOf":{"@id":"https:\/\/platyphoto.com\/#website"},"primaryImageOfPage":{"@id":"https:\/\/platyphoto.com\/produit\/m42-auto-tamron-135mm-f2-8\/#primaryimage"},"image":{"@id":"https:\/\/platyphoto.com\/produit\/m42-auto-tamron-135mm-f2-8\/#primaryimage"},"thumbnailUrl":"https:\/\/i0.wp.com\/platyphoto.com\/wp-content\/uploads\/2024\/07\/Auto-Tamron-135mm-2.8.jpg?fit=1505%2C1000&ssl=1","datePublished":"2024-07-23T08:25:59+00:00","dateModified":"2024-12-29T19:01:53+00:00","description":"L\u00e9ger grand angle en monture Minolta MD (X700, SRT ect..) 100% fonctionnel, mise au point fluide, diaphragme ok, Rexagon 28mm F:2.8","breadcrumb":{"@id":"https:\/\/platyphoto.com\/produit\/m42-auto-tamron-135mm-f2-8\/#breadcrumb"},"inLanguage":"en-US","potentialAction":[{"@type":"ReadAction","target":["https:\/\/platyphoto.com\/produit\/m42-auto-tamron-135mm-f2-8\/"]}]},{"@type":"ImageObject","inLanguage":"en-US","@id":"https:\/\/platyphoto.com\/produit\/m42-auto-tamron-135mm-f2-8\/#primaryimage","url":"https:\/\/i0.wp.com\/platyphoto.com\/wp-content\/uploads\/2024\/07\/Auto-Tamron-135mm-2.8.jpg?fit=1505%2C1000&ssl=1","contentUrl":"https:\/\/i0.wp.com\/platyphoto.com\/wp-content\/uploads\/2024\/07\/Auto-Tamron-135mm-2.8.jpg?fit=1505%2C1000&ssl=1","width":1505,"height":1000,"caption":"M42- Auto Tamron 135mm F:2.8"},{"@type":"BreadcrumbList","@id":"https:\/\/platyphoto.com\/produit\/m42-auto-tamron-135mm-f2-8\/#breadcrumb","itemListElement":[{"@type":"ListItem","position":1,"name":"Accueil","item":"https:\/\/platyphoto.com\/"},{"@type":"ListItem","position":2,"name":"Boutique","item":"https:\/\/platyphoto.com\/boutique\/"},{"@type":"ListItem","position":3,"name":"M42- Auto Tamron 135mm F:2.8"}]},{"@type":"WebSite","@id":"https:\/\/platyphoto.com\/#website","url":"https:\/\/platyphoto.com\/","name":"Platyphoto","description":"Appareils photos argentiques, objectifs et accessoires de qualit\u00e9.","publisher":{"@id":"https:\/\/platyphoto.com\/#organization"},"potentialAction":[{"@type":"SearchAction","target":{"@type":"EntryPoint","urlTemplate":"https:\/\/platyphoto.com\/?s={search_term_string}"},"query-input":{"@type":"PropertyValueSpecification","valueRequired":true,"valueName":"search_term_string"}}],"inLanguage":"en-US"},{"@type":"Organization","@id":"https:\/\/platyphoto.com\/#organization","name":"Platyphoto","alternateName":"Platyphoto","url":"https:\/\/platyphoto.com\/","logo":{"@type":"ImageObject","inLanguage":"en-US","@id":"https:\/\/platyphoto.com\/#\/schema\/logo\/image\/","url":"https:\/\/i0.wp.com\/platyphoto.com\/wp-content\/uploads\/2020\/11\/cropped-header.jpg?fit=1500%2C282&ssl=1","contentUrl":"https:\/\/i0.wp.com\/platyphoto.com\/wp-content\/uploads\/2020\/11\/cropped-header.jpg?fit=1500%2C282&ssl=1","width":1500,"height":282,"caption":"Platyphoto"},"image":{"@id":"https:\/\/platyphoto.com\/#\/schema\/logo\/image\/"},"sameAs":["https:\/\/www.instagram.com\/platyphoto\/"]}]}},"jetpack_publicize_connections":[],"jetpack_likes_enabled":false,"jetpack_sharing_enabled":true,"_links":{"self":[{"href":"https:\/\/platyphoto.com\/en\/wp-json\/wp\/v2\/product\/12348","targetHints":{"allow":["GET"]}}],"collection":[{"href":"https:\/\/platyphoto.com\/en\/wp-json\/wp\/v2\/product"}],"about":[{"href":"https:\/\/platyphoto.com\/en\/wp-json\/wp\/v2\/types\/product"}],"wp:featuredmedia":[{"embeddable":true,"href":"https:\/\/platyphoto.com\/en\/wp-json\/wp\/v2\/media\/12351"}],"wp:attachment":[{"href":"https:\/\/platyphoto.com\/en\/wp-json\/wp\/v2\/media?parent=12348"}],"wp:term":[{"taxonomy":"product_brand","embeddable":true,"href":"https:\/\/platyphoto.com\/en\/wp-json\/wp\/v2\/product_brand?post=12348"},{"taxonomy":"product_cat","embeddable":true,"href":"https:\/\/platyphoto.com\/en\/wp-json\/wp\/v2\/product_cat?post=12348"},{"taxonomy":"product_tag","embeddable":true,"href":"https:\/\/platyphoto.com\/en\/wp-json\/wp\/v2\/product_tag?post=12348"}],"curies":[{"name":"wp","href":"https:\/\/api.w.org\/{rel}","templated":true}]}}