{"id":12747,"date":"2024-08-30T07:21:48","date_gmt":"2024-08-30T05:21:48","guid":{"rendered":"https:\/\/platyphoto.com\/?post_type=product&#038;p=12747"},"modified":"2024-09-08T22:35:56","modified_gmt":"2024-09-08T20:35:56","slug":"rollei-rolleicord-iv-75mm-f3-5-xenar-6x6","status":"publish","type":"product","link":"https:\/\/platyphoto.com\/en\/product\/rollei-rolleicord-iv-75mm-f3-5-xenar-6x6\/","title":{"rendered":"Rollei Rolleicord IV 75mm F:3.5 Xenar 6&#215;6"},"content":{"rendered":"<p><strong>Boitier<\/strong> : Rollei Rolleicord IV<\/p>\n<p><strong>Objectif (fixe)<\/strong> : 75mm F:3.5 Xenar<\/p>\n<p><strong>Ann\u00e9e de production<\/strong> : A partir de 1955<\/p>\n<p><strong>Cellule<\/strong> : Non<\/p>\n<p><strong>Batteries<\/strong> : &#8211;<\/p>\n<p><strong>Indice de raret\u00e9 :<\/strong> Peu courant<\/p>\n<p>Moyen format 6&#215;6 de qualit\u00e9, le Rolleicord IV est un bel appareil agr\u00e9able \u00e0 utiliser, le mod\u00e8le pr\u00e9sent\u00e9 est en bel \u00e9tat g\u00e9n\u00e9ral, les lentilles sont propres, pr\u00e9sente de quelques micro poussi\u00e8res, sans incidence sur la qualit\u00e9 des images. Le d\u00e9poli est clair, la mise au point fluide.<\/p>\n<p>Les vitesses et diaphragmes sont OK.<\/p>\n<p>Vendu avec sa housse, l&rsquo;appareil utilise du film 120.<\/p>\n<p><strong>Concernant l\u2019\u00e9tat :<\/strong><\/p>\n<p>Boitier : 9\/10, l\u00e9g\u00e8res traces d\u2019usages<\/p>\n<p>Optique : 9\/10, pr\u00e9sence de quelques micro poussi\u00e8res<\/p>\n<p>M\u00e9canique : 10\/10, 100% fonctionnel<\/p>","protected":false},"excerpt":{"rendered":"<p>Boitier : Rollei Rolleicord IV Objectif (fixe) : 75mm F:3.5 Xenar Ann\u00e9e de production : A partir de 1955 Cellule : Non Piles : &#8211; Indice de raret\u00e9 : Peu courant Moyen format 6&#215;6 de qualit\u00e9, le Rolleicord IV est un bel appareil agr\u00e9able \u00e0 utiliser, le mod\u00e8le pr\u00e9sent\u00e9 est en bel \u00e9tat g\u00e9n\u00e9ral, les [&hellip;]<\/p>\n","protected":false},"featured_media":12753,"template":"","meta":{"_coblocks_attr":"","_coblocks_dimensions":"","_coblocks_responsive_height":"","_coblocks_accordion_ie_support":"","_crdt_document":"","jetpack_post_was_ever_published":false,"jetpack_publicize_message":"","jetpack_publicize_feature_enabled":true,"jetpack_social_post_already_shared":true,"jetpack_social_options":{"image_generator_settings":{"template":"highway","default_image_id":0,"font":"","enabled":false},"version":2},"_wpas_customize_per_network":false},"product_brand":[],"product_cat":[6349,6358,6360],"product_tag":[],"class_list":{"0":"post-12747","1":"product","2":"type-product","3":"status-publish","4":"has-post-thumbnail","6":"product_cat-appareils","7":"product_cat-moyen-formats","8":"product_cat-tlr","10":"first","11":"outofstock","12":"shipping-taxable","13":"purchasable","14":"product-type-simple"},"yoast_head":"<!-- This site is optimized with the Yoast SEO plugin v27.3 - https:\/\/yoast.com\/product\/yoast-seo-wordpress\/ -->\n<title>Rollei Rolleicord IV 75mm F:3.5 Xenar 6x6 - Platyphoto<\/title>\n<meta name=\"description\" content=\"Moyen format 6x6 de qualit\u00e9, le Rolleicord IV est un bel appareil agr\u00e9able \u00e0 utiliser, le mod\u00e8le pr\u00e9sent\u00e9 est en bel \u00e9tat g\u00e9n\u00e9ral, les lentilles sont propres, pr\u00e9sente de quelques micro poussi\u00e8res, sans incidence sur la qualit\u00e9 des images\" \/>\n<meta name=\"robots\" content=\"index, follow, max-snippet:-1, max-image-preview:large, max-video-preview:-1\" \/>\n<link rel=\"canonical\" href=\"https:\/\/platyphoto.com\/en\/product\/rollei-rolleicord-iv-75mm-f3-5-xenar-6x6\/\" \/>\n<meta property=\"og:locale\" content=\"en_US\" \/>\n<meta property=\"og:type\" content=\"article\" \/>\n<meta property=\"og:title\" content=\"Rollei Rolleicord IV 75mm F:3.5 Xenar 6x6 - Platyphoto\" \/>\n<meta property=\"og:description\" content=\"Moyen format 6x6 de qualit\u00e9, le Rolleicord IV est un bel appareil agr\u00e9able \u00e0 utiliser, le mod\u00e8le pr\u00e9sent\u00e9 est en bel \u00e9tat g\u00e9n\u00e9ral, les lentilles sont propres, pr\u00e9sente de quelques micro poussi\u00e8res, sans incidence sur la qualit\u00e9 des images\" \/>\n<meta property=\"og:url\" content=\"https:\/\/platyphoto.com\/en\/product\/rollei-rolleicord-iv-75mm-f3-5-xenar-6x6\/\" \/>\n<meta property=\"og:site_name\" content=\"Platyphoto\" \/>\n<meta property=\"article:modified_time\" content=\"2024-09-08T20:35:56+00:00\" \/>\n<meta property=\"og:image\" content=\"https:\/\/platyphoto.com\/wp-content\/uploads\/2024\/08\/Rolleicord-iv.jpg\" \/>\n\t<meta property=\"og:image:width\" content=\"1505\" \/>\n\t<meta property=\"og:image:height\" content=\"1000\" \/>\n\t<meta property=\"og:image:type\" content=\"image\/jpeg\" \/>\n<meta name=\"twitter:card\" content=\"summary_large_image\" \/>\n<meta name=\"twitter:label1\" content=\"Est. reading time\" \/>\n\t<meta name=\"twitter:data1\" content=\"1 minute\" \/>\n<script type=\"application\/ld+json\" class=\"yoast-schema-graph\">{\"@context\":\"https:\\\/\\\/schema.org\",\"@graph\":[{\"@type\":\"WebPage\",\"@id\":\"https:\\\/\\\/platyphoto.com\\\/produit\\\/rollei-rolleicord-iv-75mm-f3-5-xenar-6x6\\\/\",\"url\":\"https:\\\/\\\/platyphoto.com\\\/produit\\\/rollei-rolleicord-iv-75mm-f3-5-xenar-6x6\\\/\",\"name\":\"Rollei Rolleicord IV 75mm F:3.5 Xenar 6x6 - Platyphoto\",\"isPartOf\":{\"@id\":\"https:\\\/\\\/platyphoto.com\\\/#website\"},\"primaryImageOfPage\":{\"@id\":\"https:\\\/\\\/platyphoto.com\\\/produit\\\/rollei-rolleicord-iv-75mm-f3-5-xenar-6x6\\\/#primaryimage\"},\"image\":{\"@id\":\"https:\\\/\\\/platyphoto.com\\\/produit\\\/rollei-rolleicord-iv-75mm-f3-5-xenar-6x6\\\/#primaryimage\"},\"thumbnailUrl\":\"https:\\\/\\\/i0.wp.com\\\/platyphoto.com\\\/wp-content\\\/uploads\\\/2024\\\/08\\\/Rolleicord-iv.jpg?fit=1505%2C1000&ssl=1\",\"datePublished\":\"2024-08-30T05:21:48+00:00\",\"dateModified\":\"2024-09-08T20:35:56+00:00\",\"description\":\"Moyen format 6x6 de qualit\u00e9, le Rolleicord IV est un bel appareil agr\u00e9able \u00e0 utiliser, le mod\u00e8le pr\u00e9sent\u00e9 est en bel \u00e9tat g\u00e9n\u00e9ral, les lentilles sont propres, pr\u00e9sente de quelques micro poussi\u00e8res, sans incidence sur la qualit\u00e9 des images\",\"breadcrumb\":{\"@id\":\"https:\\\/\\\/platyphoto.com\\\/produit\\\/rollei-rolleicord-iv-75mm-f3-5-xenar-6x6\\\/#breadcrumb\"},\"inLanguage\":\"en-US\",\"potentialAction\":[{\"@type\":\"ReadAction\",\"target\":[\"https:\\\/\\\/platyphoto.com\\\/produit\\\/rollei-rolleicord-iv-75mm-f3-5-xenar-6x6\\\/\"]}]},{\"@type\":\"ImageObject\",\"inLanguage\":\"en-US\",\"@id\":\"https:\\\/\\\/platyphoto.com\\\/produit\\\/rollei-rolleicord-iv-75mm-f3-5-xenar-6x6\\\/#primaryimage\",\"url\":\"https:\\\/\\\/i0.wp.com\\\/platyphoto.com\\\/wp-content\\\/uploads\\\/2024\\\/08\\\/Rolleicord-iv.jpg?fit=1505%2C1000&ssl=1\",\"contentUrl\":\"https:\\\/\\\/i0.wp.com\\\/platyphoto.com\\\/wp-content\\\/uploads\\\/2024\\\/08\\\/Rolleicord-iv.jpg?fit=1505%2C1000&ssl=1\",\"width\":1505,\"height\":1000,\"caption\":\"Rollei Rolleicord IV 75mm F:3.5 Xenar 6x6\"},{\"@type\":\"BreadcrumbList\",\"@id\":\"https:\\\/\\\/platyphoto.com\\\/produit\\\/rollei-rolleicord-iv-75mm-f3-5-xenar-6x6\\\/#breadcrumb\",\"itemListElement\":[{\"@type\":\"ListItem\",\"position\":1,\"name\":\"Accueil\",\"item\":\"https:\\\/\\\/platyphoto.com\\\/\"},{\"@type\":\"ListItem\",\"position\":2,\"name\":\"Boutique\",\"item\":\"https:\\\/\\\/platyphoto.com\\\/boutique\\\/\"},{\"@type\":\"ListItem\",\"position\":3,\"name\":\"Rollei Rolleicord IV 75mm F:3.5 Xenar 6&#215;6\"}]},{\"@type\":\"WebSite\",\"@id\":\"https:\\\/\\\/platyphoto.com\\\/#website\",\"url\":\"https:\\\/\\\/platyphoto.com\\\/\",\"name\":\"Platyphoto\",\"description\":\"Appareils photos argentiques, objectifs et accessoires de qualit\u00e9.\",\"publisher\":{\"@id\":\"https:\\\/\\\/platyphoto.com\\\/#organization\"},\"potentialAction\":[{\"@type\":\"SearchAction\",\"target\":{\"@type\":\"EntryPoint\",\"urlTemplate\":\"https:\\\/\\\/platyphoto.com\\\/?s={search_term_string}\"},\"query-input\":{\"@type\":\"PropertyValueSpecification\",\"valueRequired\":true,\"valueName\":\"search_term_string\"}}],\"inLanguage\":\"en-US\"},{\"@type\":\"Organization\",\"@id\":\"https:\\\/\\\/platyphoto.com\\\/#organization\",\"name\":\"Platyphoto\",\"alternateName\":\"Platyphoto\",\"url\":\"https:\\\/\\\/platyphoto.com\\\/\",\"logo\":{\"@type\":\"ImageObject\",\"inLanguage\":\"en-US\",\"@id\":\"https:\\\/\\\/platyphoto.com\\\/#\\\/schema\\\/logo\\\/image\\\/\",\"url\":\"https:\\\/\\\/i0.wp.com\\\/platyphoto.com\\\/wp-content\\\/uploads\\\/2020\\\/11\\\/cropped-header.jpg?fit=1500%2C282&ssl=1\",\"contentUrl\":\"https:\\\/\\\/i0.wp.com\\\/platyphoto.com\\\/wp-content\\\/uploads\\\/2020\\\/11\\\/cropped-header.jpg?fit=1500%2C282&ssl=1\",\"width\":1500,\"height\":282,\"caption\":\"Platyphoto\"},\"image\":{\"@id\":\"https:\\\/\\\/platyphoto.com\\\/#\\\/schema\\\/logo\\\/image\\\/\"},\"sameAs\":[\"https:\\\/\\\/www.instagram.com\\\/platyphoto\\\/\"]}]}<\/script>\n<!-- \/ Yoast SEO plugin. -->","yoast_head_json":{"title":"Rollei Rolleicord IV 75mm F:3.5 Xenar 6x6 - Platyphoto","description":"Moyen format 6x6 de qualit\u00e9, le Rolleicord IV est un bel appareil agr\u00e9able \u00e0 utiliser, le mod\u00e8le pr\u00e9sent\u00e9 est en bel \u00e9tat g\u00e9n\u00e9ral, les lentilles sont propres, pr\u00e9sente de quelques micro poussi\u00e8res, sans incidence sur la qualit\u00e9 des images","robots":{"index":"index","follow":"follow","max-snippet":"max-snippet:-1","max-image-preview":"max-image-preview:large","max-video-preview":"max-video-preview:-1"},"canonical":"https:\/\/platyphoto.com\/en\/product\/rollei-rolleicord-iv-75mm-f3-5-xenar-6x6\/","og_locale":"en_US","og_type":"article","og_title":"Rollei Rolleicord IV 75mm F:3.5 Xenar 6x6 - Platyphoto","og_description":"Moyen format 6x6 de qualit\u00e9, le Rolleicord IV est un bel appareil agr\u00e9able \u00e0 utiliser, le mod\u00e8le pr\u00e9sent\u00e9 est en bel \u00e9tat g\u00e9n\u00e9ral, les lentilles sont propres, pr\u00e9sente de quelques micro poussi\u00e8res, sans incidence sur la qualit\u00e9 des images","og_url":"https:\/\/platyphoto.com\/en\/product\/rollei-rolleicord-iv-75mm-f3-5-xenar-6x6\/","og_site_name":"Platyphoto","article_modified_time":"2024-09-08T20:35:56+00:00","og_image":[{"width":1505,"height":1000,"url":"https:\/\/platyphoto.com\/wp-content\/uploads\/2024\/08\/Rolleicord-iv.jpg","type":"image\/jpeg"}],"twitter_card":"summary_large_image","twitter_misc":{"Est. reading time":"1 minute"},"schema":{"@context":"https:\/\/schema.org","@graph":[{"@type":"WebPage","@id":"https:\/\/platyphoto.com\/produit\/rollei-rolleicord-iv-75mm-f3-5-xenar-6x6\/","url":"https:\/\/platyphoto.com\/produit\/rollei-rolleicord-iv-75mm-f3-5-xenar-6x6\/","name":"Rollei Rolleicord IV 75mm F:3.5 Xenar 6x6 - Platyphoto","isPartOf":{"@id":"https:\/\/platyphoto.com\/#website"},"primaryImageOfPage":{"@id":"https:\/\/platyphoto.com\/produit\/rollei-rolleicord-iv-75mm-f3-5-xenar-6x6\/#primaryimage"},"image":{"@id":"https:\/\/platyphoto.com\/produit\/rollei-rolleicord-iv-75mm-f3-5-xenar-6x6\/#primaryimage"},"thumbnailUrl":"https:\/\/i0.wp.com\/platyphoto.com\/wp-content\/uploads\/2024\/08\/Rolleicord-iv.jpg?fit=1505%2C1000&ssl=1","datePublished":"2024-08-30T05:21:48+00:00","dateModified":"2024-09-08T20:35:56+00:00","description":"Moyen format 6x6 de qualit\u00e9, le Rolleicord IV est un bel appareil agr\u00e9able \u00e0 utiliser, le mod\u00e8le pr\u00e9sent\u00e9 est en bel \u00e9tat g\u00e9n\u00e9ral, les lentilles sont propres, pr\u00e9sente de quelques micro poussi\u00e8res, sans incidence sur la qualit\u00e9 des images","breadcrumb":{"@id":"https:\/\/platyphoto.com\/produit\/rollei-rolleicord-iv-75mm-f3-5-xenar-6x6\/#breadcrumb"},"inLanguage":"en-US","potentialAction":[{"@type":"ReadAction","target":["https:\/\/platyphoto.com\/produit\/rollei-rolleicord-iv-75mm-f3-5-xenar-6x6\/"]}]},{"@type":"ImageObject","inLanguage":"en-US","@id":"https:\/\/platyphoto.com\/produit\/rollei-rolleicord-iv-75mm-f3-5-xenar-6x6\/#primaryimage","url":"https:\/\/i0.wp.com\/platyphoto.com\/wp-content\/uploads\/2024\/08\/Rolleicord-iv.jpg?fit=1505%2C1000&ssl=1","contentUrl":"https:\/\/i0.wp.com\/platyphoto.com\/wp-content\/uploads\/2024\/08\/Rolleicord-iv.jpg?fit=1505%2C1000&ssl=1","width":1505,"height":1000,"caption":"Rollei Rolleicord IV 75mm F:3.5 Xenar 6x6"},{"@type":"BreadcrumbList","@id":"https:\/\/platyphoto.com\/produit\/rollei-rolleicord-iv-75mm-f3-5-xenar-6x6\/#breadcrumb","itemListElement":[{"@type":"ListItem","position":1,"name":"Accueil","item":"https:\/\/platyphoto.com\/"},{"@type":"ListItem","position":2,"name":"Boutique","item":"https:\/\/platyphoto.com\/boutique\/"},{"@type":"ListItem","position":3,"name":"Rollei Rolleicord IV 75mm F:3.5 Xenar 6&#215;6"}]},{"@type":"WebSite","@id":"https:\/\/platyphoto.com\/#website","url":"https:\/\/platyphoto.com\/","name":"Platyphoto","description":"Appareils photos argentiques, objectifs et accessoires de qualit\u00e9.","publisher":{"@id":"https:\/\/platyphoto.com\/#organization"},"potentialAction":[{"@type":"SearchAction","target":{"@type":"EntryPoint","urlTemplate":"https:\/\/platyphoto.com\/?s={search_term_string}"},"query-input":{"@type":"PropertyValueSpecification","valueRequired":true,"valueName":"search_term_string"}}],"inLanguage":"en-US"},{"@type":"Organization","@id":"https:\/\/platyphoto.com\/#organization","name":"Platyphoto","alternateName":"Platyphoto","url":"https:\/\/platyphoto.com\/","logo":{"@type":"ImageObject","inLanguage":"en-US","@id":"https:\/\/platyphoto.com\/#\/schema\/logo\/image\/","url":"https:\/\/i0.wp.com\/platyphoto.com\/wp-content\/uploads\/2020\/11\/cropped-header.jpg?fit=1500%2C282&ssl=1","contentUrl":"https:\/\/i0.wp.com\/platyphoto.com\/wp-content\/uploads\/2020\/11\/cropped-header.jpg?fit=1500%2C282&ssl=1","width":1500,"height":282,"caption":"Platyphoto"},"image":{"@id":"https:\/\/platyphoto.com\/#\/schema\/logo\/image\/"},"sameAs":["https:\/\/www.instagram.com\/platyphoto\/"]}]}},"jetpack_publicize_connections":[],"jetpack_likes_enabled":false,"jetpack_sharing_enabled":true,"_links":{"self":[{"href":"https:\/\/platyphoto.com\/en\/wp-json\/wp\/v2\/product\/12747","targetHints":{"allow":["GET"]}}],"collection":[{"href":"https:\/\/platyphoto.com\/en\/wp-json\/wp\/v2\/product"}],"about":[{"href":"https:\/\/platyphoto.com\/en\/wp-json\/wp\/v2\/types\/product"}],"wp:featuredmedia":[{"embeddable":true,"href":"https:\/\/platyphoto.com\/en\/wp-json\/wp\/v2\/media\/12753"}],"wp:attachment":[{"href":"https:\/\/platyphoto.com\/en\/wp-json\/wp\/v2\/media?parent=12747"}],"wp:term":[{"taxonomy":"product_brand","embeddable":true,"href":"https:\/\/platyphoto.com\/en\/wp-json\/wp\/v2\/product_brand?post=12747"},{"taxonomy":"product_cat","embeddable":true,"href":"https:\/\/platyphoto.com\/en\/wp-json\/wp\/v2\/product_cat?post=12747"},{"taxonomy":"product_tag","embeddable":true,"href":"https:\/\/platyphoto.com\/en\/wp-json\/wp\/v2\/product_tag?post=12747"}],"curies":[{"name":"wp","href":"https:\/\/api.w.org\/{rel}","templated":true}]}}