{"id":12911,"date":"2024-09-10T08:46:29","date_gmt":"2024-09-10T06:46:29","guid":{"rendered":"https:\/\/platyphoto.com\/?post_type=product&#038;p=12911"},"modified":"2025-01-13T20:45:43","modified_gmt":"2025-01-13T19:45:43","slug":"panasonic-lumix-dmc-fs40-14mpx","status":"publish","type":"product","link":"https:\/\/platyphoto.com\/en\/product\/panasonic-lumix-dmc-fs40-14mpx\/","title":{"rendered":"Panasonic Lumix DMC-FS40 14mpx"},"content":{"rendered":"<p><strong>Marque<\/strong> : Panasonic<\/p>\n<p><strong>Mod\u00e8le<\/strong> : Lumix DMC-FS40<\/p>\n<p><strong>Objectif<\/strong> : Leica Vario Summarit 4.3-21.5mm F:2.5-5.4 aspherique<\/p>\n<p><strong>D\u00e9finition<\/strong> : 14 millions de pixels<\/p>\n<p><strong>Piles : <\/strong>Batterie (fournie)<\/p>\n<p>Appareil photo num\u00e9rique Panasonic Lumix DMC-FS40 14mpx tr\u00e8s sympa, divers modes de prises de vues, sc\u00e8nes, auto et vid\u00e9o. Tr\u00e8s bon \u00e9tat g\u00e9n\u00e9ral, vendu complet avec carte SD 4go (677 photos en qualit\u00e9 max) et chargeur. Objectif Leica de haute qualit\u00e9.<\/p>\n<p>100% fonctionnel.<\/p>\n<p>&nbsp;<\/p>\n<p>&nbsp;<\/p>","protected":false},"excerpt":{"rendered":"<p>Marque : Panasonic Mod\u00e8le : Lumix DMC-FS40 Objectif : Leica Vario Summarit 4.3-21.5mm F:2.5-5.4 aspherique D\u00e9finition : 14 millions de pixels Piles : Batterie (fournie) Appareil photo num\u00e9rique Panasonic Lumix DMC-FS40 14mpx tr\u00e8s sympa, divers modes de prises de vues, sc\u00e8nes, auto et vid\u00e9o. Tr\u00e8s bon \u00e9tat g\u00e9n\u00e9ral, vendu complet avec carte SD 4go (677 [&hellip;]<\/p>\n","protected":false},"featured_media":12914,"template":"","meta":{"_coblocks_attr":"","_coblocks_dimensions":"","_coblocks_responsive_height":"","_coblocks_accordion_ie_support":"","_crdt_document":"","jetpack_post_was_ever_published":false,"jetpack_publicize_message":"","jetpack_publicize_feature_enabled":true,"jetpack_social_post_already_shared":true,"jetpack_social_options":{"image_generator_settings":{"template":"highway","default_image_id":0,"font":"","enabled":false},"version":2},"_wpas_customize_per_network":false},"product_brand":[],"product_cat":[6550],"product_tag":[],"class_list":{"0":"post-12911","1":"product","2":"type-product","3":"status-publish","4":"has-post-thumbnail","6":"product_cat-hall-of-fame-2","8":"first","9":"outofstock","10":"shipping-taxable","11":"purchasable","12":"product-type-simple"},"yoast_head":"<!-- This site is optimized with the Yoast SEO plugin v27.3 - https:\/\/yoast.com\/product\/yoast-seo-wordpress\/ -->\n<title>Panasonic Lumix DMC-FS40 14mpx - Platyphoto<\/title>\n<meta name=\"description\" content=\"Appareil photo num\u00e9rique Panasonic Lumix DMC-FS40 14mpx tr\u00e8s sympa, divers modes de prises de vues, sc\u00e8nes, auto et vid\u00e9o. Tr\u00e8s bon \u00e9tat g\u00e9n\u00e9ral, vendu complet avec carte SD 4go (677 photos en qualit\u00e9 max) et chargeur. Objectif Leica de haute qualit\u00e9.\" \/>\n<meta name=\"robots\" content=\"index, follow, max-snippet:-1, max-image-preview:large, max-video-preview:-1\" \/>\n<link rel=\"canonical\" href=\"https:\/\/platyphoto.com\/en\/product\/panasonic-lumix-dmc-fs40-14mpx\/\" \/>\n<meta property=\"og:locale\" content=\"en_US\" \/>\n<meta property=\"og:type\" content=\"article\" \/>\n<meta property=\"og:title\" content=\"Panasonic Lumix DMC-FS40 14mpx - Platyphoto\" \/>\n<meta property=\"og:description\" content=\"Appareil photo num\u00e9rique Panasonic Lumix DMC-FS40 14mpx tr\u00e8s sympa, divers modes de prises de vues, sc\u00e8nes, auto et vid\u00e9o. Tr\u00e8s bon \u00e9tat g\u00e9n\u00e9ral, vendu complet avec carte SD 4go (677 photos en qualit\u00e9 max) et chargeur. Objectif Leica de haute qualit\u00e9.\" \/>\n<meta property=\"og:url\" content=\"https:\/\/platyphoto.com\/en\/product\/panasonic-lumix-dmc-fs40-14mpx\/\" \/>\n<meta property=\"og:site_name\" content=\"Platyphoto\" \/>\n<meta property=\"article:modified_time\" content=\"2025-01-13T19:45:43+00:00\" \/>\n<meta property=\"og:image\" content=\"https:\/\/platyphoto.com\/wp-content\/uploads\/2024\/09\/Lumix-DMC-FS40.jpg\" \/>\n\t<meta property=\"og:image:width\" content=\"1505\" \/>\n\t<meta property=\"og:image:height\" content=\"1000\" \/>\n\t<meta property=\"og:image:type\" content=\"image\/jpeg\" \/>\n<meta name=\"twitter:card\" content=\"summary_large_image\" \/>\n<meta name=\"twitter:label1\" content=\"Est. reading time\" \/>\n\t<meta name=\"twitter:data1\" content=\"1 minute\" \/>\n<script type=\"application\/ld+json\" class=\"yoast-schema-graph\">{\"@context\":\"https:\\\/\\\/schema.org\",\"@graph\":[{\"@type\":\"WebPage\",\"@id\":\"https:\\\/\\\/platyphoto.com\\\/produit\\\/panasonic-lumix-dmc-fs40-14mpx\\\/\",\"url\":\"https:\\\/\\\/platyphoto.com\\\/produit\\\/panasonic-lumix-dmc-fs40-14mpx\\\/\",\"name\":\"Panasonic Lumix DMC-FS40 14mpx - Platyphoto\",\"isPartOf\":{\"@id\":\"https:\\\/\\\/platyphoto.com\\\/#website\"},\"primaryImageOfPage\":{\"@id\":\"https:\\\/\\\/platyphoto.com\\\/produit\\\/panasonic-lumix-dmc-fs40-14mpx\\\/#primaryimage\"},\"image\":{\"@id\":\"https:\\\/\\\/platyphoto.com\\\/produit\\\/panasonic-lumix-dmc-fs40-14mpx\\\/#primaryimage\"},\"thumbnailUrl\":\"https:\\\/\\\/i0.wp.com\\\/platyphoto.com\\\/wp-content\\\/uploads\\\/2024\\\/09\\\/Lumix-DMC-FS40.jpg?fit=1505%2C1000&ssl=1\",\"datePublished\":\"2024-09-10T06:46:29+00:00\",\"dateModified\":\"2025-01-13T19:45:43+00:00\",\"description\":\"Appareil photo num\u00e9rique Panasonic Lumix DMC-FS40 14mpx tr\u00e8s sympa, divers modes de prises de vues, sc\u00e8nes, auto et vid\u00e9o. Tr\u00e8s bon \u00e9tat g\u00e9n\u00e9ral, vendu complet avec carte SD 4go (677 photos en qualit\u00e9 max) et chargeur. Objectif Leica de haute qualit\u00e9.\",\"breadcrumb\":{\"@id\":\"https:\\\/\\\/platyphoto.com\\\/produit\\\/panasonic-lumix-dmc-fs40-14mpx\\\/#breadcrumb\"},\"inLanguage\":\"en-US\",\"potentialAction\":[{\"@type\":\"ReadAction\",\"target\":[\"https:\\\/\\\/platyphoto.com\\\/produit\\\/panasonic-lumix-dmc-fs40-14mpx\\\/\"]}]},{\"@type\":\"ImageObject\",\"inLanguage\":\"en-US\",\"@id\":\"https:\\\/\\\/platyphoto.com\\\/produit\\\/panasonic-lumix-dmc-fs40-14mpx\\\/#primaryimage\",\"url\":\"https:\\\/\\\/i0.wp.com\\\/platyphoto.com\\\/wp-content\\\/uploads\\\/2024\\\/09\\\/Lumix-DMC-FS40.jpg?fit=1505%2C1000&ssl=1\",\"contentUrl\":\"https:\\\/\\\/i0.wp.com\\\/platyphoto.com\\\/wp-content\\\/uploads\\\/2024\\\/09\\\/Lumix-DMC-FS40.jpg?fit=1505%2C1000&ssl=1\",\"width\":1505,\"height\":1000,\"caption\":\"Panasonic Lumix DMC-FS40 14mpx\"},{\"@type\":\"BreadcrumbList\",\"@id\":\"https:\\\/\\\/platyphoto.com\\\/produit\\\/panasonic-lumix-dmc-fs40-14mpx\\\/#breadcrumb\",\"itemListElement\":[{\"@type\":\"ListItem\",\"position\":1,\"name\":\"Accueil\",\"item\":\"https:\\\/\\\/platyphoto.com\\\/\"},{\"@type\":\"ListItem\",\"position\":2,\"name\":\"Boutique\",\"item\":\"https:\\\/\\\/platyphoto.com\\\/boutique\\\/\"},{\"@type\":\"ListItem\",\"position\":3,\"name\":\"Panasonic Lumix DMC-FS40 14mpx\"}]},{\"@type\":\"WebSite\",\"@id\":\"https:\\\/\\\/platyphoto.com\\\/#website\",\"url\":\"https:\\\/\\\/platyphoto.com\\\/\",\"name\":\"Platyphoto\",\"description\":\"Appareils photos argentiques, objectifs et accessoires de qualit\u00e9.\",\"publisher\":{\"@id\":\"https:\\\/\\\/platyphoto.com\\\/#organization\"},\"potentialAction\":[{\"@type\":\"SearchAction\",\"target\":{\"@type\":\"EntryPoint\",\"urlTemplate\":\"https:\\\/\\\/platyphoto.com\\\/?s={search_term_string}\"},\"query-input\":{\"@type\":\"PropertyValueSpecification\",\"valueRequired\":true,\"valueName\":\"search_term_string\"}}],\"inLanguage\":\"en-US\"},{\"@type\":\"Organization\",\"@id\":\"https:\\\/\\\/platyphoto.com\\\/#organization\",\"name\":\"Platyphoto\",\"alternateName\":\"Platyphoto\",\"url\":\"https:\\\/\\\/platyphoto.com\\\/\",\"logo\":{\"@type\":\"ImageObject\",\"inLanguage\":\"en-US\",\"@id\":\"https:\\\/\\\/platyphoto.com\\\/#\\\/schema\\\/logo\\\/image\\\/\",\"url\":\"https:\\\/\\\/i0.wp.com\\\/platyphoto.com\\\/wp-content\\\/uploads\\\/2020\\\/11\\\/cropped-header.jpg?fit=1500%2C282&ssl=1\",\"contentUrl\":\"https:\\\/\\\/i0.wp.com\\\/platyphoto.com\\\/wp-content\\\/uploads\\\/2020\\\/11\\\/cropped-header.jpg?fit=1500%2C282&ssl=1\",\"width\":1500,\"height\":282,\"caption\":\"Platyphoto\"},\"image\":{\"@id\":\"https:\\\/\\\/platyphoto.com\\\/#\\\/schema\\\/logo\\\/image\\\/\"},\"sameAs\":[\"https:\\\/\\\/www.instagram.com\\\/platyphoto\\\/\"]}]}<\/script>\n<!-- \/ Yoast SEO plugin. -->","yoast_head_json":{"title":"Panasonic Lumix DMC-FS40 14mpx - Platyphoto","description":"Appareil photo num\u00e9rique Panasonic Lumix DMC-FS40 14mpx tr\u00e8s sympa, divers modes de prises de vues, sc\u00e8nes, auto et vid\u00e9o. Tr\u00e8s bon \u00e9tat g\u00e9n\u00e9ral, vendu complet avec carte SD 4go (677 photos en qualit\u00e9 max) et chargeur. Objectif Leica de haute qualit\u00e9.","robots":{"index":"index","follow":"follow","max-snippet":"max-snippet:-1","max-image-preview":"max-image-preview:large","max-video-preview":"max-video-preview:-1"},"canonical":"https:\/\/platyphoto.com\/en\/product\/panasonic-lumix-dmc-fs40-14mpx\/","og_locale":"en_US","og_type":"article","og_title":"Panasonic Lumix DMC-FS40 14mpx - Platyphoto","og_description":"Appareil photo num\u00e9rique Panasonic Lumix DMC-FS40 14mpx tr\u00e8s sympa, divers modes de prises de vues, sc\u00e8nes, auto et vid\u00e9o. Tr\u00e8s bon \u00e9tat g\u00e9n\u00e9ral, vendu complet avec carte SD 4go (677 photos en qualit\u00e9 max) et chargeur. Objectif Leica de haute qualit\u00e9.","og_url":"https:\/\/platyphoto.com\/en\/product\/panasonic-lumix-dmc-fs40-14mpx\/","og_site_name":"Platyphoto","article_modified_time":"2025-01-13T19:45:43+00:00","og_image":[{"width":1505,"height":1000,"url":"https:\/\/platyphoto.com\/wp-content\/uploads\/2024\/09\/Lumix-DMC-FS40.jpg","type":"image\/jpeg"}],"twitter_card":"summary_large_image","twitter_misc":{"Est. reading time":"1 minute"},"schema":{"@context":"https:\/\/schema.org","@graph":[{"@type":"WebPage","@id":"https:\/\/platyphoto.com\/produit\/panasonic-lumix-dmc-fs40-14mpx\/","url":"https:\/\/platyphoto.com\/produit\/panasonic-lumix-dmc-fs40-14mpx\/","name":"Panasonic Lumix DMC-FS40 14mpx - Platyphoto","isPartOf":{"@id":"https:\/\/platyphoto.com\/#website"},"primaryImageOfPage":{"@id":"https:\/\/platyphoto.com\/produit\/panasonic-lumix-dmc-fs40-14mpx\/#primaryimage"},"image":{"@id":"https:\/\/platyphoto.com\/produit\/panasonic-lumix-dmc-fs40-14mpx\/#primaryimage"},"thumbnailUrl":"https:\/\/i0.wp.com\/platyphoto.com\/wp-content\/uploads\/2024\/09\/Lumix-DMC-FS40.jpg?fit=1505%2C1000&ssl=1","datePublished":"2024-09-10T06:46:29+00:00","dateModified":"2025-01-13T19:45:43+00:00","description":"Appareil photo num\u00e9rique Panasonic Lumix DMC-FS40 14mpx tr\u00e8s sympa, divers modes de prises de vues, sc\u00e8nes, auto et vid\u00e9o. Tr\u00e8s bon \u00e9tat g\u00e9n\u00e9ral, vendu complet avec carte SD 4go (677 photos en qualit\u00e9 max) et chargeur. Objectif Leica de haute qualit\u00e9.","breadcrumb":{"@id":"https:\/\/platyphoto.com\/produit\/panasonic-lumix-dmc-fs40-14mpx\/#breadcrumb"},"inLanguage":"en-US","potentialAction":[{"@type":"ReadAction","target":["https:\/\/platyphoto.com\/produit\/panasonic-lumix-dmc-fs40-14mpx\/"]}]},{"@type":"ImageObject","inLanguage":"en-US","@id":"https:\/\/platyphoto.com\/produit\/panasonic-lumix-dmc-fs40-14mpx\/#primaryimage","url":"https:\/\/i0.wp.com\/platyphoto.com\/wp-content\/uploads\/2024\/09\/Lumix-DMC-FS40.jpg?fit=1505%2C1000&ssl=1","contentUrl":"https:\/\/i0.wp.com\/platyphoto.com\/wp-content\/uploads\/2024\/09\/Lumix-DMC-FS40.jpg?fit=1505%2C1000&ssl=1","width":1505,"height":1000,"caption":"Panasonic Lumix DMC-FS40 14mpx"},{"@type":"BreadcrumbList","@id":"https:\/\/platyphoto.com\/produit\/panasonic-lumix-dmc-fs40-14mpx\/#breadcrumb","itemListElement":[{"@type":"ListItem","position":1,"name":"Accueil","item":"https:\/\/platyphoto.com\/"},{"@type":"ListItem","position":2,"name":"Boutique","item":"https:\/\/platyphoto.com\/boutique\/"},{"@type":"ListItem","position":3,"name":"Panasonic Lumix DMC-FS40 14mpx"}]},{"@type":"WebSite","@id":"https:\/\/platyphoto.com\/#website","url":"https:\/\/platyphoto.com\/","name":"Platyphoto","description":"Appareils photos argentiques, objectifs et accessoires de qualit\u00e9.","publisher":{"@id":"https:\/\/platyphoto.com\/#organization"},"potentialAction":[{"@type":"SearchAction","target":{"@type":"EntryPoint","urlTemplate":"https:\/\/platyphoto.com\/?s={search_term_string}"},"query-input":{"@type":"PropertyValueSpecification","valueRequired":true,"valueName":"search_term_string"}}],"inLanguage":"en-US"},{"@type":"Organization","@id":"https:\/\/platyphoto.com\/#organization","name":"Platyphoto","alternateName":"Platyphoto","url":"https:\/\/platyphoto.com\/","logo":{"@type":"ImageObject","inLanguage":"en-US","@id":"https:\/\/platyphoto.com\/#\/schema\/logo\/image\/","url":"https:\/\/i0.wp.com\/platyphoto.com\/wp-content\/uploads\/2020\/11\/cropped-header.jpg?fit=1500%2C282&ssl=1","contentUrl":"https:\/\/i0.wp.com\/platyphoto.com\/wp-content\/uploads\/2020\/11\/cropped-header.jpg?fit=1500%2C282&ssl=1","width":1500,"height":282,"caption":"Platyphoto"},"image":{"@id":"https:\/\/platyphoto.com\/#\/schema\/logo\/image\/"},"sameAs":["https:\/\/www.instagram.com\/platyphoto\/"]}]}},"jetpack_publicize_connections":[],"jetpack_likes_enabled":false,"jetpack_sharing_enabled":true,"_links":{"self":[{"href":"https:\/\/platyphoto.com\/en\/wp-json\/wp\/v2\/product\/12911","targetHints":{"allow":["GET"]}}],"collection":[{"href":"https:\/\/platyphoto.com\/en\/wp-json\/wp\/v2\/product"}],"about":[{"href":"https:\/\/platyphoto.com\/en\/wp-json\/wp\/v2\/types\/product"}],"wp:featuredmedia":[{"embeddable":true,"href":"https:\/\/platyphoto.com\/en\/wp-json\/wp\/v2\/media\/12914"}],"wp:attachment":[{"href":"https:\/\/platyphoto.com\/en\/wp-json\/wp\/v2\/media?parent=12911"}],"wp:term":[{"taxonomy":"product_brand","embeddable":true,"href":"https:\/\/platyphoto.com\/en\/wp-json\/wp\/v2\/product_brand?post=12911"},{"taxonomy":"product_cat","embeddable":true,"href":"https:\/\/platyphoto.com\/en\/wp-json\/wp\/v2\/product_cat?post=12911"},{"taxonomy":"product_tag","embeddable":true,"href":"https:\/\/platyphoto.com\/en\/wp-json\/wp\/v2\/product_tag?post=12911"}],"curies":[{"name":"wp","href":"https:\/\/api.w.org\/{rel}","templated":true}]}}