{"id":12955,"date":"2024-09-10T22:21:16","date_gmt":"2024-09-10T20:21:16","guid":{"rendered":"https:\/\/platyphoto.com\/?post_type=product&#038;p=12955"},"modified":"2024-12-31T01:18:35","modified_gmt":"2024-12-31T00:18:35","slug":"pentax-optio-e10-6mpx","status":"publish","type":"product","link":"https:\/\/platyphoto.com\/en\/product\/pentax-optio-e10-6mpx\/","title":{"rendered":"Pentax Optio E10 6mpx"},"content":{"rendered":"<p><strong>Marque<\/strong> : Pentax<\/p>\n<p><strong>Mod\u00e8le<\/strong> : Optio E10<\/p>\n<p><strong>Objectif<\/strong> : 5.5-16.5 mm<\/p>\n<p><strong>D\u00e9finition<\/strong> : 6 millions de pixels<\/p>\n<p><strong>Piles : <\/strong>2x AA (non fournies)<\/p>\n<p>Pentax Optio E10 6mpx. Appareil photo num\u00e9rique de qualit\u00e9, grand \u00e9cran agr\u00e9able \u00e0 utiliser. Divers modes de prises de vues, paysage, plage, nuit ect.., mode vid\u00e9o pr\u00e9sent. Fourni avec une carte SD de 1go (263 photos en qualit\u00e9 max)<\/p>\n<p>Bel \u00e9tat,100% fonctionnel et garanti 3 mois.<\/p>","protected":false},"excerpt":{"rendered":"<p>Marque : Pentax Mod\u00e8le : Optio E10 Objectif : 5.5-16.5 mm D\u00e9finition : 6 millions de pixels Piles : 2x AA (non fournies) Pentax Optio E10 6mpx. Appareil photo num\u00e9rique de qualit\u00e9, grand \u00e9cran agr\u00e9able \u00e0 utiliser. Divers modes de prises de vues, paysage, plage, nuit ect.., mode vid\u00e9o pr\u00e9sent. Fourni avec une carte SD [&hellip;]<\/p>\n","protected":false},"featured_media":12958,"template":"","meta":{"_coblocks_attr":"","_coblocks_dimensions":"","_coblocks_responsive_height":"","_coblocks_accordion_ie_support":"","_crdt_document":"","jetpack_post_was_ever_published":false,"jetpack_publicize_message":"","jetpack_publicize_feature_enabled":true,"jetpack_social_post_already_shared":true,"jetpack_social_options":{"image_generator_settings":{"template":"highway","default_image_id":0,"font":"","enabled":false},"version":2},"_wpas_customize_per_network":false},"product_brand":[],"product_cat":[6349,6545],"product_tag":[],"class_list":{"0":"post-12955","1":"product","2":"type-product","3":"status-publish","4":"has-post-thumbnail","6":"product_cat-appareils","7":"product_cat-numeriques","9":"first","10":"outofstock","11":"shipping-taxable","12":"purchasable","13":"product-type-simple"},"yoast_head":"<!-- This site is optimized with the Yoast SEO plugin v27.3 - https:\/\/yoast.com\/product\/yoast-seo-wordpress\/ -->\n<title>Pentax Optio E10 6mpx - Platyphoto<\/title>\n<meta name=\"description\" content=\"Pentax Optio E10 6mpx. Appareil photo num\u00e9rique de qualit\u00e9, grand \u00e9cran agr\u00e9able \u00e0 utiliser. Divers modes de prises de vues, paysage, plage, nuit ect.., mode vid\u00e9o pr\u00e9sent. Fourni avec une carte SD de 1go (263 photos en qualit\u00e9 max)\" \/>\n<meta name=\"robots\" content=\"index, follow, max-snippet:-1, max-image-preview:large, max-video-preview:-1\" \/>\n<link rel=\"canonical\" href=\"https:\/\/platyphoto.com\/en\/product\/pentax-optio-e10-6mpx\/\" \/>\n<meta property=\"og:locale\" content=\"en_US\" \/>\n<meta property=\"og:type\" content=\"article\" \/>\n<meta property=\"og:title\" content=\"Pentax Optio E10 6mpx - Platyphoto\" \/>\n<meta property=\"og:description\" content=\"Pentax Optio E10 6mpx. Appareil photo num\u00e9rique de qualit\u00e9, grand \u00e9cran agr\u00e9able \u00e0 utiliser. Divers modes de prises de vues, paysage, plage, nuit ect.., mode vid\u00e9o pr\u00e9sent. Fourni avec une carte SD de 1go (263 photos en qualit\u00e9 max)\" \/>\n<meta property=\"og:url\" content=\"https:\/\/platyphoto.com\/en\/product\/pentax-optio-e10-6mpx\/\" \/>\n<meta property=\"og:site_name\" content=\"Platyphoto\" \/>\n<meta property=\"article:modified_time\" content=\"2024-12-31T00:18:35+00:00\" \/>\n<meta property=\"og:image\" content=\"https:\/\/platyphoto.com\/wp-content\/uploads\/2024\/09\/Pentax-Optio-E10.jpg\" \/>\n\t<meta property=\"og:image:width\" content=\"1505\" \/>\n\t<meta property=\"og:image:height\" content=\"1000\" \/>\n\t<meta property=\"og:image:type\" content=\"image\/jpeg\" \/>\n<meta name=\"twitter:card\" content=\"summary_large_image\" \/>\n<meta name=\"twitter:label1\" content=\"Est. reading time\" \/>\n\t<meta name=\"twitter:data1\" content=\"1 minute\" \/>\n<script type=\"application\/ld+json\" class=\"yoast-schema-graph\">{\"@context\":\"https:\\\/\\\/schema.org\",\"@graph\":[{\"@type\":\"WebPage\",\"@id\":\"https:\\\/\\\/platyphoto.com\\\/produit\\\/pentax-optio-e10-6mpx\\\/\",\"url\":\"https:\\\/\\\/platyphoto.com\\\/produit\\\/pentax-optio-e10-6mpx\\\/\",\"name\":\"Pentax Optio E10 6mpx - Platyphoto\",\"isPartOf\":{\"@id\":\"https:\\\/\\\/platyphoto.com\\\/#website\"},\"primaryImageOfPage\":{\"@id\":\"https:\\\/\\\/platyphoto.com\\\/produit\\\/pentax-optio-e10-6mpx\\\/#primaryimage\"},\"image\":{\"@id\":\"https:\\\/\\\/platyphoto.com\\\/produit\\\/pentax-optio-e10-6mpx\\\/#primaryimage\"},\"thumbnailUrl\":\"https:\\\/\\\/i0.wp.com\\\/platyphoto.com\\\/wp-content\\\/uploads\\\/2024\\\/09\\\/Pentax-Optio-E10.jpg?fit=1505%2C1000&ssl=1\",\"datePublished\":\"2024-09-10T20:21:16+00:00\",\"dateModified\":\"2024-12-31T00:18:35+00:00\",\"description\":\"Pentax Optio E10 6mpx. Appareil photo num\u00e9rique de qualit\u00e9, grand \u00e9cran agr\u00e9able \u00e0 utiliser. Divers modes de prises de vues, paysage, plage, nuit ect.., mode vid\u00e9o pr\u00e9sent. Fourni avec une carte SD de 1go (263 photos en qualit\u00e9 max)\",\"breadcrumb\":{\"@id\":\"https:\\\/\\\/platyphoto.com\\\/produit\\\/pentax-optio-e10-6mpx\\\/#breadcrumb\"},\"inLanguage\":\"en-US\",\"potentialAction\":[{\"@type\":\"ReadAction\",\"target\":[\"https:\\\/\\\/platyphoto.com\\\/produit\\\/pentax-optio-e10-6mpx\\\/\"]}]},{\"@type\":\"ImageObject\",\"inLanguage\":\"en-US\",\"@id\":\"https:\\\/\\\/platyphoto.com\\\/produit\\\/pentax-optio-e10-6mpx\\\/#primaryimage\",\"url\":\"https:\\\/\\\/i0.wp.com\\\/platyphoto.com\\\/wp-content\\\/uploads\\\/2024\\\/09\\\/Pentax-Optio-E10.jpg?fit=1505%2C1000&ssl=1\",\"contentUrl\":\"https:\\\/\\\/i0.wp.com\\\/platyphoto.com\\\/wp-content\\\/uploads\\\/2024\\\/09\\\/Pentax-Optio-E10.jpg?fit=1505%2C1000&ssl=1\",\"width\":1505,\"height\":1000,\"caption\":\"Pentax Optio E10 6mpx\"},{\"@type\":\"BreadcrumbList\",\"@id\":\"https:\\\/\\\/platyphoto.com\\\/produit\\\/pentax-optio-e10-6mpx\\\/#breadcrumb\",\"itemListElement\":[{\"@type\":\"ListItem\",\"position\":1,\"name\":\"Accueil\",\"item\":\"https:\\\/\\\/platyphoto.com\\\/\"},{\"@type\":\"ListItem\",\"position\":2,\"name\":\"Boutique\",\"item\":\"https:\\\/\\\/platyphoto.com\\\/boutique\\\/\"},{\"@type\":\"ListItem\",\"position\":3,\"name\":\"Pentax Optio E10 6mpx\"}]},{\"@type\":\"WebSite\",\"@id\":\"https:\\\/\\\/platyphoto.com\\\/#website\",\"url\":\"https:\\\/\\\/platyphoto.com\\\/\",\"name\":\"Platyphoto\",\"description\":\"Appareils photos argentiques, objectifs et accessoires de qualit\u00e9.\",\"publisher\":{\"@id\":\"https:\\\/\\\/platyphoto.com\\\/#organization\"},\"potentialAction\":[{\"@type\":\"SearchAction\",\"target\":{\"@type\":\"EntryPoint\",\"urlTemplate\":\"https:\\\/\\\/platyphoto.com\\\/?s={search_term_string}\"},\"query-input\":{\"@type\":\"PropertyValueSpecification\",\"valueRequired\":true,\"valueName\":\"search_term_string\"}}],\"inLanguage\":\"en-US\"},{\"@type\":\"Organization\",\"@id\":\"https:\\\/\\\/platyphoto.com\\\/#organization\",\"name\":\"Platyphoto\",\"alternateName\":\"Platyphoto\",\"url\":\"https:\\\/\\\/platyphoto.com\\\/\",\"logo\":{\"@type\":\"ImageObject\",\"inLanguage\":\"en-US\",\"@id\":\"https:\\\/\\\/platyphoto.com\\\/#\\\/schema\\\/logo\\\/image\\\/\",\"url\":\"https:\\\/\\\/i0.wp.com\\\/platyphoto.com\\\/wp-content\\\/uploads\\\/2020\\\/11\\\/cropped-header.jpg?fit=1500%2C282&ssl=1\",\"contentUrl\":\"https:\\\/\\\/i0.wp.com\\\/platyphoto.com\\\/wp-content\\\/uploads\\\/2020\\\/11\\\/cropped-header.jpg?fit=1500%2C282&ssl=1\",\"width\":1500,\"height\":282,\"caption\":\"Platyphoto\"},\"image\":{\"@id\":\"https:\\\/\\\/platyphoto.com\\\/#\\\/schema\\\/logo\\\/image\\\/\"},\"sameAs\":[\"https:\\\/\\\/www.instagram.com\\\/platyphoto\\\/\"]}]}<\/script>\n<!-- \/ Yoast SEO plugin. -->","yoast_head_json":{"title":"Pentax Optio E10 6mpx - Platyphoto","description":"Pentax Optio E10 6mpx. Appareil photo num\u00e9rique de qualit\u00e9, grand \u00e9cran agr\u00e9able \u00e0 utiliser. Divers modes de prises de vues, paysage, plage, nuit ect.., mode vid\u00e9o pr\u00e9sent. Fourni avec une carte SD de 1go (263 photos en qualit\u00e9 max)","robots":{"index":"index","follow":"follow","max-snippet":"max-snippet:-1","max-image-preview":"max-image-preview:large","max-video-preview":"max-video-preview:-1"},"canonical":"https:\/\/platyphoto.com\/en\/product\/pentax-optio-e10-6mpx\/","og_locale":"en_US","og_type":"article","og_title":"Pentax Optio E10 6mpx - Platyphoto","og_description":"Pentax Optio E10 6mpx. Appareil photo num\u00e9rique de qualit\u00e9, grand \u00e9cran agr\u00e9able \u00e0 utiliser. Divers modes de prises de vues, paysage, plage, nuit ect.., mode vid\u00e9o pr\u00e9sent. Fourni avec une carte SD de 1go (263 photos en qualit\u00e9 max)","og_url":"https:\/\/platyphoto.com\/en\/product\/pentax-optio-e10-6mpx\/","og_site_name":"Platyphoto","article_modified_time":"2024-12-31T00:18:35+00:00","og_image":[{"width":1505,"height":1000,"url":"https:\/\/platyphoto.com\/wp-content\/uploads\/2024\/09\/Pentax-Optio-E10.jpg","type":"image\/jpeg"}],"twitter_card":"summary_large_image","twitter_misc":{"Est. reading time":"1 minute"},"schema":{"@context":"https:\/\/schema.org","@graph":[{"@type":"WebPage","@id":"https:\/\/platyphoto.com\/produit\/pentax-optio-e10-6mpx\/","url":"https:\/\/platyphoto.com\/produit\/pentax-optio-e10-6mpx\/","name":"Pentax Optio E10 6mpx - Platyphoto","isPartOf":{"@id":"https:\/\/platyphoto.com\/#website"},"primaryImageOfPage":{"@id":"https:\/\/platyphoto.com\/produit\/pentax-optio-e10-6mpx\/#primaryimage"},"image":{"@id":"https:\/\/platyphoto.com\/produit\/pentax-optio-e10-6mpx\/#primaryimage"},"thumbnailUrl":"https:\/\/i0.wp.com\/platyphoto.com\/wp-content\/uploads\/2024\/09\/Pentax-Optio-E10.jpg?fit=1505%2C1000&ssl=1","datePublished":"2024-09-10T20:21:16+00:00","dateModified":"2024-12-31T00:18:35+00:00","description":"Pentax Optio E10 6mpx. Appareil photo num\u00e9rique de qualit\u00e9, grand \u00e9cran agr\u00e9able \u00e0 utiliser. Divers modes de prises de vues, paysage, plage, nuit ect.., mode vid\u00e9o pr\u00e9sent. Fourni avec une carte SD de 1go (263 photos en qualit\u00e9 max)","breadcrumb":{"@id":"https:\/\/platyphoto.com\/produit\/pentax-optio-e10-6mpx\/#breadcrumb"},"inLanguage":"en-US","potentialAction":[{"@type":"ReadAction","target":["https:\/\/platyphoto.com\/produit\/pentax-optio-e10-6mpx\/"]}]},{"@type":"ImageObject","inLanguage":"en-US","@id":"https:\/\/platyphoto.com\/produit\/pentax-optio-e10-6mpx\/#primaryimage","url":"https:\/\/i0.wp.com\/platyphoto.com\/wp-content\/uploads\/2024\/09\/Pentax-Optio-E10.jpg?fit=1505%2C1000&ssl=1","contentUrl":"https:\/\/i0.wp.com\/platyphoto.com\/wp-content\/uploads\/2024\/09\/Pentax-Optio-E10.jpg?fit=1505%2C1000&ssl=1","width":1505,"height":1000,"caption":"Pentax Optio E10 6mpx"},{"@type":"BreadcrumbList","@id":"https:\/\/platyphoto.com\/produit\/pentax-optio-e10-6mpx\/#breadcrumb","itemListElement":[{"@type":"ListItem","position":1,"name":"Accueil","item":"https:\/\/platyphoto.com\/"},{"@type":"ListItem","position":2,"name":"Boutique","item":"https:\/\/platyphoto.com\/boutique\/"},{"@type":"ListItem","position":3,"name":"Pentax Optio E10 6mpx"}]},{"@type":"WebSite","@id":"https:\/\/platyphoto.com\/#website","url":"https:\/\/platyphoto.com\/","name":"Platyphoto","description":"Appareils photos argentiques, objectifs et accessoires de qualit\u00e9.","publisher":{"@id":"https:\/\/platyphoto.com\/#organization"},"potentialAction":[{"@type":"SearchAction","target":{"@type":"EntryPoint","urlTemplate":"https:\/\/platyphoto.com\/?s={search_term_string}"},"query-input":{"@type":"PropertyValueSpecification","valueRequired":true,"valueName":"search_term_string"}}],"inLanguage":"en-US"},{"@type":"Organization","@id":"https:\/\/platyphoto.com\/#organization","name":"Platyphoto","alternateName":"Platyphoto","url":"https:\/\/platyphoto.com\/","logo":{"@type":"ImageObject","inLanguage":"en-US","@id":"https:\/\/platyphoto.com\/#\/schema\/logo\/image\/","url":"https:\/\/i0.wp.com\/platyphoto.com\/wp-content\/uploads\/2020\/11\/cropped-header.jpg?fit=1500%2C282&ssl=1","contentUrl":"https:\/\/i0.wp.com\/platyphoto.com\/wp-content\/uploads\/2020\/11\/cropped-header.jpg?fit=1500%2C282&ssl=1","width":1500,"height":282,"caption":"Platyphoto"},"image":{"@id":"https:\/\/platyphoto.com\/#\/schema\/logo\/image\/"},"sameAs":["https:\/\/www.instagram.com\/platyphoto\/"]}]}},"jetpack_publicize_connections":[],"jetpack_likes_enabled":false,"jetpack_sharing_enabled":true,"_links":{"self":[{"href":"https:\/\/platyphoto.com\/en\/wp-json\/wp\/v2\/product\/12955","targetHints":{"allow":["GET"]}}],"collection":[{"href":"https:\/\/platyphoto.com\/en\/wp-json\/wp\/v2\/product"}],"about":[{"href":"https:\/\/platyphoto.com\/en\/wp-json\/wp\/v2\/types\/product"}],"wp:featuredmedia":[{"embeddable":true,"href":"https:\/\/platyphoto.com\/en\/wp-json\/wp\/v2\/media\/12958"}],"wp:attachment":[{"href":"https:\/\/platyphoto.com\/en\/wp-json\/wp\/v2\/media?parent=12955"}],"wp:term":[{"taxonomy":"product_brand","embeddable":true,"href":"https:\/\/platyphoto.com\/en\/wp-json\/wp\/v2\/product_brand?post=12955"},{"taxonomy":"product_cat","embeddable":true,"href":"https:\/\/platyphoto.com\/en\/wp-json\/wp\/v2\/product_cat?post=12955"},{"taxonomy":"product_tag","embeddable":true,"href":"https:\/\/platyphoto.com\/en\/wp-json\/wp\/v2\/product_tag?post=12955"}],"curies":[{"name":"wp","href":"https:\/\/api.w.org\/{rel}","templated":true}]}}