{"id":13103,"date":"2024-09-22T17:57:00","date_gmt":"2024-09-22T15:57:00","guid":{"rendered":"https:\/\/platyphoto.com\/?post_type=product&#038;p=13103"},"modified":"2025-04-09T09:19:46","modified_gmt":"2025-04-09T07:19:46","slug":"nikon-ai-s-nikkor-35mm-f2","status":"publish","type":"product","link":"https:\/\/platyphoto.com\/en\/product\/nikon-ai-s-nikkor-35mm-f2\/","title":{"rendered":"Nikon AI-S Nikkor 35mm F:2"},"content":{"rendered":"<p><strong>Marque<\/strong> : Nikon<\/p>\n<p><strong>Mod\u00e8le<\/strong> : Nikkor 35mm F:2<\/p>\n<p><strong>Monture :<\/strong> Nikon AI-S<\/p>\n<p>L\u00e9ger grand angle \u00e0 grande ouverture Nikon AI-S Nikkor 35mm F:2. Bel \u00e9tat g\u00e9n\u00e9ral.<\/p>\n<p><strong>Concernant l\u2019\u00e9tat :<\/strong><\/p>\n<p>Exterieur : 9\/10, traces d\u2019usages<\/p>\n<p>Optique : 7\/10, pr\u00e9sence de micro poussi\u00e8res, sans incidence sur la qualit\u00e9 des images.<\/p>\n<p>M\u00e9canique : 9\/10, 100% fonctionnel, mise au point fluide et agr\u00e9able, diaphragme ok.<\/p>","protected":false},"excerpt":{"rendered":"<p>Marque : Nikon Mod\u00e8le : Nikkor 35mm F:2 Monture : Nikon AI-S L\u00e9ger grand angle \u00e0 grande ouverture Nikon AI-S Nikkor 35mm F:2. Bel \u00e9tat g\u00e9n\u00e9ral. Concernant l\u2019\u00e9tat : Exterieur : 9\/10, traces d\u2019usages Optique : 7\/10, pr\u00e9sence de micro poussi\u00e8res, sans incidence sur la qualit\u00e9 des images. M\u00e9canique : 9\/10, 100% fonctionnel, mise au [&hellip;]<\/p>\n","protected":false},"featured_media":13106,"template":"","meta":{"_coblocks_attr":"","_coblocks_dimensions":"","_coblocks_responsive_height":"","_coblocks_accordion_ie_support":"","_crdt_document":"","jetpack_post_was_ever_published":false,"jetpack_publicize_message":"","jetpack_publicize_feature_enabled":true,"jetpack_social_post_already_shared":true,"jetpack_social_options":{"image_generator_settings":{"template":"highway","default_image_id":0,"font":"","enabled":false},"version":2},"_wpas_customize_per_network":false},"product_brand":[],"product_cat":[6550],"product_tag":[],"class_list":{"0":"post-13103","1":"product","2":"type-product","3":"status-publish","4":"has-post-thumbnail","6":"product_cat-hall-of-fame-2","8":"first","9":"outofstock","10":"shipping-taxable","11":"purchasable","12":"product-type-simple"},"yoast_head":"<!-- This site is optimized with the Yoast SEO plugin v27.3 - https:\/\/yoast.com\/product\/yoast-seo-wordpress\/ -->\n<title>Nikon AI-S Nikkor 35mm F:2 - Platyphoto<\/title>\n<meta name=\"description\" content=\"L\u00e9ger grand angle \u00e0 grande ouverture Nikon AI-S Nikkor 35mm F:2. Bel \u00e9tat g\u00e9n\u00e9ral.\" \/>\n<meta name=\"robots\" content=\"index, follow, max-snippet:-1, max-image-preview:large, max-video-preview:-1\" \/>\n<link rel=\"canonical\" href=\"https:\/\/platyphoto.com\/en\/product\/nikon-ai-s-nikkor-35mm-f2\/\" \/>\n<meta property=\"og:locale\" content=\"en_US\" \/>\n<meta property=\"og:type\" content=\"article\" \/>\n<meta property=\"og:title\" content=\"Nikon AI-S Nikkor 35mm F:2 - Platyphoto\" \/>\n<meta property=\"og:description\" content=\"L\u00e9ger grand angle \u00e0 grande ouverture Nikon AI-S Nikkor 35mm F:2. Bel \u00e9tat g\u00e9n\u00e9ral.\" \/>\n<meta property=\"og:url\" content=\"https:\/\/platyphoto.com\/en\/product\/nikon-ai-s-nikkor-35mm-f2\/\" \/>\n<meta property=\"og:site_name\" content=\"Platyphoto\" \/>\n<meta property=\"article:modified_time\" content=\"2025-04-09T07:19:46+00:00\" \/>\n<meta property=\"og:image\" content=\"https:\/\/platyphoto.com\/wp-content\/uploads\/2024\/09\/AIS-nikkor-35mm-F2.jpg\" \/>\n\t<meta property=\"og:image:width\" content=\"1505\" \/>\n\t<meta property=\"og:image:height\" content=\"1000\" \/>\n\t<meta property=\"og:image:type\" content=\"image\/jpeg\" \/>\n<meta name=\"twitter:card\" content=\"summary_large_image\" \/>\n<meta name=\"twitter:label1\" content=\"Est. reading time\" \/>\n\t<meta name=\"twitter:data1\" content=\"1 minute\" \/>\n<script type=\"application\/ld+json\" class=\"yoast-schema-graph\">{\"@context\":\"https:\\\/\\\/schema.org\",\"@graph\":[{\"@type\":\"WebPage\",\"@id\":\"https:\\\/\\\/platyphoto.com\\\/produit\\\/nikon-ai-s-nikkor-35mm-f2\\\/\",\"url\":\"https:\\\/\\\/platyphoto.com\\\/produit\\\/nikon-ai-s-nikkor-35mm-f2\\\/\",\"name\":\"Nikon AI-S Nikkor 35mm F:2 - Platyphoto\",\"isPartOf\":{\"@id\":\"https:\\\/\\\/platyphoto.com\\\/#website\"},\"primaryImageOfPage\":{\"@id\":\"https:\\\/\\\/platyphoto.com\\\/produit\\\/nikon-ai-s-nikkor-35mm-f2\\\/#primaryimage\"},\"image\":{\"@id\":\"https:\\\/\\\/platyphoto.com\\\/produit\\\/nikon-ai-s-nikkor-35mm-f2\\\/#primaryimage\"},\"thumbnailUrl\":\"https:\\\/\\\/i0.wp.com\\\/platyphoto.com\\\/wp-content\\\/uploads\\\/2024\\\/09\\\/AIS-nikkor-35mm-F2.jpg?fit=1505%2C1000&ssl=1\",\"datePublished\":\"2024-09-22T15:57:00+00:00\",\"dateModified\":\"2025-04-09T07:19:46+00:00\",\"description\":\"L\u00e9ger grand angle \u00e0 grande ouverture Nikon AI-S Nikkor 35mm F:2. Bel \u00e9tat g\u00e9n\u00e9ral.\",\"breadcrumb\":{\"@id\":\"https:\\\/\\\/platyphoto.com\\\/produit\\\/nikon-ai-s-nikkor-35mm-f2\\\/#breadcrumb\"},\"inLanguage\":\"en-US\",\"potentialAction\":[{\"@type\":\"ReadAction\",\"target\":[\"https:\\\/\\\/platyphoto.com\\\/produit\\\/nikon-ai-s-nikkor-35mm-f2\\\/\"]}]},{\"@type\":\"ImageObject\",\"inLanguage\":\"en-US\",\"@id\":\"https:\\\/\\\/platyphoto.com\\\/produit\\\/nikon-ai-s-nikkor-35mm-f2\\\/#primaryimage\",\"url\":\"https:\\\/\\\/i0.wp.com\\\/platyphoto.com\\\/wp-content\\\/uploads\\\/2024\\\/09\\\/AIS-nikkor-35mm-F2.jpg?fit=1505%2C1000&ssl=1\",\"contentUrl\":\"https:\\\/\\\/i0.wp.com\\\/platyphoto.com\\\/wp-content\\\/uploads\\\/2024\\\/09\\\/AIS-nikkor-35mm-F2.jpg?fit=1505%2C1000&ssl=1\",\"width\":1505,\"height\":1000,\"caption\":\"Nikon AI-S Nikkor 35mm F:2\"},{\"@type\":\"BreadcrumbList\",\"@id\":\"https:\\\/\\\/platyphoto.com\\\/produit\\\/nikon-ai-s-nikkor-35mm-f2\\\/#breadcrumb\",\"itemListElement\":[{\"@type\":\"ListItem\",\"position\":1,\"name\":\"Accueil\",\"item\":\"https:\\\/\\\/platyphoto.com\\\/\"},{\"@type\":\"ListItem\",\"position\":2,\"name\":\"Boutique\",\"item\":\"https:\\\/\\\/platyphoto.com\\\/boutique\\\/\"},{\"@type\":\"ListItem\",\"position\":3,\"name\":\"Nikon AI-S Nikkor 35mm F:2\"}]},{\"@type\":\"WebSite\",\"@id\":\"https:\\\/\\\/platyphoto.com\\\/#website\",\"url\":\"https:\\\/\\\/platyphoto.com\\\/\",\"name\":\"Platyphoto\",\"description\":\"Appareils photos argentiques, objectifs et accessoires de qualit\u00e9.\",\"publisher\":{\"@id\":\"https:\\\/\\\/platyphoto.com\\\/#organization\"},\"potentialAction\":[{\"@type\":\"SearchAction\",\"target\":{\"@type\":\"EntryPoint\",\"urlTemplate\":\"https:\\\/\\\/platyphoto.com\\\/?s={search_term_string}\"},\"query-input\":{\"@type\":\"PropertyValueSpecification\",\"valueRequired\":true,\"valueName\":\"search_term_string\"}}],\"inLanguage\":\"en-US\"},{\"@type\":\"Organization\",\"@id\":\"https:\\\/\\\/platyphoto.com\\\/#organization\",\"name\":\"Platyphoto\",\"alternateName\":\"Platyphoto\",\"url\":\"https:\\\/\\\/platyphoto.com\\\/\",\"logo\":{\"@type\":\"ImageObject\",\"inLanguage\":\"en-US\",\"@id\":\"https:\\\/\\\/platyphoto.com\\\/#\\\/schema\\\/logo\\\/image\\\/\",\"url\":\"https:\\\/\\\/i0.wp.com\\\/platyphoto.com\\\/wp-content\\\/uploads\\\/2020\\\/11\\\/cropped-header.jpg?fit=1500%2C282&ssl=1\",\"contentUrl\":\"https:\\\/\\\/i0.wp.com\\\/platyphoto.com\\\/wp-content\\\/uploads\\\/2020\\\/11\\\/cropped-header.jpg?fit=1500%2C282&ssl=1\",\"width\":1500,\"height\":282,\"caption\":\"Platyphoto\"},\"image\":{\"@id\":\"https:\\\/\\\/platyphoto.com\\\/#\\\/schema\\\/logo\\\/image\\\/\"},\"sameAs\":[\"https:\\\/\\\/www.instagram.com\\\/platyphoto\\\/\"]}]}<\/script>\n<!-- \/ Yoast SEO plugin. -->","yoast_head_json":{"title":"Nikon AI-S Nikkor 35mm F:2 - Platyphoto","description":"L\u00e9ger grand angle \u00e0 grande ouverture Nikon AI-S Nikkor 35mm F:2. Bel \u00e9tat g\u00e9n\u00e9ral.","robots":{"index":"index","follow":"follow","max-snippet":"max-snippet:-1","max-image-preview":"max-image-preview:large","max-video-preview":"max-video-preview:-1"},"canonical":"https:\/\/platyphoto.com\/en\/product\/nikon-ai-s-nikkor-35mm-f2\/","og_locale":"en_US","og_type":"article","og_title":"Nikon AI-S Nikkor 35mm F:2 - Platyphoto","og_description":"L\u00e9ger grand angle \u00e0 grande ouverture Nikon AI-S Nikkor 35mm F:2. Bel \u00e9tat g\u00e9n\u00e9ral.","og_url":"https:\/\/platyphoto.com\/en\/product\/nikon-ai-s-nikkor-35mm-f2\/","og_site_name":"Platyphoto","article_modified_time":"2025-04-09T07:19:46+00:00","og_image":[{"width":1505,"height":1000,"url":"https:\/\/platyphoto.com\/wp-content\/uploads\/2024\/09\/AIS-nikkor-35mm-F2.jpg","type":"image\/jpeg"}],"twitter_card":"summary_large_image","twitter_misc":{"Est. reading time":"1 minute"},"schema":{"@context":"https:\/\/schema.org","@graph":[{"@type":"WebPage","@id":"https:\/\/platyphoto.com\/produit\/nikon-ai-s-nikkor-35mm-f2\/","url":"https:\/\/platyphoto.com\/produit\/nikon-ai-s-nikkor-35mm-f2\/","name":"Nikon AI-S Nikkor 35mm F:2 - Platyphoto","isPartOf":{"@id":"https:\/\/platyphoto.com\/#website"},"primaryImageOfPage":{"@id":"https:\/\/platyphoto.com\/produit\/nikon-ai-s-nikkor-35mm-f2\/#primaryimage"},"image":{"@id":"https:\/\/platyphoto.com\/produit\/nikon-ai-s-nikkor-35mm-f2\/#primaryimage"},"thumbnailUrl":"https:\/\/i0.wp.com\/platyphoto.com\/wp-content\/uploads\/2024\/09\/AIS-nikkor-35mm-F2.jpg?fit=1505%2C1000&ssl=1","datePublished":"2024-09-22T15:57:00+00:00","dateModified":"2025-04-09T07:19:46+00:00","description":"L\u00e9ger grand angle \u00e0 grande ouverture Nikon AI-S Nikkor 35mm F:2. Bel \u00e9tat g\u00e9n\u00e9ral.","breadcrumb":{"@id":"https:\/\/platyphoto.com\/produit\/nikon-ai-s-nikkor-35mm-f2\/#breadcrumb"},"inLanguage":"en-US","potentialAction":[{"@type":"ReadAction","target":["https:\/\/platyphoto.com\/produit\/nikon-ai-s-nikkor-35mm-f2\/"]}]},{"@type":"ImageObject","inLanguage":"en-US","@id":"https:\/\/platyphoto.com\/produit\/nikon-ai-s-nikkor-35mm-f2\/#primaryimage","url":"https:\/\/i0.wp.com\/platyphoto.com\/wp-content\/uploads\/2024\/09\/AIS-nikkor-35mm-F2.jpg?fit=1505%2C1000&ssl=1","contentUrl":"https:\/\/i0.wp.com\/platyphoto.com\/wp-content\/uploads\/2024\/09\/AIS-nikkor-35mm-F2.jpg?fit=1505%2C1000&ssl=1","width":1505,"height":1000,"caption":"Nikon AI-S Nikkor 35mm F:2"},{"@type":"BreadcrumbList","@id":"https:\/\/platyphoto.com\/produit\/nikon-ai-s-nikkor-35mm-f2\/#breadcrumb","itemListElement":[{"@type":"ListItem","position":1,"name":"Accueil","item":"https:\/\/platyphoto.com\/"},{"@type":"ListItem","position":2,"name":"Boutique","item":"https:\/\/platyphoto.com\/boutique\/"},{"@type":"ListItem","position":3,"name":"Nikon AI-S Nikkor 35mm F:2"}]},{"@type":"WebSite","@id":"https:\/\/platyphoto.com\/#website","url":"https:\/\/platyphoto.com\/","name":"Platyphoto","description":"Appareils photos argentiques, objectifs et accessoires de qualit\u00e9.","publisher":{"@id":"https:\/\/platyphoto.com\/#organization"},"potentialAction":[{"@type":"SearchAction","target":{"@type":"EntryPoint","urlTemplate":"https:\/\/platyphoto.com\/?s={search_term_string}"},"query-input":{"@type":"PropertyValueSpecification","valueRequired":true,"valueName":"search_term_string"}}],"inLanguage":"en-US"},{"@type":"Organization","@id":"https:\/\/platyphoto.com\/#organization","name":"Platyphoto","alternateName":"Platyphoto","url":"https:\/\/platyphoto.com\/","logo":{"@type":"ImageObject","inLanguage":"en-US","@id":"https:\/\/platyphoto.com\/#\/schema\/logo\/image\/","url":"https:\/\/i0.wp.com\/platyphoto.com\/wp-content\/uploads\/2020\/11\/cropped-header.jpg?fit=1500%2C282&ssl=1","contentUrl":"https:\/\/i0.wp.com\/platyphoto.com\/wp-content\/uploads\/2020\/11\/cropped-header.jpg?fit=1500%2C282&ssl=1","width":1500,"height":282,"caption":"Platyphoto"},"image":{"@id":"https:\/\/platyphoto.com\/#\/schema\/logo\/image\/"},"sameAs":["https:\/\/www.instagram.com\/platyphoto\/"]}]}},"jetpack_publicize_connections":[],"jetpack_likes_enabled":false,"jetpack_sharing_enabled":true,"_links":{"self":[{"href":"https:\/\/platyphoto.com\/en\/wp-json\/wp\/v2\/product\/13103","targetHints":{"allow":["GET"]}}],"collection":[{"href":"https:\/\/platyphoto.com\/en\/wp-json\/wp\/v2\/product"}],"about":[{"href":"https:\/\/platyphoto.com\/en\/wp-json\/wp\/v2\/types\/product"}],"wp:featuredmedia":[{"embeddable":true,"href":"https:\/\/platyphoto.com\/en\/wp-json\/wp\/v2\/media\/13106"}],"wp:attachment":[{"href":"https:\/\/platyphoto.com\/en\/wp-json\/wp\/v2\/media?parent=13103"}],"wp:term":[{"taxonomy":"product_brand","embeddable":true,"href":"https:\/\/platyphoto.com\/en\/wp-json\/wp\/v2\/product_brand?post=13103"},{"taxonomy":"product_cat","embeddable":true,"href":"https:\/\/platyphoto.com\/en\/wp-json\/wp\/v2\/product_cat?post=13103"},{"taxonomy":"product_tag","embeddable":true,"href":"https:\/\/platyphoto.com\/en\/wp-json\/wp\/v2\/product_tag?post=13103"}],"curies":[{"name":"wp","href":"https:\/\/api.w.org\/{rel}","templated":true}]}}