{"id":13164,"date":"2024-09-25T20:55:27","date_gmt":"2024-09-25T18:55:27","guid":{"rendered":"https:\/\/platyphoto.com\/?post_type=product&#038;p=13164"},"modified":"2024-10-28T10:27:58","modified_gmt":"2024-10-28T09:27:58","slug":"nikon-nikkor-af-85mm-f1-8-d","status":"publish","type":"product","link":"https:\/\/platyphoto.com\/en\/product\/nikon-nikkor-af-85mm-f1-8-d\/","title":{"rendered":"Nikon Nikkor AF 85mm F:1.8 D"},"content":{"rendered":"<p><strong>Marque<\/strong> : Nikon<\/p>\n<p><strong>Mod\u00e8le<\/strong> : Nikkor AF 85mm F:1.8 D<\/p>\n<p><strong>Monture :<\/strong> Nikon<\/p>\n<p>Objectif de qualit\u00e9, le Nikon Nikkor AF 85mm F:1.8 D est tr\u00e8s appr\u00e9ci\u00e9 pour sa focale longue et sa grande ouverture. Parfait pour des portraits de qualit\u00e9 ! L&rsquo;exemplaire pr\u00e9sent\u00e9 ici est en bel \u00e9tat g\u00e9n\u00e9ral, 100% fonctionnel, mise au point ok, autofocus ok, diaphragme ok.<\/p>\n<p><strong>Concernant l\u2019\u00e9tat :<\/strong><\/p>\n<p>Exterieur : 9\/10, l\u00e9g\u00e8res traces d\u2019usages<\/p>\n<p>Optique : 8\/10, pr\u00e9sence de quelques micro poussi\u00e8res, sans incidence sur la qualit\u00e9 des images, pr\u00e9sence d&rsquo;une trace d&rsquo;ancien champignons sur l&rsquo;avant du groupe arri\u00e8re, nettoy\u00e9 mais une trace persiste, sans incidence sur la qualit\u00e9 des images.<\/p>\n<p>M\u00e9canique : 9\/10, 100% fonctionnel<\/p>","protected":false},"excerpt":{"rendered":"<p>Marque : Nikon Mod\u00e8le : Nikkor AF 85mm F:1.8 D Monture : Nikon Objectif de qualit\u00e9, le Nikon Nikkor AF 85mm F:1.8 D est tr\u00e8s appr\u00e9ci\u00e9 pour sa focale longue et sa grande ouverture. Parfait pour des portraits de qualit\u00e9 ! L&rsquo;exemplaire pr\u00e9sent\u00e9 ici est en bel \u00e9tat g\u00e9n\u00e9ral, 100% fonctionnel, mise au point ok, [&hellip;]<\/p>\n","protected":false},"featured_media":13169,"template":"","meta":{"_coblocks_attr":"","_coblocks_dimensions":"","_coblocks_responsive_height":"","_coblocks_accordion_ie_support":"","_crdt_document":"","jetpack_post_was_ever_published":false,"jetpack_publicize_message":"","jetpack_publicize_feature_enabled":true,"jetpack_social_post_already_shared":true,"jetpack_social_options":{"image_generator_settings":{"template":"highway","default_image_id":0,"font":"","enabled":false},"version":2},"_wpas_customize_per_network":false},"product_brand":[],"product_cat":[6369,6366],"product_tag":[],"class_list":{"0":"post-13164","1":"product","2":"type-product","3":"status-publish","4":"has-post-thumbnail","6":"product_cat-nikon-f","7":"product_cat-objectifs","9":"first","10":"outofstock","11":"shipping-taxable","12":"purchasable","13":"product-type-simple"},"yoast_head":"<!-- This site is optimized with the Yoast SEO plugin v27.3 - https:\/\/yoast.com\/product\/yoast-seo-wordpress\/ -->\n<title>Nikon Nikkor AF 85mm F:1.8 D - Platyphoto<\/title>\n<meta name=\"description\" content=\"Objectif de qualit\u00e9, le Nikon Nikkor AF 85mm F:1.8 D est tr\u00e8s appr\u00e9ci\u00e9 pour sa focale longue et sa grande ouverture. Parfait pour des portraits de qualit\u00e9 ! L&#039;exemplaire pr\u00e9sent\u00e9 ici est en bel \u00e9tat g\u00e9n\u00e9ral, 100% fonctionnel, mise au point ok, autofocus ok, diaphragme ok.\" \/>\n<meta name=\"robots\" content=\"index, follow, max-snippet:-1, max-image-preview:large, max-video-preview:-1\" \/>\n<link rel=\"canonical\" href=\"https:\/\/platyphoto.com\/en\/product\/nikon-nikkor-af-85mm-f1-8-d\/\" \/>\n<meta property=\"og:locale\" content=\"en_US\" \/>\n<meta property=\"og:type\" content=\"article\" \/>\n<meta property=\"og:title\" content=\"Nikon Nikkor AF 85mm F:1.8 D - Platyphoto\" \/>\n<meta property=\"og:description\" content=\"Objectif de qualit\u00e9, le Nikon Nikkor AF 85mm F:1.8 D est tr\u00e8s appr\u00e9ci\u00e9 pour sa focale longue et sa grande ouverture. Parfait pour des portraits de qualit\u00e9 ! L&#039;exemplaire pr\u00e9sent\u00e9 ici est en bel \u00e9tat g\u00e9n\u00e9ral, 100% fonctionnel, mise au point ok, autofocus ok, diaphragme ok.\" \/>\n<meta property=\"og:url\" content=\"https:\/\/platyphoto.com\/en\/product\/nikon-nikkor-af-85mm-f1-8-d\/\" \/>\n<meta property=\"og:site_name\" content=\"Platyphoto\" \/>\n<meta property=\"article:modified_time\" content=\"2024-10-28T09:27:58+00:00\" \/>\n<meta property=\"og:image\" content=\"https:\/\/platyphoto.com\/wp-content\/uploads\/2024\/09\/Nikkor-85mm-1.8.jpg\" \/>\n\t<meta property=\"og:image:width\" content=\"1505\" \/>\n\t<meta property=\"og:image:height\" content=\"1000\" \/>\n\t<meta property=\"og:image:type\" content=\"image\/jpeg\" \/>\n<meta name=\"twitter:card\" content=\"summary_large_image\" \/>\n<meta name=\"twitter:label1\" content=\"Est. reading time\" \/>\n\t<meta name=\"twitter:data1\" content=\"1 minute\" \/>\n<script type=\"application\/ld+json\" class=\"yoast-schema-graph\">{\"@context\":\"https:\\\/\\\/schema.org\",\"@graph\":[{\"@type\":\"WebPage\",\"@id\":\"https:\\\/\\\/platyphoto.com\\\/produit\\\/nikon-nikkor-af-85mm-f1-8-d\\\/\",\"url\":\"https:\\\/\\\/platyphoto.com\\\/produit\\\/nikon-nikkor-af-85mm-f1-8-d\\\/\",\"name\":\"Nikon Nikkor AF 85mm F:1.8 D - Platyphoto\",\"isPartOf\":{\"@id\":\"https:\\\/\\\/platyphoto.com\\\/#website\"},\"primaryImageOfPage\":{\"@id\":\"https:\\\/\\\/platyphoto.com\\\/produit\\\/nikon-nikkor-af-85mm-f1-8-d\\\/#primaryimage\"},\"image\":{\"@id\":\"https:\\\/\\\/platyphoto.com\\\/produit\\\/nikon-nikkor-af-85mm-f1-8-d\\\/#primaryimage\"},\"thumbnailUrl\":\"https:\\\/\\\/i0.wp.com\\\/platyphoto.com\\\/wp-content\\\/uploads\\\/2024\\\/09\\\/Nikkor-85mm-1.8.jpg?fit=1505%2C1000&ssl=1\",\"datePublished\":\"2024-09-25T18:55:27+00:00\",\"dateModified\":\"2024-10-28T09:27:58+00:00\",\"description\":\"Objectif de qualit\u00e9, le Nikon Nikkor AF 85mm F:1.8 D est tr\u00e8s appr\u00e9ci\u00e9 pour sa focale longue et sa grande ouverture. Parfait pour des portraits de qualit\u00e9 ! L'exemplaire pr\u00e9sent\u00e9 ici est en bel \u00e9tat g\u00e9n\u00e9ral, 100% fonctionnel, mise au point ok, autofocus ok, diaphragme ok.\",\"breadcrumb\":{\"@id\":\"https:\\\/\\\/platyphoto.com\\\/produit\\\/nikon-nikkor-af-85mm-f1-8-d\\\/#breadcrumb\"},\"inLanguage\":\"en-US\",\"potentialAction\":[{\"@type\":\"ReadAction\",\"target\":[\"https:\\\/\\\/platyphoto.com\\\/produit\\\/nikon-nikkor-af-85mm-f1-8-d\\\/\"]}]},{\"@type\":\"ImageObject\",\"inLanguage\":\"en-US\",\"@id\":\"https:\\\/\\\/platyphoto.com\\\/produit\\\/nikon-nikkor-af-85mm-f1-8-d\\\/#primaryimage\",\"url\":\"https:\\\/\\\/i0.wp.com\\\/platyphoto.com\\\/wp-content\\\/uploads\\\/2024\\\/09\\\/Nikkor-85mm-1.8.jpg?fit=1505%2C1000&ssl=1\",\"contentUrl\":\"https:\\\/\\\/i0.wp.com\\\/platyphoto.com\\\/wp-content\\\/uploads\\\/2024\\\/09\\\/Nikkor-85mm-1.8.jpg?fit=1505%2C1000&ssl=1\",\"width\":1505,\"height\":1000,\"caption\":\"Nikon Nikkor AF 85mm F:1.8 D\"},{\"@type\":\"BreadcrumbList\",\"@id\":\"https:\\\/\\\/platyphoto.com\\\/produit\\\/nikon-nikkor-af-85mm-f1-8-d\\\/#breadcrumb\",\"itemListElement\":[{\"@type\":\"ListItem\",\"position\":1,\"name\":\"Accueil\",\"item\":\"https:\\\/\\\/platyphoto.com\\\/\"},{\"@type\":\"ListItem\",\"position\":2,\"name\":\"Boutique\",\"item\":\"https:\\\/\\\/platyphoto.com\\\/boutique\\\/\"},{\"@type\":\"ListItem\",\"position\":3,\"name\":\"Nikon Nikkor AF 85mm F:1.8 D\"}]},{\"@type\":\"WebSite\",\"@id\":\"https:\\\/\\\/platyphoto.com\\\/#website\",\"url\":\"https:\\\/\\\/platyphoto.com\\\/\",\"name\":\"Platyphoto\",\"description\":\"Appareils photos argentiques, objectifs et accessoires de qualit\u00e9.\",\"publisher\":{\"@id\":\"https:\\\/\\\/platyphoto.com\\\/#organization\"},\"potentialAction\":[{\"@type\":\"SearchAction\",\"target\":{\"@type\":\"EntryPoint\",\"urlTemplate\":\"https:\\\/\\\/platyphoto.com\\\/?s={search_term_string}\"},\"query-input\":{\"@type\":\"PropertyValueSpecification\",\"valueRequired\":true,\"valueName\":\"search_term_string\"}}],\"inLanguage\":\"en-US\"},{\"@type\":\"Organization\",\"@id\":\"https:\\\/\\\/platyphoto.com\\\/#organization\",\"name\":\"Platyphoto\",\"alternateName\":\"Platyphoto\",\"url\":\"https:\\\/\\\/platyphoto.com\\\/\",\"logo\":{\"@type\":\"ImageObject\",\"inLanguage\":\"en-US\",\"@id\":\"https:\\\/\\\/platyphoto.com\\\/#\\\/schema\\\/logo\\\/image\\\/\",\"url\":\"https:\\\/\\\/i0.wp.com\\\/platyphoto.com\\\/wp-content\\\/uploads\\\/2020\\\/11\\\/cropped-header.jpg?fit=1500%2C282&ssl=1\",\"contentUrl\":\"https:\\\/\\\/i0.wp.com\\\/platyphoto.com\\\/wp-content\\\/uploads\\\/2020\\\/11\\\/cropped-header.jpg?fit=1500%2C282&ssl=1\",\"width\":1500,\"height\":282,\"caption\":\"Platyphoto\"},\"image\":{\"@id\":\"https:\\\/\\\/platyphoto.com\\\/#\\\/schema\\\/logo\\\/image\\\/\"},\"sameAs\":[\"https:\\\/\\\/www.instagram.com\\\/platyphoto\\\/\"]}]}<\/script>\n<!-- \/ Yoast SEO plugin. -->","yoast_head_json":{"title":"Nikon Nikkor AF 85mm F:1.8 D - Platyphoto","description":"Objectif de qualit\u00e9, le Nikon Nikkor AF 85mm F:1.8 D est tr\u00e8s appr\u00e9ci\u00e9 pour sa focale longue et sa grande ouverture. Parfait pour des portraits de qualit\u00e9 ! L'exemplaire pr\u00e9sent\u00e9 ici est en bel \u00e9tat g\u00e9n\u00e9ral, 100% fonctionnel, mise au point ok, autofocus ok, diaphragme ok.","robots":{"index":"index","follow":"follow","max-snippet":"max-snippet:-1","max-image-preview":"max-image-preview:large","max-video-preview":"max-video-preview:-1"},"canonical":"https:\/\/platyphoto.com\/en\/product\/nikon-nikkor-af-85mm-f1-8-d\/","og_locale":"en_US","og_type":"article","og_title":"Nikon Nikkor AF 85mm F:1.8 D - Platyphoto","og_description":"Objectif de qualit\u00e9, le Nikon Nikkor AF 85mm F:1.8 D est tr\u00e8s appr\u00e9ci\u00e9 pour sa focale longue et sa grande ouverture. Parfait pour des portraits de qualit\u00e9 ! L'exemplaire pr\u00e9sent\u00e9 ici est en bel \u00e9tat g\u00e9n\u00e9ral, 100% fonctionnel, mise au point ok, autofocus ok, diaphragme ok.","og_url":"https:\/\/platyphoto.com\/en\/product\/nikon-nikkor-af-85mm-f1-8-d\/","og_site_name":"Platyphoto","article_modified_time":"2024-10-28T09:27:58+00:00","og_image":[{"width":1505,"height":1000,"url":"https:\/\/platyphoto.com\/wp-content\/uploads\/2024\/09\/Nikkor-85mm-1.8.jpg","type":"image\/jpeg"}],"twitter_card":"summary_large_image","twitter_misc":{"Est. reading time":"1 minute"},"schema":{"@context":"https:\/\/schema.org","@graph":[{"@type":"WebPage","@id":"https:\/\/platyphoto.com\/produit\/nikon-nikkor-af-85mm-f1-8-d\/","url":"https:\/\/platyphoto.com\/produit\/nikon-nikkor-af-85mm-f1-8-d\/","name":"Nikon Nikkor AF 85mm F:1.8 D - Platyphoto","isPartOf":{"@id":"https:\/\/platyphoto.com\/#website"},"primaryImageOfPage":{"@id":"https:\/\/platyphoto.com\/produit\/nikon-nikkor-af-85mm-f1-8-d\/#primaryimage"},"image":{"@id":"https:\/\/platyphoto.com\/produit\/nikon-nikkor-af-85mm-f1-8-d\/#primaryimage"},"thumbnailUrl":"https:\/\/i0.wp.com\/platyphoto.com\/wp-content\/uploads\/2024\/09\/Nikkor-85mm-1.8.jpg?fit=1505%2C1000&ssl=1","datePublished":"2024-09-25T18:55:27+00:00","dateModified":"2024-10-28T09:27:58+00:00","description":"Objectif de qualit\u00e9, le Nikon Nikkor AF 85mm F:1.8 D est tr\u00e8s appr\u00e9ci\u00e9 pour sa focale longue et sa grande ouverture. Parfait pour des portraits de qualit\u00e9 ! L'exemplaire pr\u00e9sent\u00e9 ici est en bel \u00e9tat g\u00e9n\u00e9ral, 100% fonctionnel, mise au point ok, autofocus ok, diaphragme ok.","breadcrumb":{"@id":"https:\/\/platyphoto.com\/produit\/nikon-nikkor-af-85mm-f1-8-d\/#breadcrumb"},"inLanguage":"en-US","potentialAction":[{"@type":"ReadAction","target":["https:\/\/platyphoto.com\/produit\/nikon-nikkor-af-85mm-f1-8-d\/"]}]},{"@type":"ImageObject","inLanguage":"en-US","@id":"https:\/\/platyphoto.com\/produit\/nikon-nikkor-af-85mm-f1-8-d\/#primaryimage","url":"https:\/\/i0.wp.com\/platyphoto.com\/wp-content\/uploads\/2024\/09\/Nikkor-85mm-1.8.jpg?fit=1505%2C1000&ssl=1","contentUrl":"https:\/\/i0.wp.com\/platyphoto.com\/wp-content\/uploads\/2024\/09\/Nikkor-85mm-1.8.jpg?fit=1505%2C1000&ssl=1","width":1505,"height":1000,"caption":"Nikon Nikkor AF 85mm F:1.8 D"},{"@type":"BreadcrumbList","@id":"https:\/\/platyphoto.com\/produit\/nikon-nikkor-af-85mm-f1-8-d\/#breadcrumb","itemListElement":[{"@type":"ListItem","position":1,"name":"Accueil","item":"https:\/\/platyphoto.com\/"},{"@type":"ListItem","position":2,"name":"Boutique","item":"https:\/\/platyphoto.com\/boutique\/"},{"@type":"ListItem","position":3,"name":"Nikon Nikkor AF 85mm F:1.8 D"}]},{"@type":"WebSite","@id":"https:\/\/platyphoto.com\/#website","url":"https:\/\/platyphoto.com\/","name":"Platyphoto","description":"Appareils photos argentiques, objectifs et accessoires de qualit\u00e9.","publisher":{"@id":"https:\/\/platyphoto.com\/#organization"},"potentialAction":[{"@type":"SearchAction","target":{"@type":"EntryPoint","urlTemplate":"https:\/\/platyphoto.com\/?s={search_term_string}"},"query-input":{"@type":"PropertyValueSpecification","valueRequired":true,"valueName":"search_term_string"}}],"inLanguage":"en-US"},{"@type":"Organization","@id":"https:\/\/platyphoto.com\/#organization","name":"Platyphoto","alternateName":"Platyphoto","url":"https:\/\/platyphoto.com\/","logo":{"@type":"ImageObject","inLanguage":"en-US","@id":"https:\/\/platyphoto.com\/#\/schema\/logo\/image\/","url":"https:\/\/i0.wp.com\/platyphoto.com\/wp-content\/uploads\/2020\/11\/cropped-header.jpg?fit=1500%2C282&ssl=1","contentUrl":"https:\/\/i0.wp.com\/platyphoto.com\/wp-content\/uploads\/2020\/11\/cropped-header.jpg?fit=1500%2C282&ssl=1","width":1500,"height":282,"caption":"Platyphoto"},"image":{"@id":"https:\/\/platyphoto.com\/#\/schema\/logo\/image\/"},"sameAs":["https:\/\/www.instagram.com\/platyphoto\/"]}]}},"jetpack_publicize_connections":[],"jetpack_likes_enabled":false,"jetpack_sharing_enabled":true,"_links":{"self":[{"href":"https:\/\/platyphoto.com\/en\/wp-json\/wp\/v2\/product\/13164","targetHints":{"allow":["GET"]}}],"collection":[{"href":"https:\/\/platyphoto.com\/en\/wp-json\/wp\/v2\/product"}],"about":[{"href":"https:\/\/platyphoto.com\/en\/wp-json\/wp\/v2\/types\/product"}],"wp:featuredmedia":[{"embeddable":true,"href":"https:\/\/platyphoto.com\/en\/wp-json\/wp\/v2\/media\/13169"}],"wp:attachment":[{"href":"https:\/\/platyphoto.com\/en\/wp-json\/wp\/v2\/media?parent=13164"}],"wp:term":[{"taxonomy":"product_brand","embeddable":true,"href":"https:\/\/platyphoto.com\/en\/wp-json\/wp\/v2\/product_brand?post=13164"},{"taxonomy":"product_cat","embeddable":true,"href":"https:\/\/platyphoto.com\/en\/wp-json\/wp\/v2\/product_cat?post=13164"},{"taxonomy":"product_tag","embeddable":true,"href":"https:\/\/platyphoto.com\/en\/wp-json\/wp\/v2\/product_tag?post=13164"}],"curies":[{"name":"wp","href":"https:\/\/api.w.org\/{rel}","templated":true}]}}