{"id":13514,"date":"2024-10-30T15:02:51","date_gmt":"2024-10-30T14:02:51","guid":{"rendered":"https:\/\/platyphoto.com\/?post_type=product&#038;p=13514"},"modified":"2024-10-30T15:06:05","modified_gmt":"2024-10-30T14:06:05","slug":"pare-soleil-canon-et-65-iii-pour-canon-ef-85mm-f-1-8-usm-100mm-f-2-usm-ef-135mm-f-2-8-sf","status":"publish","type":"product","link":"https:\/\/platyphoto.com\/en\/product\/pare-soleil-canon-et-65-iii-pour-canon-ef-85mm-f-1-8-usm-100mm-f-2-usm-ef-135mm-f-2-8-sf\/","title":{"rendered":"Pare soleil Canon ET-65 III pour Canon EF 85mm f\/1.8 USM, 100mm f\/2 USM, EF 135mm f\/2.8 SF"},"content":{"rendered":"<p>Pare soleil Canon ET-65 III pour Canon EF 85mm f\/1.8 USM, 100mm f\/2 USM, EF 135mm f\/2.8 SF<\/p>\n<p>Bon \u00e9tat g\u00e9n\u00e9ral. Vendu avec boite.<\/p>","protected":false},"excerpt":{"rendered":"<p>Pare soleil Canon ET-65 III pour Canon EF 85mm f\/1.8 USM, 100mm f\/2 USM, EF 135mm f\/2.8 SF Bon \u00e9tat g\u00e9n\u00e9ral. Vendu avec boite.<\/p>","protected":false},"featured_media":13515,"template":"","meta":{"_coblocks_attr":"","_coblocks_dimensions":"","_coblocks_responsive_height":"","_coblocks_accordion_ie_support":"","_crdt_document":"","jetpack_post_was_ever_published":false,"jetpack_publicize_message":"","jetpack_publicize_feature_enabled":true,"jetpack_social_post_already_shared":true,"jetpack_social_options":{"image_generator_settings":{"template":"highway","default_image_id":0,"font":"","enabled":false},"version":2},"_wpas_customize_per_network":false},"product_brand":[],"product_cat":[6376,6696],"product_tag":[],"class_list":{"0":"post-13514","1":"product","2":"type-product","3":"status-publish","4":"has-post-thumbnail","6":"product_cat-accessoires-fr","7":"product_cat-pare-soleil","9":"first","10":"instock","11":"shipping-taxable","12":"purchasable","13":"product-type-simple"},"yoast_head":"<!-- This site is optimized with the Yoast SEO plugin v27.3 - https:\/\/yoast.com\/product\/yoast-seo-wordpress\/ -->\n<title>Pare soleil Canon ET-65 III pour Canon EF 85mm f\/1.8 USM, 100mm f\/2 USM, EF 135mm f\/2.8 SF - Platyphoto<\/title>\n<meta name=\"description\" content=\"Pare soleil Canon ET-65 III pour Canon EF 85mm f\/1.8 USM, 100mm f\/2 USM, EF 135mm f\/2.8 SF\" \/>\n<meta name=\"robots\" content=\"index, follow, max-snippet:-1, max-image-preview:large, max-video-preview:-1\" \/>\n<link rel=\"canonical\" href=\"https:\/\/platyphoto.com\/en\/product\/pare-soleil-canon-et-65-iii-pour-canon-ef-85mm-f-1-8-usm-100mm-f-2-usm-ef-135mm-f-2-8-sf\/\" \/>\n<meta property=\"og:locale\" content=\"en_US\" \/>\n<meta property=\"og:type\" content=\"article\" \/>\n<meta property=\"og:title\" content=\"Pare soleil Canon ET-65 III pour Canon EF 85mm f\/1.8 USM, 100mm f\/2 USM, EF 135mm f\/2.8 SF - Platyphoto\" \/>\n<meta property=\"og:description\" content=\"Pare soleil Canon ET-65 III pour Canon EF 85mm f\/1.8 USM, 100mm f\/2 USM, EF 135mm f\/2.8 SF\" \/>\n<meta property=\"og:url\" content=\"https:\/\/platyphoto.com\/en\/product\/pare-soleil-canon-et-65-iii-pour-canon-ef-85mm-f-1-8-usm-100mm-f-2-usm-ef-135mm-f-2-8-sf\/\" \/>\n<meta property=\"og:site_name\" content=\"Platyphoto\" \/>\n<meta property=\"article:modified_time\" content=\"2024-10-30T14:06:05+00:00\" \/>\n<meta property=\"og:image\" content=\"https:\/\/platyphoto.com\/wp-content\/uploads\/2024\/10\/Canon-ET65.jpg\" \/>\n\t<meta property=\"og:image:width\" content=\"1505\" \/>\n\t<meta property=\"og:image:height\" content=\"1000\" \/>\n\t<meta property=\"og:image:type\" content=\"image\/jpeg\" \/>\n<meta name=\"twitter:card\" content=\"summary_large_image\" \/>\n<meta name=\"twitter:label1\" content=\"Est. reading time\" \/>\n\t<meta name=\"twitter:data1\" content=\"1 minute\" \/>\n<script type=\"application\/ld+json\" class=\"yoast-schema-graph\">{\"@context\":\"https:\\\/\\\/schema.org\",\"@graph\":[{\"@type\":\"WebPage\",\"@id\":\"https:\\\/\\\/platyphoto.com\\\/produit\\\/pare-soleil-canon-et-65-iii-pour-canon-ef-85mm-f-1-8-usm-100mm-f-2-usm-ef-135mm-f-2-8-sf\\\/\",\"url\":\"https:\\\/\\\/platyphoto.com\\\/produit\\\/pare-soleil-canon-et-65-iii-pour-canon-ef-85mm-f-1-8-usm-100mm-f-2-usm-ef-135mm-f-2-8-sf\\\/\",\"name\":\"Pare soleil Canon ET-65 III pour Canon EF 85mm f\\\/1.8 USM, 100mm f\\\/2 USM, EF 135mm f\\\/2.8 SF - Platyphoto\",\"isPartOf\":{\"@id\":\"https:\\\/\\\/platyphoto.com\\\/#website\"},\"primaryImageOfPage\":{\"@id\":\"https:\\\/\\\/platyphoto.com\\\/produit\\\/pare-soleil-canon-et-65-iii-pour-canon-ef-85mm-f-1-8-usm-100mm-f-2-usm-ef-135mm-f-2-8-sf\\\/#primaryimage\"},\"image\":{\"@id\":\"https:\\\/\\\/platyphoto.com\\\/produit\\\/pare-soleil-canon-et-65-iii-pour-canon-ef-85mm-f-1-8-usm-100mm-f-2-usm-ef-135mm-f-2-8-sf\\\/#primaryimage\"},\"thumbnailUrl\":\"https:\\\/\\\/i0.wp.com\\\/platyphoto.com\\\/wp-content\\\/uploads\\\/2024\\\/10\\\/Canon-ET65.jpg?fit=1505%2C1000&ssl=1\",\"datePublished\":\"2024-10-30T14:02:51+00:00\",\"dateModified\":\"2024-10-30T14:06:05+00:00\",\"description\":\"Pare soleil Canon ET-65 III pour Canon EF 85mm f\\\/1.8 USM, 100mm f\\\/2 USM, EF 135mm f\\\/2.8 SF\",\"breadcrumb\":{\"@id\":\"https:\\\/\\\/platyphoto.com\\\/produit\\\/pare-soleil-canon-et-65-iii-pour-canon-ef-85mm-f-1-8-usm-100mm-f-2-usm-ef-135mm-f-2-8-sf\\\/#breadcrumb\"},\"inLanguage\":\"en-US\",\"potentialAction\":[{\"@type\":\"ReadAction\",\"target\":[\"https:\\\/\\\/platyphoto.com\\\/produit\\\/pare-soleil-canon-et-65-iii-pour-canon-ef-85mm-f-1-8-usm-100mm-f-2-usm-ef-135mm-f-2-8-sf\\\/\"]}]},{\"@type\":\"ImageObject\",\"inLanguage\":\"en-US\",\"@id\":\"https:\\\/\\\/platyphoto.com\\\/produit\\\/pare-soleil-canon-et-65-iii-pour-canon-ef-85mm-f-1-8-usm-100mm-f-2-usm-ef-135mm-f-2-8-sf\\\/#primaryimage\",\"url\":\"https:\\\/\\\/i0.wp.com\\\/platyphoto.com\\\/wp-content\\\/uploads\\\/2024\\\/10\\\/Canon-ET65.jpg?fit=1505%2C1000&ssl=1\",\"contentUrl\":\"https:\\\/\\\/i0.wp.com\\\/platyphoto.com\\\/wp-content\\\/uploads\\\/2024\\\/10\\\/Canon-ET65.jpg?fit=1505%2C1000&ssl=1\",\"width\":1505,\"height\":1000,\"caption\":\"Pare soleil Canon ET-65 III pour Canon EF 85mm f\\\/1.8 USM, 100mm f\\\/2 USM, EF 135mm f\\\/2.8 SF\"},{\"@type\":\"BreadcrumbList\",\"@id\":\"https:\\\/\\\/platyphoto.com\\\/produit\\\/pare-soleil-canon-et-65-iii-pour-canon-ef-85mm-f-1-8-usm-100mm-f-2-usm-ef-135mm-f-2-8-sf\\\/#breadcrumb\",\"itemListElement\":[{\"@type\":\"ListItem\",\"position\":1,\"name\":\"Accueil\",\"item\":\"https:\\\/\\\/platyphoto.com\\\/\"},{\"@type\":\"ListItem\",\"position\":2,\"name\":\"Boutique\",\"item\":\"https:\\\/\\\/platyphoto.com\\\/boutique\\\/\"},{\"@type\":\"ListItem\",\"position\":3,\"name\":\"Pare soleil Canon ET-65 III pour Canon EF 85mm f\\\/1.8 USM, 100mm f\\\/2 USM, EF 135mm f\\\/2.8 SF\"}]},{\"@type\":\"WebSite\",\"@id\":\"https:\\\/\\\/platyphoto.com\\\/#website\",\"url\":\"https:\\\/\\\/platyphoto.com\\\/\",\"name\":\"Platyphoto\",\"description\":\"Appareils photos argentiques, objectifs et accessoires de qualit\u00e9.\",\"publisher\":{\"@id\":\"https:\\\/\\\/platyphoto.com\\\/#organization\"},\"potentialAction\":[{\"@type\":\"SearchAction\",\"target\":{\"@type\":\"EntryPoint\",\"urlTemplate\":\"https:\\\/\\\/platyphoto.com\\\/?s={search_term_string}\"},\"query-input\":{\"@type\":\"PropertyValueSpecification\",\"valueRequired\":true,\"valueName\":\"search_term_string\"}}],\"inLanguage\":\"en-US\"},{\"@type\":\"Organization\",\"@id\":\"https:\\\/\\\/platyphoto.com\\\/#organization\",\"name\":\"Platyphoto\",\"alternateName\":\"Platyphoto\",\"url\":\"https:\\\/\\\/platyphoto.com\\\/\",\"logo\":{\"@type\":\"ImageObject\",\"inLanguage\":\"en-US\",\"@id\":\"https:\\\/\\\/platyphoto.com\\\/#\\\/schema\\\/logo\\\/image\\\/\",\"url\":\"https:\\\/\\\/i0.wp.com\\\/platyphoto.com\\\/wp-content\\\/uploads\\\/2020\\\/11\\\/cropped-header.jpg?fit=1500%2C282&ssl=1\",\"contentUrl\":\"https:\\\/\\\/i0.wp.com\\\/platyphoto.com\\\/wp-content\\\/uploads\\\/2020\\\/11\\\/cropped-header.jpg?fit=1500%2C282&ssl=1\",\"width\":1500,\"height\":282,\"caption\":\"Platyphoto\"},\"image\":{\"@id\":\"https:\\\/\\\/platyphoto.com\\\/#\\\/schema\\\/logo\\\/image\\\/\"},\"sameAs\":[\"https:\\\/\\\/www.instagram.com\\\/platyphoto\\\/\"]}]}<\/script>\n<!-- \/ Yoast SEO plugin. -->","yoast_head_json":{"title":"Pare soleil Canon ET-65 III pour Canon EF 85mm f\/1.8 USM, 100mm f\/2 USM, EF 135mm f\/2.8 SF - Platyphoto","description":"Pare soleil Canon ET-65 III pour Canon EF 85mm f\/1.8 USM, 100mm f\/2 USM, EF 135mm f\/2.8 SF","robots":{"index":"index","follow":"follow","max-snippet":"max-snippet:-1","max-image-preview":"max-image-preview:large","max-video-preview":"max-video-preview:-1"},"canonical":"https:\/\/platyphoto.com\/en\/product\/pare-soleil-canon-et-65-iii-pour-canon-ef-85mm-f-1-8-usm-100mm-f-2-usm-ef-135mm-f-2-8-sf\/","og_locale":"en_US","og_type":"article","og_title":"Pare soleil Canon ET-65 III pour Canon EF 85mm f\/1.8 USM, 100mm f\/2 USM, EF 135mm f\/2.8 SF - Platyphoto","og_description":"Pare soleil Canon ET-65 III pour Canon EF 85mm f\/1.8 USM, 100mm f\/2 USM, EF 135mm f\/2.8 SF","og_url":"https:\/\/platyphoto.com\/en\/product\/pare-soleil-canon-et-65-iii-pour-canon-ef-85mm-f-1-8-usm-100mm-f-2-usm-ef-135mm-f-2-8-sf\/","og_site_name":"Platyphoto","article_modified_time":"2024-10-30T14:06:05+00:00","og_image":[{"width":1505,"height":1000,"url":"https:\/\/platyphoto.com\/wp-content\/uploads\/2024\/10\/Canon-ET65.jpg","type":"image\/jpeg"}],"twitter_card":"summary_large_image","twitter_misc":{"Est. reading time":"1 minute"},"schema":{"@context":"https:\/\/schema.org","@graph":[{"@type":"WebPage","@id":"https:\/\/platyphoto.com\/produit\/pare-soleil-canon-et-65-iii-pour-canon-ef-85mm-f-1-8-usm-100mm-f-2-usm-ef-135mm-f-2-8-sf\/","url":"https:\/\/platyphoto.com\/produit\/pare-soleil-canon-et-65-iii-pour-canon-ef-85mm-f-1-8-usm-100mm-f-2-usm-ef-135mm-f-2-8-sf\/","name":"Pare soleil Canon ET-65 III pour Canon EF 85mm f\/1.8 USM, 100mm f\/2 USM, EF 135mm f\/2.8 SF - Platyphoto","isPartOf":{"@id":"https:\/\/platyphoto.com\/#website"},"primaryImageOfPage":{"@id":"https:\/\/platyphoto.com\/produit\/pare-soleil-canon-et-65-iii-pour-canon-ef-85mm-f-1-8-usm-100mm-f-2-usm-ef-135mm-f-2-8-sf\/#primaryimage"},"image":{"@id":"https:\/\/platyphoto.com\/produit\/pare-soleil-canon-et-65-iii-pour-canon-ef-85mm-f-1-8-usm-100mm-f-2-usm-ef-135mm-f-2-8-sf\/#primaryimage"},"thumbnailUrl":"https:\/\/i0.wp.com\/platyphoto.com\/wp-content\/uploads\/2024\/10\/Canon-ET65.jpg?fit=1505%2C1000&ssl=1","datePublished":"2024-10-30T14:02:51+00:00","dateModified":"2024-10-30T14:06:05+00:00","description":"Pare soleil Canon ET-65 III pour Canon EF 85mm f\/1.8 USM, 100mm f\/2 USM, EF 135mm f\/2.8 SF","breadcrumb":{"@id":"https:\/\/platyphoto.com\/produit\/pare-soleil-canon-et-65-iii-pour-canon-ef-85mm-f-1-8-usm-100mm-f-2-usm-ef-135mm-f-2-8-sf\/#breadcrumb"},"inLanguage":"en-US","potentialAction":[{"@type":"ReadAction","target":["https:\/\/platyphoto.com\/produit\/pare-soleil-canon-et-65-iii-pour-canon-ef-85mm-f-1-8-usm-100mm-f-2-usm-ef-135mm-f-2-8-sf\/"]}]},{"@type":"ImageObject","inLanguage":"en-US","@id":"https:\/\/platyphoto.com\/produit\/pare-soleil-canon-et-65-iii-pour-canon-ef-85mm-f-1-8-usm-100mm-f-2-usm-ef-135mm-f-2-8-sf\/#primaryimage","url":"https:\/\/i0.wp.com\/platyphoto.com\/wp-content\/uploads\/2024\/10\/Canon-ET65.jpg?fit=1505%2C1000&ssl=1","contentUrl":"https:\/\/i0.wp.com\/platyphoto.com\/wp-content\/uploads\/2024\/10\/Canon-ET65.jpg?fit=1505%2C1000&ssl=1","width":1505,"height":1000,"caption":"Pare soleil Canon ET-65 III pour Canon EF 85mm f\/1.8 USM, 100mm f\/2 USM, EF 135mm f\/2.8 SF"},{"@type":"BreadcrumbList","@id":"https:\/\/platyphoto.com\/produit\/pare-soleil-canon-et-65-iii-pour-canon-ef-85mm-f-1-8-usm-100mm-f-2-usm-ef-135mm-f-2-8-sf\/#breadcrumb","itemListElement":[{"@type":"ListItem","position":1,"name":"Accueil","item":"https:\/\/platyphoto.com\/"},{"@type":"ListItem","position":2,"name":"Boutique","item":"https:\/\/platyphoto.com\/boutique\/"},{"@type":"ListItem","position":3,"name":"Pare soleil Canon ET-65 III pour Canon EF 85mm f\/1.8 USM, 100mm f\/2 USM, EF 135mm f\/2.8 SF"}]},{"@type":"WebSite","@id":"https:\/\/platyphoto.com\/#website","url":"https:\/\/platyphoto.com\/","name":"Platyphoto","description":"Appareils photos argentiques, objectifs et accessoires de qualit\u00e9.","publisher":{"@id":"https:\/\/platyphoto.com\/#organization"},"potentialAction":[{"@type":"SearchAction","target":{"@type":"EntryPoint","urlTemplate":"https:\/\/platyphoto.com\/?s={search_term_string}"},"query-input":{"@type":"PropertyValueSpecification","valueRequired":true,"valueName":"search_term_string"}}],"inLanguage":"en-US"},{"@type":"Organization","@id":"https:\/\/platyphoto.com\/#organization","name":"Platyphoto","alternateName":"Platyphoto","url":"https:\/\/platyphoto.com\/","logo":{"@type":"ImageObject","inLanguage":"en-US","@id":"https:\/\/platyphoto.com\/#\/schema\/logo\/image\/","url":"https:\/\/i0.wp.com\/platyphoto.com\/wp-content\/uploads\/2020\/11\/cropped-header.jpg?fit=1500%2C282&ssl=1","contentUrl":"https:\/\/i0.wp.com\/platyphoto.com\/wp-content\/uploads\/2020\/11\/cropped-header.jpg?fit=1500%2C282&ssl=1","width":1500,"height":282,"caption":"Platyphoto"},"image":{"@id":"https:\/\/platyphoto.com\/#\/schema\/logo\/image\/"},"sameAs":["https:\/\/www.instagram.com\/platyphoto\/"]}]}},"jetpack_publicize_connections":[],"jetpack_likes_enabled":false,"jetpack_sharing_enabled":true,"_links":{"self":[{"href":"https:\/\/platyphoto.com\/en\/wp-json\/wp\/v2\/product\/13514","targetHints":{"allow":["GET"]}}],"collection":[{"href":"https:\/\/platyphoto.com\/en\/wp-json\/wp\/v2\/product"}],"about":[{"href":"https:\/\/platyphoto.com\/en\/wp-json\/wp\/v2\/types\/product"}],"wp:featuredmedia":[{"embeddable":true,"href":"https:\/\/platyphoto.com\/en\/wp-json\/wp\/v2\/media\/13515"}],"wp:attachment":[{"href":"https:\/\/platyphoto.com\/en\/wp-json\/wp\/v2\/media?parent=13514"}],"wp:term":[{"taxonomy":"product_brand","embeddable":true,"href":"https:\/\/platyphoto.com\/en\/wp-json\/wp\/v2\/product_brand?post=13514"},{"taxonomy":"product_cat","embeddable":true,"href":"https:\/\/platyphoto.com\/en\/wp-json\/wp\/v2\/product_cat?post=13514"},{"taxonomy":"product_tag","embeddable":true,"href":"https:\/\/platyphoto.com\/en\/wp-json\/wp\/v2\/product_tag?post=13514"}],"curies":[{"name":"wp","href":"https:\/\/api.w.org\/{rel}","templated":true}]}}