{"id":13547,"date":"2024-10-31T10:32:36","date_gmt":"2024-10-31T09:32:36","guid":{"rendered":"https:\/\/platyphoto.com\/?post_type=product&#038;p=13547"},"modified":"2025-05-27T21:56:25","modified_gmt":"2025-05-27T19:56:25","slug":"nikon-ai-tamron-adaptall-2-28mm-f2-5","status":"publish","type":"product","link":"https:\/\/platyphoto.com\/en\/product\/nikon-ai-tamron-adaptall-2-28mm-f2-5\/","title":{"rendered":"Nikon AI Tamron Adaptall 2 28mm F:2.5"},"content":{"rendered":"<p><strong>Marque<\/strong> : Tamron<\/p>\n<p><strong>Mod\u00e8le<\/strong> : Adaptall 2 28mm F:2.5<\/p>\n<p><strong>Monture :<\/strong> Nikon AI<\/p>\n<p>Objectif grand angle de qualit\u00e9 en monture Nikon, ce Tamron Adaptall 2 est un 28mm F:2.5, 100% fonctionnel, mise au point fluide, diaphragme ok. Diaph max F:32.<\/p>\n<p>Les objectifs Tamron Adaptall poss\u00e8dent des montures interchangeables, en poss\u00e9dant la bonne bague d&rsquo;adaptation de la marque, il est possible de mettre le m\u00eame objectif sur des appareils diff\u00e9rents, Nikon, Canon, Pentax ect&#8230; Le mod\u00e8le pr\u00e9sent\u00e9 ici est \u00e9quip\u00e9 de la bague Nikon AI.<\/p>\n<p><strong>Concernant l\u2019\u00e9tat :<\/strong><\/p>\n<p>Exterieur : 9\/10, traces d\u2019usages<\/p>\n<p>Optique : 8\/10, pr\u00e9sence de quelques micro poussi\u00e8res, sans incidence sur la qualit\u00e9 des images. Pr\u00e9sence d&rsquo;une tr\u00e8s petite t\u00e2che sur un bord de la lentille avant.<\/p>\n<p>M\u00e9canique : 8\/10, 100% fonctionnel, mise au point tr\u00e8s l\u00e9g\u00e8rement ferme.<\/p>","protected":false},"excerpt":{"rendered":"<p>Marque : Tamron Mod\u00e8le : Adaptall 2 28mm F:2.5 Monture : Nikon AI Objectif grand angle de qualit\u00e9 en monture Nikon, ce Tamron Adaptall 2 est un 28mm F:2.5, 100% fonctionnel, mise au point fluide, diaphragme ok. Diaph max F:32. Les objectifs Tamron Adaptall poss\u00e8dent des montures interchangeables, en poss\u00e9dant la bonne bague d&rsquo;adaptation de [&hellip;]<\/p>\n","protected":false},"featured_media":13551,"template":"","meta":{"_coblocks_attr":"","_coblocks_dimensions":"","_coblocks_responsive_height":"","_coblocks_accordion_ie_support":"","_crdt_document":"","jetpack_post_was_ever_published":false,"jetpack_publicize_message":"","jetpack_publicize_feature_enabled":true,"jetpack_social_post_already_shared":true,"jetpack_social_options":{"image_generator_settings":{"template":"highway","default_image_id":0,"font":"","enabled":false},"version":2},"_wpas_customize_per_network":false},"product_brand":[],"product_cat":[6369,6366],"product_tag":[],"class_list":{"0":"post-13547","1":"product","2":"type-product","3":"status-publish","4":"has-post-thumbnail","6":"product_cat-nikon-f","7":"product_cat-objectifs","9":"first","10":"instock","11":"shipping-taxable","12":"purchasable","13":"product-type-simple"},"yoast_head":"<!-- This site is optimized with the Yoast SEO plugin v27.3 - https:\/\/yoast.com\/product\/yoast-seo-wordpress\/ -->\n<title>Nikon AI Tamron Adaptall 2 28mm F:2.5 - Platyphoto<\/title>\n<meta name=\"description\" content=\"Objectif grand angle de qualit\u00e9 en monture M42, ce Tamron Adaptall 2 est un 28mm F:2.5, 100% fonctionnel, mise au point fluide, diaphragme ok. Diaph max F:32.\" \/>\n<meta name=\"robots\" content=\"index, follow, max-snippet:-1, max-image-preview:large, max-video-preview:-1\" \/>\n<link rel=\"canonical\" href=\"https:\/\/platyphoto.com\/en\/product\/nikon-ai-tamron-adaptall-2-28mm-f2-5\/\" \/>\n<meta property=\"og:locale\" content=\"en_US\" \/>\n<meta property=\"og:type\" content=\"article\" \/>\n<meta property=\"og:title\" content=\"Nikon AI Tamron Adaptall 2 28mm F:2.5 - Platyphoto\" \/>\n<meta property=\"og:description\" content=\"Objectif grand angle de qualit\u00e9 en monture M42, ce Tamron Adaptall 2 est un 28mm F:2.5, 100% fonctionnel, mise au point fluide, diaphragme ok. Diaph max F:32.\" \/>\n<meta property=\"og:url\" content=\"https:\/\/platyphoto.com\/en\/product\/nikon-ai-tamron-adaptall-2-28mm-f2-5\/\" \/>\n<meta property=\"og:site_name\" content=\"Platyphoto\" \/>\n<meta property=\"article:modified_time\" content=\"2025-05-27T19:56:25+00:00\" \/>\n<meta property=\"og:image\" content=\"https:\/\/i0.wp.com\/platyphoto.com\/wp-content\/uploads\/2024\/10\/Nikon-Tamron-28mm-2.5.jpg?fit=1505%2C1000&ssl=1\" \/>\n\t<meta property=\"og:image:width\" content=\"1505\" \/>\n\t<meta property=\"og:image:height\" content=\"1000\" \/>\n\t<meta property=\"og:image:type\" content=\"image\/jpeg\" \/>\n<meta name=\"twitter:card\" content=\"summary_large_image\" \/>\n<meta name=\"twitter:label1\" content=\"Est. reading time\" \/>\n\t<meta name=\"twitter:data1\" content=\"1 minute\" \/>\n<script type=\"application\/ld+json\" class=\"yoast-schema-graph\">{\"@context\":\"https:\\\/\\\/schema.org\",\"@graph\":[{\"@type\":\"WebPage\",\"@id\":\"https:\\\/\\\/platyphoto.com\\\/produit\\\/nikon-ai-tamron-adaptall-2-28mm-f2-5\\\/\",\"url\":\"https:\\\/\\\/platyphoto.com\\\/produit\\\/nikon-ai-tamron-adaptall-2-28mm-f2-5\\\/\",\"name\":\"Nikon AI Tamron Adaptall 2 28mm F:2.5 - Platyphoto\",\"isPartOf\":{\"@id\":\"https:\\\/\\\/platyphoto.com\\\/#website\"},\"primaryImageOfPage\":{\"@id\":\"https:\\\/\\\/platyphoto.com\\\/produit\\\/nikon-ai-tamron-adaptall-2-28mm-f2-5\\\/#primaryimage\"},\"image\":{\"@id\":\"https:\\\/\\\/platyphoto.com\\\/produit\\\/nikon-ai-tamron-adaptall-2-28mm-f2-5\\\/#primaryimage\"},\"thumbnailUrl\":\"https:\\\/\\\/i0.wp.com\\\/platyphoto.com\\\/wp-content\\\/uploads\\\/2024\\\/10\\\/Nikon-Tamron-28mm-2.5.jpg?fit=1505%2C1000&ssl=1\",\"datePublished\":\"2024-10-31T09:32:36+00:00\",\"dateModified\":\"2025-05-27T19:56:25+00:00\",\"description\":\"Objectif grand angle de qualit\u00e9 en monture M42, ce Tamron Adaptall 2 est un 28mm F:2.5, 100% fonctionnel, mise au point fluide, diaphragme ok. Diaph max F:32.\",\"breadcrumb\":{\"@id\":\"https:\\\/\\\/platyphoto.com\\\/produit\\\/nikon-ai-tamron-adaptall-2-28mm-f2-5\\\/#breadcrumb\"},\"inLanguage\":\"en-US\",\"potentialAction\":[{\"@type\":\"ReadAction\",\"target\":[\"https:\\\/\\\/platyphoto.com\\\/produit\\\/nikon-ai-tamron-adaptall-2-28mm-f2-5\\\/\"]}]},{\"@type\":\"ImageObject\",\"inLanguage\":\"en-US\",\"@id\":\"https:\\\/\\\/platyphoto.com\\\/produit\\\/nikon-ai-tamron-adaptall-2-28mm-f2-5\\\/#primaryimage\",\"url\":\"https:\\\/\\\/i0.wp.com\\\/platyphoto.com\\\/wp-content\\\/uploads\\\/2024\\\/10\\\/Nikon-Tamron-28mm-2.5.jpg?fit=1505%2C1000&ssl=1\",\"contentUrl\":\"https:\\\/\\\/i0.wp.com\\\/platyphoto.com\\\/wp-content\\\/uploads\\\/2024\\\/10\\\/Nikon-Tamron-28mm-2.5.jpg?fit=1505%2C1000&ssl=1\",\"width\":1505,\"height\":1000,\"caption\":\"Nikon AI Tamron Adaptall 2 28mm F:2.5\"},{\"@type\":\"BreadcrumbList\",\"@id\":\"https:\\\/\\\/platyphoto.com\\\/produit\\\/nikon-ai-tamron-adaptall-2-28mm-f2-5\\\/#breadcrumb\",\"itemListElement\":[{\"@type\":\"ListItem\",\"position\":1,\"name\":\"Accueil\",\"item\":\"https:\\\/\\\/platyphoto.com\\\/\"},{\"@type\":\"ListItem\",\"position\":2,\"name\":\"Boutique\",\"item\":\"https:\\\/\\\/platyphoto.com\\\/boutique\\\/\"},{\"@type\":\"ListItem\",\"position\":3,\"name\":\"Nikon AI Tamron Adaptall 2 28mm F:2.5\"}]},{\"@type\":\"WebSite\",\"@id\":\"https:\\\/\\\/platyphoto.com\\\/#website\",\"url\":\"https:\\\/\\\/platyphoto.com\\\/\",\"name\":\"Platyphoto\",\"description\":\"Appareils photos argentiques, objectifs et accessoires de qualit\u00e9.\",\"publisher\":{\"@id\":\"https:\\\/\\\/platyphoto.com\\\/#organization\"},\"potentialAction\":[{\"@type\":\"SearchAction\",\"target\":{\"@type\":\"EntryPoint\",\"urlTemplate\":\"https:\\\/\\\/platyphoto.com\\\/?s={search_term_string}\"},\"query-input\":{\"@type\":\"PropertyValueSpecification\",\"valueRequired\":true,\"valueName\":\"search_term_string\"}}],\"inLanguage\":\"en-US\"},{\"@type\":\"Organization\",\"@id\":\"https:\\\/\\\/platyphoto.com\\\/#organization\",\"name\":\"Platyphoto\",\"alternateName\":\"Platyphoto\",\"url\":\"https:\\\/\\\/platyphoto.com\\\/\",\"logo\":{\"@type\":\"ImageObject\",\"inLanguage\":\"en-US\",\"@id\":\"https:\\\/\\\/platyphoto.com\\\/#\\\/schema\\\/logo\\\/image\\\/\",\"url\":\"https:\\\/\\\/i0.wp.com\\\/platyphoto.com\\\/wp-content\\\/uploads\\\/2020\\\/11\\\/cropped-header.jpg?fit=1500%2C282&ssl=1\",\"contentUrl\":\"https:\\\/\\\/i0.wp.com\\\/platyphoto.com\\\/wp-content\\\/uploads\\\/2020\\\/11\\\/cropped-header.jpg?fit=1500%2C282&ssl=1\",\"width\":1500,\"height\":282,\"caption\":\"Platyphoto\"},\"image\":{\"@id\":\"https:\\\/\\\/platyphoto.com\\\/#\\\/schema\\\/logo\\\/image\\\/\"},\"sameAs\":[\"https:\\\/\\\/www.instagram.com\\\/platyphoto\\\/\"]}]}<\/script>\n<!-- \/ Yoast SEO plugin. -->","yoast_head_json":{"title":"Nikon AI Tamron Adaptall 2 28mm F:2.5 - Platyphoto","description":"Objectif grand angle de qualit\u00e9 en monture M42, ce Tamron Adaptall 2 est un 28mm F:2.5, 100% fonctionnel, mise au point fluide, diaphragme ok. Diaph max F:32.","robots":{"index":"index","follow":"follow","max-snippet":"max-snippet:-1","max-image-preview":"max-image-preview:large","max-video-preview":"max-video-preview:-1"},"canonical":"https:\/\/platyphoto.com\/en\/product\/nikon-ai-tamron-adaptall-2-28mm-f2-5\/","og_locale":"en_US","og_type":"article","og_title":"Nikon AI Tamron Adaptall 2 28mm F:2.5 - Platyphoto","og_description":"Objectif grand angle de qualit\u00e9 en monture M42, ce Tamron Adaptall 2 est un 28mm F:2.5, 100% fonctionnel, mise au point fluide, diaphragme ok. Diaph max F:32.","og_url":"https:\/\/platyphoto.com\/en\/product\/nikon-ai-tamron-adaptall-2-28mm-f2-5\/","og_site_name":"Platyphoto","article_modified_time":"2025-05-27T19:56:25+00:00","og_image":[{"width":1505,"height":1000,"url":"https:\/\/i0.wp.com\/platyphoto.com\/wp-content\/uploads\/2024\/10\/Nikon-Tamron-28mm-2.5.jpg?fit=1505%2C1000&ssl=1","type":"image\/jpeg"}],"twitter_card":"summary_large_image","twitter_misc":{"Est. reading time":"1 minute"},"schema":{"@context":"https:\/\/schema.org","@graph":[{"@type":"WebPage","@id":"https:\/\/platyphoto.com\/produit\/nikon-ai-tamron-adaptall-2-28mm-f2-5\/","url":"https:\/\/platyphoto.com\/produit\/nikon-ai-tamron-adaptall-2-28mm-f2-5\/","name":"Nikon AI Tamron Adaptall 2 28mm F:2.5 - Platyphoto","isPartOf":{"@id":"https:\/\/platyphoto.com\/#website"},"primaryImageOfPage":{"@id":"https:\/\/platyphoto.com\/produit\/nikon-ai-tamron-adaptall-2-28mm-f2-5\/#primaryimage"},"image":{"@id":"https:\/\/platyphoto.com\/produit\/nikon-ai-tamron-adaptall-2-28mm-f2-5\/#primaryimage"},"thumbnailUrl":"https:\/\/i0.wp.com\/platyphoto.com\/wp-content\/uploads\/2024\/10\/Nikon-Tamron-28mm-2.5.jpg?fit=1505%2C1000&ssl=1","datePublished":"2024-10-31T09:32:36+00:00","dateModified":"2025-05-27T19:56:25+00:00","description":"Objectif grand angle de qualit\u00e9 en monture M42, ce Tamron Adaptall 2 est un 28mm F:2.5, 100% fonctionnel, mise au point fluide, diaphragme ok. Diaph max F:32.","breadcrumb":{"@id":"https:\/\/platyphoto.com\/produit\/nikon-ai-tamron-adaptall-2-28mm-f2-5\/#breadcrumb"},"inLanguage":"en-US","potentialAction":[{"@type":"ReadAction","target":["https:\/\/platyphoto.com\/produit\/nikon-ai-tamron-adaptall-2-28mm-f2-5\/"]}]},{"@type":"ImageObject","inLanguage":"en-US","@id":"https:\/\/platyphoto.com\/produit\/nikon-ai-tamron-adaptall-2-28mm-f2-5\/#primaryimage","url":"https:\/\/i0.wp.com\/platyphoto.com\/wp-content\/uploads\/2024\/10\/Nikon-Tamron-28mm-2.5.jpg?fit=1505%2C1000&ssl=1","contentUrl":"https:\/\/i0.wp.com\/platyphoto.com\/wp-content\/uploads\/2024\/10\/Nikon-Tamron-28mm-2.5.jpg?fit=1505%2C1000&ssl=1","width":1505,"height":1000,"caption":"Nikon AI Tamron Adaptall 2 28mm F:2.5"},{"@type":"BreadcrumbList","@id":"https:\/\/platyphoto.com\/produit\/nikon-ai-tamron-adaptall-2-28mm-f2-5\/#breadcrumb","itemListElement":[{"@type":"ListItem","position":1,"name":"Accueil","item":"https:\/\/platyphoto.com\/"},{"@type":"ListItem","position":2,"name":"Boutique","item":"https:\/\/platyphoto.com\/boutique\/"},{"@type":"ListItem","position":3,"name":"Nikon AI Tamron Adaptall 2 28mm F:2.5"}]},{"@type":"WebSite","@id":"https:\/\/platyphoto.com\/#website","url":"https:\/\/platyphoto.com\/","name":"Platyphoto","description":"Appareils photos argentiques, objectifs et accessoires de qualit\u00e9.","publisher":{"@id":"https:\/\/platyphoto.com\/#organization"},"potentialAction":[{"@type":"SearchAction","target":{"@type":"EntryPoint","urlTemplate":"https:\/\/platyphoto.com\/?s={search_term_string}"},"query-input":{"@type":"PropertyValueSpecification","valueRequired":true,"valueName":"search_term_string"}}],"inLanguage":"en-US"},{"@type":"Organization","@id":"https:\/\/platyphoto.com\/#organization","name":"Platyphoto","alternateName":"Platyphoto","url":"https:\/\/platyphoto.com\/","logo":{"@type":"ImageObject","inLanguage":"en-US","@id":"https:\/\/platyphoto.com\/#\/schema\/logo\/image\/","url":"https:\/\/i0.wp.com\/platyphoto.com\/wp-content\/uploads\/2020\/11\/cropped-header.jpg?fit=1500%2C282&ssl=1","contentUrl":"https:\/\/i0.wp.com\/platyphoto.com\/wp-content\/uploads\/2020\/11\/cropped-header.jpg?fit=1500%2C282&ssl=1","width":1500,"height":282,"caption":"Platyphoto"},"image":{"@id":"https:\/\/platyphoto.com\/#\/schema\/logo\/image\/"},"sameAs":["https:\/\/www.instagram.com\/platyphoto\/"]}]}},"jetpack_publicize_connections":[],"jetpack_likes_enabled":false,"jetpack_sharing_enabled":true,"_links":{"self":[{"href":"https:\/\/platyphoto.com\/en\/wp-json\/wp\/v2\/product\/13547","targetHints":{"allow":["GET"]}}],"collection":[{"href":"https:\/\/platyphoto.com\/en\/wp-json\/wp\/v2\/product"}],"about":[{"href":"https:\/\/platyphoto.com\/en\/wp-json\/wp\/v2\/types\/product"}],"wp:featuredmedia":[{"embeddable":true,"href":"https:\/\/platyphoto.com\/en\/wp-json\/wp\/v2\/media\/13551"}],"wp:attachment":[{"href":"https:\/\/platyphoto.com\/en\/wp-json\/wp\/v2\/media?parent=13547"}],"wp:term":[{"taxonomy":"product_brand","embeddable":true,"href":"https:\/\/platyphoto.com\/en\/wp-json\/wp\/v2\/product_brand?post=13547"},{"taxonomy":"product_cat","embeddable":true,"href":"https:\/\/platyphoto.com\/en\/wp-json\/wp\/v2\/product_cat?post=13547"},{"taxonomy":"product_tag","embeddable":true,"href":"https:\/\/platyphoto.com\/en\/wp-json\/wp\/v2\/product_tag?post=13547"}],"curies":[{"name":"wp","href":"https:\/\/api.w.org\/{rel}","templated":true}]}}