{"id":13630,"date":"2024-11-01T19:32:36","date_gmt":"2024-11-01T18:32:36","guid":{"rendered":"https:\/\/platyphoto.com\/?post_type=product&#038;p=13630"},"modified":"2024-11-04T09:23:11","modified_gmt":"2024-11-04T08:23:11","slug":"declencheur-souple-courbe-gitzo-50cm","status":"publish","type":"product","link":"https:\/\/platyphoto.com\/en\/product\/declencheur-souple-courbe-gitzo-50cm\/","title":{"rendered":"D\u00e9clencheur souple courb\u00e9 Gitzo 50cm"},"content":{"rendered":"<p><strong>Marque : <\/strong>Gitzo<\/p>\n<p><strong>Taille<\/strong> : 50cm<\/p>\n<p><strong>Blocage de d\u00e9clencheur (Pose T)<\/strong> : Oui<\/p>\n<p>D\u00e9clencheur souple de qualit\u00e9, marque Gitzo, embout courb\u00e9 \u00e0 90\u00b0, parfait pour utilisation sur TLR par exemple.<\/p>","protected":false},"excerpt":{"rendered":"<p>Marque : Gitzo Taille : 50cm Blocage de d\u00e9clencheur (Pose T) : Oui D\u00e9clencheur souple de qualit\u00e9, marque Gitzo, embout courb\u00e9 \u00e0 90\u00b0, parfait pour utilisation sur TLR par exemple.<\/p>","protected":false},"featured_media":13631,"template":"","meta":{"_coblocks_attr":"","_coblocks_dimensions":"","_coblocks_responsive_height":"","_coblocks_accordion_ie_support":"","_crdt_document":"","jetpack_post_was_ever_published":false,"jetpack_publicize_message":"","jetpack_publicize_feature_enabled":true,"jetpack_social_post_already_shared":true,"jetpack_social_options":{"image_generator_settings":{"template":"highway","default_image_id":0,"font":"","enabled":false},"version":2},"_wpas_customize_per_network":false},"product_brand":[],"product_cat":[6376,6520],"product_tag":[],"class_list":{"0":"post-13630","1":"product","2":"type-product","3":"status-publish","4":"has-post-thumbnail","6":"product_cat-accessoires-fr","7":"product_cat-declencheurs-souples","9":"first","10":"outofstock","11":"shipping-taxable","12":"purchasable","13":"product-type-simple"},"yoast_head":"<!-- This site is optimized with the Yoast SEO plugin v27.3 - https:\/\/yoast.com\/product\/yoast-seo-wordpress\/ -->\n<title>D\u00e9clencheur souple courb\u00e9 Gitzo 50cm - Platyphoto<\/title>\n<meta name=\"description\" content=\"D\u00e9clencheur souple de qualit\u00e9, marque Gitzo, embout courb\u00e9 \u00e0 90\u00b0, parfait pour utilisation sur TLR par exemple.\" \/>\n<meta name=\"robots\" content=\"index, follow, max-snippet:-1, max-image-preview:large, max-video-preview:-1\" \/>\n<link rel=\"canonical\" href=\"https:\/\/platyphoto.com\/en\/product\/declencheur-souple-courbe-gitzo-50cm\/\" \/>\n<meta property=\"og:locale\" content=\"en_US\" \/>\n<meta property=\"og:type\" content=\"article\" \/>\n<meta property=\"og:title\" content=\"D\u00e9clencheur souple courb\u00e9 Gitzo 50cm - Platyphoto\" \/>\n<meta property=\"og:description\" content=\"D\u00e9clencheur souple de qualit\u00e9, marque Gitzo, embout courb\u00e9 \u00e0 90\u00b0, parfait pour utilisation sur TLR par exemple.\" \/>\n<meta property=\"og:url\" content=\"https:\/\/platyphoto.com\/en\/product\/declencheur-souple-courbe-gitzo-50cm\/\" \/>\n<meta property=\"og:site_name\" content=\"Platyphoto\" \/>\n<meta property=\"article:modified_time\" content=\"2024-11-04T08:23:11+00:00\" \/>\n<meta property=\"og:image\" content=\"https:\/\/platyphoto.com\/wp-content\/uploads\/2024\/11\/Gitzo-50cm-courbe.jpg\" \/>\n\t<meta property=\"og:image:width\" content=\"1505\" \/>\n\t<meta property=\"og:image:height\" content=\"1000\" \/>\n\t<meta property=\"og:image:type\" content=\"image\/jpeg\" \/>\n<meta name=\"twitter:card\" content=\"summary_large_image\" \/>\n<meta name=\"twitter:label1\" content=\"Est. reading time\" \/>\n\t<meta name=\"twitter:data1\" content=\"1 minute\" \/>\n<script type=\"application\/ld+json\" class=\"yoast-schema-graph\">{\"@context\":\"https:\\\/\\\/schema.org\",\"@graph\":[{\"@type\":\"WebPage\",\"@id\":\"https:\\\/\\\/platyphoto.com\\\/produit\\\/declencheur-souple-courbe-gitzo-50cm\\\/\",\"url\":\"https:\\\/\\\/platyphoto.com\\\/produit\\\/declencheur-souple-courbe-gitzo-50cm\\\/\",\"name\":\"D\u00e9clencheur souple courb\u00e9 Gitzo 50cm - Platyphoto\",\"isPartOf\":{\"@id\":\"https:\\\/\\\/platyphoto.com\\\/#website\"},\"primaryImageOfPage\":{\"@id\":\"https:\\\/\\\/platyphoto.com\\\/produit\\\/declencheur-souple-courbe-gitzo-50cm\\\/#primaryimage\"},\"image\":{\"@id\":\"https:\\\/\\\/platyphoto.com\\\/produit\\\/declencheur-souple-courbe-gitzo-50cm\\\/#primaryimage\"},\"thumbnailUrl\":\"https:\\\/\\\/i0.wp.com\\\/platyphoto.com\\\/wp-content\\\/uploads\\\/2024\\\/11\\\/Gitzo-50cm-courbe.jpg?fit=1505%2C1000&ssl=1\",\"datePublished\":\"2024-11-01T18:32:36+00:00\",\"dateModified\":\"2024-11-04T08:23:11+00:00\",\"description\":\"D\u00e9clencheur souple de qualit\u00e9, marque Gitzo, embout courb\u00e9 \u00e0 90\u00b0, parfait pour utilisation sur TLR par exemple.\",\"breadcrumb\":{\"@id\":\"https:\\\/\\\/platyphoto.com\\\/produit\\\/declencheur-souple-courbe-gitzo-50cm\\\/#breadcrumb\"},\"inLanguage\":\"en-US\",\"potentialAction\":[{\"@type\":\"ReadAction\",\"target\":[\"https:\\\/\\\/platyphoto.com\\\/produit\\\/declencheur-souple-courbe-gitzo-50cm\\\/\"]}]},{\"@type\":\"ImageObject\",\"inLanguage\":\"en-US\",\"@id\":\"https:\\\/\\\/platyphoto.com\\\/produit\\\/declencheur-souple-courbe-gitzo-50cm\\\/#primaryimage\",\"url\":\"https:\\\/\\\/i0.wp.com\\\/platyphoto.com\\\/wp-content\\\/uploads\\\/2024\\\/11\\\/Gitzo-50cm-courbe.jpg?fit=1505%2C1000&ssl=1\",\"contentUrl\":\"https:\\\/\\\/i0.wp.com\\\/platyphoto.com\\\/wp-content\\\/uploads\\\/2024\\\/11\\\/Gitzo-50cm-courbe.jpg?fit=1505%2C1000&ssl=1\",\"width\":1505,\"height\":1000,\"caption\":\"D\u00e9clencheur souple courb\u00e9 Gitzo 50cm\"},{\"@type\":\"BreadcrumbList\",\"@id\":\"https:\\\/\\\/platyphoto.com\\\/produit\\\/declencheur-souple-courbe-gitzo-50cm\\\/#breadcrumb\",\"itemListElement\":[{\"@type\":\"ListItem\",\"position\":1,\"name\":\"Accueil\",\"item\":\"https:\\\/\\\/platyphoto.com\\\/\"},{\"@type\":\"ListItem\",\"position\":2,\"name\":\"Boutique\",\"item\":\"https:\\\/\\\/platyphoto.com\\\/boutique\\\/\"},{\"@type\":\"ListItem\",\"position\":3,\"name\":\"D\u00e9clencheur souple courb\u00e9 Gitzo 50cm\"}]},{\"@type\":\"WebSite\",\"@id\":\"https:\\\/\\\/platyphoto.com\\\/#website\",\"url\":\"https:\\\/\\\/platyphoto.com\\\/\",\"name\":\"Platyphoto\",\"description\":\"Appareils photos argentiques, objectifs et accessoires de qualit\u00e9.\",\"publisher\":{\"@id\":\"https:\\\/\\\/platyphoto.com\\\/#organization\"},\"potentialAction\":[{\"@type\":\"SearchAction\",\"target\":{\"@type\":\"EntryPoint\",\"urlTemplate\":\"https:\\\/\\\/platyphoto.com\\\/?s={search_term_string}\"},\"query-input\":{\"@type\":\"PropertyValueSpecification\",\"valueRequired\":true,\"valueName\":\"search_term_string\"}}],\"inLanguage\":\"en-US\"},{\"@type\":\"Organization\",\"@id\":\"https:\\\/\\\/platyphoto.com\\\/#organization\",\"name\":\"Platyphoto\",\"alternateName\":\"Platyphoto\",\"url\":\"https:\\\/\\\/platyphoto.com\\\/\",\"logo\":{\"@type\":\"ImageObject\",\"inLanguage\":\"en-US\",\"@id\":\"https:\\\/\\\/platyphoto.com\\\/#\\\/schema\\\/logo\\\/image\\\/\",\"url\":\"https:\\\/\\\/i0.wp.com\\\/platyphoto.com\\\/wp-content\\\/uploads\\\/2020\\\/11\\\/cropped-header.jpg?fit=1500%2C282&ssl=1\",\"contentUrl\":\"https:\\\/\\\/i0.wp.com\\\/platyphoto.com\\\/wp-content\\\/uploads\\\/2020\\\/11\\\/cropped-header.jpg?fit=1500%2C282&ssl=1\",\"width\":1500,\"height\":282,\"caption\":\"Platyphoto\"},\"image\":{\"@id\":\"https:\\\/\\\/platyphoto.com\\\/#\\\/schema\\\/logo\\\/image\\\/\"},\"sameAs\":[\"https:\\\/\\\/www.instagram.com\\\/platyphoto\\\/\"]}]}<\/script>\n<!-- \/ Yoast SEO plugin. -->","yoast_head_json":{"title":"D\u00e9clencheur souple courb\u00e9 Gitzo 50cm - Platyphoto","description":"D\u00e9clencheur souple de qualit\u00e9, marque Gitzo, embout courb\u00e9 \u00e0 90\u00b0, parfait pour utilisation sur TLR par exemple.","robots":{"index":"index","follow":"follow","max-snippet":"max-snippet:-1","max-image-preview":"max-image-preview:large","max-video-preview":"max-video-preview:-1"},"canonical":"https:\/\/platyphoto.com\/en\/product\/declencheur-souple-courbe-gitzo-50cm\/","og_locale":"en_US","og_type":"article","og_title":"D\u00e9clencheur souple courb\u00e9 Gitzo 50cm - Platyphoto","og_description":"D\u00e9clencheur souple de qualit\u00e9, marque Gitzo, embout courb\u00e9 \u00e0 90\u00b0, parfait pour utilisation sur TLR par exemple.","og_url":"https:\/\/platyphoto.com\/en\/product\/declencheur-souple-courbe-gitzo-50cm\/","og_site_name":"Platyphoto","article_modified_time":"2024-11-04T08:23:11+00:00","og_image":[{"width":1505,"height":1000,"url":"https:\/\/platyphoto.com\/wp-content\/uploads\/2024\/11\/Gitzo-50cm-courbe.jpg","type":"image\/jpeg"}],"twitter_card":"summary_large_image","twitter_misc":{"Est. reading time":"1 minute"},"schema":{"@context":"https:\/\/schema.org","@graph":[{"@type":"WebPage","@id":"https:\/\/platyphoto.com\/produit\/declencheur-souple-courbe-gitzo-50cm\/","url":"https:\/\/platyphoto.com\/produit\/declencheur-souple-courbe-gitzo-50cm\/","name":"D\u00e9clencheur souple courb\u00e9 Gitzo 50cm - Platyphoto","isPartOf":{"@id":"https:\/\/platyphoto.com\/#website"},"primaryImageOfPage":{"@id":"https:\/\/platyphoto.com\/produit\/declencheur-souple-courbe-gitzo-50cm\/#primaryimage"},"image":{"@id":"https:\/\/platyphoto.com\/produit\/declencheur-souple-courbe-gitzo-50cm\/#primaryimage"},"thumbnailUrl":"https:\/\/i0.wp.com\/platyphoto.com\/wp-content\/uploads\/2024\/11\/Gitzo-50cm-courbe.jpg?fit=1505%2C1000&ssl=1","datePublished":"2024-11-01T18:32:36+00:00","dateModified":"2024-11-04T08:23:11+00:00","description":"D\u00e9clencheur souple de qualit\u00e9, marque Gitzo, embout courb\u00e9 \u00e0 90\u00b0, parfait pour utilisation sur TLR par exemple.","breadcrumb":{"@id":"https:\/\/platyphoto.com\/produit\/declencheur-souple-courbe-gitzo-50cm\/#breadcrumb"},"inLanguage":"en-US","potentialAction":[{"@type":"ReadAction","target":["https:\/\/platyphoto.com\/produit\/declencheur-souple-courbe-gitzo-50cm\/"]}]},{"@type":"ImageObject","inLanguage":"en-US","@id":"https:\/\/platyphoto.com\/produit\/declencheur-souple-courbe-gitzo-50cm\/#primaryimage","url":"https:\/\/i0.wp.com\/platyphoto.com\/wp-content\/uploads\/2024\/11\/Gitzo-50cm-courbe.jpg?fit=1505%2C1000&ssl=1","contentUrl":"https:\/\/i0.wp.com\/platyphoto.com\/wp-content\/uploads\/2024\/11\/Gitzo-50cm-courbe.jpg?fit=1505%2C1000&ssl=1","width":1505,"height":1000,"caption":"D\u00e9clencheur souple courb\u00e9 Gitzo 50cm"},{"@type":"BreadcrumbList","@id":"https:\/\/platyphoto.com\/produit\/declencheur-souple-courbe-gitzo-50cm\/#breadcrumb","itemListElement":[{"@type":"ListItem","position":1,"name":"Accueil","item":"https:\/\/platyphoto.com\/"},{"@type":"ListItem","position":2,"name":"Boutique","item":"https:\/\/platyphoto.com\/boutique\/"},{"@type":"ListItem","position":3,"name":"D\u00e9clencheur souple courb\u00e9 Gitzo 50cm"}]},{"@type":"WebSite","@id":"https:\/\/platyphoto.com\/#website","url":"https:\/\/platyphoto.com\/","name":"Platyphoto","description":"Appareils photos argentiques, objectifs et accessoires de qualit\u00e9.","publisher":{"@id":"https:\/\/platyphoto.com\/#organization"},"potentialAction":[{"@type":"SearchAction","target":{"@type":"EntryPoint","urlTemplate":"https:\/\/platyphoto.com\/?s={search_term_string}"},"query-input":{"@type":"PropertyValueSpecification","valueRequired":true,"valueName":"search_term_string"}}],"inLanguage":"en-US"},{"@type":"Organization","@id":"https:\/\/platyphoto.com\/#organization","name":"Platyphoto","alternateName":"Platyphoto","url":"https:\/\/platyphoto.com\/","logo":{"@type":"ImageObject","inLanguage":"en-US","@id":"https:\/\/platyphoto.com\/#\/schema\/logo\/image\/","url":"https:\/\/i0.wp.com\/platyphoto.com\/wp-content\/uploads\/2020\/11\/cropped-header.jpg?fit=1500%2C282&ssl=1","contentUrl":"https:\/\/i0.wp.com\/platyphoto.com\/wp-content\/uploads\/2020\/11\/cropped-header.jpg?fit=1500%2C282&ssl=1","width":1500,"height":282,"caption":"Platyphoto"},"image":{"@id":"https:\/\/platyphoto.com\/#\/schema\/logo\/image\/"},"sameAs":["https:\/\/www.instagram.com\/platyphoto\/"]}]}},"jetpack_publicize_connections":[],"jetpack_likes_enabled":false,"jetpack_sharing_enabled":true,"_links":{"self":[{"href":"https:\/\/platyphoto.com\/en\/wp-json\/wp\/v2\/product\/13630","targetHints":{"allow":["GET"]}}],"collection":[{"href":"https:\/\/platyphoto.com\/en\/wp-json\/wp\/v2\/product"}],"about":[{"href":"https:\/\/platyphoto.com\/en\/wp-json\/wp\/v2\/types\/product"}],"wp:featuredmedia":[{"embeddable":true,"href":"https:\/\/platyphoto.com\/en\/wp-json\/wp\/v2\/media\/13631"}],"wp:attachment":[{"href":"https:\/\/platyphoto.com\/en\/wp-json\/wp\/v2\/media?parent=13630"}],"wp:term":[{"taxonomy":"product_brand","embeddable":true,"href":"https:\/\/platyphoto.com\/en\/wp-json\/wp\/v2\/product_brand?post=13630"},{"taxonomy":"product_cat","embeddable":true,"href":"https:\/\/platyphoto.com\/en\/wp-json\/wp\/v2\/product_cat?post=13630"},{"taxonomy":"product_tag","embeddable":true,"href":"https:\/\/platyphoto.com\/en\/wp-json\/wp\/v2\/product_tag?post=13630"}],"curies":[{"name":"wp","href":"https:\/\/api.w.org\/{rel}","templated":true}]}}