{"id":13669,"date":"2024-11-02T12:11:57","date_gmt":"2024-11-02T11:11:57","guid":{"rendered":"https:\/\/platyphoto.com\/?post_type=product&#038;p=13669"},"modified":"2024-11-10T09:02:48","modified_gmt":"2024-11-10T08:02:48","slug":"sony-cybershot-dsc-w55-7-2mpx-2","status":"publish","type":"product","link":"https:\/\/platyphoto.com\/en\/product\/sony-cybershot-dsc-w55-7-2mpx-2\/","title":{"rendered":"Sony Cybershot DSC-W55 7.2mpx"},"content":{"rendered":"<p><strong>Marque<\/strong> : Sony<\/p>\n<p><strong>Mod\u00e8le<\/strong> : Cybershot DSC-W55<\/p>\n<p><strong>Objectif<\/strong> : 6.3-18.9 mm f\/2.8-5.2<\/p>\n<p><strong>D\u00e9finition<\/strong> : 7.2 millions de pixels<\/p>\n<p><strong>Piles : <\/strong>Batterie (fournie)<\/p>\n<p>Sony Cybershot DSC-W55 7.2mpx. Appareil photo num\u00e9rique de qualit\u00e9, grand \u00e9cran agr\u00e9able \u00e0 utiliser. Divers modes de prises de vues, paysage, plage, nuit ect.., mode vid\u00e9o pr\u00e9sent, belle optique Carl Zeiss. Fourni avec une carte memory stick duo de 256mo (68 photos en r\u00e9solution max) ainsi que son chargeur d\u00e9di\u00e9 officiel.<\/p>\n<p>Traces d&rsquo;usages sur l&rsquo;\u00e9cran, 100% fonctionnel.<\/p>","protected":false},"excerpt":{"rendered":"<p>Marque : Sony Mod\u00e8le : Cybershot DSC-W55 Objectif : 6.3-18.9 mm f\/2.8-5.2 D\u00e9finition : 7.2 millions de pixels Piles : Batterie (fournie) Sony Cybershot DSC-W55 7.2mpx. Appareil photo num\u00e9rique de qualit\u00e9, grand \u00e9cran agr\u00e9able \u00e0 utiliser. Divers modes de prises de vues, paysage, plage, nuit ect.., mode vid\u00e9o pr\u00e9sent, belle optique Carl Zeiss. Fourni avec [&hellip;]<\/p>\n","protected":false},"featured_media":13672,"template":"","meta":{"_coblocks_attr":"","_coblocks_dimensions":"","_coblocks_responsive_height":"","_coblocks_accordion_ie_support":"","_crdt_document":"","jetpack_post_was_ever_published":false,"jetpack_publicize_message":"","jetpack_publicize_feature_enabled":true,"jetpack_social_post_already_shared":true,"jetpack_social_options":{"image_generator_settings":{"template":"highway","default_image_id":0,"font":"","enabled":false},"version":2},"_wpas_customize_per_network":false},"product_brand":[],"product_cat":[6349,6545],"product_tag":[],"class_list":{"0":"post-13669","1":"product","2":"type-product","3":"status-publish","4":"has-post-thumbnail","6":"product_cat-appareils","7":"product_cat-numeriques","9":"first","10":"outofstock","11":"shipping-taxable","12":"purchasable","13":"product-type-simple"},"yoast_head":"<!-- This site is optimized with the Yoast SEO plugin v27.3 - https:\/\/yoast.com\/product\/yoast-seo-wordpress\/ -->\n<title>Sony Cybershot DSC-W55 7.2mpx - Platyphoto<\/title>\n<meta name=\"description\" content=\"Digicam Sony Cybershot DSC-W55 7.2mpx. Appareil photo num\u00e9rique de qualit\u00e9, grand \u00e9cran agr\u00e9able \u00e0 utiliser. Divers modes de prises de vues, paysage, plage, nuit ect..\" \/>\n<meta name=\"robots\" content=\"index, follow, max-snippet:-1, max-image-preview:large, max-video-preview:-1\" \/>\n<link rel=\"canonical\" href=\"https:\/\/platyphoto.com\/en\/product\/sony-cybershot-dsc-w55-7-2mpx-2\/\" \/>\n<meta property=\"og:locale\" content=\"en_US\" \/>\n<meta property=\"og:type\" content=\"article\" \/>\n<meta property=\"og:title\" content=\"Sony Cybershot DSC-W55 7.2mpx - Platyphoto\" \/>\n<meta property=\"og:description\" content=\"Digicam Sony Cybershot DSC-W55 7.2mpx. Appareil photo num\u00e9rique de qualit\u00e9, grand \u00e9cran agr\u00e9able \u00e0 utiliser. Divers modes de prises de vues, paysage, plage, nuit ect..\" \/>\n<meta property=\"og:url\" content=\"https:\/\/platyphoto.com\/en\/product\/sony-cybershot-dsc-w55-7-2mpx-2\/\" \/>\n<meta property=\"og:site_name\" content=\"Platyphoto\" \/>\n<meta property=\"article:modified_time\" content=\"2024-11-10T08:02:48+00:00\" \/>\n<meta property=\"og:image\" content=\"https:\/\/platyphoto.com\/wp-content\/uploads\/2024\/11\/Sony-Cybershot-DSC-W55-7.2mpx.jpg\" \/>\n\t<meta property=\"og:image:width\" content=\"1505\" \/>\n\t<meta property=\"og:image:height\" content=\"1000\" \/>\n\t<meta property=\"og:image:type\" content=\"image\/jpeg\" \/>\n<meta name=\"twitter:card\" content=\"summary_large_image\" \/>\n<meta name=\"twitter:label1\" content=\"Est. reading time\" \/>\n\t<meta name=\"twitter:data1\" content=\"1 minute\" \/>\n<script type=\"application\/ld+json\" class=\"yoast-schema-graph\">{\"@context\":\"https:\\\/\\\/schema.org\",\"@graph\":[{\"@type\":\"WebPage\",\"@id\":\"https:\\\/\\\/platyphoto.com\\\/produit\\\/sony-cybershot-dsc-w55-7-2mpx-2\\\/\",\"url\":\"https:\\\/\\\/platyphoto.com\\\/produit\\\/sony-cybershot-dsc-w55-7-2mpx-2\\\/\",\"name\":\"Sony Cybershot DSC-W55 7.2mpx - Platyphoto\",\"isPartOf\":{\"@id\":\"https:\\\/\\\/platyphoto.com\\\/#website\"},\"primaryImageOfPage\":{\"@id\":\"https:\\\/\\\/platyphoto.com\\\/produit\\\/sony-cybershot-dsc-w55-7-2mpx-2\\\/#primaryimage\"},\"image\":{\"@id\":\"https:\\\/\\\/platyphoto.com\\\/produit\\\/sony-cybershot-dsc-w55-7-2mpx-2\\\/#primaryimage\"},\"thumbnailUrl\":\"https:\\\/\\\/i0.wp.com\\\/platyphoto.com\\\/wp-content\\\/uploads\\\/2024\\\/11\\\/Sony-Cybershot-DSC-W55-7.2mpx.jpg?fit=1505%2C1000&ssl=1\",\"datePublished\":\"2024-11-02T11:11:57+00:00\",\"dateModified\":\"2024-11-10T08:02:48+00:00\",\"description\":\"Digicam Sony Cybershot DSC-W55 7.2mpx. Appareil photo num\u00e9rique de qualit\u00e9, grand \u00e9cran agr\u00e9able \u00e0 utiliser. Divers modes de prises de vues, paysage, plage, nuit ect..\",\"breadcrumb\":{\"@id\":\"https:\\\/\\\/platyphoto.com\\\/produit\\\/sony-cybershot-dsc-w55-7-2mpx-2\\\/#breadcrumb\"},\"inLanguage\":\"en-US\",\"potentialAction\":[{\"@type\":\"ReadAction\",\"target\":[\"https:\\\/\\\/platyphoto.com\\\/produit\\\/sony-cybershot-dsc-w55-7-2mpx-2\\\/\"]}]},{\"@type\":\"ImageObject\",\"inLanguage\":\"en-US\",\"@id\":\"https:\\\/\\\/platyphoto.com\\\/produit\\\/sony-cybershot-dsc-w55-7-2mpx-2\\\/#primaryimage\",\"url\":\"https:\\\/\\\/i0.wp.com\\\/platyphoto.com\\\/wp-content\\\/uploads\\\/2024\\\/11\\\/Sony-Cybershot-DSC-W55-7.2mpx.jpg?fit=1505%2C1000&ssl=1\",\"contentUrl\":\"https:\\\/\\\/i0.wp.com\\\/platyphoto.com\\\/wp-content\\\/uploads\\\/2024\\\/11\\\/Sony-Cybershot-DSC-W55-7.2mpx.jpg?fit=1505%2C1000&ssl=1\",\"width\":1505,\"height\":1000,\"caption\":\"Sony Cybershot DSC-W55 7.2mpx\"},{\"@type\":\"BreadcrumbList\",\"@id\":\"https:\\\/\\\/platyphoto.com\\\/produit\\\/sony-cybershot-dsc-w55-7-2mpx-2\\\/#breadcrumb\",\"itemListElement\":[{\"@type\":\"ListItem\",\"position\":1,\"name\":\"Accueil\",\"item\":\"https:\\\/\\\/platyphoto.com\\\/\"},{\"@type\":\"ListItem\",\"position\":2,\"name\":\"Boutique\",\"item\":\"https:\\\/\\\/platyphoto.com\\\/boutique\\\/\"},{\"@type\":\"ListItem\",\"position\":3,\"name\":\"Sony Cybershot DSC-W55 7.2mpx\"}]},{\"@type\":\"WebSite\",\"@id\":\"https:\\\/\\\/platyphoto.com\\\/#website\",\"url\":\"https:\\\/\\\/platyphoto.com\\\/\",\"name\":\"Platyphoto\",\"description\":\"Appareils photos argentiques, objectifs et accessoires de qualit\u00e9.\",\"publisher\":{\"@id\":\"https:\\\/\\\/platyphoto.com\\\/#organization\"},\"potentialAction\":[{\"@type\":\"SearchAction\",\"target\":{\"@type\":\"EntryPoint\",\"urlTemplate\":\"https:\\\/\\\/platyphoto.com\\\/?s={search_term_string}\"},\"query-input\":{\"@type\":\"PropertyValueSpecification\",\"valueRequired\":true,\"valueName\":\"search_term_string\"}}],\"inLanguage\":\"en-US\"},{\"@type\":\"Organization\",\"@id\":\"https:\\\/\\\/platyphoto.com\\\/#organization\",\"name\":\"Platyphoto\",\"alternateName\":\"Platyphoto\",\"url\":\"https:\\\/\\\/platyphoto.com\\\/\",\"logo\":{\"@type\":\"ImageObject\",\"inLanguage\":\"en-US\",\"@id\":\"https:\\\/\\\/platyphoto.com\\\/#\\\/schema\\\/logo\\\/image\\\/\",\"url\":\"https:\\\/\\\/i0.wp.com\\\/platyphoto.com\\\/wp-content\\\/uploads\\\/2020\\\/11\\\/cropped-header.jpg?fit=1500%2C282&ssl=1\",\"contentUrl\":\"https:\\\/\\\/i0.wp.com\\\/platyphoto.com\\\/wp-content\\\/uploads\\\/2020\\\/11\\\/cropped-header.jpg?fit=1500%2C282&ssl=1\",\"width\":1500,\"height\":282,\"caption\":\"Platyphoto\"},\"image\":{\"@id\":\"https:\\\/\\\/platyphoto.com\\\/#\\\/schema\\\/logo\\\/image\\\/\"},\"sameAs\":[\"https:\\\/\\\/www.instagram.com\\\/platyphoto\\\/\"]}]}<\/script>\n<!-- \/ Yoast SEO plugin. -->","yoast_head_json":{"title":"Sony Cybershot DSC-W55 7.2mpx - Platyphoto","description":"Digicam Sony Cybershot DSC-W55 7.2mpx. Appareil photo num\u00e9rique de qualit\u00e9, grand \u00e9cran agr\u00e9able \u00e0 utiliser. Divers modes de prises de vues, paysage, plage, nuit ect..","robots":{"index":"index","follow":"follow","max-snippet":"max-snippet:-1","max-image-preview":"max-image-preview:large","max-video-preview":"max-video-preview:-1"},"canonical":"https:\/\/platyphoto.com\/en\/product\/sony-cybershot-dsc-w55-7-2mpx-2\/","og_locale":"en_US","og_type":"article","og_title":"Sony Cybershot DSC-W55 7.2mpx - Platyphoto","og_description":"Digicam Sony Cybershot DSC-W55 7.2mpx. Appareil photo num\u00e9rique de qualit\u00e9, grand \u00e9cran agr\u00e9able \u00e0 utiliser. Divers modes de prises de vues, paysage, plage, nuit ect..","og_url":"https:\/\/platyphoto.com\/en\/product\/sony-cybershot-dsc-w55-7-2mpx-2\/","og_site_name":"Platyphoto","article_modified_time":"2024-11-10T08:02:48+00:00","og_image":[{"width":1505,"height":1000,"url":"https:\/\/platyphoto.com\/wp-content\/uploads\/2024\/11\/Sony-Cybershot-DSC-W55-7.2mpx.jpg","type":"image\/jpeg"}],"twitter_card":"summary_large_image","twitter_misc":{"Est. reading time":"1 minute"},"schema":{"@context":"https:\/\/schema.org","@graph":[{"@type":"WebPage","@id":"https:\/\/platyphoto.com\/produit\/sony-cybershot-dsc-w55-7-2mpx-2\/","url":"https:\/\/platyphoto.com\/produit\/sony-cybershot-dsc-w55-7-2mpx-2\/","name":"Sony Cybershot DSC-W55 7.2mpx - Platyphoto","isPartOf":{"@id":"https:\/\/platyphoto.com\/#website"},"primaryImageOfPage":{"@id":"https:\/\/platyphoto.com\/produit\/sony-cybershot-dsc-w55-7-2mpx-2\/#primaryimage"},"image":{"@id":"https:\/\/platyphoto.com\/produit\/sony-cybershot-dsc-w55-7-2mpx-2\/#primaryimage"},"thumbnailUrl":"https:\/\/i0.wp.com\/platyphoto.com\/wp-content\/uploads\/2024\/11\/Sony-Cybershot-DSC-W55-7.2mpx.jpg?fit=1505%2C1000&ssl=1","datePublished":"2024-11-02T11:11:57+00:00","dateModified":"2024-11-10T08:02:48+00:00","description":"Digicam Sony Cybershot DSC-W55 7.2mpx. Appareil photo num\u00e9rique de qualit\u00e9, grand \u00e9cran agr\u00e9able \u00e0 utiliser. Divers modes de prises de vues, paysage, plage, nuit ect..","breadcrumb":{"@id":"https:\/\/platyphoto.com\/produit\/sony-cybershot-dsc-w55-7-2mpx-2\/#breadcrumb"},"inLanguage":"en-US","potentialAction":[{"@type":"ReadAction","target":["https:\/\/platyphoto.com\/produit\/sony-cybershot-dsc-w55-7-2mpx-2\/"]}]},{"@type":"ImageObject","inLanguage":"en-US","@id":"https:\/\/platyphoto.com\/produit\/sony-cybershot-dsc-w55-7-2mpx-2\/#primaryimage","url":"https:\/\/i0.wp.com\/platyphoto.com\/wp-content\/uploads\/2024\/11\/Sony-Cybershot-DSC-W55-7.2mpx.jpg?fit=1505%2C1000&ssl=1","contentUrl":"https:\/\/i0.wp.com\/platyphoto.com\/wp-content\/uploads\/2024\/11\/Sony-Cybershot-DSC-W55-7.2mpx.jpg?fit=1505%2C1000&ssl=1","width":1505,"height":1000,"caption":"Sony Cybershot DSC-W55 7.2mpx"},{"@type":"BreadcrumbList","@id":"https:\/\/platyphoto.com\/produit\/sony-cybershot-dsc-w55-7-2mpx-2\/#breadcrumb","itemListElement":[{"@type":"ListItem","position":1,"name":"Accueil","item":"https:\/\/platyphoto.com\/"},{"@type":"ListItem","position":2,"name":"Boutique","item":"https:\/\/platyphoto.com\/boutique\/"},{"@type":"ListItem","position":3,"name":"Sony Cybershot DSC-W55 7.2mpx"}]},{"@type":"WebSite","@id":"https:\/\/platyphoto.com\/#website","url":"https:\/\/platyphoto.com\/","name":"Platyphoto","description":"Appareils photos argentiques, objectifs et accessoires de qualit\u00e9.","publisher":{"@id":"https:\/\/platyphoto.com\/#organization"},"potentialAction":[{"@type":"SearchAction","target":{"@type":"EntryPoint","urlTemplate":"https:\/\/platyphoto.com\/?s={search_term_string}"},"query-input":{"@type":"PropertyValueSpecification","valueRequired":true,"valueName":"search_term_string"}}],"inLanguage":"en-US"},{"@type":"Organization","@id":"https:\/\/platyphoto.com\/#organization","name":"Platyphoto","alternateName":"Platyphoto","url":"https:\/\/platyphoto.com\/","logo":{"@type":"ImageObject","inLanguage":"en-US","@id":"https:\/\/platyphoto.com\/#\/schema\/logo\/image\/","url":"https:\/\/i0.wp.com\/platyphoto.com\/wp-content\/uploads\/2020\/11\/cropped-header.jpg?fit=1500%2C282&ssl=1","contentUrl":"https:\/\/i0.wp.com\/platyphoto.com\/wp-content\/uploads\/2020\/11\/cropped-header.jpg?fit=1500%2C282&ssl=1","width":1500,"height":282,"caption":"Platyphoto"},"image":{"@id":"https:\/\/platyphoto.com\/#\/schema\/logo\/image\/"},"sameAs":["https:\/\/www.instagram.com\/platyphoto\/"]}]}},"jetpack_publicize_connections":[],"jetpack_likes_enabled":false,"jetpack_sharing_enabled":true,"_links":{"self":[{"href":"https:\/\/platyphoto.com\/en\/wp-json\/wp\/v2\/product\/13669","targetHints":{"allow":["GET"]}}],"collection":[{"href":"https:\/\/platyphoto.com\/en\/wp-json\/wp\/v2\/product"}],"about":[{"href":"https:\/\/platyphoto.com\/en\/wp-json\/wp\/v2\/types\/product"}],"wp:featuredmedia":[{"embeddable":true,"href":"https:\/\/platyphoto.com\/en\/wp-json\/wp\/v2\/media\/13672"}],"wp:attachment":[{"href":"https:\/\/platyphoto.com\/en\/wp-json\/wp\/v2\/media?parent=13669"}],"wp:term":[{"taxonomy":"product_brand","embeddable":true,"href":"https:\/\/platyphoto.com\/en\/wp-json\/wp\/v2\/product_brand?post=13669"},{"taxonomy":"product_cat","embeddable":true,"href":"https:\/\/platyphoto.com\/en\/wp-json\/wp\/v2\/product_cat?post=13669"},{"taxonomy":"product_tag","embeddable":true,"href":"https:\/\/platyphoto.com\/en\/wp-json\/wp\/v2\/product_tag?post=13669"}],"curies":[{"name":"wp","href":"https:\/\/api.w.org\/{rel}","templated":true}]}}