{"id":14281,"date":"2024-12-29T16:22:43","date_gmt":"2024-12-29T15:22:43","guid":{"rendered":"https:\/\/platyphoto.com\/?post_type=product&#038;p=14281"},"modified":"2025-01-20T22:09:56","modified_gmt":"2025-01-20T21:09:56","slug":"canon-speedlite-200e-pour-eos","status":"publish","type":"product","link":"https:\/\/platyphoto.com\/en\/product\/canon-speedlite-200e-pour-eos\/","title":{"rendered":"Canon Speedlite 200E pour EOS"},"content":{"rendered":"<p class=\"flex items-center text-headline-2\">Flash Canon Speedlite 200E pour appareil photo argentique Canon EOS argentiques uniquement.<\/p>\n<p>Bel \u00e9tat g\u00e9n\u00e9ral, 100% fonctionnel, vendu sans piles.<\/p>\n<p>Utilise 4 piles AA.<\/p>","protected":false},"excerpt":{"rendered":"<p>Flash Canon Speedlite 200E pour appareil photo argentique Canon EOS argentiques uniquement. Bel \u00e9tat g\u00e9n\u00e9ral, 100% fonctionnel, vendu sans piles. Utilise 4 piles AA.<\/p>","protected":false},"featured_media":14283,"template":"","meta":{"_coblocks_attr":"","_coblocks_dimensions":"","_coblocks_responsive_height":"","_coblocks_accordion_ie_support":"","_crdt_document":"","jetpack_post_was_ever_published":false,"jetpack_publicize_message":"","jetpack_publicize_feature_enabled":true,"jetpack_social_post_already_shared":true,"jetpack_social_options":{"image_generator_settings":{"template":"highway","default_image_id":0,"font":"","enabled":false},"version":2},"_wpas_customize_per_network":false},"product_brand":[],"product_cat":[6376,6401],"product_tag":[],"class_list":{"0":"post-14281","1":"product","2":"type-product","3":"status-publish","4":"has-post-thumbnail","6":"product_cat-accessoires-fr","7":"product_cat-flash","9":"first","10":"outofstock","11":"shipping-taxable","12":"purchasable","13":"product-type-simple"},"yoast_head":"<!-- This site is optimized with the Yoast SEO plugin v27.3 - https:\/\/yoast.com\/product\/yoast-seo-wordpress\/ -->\n<title>Canon Speedlite 200E pour EOS - Platyphoto<\/title>\n<meta name=\"description\" content=\"Flash Canon Speedlite 300EZ pour appareil photo argentique Canon EOS uniquement.Bel \u00e9tat g\u00e9n\u00e9ral, 100% fonctionnel, vendu sans piles.\" \/>\n<meta name=\"robots\" content=\"index, follow, max-snippet:-1, max-image-preview:large, max-video-preview:-1\" \/>\n<link rel=\"canonical\" href=\"https:\/\/platyphoto.com\/en\/product\/canon-speedlite-200e-pour-eos\/\" \/>\n<meta property=\"og:locale\" content=\"en_US\" \/>\n<meta property=\"og:type\" content=\"article\" \/>\n<meta property=\"og:title\" content=\"Canon Speedlite 200E pour EOS - Platyphoto\" \/>\n<meta property=\"og:description\" content=\"Flash Canon Speedlite 300EZ pour appareil photo argentique Canon EOS uniquement.Bel \u00e9tat g\u00e9n\u00e9ral, 100% fonctionnel, vendu sans piles.\" \/>\n<meta property=\"og:url\" content=\"https:\/\/platyphoto.com\/en\/product\/canon-speedlite-200e-pour-eos\/\" \/>\n<meta property=\"og:site_name\" content=\"Platyphoto\" \/>\n<meta property=\"article:modified_time\" content=\"2025-01-20T21:09:56+00:00\" \/>\n<meta property=\"og:image\" content=\"https:\/\/platyphoto.com\/wp-content\/uploads\/2024\/12\/Canon-Speedlite-200E-pour-EOS.jpg\" \/>\n\t<meta property=\"og:image:width\" content=\"4344\" \/>\n\t<meta property=\"og:image:height\" content=\"2887\" \/>\n\t<meta property=\"og:image:type\" content=\"image\/jpeg\" \/>\n<meta name=\"twitter:card\" content=\"summary_large_image\" \/>\n<meta name=\"twitter:label1\" content=\"Est. reading time\" \/>\n\t<meta name=\"twitter:data1\" content=\"1 minute\" \/>\n<script type=\"application\/ld+json\" class=\"yoast-schema-graph\">{\"@context\":\"https:\\\/\\\/schema.org\",\"@graph\":[{\"@type\":\"WebPage\",\"@id\":\"https:\\\/\\\/platyphoto.com\\\/produit\\\/canon-speedlite-200e-pour-eos\\\/\",\"url\":\"https:\\\/\\\/platyphoto.com\\\/produit\\\/canon-speedlite-200e-pour-eos\\\/\",\"name\":\"Canon Speedlite 200E pour EOS - Platyphoto\",\"isPartOf\":{\"@id\":\"https:\\\/\\\/platyphoto.com\\\/#website\"},\"primaryImageOfPage\":{\"@id\":\"https:\\\/\\\/platyphoto.com\\\/produit\\\/canon-speedlite-200e-pour-eos\\\/#primaryimage\"},\"image\":{\"@id\":\"https:\\\/\\\/platyphoto.com\\\/produit\\\/canon-speedlite-200e-pour-eos\\\/#primaryimage\"},\"thumbnailUrl\":\"https:\\\/\\\/i0.wp.com\\\/platyphoto.com\\\/wp-content\\\/uploads\\\/2024\\\/12\\\/Canon-Speedlite-200E-pour-EOS.jpg?fit=4344%2C2887&ssl=1\",\"datePublished\":\"2024-12-29T15:22:43+00:00\",\"dateModified\":\"2025-01-20T21:09:56+00:00\",\"description\":\"Flash Canon Speedlite 300EZ pour appareil photo argentique Canon EOS uniquement.Bel \u00e9tat g\u00e9n\u00e9ral, 100% fonctionnel, vendu sans piles.\",\"breadcrumb\":{\"@id\":\"https:\\\/\\\/platyphoto.com\\\/produit\\\/canon-speedlite-200e-pour-eos\\\/#breadcrumb\"},\"inLanguage\":\"en-US\",\"potentialAction\":[{\"@type\":\"ReadAction\",\"target\":[\"https:\\\/\\\/platyphoto.com\\\/produit\\\/canon-speedlite-200e-pour-eos\\\/\"]}]},{\"@type\":\"ImageObject\",\"inLanguage\":\"en-US\",\"@id\":\"https:\\\/\\\/platyphoto.com\\\/produit\\\/canon-speedlite-200e-pour-eos\\\/#primaryimage\",\"url\":\"https:\\\/\\\/i0.wp.com\\\/platyphoto.com\\\/wp-content\\\/uploads\\\/2024\\\/12\\\/Canon-Speedlite-200E-pour-EOS.jpg?fit=4344%2C2887&ssl=1\",\"contentUrl\":\"https:\\\/\\\/i0.wp.com\\\/platyphoto.com\\\/wp-content\\\/uploads\\\/2024\\\/12\\\/Canon-Speedlite-200E-pour-EOS.jpg?fit=4344%2C2887&ssl=1\",\"width\":4344,\"height\":2887,\"caption\":\"Canon Speedlite 200E pour EOS\"},{\"@type\":\"BreadcrumbList\",\"@id\":\"https:\\\/\\\/platyphoto.com\\\/produit\\\/canon-speedlite-200e-pour-eos\\\/#breadcrumb\",\"itemListElement\":[{\"@type\":\"ListItem\",\"position\":1,\"name\":\"Accueil\",\"item\":\"https:\\\/\\\/platyphoto.com\\\/\"},{\"@type\":\"ListItem\",\"position\":2,\"name\":\"Boutique\",\"item\":\"https:\\\/\\\/platyphoto.com\\\/boutique\\\/\"},{\"@type\":\"ListItem\",\"position\":3,\"name\":\"Canon Speedlite 200E pour EOS\"}]},{\"@type\":\"WebSite\",\"@id\":\"https:\\\/\\\/platyphoto.com\\\/#website\",\"url\":\"https:\\\/\\\/platyphoto.com\\\/\",\"name\":\"Platyphoto\",\"description\":\"Appareils photos argentiques, objectifs et accessoires de qualit\u00e9.\",\"publisher\":{\"@id\":\"https:\\\/\\\/platyphoto.com\\\/#organization\"},\"potentialAction\":[{\"@type\":\"SearchAction\",\"target\":{\"@type\":\"EntryPoint\",\"urlTemplate\":\"https:\\\/\\\/platyphoto.com\\\/?s={search_term_string}\"},\"query-input\":{\"@type\":\"PropertyValueSpecification\",\"valueRequired\":true,\"valueName\":\"search_term_string\"}}],\"inLanguage\":\"en-US\"},{\"@type\":\"Organization\",\"@id\":\"https:\\\/\\\/platyphoto.com\\\/#organization\",\"name\":\"Platyphoto\",\"alternateName\":\"Platyphoto\",\"url\":\"https:\\\/\\\/platyphoto.com\\\/\",\"logo\":{\"@type\":\"ImageObject\",\"inLanguage\":\"en-US\",\"@id\":\"https:\\\/\\\/platyphoto.com\\\/#\\\/schema\\\/logo\\\/image\\\/\",\"url\":\"https:\\\/\\\/i0.wp.com\\\/platyphoto.com\\\/wp-content\\\/uploads\\\/2020\\\/11\\\/cropped-header.jpg?fit=1500%2C282&ssl=1\",\"contentUrl\":\"https:\\\/\\\/i0.wp.com\\\/platyphoto.com\\\/wp-content\\\/uploads\\\/2020\\\/11\\\/cropped-header.jpg?fit=1500%2C282&ssl=1\",\"width\":1500,\"height\":282,\"caption\":\"Platyphoto\"},\"image\":{\"@id\":\"https:\\\/\\\/platyphoto.com\\\/#\\\/schema\\\/logo\\\/image\\\/\"},\"sameAs\":[\"https:\\\/\\\/www.instagram.com\\\/platyphoto\\\/\"]}]}<\/script>\n<!-- \/ Yoast SEO plugin. -->","yoast_head_json":{"title":"Canon Speedlite 200E pour EOS - Platyphoto","description":"Flash Canon Speedlite 300EZ pour appareil photo argentique Canon EOS uniquement.Bel \u00e9tat g\u00e9n\u00e9ral, 100% fonctionnel, vendu sans piles.","robots":{"index":"index","follow":"follow","max-snippet":"max-snippet:-1","max-image-preview":"max-image-preview:large","max-video-preview":"max-video-preview:-1"},"canonical":"https:\/\/platyphoto.com\/en\/product\/canon-speedlite-200e-pour-eos\/","og_locale":"en_US","og_type":"article","og_title":"Canon Speedlite 200E pour EOS - Platyphoto","og_description":"Flash Canon Speedlite 300EZ pour appareil photo argentique Canon EOS uniquement.Bel \u00e9tat g\u00e9n\u00e9ral, 100% fonctionnel, vendu sans piles.","og_url":"https:\/\/platyphoto.com\/en\/product\/canon-speedlite-200e-pour-eos\/","og_site_name":"Platyphoto","article_modified_time":"2025-01-20T21:09:56+00:00","og_image":[{"width":4344,"height":2887,"url":"https:\/\/platyphoto.com\/wp-content\/uploads\/2024\/12\/Canon-Speedlite-200E-pour-EOS.jpg","type":"image\/jpeg"}],"twitter_card":"summary_large_image","twitter_misc":{"Est. reading time":"1 minute"},"schema":{"@context":"https:\/\/schema.org","@graph":[{"@type":"WebPage","@id":"https:\/\/platyphoto.com\/produit\/canon-speedlite-200e-pour-eos\/","url":"https:\/\/platyphoto.com\/produit\/canon-speedlite-200e-pour-eos\/","name":"Canon Speedlite 200E pour EOS - Platyphoto","isPartOf":{"@id":"https:\/\/platyphoto.com\/#website"},"primaryImageOfPage":{"@id":"https:\/\/platyphoto.com\/produit\/canon-speedlite-200e-pour-eos\/#primaryimage"},"image":{"@id":"https:\/\/platyphoto.com\/produit\/canon-speedlite-200e-pour-eos\/#primaryimage"},"thumbnailUrl":"https:\/\/i0.wp.com\/platyphoto.com\/wp-content\/uploads\/2024\/12\/Canon-Speedlite-200E-pour-EOS.jpg?fit=4344%2C2887&ssl=1","datePublished":"2024-12-29T15:22:43+00:00","dateModified":"2025-01-20T21:09:56+00:00","description":"Flash Canon Speedlite 300EZ pour appareil photo argentique Canon EOS uniquement.Bel \u00e9tat g\u00e9n\u00e9ral, 100% fonctionnel, vendu sans piles.","breadcrumb":{"@id":"https:\/\/platyphoto.com\/produit\/canon-speedlite-200e-pour-eos\/#breadcrumb"},"inLanguage":"en-US","potentialAction":[{"@type":"ReadAction","target":["https:\/\/platyphoto.com\/produit\/canon-speedlite-200e-pour-eos\/"]}]},{"@type":"ImageObject","inLanguage":"en-US","@id":"https:\/\/platyphoto.com\/produit\/canon-speedlite-200e-pour-eos\/#primaryimage","url":"https:\/\/i0.wp.com\/platyphoto.com\/wp-content\/uploads\/2024\/12\/Canon-Speedlite-200E-pour-EOS.jpg?fit=4344%2C2887&ssl=1","contentUrl":"https:\/\/i0.wp.com\/platyphoto.com\/wp-content\/uploads\/2024\/12\/Canon-Speedlite-200E-pour-EOS.jpg?fit=4344%2C2887&ssl=1","width":4344,"height":2887,"caption":"Canon Speedlite 200E pour EOS"},{"@type":"BreadcrumbList","@id":"https:\/\/platyphoto.com\/produit\/canon-speedlite-200e-pour-eos\/#breadcrumb","itemListElement":[{"@type":"ListItem","position":1,"name":"Accueil","item":"https:\/\/platyphoto.com\/"},{"@type":"ListItem","position":2,"name":"Boutique","item":"https:\/\/platyphoto.com\/boutique\/"},{"@type":"ListItem","position":3,"name":"Canon Speedlite 200E pour EOS"}]},{"@type":"WebSite","@id":"https:\/\/platyphoto.com\/#website","url":"https:\/\/platyphoto.com\/","name":"Platyphoto","description":"Appareils photos argentiques, objectifs et accessoires de qualit\u00e9.","publisher":{"@id":"https:\/\/platyphoto.com\/#organization"},"potentialAction":[{"@type":"SearchAction","target":{"@type":"EntryPoint","urlTemplate":"https:\/\/platyphoto.com\/?s={search_term_string}"},"query-input":{"@type":"PropertyValueSpecification","valueRequired":true,"valueName":"search_term_string"}}],"inLanguage":"en-US"},{"@type":"Organization","@id":"https:\/\/platyphoto.com\/#organization","name":"Platyphoto","alternateName":"Platyphoto","url":"https:\/\/platyphoto.com\/","logo":{"@type":"ImageObject","inLanguage":"en-US","@id":"https:\/\/platyphoto.com\/#\/schema\/logo\/image\/","url":"https:\/\/i0.wp.com\/platyphoto.com\/wp-content\/uploads\/2020\/11\/cropped-header.jpg?fit=1500%2C282&ssl=1","contentUrl":"https:\/\/i0.wp.com\/platyphoto.com\/wp-content\/uploads\/2020\/11\/cropped-header.jpg?fit=1500%2C282&ssl=1","width":1500,"height":282,"caption":"Platyphoto"},"image":{"@id":"https:\/\/platyphoto.com\/#\/schema\/logo\/image\/"},"sameAs":["https:\/\/www.instagram.com\/platyphoto\/"]}]}},"jetpack_publicize_connections":[],"jetpack_likes_enabled":false,"jetpack_sharing_enabled":true,"_links":{"self":[{"href":"https:\/\/platyphoto.com\/en\/wp-json\/wp\/v2\/product\/14281","targetHints":{"allow":["GET"]}}],"collection":[{"href":"https:\/\/platyphoto.com\/en\/wp-json\/wp\/v2\/product"}],"about":[{"href":"https:\/\/platyphoto.com\/en\/wp-json\/wp\/v2\/types\/product"}],"wp:featuredmedia":[{"embeddable":true,"href":"https:\/\/platyphoto.com\/en\/wp-json\/wp\/v2\/media\/14283"}],"wp:attachment":[{"href":"https:\/\/platyphoto.com\/en\/wp-json\/wp\/v2\/media?parent=14281"}],"wp:term":[{"taxonomy":"product_brand","embeddable":true,"href":"https:\/\/platyphoto.com\/en\/wp-json\/wp\/v2\/product_brand?post=14281"},{"taxonomy":"product_cat","embeddable":true,"href":"https:\/\/platyphoto.com\/en\/wp-json\/wp\/v2\/product_cat?post=14281"},{"taxonomy":"product_tag","embeddable":true,"href":"https:\/\/platyphoto.com\/en\/wp-json\/wp\/v2\/product_tag?post=14281"}],"curies":[{"name":"wp","href":"https:\/\/api.w.org\/{rel}","templated":true}]}}