{"id":14420,"date":"2025-01-08T17:57:08","date_gmt":"2025-01-08T16:57:08","guid":{"rendered":"https:\/\/platyphoto.com\/?post_type=product&#038;p=14420"},"modified":"2026-02-01T19:04:06","modified_gmt":"2026-02-01T18:04:06","slug":"canon-powershot-s20-3-3mpx","status":"publish","type":"product","link":"https:\/\/platyphoto.com\/en\/product\/canon-powershot-s20-3-3mpx\/","title":{"rendered":"Canon Powershot S20 3.3mpx"},"content":{"rendered":"<p><strong>Marque<\/strong> : Canon<\/p>\n<p><strong>Mod\u00e8le<\/strong> : Powershot S20<\/p>\n<p><strong>Objectif<\/strong> : 6.5-13mm F:2.9-4<\/p>\n<p><strong>D\u00e9finition<\/strong> : 3.3 millions de pixels<\/p>\n<p><strong>Indice de raret\u00e9<\/strong>: Peu Courant<\/p>\n<p><strong>Piles : <\/strong>batterie sp\u00e9cifique (neuve fournie)<\/p>\n<p>Sympathique appareil num\u00e9rique Canon Powershot S20 3.3mpx, polyvalent, vendu avec carte flash 128mo (106 images possible en r\u00e9solution max). Divers modes de prises de vues. Flash int\u00e9gr\u00e9. Rendu vintage assur\u00e9 avec cet appareil commercialis\u00e9 \u00e0 partir de 2000 !<\/p>\n<p>Traces d&rsquo;usages voir photos. Vendu avec boite, chargeur et accessoires.<\/p>\n<p>&nbsp;<\/p>","protected":false},"excerpt":{"rendered":"<p>Marque : Canon Mod\u00e8le : Powershot S20 Objectif : 6.5-13mm F:2.9-4 D\u00e9finition : 3.3 millions de pixels Indice de raret\u00e9: Peu Courant Piles : batterie sp\u00e9cifique (neuve fournie) Sympathique appareil num\u00e9rique Canon Powershot S20 3.3mpx, polyvalent, vendu avec carte flash 128mo (106 images possible en r\u00e9solution max). Divers modes de prises de vues. Flash int\u00e9gr\u00e9. [&hellip;]<\/p>\n","protected":false},"featured_media":14423,"template":"","meta":{"_coblocks_attr":"","_coblocks_dimensions":"","_coblocks_responsive_height":"","_coblocks_accordion_ie_support":"","_crdt_document":"","jetpack_post_was_ever_published":false,"jetpack_publicize_message":"","jetpack_publicize_feature_enabled":true,"jetpack_social_post_already_shared":true,"jetpack_social_options":{"image_generator_settings":{"template":"highway","default_image_id":0,"font":"","enabled":false},"version":2},"_wpas_customize_per_network":false},"product_brand":[],"product_cat":[6349,6545],"product_tag":[],"class_list":{"0":"post-14420","1":"product","2":"type-product","3":"status-publish","4":"has-post-thumbnail","6":"product_cat-appareils","7":"product_cat-numeriques","9":"first","10":"outofstock","11":"shipping-taxable","12":"purchasable","13":"product-type-simple"},"yoast_head":"<!-- This site is optimized with the Yoast SEO plugin v27.3 - https:\/\/yoast.com\/product\/yoast-seo-wordpress\/ -->\n<title>Canon Powershot S20 3.3mpx - Platyphoto<\/title>\n<meta name=\"description\" content=\"Sympathique appareil num\u00e9rique Canon Powershot S20 3.3mpx, polyvalent, vendu avec carte flash 128mo (106 images possible en r\u00e9solution max). Divers modes de prises de vues.\" \/>\n<meta name=\"robots\" content=\"index, follow, max-snippet:-1, max-image-preview:large, max-video-preview:-1\" \/>\n<link rel=\"canonical\" href=\"https:\/\/platyphoto.com\/en\/product\/canon-powershot-s20-3-3mpx\/\" \/>\n<meta property=\"og:locale\" content=\"en_US\" \/>\n<meta property=\"og:type\" content=\"article\" \/>\n<meta property=\"og:title\" content=\"Canon Powershot S20 3.3mpx - Platyphoto\" \/>\n<meta property=\"og:description\" content=\"Sympathique appareil num\u00e9rique Canon Powershot S20 3.3mpx, polyvalent, vendu avec carte flash 128mo (106 images possible en r\u00e9solution max). Divers modes de prises de vues.\" \/>\n<meta property=\"og:url\" content=\"https:\/\/platyphoto.com\/en\/product\/canon-powershot-s20-3-3mpx\/\" \/>\n<meta property=\"og:site_name\" content=\"Platyphoto\" \/>\n<meta property=\"article:modified_time\" content=\"2026-02-01T18:04:06+00:00\" \/>\n<meta property=\"og:image\" content=\"https:\/\/platyphoto.com\/wp-content\/uploads\/2025\/01\/Canon-S20.jpg\" \/>\n\t<meta property=\"og:image:width\" content=\"4299\" \/>\n\t<meta property=\"og:image:height\" content=\"2857\" \/>\n\t<meta property=\"og:image:type\" content=\"image\/jpeg\" \/>\n<meta name=\"twitter:card\" content=\"summary_large_image\" \/>\n<meta name=\"twitter:label1\" content=\"Est. reading time\" \/>\n\t<meta name=\"twitter:data1\" content=\"1 minute\" \/>\n<script type=\"application\/ld+json\" class=\"yoast-schema-graph\">{\"@context\":\"https:\\\/\\\/schema.org\",\"@graph\":[{\"@type\":\"WebPage\",\"@id\":\"https:\\\/\\\/platyphoto.com\\\/produit\\\/canon-powershot-s20-3-3mpx\\\/\",\"url\":\"https:\\\/\\\/platyphoto.com\\\/produit\\\/canon-powershot-s20-3-3mpx\\\/\",\"name\":\"Canon Powershot S20 3.3mpx - Platyphoto\",\"isPartOf\":{\"@id\":\"https:\\\/\\\/platyphoto.com\\\/#website\"},\"primaryImageOfPage\":{\"@id\":\"https:\\\/\\\/platyphoto.com\\\/produit\\\/canon-powershot-s20-3-3mpx\\\/#primaryimage\"},\"image\":{\"@id\":\"https:\\\/\\\/platyphoto.com\\\/produit\\\/canon-powershot-s20-3-3mpx\\\/#primaryimage\"},\"thumbnailUrl\":\"https:\\\/\\\/i0.wp.com\\\/platyphoto.com\\\/wp-content\\\/uploads\\\/2025\\\/01\\\/Canon-S20.jpg?fit=4299%2C2857&ssl=1\",\"datePublished\":\"2025-01-08T16:57:08+00:00\",\"dateModified\":\"2026-02-01T18:04:06+00:00\",\"description\":\"Sympathique appareil num\u00e9rique Canon Powershot S20 3.3mpx, polyvalent, vendu avec carte flash 128mo (106 images possible en r\u00e9solution max). Divers modes de prises de vues.\",\"breadcrumb\":{\"@id\":\"https:\\\/\\\/platyphoto.com\\\/produit\\\/canon-powershot-s20-3-3mpx\\\/#breadcrumb\"},\"inLanguage\":\"en-US\",\"potentialAction\":[{\"@type\":\"ReadAction\",\"target\":[\"https:\\\/\\\/platyphoto.com\\\/produit\\\/canon-powershot-s20-3-3mpx\\\/\"]}]},{\"@type\":\"ImageObject\",\"inLanguage\":\"en-US\",\"@id\":\"https:\\\/\\\/platyphoto.com\\\/produit\\\/canon-powershot-s20-3-3mpx\\\/#primaryimage\",\"url\":\"https:\\\/\\\/i0.wp.com\\\/platyphoto.com\\\/wp-content\\\/uploads\\\/2025\\\/01\\\/Canon-S20.jpg?fit=4299%2C2857&ssl=1\",\"contentUrl\":\"https:\\\/\\\/i0.wp.com\\\/platyphoto.com\\\/wp-content\\\/uploads\\\/2025\\\/01\\\/Canon-S20.jpg?fit=4299%2C2857&ssl=1\",\"width\":4299,\"height\":2857,\"caption\":\"Canon Powershot S20 3.3mpx\"},{\"@type\":\"BreadcrumbList\",\"@id\":\"https:\\\/\\\/platyphoto.com\\\/produit\\\/canon-powershot-s20-3-3mpx\\\/#breadcrumb\",\"itemListElement\":[{\"@type\":\"ListItem\",\"position\":1,\"name\":\"Accueil\",\"item\":\"https:\\\/\\\/platyphoto.com\\\/\"},{\"@type\":\"ListItem\",\"position\":2,\"name\":\"Boutique\",\"item\":\"https:\\\/\\\/platyphoto.com\\\/boutique\\\/\"},{\"@type\":\"ListItem\",\"position\":3,\"name\":\"Canon Powershot S20 3.3mpx\"}]},{\"@type\":\"WebSite\",\"@id\":\"https:\\\/\\\/platyphoto.com\\\/#website\",\"url\":\"https:\\\/\\\/platyphoto.com\\\/\",\"name\":\"Platyphoto\",\"description\":\"Appareils photos argentiques, objectifs et accessoires de qualit\u00e9.\",\"publisher\":{\"@id\":\"https:\\\/\\\/platyphoto.com\\\/#organization\"},\"potentialAction\":[{\"@type\":\"SearchAction\",\"target\":{\"@type\":\"EntryPoint\",\"urlTemplate\":\"https:\\\/\\\/platyphoto.com\\\/?s={search_term_string}\"},\"query-input\":{\"@type\":\"PropertyValueSpecification\",\"valueRequired\":true,\"valueName\":\"search_term_string\"}}],\"inLanguage\":\"en-US\"},{\"@type\":\"Organization\",\"@id\":\"https:\\\/\\\/platyphoto.com\\\/#organization\",\"name\":\"Platyphoto\",\"alternateName\":\"Platyphoto\",\"url\":\"https:\\\/\\\/platyphoto.com\\\/\",\"logo\":{\"@type\":\"ImageObject\",\"inLanguage\":\"en-US\",\"@id\":\"https:\\\/\\\/platyphoto.com\\\/#\\\/schema\\\/logo\\\/image\\\/\",\"url\":\"https:\\\/\\\/i0.wp.com\\\/platyphoto.com\\\/wp-content\\\/uploads\\\/2020\\\/11\\\/cropped-header.jpg?fit=1500%2C282&ssl=1\",\"contentUrl\":\"https:\\\/\\\/i0.wp.com\\\/platyphoto.com\\\/wp-content\\\/uploads\\\/2020\\\/11\\\/cropped-header.jpg?fit=1500%2C282&ssl=1\",\"width\":1500,\"height\":282,\"caption\":\"Platyphoto\"},\"image\":{\"@id\":\"https:\\\/\\\/platyphoto.com\\\/#\\\/schema\\\/logo\\\/image\\\/\"},\"sameAs\":[\"https:\\\/\\\/www.instagram.com\\\/platyphoto\\\/\"]}]}<\/script>\n<!-- \/ Yoast SEO plugin. -->","yoast_head_json":{"title":"Canon Powershot S20 3.3mpx - Platyphoto","description":"Sympathique appareil num\u00e9rique Canon Powershot S20 3.3mpx, polyvalent, vendu avec carte flash 128mo (106 images possible en r\u00e9solution max). Divers modes de prises de vues.","robots":{"index":"index","follow":"follow","max-snippet":"max-snippet:-1","max-image-preview":"max-image-preview:large","max-video-preview":"max-video-preview:-1"},"canonical":"https:\/\/platyphoto.com\/en\/product\/canon-powershot-s20-3-3mpx\/","og_locale":"en_US","og_type":"article","og_title":"Canon Powershot S20 3.3mpx - Platyphoto","og_description":"Sympathique appareil num\u00e9rique Canon Powershot S20 3.3mpx, polyvalent, vendu avec carte flash 128mo (106 images possible en r\u00e9solution max). Divers modes de prises de vues.","og_url":"https:\/\/platyphoto.com\/en\/product\/canon-powershot-s20-3-3mpx\/","og_site_name":"Platyphoto","article_modified_time":"2026-02-01T18:04:06+00:00","og_image":[{"width":4299,"height":2857,"url":"https:\/\/platyphoto.com\/wp-content\/uploads\/2025\/01\/Canon-S20.jpg","type":"image\/jpeg"}],"twitter_card":"summary_large_image","twitter_misc":{"Est. reading time":"1 minute"},"schema":{"@context":"https:\/\/schema.org","@graph":[{"@type":"WebPage","@id":"https:\/\/platyphoto.com\/produit\/canon-powershot-s20-3-3mpx\/","url":"https:\/\/platyphoto.com\/produit\/canon-powershot-s20-3-3mpx\/","name":"Canon Powershot S20 3.3mpx - Platyphoto","isPartOf":{"@id":"https:\/\/platyphoto.com\/#website"},"primaryImageOfPage":{"@id":"https:\/\/platyphoto.com\/produit\/canon-powershot-s20-3-3mpx\/#primaryimage"},"image":{"@id":"https:\/\/platyphoto.com\/produit\/canon-powershot-s20-3-3mpx\/#primaryimage"},"thumbnailUrl":"https:\/\/i0.wp.com\/platyphoto.com\/wp-content\/uploads\/2025\/01\/Canon-S20.jpg?fit=4299%2C2857&ssl=1","datePublished":"2025-01-08T16:57:08+00:00","dateModified":"2026-02-01T18:04:06+00:00","description":"Sympathique appareil num\u00e9rique Canon Powershot S20 3.3mpx, polyvalent, vendu avec carte flash 128mo (106 images possible en r\u00e9solution max). Divers modes de prises de vues.","breadcrumb":{"@id":"https:\/\/platyphoto.com\/produit\/canon-powershot-s20-3-3mpx\/#breadcrumb"},"inLanguage":"en-US","potentialAction":[{"@type":"ReadAction","target":["https:\/\/platyphoto.com\/produit\/canon-powershot-s20-3-3mpx\/"]}]},{"@type":"ImageObject","inLanguage":"en-US","@id":"https:\/\/platyphoto.com\/produit\/canon-powershot-s20-3-3mpx\/#primaryimage","url":"https:\/\/i0.wp.com\/platyphoto.com\/wp-content\/uploads\/2025\/01\/Canon-S20.jpg?fit=4299%2C2857&ssl=1","contentUrl":"https:\/\/i0.wp.com\/platyphoto.com\/wp-content\/uploads\/2025\/01\/Canon-S20.jpg?fit=4299%2C2857&ssl=1","width":4299,"height":2857,"caption":"Canon Powershot S20 3.3mpx"},{"@type":"BreadcrumbList","@id":"https:\/\/platyphoto.com\/produit\/canon-powershot-s20-3-3mpx\/#breadcrumb","itemListElement":[{"@type":"ListItem","position":1,"name":"Accueil","item":"https:\/\/platyphoto.com\/"},{"@type":"ListItem","position":2,"name":"Boutique","item":"https:\/\/platyphoto.com\/boutique\/"},{"@type":"ListItem","position":3,"name":"Canon Powershot S20 3.3mpx"}]},{"@type":"WebSite","@id":"https:\/\/platyphoto.com\/#website","url":"https:\/\/platyphoto.com\/","name":"Platyphoto","description":"Appareils photos argentiques, objectifs et accessoires de qualit\u00e9.","publisher":{"@id":"https:\/\/platyphoto.com\/#organization"},"potentialAction":[{"@type":"SearchAction","target":{"@type":"EntryPoint","urlTemplate":"https:\/\/platyphoto.com\/?s={search_term_string}"},"query-input":{"@type":"PropertyValueSpecification","valueRequired":true,"valueName":"search_term_string"}}],"inLanguage":"en-US"},{"@type":"Organization","@id":"https:\/\/platyphoto.com\/#organization","name":"Platyphoto","alternateName":"Platyphoto","url":"https:\/\/platyphoto.com\/","logo":{"@type":"ImageObject","inLanguage":"en-US","@id":"https:\/\/platyphoto.com\/#\/schema\/logo\/image\/","url":"https:\/\/i0.wp.com\/platyphoto.com\/wp-content\/uploads\/2020\/11\/cropped-header.jpg?fit=1500%2C282&ssl=1","contentUrl":"https:\/\/i0.wp.com\/platyphoto.com\/wp-content\/uploads\/2020\/11\/cropped-header.jpg?fit=1500%2C282&ssl=1","width":1500,"height":282,"caption":"Platyphoto"},"image":{"@id":"https:\/\/platyphoto.com\/#\/schema\/logo\/image\/"},"sameAs":["https:\/\/www.instagram.com\/platyphoto\/"]}]}},"jetpack_publicize_connections":[],"jetpack_likes_enabled":false,"jetpack_sharing_enabled":true,"_links":{"self":[{"href":"https:\/\/platyphoto.com\/en\/wp-json\/wp\/v2\/product\/14420","targetHints":{"allow":["GET"]}}],"collection":[{"href":"https:\/\/platyphoto.com\/en\/wp-json\/wp\/v2\/product"}],"about":[{"href":"https:\/\/platyphoto.com\/en\/wp-json\/wp\/v2\/types\/product"}],"wp:featuredmedia":[{"embeddable":true,"href":"https:\/\/platyphoto.com\/en\/wp-json\/wp\/v2\/media\/14423"}],"wp:attachment":[{"href":"https:\/\/platyphoto.com\/en\/wp-json\/wp\/v2\/media?parent=14420"}],"wp:term":[{"taxonomy":"product_brand","embeddable":true,"href":"https:\/\/platyphoto.com\/en\/wp-json\/wp\/v2\/product_brand?post=14420"},{"taxonomy":"product_cat","embeddable":true,"href":"https:\/\/platyphoto.com\/en\/wp-json\/wp\/v2\/product_cat?post=14420"},{"taxonomy":"product_tag","embeddable":true,"href":"https:\/\/platyphoto.com\/en\/wp-json\/wp\/v2\/product_tag?post=14420"}],"curies":[{"name":"wp","href":"https:\/\/api.w.org\/{rel}","templated":true}]}}