{"id":14639,"date":"2025-01-23T17:55:40","date_gmt":"2025-01-23T16:55:40","guid":{"rendered":"https:\/\/platyphoto.com\/?post_type=product&#038;p=14639"},"modified":"2025-01-25T14:20:21","modified_gmt":"2025-01-25T13:20:21","slug":"canon-fd-50mm-f1-4-ssc","status":"publish","type":"product","link":"https:\/\/platyphoto.com\/en\/product\/canon-fd-50mm-f1-4-ssc\/","title":{"rendered":"Canon FD 50mm F:1.4 SSC"},"content":{"rendered":"<p><strong>Marque<\/strong> : Canon<\/p>\n<p><strong>Mod\u00e8le<\/strong> : 50mm F:1.4 SSC<\/p>\n<p><strong>Monture :<\/strong> FD<\/p>\n<p>Objectif pour appareil photo argentique de qualit\u00e9 \u00e0 ouverture lumineuse, nouvelle version du 50mm F:1.4 en monture \u00ab\u00a0old\u00a0\u00bb, s&rsquo;adapte aussi sur les mod\u00e8les plus r\u00e9cents en FD.<\/p>\n<p>100% fonctionnel, mise au point fluide et agr\u00e9able, diaphragme ok, lentilles globalement propres, quelques micro poussi\u00e8res sans incidence sur la qualit\u00e9 des images, \u00e0 noter la pr\u00e9sence de quelques l\u00e9gers points derri\u00e8re la lentille frontale, ne devrait pas avoir d&rsquo;incidence sur la qualit\u00e9 des images, c&rsquo;est tr\u00e8s l\u00e9ger mais le prix en tient compte.<\/p>\n<p>Vendu avec bouchons.<\/p>\n<p>&nbsp;<\/p>\n<p>&nbsp;<\/p>","protected":false},"excerpt":{"rendered":"<p>Marque : Canon Mod\u00e8le : 50mm F:1.4 SSC Monture : FD Objectif pour appareil photo argentique de qualit\u00e9 \u00e0 ouverture lumineuse, nouvelle version du 50mm F:1.4 en monture \u00ab\u00a0old\u00a0\u00bb, s&rsquo;adapte aussi sur les mod\u00e8les plus r\u00e9cents en FD. 100% fonctionnel, mise au point fluide et agr\u00e9able, diaphragme ok, lentilles globalement propres, quelques micro poussi\u00e8res sans [&hellip;]<\/p>\n","protected":false},"featured_media":14642,"template":"","meta":{"_coblocks_attr":"","_coblocks_dimensions":"","_coblocks_responsive_height":"","_coblocks_accordion_ie_support":"","_crdt_document":"","jetpack_post_was_ever_published":false,"jetpack_publicize_message":"","jetpack_publicize_feature_enabled":true,"jetpack_social_post_already_shared":true,"jetpack_social_options":{"image_generator_settings":{"template":"highway","default_image_id":0,"font":"","enabled":false},"version":2},"_wpas_customize_per_network":false},"product_brand":[],"product_cat":[6368,6366],"product_tag":[],"class_list":{"0":"post-14639","1":"product","2":"type-product","3":"status-publish","4":"has-post-thumbnail","6":"product_cat-canon-fd","7":"product_cat-objectifs","9":"first","10":"outofstock","11":"shipping-taxable","12":"purchasable","13":"product-type-simple"},"yoast_head":"<!-- This site is optimized with the Yoast SEO plugin v27.3 - https:\/\/yoast.com\/product\/yoast-seo-wordpress\/ -->\n<title>Canon FD 50mm F:1.4 SSC - Platyphoto<\/title>\n<meta name=\"description\" content=\"Objectif pour appareil photo argentique de qualit\u00e9 \u00e0 ouverture lumineuse, nouvelle version du 50mm F:1.4 en monture &quot;old&quot;, s&#039;adapte aussi sur les mod\u00e8les plus r\u00e9cents en FD.\" \/>\n<meta name=\"robots\" content=\"index, follow, max-snippet:-1, max-image-preview:large, max-video-preview:-1\" \/>\n<link rel=\"canonical\" href=\"https:\/\/platyphoto.com\/en\/product\/canon-fd-50mm-f1-4-ssc\/\" \/>\n<meta property=\"og:locale\" content=\"en_US\" \/>\n<meta property=\"og:type\" content=\"article\" \/>\n<meta property=\"og:title\" content=\"Canon FD 50mm F:1.4 SSC - Platyphoto\" \/>\n<meta property=\"og:description\" content=\"Objectif pour appareil photo argentique de qualit\u00e9 \u00e0 ouverture lumineuse, nouvelle version du 50mm F:1.4 en monture &quot;old&quot;, s&#039;adapte aussi sur les mod\u00e8les plus r\u00e9cents en FD.\" \/>\n<meta property=\"og:url\" content=\"https:\/\/platyphoto.com\/en\/product\/canon-fd-50mm-f1-4-ssc\/\" \/>\n<meta property=\"og:site_name\" content=\"Platyphoto\" \/>\n<meta property=\"article:modified_time\" content=\"2025-01-25T13:20:21+00:00\" \/>\n<meta property=\"og:image\" content=\"https:\/\/platyphoto.com\/wp-content\/uploads\/2025\/01\/Canon-FD-50mm-1.4-SSC.jpg\" \/>\n\t<meta property=\"og:image:width\" content=\"3887\" \/>\n\t<meta property=\"og:image:height\" content=\"2583\" \/>\n\t<meta property=\"og:image:type\" content=\"image\/jpeg\" \/>\n<meta name=\"twitter:card\" content=\"summary_large_image\" \/>\n<meta name=\"twitter:label1\" content=\"Est. reading time\" \/>\n\t<meta name=\"twitter:data1\" content=\"1 minute\" \/>\n<script type=\"application\/ld+json\" class=\"yoast-schema-graph\">{\"@context\":\"https:\\\/\\\/schema.org\",\"@graph\":[{\"@type\":\"WebPage\",\"@id\":\"https:\\\/\\\/platyphoto.com\\\/produit\\\/canon-fd-50mm-f1-4-ssc\\\/\",\"url\":\"https:\\\/\\\/platyphoto.com\\\/produit\\\/canon-fd-50mm-f1-4-ssc\\\/\",\"name\":\"Canon FD 50mm F:1.4 SSC - Platyphoto\",\"isPartOf\":{\"@id\":\"https:\\\/\\\/platyphoto.com\\\/#website\"},\"primaryImageOfPage\":{\"@id\":\"https:\\\/\\\/platyphoto.com\\\/produit\\\/canon-fd-50mm-f1-4-ssc\\\/#primaryimage\"},\"image\":{\"@id\":\"https:\\\/\\\/platyphoto.com\\\/produit\\\/canon-fd-50mm-f1-4-ssc\\\/#primaryimage\"},\"thumbnailUrl\":\"https:\\\/\\\/i0.wp.com\\\/platyphoto.com\\\/wp-content\\\/uploads\\\/2025\\\/01\\\/Canon-FD-50mm-1.4-SSC.jpg?fit=3887%2C2583&ssl=1\",\"datePublished\":\"2025-01-23T16:55:40+00:00\",\"dateModified\":\"2025-01-25T13:20:21+00:00\",\"description\":\"Objectif pour appareil photo argentique de qualit\u00e9 \u00e0 ouverture lumineuse, nouvelle version du 50mm F:1.4 en monture \\\"old\\\", s'adapte aussi sur les mod\u00e8les plus r\u00e9cents en FD.\",\"breadcrumb\":{\"@id\":\"https:\\\/\\\/platyphoto.com\\\/produit\\\/canon-fd-50mm-f1-4-ssc\\\/#breadcrumb\"},\"inLanguage\":\"en-US\",\"potentialAction\":[{\"@type\":\"ReadAction\",\"target\":[\"https:\\\/\\\/platyphoto.com\\\/produit\\\/canon-fd-50mm-f1-4-ssc\\\/\"]}]},{\"@type\":\"ImageObject\",\"inLanguage\":\"en-US\",\"@id\":\"https:\\\/\\\/platyphoto.com\\\/produit\\\/canon-fd-50mm-f1-4-ssc\\\/#primaryimage\",\"url\":\"https:\\\/\\\/i0.wp.com\\\/platyphoto.com\\\/wp-content\\\/uploads\\\/2025\\\/01\\\/Canon-FD-50mm-1.4-SSC.jpg?fit=3887%2C2583&ssl=1\",\"contentUrl\":\"https:\\\/\\\/i0.wp.com\\\/platyphoto.com\\\/wp-content\\\/uploads\\\/2025\\\/01\\\/Canon-FD-50mm-1.4-SSC.jpg?fit=3887%2C2583&ssl=1\",\"width\":3887,\"height\":2583,\"caption\":\"Canon FD 50mm F:1.4 SSC\"},{\"@type\":\"BreadcrumbList\",\"@id\":\"https:\\\/\\\/platyphoto.com\\\/produit\\\/canon-fd-50mm-f1-4-ssc\\\/#breadcrumb\",\"itemListElement\":[{\"@type\":\"ListItem\",\"position\":1,\"name\":\"Accueil\",\"item\":\"https:\\\/\\\/platyphoto.com\\\/\"},{\"@type\":\"ListItem\",\"position\":2,\"name\":\"Boutique\",\"item\":\"https:\\\/\\\/platyphoto.com\\\/boutique\\\/\"},{\"@type\":\"ListItem\",\"position\":3,\"name\":\"Canon FD 50mm F:1.4 SSC\"}]},{\"@type\":\"WebSite\",\"@id\":\"https:\\\/\\\/platyphoto.com\\\/#website\",\"url\":\"https:\\\/\\\/platyphoto.com\\\/\",\"name\":\"Platyphoto\",\"description\":\"Appareils photos argentiques, objectifs et accessoires de qualit\u00e9.\",\"publisher\":{\"@id\":\"https:\\\/\\\/platyphoto.com\\\/#organization\"},\"potentialAction\":[{\"@type\":\"SearchAction\",\"target\":{\"@type\":\"EntryPoint\",\"urlTemplate\":\"https:\\\/\\\/platyphoto.com\\\/?s={search_term_string}\"},\"query-input\":{\"@type\":\"PropertyValueSpecification\",\"valueRequired\":true,\"valueName\":\"search_term_string\"}}],\"inLanguage\":\"en-US\"},{\"@type\":\"Organization\",\"@id\":\"https:\\\/\\\/platyphoto.com\\\/#organization\",\"name\":\"Platyphoto\",\"alternateName\":\"Platyphoto\",\"url\":\"https:\\\/\\\/platyphoto.com\\\/\",\"logo\":{\"@type\":\"ImageObject\",\"inLanguage\":\"en-US\",\"@id\":\"https:\\\/\\\/platyphoto.com\\\/#\\\/schema\\\/logo\\\/image\\\/\",\"url\":\"https:\\\/\\\/i0.wp.com\\\/platyphoto.com\\\/wp-content\\\/uploads\\\/2020\\\/11\\\/cropped-header.jpg?fit=1500%2C282&ssl=1\",\"contentUrl\":\"https:\\\/\\\/i0.wp.com\\\/platyphoto.com\\\/wp-content\\\/uploads\\\/2020\\\/11\\\/cropped-header.jpg?fit=1500%2C282&ssl=1\",\"width\":1500,\"height\":282,\"caption\":\"Platyphoto\"},\"image\":{\"@id\":\"https:\\\/\\\/platyphoto.com\\\/#\\\/schema\\\/logo\\\/image\\\/\"},\"sameAs\":[\"https:\\\/\\\/www.instagram.com\\\/platyphoto\\\/\"]}]}<\/script>\n<!-- \/ Yoast SEO plugin. -->","yoast_head_json":{"title":"Canon FD 50mm F:1.4 SSC - Platyphoto","description":"Objectif pour appareil photo argentique de qualit\u00e9 \u00e0 ouverture lumineuse, nouvelle version du 50mm F:1.4 en monture \"old\", s'adapte aussi sur les mod\u00e8les plus r\u00e9cents en FD.","robots":{"index":"index","follow":"follow","max-snippet":"max-snippet:-1","max-image-preview":"max-image-preview:large","max-video-preview":"max-video-preview:-1"},"canonical":"https:\/\/platyphoto.com\/en\/product\/canon-fd-50mm-f1-4-ssc\/","og_locale":"en_US","og_type":"article","og_title":"Canon FD 50mm F:1.4 SSC - Platyphoto","og_description":"Objectif pour appareil photo argentique de qualit\u00e9 \u00e0 ouverture lumineuse, nouvelle version du 50mm F:1.4 en monture \"old\", s'adapte aussi sur les mod\u00e8les plus r\u00e9cents en FD.","og_url":"https:\/\/platyphoto.com\/en\/product\/canon-fd-50mm-f1-4-ssc\/","og_site_name":"Platyphoto","article_modified_time":"2025-01-25T13:20:21+00:00","og_image":[{"width":3887,"height":2583,"url":"https:\/\/platyphoto.com\/wp-content\/uploads\/2025\/01\/Canon-FD-50mm-1.4-SSC.jpg","type":"image\/jpeg"}],"twitter_card":"summary_large_image","twitter_misc":{"Est. reading time":"1 minute"},"schema":{"@context":"https:\/\/schema.org","@graph":[{"@type":"WebPage","@id":"https:\/\/platyphoto.com\/produit\/canon-fd-50mm-f1-4-ssc\/","url":"https:\/\/platyphoto.com\/produit\/canon-fd-50mm-f1-4-ssc\/","name":"Canon FD 50mm F:1.4 SSC - Platyphoto","isPartOf":{"@id":"https:\/\/platyphoto.com\/#website"},"primaryImageOfPage":{"@id":"https:\/\/platyphoto.com\/produit\/canon-fd-50mm-f1-4-ssc\/#primaryimage"},"image":{"@id":"https:\/\/platyphoto.com\/produit\/canon-fd-50mm-f1-4-ssc\/#primaryimage"},"thumbnailUrl":"https:\/\/i0.wp.com\/platyphoto.com\/wp-content\/uploads\/2025\/01\/Canon-FD-50mm-1.4-SSC.jpg?fit=3887%2C2583&ssl=1","datePublished":"2025-01-23T16:55:40+00:00","dateModified":"2025-01-25T13:20:21+00:00","description":"Objectif pour appareil photo argentique de qualit\u00e9 \u00e0 ouverture lumineuse, nouvelle version du 50mm F:1.4 en monture \"old\", s'adapte aussi sur les mod\u00e8les plus r\u00e9cents en FD.","breadcrumb":{"@id":"https:\/\/platyphoto.com\/produit\/canon-fd-50mm-f1-4-ssc\/#breadcrumb"},"inLanguage":"en-US","potentialAction":[{"@type":"ReadAction","target":["https:\/\/platyphoto.com\/produit\/canon-fd-50mm-f1-4-ssc\/"]}]},{"@type":"ImageObject","inLanguage":"en-US","@id":"https:\/\/platyphoto.com\/produit\/canon-fd-50mm-f1-4-ssc\/#primaryimage","url":"https:\/\/i0.wp.com\/platyphoto.com\/wp-content\/uploads\/2025\/01\/Canon-FD-50mm-1.4-SSC.jpg?fit=3887%2C2583&ssl=1","contentUrl":"https:\/\/i0.wp.com\/platyphoto.com\/wp-content\/uploads\/2025\/01\/Canon-FD-50mm-1.4-SSC.jpg?fit=3887%2C2583&ssl=1","width":3887,"height":2583,"caption":"Canon FD 50mm F:1.4 SSC"},{"@type":"BreadcrumbList","@id":"https:\/\/platyphoto.com\/produit\/canon-fd-50mm-f1-4-ssc\/#breadcrumb","itemListElement":[{"@type":"ListItem","position":1,"name":"Accueil","item":"https:\/\/platyphoto.com\/"},{"@type":"ListItem","position":2,"name":"Boutique","item":"https:\/\/platyphoto.com\/boutique\/"},{"@type":"ListItem","position":3,"name":"Canon FD 50mm F:1.4 SSC"}]},{"@type":"WebSite","@id":"https:\/\/platyphoto.com\/#website","url":"https:\/\/platyphoto.com\/","name":"Platyphoto","description":"Appareils photos argentiques, objectifs et accessoires de qualit\u00e9.","publisher":{"@id":"https:\/\/platyphoto.com\/#organization"},"potentialAction":[{"@type":"SearchAction","target":{"@type":"EntryPoint","urlTemplate":"https:\/\/platyphoto.com\/?s={search_term_string}"},"query-input":{"@type":"PropertyValueSpecification","valueRequired":true,"valueName":"search_term_string"}}],"inLanguage":"en-US"},{"@type":"Organization","@id":"https:\/\/platyphoto.com\/#organization","name":"Platyphoto","alternateName":"Platyphoto","url":"https:\/\/platyphoto.com\/","logo":{"@type":"ImageObject","inLanguage":"en-US","@id":"https:\/\/platyphoto.com\/#\/schema\/logo\/image\/","url":"https:\/\/i0.wp.com\/platyphoto.com\/wp-content\/uploads\/2020\/11\/cropped-header.jpg?fit=1500%2C282&ssl=1","contentUrl":"https:\/\/i0.wp.com\/platyphoto.com\/wp-content\/uploads\/2020\/11\/cropped-header.jpg?fit=1500%2C282&ssl=1","width":1500,"height":282,"caption":"Platyphoto"},"image":{"@id":"https:\/\/platyphoto.com\/#\/schema\/logo\/image\/"},"sameAs":["https:\/\/www.instagram.com\/platyphoto\/"]}]}},"jetpack_publicize_connections":[],"jetpack_likes_enabled":false,"jetpack_sharing_enabled":true,"_links":{"self":[{"href":"https:\/\/platyphoto.com\/en\/wp-json\/wp\/v2\/product\/14639","targetHints":{"allow":["GET"]}}],"collection":[{"href":"https:\/\/platyphoto.com\/en\/wp-json\/wp\/v2\/product"}],"about":[{"href":"https:\/\/platyphoto.com\/en\/wp-json\/wp\/v2\/types\/product"}],"wp:featuredmedia":[{"embeddable":true,"href":"https:\/\/platyphoto.com\/en\/wp-json\/wp\/v2\/media\/14642"}],"wp:attachment":[{"href":"https:\/\/platyphoto.com\/en\/wp-json\/wp\/v2\/media?parent=14639"}],"wp:term":[{"taxonomy":"product_brand","embeddable":true,"href":"https:\/\/platyphoto.com\/en\/wp-json\/wp\/v2\/product_brand?post=14639"},{"taxonomy":"product_cat","embeddable":true,"href":"https:\/\/platyphoto.com\/en\/wp-json\/wp\/v2\/product_cat?post=14639"},{"taxonomy":"product_tag","embeddable":true,"href":"https:\/\/platyphoto.com\/en\/wp-json\/wp\/v2\/product_tag?post=14639"}],"curies":[{"name":"wp","href":"https:\/\/api.w.org\/{rel}","templated":true}]}}