{"id":14799,"date":"2025-02-08T15:12:53","date_gmt":"2025-02-08T14:12:53","guid":{"rendered":"https:\/\/platyphoto.com\/?post_type=product&#038;p=14799"},"modified":"2025-02-13T16:01:26","modified_gmt":"2025-02-13T15:01:26","slug":"sony-dcr-trv120e-camescope-hi8-2","status":"publish","type":"product","link":"https:\/\/platyphoto.com\/en\/product\/sony-dcr-trv120e-camescope-hi8-2\/","title":{"rendered":"Sony DCR-TRV120E camescope HI8"},"content":{"rendered":"<p><strong>Marque<\/strong> : Sony<\/p>\n<p><strong>Mod\u00e8le<\/strong> : DCR-TRV120E<\/p>\n<p><strong>Objectif<\/strong> : 3.7-92.5mm F:1.6<\/p>\n<p><strong>Micro<\/strong> : Oui<\/p>\n<p><strong>Format<\/strong> : HI8<\/p>\n<p><strong>Cable de sortie<\/strong> : Firewire, jack, S video<\/p>\n<p><strong>Stabilisateur optique <\/strong>: Oui<\/p>\n<p><strong>Batterie :<\/strong> fournie<strong><br \/>\n<\/strong><\/p>\n<p>Tr\u00e8s bel exemplaire de haute qualit\u00e9 Sony DCR-TRV120E, utilise des cassettes HI8 en bel \u00e9tat. 100% fonctionnel, \u00e9quip\u00e9 d&rsquo;un puissant zoom, d&rsquo;un \u00e9cran de qualit\u00e9 ainsi que d&rsquo;un mode nightshot + super nightshot.<\/p>\n<p>Vendu sans cassettes.<\/p>\n<p>100% fonctionnel et garanti 3 mois.<\/p>","protected":false},"excerpt":{"rendered":"<p>Marque : Sony Mod\u00e8le : DCR-TRV120E Objectif : 3.7-92.5mm F:1.6 Micro : Oui Format : HI8 Cable de sortie : Firewire, jack, S video Stabilisateur optique : Oui Batterie : fournie Tr\u00e8s bel exemplaire de haute qualit\u00e9 Sony DCR-TRV120E, utilise des cassettes HI8 en bel \u00e9tat. 100% fonctionnel, \u00e9quip\u00e9 d&rsquo;un puissant zoom, d&rsquo;un \u00e9cran de [&hellip;]<\/p>\n","protected":false},"featured_media":14804,"template":"","meta":{"_coblocks_attr":"","_coblocks_dimensions":"","_coblocks_responsive_height":"","_coblocks_accordion_ie_support":"","_crdt_document":"","jetpack_post_was_ever_published":false,"jetpack_publicize_message":"","jetpack_publicize_feature_enabled":true,"jetpack_social_post_already_shared":true,"jetpack_social_options":{"image_generator_settings":{"template":"highway","default_image_id":0,"font":"","enabled":false},"version":2},"_wpas_customize_per_network":false},"product_brand":[],"product_cat":[6539],"product_tag":[],"class_list":{"0":"post-14799","1":"product","2":"type-product","3":"status-publish","4":"has-post-thumbnail","6":"product_cat-cameras","8":"first","9":"outofstock","10":"shipping-taxable","11":"purchasable","12":"product-type-simple"},"yoast_head":"<!-- This site is optimized with the Yoast SEO plugin v27.3 - https:\/\/yoast.com\/product\/yoast-seo-wordpress\/ -->\n<title>Sony DCR-TRV120E camescope HI8 - Platyphoto<\/title>\n<meta name=\"description\" content=\"Tr\u00e8s bel exemplaire de haute qualit\u00e9 Sony DCR-TRV120E, utilise des cassettes HI8 en bel \u00e9tat. 100% fonctionnel, \u00e9quip\u00e9 d&#039;un puissant zoom, d&#039;un \u00e9cran de qualit\u00e9 ainsi que d&#039;un mode nightshot + super nightshot.\" \/>\n<meta name=\"robots\" content=\"index, follow, max-snippet:-1, max-image-preview:large, max-video-preview:-1\" \/>\n<link rel=\"canonical\" href=\"https:\/\/platyphoto.com\/en\/product\/sony-dcr-trv120e-camescope-hi8-2\/\" \/>\n<meta property=\"og:locale\" content=\"en_US\" \/>\n<meta property=\"og:type\" content=\"article\" \/>\n<meta property=\"og:title\" content=\"Sony DCR-TRV120E camescope HI8 - Platyphoto\" \/>\n<meta property=\"og:description\" content=\"Tr\u00e8s bel exemplaire de haute qualit\u00e9 Sony DCR-TRV120E, utilise des cassettes HI8 en bel \u00e9tat. 100% fonctionnel, \u00e9quip\u00e9 d&#039;un puissant zoom, d&#039;un \u00e9cran de qualit\u00e9 ainsi que d&#039;un mode nightshot + super nightshot.\" \/>\n<meta property=\"og:url\" content=\"https:\/\/platyphoto.com\/en\/product\/sony-dcr-trv120e-camescope-hi8-2\/\" \/>\n<meta property=\"og:site_name\" content=\"Platyphoto\" \/>\n<meta property=\"article:modified_time\" content=\"2025-02-13T15:01:26+00:00\" \/>\n<meta property=\"og:image\" content=\"https:\/\/platyphoto.com\/wp-content\/uploads\/2025\/02\/Sony-TVR-120E.jpg\" \/>\n\t<meta property=\"og:image:width\" content=\"4345\" \/>\n\t<meta property=\"og:image:height\" content=\"2887\" \/>\n\t<meta property=\"og:image:type\" content=\"image\/jpeg\" \/>\n<meta name=\"twitter:card\" content=\"summary_large_image\" \/>\n<meta name=\"twitter:label1\" content=\"Est. reading time\" \/>\n\t<meta name=\"twitter:data1\" content=\"1 minute\" \/>\n<script type=\"application\/ld+json\" class=\"yoast-schema-graph\">{\"@context\":\"https:\\\/\\\/schema.org\",\"@graph\":[{\"@type\":\"WebPage\",\"@id\":\"https:\\\/\\\/platyphoto.com\\\/produit\\\/sony-dcr-trv120e-camescope-hi8-2\\\/\",\"url\":\"https:\\\/\\\/platyphoto.com\\\/produit\\\/sony-dcr-trv120e-camescope-hi8-2\\\/\",\"name\":\"Sony DCR-TRV120E camescope HI8 - Platyphoto\",\"isPartOf\":{\"@id\":\"https:\\\/\\\/platyphoto.com\\\/#website\"},\"primaryImageOfPage\":{\"@id\":\"https:\\\/\\\/platyphoto.com\\\/produit\\\/sony-dcr-trv120e-camescope-hi8-2\\\/#primaryimage\"},\"image\":{\"@id\":\"https:\\\/\\\/platyphoto.com\\\/produit\\\/sony-dcr-trv120e-camescope-hi8-2\\\/#primaryimage\"},\"thumbnailUrl\":\"https:\\\/\\\/i0.wp.com\\\/platyphoto.com\\\/wp-content\\\/uploads\\\/2025\\\/02\\\/Sony-TVR-120E.jpg?fit=4345%2C2887&ssl=1\",\"datePublished\":\"2025-02-08T14:12:53+00:00\",\"dateModified\":\"2025-02-13T15:01:26+00:00\",\"description\":\"Tr\u00e8s bel exemplaire de haute qualit\u00e9 Sony DCR-TRV120E, utilise des cassettes HI8 en bel \u00e9tat. 100% fonctionnel, \u00e9quip\u00e9 d'un puissant zoom, d'un \u00e9cran de qualit\u00e9 ainsi que d'un mode nightshot + super nightshot.\",\"breadcrumb\":{\"@id\":\"https:\\\/\\\/platyphoto.com\\\/produit\\\/sony-dcr-trv120e-camescope-hi8-2\\\/#breadcrumb\"},\"inLanguage\":\"en-US\",\"potentialAction\":[{\"@type\":\"ReadAction\",\"target\":[\"https:\\\/\\\/platyphoto.com\\\/produit\\\/sony-dcr-trv120e-camescope-hi8-2\\\/\"]}]},{\"@type\":\"ImageObject\",\"inLanguage\":\"en-US\",\"@id\":\"https:\\\/\\\/platyphoto.com\\\/produit\\\/sony-dcr-trv120e-camescope-hi8-2\\\/#primaryimage\",\"url\":\"https:\\\/\\\/i0.wp.com\\\/platyphoto.com\\\/wp-content\\\/uploads\\\/2025\\\/02\\\/Sony-TVR-120E.jpg?fit=4345%2C2887&ssl=1\",\"contentUrl\":\"https:\\\/\\\/i0.wp.com\\\/platyphoto.com\\\/wp-content\\\/uploads\\\/2025\\\/02\\\/Sony-TVR-120E.jpg?fit=4345%2C2887&ssl=1\",\"width\":4345,\"height\":2887,\"caption\":\"Sony DCR-TRV120E camescope HI8\"},{\"@type\":\"BreadcrumbList\",\"@id\":\"https:\\\/\\\/platyphoto.com\\\/produit\\\/sony-dcr-trv120e-camescope-hi8-2\\\/#breadcrumb\",\"itemListElement\":[{\"@type\":\"ListItem\",\"position\":1,\"name\":\"Accueil\",\"item\":\"https:\\\/\\\/platyphoto.com\\\/\"},{\"@type\":\"ListItem\",\"position\":2,\"name\":\"Boutique\",\"item\":\"https:\\\/\\\/platyphoto.com\\\/boutique\\\/\"},{\"@type\":\"ListItem\",\"position\":3,\"name\":\"Sony DCR-TRV120E camescope HI8\"}]},{\"@type\":\"WebSite\",\"@id\":\"https:\\\/\\\/platyphoto.com\\\/#website\",\"url\":\"https:\\\/\\\/platyphoto.com\\\/\",\"name\":\"Platyphoto\",\"description\":\"Appareils photos argentiques, objectifs et accessoires de qualit\u00e9.\",\"publisher\":{\"@id\":\"https:\\\/\\\/platyphoto.com\\\/#organization\"},\"potentialAction\":[{\"@type\":\"SearchAction\",\"target\":{\"@type\":\"EntryPoint\",\"urlTemplate\":\"https:\\\/\\\/platyphoto.com\\\/?s={search_term_string}\"},\"query-input\":{\"@type\":\"PropertyValueSpecification\",\"valueRequired\":true,\"valueName\":\"search_term_string\"}}],\"inLanguage\":\"en-US\"},{\"@type\":\"Organization\",\"@id\":\"https:\\\/\\\/platyphoto.com\\\/#organization\",\"name\":\"Platyphoto\",\"alternateName\":\"Platyphoto\",\"url\":\"https:\\\/\\\/platyphoto.com\\\/\",\"logo\":{\"@type\":\"ImageObject\",\"inLanguage\":\"en-US\",\"@id\":\"https:\\\/\\\/platyphoto.com\\\/#\\\/schema\\\/logo\\\/image\\\/\",\"url\":\"https:\\\/\\\/i0.wp.com\\\/platyphoto.com\\\/wp-content\\\/uploads\\\/2020\\\/11\\\/cropped-header.jpg?fit=1500%2C282&ssl=1\",\"contentUrl\":\"https:\\\/\\\/i0.wp.com\\\/platyphoto.com\\\/wp-content\\\/uploads\\\/2020\\\/11\\\/cropped-header.jpg?fit=1500%2C282&ssl=1\",\"width\":1500,\"height\":282,\"caption\":\"Platyphoto\"},\"image\":{\"@id\":\"https:\\\/\\\/platyphoto.com\\\/#\\\/schema\\\/logo\\\/image\\\/\"},\"sameAs\":[\"https:\\\/\\\/www.instagram.com\\\/platyphoto\\\/\"]}]}<\/script>\n<!-- \/ Yoast SEO plugin. -->","yoast_head_json":{"title":"Sony DCR-TRV120E camescope HI8 - Platyphoto","description":"Tr\u00e8s bel exemplaire de haute qualit\u00e9 Sony DCR-TRV120E, utilise des cassettes HI8 en bel \u00e9tat. 100% fonctionnel, \u00e9quip\u00e9 d'un puissant zoom, d'un \u00e9cran de qualit\u00e9 ainsi que d'un mode nightshot + super nightshot.","robots":{"index":"index","follow":"follow","max-snippet":"max-snippet:-1","max-image-preview":"max-image-preview:large","max-video-preview":"max-video-preview:-1"},"canonical":"https:\/\/platyphoto.com\/en\/product\/sony-dcr-trv120e-camescope-hi8-2\/","og_locale":"en_US","og_type":"article","og_title":"Sony DCR-TRV120E camescope HI8 - Platyphoto","og_description":"Tr\u00e8s bel exemplaire de haute qualit\u00e9 Sony DCR-TRV120E, utilise des cassettes HI8 en bel \u00e9tat. 100% fonctionnel, \u00e9quip\u00e9 d'un puissant zoom, d'un \u00e9cran de qualit\u00e9 ainsi que d'un mode nightshot + super nightshot.","og_url":"https:\/\/platyphoto.com\/en\/product\/sony-dcr-trv120e-camescope-hi8-2\/","og_site_name":"Platyphoto","article_modified_time":"2025-02-13T15:01:26+00:00","og_image":[{"width":4345,"height":2887,"url":"https:\/\/platyphoto.com\/wp-content\/uploads\/2025\/02\/Sony-TVR-120E.jpg","type":"image\/jpeg"}],"twitter_card":"summary_large_image","twitter_misc":{"Est. reading time":"1 minute"},"schema":{"@context":"https:\/\/schema.org","@graph":[{"@type":"WebPage","@id":"https:\/\/platyphoto.com\/produit\/sony-dcr-trv120e-camescope-hi8-2\/","url":"https:\/\/platyphoto.com\/produit\/sony-dcr-trv120e-camescope-hi8-2\/","name":"Sony DCR-TRV120E camescope HI8 - Platyphoto","isPartOf":{"@id":"https:\/\/platyphoto.com\/#website"},"primaryImageOfPage":{"@id":"https:\/\/platyphoto.com\/produit\/sony-dcr-trv120e-camescope-hi8-2\/#primaryimage"},"image":{"@id":"https:\/\/platyphoto.com\/produit\/sony-dcr-trv120e-camescope-hi8-2\/#primaryimage"},"thumbnailUrl":"https:\/\/i0.wp.com\/platyphoto.com\/wp-content\/uploads\/2025\/02\/Sony-TVR-120E.jpg?fit=4345%2C2887&ssl=1","datePublished":"2025-02-08T14:12:53+00:00","dateModified":"2025-02-13T15:01:26+00:00","description":"Tr\u00e8s bel exemplaire de haute qualit\u00e9 Sony DCR-TRV120E, utilise des cassettes HI8 en bel \u00e9tat. 100% fonctionnel, \u00e9quip\u00e9 d'un puissant zoom, d'un \u00e9cran de qualit\u00e9 ainsi que d'un mode nightshot + super nightshot.","breadcrumb":{"@id":"https:\/\/platyphoto.com\/produit\/sony-dcr-trv120e-camescope-hi8-2\/#breadcrumb"},"inLanguage":"en-US","potentialAction":[{"@type":"ReadAction","target":["https:\/\/platyphoto.com\/produit\/sony-dcr-trv120e-camescope-hi8-2\/"]}]},{"@type":"ImageObject","inLanguage":"en-US","@id":"https:\/\/platyphoto.com\/produit\/sony-dcr-trv120e-camescope-hi8-2\/#primaryimage","url":"https:\/\/i0.wp.com\/platyphoto.com\/wp-content\/uploads\/2025\/02\/Sony-TVR-120E.jpg?fit=4345%2C2887&ssl=1","contentUrl":"https:\/\/i0.wp.com\/platyphoto.com\/wp-content\/uploads\/2025\/02\/Sony-TVR-120E.jpg?fit=4345%2C2887&ssl=1","width":4345,"height":2887,"caption":"Sony DCR-TRV120E camescope HI8"},{"@type":"BreadcrumbList","@id":"https:\/\/platyphoto.com\/produit\/sony-dcr-trv120e-camescope-hi8-2\/#breadcrumb","itemListElement":[{"@type":"ListItem","position":1,"name":"Accueil","item":"https:\/\/platyphoto.com\/"},{"@type":"ListItem","position":2,"name":"Boutique","item":"https:\/\/platyphoto.com\/boutique\/"},{"@type":"ListItem","position":3,"name":"Sony DCR-TRV120E camescope HI8"}]},{"@type":"WebSite","@id":"https:\/\/platyphoto.com\/#website","url":"https:\/\/platyphoto.com\/","name":"Platyphoto","description":"Appareils photos argentiques, objectifs et accessoires de qualit\u00e9.","publisher":{"@id":"https:\/\/platyphoto.com\/#organization"},"potentialAction":[{"@type":"SearchAction","target":{"@type":"EntryPoint","urlTemplate":"https:\/\/platyphoto.com\/?s={search_term_string}"},"query-input":{"@type":"PropertyValueSpecification","valueRequired":true,"valueName":"search_term_string"}}],"inLanguage":"en-US"},{"@type":"Organization","@id":"https:\/\/platyphoto.com\/#organization","name":"Platyphoto","alternateName":"Platyphoto","url":"https:\/\/platyphoto.com\/","logo":{"@type":"ImageObject","inLanguage":"en-US","@id":"https:\/\/platyphoto.com\/#\/schema\/logo\/image\/","url":"https:\/\/i0.wp.com\/platyphoto.com\/wp-content\/uploads\/2020\/11\/cropped-header.jpg?fit=1500%2C282&ssl=1","contentUrl":"https:\/\/i0.wp.com\/platyphoto.com\/wp-content\/uploads\/2020\/11\/cropped-header.jpg?fit=1500%2C282&ssl=1","width":1500,"height":282,"caption":"Platyphoto"},"image":{"@id":"https:\/\/platyphoto.com\/#\/schema\/logo\/image\/"},"sameAs":["https:\/\/www.instagram.com\/platyphoto\/"]}]}},"jetpack_publicize_connections":[],"jetpack_likes_enabled":false,"jetpack_sharing_enabled":true,"_links":{"self":[{"href":"https:\/\/platyphoto.com\/en\/wp-json\/wp\/v2\/product\/14799","targetHints":{"allow":["GET"]}}],"collection":[{"href":"https:\/\/platyphoto.com\/en\/wp-json\/wp\/v2\/product"}],"about":[{"href":"https:\/\/platyphoto.com\/en\/wp-json\/wp\/v2\/types\/product"}],"wp:featuredmedia":[{"embeddable":true,"href":"https:\/\/platyphoto.com\/en\/wp-json\/wp\/v2\/media\/14804"}],"wp:attachment":[{"href":"https:\/\/platyphoto.com\/en\/wp-json\/wp\/v2\/media?parent=14799"}],"wp:term":[{"taxonomy":"product_brand","embeddable":true,"href":"https:\/\/platyphoto.com\/en\/wp-json\/wp\/v2\/product_brand?post=14799"},{"taxonomy":"product_cat","embeddable":true,"href":"https:\/\/platyphoto.com\/en\/wp-json\/wp\/v2\/product_cat?post=14799"},{"taxonomy":"product_tag","embeddable":true,"href":"https:\/\/platyphoto.com\/en\/wp-json\/wp\/v2\/product_tag?post=14799"}],"curies":[{"name":"wp","href":"https:\/\/api.w.org\/{rel}","templated":true}]}}