{"id":15119,"date":"2025-03-20T10:49:02","date_gmt":"2025-03-20T09:49:02","guid":{"rendered":"https:\/\/platyphoto.com\/?post_type=product&#038;p=15119"},"modified":"2025-03-22T13:19:44","modified_gmt":"2025-03-22T12:19:44","slug":"rollei-35-singapour-40mm-f3-5","status":"publish","type":"product","link":"https:\/\/platyphoto.com\/en\/product\/rollei-35-singapour-40mm-f3-5\/","title":{"rendered":"Rollei 35 Singapour 40mm F:3.5"},"content":{"rendered":"<p>Boitier : Rollei 35 (singapour)<\/p>\n<p>Objectif (fixe) : 40mm F:3.5<\/p>\n<p>Ann\u00e9e de production : Entre 06\/1971 et \u200d10\/1973<\/p>\n<p>Cellule : Oui<\/p>\n<p>Piles : 1 x type PX625 1.5v<\/p>\n<p>Indice de raret\u00e9 : Peu courant<\/p>\n<p>Un classique dans le domaine photographique, le Rollei 35 fait parti des appareils 35mm manuels les plus compacts du march\u00e9 ! Ici pr\u00e9sent\u00e9, ce Rollei 35 est un mod\u00e8le fabriqu\u00e9 \u00e0 Singapour (certains mod\u00e8les \u00e9taient fabriqu\u00e9s en Allemagne), l&rsquo;appareil fonctionne uniquement en manuel assist\u00e9 d&rsquo;une cellule visible sur le capot de l&rsquo;appareil. Vis\u00e9e au jug\u00e9, l&rsquo;utilisateur doit estimer la distance de son sujet puis le reporter sur l&rsquo;objectif. Il est aussi possible d&rsquo;ajouter sur l&rsquo;appareil un t\u00e9l\u00e9m\u00e8tre externe aidant l&rsquo;utilisateur \u00e0 conna\u00eetre cette distance.<\/p>\n<p>Ce mod\u00e8le fait partie d&rsquo;une s\u00e9rie de 185 000 appareils fabriqu\u00e9s \u00e0 Singapour entre \u200d06\/1971 et 10\/1973<\/p>\n<p>Attention, il est recommand\u00e9 de bien lire le mode d&#8217;emploi avant d&rsquo;utiliser cet appareil, certaines choses sont indispensables \u00e0 savoir, notamment lors de la r\u00e9tractation de l&rsquo;objectif : il faut imp\u00e9rativement avoir arm\u00e9 l&rsquo;appareil afin de pouvoir r\u00e9tracter l&rsquo;objectif sans probl\u00e8mes. La garantie fournie avec l&rsquo;appareil ne fonctionnera pas si celui-ci \u00e0 \u00e9t\u00e9 forc\u00e9.<\/p>\n<p>100% fonctionnel, <strong>vendu sans pile<\/strong>. Quelques traces d&rsquo;usages voir photos.<\/p>\n<p>Iso max 1600.<\/p>\n<p>Appareil partiellement r\u00e9vis\u00e9 :<\/p>\n<p>-Vitesses lubrifi\u00e9es et contr\u00f4l\u00e9es<\/p>\n<p>-Cellule contr\u00f4l\u00e9e et convertie aux piles 1.5v<\/p>\n<p>-Mise au point contr\u00f4l\u00e9e<\/p>\n<p>-Avancement du film contr\u00f4l\u00e9<\/p>\n<p><strong>Concernant l&rsquo;\u00e9tat :<\/strong><\/p>\n<p>Boitier : 8,5\/10, l\u00e9g\u00e8res traces d&rsquo;usages sur le boitier notamment au dos du capot.<\/p>\n<p>Optique : 8,5\/10, pr\u00e9sence de quelques micro poussi\u00e8res.<\/p>\n<p>M\u00e9canique : 10\/10, appareil partiellement r\u00e9vis\u00e9, 100% fonctionnel.<\/p>","protected":false},"excerpt":{"rendered":"<p>Boitier : Rollei 35 (singapour) Objectif (fixe) : 40mm F:3.5 Ann\u00e9e de production : Entre 06\/1971 et \u200d10\/1973 Cellule : Oui Piles : 1 x type PX625 1.5v Indice de raret\u00e9 : Peu courant Un classique dans le domaine photographique, le Rollei 35 fait parti des appareils 35mm manuels les plus compacts du march\u00e9 ! [&hellip;]<\/p>\n","protected":false},"featured_media":15126,"template":"","meta":{"_coblocks_attr":"","_coblocks_dimensions":"","_coblocks_responsive_height":"","_coblocks_accordion_ie_support":"","_crdt_document":"","jetpack_post_was_ever_published":false,"jetpack_publicize_message":"","jetpack_publicize_feature_enabled":true,"jetpack_social_post_already_shared":true,"jetpack_social_options":{"image_generator_settings":{"template":"highway","default_image_id":0,"font":"","enabled":false},"version":2},"_wpas_customize_per_network":false},"product_brand":[],"product_cat":[6353,6349,6355],"product_tag":[],"class_list":{"0":"post-15119","1":"product","2":"type-product","3":"status-publish","4":"has-post-thumbnail","6":"product_cat-24x36","7":"product_cat-appareils","8":"product_cat-compacts","10":"first","11":"outofstock","12":"shipping-taxable","13":"purchasable","14":"product-type-simple"},"yoast_head":"<!-- This site is optimized with the Yoast SEO plugin v27.3 - https:\/\/yoast.com\/product\/yoast-seo-wordpress\/ -->\n<title>Rollei 35 Singapour 40mm F:3.5 - Platyphoto<\/title>\n<meta name=\"description\" content=\"Un classique dans le domaine photographique, le Rollei 35 fait parti des appareils 35mm manuels les plus compacts du march\u00e9 ! Ici pr\u00e9sent\u00e9, ce Rollei 35 est un mod\u00e8le fabriqu\u00e9 \u00e0 Singapour.\" \/>\n<meta name=\"robots\" content=\"index, follow, max-snippet:-1, max-image-preview:large, max-video-preview:-1\" \/>\n<link rel=\"canonical\" href=\"https:\/\/platyphoto.com\/en\/product\/rollei-35-singapour-40mm-f3-5\/\" \/>\n<meta property=\"og:locale\" content=\"en_US\" \/>\n<meta property=\"og:type\" content=\"article\" \/>\n<meta property=\"og:title\" content=\"Rollei 35 Singapour 40mm F:3.5 - Platyphoto\" \/>\n<meta property=\"og:description\" content=\"Un classique dans le domaine photographique, le Rollei 35 fait parti des appareils 35mm manuels les plus compacts du march\u00e9 ! Ici pr\u00e9sent\u00e9, ce Rollei 35 est un mod\u00e8le fabriqu\u00e9 \u00e0 Singapour.\" \/>\n<meta property=\"og:url\" content=\"https:\/\/platyphoto.com\/en\/product\/rollei-35-singapour-40mm-f3-5\/\" \/>\n<meta property=\"og:site_name\" content=\"Platyphoto\" \/>\n<meta property=\"article:modified_time\" content=\"2025-03-22T12:19:44+00:00\" \/>\n<meta property=\"og:image\" content=\"https:\/\/platyphoto.com\/wp-content\/uploads\/2025\/03\/Rollei-35.jpg\" \/>\n\t<meta property=\"og:image:width\" content=\"4904\" \/>\n\t<meta property=\"og:image:height\" content=\"3259\" \/>\n\t<meta property=\"og:image:type\" content=\"image\/jpeg\" \/>\n<meta name=\"twitter:card\" content=\"summary_large_image\" \/>\n<meta name=\"twitter:label1\" content=\"Est. reading time\" \/>\n\t<meta name=\"twitter:data1\" content=\"2 minutes\" \/>\n<script type=\"application\/ld+json\" class=\"yoast-schema-graph\">{\"@context\":\"https:\\\/\\\/schema.org\",\"@graph\":[{\"@type\":\"WebPage\",\"@id\":\"https:\\\/\\\/platyphoto.com\\\/produit\\\/rollei-35-singapour-40mm-f3-5\\\/\",\"url\":\"https:\\\/\\\/platyphoto.com\\\/produit\\\/rollei-35-singapour-40mm-f3-5\\\/\",\"name\":\"Rollei 35 Singapour 40mm F:3.5 - Platyphoto\",\"isPartOf\":{\"@id\":\"https:\\\/\\\/platyphoto.com\\\/#website\"},\"primaryImageOfPage\":{\"@id\":\"https:\\\/\\\/platyphoto.com\\\/produit\\\/rollei-35-singapour-40mm-f3-5\\\/#primaryimage\"},\"image\":{\"@id\":\"https:\\\/\\\/platyphoto.com\\\/produit\\\/rollei-35-singapour-40mm-f3-5\\\/#primaryimage\"},\"thumbnailUrl\":\"https:\\\/\\\/i0.wp.com\\\/platyphoto.com\\\/wp-content\\\/uploads\\\/2025\\\/03\\\/Rollei-35.jpg?fit=4904%2C3259&ssl=1\",\"datePublished\":\"2025-03-20T09:49:02+00:00\",\"dateModified\":\"2025-03-22T12:19:44+00:00\",\"description\":\"Un classique dans le domaine photographique, le Rollei 35 fait parti des appareils 35mm manuels les plus compacts du march\u00e9 ! Ici pr\u00e9sent\u00e9, ce Rollei 35 est un mod\u00e8le fabriqu\u00e9 \u00e0 Singapour.\",\"breadcrumb\":{\"@id\":\"https:\\\/\\\/platyphoto.com\\\/produit\\\/rollei-35-singapour-40mm-f3-5\\\/#breadcrumb\"},\"inLanguage\":\"en-US\",\"potentialAction\":[{\"@type\":\"ReadAction\",\"target\":[\"https:\\\/\\\/platyphoto.com\\\/produit\\\/rollei-35-singapour-40mm-f3-5\\\/\"]}]},{\"@type\":\"ImageObject\",\"inLanguage\":\"en-US\",\"@id\":\"https:\\\/\\\/platyphoto.com\\\/produit\\\/rollei-35-singapour-40mm-f3-5\\\/#primaryimage\",\"url\":\"https:\\\/\\\/i0.wp.com\\\/platyphoto.com\\\/wp-content\\\/uploads\\\/2025\\\/03\\\/Rollei-35.jpg?fit=4904%2C3259&ssl=1\",\"contentUrl\":\"https:\\\/\\\/i0.wp.com\\\/platyphoto.com\\\/wp-content\\\/uploads\\\/2025\\\/03\\\/Rollei-35.jpg?fit=4904%2C3259&ssl=1\",\"width\":4904,\"height\":3259,\"caption\":\"Rollei 35 Singapour 40mm F:3.5\"},{\"@type\":\"BreadcrumbList\",\"@id\":\"https:\\\/\\\/platyphoto.com\\\/produit\\\/rollei-35-singapour-40mm-f3-5\\\/#breadcrumb\",\"itemListElement\":[{\"@type\":\"ListItem\",\"position\":1,\"name\":\"Accueil\",\"item\":\"https:\\\/\\\/platyphoto.com\\\/\"},{\"@type\":\"ListItem\",\"position\":2,\"name\":\"Boutique\",\"item\":\"https:\\\/\\\/platyphoto.com\\\/boutique\\\/\"},{\"@type\":\"ListItem\",\"position\":3,\"name\":\"Rollei 35 Singapour 40mm F:3.5\"}]},{\"@type\":\"WebSite\",\"@id\":\"https:\\\/\\\/platyphoto.com\\\/#website\",\"url\":\"https:\\\/\\\/platyphoto.com\\\/\",\"name\":\"Platyphoto\",\"description\":\"Appareils photos argentiques, objectifs et accessoires de qualit\u00e9.\",\"publisher\":{\"@id\":\"https:\\\/\\\/platyphoto.com\\\/#organization\"},\"potentialAction\":[{\"@type\":\"SearchAction\",\"target\":{\"@type\":\"EntryPoint\",\"urlTemplate\":\"https:\\\/\\\/platyphoto.com\\\/?s={search_term_string}\"},\"query-input\":{\"@type\":\"PropertyValueSpecification\",\"valueRequired\":true,\"valueName\":\"search_term_string\"}}],\"inLanguage\":\"en-US\"},{\"@type\":\"Organization\",\"@id\":\"https:\\\/\\\/platyphoto.com\\\/#organization\",\"name\":\"Platyphoto\",\"alternateName\":\"Platyphoto\",\"url\":\"https:\\\/\\\/platyphoto.com\\\/\",\"logo\":{\"@type\":\"ImageObject\",\"inLanguage\":\"en-US\",\"@id\":\"https:\\\/\\\/platyphoto.com\\\/#\\\/schema\\\/logo\\\/image\\\/\",\"url\":\"https:\\\/\\\/i0.wp.com\\\/platyphoto.com\\\/wp-content\\\/uploads\\\/2020\\\/11\\\/cropped-header.jpg?fit=1500%2C282&ssl=1\",\"contentUrl\":\"https:\\\/\\\/i0.wp.com\\\/platyphoto.com\\\/wp-content\\\/uploads\\\/2020\\\/11\\\/cropped-header.jpg?fit=1500%2C282&ssl=1\",\"width\":1500,\"height\":282,\"caption\":\"Platyphoto\"},\"image\":{\"@id\":\"https:\\\/\\\/platyphoto.com\\\/#\\\/schema\\\/logo\\\/image\\\/\"},\"sameAs\":[\"https:\\\/\\\/www.instagram.com\\\/platyphoto\\\/\"]}]}<\/script>\n<!-- \/ Yoast SEO plugin. -->","yoast_head_json":{"title":"Rollei 35 Singapour 40mm F:3.5 - Platyphoto","description":"Un classique dans le domaine photographique, le Rollei 35 fait parti des appareils 35mm manuels les plus compacts du march\u00e9 ! Ici pr\u00e9sent\u00e9, ce Rollei 35 est un mod\u00e8le fabriqu\u00e9 \u00e0 Singapour.","robots":{"index":"index","follow":"follow","max-snippet":"max-snippet:-1","max-image-preview":"max-image-preview:large","max-video-preview":"max-video-preview:-1"},"canonical":"https:\/\/platyphoto.com\/en\/product\/rollei-35-singapour-40mm-f3-5\/","og_locale":"en_US","og_type":"article","og_title":"Rollei 35 Singapour 40mm F:3.5 - Platyphoto","og_description":"Un classique dans le domaine photographique, le Rollei 35 fait parti des appareils 35mm manuels les plus compacts du march\u00e9 ! Ici pr\u00e9sent\u00e9, ce Rollei 35 est un mod\u00e8le fabriqu\u00e9 \u00e0 Singapour.","og_url":"https:\/\/platyphoto.com\/en\/product\/rollei-35-singapour-40mm-f3-5\/","og_site_name":"Platyphoto","article_modified_time":"2025-03-22T12:19:44+00:00","og_image":[{"width":4904,"height":3259,"url":"https:\/\/platyphoto.com\/wp-content\/uploads\/2025\/03\/Rollei-35.jpg","type":"image\/jpeg"}],"twitter_card":"summary_large_image","twitter_misc":{"Est. reading time":"2 minutes"},"schema":{"@context":"https:\/\/schema.org","@graph":[{"@type":"WebPage","@id":"https:\/\/platyphoto.com\/produit\/rollei-35-singapour-40mm-f3-5\/","url":"https:\/\/platyphoto.com\/produit\/rollei-35-singapour-40mm-f3-5\/","name":"Rollei 35 Singapour 40mm F:3.5 - Platyphoto","isPartOf":{"@id":"https:\/\/platyphoto.com\/#website"},"primaryImageOfPage":{"@id":"https:\/\/platyphoto.com\/produit\/rollei-35-singapour-40mm-f3-5\/#primaryimage"},"image":{"@id":"https:\/\/platyphoto.com\/produit\/rollei-35-singapour-40mm-f3-5\/#primaryimage"},"thumbnailUrl":"https:\/\/i0.wp.com\/platyphoto.com\/wp-content\/uploads\/2025\/03\/Rollei-35.jpg?fit=4904%2C3259&ssl=1","datePublished":"2025-03-20T09:49:02+00:00","dateModified":"2025-03-22T12:19:44+00:00","description":"Un classique dans le domaine photographique, le Rollei 35 fait parti des appareils 35mm manuels les plus compacts du march\u00e9 ! Ici pr\u00e9sent\u00e9, ce Rollei 35 est un mod\u00e8le fabriqu\u00e9 \u00e0 Singapour.","breadcrumb":{"@id":"https:\/\/platyphoto.com\/produit\/rollei-35-singapour-40mm-f3-5\/#breadcrumb"},"inLanguage":"en-US","potentialAction":[{"@type":"ReadAction","target":["https:\/\/platyphoto.com\/produit\/rollei-35-singapour-40mm-f3-5\/"]}]},{"@type":"ImageObject","inLanguage":"en-US","@id":"https:\/\/platyphoto.com\/produit\/rollei-35-singapour-40mm-f3-5\/#primaryimage","url":"https:\/\/i0.wp.com\/platyphoto.com\/wp-content\/uploads\/2025\/03\/Rollei-35.jpg?fit=4904%2C3259&ssl=1","contentUrl":"https:\/\/i0.wp.com\/platyphoto.com\/wp-content\/uploads\/2025\/03\/Rollei-35.jpg?fit=4904%2C3259&ssl=1","width":4904,"height":3259,"caption":"Rollei 35 Singapour 40mm F:3.5"},{"@type":"BreadcrumbList","@id":"https:\/\/platyphoto.com\/produit\/rollei-35-singapour-40mm-f3-5\/#breadcrumb","itemListElement":[{"@type":"ListItem","position":1,"name":"Accueil","item":"https:\/\/platyphoto.com\/"},{"@type":"ListItem","position":2,"name":"Boutique","item":"https:\/\/platyphoto.com\/boutique\/"},{"@type":"ListItem","position":3,"name":"Rollei 35 Singapour 40mm F:3.5"}]},{"@type":"WebSite","@id":"https:\/\/platyphoto.com\/#website","url":"https:\/\/platyphoto.com\/","name":"Platyphoto","description":"Appareils photos argentiques, objectifs et accessoires de qualit\u00e9.","publisher":{"@id":"https:\/\/platyphoto.com\/#organization"},"potentialAction":[{"@type":"SearchAction","target":{"@type":"EntryPoint","urlTemplate":"https:\/\/platyphoto.com\/?s={search_term_string}"},"query-input":{"@type":"PropertyValueSpecification","valueRequired":true,"valueName":"search_term_string"}}],"inLanguage":"en-US"},{"@type":"Organization","@id":"https:\/\/platyphoto.com\/#organization","name":"Platyphoto","alternateName":"Platyphoto","url":"https:\/\/platyphoto.com\/","logo":{"@type":"ImageObject","inLanguage":"en-US","@id":"https:\/\/platyphoto.com\/#\/schema\/logo\/image\/","url":"https:\/\/i0.wp.com\/platyphoto.com\/wp-content\/uploads\/2020\/11\/cropped-header.jpg?fit=1500%2C282&ssl=1","contentUrl":"https:\/\/i0.wp.com\/platyphoto.com\/wp-content\/uploads\/2020\/11\/cropped-header.jpg?fit=1500%2C282&ssl=1","width":1500,"height":282,"caption":"Platyphoto"},"image":{"@id":"https:\/\/platyphoto.com\/#\/schema\/logo\/image\/"},"sameAs":["https:\/\/www.instagram.com\/platyphoto\/"]}]}},"jetpack_publicize_connections":[],"jetpack_likes_enabled":false,"jetpack_sharing_enabled":true,"_links":{"self":[{"href":"https:\/\/platyphoto.com\/en\/wp-json\/wp\/v2\/product\/15119","targetHints":{"allow":["GET"]}}],"collection":[{"href":"https:\/\/platyphoto.com\/en\/wp-json\/wp\/v2\/product"}],"about":[{"href":"https:\/\/platyphoto.com\/en\/wp-json\/wp\/v2\/types\/product"}],"wp:featuredmedia":[{"embeddable":true,"href":"https:\/\/platyphoto.com\/en\/wp-json\/wp\/v2\/media\/15126"}],"wp:attachment":[{"href":"https:\/\/platyphoto.com\/en\/wp-json\/wp\/v2\/media?parent=15119"}],"wp:term":[{"taxonomy":"product_brand","embeddable":true,"href":"https:\/\/platyphoto.com\/en\/wp-json\/wp\/v2\/product_brand?post=15119"},{"taxonomy":"product_cat","embeddable":true,"href":"https:\/\/platyphoto.com\/en\/wp-json\/wp\/v2\/product_cat?post=15119"},{"taxonomy":"product_tag","embeddable":true,"href":"https:\/\/platyphoto.com\/en\/wp-json\/wp\/v2\/product_tag?post=15119"}],"curies":[{"name":"wp","href":"https:\/\/api.w.org\/{rel}","templated":true}]}}