{"id":15161,"date":"2025-03-20T16:28:47","date_gmt":"2025-03-20T15:28:47","guid":{"rendered":"https:\/\/platyphoto.com\/?post_type=product&#038;p=15161"},"modified":"2025-04-24T12:22:26","modified_gmt":"2025-04-24T10:22:26","slug":"helios-44m-58mm-f2-1980","status":"publish","type":"product","link":"https:\/\/platyphoto.com\/en\/product\/helios-44m-58mm-f2-1980\/","title":{"rendered":"Helios 44M 58mm F:2 1980"},"content":{"rendered":"<p>Marque : Helios<\/p>\n<p>Mod\u00e8le : 44M 58mm F:2 1980 KMZ<\/p>\n<p>Monture : M42<br \/>\nUn classique ! Appr\u00e9ci\u00e9 par les portraitistes pour son bokeh tournant caract\u00e9ristique, cet exemplaire est en bel \u00e9tat, lentilles propres sans champignons, quelques tr\u00e8s l\u00e9g\u00e8res micro poussi\u00e8res pr\u00e9sentes, quelques l\u00e9g\u00e8res micro rayures sur la lentille frontale, sans incidence sur la qualit\u00e9 des images. Mod\u00e8le de 1980<\/p>\n<p>Vendu avec bouchons.<\/p>\n<p>Concernant l\u2019\u00e9tat :<\/p>\n<p>Exterieur : 7\/10, traces d\u2019usages<\/p>\n<p>Optique : 8\/10, pr\u00e9sence de quelques micro poussi\u00e8res, tr\u00e8s l\u00e9g\u00e8res micro rayures sur la lentille frontale<\/p>\n<p>M\u00e9canique : 9\/10, 100% fonctionnel, mise au point fluide et agr\u00e9able<\/p>\n<p>Garanti 3 mois !<\/p>","protected":false},"excerpt":{"rendered":"<p>Marque : Helios Mod\u00e8le : 44M 58mm F:2 1980 KMZ Monture : M42 Un classique ! Appr\u00e9ci\u00e9 par les portraitistes pour son bokeh tournant caract\u00e9ristique, cet exemplaire est en bel \u00e9tat, lentilles propres sans champignons, quelques tr\u00e8s l\u00e9g\u00e8res micro poussi\u00e8res pr\u00e9sentes, quelques l\u00e9g\u00e8res micro rayures sur la lentille frontale, sans incidence sur la qualit\u00e9 des [&hellip;]<\/p>\n","protected":false},"featured_media":15165,"template":"","meta":{"_coblocks_attr":"","_coblocks_dimensions":"","_coblocks_responsive_height":"","_coblocks_accordion_ie_support":"","_crdt_document":"","jetpack_post_was_ever_published":false,"jetpack_publicize_message":"","jetpack_publicize_feature_enabled":true,"jetpack_social_post_already_shared":true,"jetpack_social_options":{"image_generator_settings":{"template":"highway","default_image_id":0,"font":"","enabled":false},"version":2},"_wpas_customize_per_network":false},"product_brand":[],"product_cat":[6367,6366],"product_tag":[],"class_list":{"0":"post-15161","1":"product","2":"type-product","3":"status-publish","4":"has-post-thumbnail","6":"product_cat-m42","7":"product_cat-objectifs","9":"first","10":"outofstock","11":"shipping-taxable","12":"purchasable","13":"product-type-simple"},"yoast_head":"<!-- This site is optimized with the Yoast SEO plugin v27.3 - https:\/\/yoast.com\/product\/yoast-seo-wordpress\/ -->\n<title>Helios 44M 58mm F:2 1980 - Platyphoto<\/title>\n<meta name=\"description\" content=\"Helios 44M 58mm F:2 1980, Un classique ! Appr\u00e9ci\u00e9 par les portraitistes pour son bokeh tournant caract\u00e9ristique, cet exemplaire est en bel \u00e9tat, lentilles propres sans champignons, quelques tr\u00e8s l\u00e9g\u00e8res micro poussi\u00e8res pr\u00e9sentes, quelques l\u00e9g\u00e8res micro rayures sur la lentille frontale, sans incidence sur la qualit\u00e9 des images. Mod\u00e8le de 1980\" \/>\n<meta name=\"robots\" content=\"index, follow, max-snippet:-1, max-image-preview:large, max-video-preview:-1\" \/>\n<link rel=\"canonical\" href=\"https:\/\/platyphoto.com\/en\/product\/helios-44m-58mm-f2-1980\/\" \/>\n<meta property=\"og:locale\" content=\"en_US\" \/>\n<meta property=\"og:type\" content=\"article\" \/>\n<meta property=\"og:title\" content=\"Helios 44M 58mm F:2 1980 - Platyphoto\" \/>\n<meta property=\"og:description\" content=\"Helios 44M 58mm F:2 1980, Un classique ! Appr\u00e9ci\u00e9 par les portraitistes pour son bokeh tournant caract\u00e9ristique, cet exemplaire est en bel \u00e9tat, lentilles propres sans champignons, quelques tr\u00e8s l\u00e9g\u00e8res micro poussi\u00e8res pr\u00e9sentes, quelques l\u00e9g\u00e8res micro rayures sur la lentille frontale, sans incidence sur la qualit\u00e9 des images. Mod\u00e8le de 1980\" \/>\n<meta property=\"og:url\" content=\"https:\/\/platyphoto.com\/en\/product\/helios-44m-58mm-f2-1980\/\" \/>\n<meta property=\"og:site_name\" content=\"Platyphoto\" \/>\n<meta property=\"article:modified_time\" content=\"2025-04-24T10:22:26+00:00\" \/>\n<meta property=\"og:image\" content=\"https:\/\/platyphoto.com\/wp-content\/uploads\/2025\/03\/Helios-44M-80.jpg\" \/>\n\t<meta property=\"og:image:width\" content=\"3300\" \/>\n\t<meta property=\"og:image:height\" content=\"2193\" \/>\n\t<meta property=\"og:image:type\" content=\"image\/jpeg\" \/>\n<meta name=\"twitter:card\" content=\"summary_large_image\" \/>\n<meta name=\"twitter:label1\" content=\"Est. reading time\" \/>\n\t<meta name=\"twitter:data1\" content=\"1 minute\" \/>\n<script type=\"application\/ld+json\" class=\"yoast-schema-graph\">{\"@context\":\"https:\\\/\\\/schema.org\",\"@graph\":[{\"@type\":\"WebPage\",\"@id\":\"https:\\\/\\\/platyphoto.com\\\/produit\\\/helios-44m-58mm-f2-1980\\\/\",\"url\":\"https:\\\/\\\/platyphoto.com\\\/produit\\\/helios-44m-58mm-f2-1980\\\/\",\"name\":\"Helios 44M 58mm F:2 1980 - Platyphoto\",\"isPartOf\":{\"@id\":\"https:\\\/\\\/platyphoto.com\\\/#website\"},\"primaryImageOfPage\":{\"@id\":\"https:\\\/\\\/platyphoto.com\\\/produit\\\/helios-44m-58mm-f2-1980\\\/#primaryimage\"},\"image\":{\"@id\":\"https:\\\/\\\/platyphoto.com\\\/produit\\\/helios-44m-58mm-f2-1980\\\/#primaryimage\"},\"thumbnailUrl\":\"https:\\\/\\\/i0.wp.com\\\/platyphoto.com\\\/wp-content\\\/uploads\\\/2025\\\/03\\\/Helios-44M-80.jpg?fit=3300%2C2193&ssl=1\",\"datePublished\":\"2025-03-20T15:28:47+00:00\",\"dateModified\":\"2025-04-24T10:22:26+00:00\",\"description\":\"Helios 44M 58mm F:2 1980, Un classique ! Appr\u00e9ci\u00e9 par les portraitistes pour son bokeh tournant caract\u00e9ristique, cet exemplaire est en bel \u00e9tat, lentilles propres sans champignons, quelques tr\u00e8s l\u00e9g\u00e8res micro poussi\u00e8res pr\u00e9sentes, quelques l\u00e9g\u00e8res micro rayures sur la lentille frontale, sans incidence sur la qualit\u00e9 des images. Mod\u00e8le de 1980\",\"breadcrumb\":{\"@id\":\"https:\\\/\\\/platyphoto.com\\\/produit\\\/helios-44m-58mm-f2-1980\\\/#breadcrumb\"},\"inLanguage\":\"en-US\",\"potentialAction\":[{\"@type\":\"ReadAction\",\"target\":[\"https:\\\/\\\/platyphoto.com\\\/produit\\\/helios-44m-58mm-f2-1980\\\/\"]}]},{\"@type\":\"ImageObject\",\"inLanguage\":\"en-US\",\"@id\":\"https:\\\/\\\/platyphoto.com\\\/produit\\\/helios-44m-58mm-f2-1980\\\/#primaryimage\",\"url\":\"https:\\\/\\\/i0.wp.com\\\/platyphoto.com\\\/wp-content\\\/uploads\\\/2025\\\/03\\\/Helios-44M-80.jpg?fit=3300%2C2193&ssl=1\",\"contentUrl\":\"https:\\\/\\\/i0.wp.com\\\/platyphoto.com\\\/wp-content\\\/uploads\\\/2025\\\/03\\\/Helios-44M-80.jpg?fit=3300%2C2193&ssl=1\",\"width\":3300,\"height\":2193,\"caption\":\"Helios 44M 58mm F:2 1980\"},{\"@type\":\"BreadcrumbList\",\"@id\":\"https:\\\/\\\/platyphoto.com\\\/produit\\\/helios-44m-58mm-f2-1980\\\/#breadcrumb\",\"itemListElement\":[{\"@type\":\"ListItem\",\"position\":1,\"name\":\"Accueil\",\"item\":\"https:\\\/\\\/platyphoto.com\\\/\"},{\"@type\":\"ListItem\",\"position\":2,\"name\":\"Boutique\",\"item\":\"https:\\\/\\\/platyphoto.com\\\/boutique\\\/\"},{\"@type\":\"ListItem\",\"position\":3,\"name\":\"Helios 44M 58mm F:2 1980\"}]},{\"@type\":\"WebSite\",\"@id\":\"https:\\\/\\\/platyphoto.com\\\/#website\",\"url\":\"https:\\\/\\\/platyphoto.com\\\/\",\"name\":\"Platyphoto\",\"description\":\"Appareils photos argentiques, objectifs et accessoires de qualit\u00e9.\",\"publisher\":{\"@id\":\"https:\\\/\\\/platyphoto.com\\\/#organization\"},\"potentialAction\":[{\"@type\":\"SearchAction\",\"target\":{\"@type\":\"EntryPoint\",\"urlTemplate\":\"https:\\\/\\\/platyphoto.com\\\/?s={search_term_string}\"},\"query-input\":{\"@type\":\"PropertyValueSpecification\",\"valueRequired\":true,\"valueName\":\"search_term_string\"}}],\"inLanguage\":\"en-US\"},{\"@type\":\"Organization\",\"@id\":\"https:\\\/\\\/platyphoto.com\\\/#organization\",\"name\":\"Platyphoto\",\"alternateName\":\"Platyphoto\",\"url\":\"https:\\\/\\\/platyphoto.com\\\/\",\"logo\":{\"@type\":\"ImageObject\",\"inLanguage\":\"en-US\",\"@id\":\"https:\\\/\\\/platyphoto.com\\\/#\\\/schema\\\/logo\\\/image\\\/\",\"url\":\"https:\\\/\\\/i0.wp.com\\\/platyphoto.com\\\/wp-content\\\/uploads\\\/2020\\\/11\\\/cropped-header.jpg?fit=1500%2C282&ssl=1\",\"contentUrl\":\"https:\\\/\\\/i0.wp.com\\\/platyphoto.com\\\/wp-content\\\/uploads\\\/2020\\\/11\\\/cropped-header.jpg?fit=1500%2C282&ssl=1\",\"width\":1500,\"height\":282,\"caption\":\"Platyphoto\"},\"image\":{\"@id\":\"https:\\\/\\\/platyphoto.com\\\/#\\\/schema\\\/logo\\\/image\\\/\"},\"sameAs\":[\"https:\\\/\\\/www.instagram.com\\\/platyphoto\\\/\"]}]}<\/script>\n<!-- \/ Yoast SEO plugin. -->","yoast_head_json":{"title":"Helios 44M 58mm F:2 1980 - Platyphoto","description":"Helios 44M 58mm F:2 1980, Un classique ! Appr\u00e9ci\u00e9 par les portraitistes pour son bokeh tournant caract\u00e9ristique, cet exemplaire est en bel \u00e9tat, lentilles propres sans champignons, quelques tr\u00e8s l\u00e9g\u00e8res micro poussi\u00e8res pr\u00e9sentes, quelques l\u00e9g\u00e8res micro rayures sur la lentille frontale, sans incidence sur la qualit\u00e9 des images. Mod\u00e8le de 1980","robots":{"index":"index","follow":"follow","max-snippet":"max-snippet:-1","max-image-preview":"max-image-preview:large","max-video-preview":"max-video-preview:-1"},"canonical":"https:\/\/platyphoto.com\/en\/product\/helios-44m-58mm-f2-1980\/","og_locale":"en_US","og_type":"article","og_title":"Helios 44M 58mm F:2 1980 - Platyphoto","og_description":"Helios 44M 58mm F:2 1980, Un classique ! Appr\u00e9ci\u00e9 par les portraitistes pour son bokeh tournant caract\u00e9ristique, cet exemplaire est en bel \u00e9tat, lentilles propres sans champignons, quelques tr\u00e8s l\u00e9g\u00e8res micro poussi\u00e8res pr\u00e9sentes, quelques l\u00e9g\u00e8res micro rayures sur la lentille frontale, sans incidence sur la qualit\u00e9 des images. Mod\u00e8le de 1980","og_url":"https:\/\/platyphoto.com\/en\/product\/helios-44m-58mm-f2-1980\/","og_site_name":"Platyphoto","article_modified_time":"2025-04-24T10:22:26+00:00","og_image":[{"width":3300,"height":2193,"url":"https:\/\/platyphoto.com\/wp-content\/uploads\/2025\/03\/Helios-44M-80.jpg","type":"image\/jpeg"}],"twitter_card":"summary_large_image","twitter_misc":{"Est. reading time":"1 minute"},"schema":{"@context":"https:\/\/schema.org","@graph":[{"@type":"WebPage","@id":"https:\/\/platyphoto.com\/produit\/helios-44m-58mm-f2-1980\/","url":"https:\/\/platyphoto.com\/produit\/helios-44m-58mm-f2-1980\/","name":"Helios 44M 58mm F:2 1980 - Platyphoto","isPartOf":{"@id":"https:\/\/platyphoto.com\/#website"},"primaryImageOfPage":{"@id":"https:\/\/platyphoto.com\/produit\/helios-44m-58mm-f2-1980\/#primaryimage"},"image":{"@id":"https:\/\/platyphoto.com\/produit\/helios-44m-58mm-f2-1980\/#primaryimage"},"thumbnailUrl":"https:\/\/i0.wp.com\/platyphoto.com\/wp-content\/uploads\/2025\/03\/Helios-44M-80.jpg?fit=3300%2C2193&ssl=1","datePublished":"2025-03-20T15:28:47+00:00","dateModified":"2025-04-24T10:22:26+00:00","description":"Helios 44M 58mm F:2 1980, Un classique ! Appr\u00e9ci\u00e9 par les portraitistes pour son bokeh tournant caract\u00e9ristique, cet exemplaire est en bel \u00e9tat, lentilles propres sans champignons, quelques tr\u00e8s l\u00e9g\u00e8res micro poussi\u00e8res pr\u00e9sentes, quelques l\u00e9g\u00e8res micro rayures sur la lentille frontale, sans incidence sur la qualit\u00e9 des images. Mod\u00e8le de 1980","breadcrumb":{"@id":"https:\/\/platyphoto.com\/produit\/helios-44m-58mm-f2-1980\/#breadcrumb"},"inLanguage":"en-US","potentialAction":[{"@type":"ReadAction","target":["https:\/\/platyphoto.com\/produit\/helios-44m-58mm-f2-1980\/"]}]},{"@type":"ImageObject","inLanguage":"en-US","@id":"https:\/\/platyphoto.com\/produit\/helios-44m-58mm-f2-1980\/#primaryimage","url":"https:\/\/i0.wp.com\/platyphoto.com\/wp-content\/uploads\/2025\/03\/Helios-44M-80.jpg?fit=3300%2C2193&ssl=1","contentUrl":"https:\/\/i0.wp.com\/platyphoto.com\/wp-content\/uploads\/2025\/03\/Helios-44M-80.jpg?fit=3300%2C2193&ssl=1","width":3300,"height":2193,"caption":"Helios 44M 58mm F:2 1980"},{"@type":"BreadcrumbList","@id":"https:\/\/platyphoto.com\/produit\/helios-44m-58mm-f2-1980\/#breadcrumb","itemListElement":[{"@type":"ListItem","position":1,"name":"Accueil","item":"https:\/\/platyphoto.com\/"},{"@type":"ListItem","position":2,"name":"Boutique","item":"https:\/\/platyphoto.com\/boutique\/"},{"@type":"ListItem","position":3,"name":"Helios 44M 58mm F:2 1980"}]},{"@type":"WebSite","@id":"https:\/\/platyphoto.com\/#website","url":"https:\/\/platyphoto.com\/","name":"Platyphoto","description":"Appareils photos argentiques, objectifs et accessoires de qualit\u00e9.","publisher":{"@id":"https:\/\/platyphoto.com\/#organization"},"potentialAction":[{"@type":"SearchAction","target":{"@type":"EntryPoint","urlTemplate":"https:\/\/platyphoto.com\/?s={search_term_string}"},"query-input":{"@type":"PropertyValueSpecification","valueRequired":true,"valueName":"search_term_string"}}],"inLanguage":"en-US"},{"@type":"Organization","@id":"https:\/\/platyphoto.com\/#organization","name":"Platyphoto","alternateName":"Platyphoto","url":"https:\/\/platyphoto.com\/","logo":{"@type":"ImageObject","inLanguage":"en-US","@id":"https:\/\/platyphoto.com\/#\/schema\/logo\/image\/","url":"https:\/\/i0.wp.com\/platyphoto.com\/wp-content\/uploads\/2020\/11\/cropped-header.jpg?fit=1500%2C282&ssl=1","contentUrl":"https:\/\/i0.wp.com\/platyphoto.com\/wp-content\/uploads\/2020\/11\/cropped-header.jpg?fit=1500%2C282&ssl=1","width":1500,"height":282,"caption":"Platyphoto"},"image":{"@id":"https:\/\/platyphoto.com\/#\/schema\/logo\/image\/"},"sameAs":["https:\/\/www.instagram.com\/platyphoto\/"]}]}},"jetpack_publicize_connections":[],"jetpack_likes_enabled":false,"jetpack_sharing_enabled":true,"_links":{"self":[{"href":"https:\/\/platyphoto.com\/en\/wp-json\/wp\/v2\/product\/15161","targetHints":{"allow":["GET"]}}],"collection":[{"href":"https:\/\/platyphoto.com\/en\/wp-json\/wp\/v2\/product"}],"about":[{"href":"https:\/\/platyphoto.com\/en\/wp-json\/wp\/v2\/types\/product"}],"wp:featuredmedia":[{"embeddable":true,"href":"https:\/\/platyphoto.com\/en\/wp-json\/wp\/v2\/media\/15165"}],"wp:attachment":[{"href":"https:\/\/platyphoto.com\/en\/wp-json\/wp\/v2\/media?parent=15161"}],"wp:term":[{"taxonomy":"product_brand","embeddable":true,"href":"https:\/\/platyphoto.com\/en\/wp-json\/wp\/v2\/product_brand?post=15161"},{"taxonomy":"product_cat","embeddable":true,"href":"https:\/\/platyphoto.com\/en\/wp-json\/wp\/v2\/product_cat?post=15161"},{"taxonomy":"product_tag","embeddable":true,"href":"https:\/\/platyphoto.com\/en\/wp-json\/wp\/v2\/product_tag?post=15161"}],"curies":[{"name":"wp","href":"https:\/\/api.w.org\/{rel}","templated":true}]}}