{"id":15727,"date":"2025-05-09T13:42:27","date_gmt":"2025-05-09T11:42:27","guid":{"rendered":"https:\/\/platyphoto.com\/?post_type=product&#038;p=15727"},"modified":"2025-10-12T15:02:46","modified_gmt":"2025-10-12T13:02:46","slug":"fujifilm-xp90-16-4mpx-etanche","status":"publish","type":"product","link":"https:\/\/platyphoto.com\/en\/product\/fujifilm-xp90-16-4mpx-etanche\/","title":{"rendered":"Fujifilm XP90 16.4mpx ETANCHE"},"content":{"rendered":"<p><strong>Marque<\/strong> : Fujifilm<\/p>\n<p><strong>Mod\u00e8le<\/strong> : XP90<\/p>\n<p><strong>Objectif<\/strong> : 28-140mm<\/p>\n<p><strong>D\u00e9finition<\/strong> : 16.1 millions de pixels<\/p>\n<p><strong>Piles : <\/strong>Batterie (fournie, neuve)<\/p>\n<p>Appareil photo num\u00e9rique \u00e9tanche \u00e0 15m et r\u00e9sistant aux chutes de 1,75m. Le Fujifilm XP90 propose divers modes de prises de vues, auto et sc\u00e8nes. Mode vid\u00e9o.<\/p>\n<p>Bon \u00e9tat g\u00e9n\u00e9ral, quelques l\u00e9g\u00e8res rayures sur l&rsquo;\u00e9cran. Vendu avec chargeur et carte sd 4go (916 photos en r\u00e9solution max).<\/p>\n<p>100% fonctionnel, parfait pour accompagner vos soir\u00e9es, voyages, concerts ect..<\/p>\n<p>&nbsp;<\/p>","protected":false},"excerpt":{"rendered":"<p>Marque : Fujifilm Mod\u00e8le : XP90 Objectif : 28-140mm D\u00e9finition : 16.1 millions de pixels Piles : Batterie (fournie, neuve) Appareil photo num\u00e9rique \u00e9tanche \u00e0 15m et r\u00e9sistant aux chutes de 1,75m. Le Fujifilm XP90 propose divers modes de prises de vues, auto et sc\u00e8nes. Mode vid\u00e9o. Bon \u00e9tat g\u00e9n\u00e9ral, quelques l\u00e9g\u00e8res rayures sur l&rsquo;\u00e9cran. [&hellip;]<\/p>\n","protected":false},"featured_media":15730,"template":"","meta":{"_coblocks_attr":"","_coblocks_dimensions":"","_coblocks_responsive_height":"","_coblocks_accordion_ie_support":"","_crdt_document":"","jetpack_post_was_ever_published":false,"jetpack_publicize_message":"","jetpack_publicize_feature_enabled":true,"jetpack_social_post_already_shared":true,"jetpack_social_options":{"image_generator_settings":{"template":"highway","default_image_id":0,"font":"","enabled":false},"version":2},"_wpas_customize_per_network":false},"product_brand":[],"product_cat":[6349,6545],"product_tag":[],"class_list":{"0":"post-15727","1":"product","2":"type-product","3":"status-publish","4":"has-post-thumbnail","6":"product_cat-appareils","7":"product_cat-numeriques","9":"first","10":"outofstock","11":"shipping-taxable","12":"purchasable","13":"product-type-simple"},"yoast_head":"<!-- This site is optimized with the Yoast SEO plugin v27.3 - https:\/\/yoast.com\/product\/yoast-seo-wordpress\/ -->\n<title>Fujifilm XP90 16.4mpx ETANCHE - Platyphoto<\/title>\n<meta name=\"description\" content=\"Appareil photo num\u00e9rique \u00e9tanche \u00e0 15m et r\u00e9sistant aux chutes de 1,75m. Le Fujifilm XP90 propose divers modes de prises de vues, auto et sc\u00e8nes. Mode vid\u00e9o.\" \/>\n<meta name=\"robots\" content=\"index, follow, max-snippet:-1, max-image-preview:large, max-video-preview:-1\" \/>\n<link rel=\"canonical\" href=\"https:\/\/platyphoto.com\/en\/product\/fujifilm-xp90-16-4mpx-etanche\/\" \/>\n<meta property=\"og:locale\" content=\"en_US\" \/>\n<meta property=\"og:type\" content=\"article\" \/>\n<meta property=\"og:title\" content=\"Fujifilm XP90 16.4mpx ETANCHE - Platyphoto\" \/>\n<meta property=\"og:description\" content=\"Appareil photo num\u00e9rique \u00e9tanche \u00e0 15m et r\u00e9sistant aux chutes de 1,75m. Le Fujifilm XP90 propose divers modes de prises de vues, auto et sc\u00e8nes. Mode vid\u00e9o.\" \/>\n<meta property=\"og:url\" content=\"https:\/\/platyphoto.com\/en\/product\/fujifilm-xp90-16-4mpx-etanche\/\" \/>\n<meta property=\"og:site_name\" content=\"Platyphoto\" \/>\n<meta property=\"article:modified_time\" content=\"2025-10-12T13:02:46+00:00\" \/>\n<meta property=\"og:image\" content=\"https:\/\/platyphoto.com\/wp-content\/uploads\/2025\/05\/Fuji-XP90.jpg\" \/>\n\t<meta property=\"og:image:width\" content=\"4093\" \/>\n\t<meta property=\"og:image:height\" content=\"2720\" \/>\n\t<meta property=\"og:image:type\" content=\"image\/jpeg\" \/>\n<meta name=\"twitter:card\" content=\"summary_large_image\" \/>\n<meta name=\"twitter:label1\" content=\"Est. reading time\" \/>\n\t<meta name=\"twitter:data1\" content=\"1 minute\" \/>\n<script type=\"application\/ld+json\" class=\"yoast-schema-graph\">{\"@context\":\"https:\\\/\\\/schema.org\",\"@graph\":[{\"@type\":\"WebPage\",\"@id\":\"https:\\\/\\\/platyphoto.com\\\/produit\\\/fujifilm-xp90-16-4mpx-etanche\\\/\",\"url\":\"https:\\\/\\\/platyphoto.com\\\/produit\\\/fujifilm-xp90-16-4mpx-etanche\\\/\",\"name\":\"Fujifilm XP90 16.4mpx ETANCHE - Platyphoto\",\"isPartOf\":{\"@id\":\"https:\\\/\\\/platyphoto.com\\\/#website\"},\"primaryImageOfPage\":{\"@id\":\"https:\\\/\\\/platyphoto.com\\\/produit\\\/fujifilm-xp90-16-4mpx-etanche\\\/#primaryimage\"},\"image\":{\"@id\":\"https:\\\/\\\/platyphoto.com\\\/produit\\\/fujifilm-xp90-16-4mpx-etanche\\\/#primaryimage\"},\"thumbnailUrl\":\"https:\\\/\\\/i0.wp.com\\\/platyphoto.com\\\/wp-content\\\/uploads\\\/2025\\\/05\\\/Fuji-XP90.jpg?fit=4093%2C2720&ssl=1\",\"datePublished\":\"2025-05-09T11:42:27+00:00\",\"dateModified\":\"2025-10-12T13:02:46+00:00\",\"description\":\"Appareil photo num\u00e9rique \u00e9tanche \u00e0 15m et r\u00e9sistant aux chutes de 1,75m. Le Fujifilm XP90 propose divers modes de prises de vues, auto et sc\u00e8nes. Mode vid\u00e9o.\",\"breadcrumb\":{\"@id\":\"https:\\\/\\\/platyphoto.com\\\/produit\\\/fujifilm-xp90-16-4mpx-etanche\\\/#breadcrumb\"},\"inLanguage\":\"en-US\",\"potentialAction\":[{\"@type\":\"ReadAction\",\"target\":[\"https:\\\/\\\/platyphoto.com\\\/produit\\\/fujifilm-xp90-16-4mpx-etanche\\\/\"]}]},{\"@type\":\"ImageObject\",\"inLanguage\":\"en-US\",\"@id\":\"https:\\\/\\\/platyphoto.com\\\/produit\\\/fujifilm-xp90-16-4mpx-etanche\\\/#primaryimage\",\"url\":\"https:\\\/\\\/i0.wp.com\\\/platyphoto.com\\\/wp-content\\\/uploads\\\/2025\\\/05\\\/Fuji-XP90.jpg?fit=4093%2C2720&ssl=1\",\"contentUrl\":\"https:\\\/\\\/i0.wp.com\\\/platyphoto.com\\\/wp-content\\\/uploads\\\/2025\\\/05\\\/Fuji-XP90.jpg?fit=4093%2C2720&ssl=1\",\"width\":4093,\"height\":2720,\"caption\":\"Fujifilm XP90 16.4mpx ETANCHE\"},{\"@type\":\"BreadcrumbList\",\"@id\":\"https:\\\/\\\/platyphoto.com\\\/produit\\\/fujifilm-xp90-16-4mpx-etanche\\\/#breadcrumb\",\"itemListElement\":[{\"@type\":\"ListItem\",\"position\":1,\"name\":\"Accueil\",\"item\":\"https:\\\/\\\/platyphoto.com\\\/\"},{\"@type\":\"ListItem\",\"position\":2,\"name\":\"Boutique\",\"item\":\"https:\\\/\\\/platyphoto.com\\\/boutique\\\/\"},{\"@type\":\"ListItem\",\"position\":3,\"name\":\"Fujifilm XP90 16.4mpx ETANCHE\"}]},{\"@type\":\"WebSite\",\"@id\":\"https:\\\/\\\/platyphoto.com\\\/#website\",\"url\":\"https:\\\/\\\/platyphoto.com\\\/\",\"name\":\"Platyphoto\",\"description\":\"Appareils photos argentiques, objectifs et accessoires de qualit\u00e9.\",\"publisher\":{\"@id\":\"https:\\\/\\\/platyphoto.com\\\/#organization\"},\"potentialAction\":[{\"@type\":\"SearchAction\",\"target\":{\"@type\":\"EntryPoint\",\"urlTemplate\":\"https:\\\/\\\/platyphoto.com\\\/?s={search_term_string}\"},\"query-input\":{\"@type\":\"PropertyValueSpecification\",\"valueRequired\":true,\"valueName\":\"search_term_string\"}}],\"inLanguage\":\"en-US\"},{\"@type\":\"Organization\",\"@id\":\"https:\\\/\\\/platyphoto.com\\\/#organization\",\"name\":\"Platyphoto\",\"alternateName\":\"Platyphoto\",\"url\":\"https:\\\/\\\/platyphoto.com\\\/\",\"logo\":{\"@type\":\"ImageObject\",\"inLanguage\":\"en-US\",\"@id\":\"https:\\\/\\\/platyphoto.com\\\/#\\\/schema\\\/logo\\\/image\\\/\",\"url\":\"https:\\\/\\\/i0.wp.com\\\/platyphoto.com\\\/wp-content\\\/uploads\\\/2020\\\/11\\\/cropped-header.jpg?fit=1500%2C282&ssl=1\",\"contentUrl\":\"https:\\\/\\\/i0.wp.com\\\/platyphoto.com\\\/wp-content\\\/uploads\\\/2020\\\/11\\\/cropped-header.jpg?fit=1500%2C282&ssl=1\",\"width\":1500,\"height\":282,\"caption\":\"Platyphoto\"},\"image\":{\"@id\":\"https:\\\/\\\/platyphoto.com\\\/#\\\/schema\\\/logo\\\/image\\\/\"},\"sameAs\":[\"https:\\\/\\\/www.instagram.com\\\/platyphoto\\\/\"]}]}<\/script>\n<!-- \/ Yoast SEO plugin. -->","yoast_head_json":{"title":"Fujifilm XP90 16.4mpx ETANCHE - Platyphoto","description":"Appareil photo num\u00e9rique \u00e9tanche \u00e0 15m et r\u00e9sistant aux chutes de 1,75m. Le Fujifilm XP90 propose divers modes de prises de vues, auto et sc\u00e8nes. Mode vid\u00e9o.","robots":{"index":"index","follow":"follow","max-snippet":"max-snippet:-1","max-image-preview":"max-image-preview:large","max-video-preview":"max-video-preview:-1"},"canonical":"https:\/\/platyphoto.com\/en\/product\/fujifilm-xp90-16-4mpx-etanche\/","og_locale":"en_US","og_type":"article","og_title":"Fujifilm XP90 16.4mpx ETANCHE - Platyphoto","og_description":"Appareil photo num\u00e9rique \u00e9tanche \u00e0 15m et r\u00e9sistant aux chutes de 1,75m. Le Fujifilm XP90 propose divers modes de prises de vues, auto et sc\u00e8nes. Mode vid\u00e9o.","og_url":"https:\/\/platyphoto.com\/en\/product\/fujifilm-xp90-16-4mpx-etanche\/","og_site_name":"Platyphoto","article_modified_time":"2025-10-12T13:02:46+00:00","og_image":[{"width":4093,"height":2720,"url":"https:\/\/platyphoto.com\/wp-content\/uploads\/2025\/05\/Fuji-XP90.jpg","type":"image\/jpeg"}],"twitter_card":"summary_large_image","twitter_misc":{"Est. reading time":"1 minute"},"schema":{"@context":"https:\/\/schema.org","@graph":[{"@type":"WebPage","@id":"https:\/\/platyphoto.com\/produit\/fujifilm-xp90-16-4mpx-etanche\/","url":"https:\/\/platyphoto.com\/produit\/fujifilm-xp90-16-4mpx-etanche\/","name":"Fujifilm XP90 16.4mpx ETANCHE - Platyphoto","isPartOf":{"@id":"https:\/\/platyphoto.com\/#website"},"primaryImageOfPage":{"@id":"https:\/\/platyphoto.com\/produit\/fujifilm-xp90-16-4mpx-etanche\/#primaryimage"},"image":{"@id":"https:\/\/platyphoto.com\/produit\/fujifilm-xp90-16-4mpx-etanche\/#primaryimage"},"thumbnailUrl":"https:\/\/i0.wp.com\/platyphoto.com\/wp-content\/uploads\/2025\/05\/Fuji-XP90.jpg?fit=4093%2C2720&ssl=1","datePublished":"2025-05-09T11:42:27+00:00","dateModified":"2025-10-12T13:02:46+00:00","description":"Appareil photo num\u00e9rique \u00e9tanche \u00e0 15m et r\u00e9sistant aux chutes de 1,75m. Le Fujifilm XP90 propose divers modes de prises de vues, auto et sc\u00e8nes. Mode vid\u00e9o.","breadcrumb":{"@id":"https:\/\/platyphoto.com\/produit\/fujifilm-xp90-16-4mpx-etanche\/#breadcrumb"},"inLanguage":"en-US","potentialAction":[{"@type":"ReadAction","target":["https:\/\/platyphoto.com\/produit\/fujifilm-xp90-16-4mpx-etanche\/"]}]},{"@type":"ImageObject","inLanguage":"en-US","@id":"https:\/\/platyphoto.com\/produit\/fujifilm-xp90-16-4mpx-etanche\/#primaryimage","url":"https:\/\/i0.wp.com\/platyphoto.com\/wp-content\/uploads\/2025\/05\/Fuji-XP90.jpg?fit=4093%2C2720&ssl=1","contentUrl":"https:\/\/i0.wp.com\/platyphoto.com\/wp-content\/uploads\/2025\/05\/Fuji-XP90.jpg?fit=4093%2C2720&ssl=1","width":4093,"height":2720,"caption":"Fujifilm XP90 16.4mpx ETANCHE"},{"@type":"BreadcrumbList","@id":"https:\/\/platyphoto.com\/produit\/fujifilm-xp90-16-4mpx-etanche\/#breadcrumb","itemListElement":[{"@type":"ListItem","position":1,"name":"Accueil","item":"https:\/\/platyphoto.com\/"},{"@type":"ListItem","position":2,"name":"Boutique","item":"https:\/\/platyphoto.com\/boutique\/"},{"@type":"ListItem","position":3,"name":"Fujifilm XP90 16.4mpx ETANCHE"}]},{"@type":"WebSite","@id":"https:\/\/platyphoto.com\/#website","url":"https:\/\/platyphoto.com\/","name":"Platyphoto","description":"Appareils photos argentiques, objectifs et accessoires de qualit\u00e9.","publisher":{"@id":"https:\/\/platyphoto.com\/#organization"},"potentialAction":[{"@type":"SearchAction","target":{"@type":"EntryPoint","urlTemplate":"https:\/\/platyphoto.com\/?s={search_term_string}"},"query-input":{"@type":"PropertyValueSpecification","valueRequired":true,"valueName":"search_term_string"}}],"inLanguage":"en-US"},{"@type":"Organization","@id":"https:\/\/platyphoto.com\/#organization","name":"Platyphoto","alternateName":"Platyphoto","url":"https:\/\/platyphoto.com\/","logo":{"@type":"ImageObject","inLanguage":"en-US","@id":"https:\/\/platyphoto.com\/#\/schema\/logo\/image\/","url":"https:\/\/i0.wp.com\/platyphoto.com\/wp-content\/uploads\/2020\/11\/cropped-header.jpg?fit=1500%2C282&ssl=1","contentUrl":"https:\/\/i0.wp.com\/platyphoto.com\/wp-content\/uploads\/2020\/11\/cropped-header.jpg?fit=1500%2C282&ssl=1","width":1500,"height":282,"caption":"Platyphoto"},"image":{"@id":"https:\/\/platyphoto.com\/#\/schema\/logo\/image\/"},"sameAs":["https:\/\/www.instagram.com\/platyphoto\/"]}]}},"jetpack_publicize_connections":[],"jetpack_likes_enabled":false,"jetpack_sharing_enabled":true,"_links":{"self":[{"href":"https:\/\/platyphoto.com\/en\/wp-json\/wp\/v2\/product\/15727","targetHints":{"allow":["GET"]}}],"collection":[{"href":"https:\/\/platyphoto.com\/en\/wp-json\/wp\/v2\/product"}],"about":[{"href":"https:\/\/platyphoto.com\/en\/wp-json\/wp\/v2\/types\/product"}],"wp:featuredmedia":[{"embeddable":true,"href":"https:\/\/platyphoto.com\/en\/wp-json\/wp\/v2\/media\/15730"}],"wp:attachment":[{"href":"https:\/\/platyphoto.com\/en\/wp-json\/wp\/v2\/media?parent=15727"}],"wp:term":[{"taxonomy":"product_brand","embeddable":true,"href":"https:\/\/platyphoto.com\/en\/wp-json\/wp\/v2\/product_brand?post=15727"},{"taxonomy":"product_cat","embeddable":true,"href":"https:\/\/platyphoto.com\/en\/wp-json\/wp\/v2\/product_cat?post=15727"},{"taxonomy":"product_tag","embeddable":true,"href":"https:\/\/platyphoto.com\/en\/wp-json\/wp\/v2\/product_tag?post=15727"}],"curies":[{"name":"wp","href":"https:\/\/api.w.org\/{rel}","templated":true}]}}