{"id":15747,"date":"2025-05-09T15:26:42","date_gmt":"2025-05-09T13:26:42","guid":{"rendered":"https:\/\/platyphoto.com\/?post_type=product&#038;p=15747"},"modified":"2025-05-10T10:41:15","modified_gmt":"2025-05-10T08:41:15","slug":"pentax-k-smc-100mm-f4-macro","status":"publish","type":"product","link":"https:\/\/platyphoto.com\/en\/product\/pentax-k-smc-100mm-f4-macro\/","title":{"rendered":"Pentax K SMC 100mm F:4 MACRO"},"content":{"rendered":"<p><strong>Marque<\/strong> : Pentax<\/p>\n<p><strong>Mod\u00e8le<\/strong> : SMC 100mm F:4 MACRO<\/p>\n<p><strong>Monture :<\/strong> Pentax K<\/p>\n<p>T\u00e9l\u00e9objectif de qualit\u00e9. Bel \u00e9tat g\u00e9n\u00e9ral, optique macro permettant une mise au point minimale \u00e0 45cm. A noter la pr\u00e9sence d&rsquo;une tr\u00e8s l\u00e9g\u00e8re brume juste derri\u00e8re la lentille frontale, sans incidence sur la qualit\u00e9 des images.<\/p>\n<p>100% fonctionnel.<\/p>","protected":false},"excerpt":{"rendered":"<p>Marque : Pentax Mod\u00e8le : SMC 100mm F:4 MACRO Monture : Pentax K T\u00e9l\u00e9objectif de qualit\u00e9. Bel \u00e9tat g\u00e9n\u00e9ral, optique macro permettant une mise au point minimale \u00e0 45cm. A noter la pr\u00e9sence d&rsquo;une tr\u00e8s l\u00e9g\u00e8re brume juste derri\u00e8re la lentille frontale, sans incidence sur la qualit\u00e9 des images. 100% fonctionnel.<\/p>","protected":false},"featured_media":15755,"template":"","meta":{"_coblocks_attr":"","_coblocks_dimensions":"","_coblocks_responsive_height":"","_coblocks_accordion_ie_support":"","_crdt_document":"","jetpack_post_was_ever_published":false,"jetpack_publicize_message":"","jetpack_publicize_feature_enabled":true,"jetpack_social_post_already_shared":true,"jetpack_social_options":{"image_generator_settings":{"template":"highway","default_image_id":0,"font":"","enabled":false},"version":2},"_wpas_customize_per_network":false},"product_brand":[],"product_cat":[6366,6371],"product_tag":[],"class_list":{"0":"post-15747","1":"product","2":"type-product","3":"status-publish","4":"has-post-thumbnail","6":"product_cat-objectifs","7":"product_cat-pentax-k","9":"first","10":"outofstock","11":"shipping-taxable","12":"purchasable","13":"product-type-simple"},"yoast_head":"<!-- This site is optimized with the Yoast SEO plugin v27.3 - https:\/\/yoast.com\/product\/yoast-seo-wordpress\/ -->\n<title>Pentax K SMC 100mm F:4 MACRO - Platyphoto<\/title>\n<meta name=\"description\" content=\"T\u00e9l\u00e9objectif de qualit\u00e9. Bel \u00e9tat g\u00e9n\u00e9ral, quelques micro poussi\u00e8res sans incidence sur la qualit\u00e9 des images. Mise au point fluide et agr\u00e9able, diaphragme ok.\" \/>\n<meta name=\"robots\" content=\"index, follow, max-snippet:-1, max-image-preview:large, max-video-preview:-1\" \/>\n<link rel=\"canonical\" href=\"https:\/\/platyphoto.com\/en\/product\/pentax-k-smc-100mm-f4-macro\/\" \/>\n<meta property=\"og:locale\" content=\"en_US\" \/>\n<meta property=\"og:type\" content=\"article\" \/>\n<meta property=\"og:title\" content=\"Pentax K SMC 100mm F:4 MACRO - Platyphoto\" \/>\n<meta property=\"og:description\" content=\"T\u00e9l\u00e9objectif de qualit\u00e9. Bel \u00e9tat g\u00e9n\u00e9ral, quelques micro poussi\u00e8res sans incidence sur la qualit\u00e9 des images. Mise au point fluide et agr\u00e9able, diaphragme ok.\" \/>\n<meta property=\"og:url\" content=\"https:\/\/platyphoto.com\/en\/product\/pentax-k-smc-100mm-f4-macro\/\" \/>\n<meta property=\"og:site_name\" content=\"Platyphoto\" \/>\n<meta property=\"article:modified_time\" content=\"2025-05-10T08:41:15+00:00\" \/>\n<meta property=\"og:image\" content=\"https:\/\/platyphoto.com\/wp-content\/uploads\/2025\/05\/Pentax-K-100mm-F4.jpg\" \/>\n\t<meta property=\"og:image:width\" content=\"4912\" \/>\n\t<meta property=\"og:image:height\" content=\"3264\" \/>\n\t<meta property=\"og:image:type\" content=\"image\/jpeg\" \/>\n<meta name=\"twitter:card\" content=\"summary_large_image\" \/>\n<meta name=\"twitter:label1\" content=\"Est. reading time\" \/>\n\t<meta name=\"twitter:data1\" content=\"1 minute\" \/>\n<script type=\"application\/ld+json\" class=\"yoast-schema-graph\">{\"@context\":\"https:\\\/\\\/schema.org\",\"@graph\":[{\"@type\":\"WebPage\",\"@id\":\"https:\\\/\\\/platyphoto.com\\\/produit\\\/pentax-k-smc-100mm-f4-macro\\\/\",\"url\":\"https:\\\/\\\/platyphoto.com\\\/produit\\\/pentax-k-smc-100mm-f4-macro\\\/\",\"name\":\"Pentax K SMC 100mm F:4 MACRO - Platyphoto\",\"isPartOf\":{\"@id\":\"https:\\\/\\\/platyphoto.com\\\/#website\"},\"primaryImageOfPage\":{\"@id\":\"https:\\\/\\\/platyphoto.com\\\/produit\\\/pentax-k-smc-100mm-f4-macro\\\/#primaryimage\"},\"image\":{\"@id\":\"https:\\\/\\\/platyphoto.com\\\/produit\\\/pentax-k-smc-100mm-f4-macro\\\/#primaryimage\"},\"thumbnailUrl\":\"https:\\\/\\\/i0.wp.com\\\/platyphoto.com\\\/wp-content\\\/uploads\\\/2025\\\/05\\\/Pentax-K-100mm-F4.jpg?fit=4912%2C3264&ssl=1\",\"datePublished\":\"2025-05-09T13:26:42+00:00\",\"dateModified\":\"2025-05-10T08:41:15+00:00\",\"description\":\"T\u00e9l\u00e9objectif de qualit\u00e9. Bel \u00e9tat g\u00e9n\u00e9ral, quelques micro poussi\u00e8res sans incidence sur la qualit\u00e9 des images. Mise au point fluide et agr\u00e9able, diaphragme ok.\",\"breadcrumb\":{\"@id\":\"https:\\\/\\\/platyphoto.com\\\/produit\\\/pentax-k-smc-100mm-f4-macro\\\/#breadcrumb\"},\"inLanguage\":\"en-US\",\"potentialAction\":[{\"@type\":\"ReadAction\",\"target\":[\"https:\\\/\\\/platyphoto.com\\\/produit\\\/pentax-k-smc-100mm-f4-macro\\\/\"]}]},{\"@type\":\"ImageObject\",\"inLanguage\":\"en-US\",\"@id\":\"https:\\\/\\\/platyphoto.com\\\/produit\\\/pentax-k-smc-100mm-f4-macro\\\/#primaryimage\",\"url\":\"https:\\\/\\\/i0.wp.com\\\/platyphoto.com\\\/wp-content\\\/uploads\\\/2025\\\/05\\\/Pentax-K-100mm-F4.jpg?fit=4912%2C3264&ssl=1\",\"contentUrl\":\"https:\\\/\\\/i0.wp.com\\\/platyphoto.com\\\/wp-content\\\/uploads\\\/2025\\\/05\\\/Pentax-K-100mm-F4.jpg?fit=4912%2C3264&ssl=1\",\"width\":4912,\"height\":3264,\"caption\":\"Pentax K SMC 100mm F:4 MACRO\"},{\"@type\":\"BreadcrumbList\",\"@id\":\"https:\\\/\\\/platyphoto.com\\\/produit\\\/pentax-k-smc-100mm-f4-macro\\\/#breadcrumb\",\"itemListElement\":[{\"@type\":\"ListItem\",\"position\":1,\"name\":\"Accueil\",\"item\":\"https:\\\/\\\/platyphoto.com\\\/\"},{\"@type\":\"ListItem\",\"position\":2,\"name\":\"Boutique\",\"item\":\"https:\\\/\\\/platyphoto.com\\\/boutique\\\/\"},{\"@type\":\"ListItem\",\"position\":3,\"name\":\"Pentax K SMC 100mm F:4 MACRO\"}]},{\"@type\":\"WebSite\",\"@id\":\"https:\\\/\\\/platyphoto.com\\\/#website\",\"url\":\"https:\\\/\\\/platyphoto.com\\\/\",\"name\":\"Platyphoto\",\"description\":\"Appareils photos argentiques, objectifs et accessoires de qualit\u00e9.\",\"publisher\":{\"@id\":\"https:\\\/\\\/platyphoto.com\\\/#organization\"},\"potentialAction\":[{\"@type\":\"SearchAction\",\"target\":{\"@type\":\"EntryPoint\",\"urlTemplate\":\"https:\\\/\\\/platyphoto.com\\\/?s={search_term_string}\"},\"query-input\":{\"@type\":\"PropertyValueSpecification\",\"valueRequired\":true,\"valueName\":\"search_term_string\"}}],\"inLanguage\":\"en-US\"},{\"@type\":\"Organization\",\"@id\":\"https:\\\/\\\/platyphoto.com\\\/#organization\",\"name\":\"Platyphoto\",\"alternateName\":\"Platyphoto\",\"url\":\"https:\\\/\\\/platyphoto.com\\\/\",\"logo\":{\"@type\":\"ImageObject\",\"inLanguage\":\"en-US\",\"@id\":\"https:\\\/\\\/platyphoto.com\\\/#\\\/schema\\\/logo\\\/image\\\/\",\"url\":\"https:\\\/\\\/i0.wp.com\\\/platyphoto.com\\\/wp-content\\\/uploads\\\/2020\\\/11\\\/cropped-header.jpg?fit=1500%2C282&ssl=1\",\"contentUrl\":\"https:\\\/\\\/i0.wp.com\\\/platyphoto.com\\\/wp-content\\\/uploads\\\/2020\\\/11\\\/cropped-header.jpg?fit=1500%2C282&ssl=1\",\"width\":1500,\"height\":282,\"caption\":\"Platyphoto\"},\"image\":{\"@id\":\"https:\\\/\\\/platyphoto.com\\\/#\\\/schema\\\/logo\\\/image\\\/\"},\"sameAs\":[\"https:\\\/\\\/www.instagram.com\\\/platyphoto\\\/\"]}]}<\/script>\n<!-- \/ Yoast SEO plugin. -->","yoast_head_json":{"title":"Pentax K SMC 100mm F:4 MACRO - Platyphoto","description":"T\u00e9l\u00e9objectif de qualit\u00e9. Bel \u00e9tat g\u00e9n\u00e9ral, quelques micro poussi\u00e8res sans incidence sur la qualit\u00e9 des images. Mise au point fluide et agr\u00e9able, diaphragme ok.","robots":{"index":"index","follow":"follow","max-snippet":"max-snippet:-1","max-image-preview":"max-image-preview:large","max-video-preview":"max-video-preview:-1"},"canonical":"https:\/\/platyphoto.com\/en\/product\/pentax-k-smc-100mm-f4-macro\/","og_locale":"en_US","og_type":"article","og_title":"Pentax K SMC 100mm F:4 MACRO - Platyphoto","og_description":"T\u00e9l\u00e9objectif de qualit\u00e9. Bel \u00e9tat g\u00e9n\u00e9ral, quelques micro poussi\u00e8res sans incidence sur la qualit\u00e9 des images. Mise au point fluide et agr\u00e9able, diaphragme ok.","og_url":"https:\/\/platyphoto.com\/en\/product\/pentax-k-smc-100mm-f4-macro\/","og_site_name":"Platyphoto","article_modified_time":"2025-05-10T08:41:15+00:00","og_image":[{"width":4912,"height":3264,"url":"https:\/\/platyphoto.com\/wp-content\/uploads\/2025\/05\/Pentax-K-100mm-F4.jpg","type":"image\/jpeg"}],"twitter_card":"summary_large_image","twitter_misc":{"Est. reading time":"1 minute"},"schema":{"@context":"https:\/\/schema.org","@graph":[{"@type":"WebPage","@id":"https:\/\/platyphoto.com\/produit\/pentax-k-smc-100mm-f4-macro\/","url":"https:\/\/platyphoto.com\/produit\/pentax-k-smc-100mm-f4-macro\/","name":"Pentax K SMC 100mm F:4 MACRO - Platyphoto","isPartOf":{"@id":"https:\/\/platyphoto.com\/#website"},"primaryImageOfPage":{"@id":"https:\/\/platyphoto.com\/produit\/pentax-k-smc-100mm-f4-macro\/#primaryimage"},"image":{"@id":"https:\/\/platyphoto.com\/produit\/pentax-k-smc-100mm-f4-macro\/#primaryimage"},"thumbnailUrl":"https:\/\/i0.wp.com\/platyphoto.com\/wp-content\/uploads\/2025\/05\/Pentax-K-100mm-F4.jpg?fit=4912%2C3264&ssl=1","datePublished":"2025-05-09T13:26:42+00:00","dateModified":"2025-05-10T08:41:15+00:00","description":"T\u00e9l\u00e9objectif de qualit\u00e9. Bel \u00e9tat g\u00e9n\u00e9ral, quelques micro poussi\u00e8res sans incidence sur la qualit\u00e9 des images. Mise au point fluide et agr\u00e9able, diaphragme ok.","breadcrumb":{"@id":"https:\/\/platyphoto.com\/produit\/pentax-k-smc-100mm-f4-macro\/#breadcrumb"},"inLanguage":"en-US","potentialAction":[{"@type":"ReadAction","target":["https:\/\/platyphoto.com\/produit\/pentax-k-smc-100mm-f4-macro\/"]}]},{"@type":"ImageObject","inLanguage":"en-US","@id":"https:\/\/platyphoto.com\/produit\/pentax-k-smc-100mm-f4-macro\/#primaryimage","url":"https:\/\/i0.wp.com\/platyphoto.com\/wp-content\/uploads\/2025\/05\/Pentax-K-100mm-F4.jpg?fit=4912%2C3264&ssl=1","contentUrl":"https:\/\/i0.wp.com\/platyphoto.com\/wp-content\/uploads\/2025\/05\/Pentax-K-100mm-F4.jpg?fit=4912%2C3264&ssl=1","width":4912,"height":3264,"caption":"Pentax K SMC 100mm F:4 MACRO"},{"@type":"BreadcrumbList","@id":"https:\/\/platyphoto.com\/produit\/pentax-k-smc-100mm-f4-macro\/#breadcrumb","itemListElement":[{"@type":"ListItem","position":1,"name":"Accueil","item":"https:\/\/platyphoto.com\/"},{"@type":"ListItem","position":2,"name":"Boutique","item":"https:\/\/platyphoto.com\/boutique\/"},{"@type":"ListItem","position":3,"name":"Pentax K SMC 100mm F:4 MACRO"}]},{"@type":"WebSite","@id":"https:\/\/platyphoto.com\/#website","url":"https:\/\/platyphoto.com\/","name":"Platyphoto","description":"Appareils photos argentiques, objectifs et accessoires de qualit\u00e9.","publisher":{"@id":"https:\/\/platyphoto.com\/#organization"},"potentialAction":[{"@type":"SearchAction","target":{"@type":"EntryPoint","urlTemplate":"https:\/\/platyphoto.com\/?s={search_term_string}"},"query-input":{"@type":"PropertyValueSpecification","valueRequired":true,"valueName":"search_term_string"}}],"inLanguage":"en-US"},{"@type":"Organization","@id":"https:\/\/platyphoto.com\/#organization","name":"Platyphoto","alternateName":"Platyphoto","url":"https:\/\/platyphoto.com\/","logo":{"@type":"ImageObject","inLanguage":"en-US","@id":"https:\/\/platyphoto.com\/#\/schema\/logo\/image\/","url":"https:\/\/i0.wp.com\/platyphoto.com\/wp-content\/uploads\/2020\/11\/cropped-header.jpg?fit=1500%2C282&ssl=1","contentUrl":"https:\/\/i0.wp.com\/platyphoto.com\/wp-content\/uploads\/2020\/11\/cropped-header.jpg?fit=1500%2C282&ssl=1","width":1500,"height":282,"caption":"Platyphoto"},"image":{"@id":"https:\/\/platyphoto.com\/#\/schema\/logo\/image\/"},"sameAs":["https:\/\/www.instagram.com\/platyphoto\/"]}]}},"jetpack_publicize_connections":[],"jetpack_likes_enabled":false,"jetpack_sharing_enabled":true,"_links":{"self":[{"href":"https:\/\/platyphoto.com\/en\/wp-json\/wp\/v2\/product\/15747","targetHints":{"allow":["GET"]}}],"collection":[{"href":"https:\/\/platyphoto.com\/en\/wp-json\/wp\/v2\/product"}],"about":[{"href":"https:\/\/platyphoto.com\/en\/wp-json\/wp\/v2\/types\/product"}],"wp:featuredmedia":[{"embeddable":true,"href":"https:\/\/platyphoto.com\/en\/wp-json\/wp\/v2\/media\/15755"}],"wp:attachment":[{"href":"https:\/\/platyphoto.com\/en\/wp-json\/wp\/v2\/media?parent=15747"}],"wp:term":[{"taxonomy":"product_brand","embeddable":true,"href":"https:\/\/platyphoto.com\/en\/wp-json\/wp\/v2\/product_brand?post=15747"},{"taxonomy":"product_cat","embeddable":true,"href":"https:\/\/platyphoto.com\/en\/wp-json\/wp\/v2\/product_cat?post=15747"},{"taxonomy":"product_tag","embeddable":true,"href":"https:\/\/platyphoto.com\/en\/wp-json\/wp\/v2\/product_tag?post=15747"}],"curies":[{"name":"wp","href":"https:\/\/api.w.org\/{rel}","templated":true}]}}