{"id":15850,"date":"2025-05-19T17:55:19","date_gmt":"2025-05-19T15:55:19","guid":{"rendered":"https:\/\/platyphoto.com\/?post_type=product&#038;p=15850"},"modified":"2025-05-23T11:01:50","modified_gmt":"2025-05-23T09:01:50","slug":"panasonic-lumix-dmc-tz55-16mpx","status":"publish","type":"product","link":"https:\/\/platyphoto.com\/en\/product\/panasonic-lumix-dmc-tz55-16mpx\/","title":{"rendered":"Panasonic Lumix DMC-TZ55 16mpx"},"content":{"rendered":"<p><strong>Marque<\/strong> : Panasonic<\/p>\n<p><strong>Mod\u00e8le<\/strong> : Lumix DMC-TZ55<\/p>\n<p><strong>Objectif<\/strong> : 4.3-86mm F:3.3-6.4<\/p>\n<p><strong>D\u00e9finition<\/strong> : 16 millions de pixels<\/p>\n<p><strong>Piles : <\/strong>Batterie (fournie)<\/p>\n<p>Appareil photo num\u00e9rique tr\u00e8s sympa Panasonic Lumix DMC-TZ55, divers modes de prises de vues, auto, semi auto, manuel et sc\u00e8nes. Mode vid\u00e9o. Bon \u00e9tat g\u00e9n\u00e9ral. Performant, grand \u00e9cran inclinable agr\u00e9able \u00e0 utiliser, il est muni d&rsquo;une fonction wi-fi de transfert d&rsquo;images entre l&rsquo;appareil et un PC ou un Smartphone. Super compagnon de voyage, l\u00e9ger et simple d&rsquo;utilisation. L\u00e9g\u00e8res et peu nombreuses rayures sur l&rsquo;\u00e9cran. Int\u00e9ressant pour vlog !<\/p>\n<p>Vendu avec chargeur et carte sd 16go (2687 photos en r\u00e9solution max).<\/p>\n<p>100% fonctionnel, parfait pour accompagner vos soir\u00e9es, voyages, concerts ect..<\/p>\n<p>&nbsp;<\/p>","protected":false},"excerpt":{"rendered":"<p>Marque : Panasonic Mod\u00e8le : Lumix DMC-TZ55 Objectif : 4.3-86mm F:3.3-6.4 D\u00e9finition : 16 millions de pixels Piles : Batterie (fournie) Appareil photo num\u00e9rique tr\u00e8s sympa Panasonic Lumix DMC-TZ55, divers modes de prises de vues, auto, semi auto, manuel et sc\u00e8nes. Mode vid\u00e9o. Bon \u00e9tat g\u00e9n\u00e9ral. Performant, grand \u00e9cran inclinable agr\u00e9able \u00e0 utiliser, il est [&hellip;]<\/p>\n","protected":false},"featured_media":15855,"template":"","meta":{"_coblocks_attr":"","_coblocks_dimensions":"","_coblocks_responsive_height":"","_coblocks_accordion_ie_support":"","_crdt_document":"","jetpack_post_was_ever_published":false,"jetpack_publicize_message":"","jetpack_publicize_feature_enabled":true,"jetpack_social_post_already_shared":true,"jetpack_social_options":{"image_generator_settings":{"template":"highway","default_image_id":0,"font":"","enabled":false},"version":2},"_wpas_customize_per_network":false},"product_brand":[],"product_cat":[6349,6545],"product_tag":[],"class_list":{"0":"post-15850","1":"product","2":"type-product","3":"status-publish","4":"has-post-thumbnail","6":"product_cat-appareils","7":"product_cat-numeriques","9":"first","10":"outofstock","11":"shipping-taxable","12":"purchasable","13":"product-type-simple"},"yoast_head":"<!-- This site is optimized with the Yoast SEO plugin v27.3 - https:\/\/yoast.com\/product\/yoast-seo-wordpress\/ -->\n<title>Panasonic Lumix DMC-TZ55 16mpx - Platyphoto<\/title>\n<meta name=\"description\" content=\"Appareil photo num\u00e9rique tr\u00e8s sympa Panasonic Lumix DMC-TZ55, divers modes de prises de vues, auto, semi auto, manuel et sc\u00e8nes. Mode vid\u00e9o. Bon \u00e9tat g\u00e9n\u00e9ral\" \/>\n<meta name=\"robots\" content=\"index, follow, max-snippet:-1, max-image-preview:large, max-video-preview:-1\" \/>\n<link rel=\"canonical\" href=\"https:\/\/platyphoto.com\/en\/product\/panasonic-lumix-dmc-tz55-16mpx\/\" \/>\n<meta property=\"og:locale\" content=\"en_US\" \/>\n<meta property=\"og:type\" content=\"article\" \/>\n<meta property=\"og:title\" content=\"Panasonic Lumix DMC-TZ55 16mpx - Platyphoto\" \/>\n<meta property=\"og:description\" content=\"Appareil photo num\u00e9rique tr\u00e8s sympa Panasonic Lumix DMC-TZ55, divers modes de prises de vues, auto, semi auto, manuel et sc\u00e8nes. Mode vid\u00e9o. Bon \u00e9tat g\u00e9n\u00e9ral\" \/>\n<meta property=\"og:url\" content=\"https:\/\/platyphoto.com\/en\/product\/panasonic-lumix-dmc-tz55-16mpx\/\" \/>\n<meta property=\"og:site_name\" content=\"Platyphoto\" \/>\n<meta property=\"article:modified_time\" content=\"2025-05-23T09:01:50+00:00\" \/>\n<meta property=\"og:image\" content=\"https:\/\/platyphoto.com\/wp-content\/uploads\/2025\/05\/Lumix-TZ55.jpg\" \/>\n\t<meta property=\"og:image:width\" content=\"3913\" \/>\n\t<meta property=\"og:image:height\" content=\"2600\" \/>\n\t<meta property=\"og:image:type\" content=\"image\/jpeg\" \/>\n<meta name=\"twitter:card\" content=\"summary_large_image\" \/>\n<meta name=\"twitter:label1\" content=\"Est. reading time\" \/>\n\t<meta name=\"twitter:data1\" content=\"1 minute\" \/>\n<script type=\"application\/ld+json\" class=\"yoast-schema-graph\">{\"@context\":\"https:\\\/\\\/schema.org\",\"@graph\":[{\"@type\":\"WebPage\",\"@id\":\"https:\\\/\\\/platyphoto.com\\\/produit\\\/panasonic-lumix-dmc-tz55-16mpx\\\/\",\"url\":\"https:\\\/\\\/platyphoto.com\\\/produit\\\/panasonic-lumix-dmc-tz55-16mpx\\\/\",\"name\":\"Panasonic Lumix DMC-TZ55 16mpx - Platyphoto\",\"isPartOf\":{\"@id\":\"https:\\\/\\\/platyphoto.com\\\/#website\"},\"primaryImageOfPage\":{\"@id\":\"https:\\\/\\\/platyphoto.com\\\/produit\\\/panasonic-lumix-dmc-tz55-16mpx\\\/#primaryimage\"},\"image\":{\"@id\":\"https:\\\/\\\/platyphoto.com\\\/produit\\\/panasonic-lumix-dmc-tz55-16mpx\\\/#primaryimage\"},\"thumbnailUrl\":\"https:\\\/\\\/i0.wp.com\\\/platyphoto.com\\\/wp-content\\\/uploads\\\/2025\\\/05\\\/Lumix-TZ55.jpg?fit=3913%2C2600&ssl=1\",\"datePublished\":\"2025-05-19T15:55:19+00:00\",\"dateModified\":\"2025-05-23T09:01:50+00:00\",\"description\":\"Appareil photo num\u00e9rique tr\u00e8s sympa Panasonic Lumix DMC-TZ55, divers modes de prises de vues, auto, semi auto, manuel et sc\u00e8nes. Mode vid\u00e9o. Bon \u00e9tat g\u00e9n\u00e9ral\",\"breadcrumb\":{\"@id\":\"https:\\\/\\\/platyphoto.com\\\/produit\\\/panasonic-lumix-dmc-tz55-16mpx\\\/#breadcrumb\"},\"inLanguage\":\"en-US\",\"potentialAction\":[{\"@type\":\"ReadAction\",\"target\":[\"https:\\\/\\\/platyphoto.com\\\/produit\\\/panasonic-lumix-dmc-tz55-16mpx\\\/\"]}]},{\"@type\":\"ImageObject\",\"inLanguage\":\"en-US\",\"@id\":\"https:\\\/\\\/platyphoto.com\\\/produit\\\/panasonic-lumix-dmc-tz55-16mpx\\\/#primaryimage\",\"url\":\"https:\\\/\\\/i0.wp.com\\\/platyphoto.com\\\/wp-content\\\/uploads\\\/2025\\\/05\\\/Lumix-TZ55.jpg?fit=3913%2C2600&ssl=1\",\"contentUrl\":\"https:\\\/\\\/i0.wp.com\\\/platyphoto.com\\\/wp-content\\\/uploads\\\/2025\\\/05\\\/Lumix-TZ55.jpg?fit=3913%2C2600&ssl=1\",\"width\":3913,\"height\":2600,\"caption\":\"Panasonic Lumix DMC-TZ55 16mpx\"},{\"@type\":\"BreadcrumbList\",\"@id\":\"https:\\\/\\\/platyphoto.com\\\/produit\\\/panasonic-lumix-dmc-tz55-16mpx\\\/#breadcrumb\",\"itemListElement\":[{\"@type\":\"ListItem\",\"position\":1,\"name\":\"Accueil\",\"item\":\"https:\\\/\\\/platyphoto.com\\\/\"},{\"@type\":\"ListItem\",\"position\":2,\"name\":\"Boutique\",\"item\":\"https:\\\/\\\/platyphoto.com\\\/boutique\\\/\"},{\"@type\":\"ListItem\",\"position\":3,\"name\":\"Panasonic Lumix DMC-TZ55 16mpx\"}]},{\"@type\":\"WebSite\",\"@id\":\"https:\\\/\\\/platyphoto.com\\\/#website\",\"url\":\"https:\\\/\\\/platyphoto.com\\\/\",\"name\":\"Platyphoto\",\"description\":\"Appareils photos argentiques, objectifs et accessoires de qualit\u00e9.\",\"publisher\":{\"@id\":\"https:\\\/\\\/platyphoto.com\\\/#organization\"},\"potentialAction\":[{\"@type\":\"SearchAction\",\"target\":{\"@type\":\"EntryPoint\",\"urlTemplate\":\"https:\\\/\\\/platyphoto.com\\\/?s={search_term_string}\"},\"query-input\":{\"@type\":\"PropertyValueSpecification\",\"valueRequired\":true,\"valueName\":\"search_term_string\"}}],\"inLanguage\":\"en-US\"},{\"@type\":\"Organization\",\"@id\":\"https:\\\/\\\/platyphoto.com\\\/#organization\",\"name\":\"Platyphoto\",\"alternateName\":\"Platyphoto\",\"url\":\"https:\\\/\\\/platyphoto.com\\\/\",\"logo\":{\"@type\":\"ImageObject\",\"inLanguage\":\"en-US\",\"@id\":\"https:\\\/\\\/platyphoto.com\\\/#\\\/schema\\\/logo\\\/image\\\/\",\"url\":\"https:\\\/\\\/i0.wp.com\\\/platyphoto.com\\\/wp-content\\\/uploads\\\/2020\\\/11\\\/cropped-header.jpg?fit=1500%2C282&ssl=1\",\"contentUrl\":\"https:\\\/\\\/i0.wp.com\\\/platyphoto.com\\\/wp-content\\\/uploads\\\/2020\\\/11\\\/cropped-header.jpg?fit=1500%2C282&ssl=1\",\"width\":1500,\"height\":282,\"caption\":\"Platyphoto\"},\"image\":{\"@id\":\"https:\\\/\\\/platyphoto.com\\\/#\\\/schema\\\/logo\\\/image\\\/\"},\"sameAs\":[\"https:\\\/\\\/www.instagram.com\\\/platyphoto\\\/\"]}]}<\/script>\n<!-- \/ Yoast SEO plugin. -->","yoast_head_json":{"title":"Panasonic Lumix DMC-TZ55 16mpx - Platyphoto","description":"Appareil photo num\u00e9rique tr\u00e8s sympa Panasonic Lumix DMC-TZ55, divers modes de prises de vues, auto, semi auto, manuel et sc\u00e8nes. Mode vid\u00e9o. Bon \u00e9tat g\u00e9n\u00e9ral","robots":{"index":"index","follow":"follow","max-snippet":"max-snippet:-1","max-image-preview":"max-image-preview:large","max-video-preview":"max-video-preview:-1"},"canonical":"https:\/\/platyphoto.com\/en\/product\/panasonic-lumix-dmc-tz55-16mpx\/","og_locale":"en_US","og_type":"article","og_title":"Panasonic Lumix DMC-TZ55 16mpx - Platyphoto","og_description":"Appareil photo num\u00e9rique tr\u00e8s sympa Panasonic Lumix DMC-TZ55, divers modes de prises de vues, auto, semi auto, manuel et sc\u00e8nes. Mode vid\u00e9o. Bon \u00e9tat g\u00e9n\u00e9ral","og_url":"https:\/\/platyphoto.com\/en\/product\/panasonic-lumix-dmc-tz55-16mpx\/","og_site_name":"Platyphoto","article_modified_time":"2025-05-23T09:01:50+00:00","og_image":[{"width":3913,"height":2600,"url":"https:\/\/platyphoto.com\/wp-content\/uploads\/2025\/05\/Lumix-TZ55.jpg","type":"image\/jpeg"}],"twitter_card":"summary_large_image","twitter_misc":{"Est. reading time":"1 minute"},"schema":{"@context":"https:\/\/schema.org","@graph":[{"@type":"WebPage","@id":"https:\/\/platyphoto.com\/produit\/panasonic-lumix-dmc-tz55-16mpx\/","url":"https:\/\/platyphoto.com\/produit\/panasonic-lumix-dmc-tz55-16mpx\/","name":"Panasonic Lumix DMC-TZ55 16mpx - Platyphoto","isPartOf":{"@id":"https:\/\/platyphoto.com\/#website"},"primaryImageOfPage":{"@id":"https:\/\/platyphoto.com\/produit\/panasonic-lumix-dmc-tz55-16mpx\/#primaryimage"},"image":{"@id":"https:\/\/platyphoto.com\/produit\/panasonic-lumix-dmc-tz55-16mpx\/#primaryimage"},"thumbnailUrl":"https:\/\/i0.wp.com\/platyphoto.com\/wp-content\/uploads\/2025\/05\/Lumix-TZ55.jpg?fit=3913%2C2600&ssl=1","datePublished":"2025-05-19T15:55:19+00:00","dateModified":"2025-05-23T09:01:50+00:00","description":"Appareil photo num\u00e9rique tr\u00e8s sympa Panasonic Lumix DMC-TZ55, divers modes de prises de vues, auto, semi auto, manuel et sc\u00e8nes. Mode vid\u00e9o. Bon \u00e9tat g\u00e9n\u00e9ral","breadcrumb":{"@id":"https:\/\/platyphoto.com\/produit\/panasonic-lumix-dmc-tz55-16mpx\/#breadcrumb"},"inLanguage":"en-US","potentialAction":[{"@type":"ReadAction","target":["https:\/\/platyphoto.com\/produit\/panasonic-lumix-dmc-tz55-16mpx\/"]}]},{"@type":"ImageObject","inLanguage":"en-US","@id":"https:\/\/platyphoto.com\/produit\/panasonic-lumix-dmc-tz55-16mpx\/#primaryimage","url":"https:\/\/i0.wp.com\/platyphoto.com\/wp-content\/uploads\/2025\/05\/Lumix-TZ55.jpg?fit=3913%2C2600&ssl=1","contentUrl":"https:\/\/i0.wp.com\/platyphoto.com\/wp-content\/uploads\/2025\/05\/Lumix-TZ55.jpg?fit=3913%2C2600&ssl=1","width":3913,"height":2600,"caption":"Panasonic Lumix DMC-TZ55 16mpx"},{"@type":"BreadcrumbList","@id":"https:\/\/platyphoto.com\/produit\/panasonic-lumix-dmc-tz55-16mpx\/#breadcrumb","itemListElement":[{"@type":"ListItem","position":1,"name":"Accueil","item":"https:\/\/platyphoto.com\/"},{"@type":"ListItem","position":2,"name":"Boutique","item":"https:\/\/platyphoto.com\/boutique\/"},{"@type":"ListItem","position":3,"name":"Panasonic Lumix DMC-TZ55 16mpx"}]},{"@type":"WebSite","@id":"https:\/\/platyphoto.com\/#website","url":"https:\/\/platyphoto.com\/","name":"Platyphoto","description":"Appareils photos argentiques, objectifs et accessoires de qualit\u00e9.","publisher":{"@id":"https:\/\/platyphoto.com\/#organization"},"potentialAction":[{"@type":"SearchAction","target":{"@type":"EntryPoint","urlTemplate":"https:\/\/platyphoto.com\/?s={search_term_string}"},"query-input":{"@type":"PropertyValueSpecification","valueRequired":true,"valueName":"search_term_string"}}],"inLanguage":"en-US"},{"@type":"Organization","@id":"https:\/\/platyphoto.com\/#organization","name":"Platyphoto","alternateName":"Platyphoto","url":"https:\/\/platyphoto.com\/","logo":{"@type":"ImageObject","inLanguage":"en-US","@id":"https:\/\/platyphoto.com\/#\/schema\/logo\/image\/","url":"https:\/\/i0.wp.com\/platyphoto.com\/wp-content\/uploads\/2020\/11\/cropped-header.jpg?fit=1500%2C282&ssl=1","contentUrl":"https:\/\/i0.wp.com\/platyphoto.com\/wp-content\/uploads\/2020\/11\/cropped-header.jpg?fit=1500%2C282&ssl=1","width":1500,"height":282,"caption":"Platyphoto"},"image":{"@id":"https:\/\/platyphoto.com\/#\/schema\/logo\/image\/"},"sameAs":["https:\/\/www.instagram.com\/platyphoto\/"]}]}},"jetpack_publicize_connections":[],"jetpack_likes_enabled":false,"jetpack_sharing_enabled":true,"_links":{"self":[{"href":"https:\/\/platyphoto.com\/en\/wp-json\/wp\/v2\/product\/15850","targetHints":{"allow":["GET"]}}],"collection":[{"href":"https:\/\/platyphoto.com\/en\/wp-json\/wp\/v2\/product"}],"about":[{"href":"https:\/\/platyphoto.com\/en\/wp-json\/wp\/v2\/types\/product"}],"wp:featuredmedia":[{"embeddable":true,"href":"https:\/\/platyphoto.com\/en\/wp-json\/wp\/v2\/media\/15855"}],"wp:attachment":[{"href":"https:\/\/platyphoto.com\/en\/wp-json\/wp\/v2\/media?parent=15850"}],"wp:term":[{"taxonomy":"product_brand","embeddable":true,"href":"https:\/\/platyphoto.com\/en\/wp-json\/wp\/v2\/product_brand?post=15850"},{"taxonomy":"product_cat","embeddable":true,"href":"https:\/\/platyphoto.com\/en\/wp-json\/wp\/v2\/product_cat?post=15850"},{"taxonomy":"product_tag","embeddable":true,"href":"https:\/\/platyphoto.com\/en\/wp-json\/wp\/v2\/product_tag?post=15850"}],"curies":[{"name":"wp","href":"https:\/\/api.w.org\/{rel}","templated":true}]}}