{"id":15860,"date":"2025-05-19T18:46:12","date_gmt":"2025-05-19T16:46:12","guid":{"rendered":"https:\/\/platyphoto.com\/?post_type=product&#038;p=15860"},"modified":"2025-06-11T12:14:18","modified_gmt":"2025-06-11T10:14:18","slug":"canon-ixus-190-20mpx","status":"publish","type":"product","link":"https:\/\/platyphoto.com\/en\/product\/canon-ixus-190-20mpx\/","title":{"rendered":"Canon Ixus 190 20mpx"},"content":{"rendered":"<p><strong>Marque<\/strong> : Canon<\/p>\n<p><strong>Mod\u00e8le<\/strong> : Ixus 190<\/p>\n<p><strong>Objectif<\/strong> : 4.3-43mm F:3-6.9<\/p>\n<p><strong>D\u00e9finition<\/strong> : 20 millions de pixels<\/p>\n<p><strong>Piles : <\/strong>Batterie sp\u00e9cifique, neuve, fournie<\/p>\n<p>Tr\u00e8s sympathique appareil photo num\u00e9rique num\u00e9rique Canon Ixus 190 20mpx, compact et polyvalent, vendu avec chargeur (non officiel) et carte sd 16go (5898 photos en qualit\u00e9 max). Divers modes de prises de vues, mode vid\u00e9o ect.. Flash int\u00e9gr\u00e9.<\/p>\n<p>R\u00e9actif et dot\u00e9 d\u2019un grand \u00e9cran, cet appareil est un super compagnon pour vos photos de soir\u00e9es, concert, voyages ect\u2026 dispose d\u2019un mode de transfert wifi directement sur PC ou smartphone.<\/p>\n<p>L\u00e9g\u00e8res traces d\u2019usages sur l\u2019\u00e9cran.<\/p>\n<p>Garanti 3 mois<\/p>","protected":false},"excerpt":{"rendered":"<p>Marque : Canon Mod\u00e8le : Ixus 190 Objectif : 4.3-43mm F:3-6.9 D\u00e9finition : 20 millions de pixels Piles : Batterie sp\u00e9cifique, neuve, fournie Tr\u00e8s sympathique appareil photo num\u00e9rique num\u00e9rique Canon Ixus 190 20mpx, compact et polyvalent, vendu avec chargeur (non officiel) et carte sd 16go (5898 photos en qualit\u00e9 max). Divers modes de prises de [&hellip;]<\/p>\n","protected":false},"featured_media":15863,"template":"","meta":{"_coblocks_attr":"","_coblocks_dimensions":"","_coblocks_responsive_height":"","_coblocks_accordion_ie_support":"","_crdt_document":"","jetpack_post_was_ever_published":false,"jetpack_publicize_message":"","jetpack_publicize_feature_enabled":true,"jetpack_social_post_already_shared":true,"jetpack_social_options":{"image_generator_settings":{"template":"highway","default_image_id":0,"font":"","enabled":false},"version":2},"_wpas_customize_per_network":false},"product_brand":[],"product_cat":[6349,6545],"product_tag":[],"class_list":{"0":"post-15860","1":"product","2":"type-product","3":"status-publish","4":"has-post-thumbnail","6":"product_cat-appareils","7":"product_cat-numeriques","9":"first","10":"outofstock","11":"shipping-taxable","12":"purchasable","13":"product-type-simple"},"yoast_head":"<!-- This site is optimized with the Yoast SEO plugin v27.3 - https:\/\/yoast.com\/product\/yoast-seo-wordpress\/ -->\n<title>Canon Ixus 190 20mpx - Platyphoto<\/title>\n<meta name=\"description\" content=\"Tr\u00e8s sympathique appareil photo num\u00e9rique num\u00e9rique Canon Ixus 190 20mpx, compact et polyvalent, vendu avec chargeur (non officiel) et carte sd 16go (5898 photos en qualit\u00e9 max).\" \/>\n<meta name=\"robots\" content=\"index, follow, max-snippet:-1, max-image-preview:large, max-video-preview:-1\" \/>\n<link rel=\"canonical\" href=\"https:\/\/platyphoto.com\/en\/product\/canon-ixus-190-20mpx\/\" \/>\n<meta property=\"og:locale\" content=\"en_US\" \/>\n<meta property=\"og:type\" content=\"article\" \/>\n<meta property=\"og:title\" content=\"Canon Ixus 190 20mpx - Platyphoto\" \/>\n<meta property=\"og:description\" content=\"Tr\u00e8s sympathique appareil photo num\u00e9rique num\u00e9rique Canon Ixus 190 20mpx, compact et polyvalent, vendu avec chargeur (non officiel) et carte sd 16go (5898 photos en qualit\u00e9 max).\" \/>\n<meta property=\"og:url\" content=\"https:\/\/platyphoto.com\/en\/product\/canon-ixus-190-20mpx\/\" \/>\n<meta property=\"og:site_name\" content=\"Platyphoto\" \/>\n<meta property=\"article:modified_time\" content=\"2025-06-11T10:14:18+00:00\" \/>\n<meta property=\"og:image\" content=\"https:\/\/platyphoto.com\/wp-content\/uploads\/2025\/05\/Canon-Ixus-190.jpg\" \/>\n\t<meta property=\"og:image:width\" content=\"3980\" \/>\n\t<meta property=\"og:image:height\" content=\"2645\" \/>\n\t<meta property=\"og:image:type\" content=\"image\/jpeg\" \/>\n<meta name=\"twitter:card\" content=\"summary_large_image\" \/>\n<meta name=\"twitter:label1\" content=\"Est. reading time\" \/>\n\t<meta name=\"twitter:data1\" content=\"1 minute\" \/>\n<script type=\"application\/ld+json\" class=\"yoast-schema-graph\">{\"@context\":\"https:\\\/\\\/schema.org\",\"@graph\":[{\"@type\":\"WebPage\",\"@id\":\"https:\\\/\\\/platyphoto.com\\\/produit\\\/canon-ixus-190-20mpx\\\/\",\"url\":\"https:\\\/\\\/platyphoto.com\\\/produit\\\/canon-ixus-190-20mpx\\\/\",\"name\":\"Canon Ixus 190 20mpx - Platyphoto\",\"isPartOf\":{\"@id\":\"https:\\\/\\\/platyphoto.com\\\/#website\"},\"primaryImageOfPage\":{\"@id\":\"https:\\\/\\\/platyphoto.com\\\/produit\\\/canon-ixus-190-20mpx\\\/#primaryimage\"},\"image\":{\"@id\":\"https:\\\/\\\/platyphoto.com\\\/produit\\\/canon-ixus-190-20mpx\\\/#primaryimage\"},\"thumbnailUrl\":\"https:\\\/\\\/i0.wp.com\\\/platyphoto.com\\\/wp-content\\\/uploads\\\/2025\\\/05\\\/Canon-Ixus-190.jpg?fit=3980%2C2645&ssl=1\",\"datePublished\":\"2025-05-19T16:46:12+00:00\",\"dateModified\":\"2025-06-11T10:14:18+00:00\",\"description\":\"Tr\u00e8s sympathique appareil photo num\u00e9rique num\u00e9rique Canon Ixus 190 20mpx, compact et polyvalent, vendu avec chargeur (non officiel) et carte sd 16go (5898 photos en qualit\u00e9 max).\",\"breadcrumb\":{\"@id\":\"https:\\\/\\\/platyphoto.com\\\/produit\\\/canon-ixus-190-20mpx\\\/#breadcrumb\"},\"inLanguage\":\"en-US\",\"potentialAction\":[{\"@type\":\"ReadAction\",\"target\":[\"https:\\\/\\\/platyphoto.com\\\/produit\\\/canon-ixus-190-20mpx\\\/\"]}]},{\"@type\":\"ImageObject\",\"inLanguage\":\"en-US\",\"@id\":\"https:\\\/\\\/platyphoto.com\\\/produit\\\/canon-ixus-190-20mpx\\\/#primaryimage\",\"url\":\"https:\\\/\\\/i0.wp.com\\\/platyphoto.com\\\/wp-content\\\/uploads\\\/2025\\\/05\\\/Canon-Ixus-190.jpg?fit=3980%2C2645&ssl=1\",\"contentUrl\":\"https:\\\/\\\/i0.wp.com\\\/platyphoto.com\\\/wp-content\\\/uploads\\\/2025\\\/05\\\/Canon-Ixus-190.jpg?fit=3980%2C2645&ssl=1\",\"width\":3980,\"height\":2645,\"caption\":\"Canon Ixus 190 20mpx\"},{\"@type\":\"BreadcrumbList\",\"@id\":\"https:\\\/\\\/platyphoto.com\\\/produit\\\/canon-ixus-190-20mpx\\\/#breadcrumb\",\"itemListElement\":[{\"@type\":\"ListItem\",\"position\":1,\"name\":\"Accueil\",\"item\":\"https:\\\/\\\/platyphoto.com\\\/\"},{\"@type\":\"ListItem\",\"position\":2,\"name\":\"Boutique\",\"item\":\"https:\\\/\\\/platyphoto.com\\\/boutique\\\/\"},{\"@type\":\"ListItem\",\"position\":3,\"name\":\"Canon Ixus 190 20mpx\"}]},{\"@type\":\"WebSite\",\"@id\":\"https:\\\/\\\/platyphoto.com\\\/#website\",\"url\":\"https:\\\/\\\/platyphoto.com\\\/\",\"name\":\"Platyphoto\",\"description\":\"Appareils photos argentiques, objectifs et accessoires de qualit\u00e9.\",\"publisher\":{\"@id\":\"https:\\\/\\\/platyphoto.com\\\/#organization\"},\"potentialAction\":[{\"@type\":\"SearchAction\",\"target\":{\"@type\":\"EntryPoint\",\"urlTemplate\":\"https:\\\/\\\/platyphoto.com\\\/?s={search_term_string}\"},\"query-input\":{\"@type\":\"PropertyValueSpecification\",\"valueRequired\":true,\"valueName\":\"search_term_string\"}}],\"inLanguage\":\"en-US\"},{\"@type\":\"Organization\",\"@id\":\"https:\\\/\\\/platyphoto.com\\\/#organization\",\"name\":\"Platyphoto\",\"alternateName\":\"Platyphoto\",\"url\":\"https:\\\/\\\/platyphoto.com\\\/\",\"logo\":{\"@type\":\"ImageObject\",\"inLanguage\":\"en-US\",\"@id\":\"https:\\\/\\\/platyphoto.com\\\/#\\\/schema\\\/logo\\\/image\\\/\",\"url\":\"https:\\\/\\\/i0.wp.com\\\/platyphoto.com\\\/wp-content\\\/uploads\\\/2020\\\/11\\\/cropped-header.jpg?fit=1500%2C282&ssl=1\",\"contentUrl\":\"https:\\\/\\\/i0.wp.com\\\/platyphoto.com\\\/wp-content\\\/uploads\\\/2020\\\/11\\\/cropped-header.jpg?fit=1500%2C282&ssl=1\",\"width\":1500,\"height\":282,\"caption\":\"Platyphoto\"},\"image\":{\"@id\":\"https:\\\/\\\/platyphoto.com\\\/#\\\/schema\\\/logo\\\/image\\\/\"},\"sameAs\":[\"https:\\\/\\\/www.instagram.com\\\/platyphoto\\\/\"]}]}<\/script>\n<!-- \/ Yoast SEO plugin. -->","yoast_head_json":{"title":"Canon Ixus 190 20mpx - Platyphoto","description":"Tr\u00e8s sympathique appareil photo num\u00e9rique num\u00e9rique Canon Ixus 190 20mpx, compact et polyvalent, vendu avec chargeur (non officiel) et carte sd 16go (5898 photos en qualit\u00e9 max).","robots":{"index":"index","follow":"follow","max-snippet":"max-snippet:-1","max-image-preview":"max-image-preview:large","max-video-preview":"max-video-preview:-1"},"canonical":"https:\/\/platyphoto.com\/en\/product\/canon-ixus-190-20mpx\/","og_locale":"en_US","og_type":"article","og_title":"Canon Ixus 190 20mpx - Platyphoto","og_description":"Tr\u00e8s sympathique appareil photo num\u00e9rique num\u00e9rique Canon Ixus 190 20mpx, compact et polyvalent, vendu avec chargeur (non officiel) et carte sd 16go (5898 photos en qualit\u00e9 max).","og_url":"https:\/\/platyphoto.com\/en\/product\/canon-ixus-190-20mpx\/","og_site_name":"Platyphoto","article_modified_time":"2025-06-11T10:14:18+00:00","og_image":[{"width":3980,"height":2645,"url":"https:\/\/platyphoto.com\/wp-content\/uploads\/2025\/05\/Canon-Ixus-190.jpg","type":"image\/jpeg"}],"twitter_card":"summary_large_image","twitter_misc":{"Est. reading time":"1 minute"},"schema":{"@context":"https:\/\/schema.org","@graph":[{"@type":"WebPage","@id":"https:\/\/platyphoto.com\/produit\/canon-ixus-190-20mpx\/","url":"https:\/\/platyphoto.com\/produit\/canon-ixus-190-20mpx\/","name":"Canon Ixus 190 20mpx - Platyphoto","isPartOf":{"@id":"https:\/\/platyphoto.com\/#website"},"primaryImageOfPage":{"@id":"https:\/\/platyphoto.com\/produit\/canon-ixus-190-20mpx\/#primaryimage"},"image":{"@id":"https:\/\/platyphoto.com\/produit\/canon-ixus-190-20mpx\/#primaryimage"},"thumbnailUrl":"https:\/\/i0.wp.com\/platyphoto.com\/wp-content\/uploads\/2025\/05\/Canon-Ixus-190.jpg?fit=3980%2C2645&ssl=1","datePublished":"2025-05-19T16:46:12+00:00","dateModified":"2025-06-11T10:14:18+00:00","description":"Tr\u00e8s sympathique appareil photo num\u00e9rique num\u00e9rique Canon Ixus 190 20mpx, compact et polyvalent, vendu avec chargeur (non officiel) et carte sd 16go (5898 photos en qualit\u00e9 max).","breadcrumb":{"@id":"https:\/\/platyphoto.com\/produit\/canon-ixus-190-20mpx\/#breadcrumb"},"inLanguage":"en-US","potentialAction":[{"@type":"ReadAction","target":["https:\/\/platyphoto.com\/produit\/canon-ixus-190-20mpx\/"]}]},{"@type":"ImageObject","inLanguage":"en-US","@id":"https:\/\/platyphoto.com\/produit\/canon-ixus-190-20mpx\/#primaryimage","url":"https:\/\/i0.wp.com\/platyphoto.com\/wp-content\/uploads\/2025\/05\/Canon-Ixus-190.jpg?fit=3980%2C2645&ssl=1","contentUrl":"https:\/\/i0.wp.com\/platyphoto.com\/wp-content\/uploads\/2025\/05\/Canon-Ixus-190.jpg?fit=3980%2C2645&ssl=1","width":3980,"height":2645,"caption":"Canon Ixus 190 20mpx"},{"@type":"BreadcrumbList","@id":"https:\/\/platyphoto.com\/produit\/canon-ixus-190-20mpx\/#breadcrumb","itemListElement":[{"@type":"ListItem","position":1,"name":"Accueil","item":"https:\/\/platyphoto.com\/"},{"@type":"ListItem","position":2,"name":"Boutique","item":"https:\/\/platyphoto.com\/boutique\/"},{"@type":"ListItem","position":3,"name":"Canon Ixus 190 20mpx"}]},{"@type":"WebSite","@id":"https:\/\/platyphoto.com\/#website","url":"https:\/\/platyphoto.com\/","name":"Platyphoto","description":"Appareils photos argentiques, objectifs et accessoires de qualit\u00e9.","publisher":{"@id":"https:\/\/platyphoto.com\/#organization"},"potentialAction":[{"@type":"SearchAction","target":{"@type":"EntryPoint","urlTemplate":"https:\/\/platyphoto.com\/?s={search_term_string}"},"query-input":{"@type":"PropertyValueSpecification","valueRequired":true,"valueName":"search_term_string"}}],"inLanguage":"en-US"},{"@type":"Organization","@id":"https:\/\/platyphoto.com\/#organization","name":"Platyphoto","alternateName":"Platyphoto","url":"https:\/\/platyphoto.com\/","logo":{"@type":"ImageObject","inLanguage":"en-US","@id":"https:\/\/platyphoto.com\/#\/schema\/logo\/image\/","url":"https:\/\/i0.wp.com\/platyphoto.com\/wp-content\/uploads\/2020\/11\/cropped-header.jpg?fit=1500%2C282&ssl=1","contentUrl":"https:\/\/i0.wp.com\/platyphoto.com\/wp-content\/uploads\/2020\/11\/cropped-header.jpg?fit=1500%2C282&ssl=1","width":1500,"height":282,"caption":"Platyphoto"},"image":{"@id":"https:\/\/platyphoto.com\/#\/schema\/logo\/image\/"},"sameAs":["https:\/\/www.instagram.com\/platyphoto\/"]}]}},"jetpack_publicize_connections":[],"jetpack_likes_enabled":false,"jetpack_sharing_enabled":true,"_links":{"self":[{"href":"https:\/\/platyphoto.com\/en\/wp-json\/wp\/v2\/product\/15860","targetHints":{"allow":["GET"]}}],"collection":[{"href":"https:\/\/platyphoto.com\/en\/wp-json\/wp\/v2\/product"}],"about":[{"href":"https:\/\/platyphoto.com\/en\/wp-json\/wp\/v2\/types\/product"}],"wp:featuredmedia":[{"embeddable":true,"href":"https:\/\/platyphoto.com\/en\/wp-json\/wp\/v2\/media\/15863"}],"wp:attachment":[{"href":"https:\/\/platyphoto.com\/en\/wp-json\/wp\/v2\/media?parent=15860"}],"wp:term":[{"taxonomy":"product_brand","embeddable":true,"href":"https:\/\/platyphoto.com\/en\/wp-json\/wp\/v2\/product_brand?post=15860"},{"taxonomy":"product_cat","embeddable":true,"href":"https:\/\/platyphoto.com\/en\/wp-json\/wp\/v2\/product_cat?post=15860"},{"taxonomy":"product_tag","embeddable":true,"href":"https:\/\/platyphoto.com\/en\/wp-json\/wp\/v2\/product_tag?post=15860"}],"curies":[{"name":"wp","href":"https:\/\/api.w.org\/{rel}","templated":true}]}}