{"id":15870,"date":"2025-05-19T19:38:56","date_gmt":"2025-05-19T17:38:56","guid":{"rendered":"https:\/\/platyphoto.com\/?post_type=product&#038;p=15870"},"modified":"2025-05-22T17:49:46","modified_gmt":"2025-05-22T15:49:46","slug":"nikon-coolpix-a10-16-1mpx-2","status":"publish","type":"product","link":"https:\/\/platyphoto.com\/en\/product\/nikon-coolpix-a10-16-1mpx-2\/","title":{"rendered":"Nikon Coolpix A10 16.1mpx"},"content":{"rendered":"<p><strong>Marque<\/strong> : Nikon<\/p>\n<p><strong>Mod\u00e8le<\/strong> : Coolpix A10<\/p>\n<p><strong>Objectif<\/strong> : 4.6-23 mm f\/3.2-6,5<\/p>\n<p><strong>D\u00e9finition<\/strong> : 16.1 millions de pixels<\/p>\n<p><strong>Indice de raret\u00e9<\/strong>: Peu courant<\/p>\n<p><strong>Piles : <\/strong>2 x AA (non fournies)<\/p>\n<p>Appareil num\u00e9rique compact de qualit\u00e9, le Nikon Coolpix A10 offre divers modes de prises de vues. Traces d&rsquo;usages sur le boitier et sur l&rsquo;\u00e9cran, l\u00e9g\u00e8re rayure sur la lentille frontale, sans incidence sur la qualit\u00e9 des images.<\/p>\n<p>Vendu avec housse et carte SD 4go (962 images en qualit\u00e9 max)<\/p>\n<p>&nbsp;<\/p>","protected":false},"excerpt":{"rendered":"<p>Marque : Nikon Mod\u00e8le : Coolpix A10 Objectif : 4.6-23 mm f\/3.2-6,5 D\u00e9finition : 16.1 millions de pixels Indice de raret\u00e9: Peu courant Piles : 2 x AA (non fournies) Appareil num\u00e9rique compact de qualit\u00e9, le Nikon Coolpix A10 offre divers modes de prises de vues. Traces d&rsquo;usages sur le boitier et sur l&rsquo;\u00e9cran, l\u00e9g\u00e8re [&hellip;]<\/p>\n","protected":false},"featured_media":15874,"template":"","meta":{"_coblocks_attr":"","_coblocks_dimensions":"","_coblocks_responsive_height":"","_coblocks_accordion_ie_support":"","_crdt_document":"","jetpack_post_was_ever_published":false,"jetpack_publicize_message":"","jetpack_publicize_feature_enabled":true,"jetpack_social_post_already_shared":true,"jetpack_social_options":{"image_generator_settings":{"template":"highway","default_image_id":0,"font":"","enabled":false},"version":2},"_wpas_customize_per_network":false},"product_brand":[],"product_cat":[6349,6545],"product_tag":[],"class_list":{"0":"post-15870","1":"product","2":"type-product","3":"status-publish","4":"has-post-thumbnail","6":"product_cat-appareils","7":"product_cat-numeriques","9":"first","10":"outofstock","11":"shipping-taxable","12":"purchasable","13":"product-type-simple"},"yoast_head":"<!-- This site is optimized with the Yoast SEO plugin v27.3 - https:\/\/yoast.com\/product\/yoast-seo-wordpress\/ -->\n<title>Nikon Coolpix A10 16.1mpx - Platyphoto<\/title>\n<meta name=\"description\" content=\"Marque : NikonMod\u00e8le : Coolpix A10Objectif : 4.6-23 mm f\/3.2-6,5D\u00e9finition : 16.1 millions de pixelsIndice de raret\u00e9: Peu courantPiles : 2 x AAAppareil num\u00e9rique compact de qualit\u00e9, le Nikon Coolpix A10 offre divers modes de prises de vues. Traces d&#039;usages sur le boitier et sur l&#039;\u00e9cran, l\u00e9g\u00e8re rayure sur la lentille frontale, sans incidence sur la qualit\u00e9 des images.Vendu avec housse et carte SD 4go (962 images en qualit\u00e9 max)\" \/>\n<meta name=\"robots\" content=\"index, follow, max-snippet:-1, max-image-preview:large, max-video-preview:-1\" \/>\n<link rel=\"canonical\" href=\"https:\/\/platyphoto.com\/en\/product\/nikon-coolpix-a10-16-1mpx-2\/\" \/>\n<meta property=\"og:locale\" content=\"en_US\" \/>\n<meta property=\"og:type\" content=\"article\" \/>\n<meta property=\"og:title\" content=\"Nikon Coolpix A10 16.1mpx - Platyphoto\" \/>\n<meta property=\"og:description\" content=\"Marque : NikonMod\u00e8le : Coolpix A10Objectif : 4.6-23 mm f\/3.2-6,5D\u00e9finition : 16.1 millions de pixelsIndice de raret\u00e9: Peu courantPiles : 2 x AAAppareil num\u00e9rique compact de qualit\u00e9, le Nikon Coolpix A10 offre divers modes de prises de vues. Traces d&#039;usages sur le boitier et sur l&#039;\u00e9cran, l\u00e9g\u00e8re rayure sur la lentille frontale, sans incidence sur la qualit\u00e9 des images.Vendu avec housse et carte SD 4go (962 images en qualit\u00e9 max)\" \/>\n<meta property=\"og:url\" content=\"https:\/\/platyphoto.com\/en\/product\/nikon-coolpix-a10-16-1mpx-2\/\" \/>\n<meta property=\"og:site_name\" content=\"Platyphoto\" \/>\n<meta property=\"article:modified_time\" content=\"2025-05-22T15:49:46+00:00\" \/>\n<meta property=\"og:image\" content=\"https:\/\/platyphoto.com\/wp-content\/uploads\/2025\/05\/Nikon-Coolpix-A10.jpg\" \/>\n\t<meta property=\"og:image:width\" content=\"3869\" \/>\n\t<meta property=\"og:image:height\" content=\"2571\" \/>\n\t<meta property=\"og:image:type\" content=\"image\/jpeg\" \/>\n<meta name=\"twitter:card\" content=\"summary_large_image\" \/>\n<meta name=\"twitter:label1\" content=\"Est. reading time\" \/>\n\t<meta name=\"twitter:data1\" content=\"1 minute\" \/>\n<script type=\"application\/ld+json\" class=\"yoast-schema-graph\">{\"@context\":\"https:\\\/\\\/schema.org\",\"@graph\":[{\"@type\":\"WebPage\",\"@id\":\"https:\\\/\\\/platyphoto.com\\\/produit\\\/nikon-coolpix-a10-16-1mpx-2\\\/\",\"url\":\"https:\\\/\\\/platyphoto.com\\\/produit\\\/nikon-coolpix-a10-16-1mpx-2\\\/\",\"name\":\"Nikon Coolpix A10 16.1mpx - Platyphoto\",\"isPartOf\":{\"@id\":\"https:\\\/\\\/platyphoto.com\\\/#website\"},\"primaryImageOfPage\":{\"@id\":\"https:\\\/\\\/platyphoto.com\\\/produit\\\/nikon-coolpix-a10-16-1mpx-2\\\/#primaryimage\"},\"image\":{\"@id\":\"https:\\\/\\\/platyphoto.com\\\/produit\\\/nikon-coolpix-a10-16-1mpx-2\\\/#primaryimage\"},\"thumbnailUrl\":\"https:\\\/\\\/i0.wp.com\\\/platyphoto.com\\\/wp-content\\\/uploads\\\/2025\\\/05\\\/Nikon-Coolpix-A10.jpg?fit=3869%2C2571&ssl=1\",\"datePublished\":\"2025-05-19T17:38:56+00:00\",\"dateModified\":\"2025-05-22T15:49:46+00:00\",\"description\":\"Marque : NikonMod\u00e8le : Coolpix A10Objectif : 4.6-23 mm f\\\/3.2-6,5D\u00e9finition : 16.1 millions de pixelsIndice de raret\u00e9: Peu courantPiles : 2 x AAAppareil num\u00e9rique compact de qualit\u00e9, le Nikon Coolpix A10 offre divers modes de prises de vues. Traces d'usages sur le boitier et sur l'\u00e9cran, l\u00e9g\u00e8re rayure sur la lentille frontale, sans incidence sur la qualit\u00e9 des images.Vendu avec housse et carte SD 4go (962 images en qualit\u00e9 max)\",\"breadcrumb\":{\"@id\":\"https:\\\/\\\/platyphoto.com\\\/produit\\\/nikon-coolpix-a10-16-1mpx-2\\\/#breadcrumb\"},\"inLanguage\":\"en-US\",\"potentialAction\":[{\"@type\":\"ReadAction\",\"target\":[\"https:\\\/\\\/platyphoto.com\\\/produit\\\/nikon-coolpix-a10-16-1mpx-2\\\/\"]}]},{\"@type\":\"ImageObject\",\"inLanguage\":\"en-US\",\"@id\":\"https:\\\/\\\/platyphoto.com\\\/produit\\\/nikon-coolpix-a10-16-1mpx-2\\\/#primaryimage\",\"url\":\"https:\\\/\\\/i0.wp.com\\\/platyphoto.com\\\/wp-content\\\/uploads\\\/2025\\\/05\\\/Nikon-Coolpix-A10.jpg?fit=3869%2C2571&ssl=1\",\"contentUrl\":\"https:\\\/\\\/i0.wp.com\\\/platyphoto.com\\\/wp-content\\\/uploads\\\/2025\\\/05\\\/Nikon-Coolpix-A10.jpg?fit=3869%2C2571&ssl=1\",\"width\":3869,\"height\":2571,\"caption\":\"Nikon Coolpix A10 16.1mpx\"},{\"@type\":\"BreadcrumbList\",\"@id\":\"https:\\\/\\\/platyphoto.com\\\/produit\\\/nikon-coolpix-a10-16-1mpx-2\\\/#breadcrumb\",\"itemListElement\":[{\"@type\":\"ListItem\",\"position\":1,\"name\":\"Accueil\",\"item\":\"https:\\\/\\\/platyphoto.com\\\/\"},{\"@type\":\"ListItem\",\"position\":2,\"name\":\"Boutique\",\"item\":\"https:\\\/\\\/platyphoto.com\\\/boutique\\\/\"},{\"@type\":\"ListItem\",\"position\":3,\"name\":\"Nikon Coolpix A10 16.1mpx\"}]},{\"@type\":\"WebSite\",\"@id\":\"https:\\\/\\\/platyphoto.com\\\/#website\",\"url\":\"https:\\\/\\\/platyphoto.com\\\/\",\"name\":\"Platyphoto\",\"description\":\"Appareils photos argentiques, objectifs et accessoires de qualit\u00e9.\",\"publisher\":{\"@id\":\"https:\\\/\\\/platyphoto.com\\\/#organization\"},\"potentialAction\":[{\"@type\":\"SearchAction\",\"target\":{\"@type\":\"EntryPoint\",\"urlTemplate\":\"https:\\\/\\\/platyphoto.com\\\/?s={search_term_string}\"},\"query-input\":{\"@type\":\"PropertyValueSpecification\",\"valueRequired\":true,\"valueName\":\"search_term_string\"}}],\"inLanguage\":\"en-US\"},{\"@type\":\"Organization\",\"@id\":\"https:\\\/\\\/platyphoto.com\\\/#organization\",\"name\":\"Platyphoto\",\"alternateName\":\"Platyphoto\",\"url\":\"https:\\\/\\\/platyphoto.com\\\/\",\"logo\":{\"@type\":\"ImageObject\",\"inLanguage\":\"en-US\",\"@id\":\"https:\\\/\\\/platyphoto.com\\\/#\\\/schema\\\/logo\\\/image\\\/\",\"url\":\"https:\\\/\\\/i0.wp.com\\\/platyphoto.com\\\/wp-content\\\/uploads\\\/2020\\\/11\\\/cropped-header.jpg?fit=1500%2C282&ssl=1\",\"contentUrl\":\"https:\\\/\\\/i0.wp.com\\\/platyphoto.com\\\/wp-content\\\/uploads\\\/2020\\\/11\\\/cropped-header.jpg?fit=1500%2C282&ssl=1\",\"width\":1500,\"height\":282,\"caption\":\"Platyphoto\"},\"image\":{\"@id\":\"https:\\\/\\\/platyphoto.com\\\/#\\\/schema\\\/logo\\\/image\\\/\"},\"sameAs\":[\"https:\\\/\\\/www.instagram.com\\\/platyphoto\\\/\"]}]}<\/script>\n<!-- \/ Yoast SEO plugin. -->","yoast_head_json":{"title":"Nikon Coolpix A10 16.1mpx - Platyphoto","description":"Marque : NikonMod\u00e8le : Coolpix A10Objectif : 4.6-23 mm f\/3.2-6,5D\u00e9finition : 16.1 millions de pixelsIndice de raret\u00e9: Peu courantPiles : 2 x AAAppareil num\u00e9rique compact de qualit\u00e9, le Nikon Coolpix A10 offre divers modes de prises de vues. Traces d'usages sur le boitier et sur l'\u00e9cran, l\u00e9g\u00e8re rayure sur la lentille frontale, sans incidence sur la qualit\u00e9 des images.Vendu avec housse et carte SD 4go (962 images en qualit\u00e9 max)","robots":{"index":"index","follow":"follow","max-snippet":"max-snippet:-1","max-image-preview":"max-image-preview:large","max-video-preview":"max-video-preview:-1"},"canonical":"https:\/\/platyphoto.com\/en\/product\/nikon-coolpix-a10-16-1mpx-2\/","og_locale":"en_US","og_type":"article","og_title":"Nikon Coolpix A10 16.1mpx - Platyphoto","og_description":"Marque : NikonMod\u00e8le : Coolpix A10Objectif : 4.6-23 mm f\/3.2-6,5D\u00e9finition : 16.1 millions de pixelsIndice de raret\u00e9: Peu courantPiles : 2 x AAAppareil num\u00e9rique compact de qualit\u00e9, le Nikon Coolpix A10 offre divers modes de prises de vues. Traces d'usages sur le boitier et sur l'\u00e9cran, l\u00e9g\u00e8re rayure sur la lentille frontale, sans incidence sur la qualit\u00e9 des images.Vendu avec housse et carte SD 4go (962 images en qualit\u00e9 max)","og_url":"https:\/\/platyphoto.com\/en\/product\/nikon-coolpix-a10-16-1mpx-2\/","og_site_name":"Platyphoto","article_modified_time":"2025-05-22T15:49:46+00:00","og_image":[{"width":3869,"height":2571,"url":"https:\/\/platyphoto.com\/wp-content\/uploads\/2025\/05\/Nikon-Coolpix-A10.jpg","type":"image\/jpeg"}],"twitter_card":"summary_large_image","twitter_misc":{"Est. reading time":"1 minute"},"schema":{"@context":"https:\/\/schema.org","@graph":[{"@type":"WebPage","@id":"https:\/\/platyphoto.com\/produit\/nikon-coolpix-a10-16-1mpx-2\/","url":"https:\/\/platyphoto.com\/produit\/nikon-coolpix-a10-16-1mpx-2\/","name":"Nikon Coolpix A10 16.1mpx - Platyphoto","isPartOf":{"@id":"https:\/\/platyphoto.com\/#website"},"primaryImageOfPage":{"@id":"https:\/\/platyphoto.com\/produit\/nikon-coolpix-a10-16-1mpx-2\/#primaryimage"},"image":{"@id":"https:\/\/platyphoto.com\/produit\/nikon-coolpix-a10-16-1mpx-2\/#primaryimage"},"thumbnailUrl":"https:\/\/i0.wp.com\/platyphoto.com\/wp-content\/uploads\/2025\/05\/Nikon-Coolpix-A10.jpg?fit=3869%2C2571&ssl=1","datePublished":"2025-05-19T17:38:56+00:00","dateModified":"2025-05-22T15:49:46+00:00","description":"Marque : NikonMod\u00e8le : Coolpix A10Objectif : 4.6-23 mm f\/3.2-6,5D\u00e9finition : 16.1 millions de pixelsIndice de raret\u00e9: Peu courantPiles : 2 x AAAppareil num\u00e9rique compact de qualit\u00e9, le Nikon Coolpix A10 offre divers modes de prises de vues. Traces d'usages sur le boitier et sur l'\u00e9cran, l\u00e9g\u00e8re rayure sur la lentille frontale, sans incidence sur la qualit\u00e9 des images.Vendu avec housse et carte SD 4go (962 images en qualit\u00e9 max)","breadcrumb":{"@id":"https:\/\/platyphoto.com\/produit\/nikon-coolpix-a10-16-1mpx-2\/#breadcrumb"},"inLanguage":"en-US","potentialAction":[{"@type":"ReadAction","target":["https:\/\/platyphoto.com\/produit\/nikon-coolpix-a10-16-1mpx-2\/"]}]},{"@type":"ImageObject","inLanguage":"en-US","@id":"https:\/\/platyphoto.com\/produit\/nikon-coolpix-a10-16-1mpx-2\/#primaryimage","url":"https:\/\/i0.wp.com\/platyphoto.com\/wp-content\/uploads\/2025\/05\/Nikon-Coolpix-A10.jpg?fit=3869%2C2571&ssl=1","contentUrl":"https:\/\/i0.wp.com\/platyphoto.com\/wp-content\/uploads\/2025\/05\/Nikon-Coolpix-A10.jpg?fit=3869%2C2571&ssl=1","width":3869,"height":2571,"caption":"Nikon Coolpix A10 16.1mpx"},{"@type":"BreadcrumbList","@id":"https:\/\/platyphoto.com\/produit\/nikon-coolpix-a10-16-1mpx-2\/#breadcrumb","itemListElement":[{"@type":"ListItem","position":1,"name":"Accueil","item":"https:\/\/platyphoto.com\/"},{"@type":"ListItem","position":2,"name":"Boutique","item":"https:\/\/platyphoto.com\/boutique\/"},{"@type":"ListItem","position":3,"name":"Nikon Coolpix A10 16.1mpx"}]},{"@type":"WebSite","@id":"https:\/\/platyphoto.com\/#website","url":"https:\/\/platyphoto.com\/","name":"Platyphoto","description":"Appareils photos argentiques, objectifs et accessoires de qualit\u00e9.","publisher":{"@id":"https:\/\/platyphoto.com\/#organization"},"potentialAction":[{"@type":"SearchAction","target":{"@type":"EntryPoint","urlTemplate":"https:\/\/platyphoto.com\/?s={search_term_string}"},"query-input":{"@type":"PropertyValueSpecification","valueRequired":true,"valueName":"search_term_string"}}],"inLanguage":"en-US"},{"@type":"Organization","@id":"https:\/\/platyphoto.com\/#organization","name":"Platyphoto","alternateName":"Platyphoto","url":"https:\/\/platyphoto.com\/","logo":{"@type":"ImageObject","inLanguage":"en-US","@id":"https:\/\/platyphoto.com\/#\/schema\/logo\/image\/","url":"https:\/\/i0.wp.com\/platyphoto.com\/wp-content\/uploads\/2020\/11\/cropped-header.jpg?fit=1500%2C282&ssl=1","contentUrl":"https:\/\/i0.wp.com\/platyphoto.com\/wp-content\/uploads\/2020\/11\/cropped-header.jpg?fit=1500%2C282&ssl=1","width":1500,"height":282,"caption":"Platyphoto"},"image":{"@id":"https:\/\/platyphoto.com\/#\/schema\/logo\/image\/"},"sameAs":["https:\/\/www.instagram.com\/platyphoto\/"]}]}},"jetpack_publicize_connections":[],"jetpack_likes_enabled":false,"jetpack_sharing_enabled":true,"_links":{"self":[{"href":"https:\/\/platyphoto.com\/en\/wp-json\/wp\/v2\/product\/15870","targetHints":{"allow":["GET"]}}],"collection":[{"href":"https:\/\/platyphoto.com\/en\/wp-json\/wp\/v2\/product"}],"about":[{"href":"https:\/\/platyphoto.com\/en\/wp-json\/wp\/v2\/types\/product"}],"wp:featuredmedia":[{"embeddable":true,"href":"https:\/\/platyphoto.com\/en\/wp-json\/wp\/v2\/media\/15874"}],"wp:attachment":[{"href":"https:\/\/platyphoto.com\/en\/wp-json\/wp\/v2\/media?parent=15870"}],"wp:term":[{"taxonomy":"product_brand","embeddable":true,"href":"https:\/\/platyphoto.com\/en\/wp-json\/wp\/v2\/product_brand?post=15870"},{"taxonomy":"product_cat","embeddable":true,"href":"https:\/\/platyphoto.com\/en\/wp-json\/wp\/v2\/product_cat?post=15870"},{"taxonomy":"product_tag","embeddable":true,"href":"https:\/\/platyphoto.com\/en\/wp-json\/wp\/v2\/product_tag?post=15870"}],"curies":[{"name":"wp","href":"https:\/\/api.w.org\/{rel}","templated":true}]}}