{"id":15990,"date":"2025-05-27T15:03:04","date_gmt":"2025-05-27T13:03:04","guid":{"rendered":"https:\/\/platyphoto.com\/?post_type=product&#038;p=15990"},"modified":"2025-05-28T11:04:57","modified_gmt":"2025-05-28T09:04:57","slug":"canon-ixus-50-5mpx","status":"publish","type":"product","link":"https:\/\/platyphoto.com\/en\/product\/canon-ixus-50-5mpx\/","title":{"rendered":"Canon Ixus 50 5mpx"},"content":{"rendered":"<p><strong>Marque<\/strong> : Canon<\/p>\n<p><strong>Mod\u00e8le<\/strong> : Ixus 50<\/p>\n<p><strong>Objectif<\/strong> : 5.8-17.4mm F:2.8-4.9<\/p>\n<p><strong>D\u00e9finition<\/strong> : 5 millions de pixels<\/p>\n<p><strong>Piles : <\/strong>Batterie sp\u00e9cifique, neuve, fournie<\/p>\n<p>Tr\u00e8s sympathique appareil photo num\u00e9rique num\u00e9rique Canon Ixus 50 5mpx, compact et polyvalent, vendu avec chargeur (officiel) et carte sd 2go (1057 photos en qualit\u00e9 max). Divers modes de prises de vues, mode vid\u00e9o ect.. Flash int\u00e9gr\u00e9.<\/p>\n<p>R\u00e9actif lors de l&rsquo;allumage, cet appareil fait parti de la s\u00e9rie des Ixus tr\u00e8s demand\u00e9e en ce moment, sa compacticit\u00e9 et ses photos r\u00e9tros en font un super compagnon lors de vacances, soir\u00e9es ou concerts.<\/p>\n<p>L\u00e9g\u00e8res traces d\u2019usages sur l\u2019\u00e9cran. Viseur direct poussi\u00e9reux et un peu flou.<\/p>\n<p>Garanti 3 mois<\/p>","protected":false},"excerpt":{"rendered":"<p>Marque : Canon Mod\u00e8le : Ixus 50 Objectif : 5.8-17.4mm F:2.8-4.9 D\u00e9finition : 5 millions de pixels Piles : Batterie sp\u00e9cifique, neuve, fournie Tr\u00e8s sympathique appareil photo num\u00e9rique num\u00e9rique Canon Ixus 50 5mpx, compact et polyvalent, vendu avec chargeur (officiel) et carte sd 2go (1057 photos en qualit\u00e9 max). Divers modes de prises de vues, [&hellip;]<\/p>\n","protected":false},"featured_media":15993,"template":"","meta":{"_coblocks_attr":"","_coblocks_dimensions":"","_coblocks_responsive_height":"","_coblocks_accordion_ie_support":"","_crdt_document":"","jetpack_post_was_ever_published":false,"jetpack_publicize_message":"","jetpack_publicize_feature_enabled":true,"jetpack_social_post_already_shared":true,"jetpack_social_options":{"image_generator_settings":{"template":"highway","default_image_id":0,"font":"","enabled":false},"version":2},"_wpas_customize_per_network":false},"product_brand":[],"product_cat":[6349,6545],"product_tag":[],"class_list":{"0":"post-15990","1":"product","2":"type-product","3":"status-publish","4":"has-post-thumbnail","6":"product_cat-appareils","7":"product_cat-numeriques","9":"first","10":"outofstock","11":"shipping-taxable","12":"purchasable","13":"product-type-simple"},"yoast_head":"<!-- This site is optimized with the Yoast SEO plugin v27.3 - https:\/\/yoast.com\/product\/yoast-seo-wordpress\/ -->\n<title>Canon Ixus 50 5mpx - Platyphoto<\/title>\n<meta name=\"description\" content=\"Tr\u00e8s sympathique appareil photo num\u00e9rique num\u00e9rique Canon Ixus 50 5mpx, compact et polyvalent, vendu avec chargeur (officiel) et carte sd 2go (1057 photos en qualit\u00e9 max). Divers modes de prises de vues, mode vid\u00e9o ect.. Flash int\u00e9gr\u00e9.\" \/>\n<meta name=\"robots\" content=\"index, follow, max-snippet:-1, max-image-preview:large, max-video-preview:-1\" \/>\n<link rel=\"canonical\" href=\"https:\/\/platyphoto.com\/en\/product\/canon-ixus-50-5mpx\/\" \/>\n<meta property=\"og:locale\" content=\"en_US\" \/>\n<meta property=\"og:type\" content=\"article\" \/>\n<meta property=\"og:title\" content=\"Canon Ixus 50 5mpx - Platyphoto\" \/>\n<meta property=\"og:description\" content=\"Tr\u00e8s sympathique appareil photo num\u00e9rique num\u00e9rique Canon Ixus 50 5mpx, compact et polyvalent, vendu avec chargeur (officiel) et carte sd 2go (1057 photos en qualit\u00e9 max). Divers modes de prises de vues, mode vid\u00e9o ect.. Flash int\u00e9gr\u00e9.\" \/>\n<meta property=\"og:url\" content=\"https:\/\/platyphoto.com\/en\/product\/canon-ixus-50-5mpx\/\" \/>\n<meta property=\"og:site_name\" content=\"Platyphoto\" \/>\n<meta property=\"article:modified_time\" content=\"2025-05-28T09:04:57+00:00\" \/>\n<meta property=\"og:image\" content=\"https:\/\/platyphoto.com\/wp-content\/uploads\/2025\/05\/Canon-Ixus-50.jpg\" \/>\n\t<meta property=\"og:image:width\" content=\"4362\" \/>\n\t<meta property=\"og:image:height\" content=\"2899\" \/>\n\t<meta property=\"og:image:type\" content=\"image\/jpeg\" \/>\n<meta name=\"twitter:card\" content=\"summary_large_image\" \/>\n<meta name=\"twitter:label1\" content=\"Est. reading time\" \/>\n\t<meta name=\"twitter:data1\" content=\"1 minute\" \/>\n<script type=\"application\/ld+json\" class=\"yoast-schema-graph\">{\"@context\":\"https:\\\/\\\/schema.org\",\"@graph\":[{\"@type\":\"WebPage\",\"@id\":\"https:\\\/\\\/platyphoto.com\\\/produit\\\/canon-ixus-50-5mpx\\\/\",\"url\":\"https:\\\/\\\/platyphoto.com\\\/produit\\\/canon-ixus-50-5mpx\\\/\",\"name\":\"Canon Ixus 50 5mpx - Platyphoto\",\"isPartOf\":{\"@id\":\"https:\\\/\\\/platyphoto.com\\\/#website\"},\"primaryImageOfPage\":{\"@id\":\"https:\\\/\\\/platyphoto.com\\\/produit\\\/canon-ixus-50-5mpx\\\/#primaryimage\"},\"image\":{\"@id\":\"https:\\\/\\\/platyphoto.com\\\/produit\\\/canon-ixus-50-5mpx\\\/#primaryimage\"},\"thumbnailUrl\":\"https:\\\/\\\/i0.wp.com\\\/platyphoto.com\\\/wp-content\\\/uploads\\\/2025\\\/05\\\/Canon-Ixus-50.jpg?fit=4362%2C2899&ssl=1\",\"datePublished\":\"2025-05-27T13:03:04+00:00\",\"dateModified\":\"2025-05-28T09:04:57+00:00\",\"description\":\"Tr\u00e8s sympathique appareil photo num\u00e9rique num\u00e9rique Canon Ixus 50 5mpx, compact et polyvalent, vendu avec chargeur (officiel) et carte sd 2go (1057 photos en qualit\u00e9 max). Divers modes de prises de vues, mode vid\u00e9o ect.. Flash int\u00e9gr\u00e9.\",\"breadcrumb\":{\"@id\":\"https:\\\/\\\/platyphoto.com\\\/produit\\\/canon-ixus-50-5mpx\\\/#breadcrumb\"},\"inLanguage\":\"en-US\",\"potentialAction\":[{\"@type\":\"ReadAction\",\"target\":[\"https:\\\/\\\/platyphoto.com\\\/produit\\\/canon-ixus-50-5mpx\\\/\"]}]},{\"@type\":\"ImageObject\",\"inLanguage\":\"en-US\",\"@id\":\"https:\\\/\\\/platyphoto.com\\\/produit\\\/canon-ixus-50-5mpx\\\/#primaryimage\",\"url\":\"https:\\\/\\\/i0.wp.com\\\/platyphoto.com\\\/wp-content\\\/uploads\\\/2025\\\/05\\\/Canon-Ixus-50.jpg?fit=4362%2C2899&ssl=1\",\"contentUrl\":\"https:\\\/\\\/i0.wp.com\\\/platyphoto.com\\\/wp-content\\\/uploads\\\/2025\\\/05\\\/Canon-Ixus-50.jpg?fit=4362%2C2899&ssl=1\",\"width\":4362,\"height\":2899,\"caption\":\"Canon Ixus 50 5mpx\"},{\"@type\":\"BreadcrumbList\",\"@id\":\"https:\\\/\\\/platyphoto.com\\\/produit\\\/canon-ixus-50-5mpx\\\/#breadcrumb\",\"itemListElement\":[{\"@type\":\"ListItem\",\"position\":1,\"name\":\"Accueil\",\"item\":\"https:\\\/\\\/platyphoto.com\\\/\"},{\"@type\":\"ListItem\",\"position\":2,\"name\":\"Boutique\",\"item\":\"https:\\\/\\\/platyphoto.com\\\/boutique\\\/\"},{\"@type\":\"ListItem\",\"position\":3,\"name\":\"Canon Ixus 50 5mpx\"}]},{\"@type\":\"WebSite\",\"@id\":\"https:\\\/\\\/platyphoto.com\\\/#website\",\"url\":\"https:\\\/\\\/platyphoto.com\\\/\",\"name\":\"Platyphoto\",\"description\":\"Appareils photos argentiques, objectifs et accessoires de qualit\u00e9.\",\"publisher\":{\"@id\":\"https:\\\/\\\/platyphoto.com\\\/#organization\"},\"potentialAction\":[{\"@type\":\"SearchAction\",\"target\":{\"@type\":\"EntryPoint\",\"urlTemplate\":\"https:\\\/\\\/platyphoto.com\\\/?s={search_term_string}\"},\"query-input\":{\"@type\":\"PropertyValueSpecification\",\"valueRequired\":true,\"valueName\":\"search_term_string\"}}],\"inLanguage\":\"en-US\"},{\"@type\":\"Organization\",\"@id\":\"https:\\\/\\\/platyphoto.com\\\/#organization\",\"name\":\"Platyphoto\",\"alternateName\":\"Platyphoto\",\"url\":\"https:\\\/\\\/platyphoto.com\\\/\",\"logo\":{\"@type\":\"ImageObject\",\"inLanguage\":\"en-US\",\"@id\":\"https:\\\/\\\/platyphoto.com\\\/#\\\/schema\\\/logo\\\/image\\\/\",\"url\":\"https:\\\/\\\/i0.wp.com\\\/platyphoto.com\\\/wp-content\\\/uploads\\\/2020\\\/11\\\/cropped-header.jpg?fit=1500%2C282&ssl=1\",\"contentUrl\":\"https:\\\/\\\/i0.wp.com\\\/platyphoto.com\\\/wp-content\\\/uploads\\\/2020\\\/11\\\/cropped-header.jpg?fit=1500%2C282&ssl=1\",\"width\":1500,\"height\":282,\"caption\":\"Platyphoto\"},\"image\":{\"@id\":\"https:\\\/\\\/platyphoto.com\\\/#\\\/schema\\\/logo\\\/image\\\/\"},\"sameAs\":[\"https:\\\/\\\/www.instagram.com\\\/platyphoto\\\/\"]}]}<\/script>\n<!-- \/ Yoast SEO plugin. -->","yoast_head_json":{"title":"Canon Ixus 50 5mpx - Platyphoto","description":"Tr\u00e8s sympathique appareil photo num\u00e9rique num\u00e9rique Canon Ixus 50 5mpx, compact et polyvalent, vendu avec chargeur (officiel) et carte sd 2go (1057 photos en qualit\u00e9 max). Divers modes de prises de vues, mode vid\u00e9o ect.. Flash int\u00e9gr\u00e9.","robots":{"index":"index","follow":"follow","max-snippet":"max-snippet:-1","max-image-preview":"max-image-preview:large","max-video-preview":"max-video-preview:-1"},"canonical":"https:\/\/platyphoto.com\/en\/product\/canon-ixus-50-5mpx\/","og_locale":"en_US","og_type":"article","og_title":"Canon Ixus 50 5mpx - Platyphoto","og_description":"Tr\u00e8s sympathique appareil photo num\u00e9rique num\u00e9rique Canon Ixus 50 5mpx, compact et polyvalent, vendu avec chargeur (officiel) et carte sd 2go (1057 photos en qualit\u00e9 max). Divers modes de prises de vues, mode vid\u00e9o ect.. Flash int\u00e9gr\u00e9.","og_url":"https:\/\/platyphoto.com\/en\/product\/canon-ixus-50-5mpx\/","og_site_name":"Platyphoto","article_modified_time":"2025-05-28T09:04:57+00:00","og_image":[{"width":4362,"height":2899,"url":"https:\/\/platyphoto.com\/wp-content\/uploads\/2025\/05\/Canon-Ixus-50.jpg","type":"image\/jpeg"}],"twitter_card":"summary_large_image","twitter_misc":{"Est. reading time":"1 minute"},"schema":{"@context":"https:\/\/schema.org","@graph":[{"@type":"WebPage","@id":"https:\/\/platyphoto.com\/produit\/canon-ixus-50-5mpx\/","url":"https:\/\/platyphoto.com\/produit\/canon-ixus-50-5mpx\/","name":"Canon Ixus 50 5mpx - Platyphoto","isPartOf":{"@id":"https:\/\/platyphoto.com\/#website"},"primaryImageOfPage":{"@id":"https:\/\/platyphoto.com\/produit\/canon-ixus-50-5mpx\/#primaryimage"},"image":{"@id":"https:\/\/platyphoto.com\/produit\/canon-ixus-50-5mpx\/#primaryimage"},"thumbnailUrl":"https:\/\/i0.wp.com\/platyphoto.com\/wp-content\/uploads\/2025\/05\/Canon-Ixus-50.jpg?fit=4362%2C2899&ssl=1","datePublished":"2025-05-27T13:03:04+00:00","dateModified":"2025-05-28T09:04:57+00:00","description":"Tr\u00e8s sympathique appareil photo num\u00e9rique num\u00e9rique Canon Ixus 50 5mpx, compact et polyvalent, vendu avec chargeur (officiel) et carte sd 2go (1057 photos en qualit\u00e9 max). Divers modes de prises de vues, mode vid\u00e9o ect.. Flash int\u00e9gr\u00e9.","breadcrumb":{"@id":"https:\/\/platyphoto.com\/produit\/canon-ixus-50-5mpx\/#breadcrumb"},"inLanguage":"en-US","potentialAction":[{"@type":"ReadAction","target":["https:\/\/platyphoto.com\/produit\/canon-ixus-50-5mpx\/"]}]},{"@type":"ImageObject","inLanguage":"en-US","@id":"https:\/\/platyphoto.com\/produit\/canon-ixus-50-5mpx\/#primaryimage","url":"https:\/\/i0.wp.com\/platyphoto.com\/wp-content\/uploads\/2025\/05\/Canon-Ixus-50.jpg?fit=4362%2C2899&ssl=1","contentUrl":"https:\/\/i0.wp.com\/platyphoto.com\/wp-content\/uploads\/2025\/05\/Canon-Ixus-50.jpg?fit=4362%2C2899&ssl=1","width":4362,"height":2899,"caption":"Canon Ixus 50 5mpx"},{"@type":"BreadcrumbList","@id":"https:\/\/platyphoto.com\/produit\/canon-ixus-50-5mpx\/#breadcrumb","itemListElement":[{"@type":"ListItem","position":1,"name":"Accueil","item":"https:\/\/platyphoto.com\/"},{"@type":"ListItem","position":2,"name":"Boutique","item":"https:\/\/platyphoto.com\/boutique\/"},{"@type":"ListItem","position":3,"name":"Canon Ixus 50 5mpx"}]},{"@type":"WebSite","@id":"https:\/\/platyphoto.com\/#website","url":"https:\/\/platyphoto.com\/","name":"Platyphoto","description":"Appareils photos argentiques, objectifs et accessoires de qualit\u00e9.","publisher":{"@id":"https:\/\/platyphoto.com\/#organization"},"potentialAction":[{"@type":"SearchAction","target":{"@type":"EntryPoint","urlTemplate":"https:\/\/platyphoto.com\/?s={search_term_string}"},"query-input":{"@type":"PropertyValueSpecification","valueRequired":true,"valueName":"search_term_string"}}],"inLanguage":"en-US"},{"@type":"Organization","@id":"https:\/\/platyphoto.com\/#organization","name":"Platyphoto","alternateName":"Platyphoto","url":"https:\/\/platyphoto.com\/","logo":{"@type":"ImageObject","inLanguage":"en-US","@id":"https:\/\/platyphoto.com\/#\/schema\/logo\/image\/","url":"https:\/\/i0.wp.com\/platyphoto.com\/wp-content\/uploads\/2020\/11\/cropped-header.jpg?fit=1500%2C282&ssl=1","contentUrl":"https:\/\/i0.wp.com\/platyphoto.com\/wp-content\/uploads\/2020\/11\/cropped-header.jpg?fit=1500%2C282&ssl=1","width":1500,"height":282,"caption":"Platyphoto"},"image":{"@id":"https:\/\/platyphoto.com\/#\/schema\/logo\/image\/"},"sameAs":["https:\/\/www.instagram.com\/platyphoto\/"]}]}},"jetpack_publicize_connections":[],"jetpack_likes_enabled":false,"jetpack_sharing_enabled":true,"_links":{"self":[{"href":"https:\/\/platyphoto.com\/en\/wp-json\/wp\/v2\/product\/15990","targetHints":{"allow":["GET"]}}],"collection":[{"href":"https:\/\/platyphoto.com\/en\/wp-json\/wp\/v2\/product"}],"about":[{"href":"https:\/\/platyphoto.com\/en\/wp-json\/wp\/v2\/types\/product"}],"wp:featuredmedia":[{"embeddable":true,"href":"https:\/\/platyphoto.com\/en\/wp-json\/wp\/v2\/media\/15993"}],"wp:attachment":[{"href":"https:\/\/platyphoto.com\/en\/wp-json\/wp\/v2\/media?parent=15990"}],"wp:term":[{"taxonomy":"product_brand","embeddable":true,"href":"https:\/\/platyphoto.com\/en\/wp-json\/wp\/v2\/product_brand?post=15990"},{"taxonomy":"product_cat","embeddable":true,"href":"https:\/\/platyphoto.com\/en\/wp-json\/wp\/v2\/product_cat?post=15990"},{"taxonomy":"product_tag","embeddable":true,"href":"https:\/\/platyphoto.com\/en\/wp-json\/wp\/v2\/product_tag?post=15990"}],"curies":[{"name":"wp","href":"https:\/\/api.w.org\/{rel}","templated":true}]}}