{"id":16228,"date":"2025-06-10T16:30:55","date_gmt":"2025-06-10T14:30:55","guid":{"rendered":"https:\/\/platyphoto.com\/?post_type=product&#038;p=16228"},"modified":"2025-07-27T00:06:11","modified_gmt":"2025-07-26T22:06:11","slug":"minolta-bague-dadaptation-md-m42","status":"publish","type":"product","link":"https:\/\/platyphoto.com\/en\/product\/minolta-bague-dadaptation-md-m42\/","title":{"rendered":"Minolta bague d&rsquo;adaptation MD &#8211; M42"},"content":{"rendered":"<div id=\"ds_div\">Bague non officielle Minolta permettant de monter des optiques en monture M42 sur les appareils Minolta en monture MD. Mise au point \u00e0 l&rsquo;infini conserv\u00e9e. Automatisme du diaphragme non conserv\u00e9e.<\/div>","protected":false},"excerpt":{"rendered":"<p>Bague non officielle Minolta permettant de monter des optiques en monture M42 sur les appareils Minolta en monture MD. Mise au point \u00e0 l&rsquo;infini conserv\u00e9e. Automatisme du diaphragme non conserv\u00e9e.<\/p>","protected":false},"featured_media":16229,"template":"","meta":{"_coblocks_attr":"","_coblocks_dimensions":"","_coblocks_responsive_height":"","_coblocks_accordion_ie_support":"","_crdt_document":"","jetpack_post_was_ever_published":false,"jetpack_publicize_message":"","jetpack_publicize_feature_enabled":true,"jetpack_social_post_already_shared":true,"jetpack_social_options":{"image_generator_settings":{"template":"highway","default_image_id":0,"font":"","enabled":false},"version":2},"_wpas_customize_per_network":false},"product_brand":[],"product_cat":[6376,6377],"product_tag":[],"class_list":{"0":"post-16228","1":"product","2":"type-product","3":"status-publish","4":"has-post-thumbnail","6":"product_cat-accessoires-fr","7":"product_cat-bagues-dadaptations","9":"first","10":"outofstock","11":"shipping-taxable","12":"purchasable","13":"product-type-simple"},"yoast_head":"<!-- This site is optimized with the Yoast SEO plugin v27.3 - https:\/\/yoast.com\/product\/yoast-seo-wordpress\/ -->\n<title>Minolta bague d&#039;adaptation MD - M42 - Platyphoto<\/title>\n<meta name=\"description\" content=\"Bague non officielle Minolta permettant de monter des optiques en monture M42 sur les appareils Minolta en monture MD. Mise au point \u00e0 l&#039;infini conserv\u00e9e. Automatisme du diaphragme non conserv\u00e9e.\" \/>\n<meta name=\"robots\" content=\"index, follow, max-snippet:-1, max-image-preview:large, max-video-preview:-1\" \/>\n<link rel=\"canonical\" href=\"https:\/\/platyphoto.com\/en\/product\/minolta-bague-dadaptation-md-m42\/\" \/>\n<meta property=\"og:locale\" content=\"en_US\" \/>\n<meta property=\"og:type\" content=\"article\" \/>\n<meta property=\"og:title\" content=\"Minolta bague d&#039;adaptation MD - M42 - Platyphoto\" \/>\n<meta property=\"og:description\" content=\"Bague non officielle Minolta permettant de monter des optiques en monture M42 sur les appareils Minolta en monture MD. Mise au point \u00e0 l&#039;infini conserv\u00e9e. Automatisme du diaphragme non conserv\u00e9e.\" \/>\n<meta property=\"og:url\" content=\"https:\/\/platyphoto.com\/en\/product\/minolta-bague-dadaptation-md-m42\/\" \/>\n<meta property=\"og:site_name\" content=\"Platyphoto\" \/>\n<meta property=\"article:modified_time\" content=\"2025-07-26T22:06:11+00:00\" \/>\n<meta property=\"og:image\" content=\"https:\/\/platyphoto.com\/wp-content\/uploads\/2025\/06\/Minolta-M42.jpg\" \/>\n\t<meta property=\"og:image:width\" content=\"3380\" \/>\n\t<meta property=\"og:image:height\" content=\"2246\" \/>\n\t<meta property=\"og:image:type\" content=\"image\/jpeg\" \/>\n<meta name=\"twitter:card\" content=\"summary_large_image\" \/>\n<meta name=\"twitter:label1\" content=\"Est. reading time\" \/>\n\t<meta name=\"twitter:data1\" content=\"1 minute\" \/>\n<script type=\"application\/ld+json\" class=\"yoast-schema-graph\">{\"@context\":\"https:\\\/\\\/schema.org\",\"@graph\":[{\"@type\":\"WebPage\",\"@id\":\"https:\\\/\\\/platyphoto.com\\\/produit\\\/minolta-bague-dadaptation-md-m42\\\/\",\"url\":\"https:\\\/\\\/platyphoto.com\\\/produit\\\/minolta-bague-dadaptation-md-m42\\\/\",\"name\":\"Minolta bague d'adaptation MD - M42 - Platyphoto\",\"isPartOf\":{\"@id\":\"https:\\\/\\\/platyphoto.com\\\/#website\"},\"primaryImageOfPage\":{\"@id\":\"https:\\\/\\\/platyphoto.com\\\/produit\\\/minolta-bague-dadaptation-md-m42\\\/#primaryimage\"},\"image\":{\"@id\":\"https:\\\/\\\/platyphoto.com\\\/produit\\\/minolta-bague-dadaptation-md-m42\\\/#primaryimage\"},\"thumbnailUrl\":\"https:\\\/\\\/i0.wp.com\\\/platyphoto.com\\\/wp-content\\\/uploads\\\/2025\\\/06\\\/Minolta-M42.jpg?fit=3380%2C2246&ssl=1\",\"datePublished\":\"2025-06-10T14:30:55+00:00\",\"dateModified\":\"2025-07-26T22:06:11+00:00\",\"description\":\"Bague non officielle Minolta permettant de monter des optiques en monture M42 sur les appareils Minolta en monture MD. Mise au point \u00e0 l'infini conserv\u00e9e. Automatisme du diaphragme non conserv\u00e9e.\",\"breadcrumb\":{\"@id\":\"https:\\\/\\\/platyphoto.com\\\/produit\\\/minolta-bague-dadaptation-md-m42\\\/#breadcrumb\"},\"inLanguage\":\"en-US\",\"potentialAction\":[{\"@type\":\"ReadAction\",\"target\":[\"https:\\\/\\\/platyphoto.com\\\/produit\\\/minolta-bague-dadaptation-md-m42\\\/\"]}]},{\"@type\":\"ImageObject\",\"inLanguage\":\"en-US\",\"@id\":\"https:\\\/\\\/platyphoto.com\\\/produit\\\/minolta-bague-dadaptation-md-m42\\\/#primaryimage\",\"url\":\"https:\\\/\\\/i0.wp.com\\\/platyphoto.com\\\/wp-content\\\/uploads\\\/2025\\\/06\\\/Minolta-M42.jpg?fit=3380%2C2246&ssl=1\",\"contentUrl\":\"https:\\\/\\\/i0.wp.com\\\/platyphoto.com\\\/wp-content\\\/uploads\\\/2025\\\/06\\\/Minolta-M42.jpg?fit=3380%2C2246&ssl=1\",\"width\":3380,\"height\":2246,\"caption\":\"Minolta bague d'adaptation MD - M42\"},{\"@type\":\"BreadcrumbList\",\"@id\":\"https:\\\/\\\/platyphoto.com\\\/produit\\\/minolta-bague-dadaptation-md-m42\\\/#breadcrumb\",\"itemListElement\":[{\"@type\":\"ListItem\",\"position\":1,\"name\":\"Accueil\",\"item\":\"https:\\\/\\\/platyphoto.com\\\/\"},{\"@type\":\"ListItem\",\"position\":2,\"name\":\"Boutique\",\"item\":\"https:\\\/\\\/platyphoto.com\\\/boutique\\\/\"},{\"@type\":\"ListItem\",\"position\":3,\"name\":\"Minolta bague d&rsquo;adaptation MD &#8211; M42\"}]},{\"@type\":\"WebSite\",\"@id\":\"https:\\\/\\\/platyphoto.com\\\/#website\",\"url\":\"https:\\\/\\\/platyphoto.com\\\/\",\"name\":\"Platyphoto\",\"description\":\"Appareils photos argentiques, objectifs et accessoires de qualit\u00e9.\",\"publisher\":{\"@id\":\"https:\\\/\\\/platyphoto.com\\\/#organization\"},\"potentialAction\":[{\"@type\":\"SearchAction\",\"target\":{\"@type\":\"EntryPoint\",\"urlTemplate\":\"https:\\\/\\\/platyphoto.com\\\/?s={search_term_string}\"},\"query-input\":{\"@type\":\"PropertyValueSpecification\",\"valueRequired\":true,\"valueName\":\"search_term_string\"}}],\"inLanguage\":\"en-US\"},{\"@type\":\"Organization\",\"@id\":\"https:\\\/\\\/platyphoto.com\\\/#organization\",\"name\":\"Platyphoto\",\"alternateName\":\"Platyphoto\",\"url\":\"https:\\\/\\\/platyphoto.com\\\/\",\"logo\":{\"@type\":\"ImageObject\",\"inLanguage\":\"en-US\",\"@id\":\"https:\\\/\\\/platyphoto.com\\\/#\\\/schema\\\/logo\\\/image\\\/\",\"url\":\"https:\\\/\\\/i0.wp.com\\\/platyphoto.com\\\/wp-content\\\/uploads\\\/2020\\\/11\\\/cropped-header.jpg?fit=1500%2C282&ssl=1\",\"contentUrl\":\"https:\\\/\\\/i0.wp.com\\\/platyphoto.com\\\/wp-content\\\/uploads\\\/2020\\\/11\\\/cropped-header.jpg?fit=1500%2C282&ssl=1\",\"width\":1500,\"height\":282,\"caption\":\"Platyphoto\"},\"image\":{\"@id\":\"https:\\\/\\\/platyphoto.com\\\/#\\\/schema\\\/logo\\\/image\\\/\"},\"sameAs\":[\"https:\\\/\\\/www.instagram.com\\\/platyphoto\\\/\"]}]}<\/script>\n<!-- \/ Yoast SEO plugin. -->","yoast_head_json":{"title":"Minolta bague d'adaptation MD - M42 - Platyphoto","description":"Bague non officielle Minolta permettant de monter des optiques en monture M42 sur les appareils Minolta en monture MD. Mise au point \u00e0 l'infini conserv\u00e9e. Automatisme du diaphragme non conserv\u00e9e.","robots":{"index":"index","follow":"follow","max-snippet":"max-snippet:-1","max-image-preview":"max-image-preview:large","max-video-preview":"max-video-preview:-1"},"canonical":"https:\/\/platyphoto.com\/en\/product\/minolta-bague-dadaptation-md-m42\/","og_locale":"en_US","og_type":"article","og_title":"Minolta bague d'adaptation MD - M42 - Platyphoto","og_description":"Bague non officielle Minolta permettant de monter des optiques en monture M42 sur les appareils Minolta en monture MD. Mise au point \u00e0 l'infini conserv\u00e9e. Automatisme du diaphragme non conserv\u00e9e.","og_url":"https:\/\/platyphoto.com\/en\/product\/minolta-bague-dadaptation-md-m42\/","og_site_name":"Platyphoto","article_modified_time":"2025-07-26T22:06:11+00:00","og_image":[{"width":3380,"height":2246,"url":"https:\/\/platyphoto.com\/wp-content\/uploads\/2025\/06\/Minolta-M42.jpg","type":"image\/jpeg"}],"twitter_card":"summary_large_image","twitter_misc":{"Est. reading time":"1 minute"},"schema":{"@context":"https:\/\/schema.org","@graph":[{"@type":"WebPage","@id":"https:\/\/platyphoto.com\/produit\/minolta-bague-dadaptation-md-m42\/","url":"https:\/\/platyphoto.com\/produit\/minolta-bague-dadaptation-md-m42\/","name":"Minolta bague d'adaptation MD - M42 - Platyphoto","isPartOf":{"@id":"https:\/\/platyphoto.com\/#website"},"primaryImageOfPage":{"@id":"https:\/\/platyphoto.com\/produit\/minolta-bague-dadaptation-md-m42\/#primaryimage"},"image":{"@id":"https:\/\/platyphoto.com\/produit\/minolta-bague-dadaptation-md-m42\/#primaryimage"},"thumbnailUrl":"https:\/\/i0.wp.com\/platyphoto.com\/wp-content\/uploads\/2025\/06\/Minolta-M42.jpg?fit=3380%2C2246&ssl=1","datePublished":"2025-06-10T14:30:55+00:00","dateModified":"2025-07-26T22:06:11+00:00","description":"Bague non officielle Minolta permettant de monter des optiques en monture M42 sur les appareils Minolta en monture MD. Mise au point \u00e0 l'infini conserv\u00e9e. Automatisme du diaphragme non conserv\u00e9e.","breadcrumb":{"@id":"https:\/\/platyphoto.com\/produit\/minolta-bague-dadaptation-md-m42\/#breadcrumb"},"inLanguage":"en-US","potentialAction":[{"@type":"ReadAction","target":["https:\/\/platyphoto.com\/produit\/minolta-bague-dadaptation-md-m42\/"]}]},{"@type":"ImageObject","inLanguage":"en-US","@id":"https:\/\/platyphoto.com\/produit\/minolta-bague-dadaptation-md-m42\/#primaryimage","url":"https:\/\/i0.wp.com\/platyphoto.com\/wp-content\/uploads\/2025\/06\/Minolta-M42.jpg?fit=3380%2C2246&ssl=1","contentUrl":"https:\/\/i0.wp.com\/platyphoto.com\/wp-content\/uploads\/2025\/06\/Minolta-M42.jpg?fit=3380%2C2246&ssl=1","width":3380,"height":2246,"caption":"Minolta bague d'adaptation MD - M42"},{"@type":"BreadcrumbList","@id":"https:\/\/platyphoto.com\/produit\/minolta-bague-dadaptation-md-m42\/#breadcrumb","itemListElement":[{"@type":"ListItem","position":1,"name":"Accueil","item":"https:\/\/platyphoto.com\/"},{"@type":"ListItem","position":2,"name":"Boutique","item":"https:\/\/platyphoto.com\/boutique\/"},{"@type":"ListItem","position":3,"name":"Minolta bague d&rsquo;adaptation MD &#8211; M42"}]},{"@type":"WebSite","@id":"https:\/\/platyphoto.com\/#website","url":"https:\/\/platyphoto.com\/","name":"Platyphoto","description":"Appareils photos argentiques, objectifs et accessoires de qualit\u00e9.","publisher":{"@id":"https:\/\/platyphoto.com\/#organization"},"potentialAction":[{"@type":"SearchAction","target":{"@type":"EntryPoint","urlTemplate":"https:\/\/platyphoto.com\/?s={search_term_string}"},"query-input":{"@type":"PropertyValueSpecification","valueRequired":true,"valueName":"search_term_string"}}],"inLanguage":"en-US"},{"@type":"Organization","@id":"https:\/\/platyphoto.com\/#organization","name":"Platyphoto","alternateName":"Platyphoto","url":"https:\/\/platyphoto.com\/","logo":{"@type":"ImageObject","inLanguage":"en-US","@id":"https:\/\/platyphoto.com\/#\/schema\/logo\/image\/","url":"https:\/\/i0.wp.com\/platyphoto.com\/wp-content\/uploads\/2020\/11\/cropped-header.jpg?fit=1500%2C282&ssl=1","contentUrl":"https:\/\/i0.wp.com\/platyphoto.com\/wp-content\/uploads\/2020\/11\/cropped-header.jpg?fit=1500%2C282&ssl=1","width":1500,"height":282,"caption":"Platyphoto"},"image":{"@id":"https:\/\/platyphoto.com\/#\/schema\/logo\/image\/"},"sameAs":["https:\/\/www.instagram.com\/platyphoto\/"]}]}},"jetpack_publicize_connections":[],"jetpack_likes_enabled":false,"jetpack_sharing_enabled":true,"_links":{"self":[{"href":"https:\/\/platyphoto.com\/en\/wp-json\/wp\/v2\/product\/16228","targetHints":{"allow":["GET"]}}],"collection":[{"href":"https:\/\/platyphoto.com\/en\/wp-json\/wp\/v2\/product"}],"about":[{"href":"https:\/\/platyphoto.com\/en\/wp-json\/wp\/v2\/types\/product"}],"wp:featuredmedia":[{"embeddable":true,"href":"https:\/\/platyphoto.com\/en\/wp-json\/wp\/v2\/media\/16229"}],"wp:attachment":[{"href":"https:\/\/platyphoto.com\/en\/wp-json\/wp\/v2\/media?parent=16228"}],"wp:term":[{"taxonomy":"product_brand","embeddable":true,"href":"https:\/\/platyphoto.com\/en\/wp-json\/wp\/v2\/product_brand?post=16228"},{"taxonomy":"product_cat","embeddable":true,"href":"https:\/\/platyphoto.com\/en\/wp-json\/wp\/v2\/product_cat?post=16228"},{"taxonomy":"product_tag","embeddable":true,"href":"https:\/\/platyphoto.com\/en\/wp-json\/wp\/v2\/product_tag?post=16228"}],"curies":[{"name":"wp","href":"https:\/\/api.w.org\/{rel}","templated":true}]}}