{"id":16242,"date":"2025-06-10T18:39:11","date_gmt":"2025-06-10T16:39:11","guid":{"rendered":"https:\/\/platyphoto.com\/?post_type=product&#038;p=16242"},"modified":"2025-06-10T18:43:19","modified_gmt":"2025-06-10T16:43:19","slug":"m42-pentax-super-takumar-55mm-f2-2","status":"publish","type":"product","link":"https:\/\/platyphoto.com\/en\/product\/m42-pentax-super-takumar-55mm-f2-2\/","title":{"rendered":"M42 Pentax Super-Takumar 55mm F:2"},"content":{"rendered":"<p><strong>Marque<\/strong> : Asahi Pentax<\/p>\n<p><strong>Mod\u00e8le<\/strong> : Super-Takumar 55mm F:2<\/p>\n<p><strong>Monture :<\/strong> M42<\/p>\n<div id=\"ds_div\">\n<div><span style=\"font-size: large;\"><span style=\"font-family: Arial;\">Objectif classique monture M42 Super-Takumar 55mm F:2, optique de qualit\u00e9, sa r\u00e9putation n&rsquo;est plus \u00e0 faire.<\/span><\/span><\/div>\n<div><\/div>\n<div><\/div>\n<\/div>\n<div>\n<p><strong>Concernant l\u2019\u00e9tat :<\/strong><\/p>\n<p>Exterieur : 8\/10, traces d\u2019usages<\/p>\n<p>Optique : 9\/10, pr\u00e9sence de quelques micro poussi\u00e8res, sans incidence sur la qualit\u00e9 des images.<\/p>\n<p>M\u00e9canique : 10\/10, 100% fonctionnel, mise au point fluide, diaphragme ok.<\/p>\n<\/div>\n<p>&nbsp;<\/p>\n<p>&nbsp;<\/p>","protected":false},"excerpt":{"rendered":"<p>Marque : Asahi Pentax Mod\u00e8le : Super-Takumar 55mm F:2 Monture : M42 Objectif classique monture M42 Super-Takumar 55mm F:2, optique de qualit\u00e9, sa r\u00e9putation n&rsquo;est plus \u00e0 faire. Concernant l\u2019\u00e9tat : Exterieur : 8\/10, traces d\u2019usages Optique : 9\/10, pr\u00e9sence de quelques micro poussi\u00e8res, sans incidence sur la qualit\u00e9 des images. M\u00e9canique : 10\/10, 100% [&hellip;]<\/p>\n","protected":false},"featured_media":16245,"template":"","meta":{"_coblocks_attr":"","_coblocks_dimensions":"","_coblocks_responsive_height":"","_coblocks_accordion_ie_support":"","_crdt_document":"","jetpack_post_was_ever_published":false,"jetpack_publicize_message":"","jetpack_publicize_feature_enabled":true,"jetpack_social_post_already_shared":true,"jetpack_social_options":{"image_generator_settings":{"template":"highway","default_image_id":0,"font":"","enabled":false},"version":2},"_wpas_customize_per_network":false},"product_brand":[],"product_cat":[6367,6366],"product_tag":[],"class_list":{"0":"post-16242","1":"product","2":"type-product","3":"status-publish","4":"has-post-thumbnail","6":"product_cat-m42","7":"product_cat-objectifs","9":"first","10":"instock","11":"shipping-taxable","12":"purchasable","13":"product-type-simple"},"yoast_head":"<!-- This site is optimized with the Yoast SEO plugin v27.3 - https:\/\/yoast.com\/product\/yoast-seo-wordpress\/ -->\n<title>M42 Pentax Super-Takumar 55mm F:2 - Platyphoto<\/title>\n<meta name=\"description\" content=\"Objectif classique monture M42 Super-Takumar 55mm F:2, optique de qualit\u00e9, sa r\u00e9putation n&#039;est plus \u00e0 faire.\" \/>\n<meta name=\"robots\" content=\"index, follow, max-snippet:-1, max-image-preview:large, max-video-preview:-1\" \/>\n<link rel=\"canonical\" href=\"https:\/\/platyphoto.com\/en\/product\/m42-pentax-super-takumar-55mm-f2-2\/\" \/>\n<meta property=\"og:locale\" content=\"en_US\" \/>\n<meta property=\"og:type\" content=\"article\" \/>\n<meta property=\"og:title\" content=\"M42 Pentax Super-Takumar 55mm F:2 - Platyphoto\" \/>\n<meta property=\"og:description\" content=\"Objectif classique monture M42 Super-Takumar 55mm F:2, optique de qualit\u00e9, sa r\u00e9putation n&#039;est plus \u00e0 faire.\" \/>\n<meta property=\"og:url\" content=\"https:\/\/platyphoto.com\/en\/product\/m42-pentax-super-takumar-55mm-f2-2\/\" \/>\n<meta property=\"og:site_name\" content=\"Platyphoto\" \/>\n<meta property=\"article:modified_time\" content=\"2025-06-10T16:43:19+00:00\" \/>\n<meta property=\"og:image\" content=\"https:\/\/platyphoto.com\/wp-content\/uploads\/2025\/06\/Takumar-55mm-F2-2-1.jpg\" \/>\n\t<meta property=\"og:image:width\" content=\"3932\" \/>\n\t<meta property=\"og:image:height\" content=\"2613\" \/>\n\t<meta property=\"og:image:type\" content=\"image\/jpeg\" \/>\n<meta name=\"twitter:card\" content=\"summary_large_image\" \/>\n<meta name=\"twitter:label1\" content=\"Est. reading time\" \/>\n\t<meta name=\"twitter:data1\" content=\"1 minute\" \/>\n<script type=\"application\/ld+json\" class=\"yoast-schema-graph\">{\"@context\":\"https:\\\/\\\/schema.org\",\"@graph\":[{\"@type\":\"WebPage\",\"@id\":\"https:\\\/\\\/platyphoto.com\\\/produit\\\/m42-pentax-super-takumar-55mm-f2-2\\\/\",\"url\":\"https:\\\/\\\/platyphoto.com\\\/produit\\\/m42-pentax-super-takumar-55mm-f2-2\\\/\",\"name\":\"M42 Pentax Super-Takumar 55mm F:2 - Platyphoto\",\"isPartOf\":{\"@id\":\"https:\\\/\\\/platyphoto.com\\\/#website\"},\"primaryImageOfPage\":{\"@id\":\"https:\\\/\\\/platyphoto.com\\\/produit\\\/m42-pentax-super-takumar-55mm-f2-2\\\/#primaryimage\"},\"image\":{\"@id\":\"https:\\\/\\\/platyphoto.com\\\/produit\\\/m42-pentax-super-takumar-55mm-f2-2\\\/#primaryimage\"},\"thumbnailUrl\":\"https:\\\/\\\/i0.wp.com\\\/platyphoto.com\\\/wp-content\\\/uploads\\\/2025\\\/06\\\/Takumar-55mm-F2-2-1.jpg?fit=3932%2C2613&ssl=1\",\"datePublished\":\"2025-06-10T16:39:11+00:00\",\"dateModified\":\"2025-06-10T16:43:19+00:00\",\"description\":\"Objectif classique monture M42 Super-Takumar 55mm F:2, optique de qualit\u00e9, sa r\u00e9putation n'est plus \u00e0 faire.\",\"breadcrumb\":{\"@id\":\"https:\\\/\\\/platyphoto.com\\\/produit\\\/m42-pentax-super-takumar-55mm-f2-2\\\/#breadcrumb\"},\"inLanguage\":\"en-US\",\"potentialAction\":[{\"@type\":\"ReadAction\",\"target\":[\"https:\\\/\\\/platyphoto.com\\\/produit\\\/m42-pentax-super-takumar-55mm-f2-2\\\/\"]}]},{\"@type\":\"ImageObject\",\"inLanguage\":\"en-US\",\"@id\":\"https:\\\/\\\/platyphoto.com\\\/produit\\\/m42-pentax-super-takumar-55mm-f2-2\\\/#primaryimage\",\"url\":\"https:\\\/\\\/i0.wp.com\\\/platyphoto.com\\\/wp-content\\\/uploads\\\/2025\\\/06\\\/Takumar-55mm-F2-2-1.jpg?fit=3932%2C2613&ssl=1\",\"contentUrl\":\"https:\\\/\\\/i0.wp.com\\\/platyphoto.com\\\/wp-content\\\/uploads\\\/2025\\\/06\\\/Takumar-55mm-F2-2-1.jpg?fit=3932%2C2613&ssl=1\",\"width\":3932,\"height\":2613,\"caption\":\"M42 Pentax Super-Takumar 55mm F:2\"},{\"@type\":\"BreadcrumbList\",\"@id\":\"https:\\\/\\\/platyphoto.com\\\/produit\\\/m42-pentax-super-takumar-55mm-f2-2\\\/#breadcrumb\",\"itemListElement\":[{\"@type\":\"ListItem\",\"position\":1,\"name\":\"Accueil\",\"item\":\"https:\\\/\\\/platyphoto.com\\\/\"},{\"@type\":\"ListItem\",\"position\":2,\"name\":\"Boutique\",\"item\":\"https:\\\/\\\/platyphoto.com\\\/boutique\\\/\"},{\"@type\":\"ListItem\",\"position\":3,\"name\":\"M42 Pentax Super-Takumar 55mm F:2\"}]},{\"@type\":\"WebSite\",\"@id\":\"https:\\\/\\\/platyphoto.com\\\/#website\",\"url\":\"https:\\\/\\\/platyphoto.com\\\/\",\"name\":\"Platyphoto\",\"description\":\"Appareils photos argentiques, objectifs et accessoires de qualit\u00e9.\",\"publisher\":{\"@id\":\"https:\\\/\\\/platyphoto.com\\\/#organization\"},\"potentialAction\":[{\"@type\":\"SearchAction\",\"target\":{\"@type\":\"EntryPoint\",\"urlTemplate\":\"https:\\\/\\\/platyphoto.com\\\/?s={search_term_string}\"},\"query-input\":{\"@type\":\"PropertyValueSpecification\",\"valueRequired\":true,\"valueName\":\"search_term_string\"}}],\"inLanguage\":\"en-US\"},{\"@type\":\"Organization\",\"@id\":\"https:\\\/\\\/platyphoto.com\\\/#organization\",\"name\":\"Platyphoto\",\"alternateName\":\"Platyphoto\",\"url\":\"https:\\\/\\\/platyphoto.com\\\/\",\"logo\":{\"@type\":\"ImageObject\",\"inLanguage\":\"en-US\",\"@id\":\"https:\\\/\\\/platyphoto.com\\\/#\\\/schema\\\/logo\\\/image\\\/\",\"url\":\"https:\\\/\\\/i0.wp.com\\\/platyphoto.com\\\/wp-content\\\/uploads\\\/2020\\\/11\\\/cropped-header.jpg?fit=1500%2C282&ssl=1\",\"contentUrl\":\"https:\\\/\\\/i0.wp.com\\\/platyphoto.com\\\/wp-content\\\/uploads\\\/2020\\\/11\\\/cropped-header.jpg?fit=1500%2C282&ssl=1\",\"width\":1500,\"height\":282,\"caption\":\"Platyphoto\"},\"image\":{\"@id\":\"https:\\\/\\\/platyphoto.com\\\/#\\\/schema\\\/logo\\\/image\\\/\"},\"sameAs\":[\"https:\\\/\\\/www.instagram.com\\\/platyphoto\\\/\"]}]}<\/script>\n<!-- \/ Yoast SEO plugin. -->","yoast_head_json":{"title":"M42 Pentax Super-Takumar 55mm F:2 - Platyphoto","description":"Objectif classique monture M42 Super-Takumar 55mm F:2, optique de qualit\u00e9, sa r\u00e9putation n'est plus \u00e0 faire.","robots":{"index":"index","follow":"follow","max-snippet":"max-snippet:-1","max-image-preview":"max-image-preview:large","max-video-preview":"max-video-preview:-1"},"canonical":"https:\/\/platyphoto.com\/en\/product\/m42-pentax-super-takumar-55mm-f2-2\/","og_locale":"en_US","og_type":"article","og_title":"M42 Pentax Super-Takumar 55mm F:2 - Platyphoto","og_description":"Objectif classique monture M42 Super-Takumar 55mm F:2, optique de qualit\u00e9, sa r\u00e9putation n'est plus \u00e0 faire.","og_url":"https:\/\/platyphoto.com\/en\/product\/m42-pentax-super-takumar-55mm-f2-2\/","og_site_name":"Platyphoto","article_modified_time":"2025-06-10T16:43:19+00:00","og_image":[{"width":3932,"height":2613,"url":"https:\/\/platyphoto.com\/wp-content\/uploads\/2025\/06\/Takumar-55mm-F2-2-1.jpg","type":"image\/jpeg"}],"twitter_card":"summary_large_image","twitter_misc":{"Est. reading time":"1 minute"},"schema":{"@context":"https:\/\/schema.org","@graph":[{"@type":"WebPage","@id":"https:\/\/platyphoto.com\/produit\/m42-pentax-super-takumar-55mm-f2-2\/","url":"https:\/\/platyphoto.com\/produit\/m42-pentax-super-takumar-55mm-f2-2\/","name":"M42 Pentax Super-Takumar 55mm F:2 - Platyphoto","isPartOf":{"@id":"https:\/\/platyphoto.com\/#website"},"primaryImageOfPage":{"@id":"https:\/\/platyphoto.com\/produit\/m42-pentax-super-takumar-55mm-f2-2\/#primaryimage"},"image":{"@id":"https:\/\/platyphoto.com\/produit\/m42-pentax-super-takumar-55mm-f2-2\/#primaryimage"},"thumbnailUrl":"https:\/\/i0.wp.com\/platyphoto.com\/wp-content\/uploads\/2025\/06\/Takumar-55mm-F2-2-1.jpg?fit=3932%2C2613&ssl=1","datePublished":"2025-06-10T16:39:11+00:00","dateModified":"2025-06-10T16:43:19+00:00","description":"Objectif classique monture M42 Super-Takumar 55mm F:2, optique de qualit\u00e9, sa r\u00e9putation n'est plus \u00e0 faire.","breadcrumb":{"@id":"https:\/\/platyphoto.com\/produit\/m42-pentax-super-takumar-55mm-f2-2\/#breadcrumb"},"inLanguage":"en-US","potentialAction":[{"@type":"ReadAction","target":["https:\/\/platyphoto.com\/produit\/m42-pentax-super-takumar-55mm-f2-2\/"]}]},{"@type":"ImageObject","inLanguage":"en-US","@id":"https:\/\/platyphoto.com\/produit\/m42-pentax-super-takumar-55mm-f2-2\/#primaryimage","url":"https:\/\/i0.wp.com\/platyphoto.com\/wp-content\/uploads\/2025\/06\/Takumar-55mm-F2-2-1.jpg?fit=3932%2C2613&ssl=1","contentUrl":"https:\/\/i0.wp.com\/platyphoto.com\/wp-content\/uploads\/2025\/06\/Takumar-55mm-F2-2-1.jpg?fit=3932%2C2613&ssl=1","width":3932,"height":2613,"caption":"M42 Pentax Super-Takumar 55mm F:2"},{"@type":"BreadcrumbList","@id":"https:\/\/platyphoto.com\/produit\/m42-pentax-super-takumar-55mm-f2-2\/#breadcrumb","itemListElement":[{"@type":"ListItem","position":1,"name":"Accueil","item":"https:\/\/platyphoto.com\/"},{"@type":"ListItem","position":2,"name":"Boutique","item":"https:\/\/platyphoto.com\/boutique\/"},{"@type":"ListItem","position":3,"name":"M42 Pentax Super-Takumar 55mm F:2"}]},{"@type":"WebSite","@id":"https:\/\/platyphoto.com\/#website","url":"https:\/\/platyphoto.com\/","name":"Platyphoto","description":"Appareils photos argentiques, objectifs et accessoires de qualit\u00e9.","publisher":{"@id":"https:\/\/platyphoto.com\/#organization"},"potentialAction":[{"@type":"SearchAction","target":{"@type":"EntryPoint","urlTemplate":"https:\/\/platyphoto.com\/?s={search_term_string}"},"query-input":{"@type":"PropertyValueSpecification","valueRequired":true,"valueName":"search_term_string"}}],"inLanguage":"en-US"},{"@type":"Organization","@id":"https:\/\/platyphoto.com\/#organization","name":"Platyphoto","alternateName":"Platyphoto","url":"https:\/\/platyphoto.com\/","logo":{"@type":"ImageObject","inLanguage":"en-US","@id":"https:\/\/platyphoto.com\/#\/schema\/logo\/image\/","url":"https:\/\/i0.wp.com\/platyphoto.com\/wp-content\/uploads\/2020\/11\/cropped-header.jpg?fit=1500%2C282&ssl=1","contentUrl":"https:\/\/i0.wp.com\/platyphoto.com\/wp-content\/uploads\/2020\/11\/cropped-header.jpg?fit=1500%2C282&ssl=1","width":1500,"height":282,"caption":"Platyphoto"},"image":{"@id":"https:\/\/platyphoto.com\/#\/schema\/logo\/image\/"},"sameAs":["https:\/\/www.instagram.com\/platyphoto\/"]}]}},"jetpack_publicize_connections":[],"jetpack_likes_enabled":false,"jetpack_sharing_enabled":true,"_links":{"self":[{"href":"https:\/\/platyphoto.com\/en\/wp-json\/wp\/v2\/product\/16242","targetHints":{"allow":["GET"]}}],"collection":[{"href":"https:\/\/platyphoto.com\/en\/wp-json\/wp\/v2\/product"}],"about":[{"href":"https:\/\/platyphoto.com\/en\/wp-json\/wp\/v2\/types\/product"}],"wp:featuredmedia":[{"embeddable":true,"href":"https:\/\/platyphoto.com\/en\/wp-json\/wp\/v2\/media\/16245"}],"wp:attachment":[{"href":"https:\/\/platyphoto.com\/en\/wp-json\/wp\/v2\/media?parent=16242"}],"wp:term":[{"taxonomy":"product_brand","embeddable":true,"href":"https:\/\/platyphoto.com\/en\/wp-json\/wp\/v2\/product_brand?post=16242"},{"taxonomy":"product_cat","embeddable":true,"href":"https:\/\/platyphoto.com\/en\/wp-json\/wp\/v2\/product_cat?post=16242"},{"taxonomy":"product_tag","embeddable":true,"href":"https:\/\/platyphoto.com\/en\/wp-json\/wp\/v2\/product_tag?post=16242"}],"curies":[{"name":"wp","href":"https:\/\/api.w.org\/{rel}","templated":true}]}}