{"id":16340,"date":"2025-06-13T08:52:35","date_gmt":"2025-06-13T06:52:35","guid":{"rendered":"https:\/\/platyphoto.com\/?post_type=product&#038;p=16340"},"modified":"2025-09-12T10:39:03","modified_gmt":"2025-09-12T08:39:03","slug":"nikon-coolpix-p500-12mpx","status":"publish","type":"product","link":"https:\/\/platyphoto.com\/en\/product\/nikon-coolpix-p500-12mpx\/","title":{"rendered":"Nikon Coolpix P500 12mpx"},"content":{"rendered":"<p><strong>Marque<\/strong> : Nikon<\/p>\n<p><strong>Mod\u00e8le<\/strong> : Coolpix P500<\/p>\n<p><strong>Objectif<\/strong> : 22.5-810 mm f\/3.4 -5.7<\/p>\n<p><strong>D\u00e9finition<\/strong> : CMOS 12 Mpx<\/p>\n<p><strong>Piles : <\/strong>batterie sp\u00e9fique<\/p>\n<p>Appareil photo num\u00e9rique bridge Nikon Coolpix P500 12mpx. Ecran orientable, zoom performant et divers modes de prises de vues, manuels et automatiques. Flash int\u00e9gr\u00e9. Mode vid\u00e9o.<\/p>\n<p>Appareil en bon \u00e9tat g\u00e9n\u00e9ral malgr\u00e9 quelques traces d&rsquo;utilisation.<\/p>\n<p>Vendu avec carte SD 4 go (1248 photos en qualit\u00e9 max).<\/p>\n<p>100% fonctionnel, garanti 3 mois.<\/p>\n<p>&nbsp;<\/p>","protected":false},"excerpt":{"rendered":"<p>Marque : Nikon Mod\u00e8le : Coolpix P500 Objectif : 22.5-810 mm f\/3.4 -5.7 D\u00e9finition : CMOS 12 Mpx Piles : batterie sp\u00e9fique Appareil photo num\u00e9rique bridge Nikon Coolpix P500 12mpx. Ecran orientable, zoom performant et divers modes de prises de vues, manuels et automatiques. Flash int\u00e9gr\u00e9. Mode vid\u00e9o. Appareil en bon \u00e9tat g\u00e9n\u00e9ral malgr\u00e9 quelques [&hellip;]<\/p>\n","protected":false},"featured_media":16344,"template":"","meta":{"_coblocks_attr":"","_coblocks_dimensions":"","_coblocks_responsive_height":"","_coblocks_accordion_ie_support":"","_crdt_document":"","jetpack_post_was_ever_published":false,"jetpack_publicize_message":"","jetpack_publicize_feature_enabled":true,"jetpack_social_post_already_shared":true,"jetpack_social_options":{"image_generator_settings":{"template":"highway","default_image_id":0,"font":"","enabled":false},"version":2},"_wpas_customize_per_network":false},"product_brand":[],"product_cat":[6349,6545],"product_tag":[],"class_list":{"0":"post-16340","1":"product","2":"type-product","3":"status-publish","4":"has-post-thumbnail","6":"product_cat-appareils","7":"product_cat-numeriques","9":"first","10":"outofstock","11":"shipping-taxable","12":"purchasable","13":"product-type-simple"},"yoast_head":"<!-- This site is optimized with the Yoast SEO plugin v27.3 - https:\/\/yoast.com\/product\/yoast-seo-wordpress\/ -->\n<title>Nikon Coolpix P500 12mpx - Platyphoto<\/title>\n<meta name=\"description\" content=\"Appareil photo num\u00e9rique bridge Nikon Coolpix P500 12mpx. Ecran orientable, zoom performant et divers modes de prises de vues, manuels et automatiques. Flash int\u00e9gr\u00e9. Mode vid\u00e9o.\" \/>\n<meta name=\"robots\" content=\"index, follow, max-snippet:-1, max-image-preview:large, max-video-preview:-1\" \/>\n<link rel=\"canonical\" href=\"https:\/\/platyphoto.com\/en\/product\/nikon-coolpix-p500-12mpx\/\" \/>\n<meta property=\"og:locale\" content=\"en_US\" \/>\n<meta property=\"og:type\" content=\"article\" \/>\n<meta property=\"og:title\" content=\"Nikon Coolpix P500 12mpx - Platyphoto\" \/>\n<meta property=\"og:description\" content=\"Appareil photo num\u00e9rique bridge Nikon Coolpix P500 12mpx. Ecran orientable, zoom performant et divers modes de prises de vues, manuels et automatiques. Flash int\u00e9gr\u00e9. Mode vid\u00e9o.\" \/>\n<meta property=\"og:url\" content=\"https:\/\/platyphoto.com\/en\/product\/nikon-coolpix-p500-12mpx\/\" \/>\n<meta property=\"og:site_name\" content=\"Platyphoto\" \/>\n<meta property=\"article:modified_time\" content=\"2025-09-12T08:39:03+00:00\" \/>\n<meta property=\"og:image\" content=\"https:\/\/platyphoto.com\/wp-content\/uploads\/2025\/06\/Nikon-P500.jpg\" \/>\n\t<meta property=\"og:image:width\" content=\"4250\" \/>\n\t<meta property=\"og:image:height\" content=\"2824\" \/>\n\t<meta property=\"og:image:type\" content=\"image\/jpeg\" \/>\n<meta name=\"twitter:card\" content=\"summary_large_image\" \/>\n<meta name=\"twitter:label1\" content=\"Est. reading time\" \/>\n\t<meta name=\"twitter:data1\" content=\"1 minute\" \/>\n<script type=\"application\/ld+json\" class=\"yoast-schema-graph\">{\"@context\":\"https:\\\/\\\/schema.org\",\"@graph\":[{\"@type\":\"WebPage\",\"@id\":\"https:\\\/\\\/platyphoto.com\\\/produit\\\/nikon-coolpix-p500-12mpx\\\/\",\"url\":\"https:\\\/\\\/platyphoto.com\\\/produit\\\/nikon-coolpix-p500-12mpx\\\/\",\"name\":\"Nikon Coolpix P500 12mpx - Platyphoto\",\"isPartOf\":{\"@id\":\"https:\\\/\\\/platyphoto.com\\\/#website\"},\"primaryImageOfPage\":{\"@id\":\"https:\\\/\\\/platyphoto.com\\\/produit\\\/nikon-coolpix-p500-12mpx\\\/#primaryimage\"},\"image\":{\"@id\":\"https:\\\/\\\/platyphoto.com\\\/produit\\\/nikon-coolpix-p500-12mpx\\\/#primaryimage\"},\"thumbnailUrl\":\"https:\\\/\\\/i0.wp.com\\\/platyphoto.com\\\/wp-content\\\/uploads\\\/2025\\\/06\\\/Nikon-P500.jpg?fit=4250%2C2824&ssl=1\",\"datePublished\":\"2025-06-13T06:52:35+00:00\",\"dateModified\":\"2025-09-12T08:39:03+00:00\",\"description\":\"Appareil photo num\u00e9rique bridge Nikon Coolpix P500 12mpx. Ecran orientable, zoom performant et divers modes de prises de vues, manuels et automatiques. Flash int\u00e9gr\u00e9. Mode vid\u00e9o.\",\"breadcrumb\":{\"@id\":\"https:\\\/\\\/platyphoto.com\\\/produit\\\/nikon-coolpix-p500-12mpx\\\/#breadcrumb\"},\"inLanguage\":\"en-US\",\"potentialAction\":[{\"@type\":\"ReadAction\",\"target\":[\"https:\\\/\\\/platyphoto.com\\\/produit\\\/nikon-coolpix-p500-12mpx\\\/\"]}]},{\"@type\":\"ImageObject\",\"inLanguage\":\"en-US\",\"@id\":\"https:\\\/\\\/platyphoto.com\\\/produit\\\/nikon-coolpix-p500-12mpx\\\/#primaryimage\",\"url\":\"https:\\\/\\\/i0.wp.com\\\/platyphoto.com\\\/wp-content\\\/uploads\\\/2025\\\/06\\\/Nikon-P500.jpg?fit=4250%2C2824&ssl=1\",\"contentUrl\":\"https:\\\/\\\/i0.wp.com\\\/platyphoto.com\\\/wp-content\\\/uploads\\\/2025\\\/06\\\/Nikon-P500.jpg?fit=4250%2C2824&ssl=1\",\"width\":4250,\"height\":2824,\"caption\":\"Nikon Coolpix P500 12mpx\"},{\"@type\":\"BreadcrumbList\",\"@id\":\"https:\\\/\\\/platyphoto.com\\\/produit\\\/nikon-coolpix-p500-12mpx\\\/#breadcrumb\",\"itemListElement\":[{\"@type\":\"ListItem\",\"position\":1,\"name\":\"Accueil\",\"item\":\"https:\\\/\\\/platyphoto.com\\\/\"},{\"@type\":\"ListItem\",\"position\":2,\"name\":\"Boutique\",\"item\":\"https:\\\/\\\/platyphoto.com\\\/boutique\\\/\"},{\"@type\":\"ListItem\",\"position\":3,\"name\":\"Nikon Coolpix P500 12mpx\"}]},{\"@type\":\"WebSite\",\"@id\":\"https:\\\/\\\/platyphoto.com\\\/#website\",\"url\":\"https:\\\/\\\/platyphoto.com\\\/\",\"name\":\"Platyphoto\",\"description\":\"Appareils photos argentiques, objectifs et accessoires de qualit\u00e9.\",\"publisher\":{\"@id\":\"https:\\\/\\\/platyphoto.com\\\/#organization\"},\"potentialAction\":[{\"@type\":\"SearchAction\",\"target\":{\"@type\":\"EntryPoint\",\"urlTemplate\":\"https:\\\/\\\/platyphoto.com\\\/?s={search_term_string}\"},\"query-input\":{\"@type\":\"PropertyValueSpecification\",\"valueRequired\":true,\"valueName\":\"search_term_string\"}}],\"inLanguage\":\"en-US\"},{\"@type\":\"Organization\",\"@id\":\"https:\\\/\\\/platyphoto.com\\\/#organization\",\"name\":\"Platyphoto\",\"alternateName\":\"Platyphoto\",\"url\":\"https:\\\/\\\/platyphoto.com\\\/\",\"logo\":{\"@type\":\"ImageObject\",\"inLanguage\":\"en-US\",\"@id\":\"https:\\\/\\\/platyphoto.com\\\/#\\\/schema\\\/logo\\\/image\\\/\",\"url\":\"https:\\\/\\\/i0.wp.com\\\/platyphoto.com\\\/wp-content\\\/uploads\\\/2020\\\/11\\\/cropped-header.jpg?fit=1500%2C282&ssl=1\",\"contentUrl\":\"https:\\\/\\\/i0.wp.com\\\/platyphoto.com\\\/wp-content\\\/uploads\\\/2020\\\/11\\\/cropped-header.jpg?fit=1500%2C282&ssl=1\",\"width\":1500,\"height\":282,\"caption\":\"Platyphoto\"},\"image\":{\"@id\":\"https:\\\/\\\/platyphoto.com\\\/#\\\/schema\\\/logo\\\/image\\\/\"},\"sameAs\":[\"https:\\\/\\\/www.instagram.com\\\/platyphoto\\\/\"]}]}<\/script>\n<!-- \/ Yoast SEO plugin. -->","yoast_head_json":{"title":"Nikon Coolpix P500 12mpx - Platyphoto","description":"Appareil photo num\u00e9rique bridge Nikon Coolpix P500 12mpx. Ecran orientable, zoom performant et divers modes de prises de vues, manuels et automatiques. Flash int\u00e9gr\u00e9. Mode vid\u00e9o.","robots":{"index":"index","follow":"follow","max-snippet":"max-snippet:-1","max-image-preview":"max-image-preview:large","max-video-preview":"max-video-preview:-1"},"canonical":"https:\/\/platyphoto.com\/en\/product\/nikon-coolpix-p500-12mpx\/","og_locale":"en_US","og_type":"article","og_title":"Nikon Coolpix P500 12mpx - Platyphoto","og_description":"Appareil photo num\u00e9rique bridge Nikon Coolpix P500 12mpx. Ecran orientable, zoom performant et divers modes de prises de vues, manuels et automatiques. Flash int\u00e9gr\u00e9. Mode vid\u00e9o.","og_url":"https:\/\/platyphoto.com\/en\/product\/nikon-coolpix-p500-12mpx\/","og_site_name":"Platyphoto","article_modified_time":"2025-09-12T08:39:03+00:00","og_image":[{"width":4250,"height":2824,"url":"https:\/\/platyphoto.com\/wp-content\/uploads\/2025\/06\/Nikon-P500.jpg","type":"image\/jpeg"}],"twitter_card":"summary_large_image","twitter_misc":{"Est. reading time":"1 minute"},"schema":{"@context":"https:\/\/schema.org","@graph":[{"@type":"WebPage","@id":"https:\/\/platyphoto.com\/produit\/nikon-coolpix-p500-12mpx\/","url":"https:\/\/platyphoto.com\/produit\/nikon-coolpix-p500-12mpx\/","name":"Nikon Coolpix P500 12mpx - Platyphoto","isPartOf":{"@id":"https:\/\/platyphoto.com\/#website"},"primaryImageOfPage":{"@id":"https:\/\/platyphoto.com\/produit\/nikon-coolpix-p500-12mpx\/#primaryimage"},"image":{"@id":"https:\/\/platyphoto.com\/produit\/nikon-coolpix-p500-12mpx\/#primaryimage"},"thumbnailUrl":"https:\/\/i0.wp.com\/platyphoto.com\/wp-content\/uploads\/2025\/06\/Nikon-P500.jpg?fit=4250%2C2824&ssl=1","datePublished":"2025-06-13T06:52:35+00:00","dateModified":"2025-09-12T08:39:03+00:00","description":"Appareil photo num\u00e9rique bridge Nikon Coolpix P500 12mpx. Ecran orientable, zoom performant et divers modes de prises de vues, manuels et automatiques. Flash int\u00e9gr\u00e9. Mode vid\u00e9o.","breadcrumb":{"@id":"https:\/\/platyphoto.com\/produit\/nikon-coolpix-p500-12mpx\/#breadcrumb"},"inLanguage":"en-US","potentialAction":[{"@type":"ReadAction","target":["https:\/\/platyphoto.com\/produit\/nikon-coolpix-p500-12mpx\/"]}]},{"@type":"ImageObject","inLanguage":"en-US","@id":"https:\/\/platyphoto.com\/produit\/nikon-coolpix-p500-12mpx\/#primaryimage","url":"https:\/\/i0.wp.com\/platyphoto.com\/wp-content\/uploads\/2025\/06\/Nikon-P500.jpg?fit=4250%2C2824&ssl=1","contentUrl":"https:\/\/i0.wp.com\/platyphoto.com\/wp-content\/uploads\/2025\/06\/Nikon-P500.jpg?fit=4250%2C2824&ssl=1","width":4250,"height":2824,"caption":"Nikon Coolpix P500 12mpx"},{"@type":"BreadcrumbList","@id":"https:\/\/platyphoto.com\/produit\/nikon-coolpix-p500-12mpx\/#breadcrumb","itemListElement":[{"@type":"ListItem","position":1,"name":"Accueil","item":"https:\/\/platyphoto.com\/"},{"@type":"ListItem","position":2,"name":"Boutique","item":"https:\/\/platyphoto.com\/boutique\/"},{"@type":"ListItem","position":3,"name":"Nikon Coolpix P500 12mpx"}]},{"@type":"WebSite","@id":"https:\/\/platyphoto.com\/#website","url":"https:\/\/platyphoto.com\/","name":"Platyphoto","description":"Appareils photos argentiques, objectifs et accessoires de qualit\u00e9.","publisher":{"@id":"https:\/\/platyphoto.com\/#organization"},"potentialAction":[{"@type":"SearchAction","target":{"@type":"EntryPoint","urlTemplate":"https:\/\/platyphoto.com\/?s={search_term_string}"},"query-input":{"@type":"PropertyValueSpecification","valueRequired":true,"valueName":"search_term_string"}}],"inLanguage":"en-US"},{"@type":"Organization","@id":"https:\/\/platyphoto.com\/#organization","name":"Platyphoto","alternateName":"Platyphoto","url":"https:\/\/platyphoto.com\/","logo":{"@type":"ImageObject","inLanguage":"en-US","@id":"https:\/\/platyphoto.com\/#\/schema\/logo\/image\/","url":"https:\/\/i0.wp.com\/platyphoto.com\/wp-content\/uploads\/2020\/11\/cropped-header.jpg?fit=1500%2C282&ssl=1","contentUrl":"https:\/\/i0.wp.com\/platyphoto.com\/wp-content\/uploads\/2020\/11\/cropped-header.jpg?fit=1500%2C282&ssl=1","width":1500,"height":282,"caption":"Platyphoto"},"image":{"@id":"https:\/\/platyphoto.com\/#\/schema\/logo\/image\/"},"sameAs":["https:\/\/www.instagram.com\/platyphoto\/"]}]}},"jetpack_publicize_connections":[],"jetpack_likes_enabled":false,"jetpack_sharing_enabled":true,"_links":{"self":[{"href":"https:\/\/platyphoto.com\/en\/wp-json\/wp\/v2\/product\/16340","targetHints":{"allow":["GET"]}}],"collection":[{"href":"https:\/\/platyphoto.com\/en\/wp-json\/wp\/v2\/product"}],"about":[{"href":"https:\/\/platyphoto.com\/en\/wp-json\/wp\/v2\/types\/product"}],"wp:featuredmedia":[{"embeddable":true,"href":"https:\/\/platyphoto.com\/en\/wp-json\/wp\/v2\/media\/16344"}],"wp:attachment":[{"href":"https:\/\/platyphoto.com\/en\/wp-json\/wp\/v2\/media?parent=16340"}],"wp:term":[{"taxonomy":"product_brand","embeddable":true,"href":"https:\/\/platyphoto.com\/en\/wp-json\/wp\/v2\/product_brand?post=16340"},{"taxonomy":"product_cat","embeddable":true,"href":"https:\/\/platyphoto.com\/en\/wp-json\/wp\/v2\/product_cat?post=16340"},{"taxonomy":"product_tag","embeddable":true,"href":"https:\/\/platyphoto.com\/en\/wp-json\/wp\/v2\/product_tag?post=16340"}],"curies":[{"name":"wp","href":"https:\/\/api.w.org\/{rel}","templated":true}]}}