{"id":16404,"date":"2025-06-17T18:19:25","date_gmt":"2025-06-17T16:19:25","guid":{"rendered":"https:\/\/platyphoto.com\/?post_type=product&#038;p=16404"},"modified":"2025-06-19T13:43:42","modified_gmt":"2025-06-19T11:43:42","slug":"dallmeyer-patent-3-wide-angle-lanscape","status":"publish","type":"product","link":"https:\/\/platyphoto.com\/en\/product\/dallmeyer-patent-3-wide-angle-lanscape\/","title":{"rendered":"Dallmeyer Patent 3 \u00ab\u00a0Wide angle Lanscape\u00a0\u00bb"},"content":{"rendered":"<div id=\"ds_div\">\n<div>\n<p><strong>Objectif<\/strong> : Dallmeyer N\u00b03 \u00ab\u00a0Wide angle Lanscape\u00a0\u00bb<\/p>\n<p><strong>Focale<\/strong> : 250mm<\/p>\n<p><strong>Ann\u00e9e de production<\/strong> : A partir d&rsquo;environ 1870<\/p>\n<p><strong>Format couvert<\/strong> : 8&#215;10&Prime; &#8211; 20x25cm<\/p>\n<\/div>\n<div>Grand angle de qualit\u00e9, le Dallmeyer N\u00b03 \u00ab\u00a0Wide angle Lanscape\u00a0\u00bb. Ici pr\u00e9sent\u00e9 un mod\u00e8le en \u00e9tat correct, avec diaphragmes int\u00e9gr\u00e9, fonctionnels et en bel \u00e9tat. L&rsquo;optique est propre sans champignons, quelques traces interne et poussi\u00e8res. Vendu avec bouchon avant, sans flange.<\/div>\n<div><\/div>\n<\/div>\n<div>\n<p><strong>Concernant l\u2019\u00e9tat :<\/strong><\/p>\n<p>Exterieur : 6,5\/10, traces d\u2019usages normales<\/p>\n<p>Optique : 7,5\/10, pr\u00e9sence de l\u00e9g\u00e8res traces internes<\/p>\n<p>M\u00e9canique : 10\/10, diaphragmes ok.<\/p>\n<\/div>","protected":false},"excerpt":{"rendered":"<p>Objectif : Dallmeyer N\u00b03 \u00ab\u00a0Wide angle Lanscape\u00a0\u00bb Focale : 250mm Ann\u00e9e de production : A partir d&rsquo;environ 1870 Format couvert : 8&#215;10&Prime; &#8211; 20x25cm Grand angle de qualit\u00e9, le Dallmeyer N\u00b03 \u00ab\u00a0Wide angle Lanscape\u00a0\u00bb. Ici pr\u00e9sent\u00e9 un mod\u00e8le en \u00e9tat correct, avec diaphragmes int\u00e9gr\u00e9, fonctionnels et en bel \u00e9tat. L&rsquo;optique est propre sans champignons, quelques [&hellip;]<\/p>\n","protected":false},"featured_media":16452,"template":"","meta":{"_coblocks_attr":"","_coblocks_dimensions":"","_coblocks_responsive_height":"","_coblocks_accordion_ie_support":"","_crdt_document":"","jetpack_publicize_message":"","jetpack_publicize_feature_enabled":true,"jetpack_social_post_already_shared":true,"jetpack_social_options":{"image_generator_settings":{"template":"highway","default_image_id":0,"font":"","enabled":false},"version":2},"_wpas_customize_per_network":false},"product_brand":[],"product_cat":[6375,6366],"product_tag":[],"class_list":{"0":"post-16404","1":"product","2":"type-product","3":"status-publish","4":"has-post-thumbnail","6":"product_cat-chambres","7":"product_cat-objectifs","9":"first","10":"outofstock","11":"shipping-taxable","12":"purchasable","13":"product-type-simple"},"yoast_head":"<!-- This site is optimized with the Yoast SEO plugin v27.4 - https:\/\/yoast.com\/product\/yoast-seo-wordpress\/ -->\n<title>Dallmeyer Patent 3 &quot;Wide angle Lanscape&quot; - Platyphoto<\/title>\n<meta name=\"description\" content=\"Grand angle de qualit\u00e9, le Dallmeyer N\u00b03 &quot;Wide angle Lanscape&quot;. Ici pr\u00e9sent\u00e9 un mod\u00e8le en \u00e9tat correct, avec diaphragmes int\u00e9gr\u00e9, fonctionnels et en bel \u00e9tat.\" \/>\n<meta name=\"robots\" content=\"index, follow, max-snippet:-1, max-image-preview:large, max-video-preview:-1\" \/>\n<link rel=\"canonical\" href=\"https:\/\/platyphoto.com\/en\/product\/dallmeyer-patent-3-wide-angle-lanscape\/\" \/>\n<meta property=\"og:locale\" content=\"en_US\" \/>\n<meta property=\"og:type\" content=\"article\" \/>\n<meta property=\"og:title\" content=\"Dallmeyer Patent 3 &quot;Wide angle Lanscape&quot; - Platyphoto\" \/>\n<meta property=\"og:description\" content=\"Grand angle de qualit\u00e9, le Dallmeyer N\u00b03 &quot;Wide angle Lanscape&quot;. Ici pr\u00e9sent\u00e9 un mod\u00e8le en \u00e9tat correct, avec diaphragmes int\u00e9gr\u00e9, fonctionnels et en bel \u00e9tat.\" \/>\n<meta property=\"og:url\" content=\"https:\/\/platyphoto.com\/en\/product\/dallmeyer-patent-3-wide-angle-lanscape\/\" \/>\n<meta property=\"og:site_name\" content=\"Platyphoto\" \/>\n<meta property=\"article:modified_time\" content=\"2025-06-19T11:43:42+00:00\" \/>\n<meta property=\"og:image\" content=\"https:\/\/platyphoto.com\/wp-content\/uploads\/2025\/06\/Dallmeyer-N\u00b03-1.jpg\" \/>\n\t<meta property=\"og:image:width\" content=\"4155\" \/>\n\t<meta property=\"og:image:height\" content=\"2761\" \/>\n\t<meta property=\"og:image:type\" content=\"image\/jpeg\" \/>\n<meta name=\"twitter:card\" content=\"summary_large_image\" \/>\n<meta name=\"twitter:label1\" content=\"Est. reading time\" \/>\n\t<meta name=\"twitter:data1\" content=\"1 minute\" \/>\n<script type=\"application\/ld+json\" class=\"yoast-schema-graph\">{\"@context\":\"https:\\\/\\\/schema.org\",\"@graph\":[{\"@type\":\"WebPage\",\"@id\":\"https:\\\/\\\/platyphoto.com\\\/produit\\\/dallmeyer-patent-3-wide-angle-lanscape\\\/\",\"url\":\"https:\\\/\\\/platyphoto.com\\\/produit\\\/dallmeyer-patent-3-wide-angle-lanscape\\\/\",\"name\":\"Dallmeyer Patent 3 \\\"Wide angle Lanscape\\\" - Platyphoto\",\"isPartOf\":{\"@id\":\"https:\\\/\\\/platyphoto.com\\\/#website\"},\"primaryImageOfPage\":{\"@id\":\"https:\\\/\\\/platyphoto.com\\\/produit\\\/dallmeyer-patent-3-wide-angle-lanscape\\\/#primaryimage\"},\"image\":{\"@id\":\"https:\\\/\\\/platyphoto.com\\\/produit\\\/dallmeyer-patent-3-wide-angle-lanscape\\\/#primaryimage\"},\"thumbnailUrl\":\"https:\\\/\\\/i0.wp.com\\\/platyphoto.com\\\/wp-content\\\/uploads\\\/2025\\\/06\\\/Dallmeyer-N%C2%B03-1.jpg?fit=4155%2C2761&ssl=1\",\"datePublished\":\"2025-06-17T16:19:25+00:00\",\"dateModified\":\"2025-06-19T11:43:42+00:00\",\"description\":\"Grand angle de qualit\u00e9, le Dallmeyer N\u00b03 \\\"Wide angle Lanscape\\\". Ici pr\u00e9sent\u00e9 un mod\u00e8le en \u00e9tat correct, avec diaphragmes int\u00e9gr\u00e9, fonctionnels et en bel \u00e9tat.\",\"breadcrumb\":{\"@id\":\"https:\\\/\\\/platyphoto.com\\\/produit\\\/dallmeyer-patent-3-wide-angle-lanscape\\\/#breadcrumb\"},\"inLanguage\":\"en-US\",\"potentialAction\":[{\"@type\":\"ReadAction\",\"target\":[\"https:\\\/\\\/platyphoto.com\\\/produit\\\/dallmeyer-patent-3-wide-angle-lanscape\\\/\"]}]},{\"@type\":\"ImageObject\",\"inLanguage\":\"en-US\",\"@id\":\"https:\\\/\\\/platyphoto.com\\\/produit\\\/dallmeyer-patent-3-wide-angle-lanscape\\\/#primaryimage\",\"url\":\"https:\\\/\\\/i0.wp.com\\\/platyphoto.com\\\/wp-content\\\/uploads\\\/2025\\\/06\\\/Dallmeyer-N%C2%B03-1.jpg?fit=4155%2C2761&ssl=1\",\"contentUrl\":\"https:\\\/\\\/i0.wp.com\\\/platyphoto.com\\\/wp-content\\\/uploads\\\/2025\\\/06\\\/Dallmeyer-N%C2%B03-1.jpg?fit=4155%2C2761&ssl=1\",\"width\":4155,\"height\":2761,\"caption\":\"Dallmeyer Patent 3 \\\"Wide angle Lanscape\\\"\"},{\"@type\":\"BreadcrumbList\",\"@id\":\"https:\\\/\\\/platyphoto.com\\\/produit\\\/dallmeyer-patent-3-wide-angle-lanscape\\\/#breadcrumb\",\"itemListElement\":[{\"@type\":\"ListItem\",\"position\":1,\"name\":\"Accueil\",\"item\":\"https:\\\/\\\/platyphoto.com\\\/\"},{\"@type\":\"ListItem\",\"position\":2,\"name\":\"Boutique\",\"item\":\"https:\\\/\\\/platyphoto.com\\\/boutique\\\/\"},{\"@type\":\"ListItem\",\"position\":3,\"name\":\"Dallmeyer Patent 3 \u00ab\u00a0Wide angle Lanscape\u00a0\u00bb\"}]},{\"@type\":\"WebSite\",\"@id\":\"https:\\\/\\\/platyphoto.com\\\/#website\",\"url\":\"https:\\\/\\\/platyphoto.com\\\/\",\"name\":\"Platyphoto\",\"description\":\"Appareils photos argentiques, objectifs et accessoires de qualit\u00e9.\",\"publisher\":{\"@id\":\"https:\\\/\\\/platyphoto.com\\\/#organization\"},\"potentialAction\":[{\"@type\":\"SearchAction\",\"target\":{\"@type\":\"EntryPoint\",\"urlTemplate\":\"https:\\\/\\\/platyphoto.com\\\/?s={search_term_string}\"},\"query-input\":{\"@type\":\"PropertyValueSpecification\",\"valueRequired\":true,\"valueName\":\"search_term_string\"}}],\"inLanguage\":\"en-US\"},{\"@type\":\"Organization\",\"@id\":\"https:\\\/\\\/platyphoto.com\\\/#organization\",\"name\":\"Platyphoto\",\"alternateName\":\"Platyphoto\",\"url\":\"https:\\\/\\\/platyphoto.com\\\/\",\"logo\":{\"@type\":\"ImageObject\",\"inLanguage\":\"en-US\",\"@id\":\"https:\\\/\\\/platyphoto.com\\\/#\\\/schema\\\/logo\\\/image\\\/\",\"url\":\"https:\\\/\\\/i0.wp.com\\\/platyphoto.com\\\/wp-content\\\/uploads\\\/2020\\\/11\\\/cropped-header.jpg?fit=1500%2C282&ssl=1\",\"contentUrl\":\"https:\\\/\\\/i0.wp.com\\\/platyphoto.com\\\/wp-content\\\/uploads\\\/2020\\\/11\\\/cropped-header.jpg?fit=1500%2C282&ssl=1\",\"width\":1500,\"height\":282,\"caption\":\"Platyphoto\"},\"image\":{\"@id\":\"https:\\\/\\\/platyphoto.com\\\/#\\\/schema\\\/logo\\\/image\\\/\"},\"sameAs\":[\"https:\\\/\\\/www.instagram.com\\\/platyphoto\\\/\"]}]}<\/script>\n<!-- \/ Yoast SEO plugin. -->","yoast_head_json":{"title":"Dallmeyer Patent 3 \"Wide angle Lanscape\" - Platyphoto","description":"Grand angle de qualit\u00e9, le Dallmeyer N\u00b03 \"Wide angle Lanscape\". Ici pr\u00e9sent\u00e9 un mod\u00e8le en \u00e9tat correct, avec diaphragmes int\u00e9gr\u00e9, fonctionnels et en bel \u00e9tat.","robots":{"index":"index","follow":"follow","max-snippet":"max-snippet:-1","max-image-preview":"max-image-preview:large","max-video-preview":"max-video-preview:-1"},"canonical":"https:\/\/platyphoto.com\/en\/product\/dallmeyer-patent-3-wide-angle-lanscape\/","og_locale":"en_US","og_type":"article","og_title":"Dallmeyer Patent 3 \"Wide angle Lanscape\" - Platyphoto","og_description":"Grand angle de qualit\u00e9, le Dallmeyer N\u00b03 \"Wide angle Lanscape\". Ici pr\u00e9sent\u00e9 un mod\u00e8le en \u00e9tat correct, avec diaphragmes int\u00e9gr\u00e9, fonctionnels et en bel \u00e9tat.","og_url":"https:\/\/platyphoto.com\/en\/product\/dallmeyer-patent-3-wide-angle-lanscape\/","og_site_name":"Platyphoto","article_modified_time":"2025-06-19T11:43:42+00:00","og_image":[{"width":4155,"height":2761,"url":"https:\/\/platyphoto.com\/wp-content\/uploads\/2025\/06\/Dallmeyer-N\u00b03-1.jpg","type":"image\/jpeg"}],"twitter_card":"summary_large_image","twitter_misc":{"Est. reading time":"1 minute"},"schema":{"@context":"https:\/\/schema.org","@graph":[{"@type":"WebPage","@id":"https:\/\/platyphoto.com\/produit\/dallmeyer-patent-3-wide-angle-lanscape\/","url":"https:\/\/platyphoto.com\/produit\/dallmeyer-patent-3-wide-angle-lanscape\/","name":"Dallmeyer Patent 3 \"Wide angle Lanscape\" - Platyphoto","isPartOf":{"@id":"https:\/\/platyphoto.com\/#website"},"primaryImageOfPage":{"@id":"https:\/\/platyphoto.com\/produit\/dallmeyer-patent-3-wide-angle-lanscape\/#primaryimage"},"image":{"@id":"https:\/\/platyphoto.com\/produit\/dallmeyer-patent-3-wide-angle-lanscape\/#primaryimage"},"thumbnailUrl":"https:\/\/i0.wp.com\/platyphoto.com\/wp-content\/uploads\/2025\/06\/Dallmeyer-N%C2%B03-1.jpg?fit=4155%2C2761&ssl=1","datePublished":"2025-06-17T16:19:25+00:00","dateModified":"2025-06-19T11:43:42+00:00","description":"Grand angle de qualit\u00e9, le Dallmeyer N\u00b03 \"Wide angle Lanscape\". Ici pr\u00e9sent\u00e9 un mod\u00e8le en \u00e9tat correct, avec diaphragmes int\u00e9gr\u00e9, fonctionnels et en bel \u00e9tat.","breadcrumb":{"@id":"https:\/\/platyphoto.com\/produit\/dallmeyer-patent-3-wide-angle-lanscape\/#breadcrumb"},"inLanguage":"en-US","potentialAction":[{"@type":"ReadAction","target":["https:\/\/platyphoto.com\/produit\/dallmeyer-patent-3-wide-angle-lanscape\/"]}]},{"@type":"ImageObject","inLanguage":"en-US","@id":"https:\/\/platyphoto.com\/produit\/dallmeyer-patent-3-wide-angle-lanscape\/#primaryimage","url":"https:\/\/i0.wp.com\/platyphoto.com\/wp-content\/uploads\/2025\/06\/Dallmeyer-N%C2%B03-1.jpg?fit=4155%2C2761&ssl=1","contentUrl":"https:\/\/i0.wp.com\/platyphoto.com\/wp-content\/uploads\/2025\/06\/Dallmeyer-N%C2%B03-1.jpg?fit=4155%2C2761&ssl=1","width":4155,"height":2761,"caption":"Dallmeyer Patent 3 \"Wide angle Lanscape\""},{"@type":"BreadcrumbList","@id":"https:\/\/platyphoto.com\/produit\/dallmeyer-patent-3-wide-angle-lanscape\/#breadcrumb","itemListElement":[{"@type":"ListItem","position":1,"name":"Accueil","item":"https:\/\/platyphoto.com\/"},{"@type":"ListItem","position":2,"name":"Boutique","item":"https:\/\/platyphoto.com\/boutique\/"},{"@type":"ListItem","position":3,"name":"Dallmeyer Patent 3 \u00ab\u00a0Wide angle Lanscape\u00a0\u00bb"}]},{"@type":"WebSite","@id":"https:\/\/platyphoto.com\/#website","url":"https:\/\/platyphoto.com\/","name":"Platyphoto","description":"Appareils photos argentiques, objectifs et accessoires de qualit\u00e9.","publisher":{"@id":"https:\/\/platyphoto.com\/#organization"},"potentialAction":[{"@type":"SearchAction","target":{"@type":"EntryPoint","urlTemplate":"https:\/\/platyphoto.com\/?s={search_term_string}"},"query-input":{"@type":"PropertyValueSpecification","valueRequired":true,"valueName":"search_term_string"}}],"inLanguage":"en-US"},{"@type":"Organization","@id":"https:\/\/platyphoto.com\/#organization","name":"Platyphoto","alternateName":"Platyphoto","url":"https:\/\/platyphoto.com\/","logo":{"@type":"ImageObject","inLanguage":"en-US","@id":"https:\/\/platyphoto.com\/#\/schema\/logo\/image\/","url":"https:\/\/i0.wp.com\/platyphoto.com\/wp-content\/uploads\/2020\/11\/cropped-header.jpg?fit=1500%2C282&ssl=1","contentUrl":"https:\/\/i0.wp.com\/platyphoto.com\/wp-content\/uploads\/2020\/11\/cropped-header.jpg?fit=1500%2C282&ssl=1","width":1500,"height":282,"caption":"Platyphoto"},"image":{"@id":"https:\/\/platyphoto.com\/#\/schema\/logo\/image\/"},"sameAs":["https:\/\/www.instagram.com\/platyphoto\/"]}]}},"jetpack_publicize_connections":[],"jetpack_likes_enabled":false,"jetpack_sharing_enabled":true,"_links":{"self":[{"href":"https:\/\/platyphoto.com\/en\/wp-json\/wp\/v2\/product\/16404","targetHints":{"allow":["GET"]}}],"collection":[{"href":"https:\/\/platyphoto.com\/en\/wp-json\/wp\/v2\/product"}],"about":[{"href":"https:\/\/platyphoto.com\/en\/wp-json\/wp\/v2\/types\/product"}],"wp:featuredmedia":[{"embeddable":true,"href":"https:\/\/platyphoto.com\/en\/wp-json\/wp\/v2\/media\/16452"}],"wp:attachment":[{"href":"https:\/\/platyphoto.com\/en\/wp-json\/wp\/v2\/media?parent=16404"}],"wp:term":[{"taxonomy":"product_brand","embeddable":true,"href":"https:\/\/platyphoto.com\/en\/wp-json\/wp\/v2\/product_brand?post=16404"},{"taxonomy":"product_cat","embeddable":true,"href":"https:\/\/platyphoto.com\/en\/wp-json\/wp\/v2\/product_cat?post=16404"},{"taxonomy":"product_tag","embeddable":true,"href":"https:\/\/platyphoto.com\/en\/wp-json\/wp\/v2\/product_tag?post=16404"}],"curies":[{"name":"wp","href":"https:\/\/api.w.org\/{rel}","templated":true}]}}