{"id":16425,"date":"2025-06-18T08:47:08","date_gmt":"2025-06-18T06:47:08","guid":{"rendered":"https:\/\/platyphoto.com\/?post_type=product&#038;p=16425"},"modified":"2025-06-18T08:53:57","modified_gmt":"2025-06-18T06:53:57","slug":"e-suter-basel-serie-1-n2-175mm-f4","status":"publish","type":"product","link":"https:\/\/platyphoto.com\/en\/product\/e-suter-basel-serie-1-n2-175mm-f4\/","title":{"rendered":"E.Suter Basel s\u00e9rie 1 N\u00b02 175mm F:4"},"content":{"rendered":"<div id=\"ds_div\">\n<div>\n<p><strong>Objectif<\/strong> : E.Suter Basel s\u00e9rie 1 N\u00b02 175mm F:4<\/p>\n<p><strong>Focale<\/strong> : 175mm<\/p>\n<p><strong>Ann\u00e9e de production<\/strong> : ?<\/p>\n<p><strong>Format couvert<\/strong> : 10x15cm<\/p>\n<\/div>\n<div>Objectif classique, le E.Suter Basel s\u00e9rie 1 N\u00b02 175mm F:4 est un objectif multifonction, adapt\u00e9 \u00e0 toutes les situations. Etat g\u00e9n\u00e9ral correct, diaphragme ok, bague l\u00e9g\u00e8rement ferme, frotte par endroits, l\u00e9g\u00e8res traces d&rsquo;usages sur la lentille frontale, l\u00e9gers manques de peintures internes, traces d&rsquo;anciens champignons sur la lentille arri\u00e8re. Vendu avec flange<\/div>\n<div><\/div>\n<\/div>\n<div>\n<p><strong>Concernant l\u2019\u00e9tat :<\/strong><\/p>\n<p>Exterieur : 6\/10, traces d\u2019usages<\/p>\n<p>Optique : 6,5\/10, pr\u00e9sence de traces d&rsquo;usages sur la lentille frontale, micro poussi\u00e8res dans l&rsquo;objectif, traces d&rsquo;anciens champignons sur la lentille arri\u00e8re, l\u00e9gers manques de peintures internes<\/p>\n<p>M\u00e9canique : 7\/10, diaphragme ok, ferme<\/p>\n<\/div>","protected":false},"excerpt":{"rendered":"<p>Objectif : E.Suter Basel s\u00e9rie 1 N\u00b02 175mm F:4 Focale : 175mm Ann\u00e9e de production : ? Format couvert : 10x15cm Objectif classique, le E.Suter Basel s\u00e9rie 1 N\u00b02 175mm F:4 est un objectif multifonction, adapt\u00e9 \u00e0 toutes les situations. Etat g\u00e9n\u00e9ral correct, diaphragme ok, bague l\u00e9g\u00e8rement ferme, frotte par endroits, l\u00e9g\u00e8res traces d&rsquo;usages sur [&hellip;]<\/p>\n","protected":false},"featured_media":16429,"template":"","meta":{"_coblocks_attr":"","_coblocks_dimensions":"","_coblocks_responsive_height":"","_coblocks_accordion_ie_support":"","_crdt_document":"","jetpack_post_was_ever_published":false,"jetpack_publicize_message":"","jetpack_publicize_feature_enabled":true,"jetpack_social_post_already_shared":true,"jetpack_social_options":{"image_generator_settings":{"template":"highway","default_image_id":0,"font":"","enabled":false},"version":2},"_wpas_customize_per_network":false},"product_brand":[],"product_cat":[6375,6366],"product_tag":[],"class_list":{"0":"post-16425","1":"product","2":"type-product","3":"status-publish","4":"has-post-thumbnail","6":"product_cat-chambres","7":"product_cat-objectifs","9":"first","10":"instock","11":"shipping-taxable","12":"purchasable","13":"product-type-simple"},"yoast_head":"<!-- This site is optimized with the Yoast SEO plugin v27.3 - https:\/\/yoast.com\/product\/yoast-seo-wordpress\/ -->\n<title>E.Suter Basel s\u00e9rie 1 N\u00b02 175mm F:4 - Platyphoto<\/title>\n<meta name=\"description\" content=\"Objectif classique, le E.Suter Basel s\u00e9rie 1 N\u00b02 175mm F:4 est un objectif multifonction, adapt\u00e9 \u00e0 toutes les situations. Etat g\u00e9n\u00e9ral correct, diaphragme ok, bague l\u00e9g\u00e8rement ferme,\" \/>\n<meta name=\"robots\" content=\"index, follow, max-snippet:-1, max-image-preview:large, max-video-preview:-1\" \/>\n<link rel=\"canonical\" href=\"https:\/\/platyphoto.com\/en\/product\/e-suter-basel-serie-1-n2-175mm-f4\/\" \/>\n<meta property=\"og:locale\" content=\"en_US\" \/>\n<meta property=\"og:type\" content=\"article\" \/>\n<meta property=\"og:title\" content=\"E.Suter Basel s\u00e9rie 1 N\u00b02 175mm F:4 - Platyphoto\" \/>\n<meta property=\"og:description\" content=\"Objectif classique, le E.Suter Basel s\u00e9rie 1 N\u00b02 175mm F:4 est un objectif multifonction, adapt\u00e9 \u00e0 toutes les situations. Etat g\u00e9n\u00e9ral correct, diaphragme ok, bague l\u00e9g\u00e8rement ferme,\" \/>\n<meta property=\"og:url\" content=\"https:\/\/platyphoto.com\/en\/product\/e-suter-basel-serie-1-n2-175mm-f4\/\" \/>\n<meta property=\"og:site_name\" content=\"Platyphoto\" \/>\n<meta property=\"article:modified_time\" content=\"2025-06-18T06:53:57+00:00\" \/>\n<meta property=\"og:image\" content=\"https:\/\/platyphoto.com\/wp-content\/uploads\/2025\/06\/E.Suter-Basel-serie-1-N\u00b02-175mm-F-4.jpg\" \/>\n\t<meta property=\"og:image:width\" content=\"2963\" \/>\n\t<meta property=\"og:image:height\" content=\"1969\" \/>\n\t<meta property=\"og:image:type\" content=\"image\/jpeg\" \/>\n<meta name=\"twitter:card\" content=\"summary_large_image\" \/>\n<meta name=\"twitter:label1\" content=\"Est. reading time\" \/>\n\t<meta name=\"twitter:data1\" content=\"1 minute\" \/>\n<script type=\"application\/ld+json\" class=\"yoast-schema-graph\">{\"@context\":\"https:\\\/\\\/schema.org\",\"@graph\":[{\"@type\":\"WebPage\",\"@id\":\"https:\\\/\\\/platyphoto.com\\\/produit\\\/e-suter-basel-serie-1-n2-175mm-f4\\\/\",\"url\":\"https:\\\/\\\/platyphoto.com\\\/produit\\\/e-suter-basel-serie-1-n2-175mm-f4\\\/\",\"name\":\"E.Suter Basel s\u00e9rie 1 N\u00b02 175mm F:4 - Platyphoto\",\"isPartOf\":{\"@id\":\"https:\\\/\\\/platyphoto.com\\\/#website\"},\"primaryImageOfPage\":{\"@id\":\"https:\\\/\\\/platyphoto.com\\\/produit\\\/e-suter-basel-serie-1-n2-175mm-f4\\\/#primaryimage\"},\"image\":{\"@id\":\"https:\\\/\\\/platyphoto.com\\\/produit\\\/e-suter-basel-serie-1-n2-175mm-f4\\\/#primaryimage\"},\"thumbnailUrl\":\"https:\\\/\\\/i0.wp.com\\\/platyphoto.com\\\/wp-content\\\/uploads\\\/2025\\\/06\\\/E.Suter-Basel-serie-1-N%C2%B02-175mm-F-4.jpg?fit=2963%2C1969&ssl=1\",\"datePublished\":\"2025-06-18T06:47:08+00:00\",\"dateModified\":\"2025-06-18T06:53:57+00:00\",\"description\":\"Objectif classique, le E.Suter Basel s\u00e9rie 1 N\u00b02 175mm F:4 est un objectif multifonction, adapt\u00e9 \u00e0 toutes les situations. Etat g\u00e9n\u00e9ral correct, diaphragme ok, bague l\u00e9g\u00e8rement ferme,\",\"breadcrumb\":{\"@id\":\"https:\\\/\\\/platyphoto.com\\\/produit\\\/e-suter-basel-serie-1-n2-175mm-f4\\\/#breadcrumb\"},\"inLanguage\":\"en-US\",\"potentialAction\":[{\"@type\":\"ReadAction\",\"target\":[\"https:\\\/\\\/platyphoto.com\\\/produit\\\/e-suter-basel-serie-1-n2-175mm-f4\\\/\"]}]},{\"@type\":\"ImageObject\",\"inLanguage\":\"en-US\",\"@id\":\"https:\\\/\\\/platyphoto.com\\\/produit\\\/e-suter-basel-serie-1-n2-175mm-f4\\\/#primaryimage\",\"url\":\"https:\\\/\\\/i0.wp.com\\\/platyphoto.com\\\/wp-content\\\/uploads\\\/2025\\\/06\\\/E.Suter-Basel-serie-1-N%C2%B02-175mm-F-4.jpg?fit=2963%2C1969&ssl=1\",\"contentUrl\":\"https:\\\/\\\/i0.wp.com\\\/platyphoto.com\\\/wp-content\\\/uploads\\\/2025\\\/06\\\/E.Suter-Basel-serie-1-N%C2%B02-175mm-F-4.jpg?fit=2963%2C1969&ssl=1\",\"width\":2963,\"height\":1969,\"caption\":\"E.Suter Basel s\u00e9rie 1 N\u00b02 175mm F:4\"},{\"@type\":\"BreadcrumbList\",\"@id\":\"https:\\\/\\\/platyphoto.com\\\/produit\\\/e-suter-basel-serie-1-n2-175mm-f4\\\/#breadcrumb\",\"itemListElement\":[{\"@type\":\"ListItem\",\"position\":1,\"name\":\"Accueil\",\"item\":\"https:\\\/\\\/platyphoto.com\\\/\"},{\"@type\":\"ListItem\",\"position\":2,\"name\":\"Boutique\",\"item\":\"https:\\\/\\\/platyphoto.com\\\/boutique\\\/\"},{\"@type\":\"ListItem\",\"position\":3,\"name\":\"E.Suter Basel s\u00e9rie 1 N\u00b02 175mm F:4\"}]},{\"@type\":\"WebSite\",\"@id\":\"https:\\\/\\\/platyphoto.com\\\/#website\",\"url\":\"https:\\\/\\\/platyphoto.com\\\/\",\"name\":\"Platyphoto\",\"description\":\"Appareils photos argentiques, objectifs et accessoires de qualit\u00e9.\",\"publisher\":{\"@id\":\"https:\\\/\\\/platyphoto.com\\\/#organization\"},\"potentialAction\":[{\"@type\":\"SearchAction\",\"target\":{\"@type\":\"EntryPoint\",\"urlTemplate\":\"https:\\\/\\\/platyphoto.com\\\/?s={search_term_string}\"},\"query-input\":{\"@type\":\"PropertyValueSpecification\",\"valueRequired\":true,\"valueName\":\"search_term_string\"}}],\"inLanguage\":\"en-US\"},{\"@type\":\"Organization\",\"@id\":\"https:\\\/\\\/platyphoto.com\\\/#organization\",\"name\":\"Platyphoto\",\"alternateName\":\"Platyphoto\",\"url\":\"https:\\\/\\\/platyphoto.com\\\/\",\"logo\":{\"@type\":\"ImageObject\",\"inLanguage\":\"en-US\",\"@id\":\"https:\\\/\\\/platyphoto.com\\\/#\\\/schema\\\/logo\\\/image\\\/\",\"url\":\"https:\\\/\\\/i0.wp.com\\\/platyphoto.com\\\/wp-content\\\/uploads\\\/2020\\\/11\\\/cropped-header.jpg?fit=1500%2C282&ssl=1\",\"contentUrl\":\"https:\\\/\\\/i0.wp.com\\\/platyphoto.com\\\/wp-content\\\/uploads\\\/2020\\\/11\\\/cropped-header.jpg?fit=1500%2C282&ssl=1\",\"width\":1500,\"height\":282,\"caption\":\"Platyphoto\"},\"image\":{\"@id\":\"https:\\\/\\\/platyphoto.com\\\/#\\\/schema\\\/logo\\\/image\\\/\"},\"sameAs\":[\"https:\\\/\\\/www.instagram.com\\\/platyphoto\\\/\"]}]}<\/script>\n<!-- \/ Yoast SEO plugin. -->","yoast_head_json":{"title":"E.Suter Basel s\u00e9rie 1 N\u00b02 175mm F:4 - Platyphoto","description":"Objectif classique, le E.Suter Basel s\u00e9rie 1 N\u00b02 175mm F:4 est un objectif multifonction, adapt\u00e9 \u00e0 toutes les situations. Etat g\u00e9n\u00e9ral correct, diaphragme ok, bague l\u00e9g\u00e8rement ferme,","robots":{"index":"index","follow":"follow","max-snippet":"max-snippet:-1","max-image-preview":"max-image-preview:large","max-video-preview":"max-video-preview:-1"},"canonical":"https:\/\/platyphoto.com\/en\/product\/e-suter-basel-serie-1-n2-175mm-f4\/","og_locale":"en_US","og_type":"article","og_title":"E.Suter Basel s\u00e9rie 1 N\u00b02 175mm F:4 - Platyphoto","og_description":"Objectif classique, le E.Suter Basel s\u00e9rie 1 N\u00b02 175mm F:4 est un objectif multifonction, adapt\u00e9 \u00e0 toutes les situations. Etat g\u00e9n\u00e9ral correct, diaphragme ok, bague l\u00e9g\u00e8rement ferme,","og_url":"https:\/\/platyphoto.com\/en\/product\/e-suter-basel-serie-1-n2-175mm-f4\/","og_site_name":"Platyphoto","article_modified_time":"2025-06-18T06:53:57+00:00","og_image":[{"width":2963,"height":1969,"url":"https:\/\/platyphoto.com\/wp-content\/uploads\/2025\/06\/E.Suter-Basel-serie-1-N\u00b02-175mm-F-4.jpg","type":"image\/jpeg"}],"twitter_card":"summary_large_image","twitter_misc":{"Est. reading time":"1 minute"},"schema":{"@context":"https:\/\/schema.org","@graph":[{"@type":"WebPage","@id":"https:\/\/platyphoto.com\/produit\/e-suter-basel-serie-1-n2-175mm-f4\/","url":"https:\/\/platyphoto.com\/produit\/e-suter-basel-serie-1-n2-175mm-f4\/","name":"E.Suter Basel s\u00e9rie 1 N\u00b02 175mm F:4 - Platyphoto","isPartOf":{"@id":"https:\/\/platyphoto.com\/#website"},"primaryImageOfPage":{"@id":"https:\/\/platyphoto.com\/produit\/e-suter-basel-serie-1-n2-175mm-f4\/#primaryimage"},"image":{"@id":"https:\/\/platyphoto.com\/produit\/e-suter-basel-serie-1-n2-175mm-f4\/#primaryimage"},"thumbnailUrl":"https:\/\/i0.wp.com\/platyphoto.com\/wp-content\/uploads\/2025\/06\/E.Suter-Basel-serie-1-N%C2%B02-175mm-F-4.jpg?fit=2963%2C1969&ssl=1","datePublished":"2025-06-18T06:47:08+00:00","dateModified":"2025-06-18T06:53:57+00:00","description":"Objectif classique, le E.Suter Basel s\u00e9rie 1 N\u00b02 175mm F:4 est un objectif multifonction, adapt\u00e9 \u00e0 toutes les situations. Etat g\u00e9n\u00e9ral correct, diaphragme ok, bague l\u00e9g\u00e8rement ferme,","breadcrumb":{"@id":"https:\/\/platyphoto.com\/produit\/e-suter-basel-serie-1-n2-175mm-f4\/#breadcrumb"},"inLanguage":"en-US","potentialAction":[{"@type":"ReadAction","target":["https:\/\/platyphoto.com\/produit\/e-suter-basel-serie-1-n2-175mm-f4\/"]}]},{"@type":"ImageObject","inLanguage":"en-US","@id":"https:\/\/platyphoto.com\/produit\/e-suter-basel-serie-1-n2-175mm-f4\/#primaryimage","url":"https:\/\/i0.wp.com\/platyphoto.com\/wp-content\/uploads\/2025\/06\/E.Suter-Basel-serie-1-N%C2%B02-175mm-F-4.jpg?fit=2963%2C1969&ssl=1","contentUrl":"https:\/\/i0.wp.com\/platyphoto.com\/wp-content\/uploads\/2025\/06\/E.Suter-Basel-serie-1-N%C2%B02-175mm-F-4.jpg?fit=2963%2C1969&ssl=1","width":2963,"height":1969,"caption":"E.Suter Basel s\u00e9rie 1 N\u00b02 175mm F:4"},{"@type":"BreadcrumbList","@id":"https:\/\/platyphoto.com\/produit\/e-suter-basel-serie-1-n2-175mm-f4\/#breadcrumb","itemListElement":[{"@type":"ListItem","position":1,"name":"Accueil","item":"https:\/\/platyphoto.com\/"},{"@type":"ListItem","position":2,"name":"Boutique","item":"https:\/\/platyphoto.com\/boutique\/"},{"@type":"ListItem","position":3,"name":"E.Suter Basel s\u00e9rie 1 N\u00b02 175mm F:4"}]},{"@type":"WebSite","@id":"https:\/\/platyphoto.com\/#website","url":"https:\/\/platyphoto.com\/","name":"Platyphoto","description":"Appareils photos argentiques, objectifs et accessoires de qualit\u00e9.","publisher":{"@id":"https:\/\/platyphoto.com\/#organization"},"potentialAction":[{"@type":"SearchAction","target":{"@type":"EntryPoint","urlTemplate":"https:\/\/platyphoto.com\/?s={search_term_string}"},"query-input":{"@type":"PropertyValueSpecification","valueRequired":true,"valueName":"search_term_string"}}],"inLanguage":"en-US"},{"@type":"Organization","@id":"https:\/\/platyphoto.com\/#organization","name":"Platyphoto","alternateName":"Platyphoto","url":"https:\/\/platyphoto.com\/","logo":{"@type":"ImageObject","inLanguage":"en-US","@id":"https:\/\/platyphoto.com\/#\/schema\/logo\/image\/","url":"https:\/\/i0.wp.com\/platyphoto.com\/wp-content\/uploads\/2020\/11\/cropped-header.jpg?fit=1500%2C282&ssl=1","contentUrl":"https:\/\/i0.wp.com\/platyphoto.com\/wp-content\/uploads\/2020\/11\/cropped-header.jpg?fit=1500%2C282&ssl=1","width":1500,"height":282,"caption":"Platyphoto"},"image":{"@id":"https:\/\/platyphoto.com\/#\/schema\/logo\/image\/"},"sameAs":["https:\/\/www.instagram.com\/platyphoto\/"]}]}},"jetpack_publicize_connections":[],"jetpack_likes_enabled":false,"jetpack_sharing_enabled":true,"_links":{"self":[{"href":"https:\/\/platyphoto.com\/en\/wp-json\/wp\/v2\/product\/16425","targetHints":{"allow":["GET"]}}],"collection":[{"href":"https:\/\/platyphoto.com\/en\/wp-json\/wp\/v2\/product"}],"about":[{"href":"https:\/\/platyphoto.com\/en\/wp-json\/wp\/v2\/types\/product"}],"wp:featuredmedia":[{"embeddable":true,"href":"https:\/\/platyphoto.com\/en\/wp-json\/wp\/v2\/media\/16429"}],"wp:attachment":[{"href":"https:\/\/platyphoto.com\/en\/wp-json\/wp\/v2\/media?parent=16425"}],"wp:term":[{"taxonomy":"product_brand","embeddable":true,"href":"https:\/\/platyphoto.com\/en\/wp-json\/wp\/v2\/product_brand?post=16425"},{"taxonomy":"product_cat","embeddable":true,"href":"https:\/\/platyphoto.com\/en\/wp-json\/wp\/v2\/product_cat?post=16425"},{"taxonomy":"product_tag","embeddable":true,"href":"https:\/\/platyphoto.com\/en\/wp-json\/wp\/v2\/product_tag?post=16425"}],"curies":[{"name":"wp","href":"https:\/\/api.w.org\/{rel}","templated":true}]}}