{"id":16457,"date":"2025-06-19T08:40:19","date_gmt":"2025-06-19T06:40:19","guid":{"rendered":"https:\/\/platyphoto.com\/?post_type=product&#038;p=16457"},"modified":"2025-06-19T08:44:28","modified_gmt":"2025-06-19T06:44:28","slug":"berthiot-eurygraphe-extra-rapide-n3-f7-200mm","status":"publish","type":"product","link":"https:\/\/platyphoto.com\/en\/product\/berthiot-eurygraphe-extra-rapide-n3-f7-200mm\/","title":{"rendered":"Berthiot Eurygraphe Extra Rapide N\u00b03 F:7 (200mm)"},"content":{"rendered":"<div id=\"ds_div\">\n<div>\n<p><strong>Objectif<\/strong> : Berthiot Eurygraphe Extra Rapide N\u00b03 F:7 (200mm)<\/p>\n<p><strong>Focale<\/strong> : environ 200mm<\/p>\n<p>Hauteur de l&rsquo;objectif: 50 mm<\/p>\n<p>Diam\u00e8tre de la lentille avant: 28 mm<\/p>\n<p>Diam\u00e8tre du pas de vis: 42 mm<\/p>\n<\/div>\n<\/div>\n<div>\n<p><strong>Concernant l\u2019\u00e9tat :<\/strong><\/p>\n<p>Exterieur : 6\/10, traces d\u2019usages<\/p>\n<p>Optique : 6\/10, micro rayures sur la lentille frontale, pr\u00e9sence d&rsquo;un l\u00e9ger d\u00e9collement de lentilles sur l&rsquo;avant et arri\u00e8re de l&rsquo;objectif, visible en photo 3 et 5<\/p>\n<p>M\u00e9canique : 9\/10, diaphragme ok<\/p>\n<\/div>","protected":false},"excerpt":{"rendered":"<p>Objectif : Berthiot Eurygraphe Extra Rapide N\u00b03 F:7 (200mm) Focale : environ 200mm Hauteur de l&rsquo;objectif: 50 mm Diam\u00e8tre de la lentille avant: 28 mm Diam\u00e8tre du pas de vis: 42 mm Concernant l\u2019\u00e9tat : Exterieur : 6\/10, traces d\u2019usages Optique : 6\/10, micro rayures sur la lentille frontale, pr\u00e9sence d&rsquo;un l\u00e9ger d\u00e9collement de lentilles [&hellip;]<\/p>\n","protected":false},"featured_media":16463,"template":"","meta":{"_coblocks_attr":"","_coblocks_dimensions":"","_coblocks_responsive_height":"","_coblocks_accordion_ie_support":"","_crdt_document":"","jetpack_post_was_ever_published":false,"jetpack_publicize_message":"","jetpack_publicize_feature_enabled":true,"jetpack_social_post_already_shared":true,"jetpack_social_options":{"image_generator_settings":{"template":"highway","default_image_id":0,"font":"","enabled":false},"version":2},"_wpas_customize_per_network":false},"product_brand":[],"product_cat":[6375,6366],"product_tag":[],"class_list":{"0":"post-16457","1":"product","2":"type-product","3":"status-publish","4":"has-post-thumbnail","6":"product_cat-chambres","7":"product_cat-objectifs","9":"first","10":"instock","11":"shipping-taxable","12":"purchasable","13":"product-type-simple"},"yoast_head":"<!-- This site is optimized with the Yoast SEO plugin v27.3 - https:\/\/yoast.com\/product\/yoast-seo-wordpress\/ -->\n<title>Berthiot Eurygraphe Extra Rapide N\u00b03 F:7 (200mm) - Platyphoto<\/title>\n<meta name=\"description\" content=\"Berthiot Eurygraphe Extra Rapide N\u00b03 F:7 (200mm)\" \/>\n<meta name=\"robots\" content=\"index, follow, max-snippet:-1, max-image-preview:large, max-video-preview:-1\" \/>\n<link rel=\"canonical\" href=\"https:\/\/platyphoto.com\/en\/product\/berthiot-eurygraphe-extra-rapide-n3-f7-200mm\/\" \/>\n<meta property=\"og:locale\" content=\"en_US\" \/>\n<meta property=\"og:type\" content=\"article\" \/>\n<meta property=\"og:title\" content=\"Berthiot Eurygraphe Extra Rapide N\u00b03 F:7 (200mm) - Platyphoto\" \/>\n<meta property=\"og:description\" content=\"Berthiot Eurygraphe Extra Rapide N\u00b03 F:7 (200mm)\" \/>\n<meta property=\"og:url\" content=\"https:\/\/platyphoto.com\/en\/product\/berthiot-eurygraphe-extra-rapide-n3-f7-200mm\/\" \/>\n<meta property=\"og:site_name\" content=\"Platyphoto\" \/>\n<meta property=\"article:modified_time\" content=\"2025-06-19T06:44:28+00:00\" \/>\n<meta property=\"og:image\" content=\"https:\/\/platyphoto.com\/wp-content\/uploads\/2025\/06\/Berthiot-n3-rapide.jpg\" \/>\n\t<meta property=\"og:image:width\" content=\"4087\" \/>\n\t<meta property=\"og:image:height\" content=\"2716\" \/>\n\t<meta property=\"og:image:type\" content=\"image\/jpeg\" \/>\n<meta name=\"twitter:card\" content=\"summary_large_image\" \/>\n<meta name=\"twitter:label1\" content=\"Est. reading time\" \/>\n\t<meta name=\"twitter:data1\" content=\"1 minute\" \/>\n<script type=\"application\/ld+json\" class=\"yoast-schema-graph\">{\"@context\":\"https:\\\/\\\/schema.org\",\"@graph\":[{\"@type\":\"WebPage\",\"@id\":\"https:\\\/\\\/platyphoto.com\\\/produit\\\/berthiot-eurygraphe-extra-rapide-n3-f7-200mm\\\/\",\"url\":\"https:\\\/\\\/platyphoto.com\\\/produit\\\/berthiot-eurygraphe-extra-rapide-n3-f7-200mm\\\/\",\"name\":\"Berthiot Eurygraphe Extra Rapide N\u00b03 F:7 (200mm) - Platyphoto\",\"isPartOf\":{\"@id\":\"https:\\\/\\\/platyphoto.com\\\/#website\"},\"primaryImageOfPage\":{\"@id\":\"https:\\\/\\\/platyphoto.com\\\/produit\\\/berthiot-eurygraphe-extra-rapide-n3-f7-200mm\\\/#primaryimage\"},\"image\":{\"@id\":\"https:\\\/\\\/platyphoto.com\\\/produit\\\/berthiot-eurygraphe-extra-rapide-n3-f7-200mm\\\/#primaryimage\"},\"thumbnailUrl\":\"https:\\\/\\\/i0.wp.com\\\/platyphoto.com\\\/wp-content\\\/uploads\\\/2025\\\/06\\\/Berthiot-n3-rapide.jpg?fit=4087%2C2716&ssl=1\",\"datePublished\":\"2025-06-19T06:40:19+00:00\",\"dateModified\":\"2025-06-19T06:44:28+00:00\",\"description\":\"Berthiot Eurygraphe Extra Rapide N\u00b03 F:7 (200mm)\",\"breadcrumb\":{\"@id\":\"https:\\\/\\\/platyphoto.com\\\/produit\\\/berthiot-eurygraphe-extra-rapide-n3-f7-200mm\\\/#breadcrumb\"},\"inLanguage\":\"en-US\",\"potentialAction\":[{\"@type\":\"ReadAction\",\"target\":[\"https:\\\/\\\/platyphoto.com\\\/produit\\\/berthiot-eurygraphe-extra-rapide-n3-f7-200mm\\\/\"]}]},{\"@type\":\"ImageObject\",\"inLanguage\":\"en-US\",\"@id\":\"https:\\\/\\\/platyphoto.com\\\/produit\\\/berthiot-eurygraphe-extra-rapide-n3-f7-200mm\\\/#primaryimage\",\"url\":\"https:\\\/\\\/i0.wp.com\\\/platyphoto.com\\\/wp-content\\\/uploads\\\/2025\\\/06\\\/Berthiot-n3-rapide.jpg?fit=4087%2C2716&ssl=1\",\"contentUrl\":\"https:\\\/\\\/i0.wp.com\\\/platyphoto.com\\\/wp-content\\\/uploads\\\/2025\\\/06\\\/Berthiot-n3-rapide.jpg?fit=4087%2C2716&ssl=1\",\"width\":4087,\"height\":2716,\"caption\":\"Berthiot Eurygraphe Extra Rapide N\u00b03 F:7 (200mm)\"},{\"@type\":\"BreadcrumbList\",\"@id\":\"https:\\\/\\\/platyphoto.com\\\/produit\\\/berthiot-eurygraphe-extra-rapide-n3-f7-200mm\\\/#breadcrumb\",\"itemListElement\":[{\"@type\":\"ListItem\",\"position\":1,\"name\":\"Accueil\",\"item\":\"https:\\\/\\\/platyphoto.com\\\/\"},{\"@type\":\"ListItem\",\"position\":2,\"name\":\"Boutique\",\"item\":\"https:\\\/\\\/platyphoto.com\\\/boutique\\\/\"},{\"@type\":\"ListItem\",\"position\":3,\"name\":\"Berthiot Eurygraphe Extra Rapide N\u00b03 F:7 (200mm)\"}]},{\"@type\":\"WebSite\",\"@id\":\"https:\\\/\\\/platyphoto.com\\\/#website\",\"url\":\"https:\\\/\\\/platyphoto.com\\\/\",\"name\":\"Platyphoto\",\"description\":\"Appareils photos argentiques, objectifs et accessoires de qualit\u00e9.\",\"publisher\":{\"@id\":\"https:\\\/\\\/platyphoto.com\\\/#organization\"},\"potentialAction\":[{\"@type\":\"SearchAction\",\"target\":{\"@type\":\"EntryPoint\",\"urlTemplate\":\"https:\\\/\\\/platyphoto.com\\\/?s={search_term_string}\"},\"query-input\":{\"@type\":\"PropertyValueSpecification\",\"valueRequired\":true,\"valueName\":\"search_term_string\"}}],\"inLanguage\":\"en-US\"},{\"@type\":\"Organization\",\"@id\":\"https:\\\/\\\/platyphoto.com\\\/#organization\",\"name\":\"Platyphoto\",\"alternateName\":\"Platyphoto\",\"url\":\"https:\\\/\\\/platyphoto.com\\\/\",\"logo\":{\"@type\":\"ImageObject\",\"inLanguage\":\"en-US\",\"@id\":\"https:\\\/\\\/platyphoto.com\\\/#\\\/schema\\\/logo\\\/image\\\/\",\"url\":\"https:\\\/\\\/i0.wp.com\\\/platyphoto.com\\\/wp-content\\\/uploads\\\/2020\\\/11\\\/cropped-header.jpg?fit=1500%2C282&ssl=1\",\"contentUrl\":\"https:\\\/\\\/i0.wp.com\\\/platyphoto.com\\\/wp-content\\\/uploads\\\/2020\\\/11\\\/cropped-header.jpg?fit=1500%2C282&ssl=1\",\"width\":1500,\"height\":282,\"caption\":\"Platyphoto\"},\"image\":{\"@id\":\"https:\\\/\\\/platyphoto.com\\\/#\\\/schema\\\/logo\\\/image\\\/\"},\"sameAs\":[\"https:\\\/\\\/www.instagram.com\\\/platyphoto\\\/\"]}]}<\/script>\n<!-- \/ Yoast SEO plugin. -->","yoast_head_json":{"title":"Berthiot Eurygraphe Extra Rapide N\u00b03 F:7 (200mm) - Platyphoto","description":"Berthiot Eurygraphe Extra Rapide N\u00b03 F:7 (200mm)","robots":{"index":"index","follow":"follow","max-snippet":"max-snippet:-1","max-image-preview":"max-image-preview:large","max-video-preview":"max-video-preview:-1"},"canonical":"https:\/\/platyphoto.com\/en\/product\/berthiot-eurygraphe-extra-rapide-n3-f7-200mm\/","og_locale":"en_US","og_type":"article","og_title":"Berthiot Eurygraphe Extra Rapide N\u00b03 F:7 (200mm) - Platyphoto","og_description":"Berthiot Eurygraphe Extra Rapide N\u00b03 F:7 (200mm)","og_url":"https:\/\/platyphoto.com\/en\/product\/berthiot-eurygraphe-extra-rapide-n3-f7-200mm\/","og_site_name":"Platyphoto","article_modified_time":"2025-06-19T06:44:28+00:00","og_image":[{"width":4087,"height":2716,"url":"https:\/\/platyphoto.com\/wp-content\/uploads\/2025\/06\/Berthiot-n3-rapide.jpg","type":"image\/jpeg"}],"twitter_card":"summary_large_image","twitter_misc":{"Est. reading time":"1 minute"},"schema":{"@context":"https:\/\/schema.org","@graph":[{"@type":"WebPage","@id":"https:\/\/platyphoto.com\/produit\/berthiot-eurygraphe-extra-rapide-n3-f7-200mm\/","url":"https:\/\/platyphoto.com\/produit\/berthiot-eurygraphe-extra-rapide-n3-f7-200mm\/","name":"Berthiot Eurygraphe Extra Rapide N\u00b03 F:7 (200mm) - Platyphoto","isPartOf":{"@id":"https:\/\/platyphoto.com\/#website"},"primaryImageOfPage":{"@id":"https:\/\/platyphoto.com\/produit\/berthiot-eurygraphe-extra-rapide-n3-f7-200mm\/#primaryimage"},"image":{"@id":"https:\/\/platyphoto.com\/produit\/berthiot-eurygraphe-extra-rapide-n3-f7-200mm\/#primaryimage"},"thumbnailUrl":"https:\/\/i0.wp.com\/platyphoto.com\/wp-content\/uploads\/2025\/06\/Berthiot-n3-rapide.jpg?fit=4087%2C2716&ssl=1","datePublished":"2025-06-19T06:40:19+00:00","dateModified":"2025-06-19T06:44:28+00:00","description":"Berthiot Eurygraphe Extra Rapide N\u00b03 F:7 (200mm)","breadcrumb":{"@id":"https:\/\/platyphoto.com\/produit\/berthiot-eurygraphe-extra-rapide-n3-f7-200mm\/#breadcrumb"},"inLanguage":"en-US","potentialAction":[{"@type":"ReadAction","target":["https:\/\/platyphoto.com\/produit\/berthiot-eurygraphe-extra-rapide-n3-f7-200mm\/"]}]},{"@type":"ImageObject","inLanguage":"en-US","@id":"https:\/\/platyphoto.com\/produit\/berthiot-eurygraphe-extra-rapide-n3-f7-200mm\/#primaryimage","url":"https:\/\/i0.wp.com\/platyphoto.com\/wp-content\/uploads\/2025\/06\/Berthiot-n3-rapide.jpg?fit=4087%2C2716&ssl=1","contentUrl":"https:\/\/i0.wp.com\/platyphoto.com\/wp-content\/uploads\/2025\/06\/Berthiot-n3-rapide.jpg?fit=4087%2C2716&ssl=1","width":4087,"height":2716,"caption":"Berthiot Eurygraphe Extra Rapide N\u00b03 F:7 (200mm)"},{"@type":"BreadcrumbList","@id":"https:\/\/platyphoto.com\/produit\/berthiot-eurygraphe-extra-rapide-n3-f7-200mm\/#breadcrumb","itemListElement":[{"@type":"ListItem","position":1,"name":"Accueil","item":"https:\/\/platyphoto.com\/"},{"@type":"ListItem","position":2,"name":"Boutique","item":"https:\/\/platyphoto.com\/boutique\/"},{"@type":"ListItem","position":3,"name":"Berthiot Eurygraphe Extra Rapide N\u00b03 F:7 (200mm)"}]},{"@type":"WebSite","@id":"https:\/\/platyphoto.com\/#website","url":"https:\/\/platyphoto.com\/","name":"Platyphoto","description":"Appareils photos argentiques, objectifs et accessoires de qualit\u00e9.","publisher":{"@id":"https:\/\/platyphoto.com\/#organization"},"potentialAction":[{"@type":"SearchAction","target":{"@type":"EntryPoint","urlTemplate":"https:\/\/platyphoto.com\/?s={search_term_string}"},"query-input":{"@type":"PropertyValueSpecification","valueRequired":true,"valueName":"search_term_string"}}],"inLanguage":"en-US"},{"@type":"Organization","@id":"https:\/\/platyphoto.com\/#organization","name":"Platyphoto","alternateName":"Platyphoto","url":"https:\/\/platyphoto.com\/","logo":{"@type":"ImageObject","inLanguage":"en-US","@id":"https:\/\/platyphoto.com\/#\/schema\/logo\/image\/","url":"https:\/\/i0.wp.com\/platyphoto.com\/wp-content\/uploads\/2020\/11\/cropped-header.jpg?fit=1500%2C282&ssl=1","contentUrl":"https:\/\/i0.wp.com\/platyphoto.com\/wp-content\/uploads\/2020\/11\/cropped-header.jpg?fit=1500%2C282&ssl=1","width":1500,"height":282,"caption":"Platyphoto"},"image":{"@id":"https:\/\/platyphoto.com\/#\/schema\/logo\/image\/"},"sameAs":["https:\/\/www.instagram.com\/platyphoto\/"]}]}},"jetpack_publicize_connections":[],"jetpack_likes_enabled":false,"jetpack_sharing_enabled":true,"_links":{"self":[{"href":"https:\/\/platyphoto.com\/en\/wp-json\/wp\/v2\/product\/16457","targetHints":{"allow":["GET"]}}],"collection":[{"href":"https:\/\/platyphoto.com\/en\/wp-json\/wp\/v2\/product"}],"about":[{"href":"https:\/\/platyphoto.com\/en\/wp-json\/wp\/v2\/types\/product"}],"wp:featuredmedia":[{"embeddable":true,"href":"https:\/\/platyphoto.com\/en\/wp-json\/wp\/v2\/media\/16463"}],"wp:attachment":[{"href":"https:\/\/platyphoto.com\/en\/wp-json\/wp\/v2\/media?parent=16457"}],"wp:term":[{"taxonomy":"product_brand","embeddable":true,"href":"https:\/\/platyphoto.com\/en\/wp-json\/wp\/v2\/product_brand?post=16457"},{"taxonomy":"product_cat","embeddable":true,"href":"https:\/\/platyphoto.com\/en\/wp-json\/wp\/v2\/product_cat?post=16457"},{"taxonomy":"product_tag","embeddable":true,"href":"https:\/\/platyphoto.com\/en\/wp-json\/wp\/v2\/product_tag?post=16457"}],"curies":[{"name":"wp","href":"https:\/\/api.w.org\/{rel}","templated":true}]}}