{"id":16465,"date":"2025-06-19T09:18:36","date_gmt":"2025-06-19T07:18:36","guid":{"rendered":"https:\/\/platyphoto.com\/?post_type=product&#038;p=16465"},"modified":"2025-06-19T09:25:34","modified_gmt":"2025-06-19T07:25:34","slug":"rodenstock-apo-ronar-300mm-f9","status":"publish","type":"product","link":"https:\/\/platyphoto.com\/en\/product\/rodenstock-apo-ronar-300mm-f9\/","title":{"rendered":"Rodenstock Apo-Ronar 300mm F:9"},"content":{"rendered":"<p><strong>Marque<\/strong> : Rodenstock<\/p>\n<p><strong>Mod\u00e8le<\/strong> : Apo-Ronar 300mm F:9<\/p>\n<p><strong>Monture : <\/strong>a vis 66mm (flange non fournie)<\/p>\n<p><strong>Format couvert<\/strong> : 13x18cm<\/p>\n<p>Objectif pour banc de reproduction et prise de vue en monture diam\u00e8tre 66mm Rodenstock Apo-Ronar 300mm F:9<\/p>\n<p>Bel \u00e9tat g\u00e9n\u00e9ral, quelques micro poussi\u00e8res sans incidence sur le fonctionnement de l\u2019objectif. Diaphragme ok.<\/p>\n<p>Micro rayures sur la lentille frontale, micro poussi\u00e8res. Vendu sans bouchons.<\/p>","protected":false},"excerpt":{"rendered":"<p>Marque : Rodenstock Mod\u00e8le : Apo-Ronar 300mm F:9 Monture : a vis 66mm (flange non fournie) Format couvert : 13x18cm Objectif pour banc de reproduction et prise de vue en monture diam\u00e8tre 66mm Rodenstock Apo-Ronar 300mm F:9 Bel \u00e9tat g\u00e9n\u00e9ral, quelques micro poussi\u00e8res sans incidence sur le fonctionnement de l\u2019objectif. Diaphragme ok. Micro rayures sur [&hellip;]<\/p>\n","protected":false},"featured_media":16469,"template":"","meta":{"_coblocks_attr":"","_coblocks_dimensions":"","_coblocks_responsive_height":"","_coblocks_accordion_ie_support":"","_crdt_document":"","jetpack_publicize_message":"","jetpack_publicize_feature_enabled":true,"jetpack_social_post_already_shared":true,"jetpack_social_options":{"image_generator_settings":{"template":"highway","default_image_id":0,"font":"","enabled":false},"version":2},"_wpas_customize_per_network":false},"product_brand":[],"product_cat":[6375,6366],"product_tag":[],"class_list":{"0":"post-16465","1":"product","2":"type-product","3":"status-publish","4":"has-post-thumbnail","6":"product_cat-chambres","7":"product_cat-objectifs","9":"first","10":"instock","11":"shipping-taxable","12":"purchasable","13":"product-type-simple"},"yoast_head":"<!-- This site is optimized with the Yoast SEO plugin v27.4 - https:\/\/yoast.com\/product\/yoast-seo-wordpress\/ -->\n<title>Rodenstock Apo-Ronar 300mm F:9 - Platyphoto<\/title>\n<meta name=\"description\" content=\"Objectif pour banc de reproduction et prise de vue en monture diam\u00e8tre 66mm Rodenstock Apo-Ronar 300mm F:9\" \/>\n<meta name=\"robots\" content=\"index, follow, max-snippet:-1, max-image-preview:large, max-video-preview:-1\" \/>\n<link rel=\"canonical\" href=\"https:\/\/platyphoto.com\/en\/product\/rodenstock-apo-ronar-300mm-f9\/\" \/>\n<meta property=\"og:locale\" content=\"en_US\" \/>\n<meta property=\"og:type\" content=\"article\" \/>\n<meta property=\"og:title\" content=\"Rodenstock Apo-Ronar 300mm F:9 - Platyphoto\" \/>\n<meta property=\"og:description\" content=\"Objectif pour banc de reproduction et prise de vue en monture diam\u00e8tre 66mm Rodenstock Apo-Ronar 300mm F:9\" \/>\n<meta property=\"og:url\" content=\"https:\/\/platyphoto.com\/en\/product\/rodenstock-apo-ronar-300mm-f9\/\" \/>\n<meta property=\"og:site_name\" content=\"Platyphoto\" \/>\n<meta property=\"article:modified_time\" content=\"2025-06-19T07:25:34+00:00\" \/>\n<meta property=\"og:image\" content=\"https:\/\/platyphoto.com\/wp-content\/uploads\/2025\/06\/Apo-ronar-300mm-F9.jpg\" \/>\n\t<meta property=\"og:image:width\" content=\"3701\" \/>\n\t<meta property=\"og:image:height\" content=\"2459\" \/>\n\t<meta property=\"og:image:type\" content=\"image\/jpeg\" \/>\n<meta name=\"twitter:card\" content=\"summary_large_image\" \/>\n<meta name=\"twitter:label1\" content=\"Est. reading time\" \/>\n\t<meta name=\"twitter:data1\" content=\"1 minute\" \/>\n<script type=\"application\/ld+json\" class=\"yoast-schema-graph\">{\"@context\":\"https:\\\/\\\/schema.org\",\"@graph\":[{\"@type\":\"WebPage\",\"@id\":\"https:\\\/\\\/platyphoto.com\\\/produit\\\/rodenstock-apo-ronar-300mm-f9\\\/\",\"url\":\"https:\\\/\\\/platyphoto.com\\\/produit\\\/rodenstock-apo-ronar-300mm-f9\\\/\",\"name\":\"Rodenstock Apo-Ronar 300mm F:9 - Platyphoto\",\"isPartOf\":{\"@id\":\"https:\\\/\\\/platyphoto.com\\\/#website\"},\"primaryImageOfPage\":{\"@id\":\"https:\\\/\\\/platyphoto.com\\\/produit\\\/rodenstock-apo-ronar-300mm-f9\\\/#primaryimage\"},\"image\":{\"@id\":\"https:\\\/\\\/platyphoto.com\\\/produit\\\/rodenstock-apo-ronar-300mm-f9\\\/#primaryimage\"},\"thumbnailUrl\":\"https:\\\/\\\/i0.wp.com\\\/platyphoto.com\\\/wp-content\\\/uploads\\\/2025\\\/06\\\/Apo-ronar-300mm-F9.jpg?fit=3701%2C2459&ssl=1\",\"datePublished\":\"2025-06-19T07:18:36+00:00\",\"dateModified\":\"2025-06-19T07:25:34+00:00\",\"description\":\"Objectif pour banc de reproduction et prise de vue en monture diam\u00e8tre 66mm Rodenstock Apo-Ronar 300mm F:9\",\"breadcrumb\":{\"@id\":\"https:\\\/\\\/platyphoto.com\\\/produit\\\/rodenstock-apo-ronar-300mm-f9\\\/#breadcrumb\"},\"inLanguage\":\"en-US\",\"potentialAction\":[{\"@type\":\"ReadAction\",\"target\":[\"https:\\\/\\\/platyphoto.com\\\/produit\\\/rodenstock-apo-ronar-300mm-f9\\\/\"]}]},{\"@type\":\"ImageObject\",\"inLanguage\":\"en-US\",\"@id\":\"https:\\\/\\\/platyphoto.com\\\/produit\\\/rodenstock-apo-ronar-300mm-f9\\\/#primaryimage\",\"url\":\"https:\\\/\\\/i0.wp.com\\\/platyphoto.com\\\/wp-content\\\/uploads\\\/2025\\\/06\\\/Apo-ronar-300mm-F9.jpg?fit=3701%2C2459&ssl=1\",\"contentUrl\":\"https:\\\/\\\/i0.wp.com\\\/platyphoto.com\\\/wp-content\\\/uploads\\\/2025\\\/06\\\/Apo-ronar-300mm-F9.jpg?fit=3701%2C2459&ssl=1\",\"width\":3701,\"height\":2459,\"caption\":\"Rodenstock Apo-Ronar 300mm F:9\"},{\"@type\":\"BreadcrumbList\",\"@id\":\"https:\\\/\\\/platyphoto.com\\\/produit\\\/rodenstock-apo-ronar-300mm-f9\\\/#breadcrumb\",\"itemListElement\":[{\"@type\":\"ListItem\",\"position\":1,\"name\":\"Accueil\",\"item\":\"https:\\\/\\\/platyphoto.com\\\/\"},{\"@type\":\"ListItem\",\"position\":2,\"name\":\"Boutique\",\"item\":\"https:\\\/\\\/platyphoto.com\\\/boutique\\\/\"},{\"@type\":\"ListItem\",\"position\":3,\"name\":\"Rodenstock Apo-Ronar 300mm F:9\"}]},{\"@type\":\"WebSite\",\"@id\":\"https:\\\/\\\/platyphoto.com\\\/#website\",\"url\":\"https:\\\/\\\/platyphoto.com\\\/\",\"name\":\"Platyphoto\",\"description\":\"Appareils photos argentiques, objectifs et accessoires de qualit\u00e9.\",\"publisher\":{\"@id\":\"https:\\\/\\\/platyphoto.com\\\/#organization\"},\"potentialAction\":[{\"@type\":\"SearchAction\",\"target\":{\"@type\":\"EntryPoint\",\"urlTemplate\":\"https:\\\/\\\/platyphoto.com\\\/?s={search_term_string}\"},\"query-input\":{\"@type\":\"PropertyValueSpecification\",\"valueRequired\":true,\"valueName\":\"search_term_string\"}}],\"inLanguage\":\"en-US\"},{\"@type\":\"Organization\",\"@id\":\"https:\\\/\\\/platyphoto.com\\\/#organization\",\"name\":\"Platyphoto\",\"alternateName\":\"Platyphoto\",\"url\":\"https:\\\/\\\/platyphoto.com\\\/\",\"logo\":{\"@type\":\"ImageObject\",\"inLanguage\":\"en-US\",\"@id\":\"https:\\\/\\\/platyphoto.com\\\/#\\\/schema\\\/logo\\\/image\\\/\",\"url\":\"https:\\\/\\\/i0.wp.com\\\/platyphoto.com\\\/wp-content\\\/uploads\\\/2020\\\/11\\\/cropped-header.jpg?fit=1500%2C282&ssl=1\",\"contentUrl\":\"https:\\\/\\\/i0.wp.com\\\/platyphoto.com\\\/wp-content\\\/uploads\\\/2020\\\/11\\\/cropped-header.jpg?fit=1500%2C282&ssl=1\",\"width\":1500,\"height\":282,\"caption\":\"Platyphoto\"},\"image\":{\"@id\":\"https:\\\/\\\/platyphoto.com\\\/#\\\/schema\\\/logo\\\/image\\\/\"},\"sameAs\":[\"https:\\\/\\\/www.instagram.com\\\/platyphoto\\\/\"]}]}<\/script>\n<!-- \/ Yoast SEO plugin. -->","yoast_head_json":{"title":"Rodenstock Apo-Ronar 300mm F:9 - Platyphoto","description":"Objectif pour banc de reproduction et prise de vue en monture diam\u00e8tre 66mm Rodenstock Apo-Ronar 300mm F:9","robots":{"index":"index","follow":"follow","max-snippet":"max-snippet:-1","max-image-preview":"max-image-preview:large","max-video-preview":"max-video-preview:-1"},"canonical":"https:\/\/platyphoto.com\/en\/product\/rodenstock-apo-ronar-300mm-f9\/","og_locale":"en_US","og_type":"article","og_title":"Rodenstock Apo-Ronar 300mm F:9 - Platyphoto","og_description":"Objectif pour banc de reproduction et prise de vue en monture diam\u00e8tre 66mm Rodenstock Apo-Ronar 300mm F:9","og_url":"https:\/\/platyphoto.com\/en\/product\/rodenstock-apo-ronar-300mm-f9\/","og_site_name":"Platyphoto","article_modified_time":"2025-06-19T07:25:34+00:00","og_image":[{"width":3701,"height":2459,"url":"https:\/\/platyphoto.com\/wp-content\/uploads\/2025\/06\/Apo-ronar-300mm-F9.jpg","type":"image\/jpeg"}],"twitter_card":"summary_large_image","twitter_misc":{"Est. reading time":"1 minute"},"schema":{"@context":"https:\/\/schema.org","@graph":[{"@type":"WebPage","@id":"https:\/\/platyphoto.com\/produit\/rodenstock-apo-ronar-300mm-f9\/","url":"https:\/\/platyphoto.com\/produit\/rodenstock-apo-ronar-300mm-f9\/","name":"Rodenstock Apo-Ronar 300mm F:9 - Platyphoto","isPartOf":{"@id":"https:\/\/platyphoto.com\/#website"},"primaryImageOfPage":{"@id":"https:\/\/platyphoto.com\/produit\/rodenstock-apo-ronar-300mm-f9\/#primaryimage"},"image":{"@id":"https:\/\/platyphoto.com\/produit\/rodenstock-apo-ronar-300mm-f9\/#primaryimage"},"thumbnailUrl":"https:\/\/i0.wp.com\/platyphoto.com\/wp-content\/uploads\/2025\/06\/Apo-ronar-300mm-F9.jpg?fit=3701%2C2459&ssl=1","datePublished":"2025-06-19T07:18:36+00:00","dateModified":"2025-06-19T07:25:34+00:00","description":"Objectif pour banc de reproduction et prise de vue en monture diam\u00e8tre 66mm Rodenstock Apo-Ronar 300mm F:9","breadcrumb":{"@id":"https:\/\/platyphoto.com\/produit\/rodenstock-apo-ronar-300mm-f9\/#breadcrumb"},"inLanguage":"en-US","potentialAction":[{"@type":"ReadAction","target":["https:\/\/platyphoto.com\/produit\/rodenstock-apo-ronar-300mm-f9\/"]}]},{"@type":"ImageObject","inLanguage":"en-US","@id":"https:\/\/platyphoto.com\/produit\/rodenstock-apo-ronar-300mm-f9\/#primaryimage","url":"https:\/\/i0.wp.com\/platyphoto.com\/wp-content\/uploads\/2025\/06\/Apo-ronar-300mm-F9.jpg?fit=3701%2C2459&ssl=1","contentUrl":"https:\/\/i0.wp.com\/platyphoto.com\/wp-content\/uploads\/2025\/06\/Apo-ronar-300mm-F9.jpg?fit=3701%2C2459&ssl=1","width":3701,"height":2459,"caption":"Rodenstock Apo-Ronar 300mm F:9"},{"@type":"BreadcrumbList","@id":"https:\/\/platyphoto.com\/produit\/rodenstock-apo-ronar-300mm-f9\/#breadcrumb","itemListElement":[{"@type":"ListItem","position":1,"name":"Accueil","item":"https:\/\/platyphoto.com\/"},{"@type":"ListItem","position":2,"name":"Boutique","item":"https:\/\/platyphoto.com\/boutique\/"},{"@type":"ListItem","position":3,"name":"Rodenstock Apo-Ronar 300mm F:9"}]},{"@type":"WebSite","@id":"https:\/\/platyphoto.com\/#website","url":"https:\/\/platyphoto.com\/","name":"Platyphoto","description":"Appareils photos argentiques, objectifs et accessoires de qualit\u00e9.","publisher":{"@id":"https:\/\/platyphoto.com\/#organization"},"potentialAction":[{"@type":"SearchAction","target":{"@type":"EntryPoint","urlTemplate":"https:\/\/platyphoto.com\/?s={search_term_string}"},"query-input":{"@type":"PropertyValueSpecification","valueRequired":true,"valueName":"search_term_string"}}],"inLanguage":"en-US"},{"@type":"Organization","@id":"https:\/\/platyphoto.com\/#organization","name":"Platyphoto","alternateName":"Platyphoto","url":"https:\/\/platyphoto.com\/","logo":{"@type":"ImageObject","inLanguage":"en-US","@id":"https:\/\/platyphoto.com\/#\/schema\/logo\/image\/","url":"https:\/\/i0.wp.com\/platyphoto.com\/wp-content\/uploads\/2020\/11\/cropped-header.jpg?fit=1500%2C282&ssl=1","contentUrl":"https:\/\/i0.wp.com\/platyphoto.com\/wp-content\/uploads\/2020\/11\/cropped-header.jpg?fit=1500%2C282&ssl=1","width":1500,"height":282,"caption":"Platyphoto"},"image":{"@id":"https:\/\/platyphoto.com\/#\/schema\/logo\/image\/"},"sameAs":["https:\/\/www.instagram.com\/platyphoto\/"]}]}},"jetpack_publicize_connections":[],"jetpack_likes_enabled":false,"jetpack_sharing_enabled":true,"_links":{"self":[{"href":"https:\/\/platyphoto.com\/en\/wp-json\/wp\/v2\/product\/16465","targetHints":{"allow":["GET"]}}],"collection":[{"href":"https:\/\/platyphoto.com\/en\/wp-json\/wp\/v2\/product"}],"about":[{"href":"https:\/\/platyphoto.com\/en\/wp-json\/wp\/v2\/types\/product"}],"wp:featuredmedia":[{"embeddable":true,"href":"https:\/\/platyphoto.com\/en\/wp-json\/wp\/v2\/media\/16469"}],"wp:attachment":[{"href":"https:\/\/platyphoto.com\/en\/wp-json\/wp\/v2\/media?parent=16465"}],"wp:term":[{"taxonomy":"product_brand","embeddable":true,"href":"https:\/\/platyphoto.com\/en\/wp-json\/wp\/v2\/product_brand?post=16465"},{"taxonomy":"product_cat","embeddable":true,"href":"https:\/\/platyphoto.com\/en\/wp-json\/wp\/v2\/product_cat?post=16465"},{"taxonomy":"product_tag","embeddable":true,"href":"https:\/\/platyphoto.com\/en\/wp-json\/wp\/v2\/product_tag?post=16465"}],"curies":[{"name":"wp","href":"https:\/\/api.w.org\/{rel}","templated":true}]}}