{"id":16470,"date":"2025-06-19T09:38:36","date_gmt":"2025-06-19T07:38:36","guid":{"rendered":"https:\/\/platyphoto.com\/?post_type=product&#038;p=16470"},"modified":"2025-06-19T09:41:16","modified_gmt":"2025-06-19T07:41:16","slug":"berthiot-paris-olor-n3-serie-iib-300mm-f6-8","status":"publish","type":"product","link":"https:\/\/platyphoto.com\/en\/product\/berthiot-paris-olor-n3-serie-iib-300mm-f6-8\/","title":{"rendered":"Berthiot Paris Olor N\u00b03 S\u00e9rie IIb 300mm F:6.8"},"content":{"rendered":"<div id=\"ds_div\">\n<div>\n<p><strong>Objectif<\/strong> : Berthiot Paris Olor N\u00b03 S\u00e9rie IIb 300mm F:6.8<\/p>\n<p><strong>Focale<\/strong> : 300mm<\/p>\n<p><strong>Ann\u00e9e de production<\/strong> : A partir d&rsquo;environ 1915<\/p>\n<p><strong>Format couvert<\/strong> : 18x24cm<\/p>\n<\/div>\n<div>Objectif classique, le Berthiot Paris Olor N\u00b03 S\u00e9rie IIb 300mm F:6.8 est un objectif multifonction, adapt\u00e9 \u00e0 toutes les situations. Etat g\u00e9n\u00e9ral correct, diaphragme ok, traces d&rsquo;usages sur la lentille frontale. Vendu avec flange<\/div>\n<div><\/div>\n<\/div>\n<div>\n<p><strong>Concernant l\u2019\u00e9tat :<\/strong><\/p>\n<p>Exterieur : 5\/10, traces d\u2019usages<\/p>\n<p>Optique : 6,5\/10, pr\u00e9sence de traces d&rsquo;usages sur la lentille frontale, micro poussi\u00e8res dans l&rsquo;objectif.<\/p>\n<p>M\u00e9canique : 9\/10, diaphragme ok.<\/p>\n<\/div>","protected":false},"excerpt":{"rendered":"<p>Objectif : Berthiot Paris Olor N\u00b03 S\u00e9rie IIb 300mm F:6.8 Focale : 300mm Ann\u00e9e de production : A partir d&rsquo;environ 1915 Format couvert : 18x24cm Objectif classique, le Berthiot Paris Olor N\u00b03 S\u00e9rie IIb 300mm F:6.8 est un objectif multifonction, adapt\u00e9 \u00e0 toutes les situations. Etat g\u00e9n\u00e9ral correct, diaphragme ok, traces d&rsquo;usages sur la lentille [&hellip;]<\/p>\n","protected":false},"featured_media":16473,"template":"","meta":{"_coblocks_attr":"","_coblocks_dimensions":"","_coblocks_responsive_height":"","_coblocks_accordion_ie_support":"","_crdt_document":"","jetpack_post_was_ever_published":false,"jetpack_publicize_message":"","jetpack_publicize_feature_enabled":true,"jetpack_social_post_already_shared":true,"jetpack_social_options":{"image_generator_settings":{"template":"highway","default_image_id":0,"font":"","enabled":false},"version":2},"_wpas_customize_per_network":false},"product_brand":[],"product_cat":[6375,6366],"product_tag":[],"class_list":{"0":"post-16470","1":"product","2":"type-product","3":"status-publish","4":"has-post-thumbnail","6":"product_cat-chambres","7":"product_cat-objectifs","9":"first","10":"instock","11":"shipping-taxable","12":"purchasable","13":"product-type-simple"},"yoast_head":"<!-- This site is optimized with the Yoast SEO plugin v27.3 - https:\/\/yoast.com\/product\/yoast-seo-wordpress\/ -->\n<title>Berthiot Paris Olor N\u00b03 S\u00e9rie IIb 300mm F:6.8 - Platyphoto<\/title>\n<meta name=\"description\" content=\"Objectif classique, le Berthiot Paris Olor N\u00b03 S\u00e9rie IIb 300mm F:6.8 est un objectif multifonction, adapt\u00e9 \u00e0 toutes les situations. Etat g\u00e9n\u00e9ral correct, diaphragme ok, traces d&#039;usages sur la lentille frontale. Vendu avec flange\" \/>\n<meta name=\"robots\" content=\"index, follow, max-snippet:-1, max-image-preview:large, max-video-preview:-1\" \/>\n<link rel=\"canonical\" href=\"https:\/\/platyphoto.com\/en\/product\/berthiot-paris-olor-n3-serie-iib-300mm-f6-8\/\" \/>\n<meta property=\"og:locale\" content=\"en_US\" \/>\n<meta property=\"og:type\" content=\"article\" \/>\n<meta property=\"og:title\" content=\"Berthiot Paris Olor N\u00b03 S\u00e9rie IIb 300mm F:6.8 - Platyphoto\" \/>\n<meta property=\"og:description\" content=\"Objectif classique, le Berthiot Paris Olor N\u00b03 S\u00e9rie IIb 300mm F:6.8 est un objectif multifonction, adapt\u00e9 \u00e0 toutes les situations. Etat g\u00e9n\u00e9ral correct, diaphragme ok, traces d&#039;usages sur la lentille frontale. Vendu avec flange\" \/>\n<meta property=\"og:url\" content=\"https:\/\/platyphoto.com\/en\/product\/berthiot-paris-olor-n3-serie-iib-300mm-f6-8\/\" \/>\n<meta property=\"og:site_name\" content=\"Platyphoto\" \/>\n<meta property=\"article:modified_time\" content=\"2025-06-19T07:41:16+00:00\" \/>\n<meta property=\"og:image\" content=\"https:\/\/platyphoto.com\/wp-content\/uploads\/2025\/06\/Olor-300.jpg\" \/>\n\t<meta property=\"og:image:width\" content=\"3740\" \/>\n\t<meta property=\"og:image:height\" content=\"2485\" \/>\n\t<meta property=\"og:image:type\" content=\"image\/jpeg\" \/>\n<meta name=\"twitter:card\" content=\"summary_large_image\" \/>\n<meta name=\"twitter:label1\" content=\"Est. reading time\" \/>\n\t<meta name=\"twitter:data1\" content=\"1 minute\" \/>\n<script type=\"application\/ld+json\" class=\"yoast-schema-graph\">{\"@context\":\"https:\\\/\\\/schema.org\",\"@graph\":[{\"@type\":\"WebPage\",\"@id\":\"https:\\\/\\\/platyphoto.com\\\/produit\\\/berthiot-paris-olor-n3-serie-iib-300mm-f6-8\\\/\",\"url\":\"https:\\\/\\\/platyphoto.com\\\/produit\\\/berthiot-paris-olor-n3-serie-iib-300mm-f6-8\\\/\",\"name\":\"Berthiot Paris Olor N\u00b03 S\u00e9rie IIb 300mm F:6.8 - Platyphoto\",\"isPartOf\":{\"@id\":\"https:\\\/\\\/platyphoto.com\\\/#website\"},\"primaryImageOfPage\":{\"@id\":\"https:\\\/\\\/platyphoto.com\\\/produit\\\/berthiot-paris-olor-n3-serie-iib-300mm-f6-8\\\/#primaryimage\"},\"image\":{\"@id\":\"https:\\\/\\\/platyphoto.com\\\/produit\\\/berthiot-paris-olor-n3-serie-iib-300mm-f6-8\\\/#primaryimage\"},\"thumbnailUrl\":\"https:\\\/\\\/i0.wp.com\\\/platyphoto.com\\\/wp-content\\\/uploads\\\/2025\\\/06\\\/Olor-300.jpg?fit=3740%2C2485&ssl=1\",\"datePublished\":\"2025-06-19T07:38:36+00:00\",\"dateModified\":\"2025-06-19T07:41:16+00:00\",\"description\":\"Objectif classique, le Berthiot Paris Olor N\u00b03 S\u00e9rie IIb 300mm F:6.8 est un objectif multifonction, adapt\u00e9 \u00e0 toutes les situations. Etat g\u00e9n\u00e9ral correct, diaphragme ok, traces d'usages sur la lentille frontale. Vendu avec flange\",\"breadcrumb\":{\"@id\":\"https:\\\/\\\/platyphoto.com\\\/produit\\\/berthiot-paris-olor-n3-serie-iib-300mm-f6-8\\\/#breadcrumb\"},\"inLanguage\":\"en-US\",\"potentialAction\":[{\"@type\":\"ReadAction\",\"target\":[\"https:\\\/\\\/platyphoto.com\\\/produit\\\/berthiot-paris-olor-n3-serie-iib-300mm-f6-8\\\/\"]}]},{\"@type\":\"ImageObject\",\"inLanguage\":\"en-US\",\"@id\":\"https:\\\/\\\/platyphoto.com\\\/produit\\\/berthiot-paris-olor-n3-serie-iib-300mm-f6-8\\\/#primaryimage\",\"url\":\"https:\\\/\\\/i0.wp.com\\\/platyphoto.com\\\/wp-content\\\/uploads\\\/2025\\\/06\\\/Olor-300.jpg?fit=3740%2C2485&ssl=1\",\"contentUrl\":\"https:\\\/\\\/i0.wp.com\\\/platyphoto.com\\\/wp-content\\\/uploads\\\/2025\\\/06\\\/Olor-300.jpg?fit=3740%2C2485&ssl=1\",\"width\":3740,\"height\":2485,\"caption\":\"Berthiot Paris Olor N\u00b03 S\u00e9rie IIb 300mm F:6.8\"},{\"@type\":\"BreadcrumbList\",\"@id\":\"https:\\\/\\\/platyphoto.com\\\/produit\\\/berthiot-paris-olor-n3-serie-iib-300mm-f6-8\\\/#breadcrumb\",\"itemListElement\":[{\"@type\":\"ListItem\",\"position\":1,\"name\":\"Accueil\",\"item\":\"https:\\\/\\\/platyphoto.com\\\/\"},{\"@type\":\"ListItem\",\"position\":2,\"name\":\"Boutique\",\"item\":\"https:\\\/\\\/platyphoto.com\\\/boutique\\\/\"},{\"@type\":\"ListItem\",\"position\":3,\"name\":\"Berthiot Paris Olor N\u00b03 S\u00e9rie IIb 300mm F:6.8\"}]},{\"@type\":\"WebSite\",\"@id\":\"https:\\\/\\\/platyphoto.com\\\/#website\",\"url\":\"https:\\\/\\\/platyphoto.com\\\/\",\"name\":\"Platyphoto\",\"description\":\"Appareils photos argentiques, objectifs et accessoires de qualit\u00e9.\",\"publisher\":{\"@id\":\"https:\\\/\\\/platyphoto.com\\\/#organization\"},\"potentialAction\":[{\"@type\":\"SearchAction\",\"target\":{\"@type\":\"EntryPoint\",\"urlTemplate\":\"https:\\\/\\\/platyphoto.com\\\/?s={search_term_string}\"},\"query-input\":{\"@type\":\"PropertyValueSpecification\",\"valueRequired\":true,\"valueName\":\"search_term_string\"}}],\"inLanguage\":\"en-US\"},{\"@type\":\"Organization\",\"@id\":\"https:\\\/\\\/platyphoto.com\\\/#organization\",\"name\":\"Platyphoto\",\"alternateName\":\"Platyphoto\",\"url\":\"https:\\\/\\\/platyphoto.com\\\/\",\"logo\":{\"@type\":\"ImageObject\",\"inLanguage\":\"en-US\",\"@id\":\"https:\\\/\\\/platyphoto.com\\\/#\\\/schema\\\/logo\\\/image\\\/\",\"url\":\"https:\\\/\\\/i0.wp.com\\\/platyphoto.com\\\/wp-content\\\/uploads\\\/2020\\\/11\\\/cropped-header.jpg?fit=1500%2C282&ssl=1\",\"contentUrl\":\"https:\\\/\\\/i0.wp.com\\\/platyphoto.com\\\/wp-content\\\/uploads\\\/2020\\\/11\\\/cropped-header.jpg?fit=1500%2C282&ssl=1\",\"width\":1500,\"height\":282,\"caption\":\"Platyphoto\"},\"image\":{\"@id\":\"https:\\\/\\\/platyphoto.com\\\/#\\\/schema\\\/logo\\\/image\\\/\"},\"sameAs\":[\"https:\\\/\\\/www.instagram.com\\\/platyphoto\\\/\"]}]}<\/script>\n<!-- \/ Yoast SEO plugin. -->","yoast_head_json":{"title":"Berthiot Paris Olor N\u00b03 S\u00e9rie IIb 300mm F:6.8 - Platyphoto","description":"Objectif classique, le Berthiot Paris Olor N\u00b03 S\u00e9rie IIb 300mm F:6.8 est un objectif multifonction, adapt\u00e9 \u00e0 toutes les situations. Etat g\u00e9n\u00e9ral correct, diaphragme ok, traces d'usages sur la lentille frontale. Vendu avec flange","robots":{"index":"index","follow":"follow","max-snippet":"max-snippet:-1","max-image-preview":"max-image-preview:large","max-video-preview":"max-video-preview:-1"},"canonical":"https:\/\/platyphoto.com\/en\/product\/berthiot-paris-olor-n3-serie-iib-300mm-f6-8\/","og_locale":"en_US","og_type":"article","og_title":"Berthiot Paris Olor N\u00b03 S\u00e9rie IIb 300mm F:6.8 - Platyphoto","og_description":"Objectif classique, le Berthiot Paris Olor N\u00b03 S\u00e9rie IIb 300mm F:6.8 est un objectif multifonction, adapt\u00e9 \u00e0 toutes les situations. Etat g\u00e9n\u00e9ral correct, diaphragme ok, traces d'usages sur la lentille frontale. Vendu avec flange","og_url":"https:\/\/platyphoto.com\/en\/product\/berthiot-paris-olor-n3-serie-iib-300mm-f6-8\/","og_site_name":"Platyphoto","article_modified_time":"2025-06-19T07:41:16+00:00","og_image":[{"width":3740,"height":2485,"url":"https:\/\/platyphoto.com\/wp-content\/uploads\/2025\/06\/Olor-300.jpg","type":"image\/jpeg"}],"twitter_card":"summary_large_image","twitter_misc":{"Est. reading time":"1 minute"},"schema":{"@context":"https:\/\/schema.org","@graph":[{"@type":"WebPage","@id":"https:\/\/platyphoto.com\/produit\/berthiot-paris-olor-n3-serie-iib-300mm-f6-8\/","url":"https:\/\/platyphoto.com\/produit\/berthiot-paris-olor-n3-serie-iib-300mm-f6-8\/","name":"Berthiot Paris Olor N\u00b03 S\u00e9rie IIb 300mm F:6.8 - Platyphoto","isPartOf":{"@id":"https:\/\/platyphoto.com\/#website"},"primaryImageOfPage":{"@id":"https:\/\/platyphoto.com\/produit\/berthiot-paris-olor-n3-serie-iib-300mm-f6-8\/#primaryimage"},"image":{"@id":"https:\/\/platyphoto.com\/produit\/berthiot-paris-olor-n3-serie-iib-300mm-f6-8\/#primaryimage"},"thumbnailUrl":"https:\/\/i0.wp.com\/platyphoto.com\/wp-content\/uploads\/2025\/06\/Olor-300.jpg?fit=3740%2C2485&ssl=1","datePublished":"2025-06-19T07:38:36+00:00","dateModified":"2025-06-19T07:41:16+00:00","description":"Objectif classique, le Berthiot Paris Olor N\u00b03 S\u00e9rie IIb 300mm F:6.8 est un objectif multifonction, adapt\u00e9 \u00e0 toutes les situations. Etat g\u00e9n\u00e9ral correct, diaphragme ok, traces d'usages sur la lentille frontale. Vendu avec flange","breadcrumb":{"@id":"https:\/\/platyphoto.com\/produit\/berthiot-paris-olor-n3-serie-iib-300mm-f6-8\/#breadcrumb"},"inLanguage":"en-US","potentialAction":[{"@type":"ReadAction","target":["https:\/\/platyphoto.com\/produit\/berthiot-paris-olor-n3-serie-iib-300mm-f6-8\/"]}]},{"@type":"ImageObject","inLanguage":"en-US","@id":"https:\/\/platyphoto.com\/produit\/berthiot-paris-olor-n3-serie-iib-300mm-f6-8\/#primaryimage","url":"https:\/\/i0.wp.com\/platyphoto.com\/wp-content\/uploads\/2025\/06\/Olor-300.jpg?fit=3740%2C2485&ssl=1","contentUrl":"https:\/\/i0.wp.com\/platyphoto.com\/wp-content\/uploads\/2025\/06\/Olor-300.jpg?fit=3740%2C2485&ssl=1","width":3740,"height":2485,"caption":"Berthiot Paris Olor N\u00b03 S\u00e9rie IIb 300mm F:6.8"},{"@type":"BreadcrumbList","@id":"https:\/\/platyphoto.com\/produit\/berthiot-paris-olor-n3-serie-iib-300mm-f6-8\/#breadcrumb","itemListElement":[{"@type":"ListItem","position":1,"name":"Accueil","item":"https:\/\/platyphoto.com\/"},{"@type":"ListItem","position":2,"name":"Boutique","item":"https:\/\/platyphoto.com\/boutique\/"},{"@type":"ListItem","position":3,"name":"Berthiot Paris Olor N\u00b03 S\u00e9rie IIb 300mm F:6.8"}]},{"@type":"WebSite","@id":"https:\/\/platyphoto.com\/#website","url":"https:\/\/platyphoto.com\/","name":"Platyphoto","description":"Appareils photos argentiques, objectifs et accessoires de qualit\u00e9.","publisher":{"@id":"https:\/\/platyphoto.com\/#organization"},"potentialAction":[{"@type":"SearchAction","target":{"@type":"EntryPoint","urlTemplate":"https:\/\/platyphoto.com\/?s={search_term_string}"},"query-input":{"@type":"PropertyValueSpecification","valueRequired":true,"valueName":"search_term_string"}}],"inLanguage":"en-US"},{"@type":"Organization","@id":"https:\/\/platyphoto.com\/#organization","name":"Platyphoto","alternateName":"Platyphoto","url":"https:\/\/platyphoto.com\/","logo":{"@type":"ImageObject","inLanguage":"en-US","@id":"https:\/\/platyphoto.com\/#\/schema\/logo\/image\/","url":"https:\/\/i0.wp.com\/platyphoto.com\/wp-content\/uploads\/2020\/11\/cropped-header.jpg?fit=1500%2C282&ssl=1","contentUrl":"https:\/\/i0.wp.com\/platyphoto.com\/wp-content\/uploads\/2020\/11\/cropped-header.jpg?fit=1500%2C282&ssl=1","width":1500,"height":282,"caption":"Platyphoto"},"image":{"@id":"https:\/\/platyphoto.com\/#\/schema\/logo\/image\/"},"sameAs":["https:\/\/www.instagram.com\/platyphoto\/"]}]}},"jetpack_publicize_connections":[],"jetpack_likes_enabled":false,"jetpack_sharing_enabled":true,"_links":{"self":[{"href":"https:\/\/platyphoto.com\/en\/wp-json\/wp\/v2\/product\/16470","targetHints":{"allow":["GET"]}}],"collection":[{"href":"https:\/\/platyphoto.com\/en\/wp-json\/wp\/v2\/product"}],"about":[{"href":"https:\/\/platyphoto.com\/en\/wp-json\/wp\/v2\/types\/product"}],"wp:featuredmedia":[{"embeddable":true,"href":"https:\/\/platyphoto.com\/en\/wp-json\/wp\/v2\/media\/16473"}],"wp:attachment":[{"href":"https:\/\/platyphoto.com\/en\/wp-json\/wp\/v2\/media?parent=16470"}],"wp:term":[{"taxonomy":"product_brand","embeddable":true,"href":"https:\/\/platyphoto.com\/en\/wp-json\/wp\/v2\/product_brand?post=16470"},{"taxonomy":"product_cat","embeddable":true,"href":"https:\/\/platyphoto.com\/en\/wp-json\/wp\/v2\/product_cat?post=16470"},{"taxonomy":"product_tag","embeddable":true,"href":"https:\/\/platyphoto.com\/en\/wp-json\/wp\/v2\/product_tag?post=16470"}],"curies":[{"name":"wp","href":"https:\/\/api.w.org\/{rel}","templated":true}]}}