{"id":16474,"date":"2025-06-19T09:52:05","date_gmt":"2025-06-19T07:52:05","guid":{"rendered":"https:\/\/platyphoto.com\/?post_type=product&#038;p=16474"},"modified":"2025-06-20T07:24:26","modified_gmt":"2025-06-20T05:24:26","slug":"m39-leitz-elmar-9cm-f4","status":"publish","type":"product","link":"https:\/\/platyphoto.com\/en\/product\/m39-leitz-elmar-9cm-f4\/","title":{"rendered":"M39 Leitz Elmar 9cm F:4"},"content":{"rendered":"<p><strong>Marque<\/strong> : Leitz<\/p>\n<p><strong>Mod\u00e8le<\/strong> : Elmar 9cm F:4<\/p>\n<p><strong>Monture :<\/strong> M39<\/p>\n<p>T\u00e9l\u00e9objectif de qualit\u00e9, pour appareils t\u00e9l\u00e9m\u00e9triques en monture M39, 100% fonctionnel, mise au point ok, diaphragme ok.<\/p>\n<p>Lentilles ok, quelques micro poussi\u00e8res sans incidence sur la qualit\u00e9 des images. Vendu avec bouchon avant. Tr\u00e8s l\u00e9g\u00e8res et peu nombreuses micro rayures sur la lentille frontale.<\/p>","protected":false},"excerpt":{"rendered":"<p>Marque : Leitz Mod\u00e8le : Elmar 9cm F:4 Monture : M39 T\u00e9l\u00e9objectif de qualit\u00e9, pour appareils t\u00e9l\u00e9m\u00e9triques en monture M39, 100% fonctionnel, mise au point ok, diaphragme ok. Lentilles ok, quelques micro poussi\u00e8res sans incidence sur la qualit\u00e9 des images. Vendu avec bouchon avant. Tr\u00e8s l\u00e9g\u00e8res et peu nombreuses micro rayures sur la lentille frontale.<\/p>","protected":false},"featured_media":16478,"template":"","meta":{"_coblocks_attr":"","_coblocks_dimensions":"","_coblocks_responsive_height":"","_coblocks_accordion_ie_support":"","_crdt_document":"","jetpack_publicize_message":"","jetpack_publicize_feature_enabled":true,"jetpack_social_post_already_shared":true,"jetpack_social_options":{"image_generator_settings":{"template":"highway","default_image_id":0,"font":"","enabled":false},"version":2},"_wpas_customize_per_network":false},"product_brand":[],"product_cat":[6372,6366],"product_tag":[],"class_list":{"0":"post-16474","1":"product","2":"type-product","3":"status-publish","4":"has-post-thumbnail","6":"product_cat-m39-l39","7":"product_cat-objectifs","9":"first","10":"outofstock","11":"shipping-taxable","12":"purchasable","13":"product-type-simple"},"yoast_head":"<!-- This site is optimized with the Yoast SEO plugin v27.4 - https:\/\/yoast.com\/product\/yoast-seo-wordpress\/ -->\n<title>M39 Leitz Elmar 9cm F:4 - Platyphoto<\/title>\n<meta name=\"description\" content=\"M39 Leitz Elmar 9cm F:4, T\u00e9l\u00e9objectif de qualit\u00e9, pour appareils t\u00e9l\u00e9m\u00e9triques en monture M39, 100% fonctionnel, mise au point ok, diaphragme ok.\" \/>\n<meta name=\"robots\" content=\"index, follow, max-snippet:-1, max-image-preview:large, max-video-preview:-1\" \/>\n<link rel=\"canonical\" href=\"https:\/\/platyphoto.com\/en\/product\/m39-leitz-elmar-9cm-f4\/\" \/>\n<meta property=\"og:locale\" content=\"en_US\" \/>\n<meta property=\"og:type\" content=\"article\" \/>\n<meta property=\"og:title\" content=\"M39 Leitz Elmar 9cm F:4 - Platyphoto\" \/>\n<meta property=\"og:description\" content=\"M39 Leitz Elmar 9cm F:4, T\u00e9l\u00e9objectif de qualit\u00e9, pour appareils t\u00e9l\u00e9m\u00e9triques en monture M39, 100% fonctionnel, mise au point ok, diaphragme ok.\" \/>\n<meta property=\"og:url\" content=\"https:\/\/platyphoto.com\/en\/product\/m39-leitz-elmar-9cm-f4\/\" \/>\n<meta property=\"og:site_name\" content=\"Platyphoto\" \/>\n<meta property=\"article:modified_time\" content=\"2025-06-20T05:24:26+00:00\" \/>\n<meta property=\"og:image\" content=\"https:\/\/platyphoto.com\/wp-content\/uploads\/2025\/06\/Elmar-9cm.jpg\" \/>\n\t<meta property=\"og:image:width\" content=\"3819\" \/>\n\t<meta property=\"og:image:height\" content=\"2538\" \/>\n\t<meta property=\"og:image:type\" content=\"image\/jpeg\" \/>\n<meta name=\"twitter:card\" content=\"summary_large_image\" \/>\n<meta name=\"twitter:label1\" content=\"Est. reading time\" \/>\n\t<meta name=\"twitter:data1\" content=\"1 minute\" \/>\n<script type=\"application\/ld+json\" class=\"yoast-schema-graph\">{\"@context\":\"https:\\\/\\\/schema.org\",\"@graph\":[{\"@type\":\"WebPage\",\"@id\":\"https:\\\/\\\/platyphoto.com\\\/produit\\\/m39-leitz-elmar-9cm-f4\\\/\",\"url\":\"https:\\\/\\\/platyphoto.com\\\/produit\\\/m39-leitz-elmar-9cm-f4\\\/\",\"name\":\"M39 Leitz Elmar 9cm F:4 - Platyphoto\",\"isPartOf\":{\"@id\":\"https:\\\/\\\/platyphoto.com\\\/#website\"},\"primaryImageOfPage\":{\"@id\":\"https:\\\/\\\/platyphoto.com\\\/produit\\\/m39-leitz-elmar-9cm-f4\\\/#primaryimage\"},\"image\":{\"@id\":\"https:\\\/\\\/platyphoto.com\\\/produit\\\/m39-leitz-elmar-9cm-f4\\\/#primaryimage\"},\"thumbnailUrl\":\"https:\\\/\\\/i0.wp.com\\\/platyphoto.com\\\/wp-content\\\/uploads\\\/2025\\\/06\\\/Elmar-9cm.jpg?fit=3819%2C2538&ssl=1\",\"datePublished\":\"2025-06-19T07:52:05+00:00\",\"dateModified\":\"2025-06-20T05:24:26+00:00\",\"description\":\"M39 Leitz Elmar 9cm F:4, T\u00e9l\u00e9objectif de qualit\u00e9, pour appareils t\u00e9l\u00e9m\u00e9triques en monture M39, 100% fonctionnel, mise au point ok, diaphragme ok.\",\"breadcrumb\":{\"@id\":\"https:\\\/\\\/platyphoto.com\\\/produit\\\/m39-leitz-elmar-9cm-f4\\\/#breadcrumb\"},\"inLanguage\":\"en-US\",\"potentialAction\":[{\"@type\":\"ReadAction\",\"target\":[\"https:\\\/\\\/platyphoto.com\\\/produit\\\/m39-leitz-elmar-9cm-f4\\\/\"]}]},{\"@type\":\"ImageObject\",\"inLanguage\":\"en-US\",\"@id\":\"https:\\\/\\\/platyphoto.com\\\/produit\\\/m39-leitz-elmar-9cm-f4\\\/#primaryimage\",\"url\":\"https:\\\/\\\/i0.wp.com\\\/platyphoto.com\\\/wp-content\\\/uploads\\\/2025\\\/06\\\/Elmar-9cm.jpg?fit=3819%2C2538&ssl=1\",\"contentUrl\":\"https:\\\/\\\/i0.wp.com\\\/platyphoto.com\\\/wp-content\\\/uploads\\\/2025\\\/06\\\/Elmar-9cm.jpg?fit=3819%2C2538&ssl=1\",\"width\":3819,\"height\":2538,\"caption\":\"M39 Leitz Elmar 9cm F:4\"},{\"@type\":\"BreadcrumbList\",\"@id\":\"https:\\\/\\\/platyphoto.com\\\/produit\\\/m39-leitz-elmar-9cm-f4\\\/#breadcrumb\",\"itemListElement\":[{\"@type\":\"ListItem\",\"position\":1,\"name\":\"Accueil\",\"item\":\"https:\\\/\\\/platyphoto.com\\\/\"},{\"@type\":\"ListItem\",\"position\":2,\"name\":\"Boutique\",\"item\":\"https:\\\/\\\/platyphoto.com\\\/boutique\\\/\"},{\"@type\":\"ListItem\",\"position\":3,\"name\":\"M39 Leitz Elmar 9cm F:4\"}]},{\"@type\":\"WebSite\",\"@id\":\"https:\\\/\\\/platyphoto.com\\\/#website\",\"url\":\"https:\\\/\\\/platyphoto.com\\\/\",\"name\":\"Platyphoto\",\"description\":\"Appareils photos argentiques, objectifs et accessoires de qualit\u00e9.\",\"publisher\":{\"@id\":\"https:\\\/\\\/platyphoto.com\\\/#organization\"},\"potentialAction\":[{\"@type\":\"SearchAction\",\"target\":{\"@type\":\"EntryPoint\",\"urlTemplate\":\"https:\\\/\\\/platyphoto.com\\\/?s={search_term_string}\"},\"query-input\":{\"@type\":\"PropertyValueSpecification\",\"valueRequired\":true,\"valueName\":\"search_term_string\"}}],\"inLanguage\":\"en-US\"},{\"@type\":\"Organization\",\"@id\":\"https:\\\/\\\/platyphoto.com\\\/#organization\",\"name\":\"Platyphoto\",\"alternateName\":\"Platyphoto\",\"url\":\"https:\\\/\\\/platyphoto.com\\\/\",\"logo\":{\"@type\":\"ImageObject\",\"inLanguage\":\"en-US\",\"@id\":\"https:\\\/\\\/platyphoto.com\\\/#\\\/schema\\\/logo\\\/image\\\/\",\"url\":\"https:\\\/\\\/i0.wp.com\\\/platyphoto.com\\\/wp-content\\\/uploads\\\/2020\\\/11\\\/cropped-header.jpg?fit=1500%2C282&ssl=1\",\"contentUrl\":\"https:\\\/\\\/i0.wp.com\\\/platyphoto.com\\\/wp-content\\\/uploads\\\/2020\\\/11\\\/cropped-header.jpg?fit=1500%2C282&ssl=1\",\"width\":1500,\"height\":282,\"caption\":\"Platyphoto\"},\"image\":{\"@id\":\"https:\\\/\\\/platyphoto.com\\\/#\\\/schema\\\/logo\\\/image\\\/\"},\"sameAs\":[\"https:\\\/\\\/www.instagram.com\\\/platyphoto\\\/\"]}]}<\/script>\n<!-- \/ Yoast SEO plugin. -->","yoast_head_json":{"title":"M39 Leitz Elmar 9cm F:4 - Platyphoto","description":"M39 Leitz Elmar 9cm F:4, T\u00e9l\u00e9objectif de qualit\u00e9, pour appareils t\u00e9l\u00e9m\u00e9triques en monture M39, 100% fonctionnel, mise au point ok, diaphragme ok.","robots":{"index":"index","follow":"follow","max-snippet":"max-snippet:-1","max-image-preview":"max-image-preview:large","max-video-preview":"max-video-preview:-1"},"canonical":"https:\/\/platyphoto.com\/en\/product\/m39-leitz-elmar-9cm-f4\/","og_locale":"en_US","og_type":"article","og_title":"M39 Leitz Elmar 9cm F:4 - Platyphoto","og_description":"M39 Leitz Elmar 9cm F:4, T\u00e9l\u00e9objectif de qualit\u00e9, pour appareils t\u00e9l\u00e9m\u00e9triques en monture M39, 100% fonctionnel, mise au point ok, diaphragme ok.","og_url":"https:\/\/platyphoto.com\/en\/product\/m39-leitz-elmar-9cm-f4\/","og_site_name":"Platyphoto","article_modified_time":"2025-06-20T05:24:26+00:00","og_image":[{"width":3819,"height":2538,"url":"https:\/\/platyphoto.com\/wp-content\/uploads\/2025\/06\/Elmar-9cm.jpg","type":"image\/jpeg"}],"twitter_card":"summary_large_image","twitter_misc":{"Est. reading time":"1 minute"},"schema":{"@context":"https:\/\/schema.org","@graph":[{"@type":"WebPage","@id":"https:\/\/platyphoto.com\/produit\/m39-leitz-elmar-9cm-f4\/","url":"https:\/\/platyphoto.com\/produit\/m39-leitz-elmar-9cm-f4\/","name":"M39 Leitz Elmar 9cm F:4 - Platyphoto","isPartOf":{"@id":"https:\/\/platyphoto.com\/#website"},"primaryImageOfPage":{"@id":"https:\/\/platyphoto.com\/produit\/m39-leitz-elmar-9cm-f4\/#primaryimage"},"image":{"@id":"https:\/\/platyphoto.com\/produit\/m39-leitz-elmar-9cm-f4\/#primaryimage"},"thumbnailUrl":"https:\/\/i0.wp.com\/platyphoto.com\/wp-content\/uploads\/2025\/06\/Elmar-9cm.jpg?fit=3819%2C2538&ssl=1","datePublished":"2025-06-19T07:52:05+00:00","dateModified":"2025-06-20T05:24:26+00:00","description":"M39 Leitz Elmar 9cm F:4, T\u00e9l\u00e9objectif de qualit\u00e9, pour appareils t\u00e9l\u00e9m\u00e9triques en monture M39, 100% fonctionnel, mise au point ok, diaphragme ok.","breadcrumb":{"@id":"https:\/\/platyphoto.com\/produit\/m39-leitz-elmar-9cm-f4\/#breadcrumb"},"inLanguage":"en-US","potentialAction":[{"@type":"ReadAction","target":["https:\/\/platyphoto.com\/produit\/m39-leitz-elmar-9cm-f4\/"]}]},{"@type":"ImageObject","inLanguage":"en-US","@id":"https:\/\/platyphoto.com\/produit\/m39-leitz-elmar-9cm-f4\/#primaryimage","url":"https:\/\/i0.wp.com\/platyphoto.com\/wp-content\/uploads\/2025\/06\/Elmar-9cm.jpg?fit=3819%2C2538&ssl=1","contentUrl":"https:\/\/i0.wp.com\/platyphoto.com\/wp-content\/uploads\/2025\/06\/Elmar-9cm.jpg?fit=3819%2C2538&ssl=1","width":3819,"height":2538,"caption":"M39 Leitz Elmar 9cm F:4"},{"@type":"BreadcrumbList","@id":"https:\/\/platyphoto.com\/produit\/m39-leitz-elmar-9cm-f4\/#breadcrumb","itemListElement":[{"@type":"ListItem","position":1,"name":"Accueil","item":"https:\/\/platyphoto.com\/"},{"@type":"ListItem","position":2,"name":"Boutique","item":"https:\/\/platyphoto.com\/boutique\/"},{"@type":"ListItem","position":3,"name":"M39 Leitz Elmar 9cm F:4"}]},{"@type":"WebSite","@id":"https:\/\/platyphoto.com\/#website","url":"https:\/\/platyphoto.com\/","name":"Platyphoto","description":"Appareils photos argentiques, objectifs et accessoires de qualit\u00e9.","publisher":{"@id":"https:\/\/platyphoto.com\/#organization"},"potentialAction":[{"@type":"SearchAction","target":{"@type":"EntryPoint","urlTemplate":"https:\/\/platyphoto.com\/?s={search_term_string}"},"query-input":{"@type":"PropertyValueSpecification","valueRequired":true,"valueName":"search_term_string"}}],"inLanguage":"en-US"},{"@type":"Organization","@id":"https:\/\/platyphoto.com\/#organization","name":"Platyphoto","alternateName":"Platyphoto","url":"https:\/\/platyphoto.com\/","logo":{"@type":"ImageObject","inLanguage":"en-US","@id":"https:\/\/platyphoto.com\/#\/schema\/logo\/image\/","url":"https:\/\/i0.wp.com\/platyphoto.com\/wp-content\/uploads\/2020\/11\/cropped-header.jpg?fit=1500%2C282&ssl=1","contentUrl":"https:\/\/i0.wp.com\/platyphoto.com\/wp-content\/uploads\/2020\/11\/cropped-header.jpg?fit=1500%2C282&ssl=1","width":1500,"height":282,"caption":"Platyphoto"},"image":{"@id":"https:\/\/platyphoto.com\/#\/schema\/logo\/image\/"},"sameAs":["https:\/\/www.instagram.com\/platyphoto\/"]}]}},"jetpack_publicize_connections":[],"jetpack_likes_enabled":false,"jetpack_sharing_enabled":true,"_links":{"self":[{"href":"https:\/\/platyphoto.com\/en\/wp-json\/wp\/v2\/product\/16474","targetHints":{"allow":["GET"]}}],"collection":[{"href":"https:\/\/platyphoto.com\/en\/wp-json\/wp\/v2\/product"}],"about":[{"href":"https:\/\/platyphoto.com\/en\/wp-json\/wp\/v2\/types\/product"}],"wp:featuredmedia":[{"embeddable":true,"href":"https:\/\/platyphoto.com\/en\/wp-json\/wp\/v2\/media\/16478"}],"wp:attachment":[{"href":"https:\/\/platyphoto.com\/en\/wp-json\/wp\/v2\/media?parent=16474"}],"wp:term":[{"taxonomy":"product_brand","embeddable":true,"href":"https:\/\/platyphoto.com\/en\/wp-json\/wp\/v2\/product_brand?post=16474"},{"taxonomy":"product_cat","embeddable":true,"href":"https:\/\/platyphoto.com\/en\/wp-json\/wp\/v2\/product_cat?post=16474"},{"taxonomy":"product_tag","embeddable":true,"href":"https:\/\/platyphoto.com\/en\/wp-json\/wp\/v2\/product_tag?post=16474"}],"curies":[{"name":"wp","href":"https:\/\/api.w.org\/{rel}","templated":true}]}}