{"id":16746,"date":"2025-07-19T15:46:40","date_gmt":"2025-07-19T13:46:40","guid":{"rendered":"https:\/\/platyphoto.com\/?post_type=product&#038;p=16746"},"modified":"2025-08-11T11:02:17","modified_gmt":"2025-08-11T09:02:17","slug":"minolta-af-vivitar-x2-autofocus-converter","status":"publish","type":"product","link":"https:\/\/platyphoto.com\/en\/product\/minolta-af-vivitar-x2-autofocus-converter\/","title":{"rendered":"(Minolta AF) Vivitar x2 Autofocus Converter"},"content":{"rendered":"<p>Doubleur de focale en monture Minolta AF, marque Vivitar, se glisse entre le boitier et l&rsquo;objectif et permet de doubler la focale initiale de l&rsquo;objectif (un 50mm deviendra un 100mm), cet mod\u00e8le permet la conversation de l&rsquo;autofocus.<\/p>\n<p>Bel \u00e9tat g\u00e9n\u00e9ral, vendu avec bouchons.<\/p>","protected":false},"excerpt":{"rendered":"<p>Doubleur de focale en monture Minolta AF, marque Vivitar, se glisse entre le boitier et l&rsquo;objectif et permet de doubler la focale initiale de l&rsquo;objectif (un 50mm deviendra un 100mm), cet mod\u00e8le permet la conversation de l&rsquo;autofocus. Bel \u00e9tat g\u00e9n\u00e9ral, vendu avec bouchons.<\/p>","protected":false},"featured_media":16751,"template":"","meta":{"_coblocks_attr":"","_coblocks_dimensions":"","_coblocks_responsive_height":"","_coblocks_accordion_ie_support":"","_crdt_document":"","jetpack_post_was_ever_published":false,"jetpack_publicize_message":"","jetpack_publicize_feature_enabled":true,"jetpack_social_post_already_shared":true,"jetpack_social_options":{"image_generator_settings":{"template":"highway","default_image_id":0,"font":"","enabled":false},"version":2},"_wpas_customize_per_network":false},"product_brand":[],"product_cat":[6370,6366],"product_tag":[],"class_list":{"0":"post-16746","1":"product","2":"type-product","3":"status-publish","4":"has-post-thumbnail","6":"product_cat-minolta-md","7":"product_cat-objectifs","9":"first","10":"outofstock","11":"shipping-taxable","12":"purchasable","13":"product-type-simple"},"yoast_head":"<!-- This site is optimized with the Yoast SEO plugin v27.3 - https:\/\/yoast.com\/product\/yoast-seo-wordpress\/ -->\n<title>(Minolta AF) Vivitar x2 Autofocus Converter - Platyphoto<\/title>\n<meta name=\"description\" content=\"Doubleur de focale en monture Minolta AF, marque Vivitar, se glisse entre le boitier et l&#039;objectif et permet de doubler la focale initiale de l&#039;objectif (un 50mm deviendra un 100mm), cet mod\u00e8le permet la conversation de l&#039;autofocus.\" \/>\n<meta name=\"robots\" content=\"index, follow, max-snippet:-1, max-image-preview:large, max-video-preview:-1\" \/>\n<link rel=\"canonical\" href=\"https:\/\/platyphoto.com\/en\/product\/minolta-af-vivitar-x2-autofocus-converter\/\" \/>\n<meta property=\"og:locale\" content=\"en_US\" \/>\n<meta property=\"og:type\" content=\"article\" \/>\n<meta property=\"og:title\" content=\"(Minolta AF) Vivitar x2 Autofocus Converter - Platyphoto\" \/>\n<meta property=\"og:description\" content=\"Doubleur de focale en monture Minolta AF, marque Vivitar, se glisse entre le boitier et l&#039;objectif et permet de doubler la focale initiale de l&#039;objectif (un 50mm deviendra un 100mm), cet mod\u00e8le permet la conversation de l&#039;autofocus.\" \/>\n<meta property=\"og:url\" content=\"https:\/\/platyphoto.com\/en\/product\/minolta-af-vivitar-x2-autofocus-converter\/\" \/>\n<meta property=\"og:site_name\" content=\"Platyphoto\" \/>\n<meta property=\"article:modified_time\" content=\"2025-08-11T09:02:17+00:00\" \/>\n<meta property=\"og:image\" content=\"https:\/\/platyphoto.com\/wp-content\/uploads\/2025\/07\/Vivitar-x2-auto-focus.jpg\" \/>\n\t<meta property=\"og:image:width\" content=\"2984\" \/>\n\t<meta property=\"og:image:height\" content=\"1983\" \/>\n\t<meta property=\"og:image:type\" content=\"image\/jpeg\" \/>\n<meta name=\"twitter:card\" content=\"summary_large_image\" \/>\n<meta name=\"twitter:label1\" content=\"Est. reading time\" \/>\n\t<meta name=\"twitter:data1\" content=\"1 minute\" \/>\n<script type=\"application\/ld+json\" class=\"yoast-schema-graph\">{\"@context\":\"https:\\\/\\\/schema.org\",\"@graph\":[{\"@type\":\"WebPage\",\"@id\":\"https:\\\/\\\/platyphoto.com\\\/produit\\\/minolta-af-vivitar-x2-autofocus-converter\\\/\",\"url\":\"https:\\\/\\\/platyphoto.com\\\/produit\\\/minolta-af-vivitar-x2-autofocus-converter\\\/\",\"name\":\"(Minolta AF) Vivitar x2 Autofocus Converter - Platyphoto\",\"isPartOf\":{\"@id\":\"https:\\\/\\\/platyphoto.com\\\/#website\"},\"primaryImageOfPage\":{\"@id\":\"https:\\\/\\\/platyphoto.com\\\/produit\\\/minolta-af-vivitar-x2-autofocus-converter\\\/#primaryimage\"},\"image\":{\"@id\":\"https:\\\/\\\/platyphoto.com\\\/produit\\\/minolta-af-vivitar-x2-autofocus-converter\\\/#primaryimage\"},\"thumbnailUrl\":\"https:\\\/\\\/i0.wp.com\\\/platyphoto.com\\\/wp-content\\\/uploads\\\/2025\\\/07\\\/Vivitar-x2-auto-focus.jpg?fit=2984%2C1983&ssl=1\",\"datePublished\":\"2025-07-19T13:46:40+00:00\",\"dateModified\":\"2025-08-11T09:02:17+00:00\",\"description\":\"Doubleur de focale en monture Minolta AF, marque Vivitar, se glisse entre le boitier et l'objectif et permet de doubler la focale initiale de l'objectif (un 50mm deviendra un 100mm), cet mod\u00e8le permet la conversation de l'autofocus.\",\"breadcrumb\":{\"@id\":\"https:\\\/\\\/platyphoto.com\\\/produit\\\/minolta-af-vivitar-x2-autofocus-converter\\\/#breadcrumb\"},\"inLanguage\":\"en-US\",\"potentialAction\":[{\"@type\":\"ReadAction\",\"target\":[\"https:\\\/\\\/platyphoto.com\\\/produit\\\/minolta-af-vivitar-x2-autofocus-converter\\\/\"]}]},{\"@type\":\"ImageObject\",\"inLanguage\":\"en-US\",\"@id\":\"https:\\\/\\\/platyphoto.com\\\/produit\\\/minolta-af-vivitar-x2-autofocus-converter\\\/#primaryimage\",\"url\":\"https:\\\/\\\/i0.wp.com\\\/platyphoto.com\\\/wp-content\\\/uploads\\\/2025\\\/07\\\/Vivitar-x2-auto-focus.jpg?fit=2984%2C1983&ssl=1\",\"contentUrl\":\"https:\\\/\\\/i0.wp.com\\\/platyphoto.com\\\/wp-content\\\/uploads\\\/2025\\\/07\\\/Vivitar-x2-auto-focus.jpg?fit=2984%2C1983&ssl=1\",\"width\":2984,\"height\":1983,\"caption\":\"(Minolta AF) Vivitar x2 Autofocus Converter\"},{\"@type\":\"BreadcrumbList\",\"@id\":\"https:\\\/\\\/platyphoto.com\\\/produit\\\/minolta-af-vivitar-x2-autofocus-converter\\\/#breadcrumb\",\"itemListElement\":[{\"@type\":\"ListItem\",\"position\":1,\"name\":\"Accueil\",\"item\":\"https:\\\/\\\/platyphoto.com\\\/\"},{\"@type\":\"ListItem\",\"position\":2,\"name\":\"Boutique\",\"item\":\"https:\\\/\\\/platyphoto.com\\\/boutique\\\/\"},{\"@type\":\"ListItem\",\"position\":3,\"name\":\"(Minolta AF) Vivitar x2 Autofocus Converter\"}]},{\"@type\":\"WebSite\",\"@id\":\"https:\\\/\\\/platyphoto.com\\\/#website\",\"url\":\"https:\\\/\\\/platyphoto.com\\\/\",\"name\":\"Platyphoto\",\"description\":\"Appareils photos argentiques, objectifs et accessoires de qualit\u00e9.\",\"publisher\":{\"@id\":\"https:\\\/\\\/platyphoto.com\\\/#organization\"},\"potentialAction\":[{\"@type\":\"SearchAction\",\"target\":{\"@type\":\"EntryPoint\",\"urlTemplate\":\"https:\\\/\\\/platyphoto.com\\\/?s={search_term_string}\"},\"query-input\":{\"@type\":\"PropertyValueSpecification\",\"valueRequired\":true,\"valueName\":\"search_term_string\"}}],\"inLanguage\":\"en-US\"},{\"@type\":\"Organization\",\"@id\":\"https:\\\/\\\/platyphoto.com\\\/#organization\",\"name\":\"Platyphoto\",\"alternateName\":\"Platyphoto\",\"url\":\"https:\\\/\\\/platyphoto.com\\\/\",\"logo\":{\"@type\":\"ImageObject\",\"inLanguage\":\"en-US\",\"@id\":\"https:\\\/\\\/platyphoto.com\\\/#\\\/schema\\\/logo\\\/image\\\/\",\"url\":\"https:\\\/\\\/i0.wp.com\\\/platyphoto.com\\\/wp-content\\\/uploads\\\/2020\\\/11\\\/cropped-header.jpg?fit=1500%2C282&ssl=1\",\"contentUrl\":\"https:\\\/\\\/i0.wp.com\\\/platyphoto.com\\\/wp-content\\\/uploads\\\/2020\\\/11\\\/cropped-header.jpg?fit=1500%2C282&ssl=1\",\"width\":1500,\"height\":282,\"caption\":\"Platyphoto\"},\"image\":{\"@id\":\"https:\\\/\\\/platyphoto.com\\\/#\\\/schema\\\/logo\\\/image\\\/\"},\"sameAs\":[\"https:\\\/\\\/www.instagram.com\\\/platyphoto\\\/\"]}]}<\/script>\n<!-- \/ Yoast SEO plugin. -->","yoast_head_json":{"title":"(Minolta AF) Vivitar x2 Autofocus Converter - Platyphoto","description":"Doubleur de focale en monture Minolta AF, marque Vivitar, se glisse entre le boitier et l'objectif et permet de doubler la focale initiale de l'objectif (un 50mm deviendra un 100mm), cet mod\u00e8le permet la conversation de l'autofocus.","robots":{"index":"index","follow":"follow","max-snippet":"max-snippet:-1","max-image-preview":"max-image-preview:large","max-video-preview":"max-video-preview:-1"},"canonical":"https:\/\/platyphoto.com\/en\/product\/minolta-af-vivitar-x2-autofocus-converter\/","og_locale":"en_US","og_type":"article","og_title":"(Minolta AF) Vivitar x2 Autofocus Converter - Platyphoto","og_description":"Doubleur de focale en monture Minolta AF, marque Vivitar, se glisse entre le boitier et l'objectif et permet de doubler la focale initiale de l'objectif (un 50mm deviendra un 100mm), cet mod\u00e8le permet la conversation de l'autofocus.","og_url":"https:\/\/platyphoto.com\/en\/product\/minolta-af-vivitar-x2-autofocus-converter\/","og_site_name":"Platyphoto","article_modified_time":"2025-08-11T09:02:17+00:00","og_image":[{"width":2984,"height":1983,"url":"https:\/\/platyphoto.com\/wp-content\/uploads\/2025\/07\/Vivitar-x2-auto-focus.jpg","type":"image\/jpeg"}],"twitter_card":"summary_large_image","twitter_misc":{"Est. reading time":"1 minute"},"schema":{"@context":"https:\/\/schema.org","@graph":[{"@type":"WebPage","@id":"https:\/\/platyphoto.com\/produit\/minolta-af-vivitar-x2-autofocus-converter\/","url":"https:\/\/platyphoto.com\/produit\/minolta-af-vivitar-x2-autofocus-converter\/","name":"(Minolta AF) Vivitar x2 Autofocus Converter - Platyphoto","isPartOf":{"@id":"https:\/\/platyphoto.com\/#website"},"primaryImageOfPage":{"@id":"https:\/\/platyphoto.com\/produit\/minolta-af-vivitar-x2-autofocus-converter\/#primaryimage"},"image":{"@id":"https:\/\/platyphoto.com\/produit\/minolta-af-vivitar-x2-autofocus-converter\/#primaryimage"},"thumbnailUrl":"https:\/\/i0.wp.com\/platyphoto.com\/wp-content\/uploads\/2025\/07\/Vivitar-x2-auto-focus.jpg?fit=2984%2C1983&ssl=1","datePublished":"2025-07-19T13:46:40+00:00","dateModified":"2025-08-11T09:02:17+00:00","description":"Doubleur de focale en monture Minolta AF, marque Vivitar, se glisse entre le boitier et l'objectif et permet de doubler la focale initiale de l'objectif (un 50mm deviendra un 100mm), cet mod\u00e8le permet la conversation de l'autofocus.","breadcrumb":{"@id":"https:\/\/platyphoto.com\/produit\/minolta-af-vivitar-x2-autofocus-converter\/#breadcrumb"},"inLanguage":"en-US","potentialAction":[{"@type":"ReadAction","target":["https:\/\/platyphoto.com\/produit\/minolta-af-vivitar-x2-autofocus-converter\/"]}]},{"@type":"ImageObject","inLanguage":"en-US","@id":"https:\/\/platyphoto.com\/produit\/minolta-af-vivitar-x2-autofocus-converter\/#primaryimage","url":"https:\/\/i0.wp.com\/platyphoto.com\/wp-content\/uploads\/2025\/07\/Vivitar-x2-auto-focus.jpg?fit=2984%2C1983&ssl=1","contentUrl":"https:\/\/i0.wp.com\/platyphoto.com\/wp-content\/uploads\/2025\/07\/Vivitar-x2-auto-focus.jpg?fit=2984%2C1983&ssl=1","width":2984,"height":1983,"caption":"(Minolta AF) Vivitar x2 Autofocus Converter"},{"@type":"BreadcrumbList","@id":"https:\/\/platyphoto.com\/produit\/minolta-af-vivitar-x2-autofocus-converter\/#breadcrumb","itemListElement":[{"@type":"ListItem","position":1,"name":"Accueil","item":"https:\/\/platyphoto.com\/"},{"@type":"ListItem","position":2,"name":"Boutique","item":"https:\/\/platyphoto.com\/boutique\/"},{"@type":"ListItem","position":3,"name":"(Minolta AF) Vivitar x2 Autofocus Converter"}]},{"@type":"WebSite","@id":"https:\/\/platyphoto.com\/#website","url":"https:\/\/platyphoto.com\/","name":"Platyphoto","description":"Appareils photos argentiques, objectifs et accessoires de qualit\u00e9.","publisher":{"@id":"https:\/\/platyphoto.com\/#organization"},"potentialAction":[{"@type":"SearchAction","target":{"@type":"EntryPoint","urlTemplate":"https:\/\/platyphoto.com\/?s={search_term_string}"},"query-input":{"@type":"PropertyValueSpecification","valueRequired":true,"valueName":"search_term_string"}}],"inLanguage":"en-US"},{"@type":"Organization","@id":"https:\/\/platyphoto.com\/#organization","name":"Platyphoto","alternateName":"Platyphoto","url":"https:\/\/platyphoto.com\/","logo":{"@type":"ImageObject","inLanguage":"en-US","@id":"https:\/\/platyphoto.com\/#\/schema\/logo\/image\/","url":"https:\/\/i0.wp.com\/platyphoto.com\/wp-content\/uploads\/2020\/11\/cropped-header.jpg?fit=1500%2C282&ssl=1","contentUrl":"https:\/\/i0.wp.com\/platyphoto.com\/wp-content\/uploads\/2020\/11\/cropped-header.jpg?fit=1500%2C282&ssl=1","width":1500,"height":282,"caption":"Platyphoto"},"image":{"@id":"https:\/\/platyphoto.com\/#\/schema\/logo\/image\/"},"sameAs":["https:\/\/www.instagram.com\/platyphoto\/"]}]}},"jetpack_publicize_connections":[],"jetpack_likes_enabled":false,"jetpack_sharing_enabled":true,"_links":{"self":[{"href":"https:\/\/platyphoto.com\/en\/wp-json\/wp\/v2\/product\/16746","targetHints":{"allow":["GET"]}}],"collection":[{"href":"https:\/\/platyphoto.com\/en\/wp-json\/wp\/v2\/product"}],"about":[{"href":"https:\/\/platyphoto.com\/en\/wp-json\/wp\/v2\/types\/product"}],"wp:featuredmedia":[{"embeddable":true,"href":"https:\/\/platyphoto.com\/en\/wp-json\/wp\/v2\/media\/16751"}],"wp:attachment":[{"href":"https:\/\/platyphoto.com\/en\/wp-json\/wp\/v2\/media?parent=16746"}],"wp:term":[{"taxonomy":"product_brand","embeddable":true,"href":"https:\/\/platyphoto.com\/en\/wp-json\/wp\/v2\/product_brand?post=16746"},{"taxonomy":"product_cat","embeddable":true,"href":"https:\/\/platyphoto.com\/en\/wp-json\/wp\/v2\/product_cat?post=16746"},{"taxonomy":"product_tag","embeddable":true,"href":"https:\/\/platyphoto.com\/en\/wp-json\/wp\/v2\/product_tag?post=16746"}],"curies":[{"name":"wp","href":"https:\/\/api.w.org\/{rel}","templated":true}]}}