{"id":16869,"date":"2025-07-23T09:54:49","date_gmt":"2025-07-23T07:54:49","guid":{"rendered":"https:\/\/platyphoto.com\/?post_type=product&#038;p=16869"},"modified":"2025-07-23T09:56:21","modified_gmt":"2025-07-23T07:56:21","slug":"hoya-52mm-filtre-82a-copie","status":"publish","type":"product","link":"https:\/\/platyphoto.com\/en\/product\/hoya-52mm-filtre-82a-copie\/","title":{"rendered":"Hoya 52mm filtre 82A"},"content":{"rendered":"<p>Hoya 52mm filtre 82A Filtre d&rsquo;augmentation de la temp\u00e9rature de la couleur en boite.<\/p>\n<p>Les filtres <strong>82A HMC de Hoya<\/strong> vous permettent d&rsquo;augmenter artificiellement la temp\u00e9rature Kelvin de vos photos.<\/p>\n<p>Le filtre 82A augmente la temp\u00e9rature de 3000\u00b0K \u00e0 3200\u00b0K.<\/p>\n<p>Bel \u00e9tat g\u00e9n\u00e9ral.<\/p>","protected":false},"excerpt":{"rendered":"<p>Hoya 52mm filtre 82A Filtre d&rsquo;augmentation de la temp\u00e9rature de la couleur en boite. Les filtres 82A HMC de Hoya vous permettent d&rsquo;augmenter artificiellement la temp\u00e9rature Kelvin de vos photos. Le filtre 82A augmente la temp\u00e9rature de 3000\u00b0K \u00e0 3200\u00b0K. Bel \u00e9tat g\u00e9n\u00e9ral.<\/p>","protected":false},"featured_media":16870,"template":"","meta":{"_coblocks_attr":"","_coblocks_dimensions":"","_coblocks_responsive_height":"","_coblocks_accordion_ie_support":"","_crdt_document":"","jetpack_post_was_ever_published":false,"jetpack_publicize_message":"","jetpack_publicize_feature_enabled":true,"jetpack_social_post_already_shared":true,"jetpack_social_options":{"image_generator_settings":{"template":"highway","default_image_id":0,"font":"","enabled":false},"version":2},"_wpas_customize_per_network":false},"product_brand":[],"product_cat":[6683,6376,6531],"product_tag":[],"class_list":{"0":"post-16869","1":"product","2":"type-product","3":"status-publish","4":"has-post-thumbnail","6":"product_cat-52mm","7":"product_cat-accessoires-fr","8":"product_cat-filtres","10":"first","11":"instock","12":"shipping-taxable","13":"purchasable","14":"product-type-simple"},"yoast_head":"<!-- This site is optimized with the Yoast SEO plugin v27.3 - https:\/\/yoast.com\/product\/yoast-seo-wordpress\/ -->\n<title>Hoya 52mm filtre 82A - Platyphoto<\/title>\n<meta name=\"description\" content=\"Hoya 52mm filtre 82A Filtre d&#039;augmentation de la temp\u00e9rature de la couleur en boite. Les filtres 82A HMC de Hoya vous permettent d&#039;augmenter artificiellement la temp\u00e9rature Kelvin de vos photos.Le filtre 82A augmente la temp\u00e9rature de 3000\u00b0K \u00e0 3200\u00b0K.\" \/>\n<meta name=\"robots\" content=\"index, follow, max-snippet:-1, max-image-preview:large, max-video-preview:-1\" \/>\n<link rel=\"canonical\" href=\"https:\/\/platyphoto.com\/en\/product\/hoya-52mm-filtre-82a-copie\/\" \/>\n<meta property=\"og:locale\" content=\"en_US\" \/>\n<meta property=\"og:type\" content=\"article\" \/>\n<meta property=\"og:title\" content=\"Hoya 52mm filtre 82A - Platyphoto\" \/>\n<meta property=\"og:description\" content=\"Hoya 52mm filtre 82A Filtre d&#039;augmentation de la temp\u00e9rature de la couleur en boite. Les filtres 82A HMC de Hoya vous permettent d&#039;augmenter artificiellement la temp\u00e9rature Kelvin de vos photos.Le filtre 82A augmente la temp\u00e9rature de 3000\u00b0K \u00e0 3200\u00b0K.\" \/>\n<meta property=\"og:url\" content=\"https:\/\/platyphoto.com\/en\/product\/hoya-52mm-filtre-82a-copie\/\" \/>\n<meta property=\"og:site_name\" content=\"Platyphoto\" \/>\n<meta property=\"article:modified_time\" content=\"2025-07-23T07:56:21+00:00\" \/>\n<meta property=\"og:image\" content=\"https:\/\/platyphoto.com\/wp-content\/uploads\/2025\/07\/Hoya-52-82A.jpg\" \/>\n\t<meta property=\"og:image:width\" content=\"3947\" \/>\n\t<meta property=\"og:image:height\" content=\"2623\" \/>\n\t<meta property=\"og:image:type\" content=\"image\/jpeg\" \/>\n<meta name=\"twitter:card\" content=\"summary_large_image\" \/>\n<meta name=\"twitter:label1\" content=\"Est. reading time\" \/>\n\t<meta name=\"twitter:data1\" content=\"1 minute\" \/>\n<script type=\"application\/ld+json\" class=\"yoast-schema-graph\">{\"@context\":\"https:\\\/\\\/schema.org\",\"@graph\":[{\"@type\":\"WebPage\",\"@id\":\"https:\\\/\\\/platyphoto.com\\\/produit\\\/hoya-52mm-filtre-82a-copie\\\/\",\"url\":\"https:\\\/\\\/platyphoto.com\\\/produit\\\/hoya-52mm-filtre-82a-copie\\\/\",\"name\":\"Hoya 52mm filtre 82A - Platyphoto\",\"isPartOf\":{\"@id\":\"https:\\\/\\\/platyphoto.com\\\/#website\"},\"primaryImageOfPage\":{\"@id\":\"https:\\\/\\\/platyphoto.com\\\/produit\\\/hoya-52mm-filtre-82a-copie\\\/#primaryimage\"},\"image\":{\"@id\":\"https:\\\/\\\/platyphoto.com\\\/produit\\\/hoya-52mm-filtre-82a-copie\\\/#primaryimage\"},\"thumbnailUrl\":\"https:\\\/\\\/i0.wp.com\\\/platyphoto.com\\\/wp-content\\\/uploads\\\/2025\\\/07\\\/Hoya-52-82A.jpg?fit=3947%2C2623&ssl=1\",\"datePublished\":\"2025-07-23T07:54:49+00:00\",\"dateModified\":\"2025-07-23T07:56:21+00:00\",\"description\":\"Hoya 52mm filtre 82A Filtre d'augmentation de la temp\u00e9rature de la couleur en boite. Les filtres 82A HMC de Hoya vous permettent d'augmenter artificiellement la temp\u00e9rature Kelvin de vos photos.Le filtre 82A augmente la temp\u00e9rature de 3000\u00b0K \u00e0 3200\u00b0K.\",\"breadcrumb\":{\"@id\":\"https:\\\/\\\/platyphoto.com\\\/produit\\\/hoya-52mm-filtre-82a-copie\\\/#breadcrumb\"},\"inLanguage\":\"en-US\",\"potentialAction\":[{\"@type\":\"ReadAction\",\"target\":[\"https:\\\/\\\/platyphoto.com\\\/produit\\\/hoya-52mm-filtre-82a-copie\\\/\"]}]},{\"@type\":\"ImageObject\",\"inLanguage\":\"en-US\",\"@id\":\"https:\\\/\\\/platyphoto.com\\\/produit\\\/hoya-52mm-filtre-82a-copie\\\/#primaryimage\",\"url\":\"https:\\\/\\\/i0.wp.com\\\/platyphoto.com\\\/wp-content\\\/uploads\\\/2025\\\/07\\\/Hoya-52-82A.jpg?fit=3947%2C2623&ssl=1\",\"contentUrl\":\"https:\\\/\\\/i0.wp.com\\\/platyphoto.com\\\/wp-content\\\/uploads\\\/2025\\\/07\\\/Hoya-52-82A.jpg?fit=3947%2C2623&ssl=1\",\"width\":3947,\"height\":2623,\"caption\":\"Hoya 52mm filtre 82A\"},{\"@type\":\"BreadcrumbList\",\"@id\":\"https:\\\/\\\/platyphoto.com\\\/produit\\\/hoya-52mm-filtre-82a-copie\\\/#breadcrumb\",\"itemListElement\":[{\"@type\":\"ListItem\",\"position\":1,\"name\":\"Accueil\",\"item\":\"https:\\\/\\\/platyphoto.com\\\/\"},{\"@type\":\"ListItem\",\"position\":2,\"name\":\"Boutique\",\"item\":\"https:\\\/\\\/platyphoto.com\\\/boutique\\\/\"},{\"@type\":\"ListItem\",\"position\":3,\"name\":\"Hoya 52mm filtre 82A\"}]},{\"@type\":\"WebSite\",\"@id\":\"https:\\\/\\\/platyphoto.com\\\/#website\",\"url\":\"https:\\\/\\\/platyphoto.com\\\/\",\"name\":\"Platyphoto\",\"description\":\"Appareils photos argentiques, objectifs et accessoires de qualit\u00e9.\",\"publisher\":{\"@id\":\"https:\\\/\\\/platyphoto.com\\\/#organization\"},\"potentialAction\":[{\"@type\":\"SearchAction\",\"target\":{\"@type\":\"EntryPoint\",\"urlTemplate\":\"https:\\\/\\\/platyphoto.com\\\/?s={search_term_string}\"},\"query-input\":{\"@type\":\"PropertyValueSpecification\",\"valueRequired\":true,\"valueName\":\"search_term_string\"}}],\"inLanguage\":\"en-US\"},{\"@type\":\"Organization\",\"@id\":\"https:\\\/\\\/platyphoto.com\\\/#organization\",\"name\":\"Platyphoto\",\"alternateName\":\"Platyphoto\",\"url\":\"https:\\\/\\\/platyphoto.com\\\/\",\"logo\":{\"@type\":\"ImageObject\",\"inLanguage\":\"en-US\",\"@id\":\"https:\\\/\\\/platyphoto.com\\\/#\\\/schema\\\/logo\\\/image\\\/\",\"url\":\"https:\\\/\\\/i0.wp.com\\\/platyphoto.com\\\/wp-content\\\/uploads\\\/2020\\\/11\\\/cropped-header.jpg?fit=1500%2C282&ssl=1\",\"contentUrl\":\"https:\\\/\\\/i0.wp.com\\\/platyphoto.com\\\/wp-content\\\/uploads\\\/2020\\\/11\\\/cropped-header.jpg?fit=1500%2C282&ssl=1\",\"width\":1500,\"height\":282,\"caption\":\"Platyphoto\"},\"image\":{\"@id\":\"https:\\\/\\\/platyphoto.com\\\/#\\\/schema\\\/logo\\\/image\\\/\"},\"sameAs\":[\"https:\\\/\\\/www.instagram.com\\\/platyphoto\\\/\"]}]}<\/script>\n<!-- \/ Yoast SEO plugin. -->","yoast_head_json":{"title":"Hoya 52mm filtre 82A - Platyphoto","description":"Hoya 52mm filtre 82A Filtre d'augmentation de la temp\u00e9rature de la couleur en boite. Les filtres 82A HMC de Hoya vous permettent d'augmenter artificiellement la temp\u00e9rature Kelvin de vos photos.Le filtre 82A augmente la temp\u00e9rature de 3000\u00b0K \u00e0 3200\u00b0K.","robots":{"index":"index","follow":"follow","max-snippet":"max-snippet:-1","max-image-preview":"max-image-preview:large","max-video-preview":"max-video-preview:-1"},"canonical":"https:\/\/platyphoto.com\/en\/product\/hoya-52mm-filtre-82a-copie\/","og_locale":"en_US","og_type":"article","og_title":"Hoya 52mm filtre 82A - Platyphoto","og_description":"Hoya 52mm filtre 82A Filtre d'augmentation de la temp\u00e9rature de la couleur en boite. Les filtres 82A HMC de Hoya vous permettent d'augmenter artificiellement la temp\u00e9rature Kelvin de vos photos.Le filtre 82A augmente la temp\u00e9rature de 3000\u00b0K \u00e0 3200\u00b0K.","og_url":"https:\/\/platyphoto.com\/en\/product\/hoya-52mm-filtre-82a-copie\/","og_site_name":"Platyphoto","article_modified_time":"2025-07-23T07:56:21+00:00","og_image":[{"width":3947,"height":2623,"url":"https:\/\/platyphoto.com\/wp-content\/uploads\/2025\/07\/Hoya-52-82A.jpg","type":"image\/jpeg"}],"twitter_card":"summary_large_image","twitter_misc":{"Est. reading time":"1 minute"},"schema":{"@context":"https:\/\/schema.org","@graph":[{"@type":"WebPage","@id":"https:\/\/platyphoto.com\/produit\/hoya-52mm-filtre-82a-copie\/","url":"https:\/\/platyphoto.com\/produit\/hoya-52mm-filtre-82a-copie\/","name":"Hoya 52mm filtre 82A - Platyphoto","isPartOf":{"@id":"https:\/\/platyphoto.com\/#website"},"primaryImageOfPage":{"@id":"https:\/\/platyphoto.com\/produit\/hoya-52mm-filtre-82a-copie\/#primaryimage"},"image":{"@id":"https:\/\/platyphoto.com\/produit\/hoya-52mm-filtre-82a-copie\/#primaryimage"},"thumbnailUrl":"https:\/\/i0.wp.com\/platyphoto.com\/wp-content\/uploads\/2025\/07\/Hoya-52-82A.jpg?fit=3947%2C2623&ssl=1","datePublished":"2025-07-23T07:54:49+00:00","dateModified":"2025-07-23T07:56:21+00:00","description":"Hoya 52mm filtre 82A Filtre d'augmentation de la temp\u00e9rature de la couleur en boite. Les filtres 82A HMC de Hoya vous permettent d'augmenter artificiellement la temp\u00e9rature Kelvin de vos photos.Le filtre 82A augmente la temp\u00e9rature de 3000\u00b0K \u00e0 3200\u00b0K.","breadcrumb":{"@id":"https:\/\/platyphoto.com\/produit\/hoya-52mm-filtre-82a-copie\/#breadcrumb"},"inLanguage":"en-US","potentialAction":[{"@type":"ReadAction","target":["https:\/\/platyphoto.com\/produit\/hoya-52mm-filtre-82a-copie\/"]}]},{"@type":"ImageObject","inLanguage":"en-US","@id":"https:\/\/platyphoto.com\/produit\/hoya-52mm-filtre-82a-copie\/#primaryimage","url":"https:\/\/i0.wp.com\/platyphoto.com\/wp-content\/uploads\/2025\/07\/Hoya-52-82A.jpg?fit=3947%2C2623&ssl=1","contentUrl":"https:\/\/i0.wp.com\/platyphoto.com\/wp-content\/uploads\/2025\/07\/Hoya-52-82A.jpg?fit=3947%2C2623&ssl=1","width":3947,"height":2623,"caption":"Hoya 52mm filtre 82A"},{"@type":"BreadcrumbList","@id":"https:\/\/platyphoto.com\/produit\/hoya-52mm-filtre-82a-copie\/#breadcrumb","itemListElement":[{"@type":"ListItem","position":1,"name":"Accueil","item":"https:\/\/platyphoto.com\/"},{"@type":"ListItem","position":2,"name":"Boutique","item":"https:\/\/platyphoto.com\/boutique\/"},{"@type":"ListItem","position":3,"name":"Hoya 52mm filtre 82A"}]},{"@type":"WebSite","@id":"https:\/\/platyphoto.com\/#website","url":"https:\/\/platyphoto.com\/","name":"Platyphoto","description":"Appareils photos argentiques, objectifs et accessoires de qualit\u00e9.","publisher":{"@id":"https:\/\/platyphoto.com\/#organization"},"potentialAction":[{"@type":"SearchAction","target":{"@type":"EntryPoint","urlTemplate":"https:\/\/platyphoto.com\/?s={search_term_string}"},"query-input":{"@type":"PropertyValueSpecification","valueRequired":true,"valueName":"search_term_string"}}],"inLanguage":"en-US"},{"@type":"Organization","@id":"https:\/\/platyphoto.com\/#organization","name":"Platyphoto","alternateName":"Platyphoto","url":"https:\/\/platyphoto.com\/","logo":{"@type":"ImageObject","inLanguage":"en-US","@id":"https:\/\/platyphoto.com\/#\/schema\/logo\/image\/","url":"https:\/\/i0.wp.com\/platyphoto.com\/wp-content\/uploads\/2020\/11\/cropped-header.jpg?fit=1500%2C282&ssl=1","contentUrl":"https:\/\/i0.wp.com\/platyphoto.com\/wp-content\/uploads\/2020\/11\/cropped-header.jpg?fit=1500%2C282&ssl=1","width":1500,"height":282,"caption":"Platyphoto"},"image":{"@id":"https:\/\/platyphoto.com\/#\/schema\/logo\/image\/"},"sameAs":["https:\/\/www.instagram.com\/platyphoto\/"]}]}},"jetpack_publicize_connections":[],"jetpack_likes_enabled":false,"jetpack_sharing_enabled":true,"_links":{"self":[{"href":"https:\/\/platyphoto.com\/en\/wp-json\/wp\/v2\/product\/16869","targetHints":{"allow":["GET"]}}],"collection":[{"href":"https:\/\/platyphoto.com\/en\/wp-json\/wp\/v2\/product"}],"about":[{"href":"https:\/\/platyphoto.com\/en\/wp-json\/wp\/v2\/types\/product"}],"wp:featuredmedia":[{"embeddable":true,"href":"https:\/\/platyphoto.com\/en\/wp-json\/wp\/v2\/media\/16870"}],"wp:attachment":[{"href":"https:\/\/platyphoto.com\/en\/wp-json\/wp\/v2\/media?parent=16869"}],"wp:term":[{"taxonomy":"product_brand","embeddable":true,"href":"https:\/\/platyphoto.com\/en\/wp-json\/wp\/v2\/product_brand?post=16869"},{"taxonomy":"product_cat","embeddable":true,"href":"https:\/\/platyphoto.com\/en\/wp-json\/wp\/v2\/product_cat?post=16869"},{"taxonomy":"product_tag","embeddable":true,"href":"https:\/\/platyphoto.com\/en\/wp-json\/wp\/v2\/product_tag?post=16869"}],"curies":[{"name":"wp","href":"https:\/\/api.w.org\/{rel}","templated":true}]}}