{"id":16978,"date":"2025-07-24T20:55:29","date_gmt":"2025-07-24T18:55:29","guid":{"rendered":"https:\/\/platyphoto.com\/?post_type=product&#038;p=16978"},"modified":"2025-07-24T20:57:59","modified_gmt":"2025-07-24T18:57:59","slug":"hoya-49mm-filtre-uv","status":"publish","type":"product","link":"https:\/\/platyphoto.com\/en\/product\/hoya-49mm-filtre-uv\/","title":{"rendered":"Hoya 49mm filtre UV"},"content":{"rendered":"<p>Hoya 49mm filtre UV en boite.<\/p>\n<div id=\"idTab1\" class=\"rte\">\n<p>Les filtres UV sont utilis\u00e9s pour prot\u00e9ger l\u2019objectif des chocs, des intemp\u00e9ries et pour emp\u00eacher la lumi\u00e8re UV d\u2019atteindre le capteur. Cette longueur de lumi\u00e8re, inf\u00e9rieure \u00e0 395 nm, peut provoquer une l\u00e9g\u00e8re dominante bleu\u00e2tre dans les prises de vue \u00e0 la lumi\u00e8re du jour.<\/p>\n<\/div>\n<p>Bel \u00e9tat g\u00e9n\u00e9ral.<\/p>","protected":false},"excerpt":{"rendered":"<p>Hoya 49mm filtre UV en boite. Les filtres UV sont utilis\u00e9s pour prot\u00e9ger l\u2019objectif des chocs, des intemp\u00e9ries et pour emp\u00eacher la lumi\u00e8re UV d\u2019atteindre le capteur. Cette longueur de lumi\u00e8re, inf\u00e9rieure \u00e0 395 nm, peut provoquer une l\u00e9g\u00e8re dominante bleu\u00e2tre dans les prises de vue \u00e0 la lumi\u00e8re du jour. Bel \u00e9tat g\u00e9n\u00e9ral.<\/p>","protected":false},"featured_media":16979,"template":"","meta":{"_coblocks_attr":"","_coblocks_dimensions":"","_coblocks_responsive_height":"","_coblocks_accordion_ie_support":"","_crdt_document":"","jetpack_post_was_ever_published":false,"jetpack_publicize_message":"","jetpack_publicize_feature_enabled":true,"jetpack_social_post_already_shared":true,"jetpack_social_options":{"image_generator_settings":{"template":"highway","default_image_id":0,"font":"","enabled":false},"version":2},"_wpas_customize_per_network":false},"product_brand":[],"product_cat":[6691,6376,6531],"product_tag":[],"class_list":{"0":"post-16978","1":"product","2":"type-product","3":"status-publish","4":"has-post-thumbnail","6":"product_cat-49mm","7":"product_cat-accessoires-fr","8":"product_cat-filtres","10":"first","11":"instock","12":"shipping-taxable","13":"purchasable","14":"product-type-simple"},"yoast_head":"<!-- This site is optimized with the Yoast SEO plugin v27.3 - https:\/\/yoast.com\/product\/yoast-seo-wordpress\/ -->\n<title>Hoya 49mm filtre UV - Platyphoto<\/title>\n<meta name=\"description\" content=\"Hoya 49mm filtre UV en boite. Les filtres UV sont utilis\u00e9s pour prot\u00e9ger l\u2019objectif des chocs, des intemp\u00e9ries et pour emp\u00eacher la lumi\u00e8re UV d\u2019atteindre le capteur. Cette longueur de lumi\u00e8re, inf\u00e9rieure \u00e0 395 nm, peut provoquer une l\u00e9g\u00e8re dominante bleu\u00e2tre dans les prises de vue \u00e0 la lumi\u00e8re du jour.Hoya 49mm filtre UV\" \/>\n<meta name=\"robots\" content=\"index, follow, max-snippet:-1, max-image-preview:large, max-video-preview:-1\" \/>\n<link rel=\"canonical\" href=\"https:\/\/platyphoto.com\/en\/product\/hoya-49mm-filtre-uv\/\" \/>\n<meta property=\"og:locale\" content=\"en_US\" \/>\n<meta property=\"og:type\" content=\"article\" \/>\n<meta property=\"og:title\" content=\"Hoya 49mm filtre UV - Platyphoto\" \/>\n<meta property=\"og:description\" content=\"Hoya 49mm filtre UV en boite. Les filtres UV sont utilis\u00e9s pour prot\u00e9ger l\u2019objectif des chocs, des intemp\u00e9ries et pour emp\u00eacher la lumi\u00e8re UV d\u2019atteindre le capteur. Cette longueur de lumi\u00e8re, inf\u00e9rieure \u00e0 395 nm, peut provoquer une l\u00e9g\u00e8re dominante bleu\u00e2tre dans les prises de vue \u00e0 la lumi\u00e8re du jour.Hoya 49mm filtre UV\" \/>\n<meta property=\"og:url\" content=\"https:\/\/platyphoto.com\/en\/product\/hoya-49mm-filtre-uv\/\" \/>\n<meta property=\"og:site_name\" content=\"Platyphoto\" \/>\n<meta property=\"article:modified_time\" content=\"2025-07-24T18:57:59+00:00\" \/>\n<meta property=\"og:image\" content=\"https:\/\/platyphoto.com\/wp-content\/uploads\/2025\/07\/Hoya-49-UV.jpg\" \/>\n\t<meta property=\"og:image:width\" content=\"3017\" \/>\n\t<meta property=\"og:image:height\" content=\"2005\" \/>\n\t<meta property=\"og:image:type\" content=\"image\/jpeg\" \/>\n<meta name=\"twitter:card\" content=\"summary_large_image\" \/>\n<meta name=\"twitter:label1\" content=\"Est. reading time\" \/>\n\t<meta name=\"twitter:data1\" content=\"1 minute\" \/>\n<script type=\"application\/ld+json\" class=\"yoast-schema-graph\">{\"@context\":\"https:\\\/\\\/schema.org\",\"@graph\":[{\"@type\":\"WebPage\",\"@id\":\"https:\\\/\\\/platyphoto.com\\\/produit\\\/hoya-49mm-filtre-uv\\\/\",\"url\":\"https:\\\/\\\/platyphoto.com\\\/produit\\\/hoya-49mm-filtre-uv\\\/\",\"name\":\"Hoya 49mm filtre UV - Platyphoto\",\"isPartOf\":{\"@id\":\"https:\\\/\\\/platyphoto.com\\\/#website\"},\"primaryImageOfPage\":{\"@id\":\"https:\\\/\\\/platyphoto.com\\\/produit\\\/hoya-49mm-filtre-uv\\\/#primaryimage\"},\"image\":{\"@id\":\"https:\\\/\\\/platyphoto.com\\\/produit\\\/hoya-49mm-filtre-uv\\\/#primaryimage\"},\"thumbnailUrl\":\"https:\\\/\\\/i0.wp.com\\\/platyphoto.com\\\/wp-content\\\/uploads\\\/2025\\\/07\\\/Hoya-49-UV.jpg?fit=3017%2C2005&ssl=1\",\"datePublished\":\"2025-07-24T18:55:29+00:00\",\"dateModified\":\"2025-07-24T18:57:59+00:00\",\"description\":\"Hoya 49mm filtre UV en boite. Les filtres UV sont utilis\u00e9s pour prot\u00e9ger l\u2019objectif des chocs, des intemp\u00e9ries et pour emp\u00eacher la lumi\u00e8re UV d\u2019atteindre le capteur. Cette longueur de lumi\u00e8re, inf\u00e9rieure \u00e0 395 nm, peut provoquer une l\u00e9g\u00e8re dominante bleu\u00e2tre dans les prises de vue \u00e0 la lumi\u00e8re du jour.Hoya 49mm filtre UV\",\"breadcrumb\":{\"@id\":\"https:\\\/\\\/platyphoto.com\\\/produit\\\/hoya-49mm-filtre-uv\\\/#breadcrumb\"},\"inLanguage\":\"en-US\",\"potentialAction\":[{\"@type\":\"ReadAction\",\"target\":[\"https:\\\/\\\/platyphoto.com\\\/produit\\\/hoya-49mm-filtre-uv\\\/\"]}]},{\"@type\":\"ImageObject\",\"inLanguage\":\"en-US\",\"@id\":\"https:\\\/\\\/platyphoto.com\\\/produit\\\/hoya-49mm-filtre-uv\\\/#primaryimage\",\"url\":\"https:\\\/\\\/i0.wp.com\\\/platyphoto.com\\\/wp-content\\\/uploads\\\/2025\\\/07\\\/Hoya-49-UV.jpg?fit=3017%2C2005&ssl=1\",\"contentUrl\":\"https:\\\/\\\/i0.wp.com\\\/platyphoto.com\\\/wp-content\\\/uploads\\\/2025\\\/07\\\/Hoya-49-UV.jpg?fit=3017%2C2005&ssl=1\",\"width\":3017,\"height\":2005,\"caption\":\"Hoya 49mm filtre UV\"},{\"@type\":\"BreadcrumbList\",\"@id\":\"https:\\\/\\\/platyphoto.com\\\/produit\\\/hoya-49mm-filtre-uv\\\/#breadcrumb\",\"itemListElement\":[{\"@type\":\"ListItem\",\"position\":1,\"name\":\"Accueil\",\"item\":\"https:\\\/\\\/platyphoto.com\\\/\"},{\"@type\":\"ListItem\",\"position\":2,\"name\":\"Boutique\",\"item\":\"https:\\\/\\\/platyphoto.com\\\/boutique\\\/\"},{\"@type\":\"ListItem\",\"position\":3,\"name\":\"Hoya 49mm filtre UV\"}]},{\"@type\":\"WebSite\",\"@id\":\"https:\\\/\\\/platyphoto.com\\\/#website\",\"url\":\"https:\\\/\\\/platyphoto.com\\\/\",\"name\":\"Platyphoto\",\"description\":\"Appareils photos argentiques, objectifs et accessoires de qualit\u00e9.\",\"publisher\":{\"@id\":\"https:\\\/\\\/platyphoto.com\\\/#organization\"},\"potentialAction\":[{\"@type\":\"SearchAction\",\"target\":{\"@type\":\"EntryPoint\",\"urlTemplate\":\"https:\\\/\\\/platyphoto.com\\\/?s={search_term_string}\"},\"query-input\":{\"@type\":\"PropertyValueSpecification\",\"valueRequired\":true,\"valueName\":\"search_term_string\"}}],\"inLanguage\":\"en-US\"},{\"@type\":\"Organization\",\"@id\":\"https:\\\/\\\/platyphoto.com\\\/#organization\",\"name\":\"Platyphoto\",\"alternateName\":\"Platyphoto\",\"url\":\"https:\\\/\\\/platyphoto.com\\\/\",\"logo\":{\"@type\":\"ImageObject\",\"inLanguage\":\"en-US\",\"@id\":\"https:\\\/\\\/platyphoto.com\\\/#\\\/schema\\\/logo\\\/image\\\/\",\"url\":\"https:\\\/\\\/i0.wp.com\\\/platyphoto.com\\\/wp-content\\\/uploads\\\/2020\\\/11\\\/cropped-header.jpg?fit=1500%2C282&ssl=1\",\"contentUrl\":\"https:\\\/\\\/i0.wp.com\\\/platyphoto.com\\\/wp-content\\\/uploads\\\/2020\\\/11\\\/cropped-header.jpg?fit=1500%2C282&ssl=1\",\"width\":1500,\"height\":282,\"caption\":\"Platyphoto\"},\"image\":{\"@id\":\"https:\\\/\\\/platyphoto.com\\\/#\\\/schema\\\/logo\\\/image\\\/\"},\"sameAs\":[\"https:\\\/\\\/www.instagram.com\\\/platyphoto\\\/\"]}]}<\/script>\n<!-- \/ Yoast SEO plugin. -->","yoast_head_json":{"title":"Hoya 49mm filtre UV - Platyphoto","description":"Hoya 49mm filtre UV en boite. Les filtres UV sont utilis\u00e9s pour prot\u00e9ger l\u2019objectif des chocs, des intemp\u00e9ries et pour emp\u00eacher la lumi\u00e8re UV d\u2019atteindre le capteur. Cette longueur de lumi\u00e8re, inf\u00e9rieure \u00e0 395 nm, peut provoquer une l\u00e9g\u00e8re dominante bleu\u00e2tre dans les prises de vue \u00e0 la lumi\u00e8re du jour.Hoya 49mm filtre UV","robots":{"index":"index","follow":"follow","max-snippet":"max-snippet:-1","max-image-preview":"max-image-preview:large","max-video-preview":"max-video-preview:-1"},"canonical":"https:\/\/platyphoto.com\/en\/product\/hoya-49mm-filtre-uv\/","og_locale":"en_US","og_type":"article","og_title":"Hoya 49mm filtre UV - Platyphoto","og_description":"Hoya 49mm filtre UV en boite. Les filtres UV sont utilis\u00e9s pour prot\u00e9ger l\u2019objectif des chocs, des intemp\u00e9ries et pour emp\u00eacher la lumi\u00e8re UV d\u2019atteindre le capteur. Cette longueur de lumi\u00e8re, inf\u00e9rieure \u00e0 395 nm, peut provoquer une l\u00e9g\u00e8re dominante bleu\u00e2tre dans les prises de vue \u00e0 la lumi\u00e8re du jour.Hoya 49mm filtre UV","og_url":"https:\/\/platyphoto.com\/en\/product\/hoya-49mm-filtre-uv\/","og_site_name":"Platyphoto","article_modified_time":"2025-07-24T18:57:59+00:00","og_image":[{"width":3017,"height":2005,"url":"https:\/\/platyphoto.com\/wp-content\/uploads\/2025\/07\/Hoya-49-UV.jpg","type":"image\/jpeg"}],"twitter_card":"summary_large_image","twitter_misc":{"Est. reading time":"1 minute"},"schema":{"@context":"https:\/\/schema.org","@graph":[{"@type":"WebPage","@id":"https:\/\/platyphoto.com\/produit\/hoya-49mm-filtre-uv\/","url":"https:\/\/platyphoto.com\/produit\/hoya-49mm-filtre-uv\/","name":"Hoya 49mm filtre UV - Platyphoto","isPartOf":{"@id":"https:\/\/platyphoto.com\/#website"},"primaryImageOfPage":{"@id":"https:\/\/platyphoto.com\/produit\/hoya-49mm-filtre-uv\/#primaryimage"},"image":{"@id":"https:\/\/platyphoto.com\/produit\/hoya-49mm-filtre-uv\/#primaryimage"},"thumbnailUrl":"https:\/\/i0.wp.com\/platyphoto.com\/wp-content\/uploads\/2025\/07\/Hoya-49-UV.jpg?fit=3017%2C2005&ssl=1","datePublished":"2025-07-24T18:55:29+00:00","dateModified":"2025-07-24T18:57:59+00:00","description":"Hoya 49mm filtre UV en boite. Les filtres UV sont utilis\u00e9s pour prot\u00e9ger l\u2019objectif des chocs, des intemp\u00e9ries et pour emp\u00eacher la lumi\u00e8re UV d\u2019atteindre le capteur. Cette longueur de lumi\u00e8re, inf\u00e9rieure \u00e0 395 nm, peut provoquer une l\u00e9g\u00e8re dominante bleu\u00e2tre dans les prises de vue \u00e0 la lumi\u00e8re du jour.Hoya 49mm filtre UV","breadcrumb":{"@id":"https:\/\/platyphoto.com\/produit\/hoya-49mm-filtre-uv\/#breadcrumb"},"inLanguage":"en-US","potentialAction":[{"@type":"ReadAction","target":["https:\/\/platyphoto.com\/produit\/hoya-49mm-filtre-uv\/"]}]},{"@type":"ImageObject","inLanguage":"en-US","@id":"https:\/\/platyphoto.com\/produit\/hoya-49mm-filtre-uv\/#primaryimage","url":"https:\/\/i0.wp.com\/platyphoto.com\/wp-content\/uploads\/2025\/07\/Hoya-49-UV.jpg?fit=3017%2C2005&ssl=1","contentUrl":"https:\/\/i0.wp.com\/platyphoto.com\/wp-content\/uploads\/2025\/07\/Hoya-49-UV.jpg?fit=3017%2C2005&ssl=1","width":3017,"height":2005,"caption":"Hoya 49mm filtre UV"},{"@type":"BreadcrumbList","@id":"https:\/\/platyphoto.com\/produit\/hoya-49mm-filtre-uv\/#breadcrumb","itemListElement":[{"@type":"ListItem","position":1,"name":"Accueil","item":"https:\/\/platyphoto.com\/"},{"@type":"ListItem","position":2,"name":"Boutique","item":"https:\/\/platyphoto.com\/boutique\/"},{"@type":"ListItem","position":3,"name":"Hoya 49mm filtre UV"}]},{"@type":"WebSite","@id":"https:\/\/platyphoto.com\/#website","url":"https:\/\/platyphoto.com\/","name":"Platyphoto","description":"Appareils photos argentiques, objectifs et accessoires de qualit\u00e9.","publisher":{"@id":"https:\/\/platyphoto.com\/#organization"},"potentialAction":[{"@type":"SearchAction","target":{"@type":"EntryPoint","urlTemplate":"https:\/\/platyphoto.com\/?s={search_term_string}"},"query-input":{"@type":"PropertyValueSpecification","valueRequired":true,"valueName":"search_term_string"}}],"inLanguage":"en-US"},{"@type":"Organization","@id":"https:\/\/platyphoto.com\/#organization","name":"Platyphoto","alternateName":"Platyphoto","url":"https:\/\/platyphoto.com\/","logo":{"@type":"ImageObject","inLanguage":"en-US","@id":"https:\/\/platyphoto.com\/#\/schema\/logo\/image\/","url":"https:\/\/i0.wp.com\/platyphoto.com\/wp-content\/uploads\/2020\/11\/cropped-header.jpg?fit=1500%2C282&ssl=1","contentUrl":"https:\/\/i0.wp.com\/platyphoto.com\/wp-content\/uploads\/2020\/11\/cropped-header.jpg?fit=1500%2C282&ssl=1","width":1500,"height":282,"caption":"Platyphoto"},"image":{"@id":"https:\/\/platyphoto.com\/#\/schema\/logo\/image\/"},"sameAs":["https:\/\/www.instagram.com\/platyphoto\/"]}]}},"jetpack_publicize_connections":[],"jetpack_likes_enabled":false,"jetpack_sharing_enabled":true,"_links":{"self":[{"href":"https:\/\/platyphoto.com\/en\/wp-json\/wp\/v2\/product\/16978","targetHints":{"allow":["GET"]}}],"collection":[{"href":"https:\/\/platyphoto.com\/en\/wp-json\/wp\/v2\/product"}],"about":[{"href":"https:\/\/platyphoto.com\/en\/wp-json\/wp\/v2\/types\/product"}],"wp:featuredmedia":[{"embeddable":true,"href":"https:\/\/platyphoto.com\/en\/wp-json\/wp\/v2\/media\/16979"}],"wp:attachment":[{"href":"https:\/\/platyphoto.com\/en\/wp-json\/wp\/v2\/media?parent=16978"}],"wp:term":[{"taxonomy":"product_brand","embeddable":true,"href":"https:\/\/platyphoto.com\/en\/wp-json\/wp\/v2\/product_brand?post=16978"},{"taxonomy":"product_cat","embeddable":true,"href":"https:\/\/platyphoto.com\/en\/wp-json\/wp\/v2\/product_cat?post=16978"},{"taxonomy":"product_tag","embeddable":true,"href":"https:\/\/platyphoto.com\/en\/wp-json\/wp\/v2\/product_tag?post=16978"}],"curies":[{"name":"wp","href":"https:\/\/api.w.org\/{rel}","templated":true}]}}