{"id":17053,"date":"2025-07-26T15:00:49","date_gmt":"2025-07-26T13:00:49","guid":{"rendered":"https:\/\/platyphoto.com\/?post_type=product&#038;p=17053"},"modified":"2026-02-17T14:10:46","modified_gmt":"2026-02-17T13:10:46","slug":"sangle-shouett-cuir-tosca-serie-l","status":"publish","type":"product","link":"https:\/\/platyphoto.com\/en\/product\/sangle-shouett-cuir-tosca-serie-l\/","title":{"rendered":"Sangle Shouett cuir (tosca s\u00e9rie L)"},"content":{"rendered":"<p>Sangle Shouett cuir (tosca s\u00e9rie L) vintage pour appareil photo argentique ou num\u00e9rique.<\/p>\n<p>Sangle en cuir de qualit\u00e9, Fabriqu\u00e9 aux USA.<\/p>\n<p>R\u00e9glable et adapt\u00e9e \u00e0 des appareils de poids et taille moyenne. type Nikon FM, Canonet, Leica M4 ect&#8230; les appareils de type Mamiya RB67 seront trop lourds.<\/p>\n<p>Neuve de stock provenant d&rsquo;un ancien magasin photo. Possibilit\u00e9 de l\u00e9g\u00e8res traces de rouilles sur la boucle en m\u00e9tal.<\/p>","protected":false},"excerpt":{"rendered":"<p>Sangle Shouett cuir (tosca s\u00e9rie L) vintage pour appareil photo argentique ou num\u00e9rique. Sangle en cuir de qualit\u00e9, Fabriqu\u00e9 aux USA. R\u00e9glable et adapt\u00e9e \u00e0 des appareils de poids et taille moyenne. type Nikon FM, Canonet, Leica M4 ect&#8230; les appareils de type Mamiya RB67 seront trop lourds. Neuve de stock provenant d&rsquo;un ancien magasin [&hellip;]<\/p>\n","protected":false},"featured_media":17056,"template":"","meta":{"_coblocks_attr":"","_coblocks_dimensions":"","_coblocks_responsive_height":"","_coblocks_accordion_ie_support":"","_crdt_document":"","jetpack_post_was_ever_published":false,"jetpack_publicize_message":"","jetpack_publicize_feature_enabled":true,"jetpack_social_post_already_shared":true,"jetpack_social_options":{"image_generator_settings":{"template":"highway","default_image_id":0,"font":"","enabled":false},"version":2},"_wpas_customize_per_network":false},"product_brand":[],"product_cat":[6376,6378],"product_tag":[],"class_list":{"0":"post-17053","1":"product","2":"type-product","3":"status-publish","4":"has-post-thumbnail","6":"product_cat-accessoires-fr","7":"product_cat-sangles","9":"first","10":"instock","11":"shipping-taxable","12":"purchasable","13":"product-type-simple"},"yoast_head":"<!-- This site is optimized with the Yoast SEO plugin v27.3 - https:\/\/yoast.com\/product\/yoast-seo-wordpress\/ -->\n<title>Sangle Shouett cuir (tosca s\u00e9rie L) - Platyphoto<\/title>\n<meta name=\"description\" content=\"Sangle Shouett cuir (tosca s\u00e9rie L) vintage pour appareil photo argentique ou num\u00e9rique.Sangle en cuir de qualit\u00e9, Fabriqu\u00e9 aux USA.R\u00e9glable et adapt\u00e9e \u00e0 des appareils de poids et taille moyenne. type Nikon FM, Canonet, Leica M4 ect... les appareils de type Mamiya RB67 seront trop lourds.\" \/>\n<meta name=\"robots\" content=\"index, follow, max-snippet:-1, max-image-preview:large, max-video-preview:-1\" \/>\n<link rel=\"canonical\" href=\"https:\/\/platyphoto.com\/en\/product\/sangle-shouett-cuir-tosca-serie-l\/\" \/>\n<meta property=\"og:locale\" content=\"en_US\" \/>\n<meta property=\"og:type\" content=\"article\" \/>\n<meta property=\"og:title\" content=\"Sangle Shouett cuir (tosca s\u00e9rie L) - Platyphoto\" \/>\n<meta property=\"og:description\" content=\"Sangle Shouett cuir (tosca s\u00e9rie L) vintage pour appareil photo argentique ou num\u00e9rique.Sangle en cuir de qualit\u00e9, Fabriqu\u00e9 aux USA.R\u00e9glable et adapt\u00e9e \u00e0 des appareils de poids et taille moyenne. type Nikon FM, Canonet, Leica M4 ect... les appareils de type Mamiya RB67 seront trop lourds.\" \/>\n<meta property=\"og:url\" content=\"https:\/\/platyphoto.com\/en\/product\/sangle-shouett-cuir-tosca-serie-l\/\" \/>\n<meta property=\"og:site_name\" content=\"Platyphoto\" \/>\n<meta property=\"article:modified_time\" content=\"2026-02-17T13:10:46+00:00\" \/>\n<meta property=\"og:image\" content=\"https:\/\/platyphoto.com\/wp-content\/uploads\/2025\/07\/Shouett-tosca.jpg\" \/>\n\t<meta property=\"og:image:width\" content=\"3018\" \/>\n\t<meta property=\"og:image:height\" content=\"4542\" \/>\n\t<meta property=\"og:image:type\" content=\"image\/jpeg\" \/>\n<meta name=\"twitter:card\" content=\"summary_large_image\" \/>\n<meta name=\"twitter:label1\" content=\"Est. reading time\" \/>\n\t<meta name=\"twitter:data1\" content=\"1 minute\" \/>\n<script type=\"application\/ld+json\" class=\"yoast-schema-graph\">{\"@context\":\"https:\\\/\\\/schema.org\",\"@graph\":[{\"@type\":\"WebPage\",\"@id\":\"https:\\\/\\\/platyphoto.com\\\/produit\\\/sangle-shouett-cuir-tosca-serie-l\\\/\",\"url\":\"https:\\\/\\\/platyphoto.com\\\/produit\\\/sangle-shouett-cuir-tosca-serie-l\\\/\",\"name\":\"Sangle Shouett cuir (tosca s\u00e9rie L) - Platyphoto\",\"isPartOf\":{\"@id\":\"https:\\\/\\\/platyphoto.com\\\/#website\"},\"primaryImageOfPage\":{\"@id\":\"https:\\\/\\\/platyphoto.com\\\/produit\\\/sangle-shouett-cuir-tosca-serie-l\\\/#primaryimage\"},\"image\":{\"@id\":\"https:\\\/\\\/platyphoto.com\\\/produit\\\/sangle-shouett-cuir-tosca-serie-l\\\/#primaryimage\"},\"thumbnailUrl\":\"https:\\\/\\\/i0.wp.com\\\/platyphoto.com\\\/wp-content\\\/uploads\\\/2025\\\/07\\\/Shouett-tosca.jpg?fit=3018%2C4542&ssl=1\",\"datePublished\":\"2025-07-26T13:00:49+00:00\",\"dateModified\":\"2026-02-17T13:10:46+00:00\",\"description\":\"Sangle Shouett cuir (tosca s\u00e9rie L) vintage pour appareil photo argentique ou num\u00e9rique.Sangle en cuir de qualit\u00e9, Fabriqu\u00e9 aux USA.R\u00e9glable et adapt\u00e9e \u00e0 des appareils de poids et taille moyenne. type Nikon FM, Canonet, Leica M4 ect... les appareils de type Mamiya RB67 seront trop lourds.\",\"breadcrumb\":{\"@id\":\"https:\\\/\\\/platyphoto.com\\\/produit\\\/sangle-shouett-cuir-tosca-serie-l\\\/#breadcrumb\"},\"inLanguage\":\"en-US\",\"potentialAction\":[{\"@type\":\"ReadAction\",\"target\":[\"https:\\\/\\\/platyphoto.com\\\/produit\\\/sangle-shouett-cuir-tosca-serie-l\\\/\"]}]},{\"@type\":\"ImageObject\",\"inLanguage\":\"en-US\",\"@id\":\"https:\\\/\\\/platyphoto.com\\\/produit\\\/sangle-shouett-cuir-tosca-serie-l\\\/#primaryimage\",\"url\":\"https:\\\/\\\/i0.wp.com\\\/platyphoto.com\\\/wp-content\\\/uploads\\\/2025\\\/07\\\/Shouett-tosca.jpg?fit=3018%2C4542&ssl=1\",\"contentUrl\":\"https:\\\/\\\/i0.wp.com\\\/platyphoto.com\\\/wp-content\\\/uploads\\\/2025\\\/07\\\/Shouett-tosca.jpg?fit=3018%2C4542&ssl=1\",\"width\":3018,\"height\":4542,\"caption\":\"Sangle Shouett cuir (tosca s\u00e9rie L)\"},{\"@type\":\"BreadcrumbList\",\"@id\":\"https:\\\/\\\/platyphoto.com\\\/produit\\\/sangle-shouett-cuir-tosca-serie-l\\\/#breadcrumb\",\"itemListElement\":[{\"@type\":\"ListItem\",\"position\":1,\"name\":\"Accueil\",\"item\":\"https:\\\/\\\/platyphoto.com\\\/\"},{\"@type\":\"ListItem\",\"position\":2,\"name\":\"Boutique\",\"item\":\"https:\\\/\\\/platyphoto.com\\\/boutique\\\/\"},{\"@type\":\"ListItem\",\"position\":3,\"name\":\"Sangle Shouett cuir (tosca s\u00e9rie L)\"}]},{\"@type\":\"WebSite\",\"@id\":\"https:\\\/\\\/platyphoto.com\\\/#website\",\"url\":\"https:\\\/\\\/platyphoto.com\\\/\",\"name\":\"Platyphoto\",\"description\":\"Appareils photos argentiques, objectifs et accessoires de qualit\u00e9.\",\"publisher\":{\"@id\":\"https:\\\/\\\/platyphoto.com\\\/#organization\"},\"potentialAction\":[{\"@type\":\"SearchAction\",\"target\":{\"@type\":\"EntryPoint\",\"urlTemplate\":\"https:\\\/\\\/platyphoto.com\\\/?s={search_term_string}\"},\"query-input\":{\"@type\":\"PropertyValueSpecification\",\"valueRequired\":true,\"valueName\":\"search_term_string\"}}],\"inLanguage\":\"en-US\"},{\"@type\":\"Organization\",\"@id\":\"https:\\\/\\\/platyphoto.com\\\/#organization\",\"name\":\"Platyphoto\",\"alternateName\":\"Platyphoto\",\"url\":\"https:\\\/\\\/platyphoto.com\\\/\",\"logo\":{\"@type\":\"ImageObject\",\"inLanguage\":\"en-US\",\"@id\":\"https:\\\/\\\/platyphoto.com\\\/#\\\/schema\\\/logo\\\/image\\\/\",\"url\":\"https:\\\/\\\/i0.wp.com\\\/platyphoto.com\\\/wp-content\\\/uploads\\\/2020\\\/11\\\/cropped-header.jpg?fit=1500%2C282&ssl=1\",\"contentUrl\":\"https:\\\/\\\/i0.wp.com\\\/platyphoto.com\\\/wp-content\\\/uploads\\\/2020\\\/11\\\/cropped-header.jpg?fit=1500%2C282&ssl=1\",\"width\":1500,\"height\":282,\"caption\":\"Platyphoto\"},\"image\":{\"@id\":\"https:\\\/\\\/platyphoto.com\\\/#\\\/schema\\\/logo\\\/image\\\/\"},\"sameAs\":[\"https:\\\/\\\/www.instagram.com\\\/platyphoto\\\/\"]}]}<\/script>\n<!-- \/ Yoast SEO plugin. -->","yoast_head_json":{"title":"Sangle Shouett cuir (tosca s\u00e9rie L) - Platyphoto","description":"Sangle Shouett cuir (tosca s\u00e9rie L) vintage pour appareil photo argentique ou num\u00e9rique.Sangle en cuir de qualit\u00e9, Fabriqu\u00e9 aux USA.R\u00e9glable et adapt\u00e9e \u00e0 des appareils de poids et taille moyenne. type Nikon FM, Canonet, Leica M4 ect... les appareils de type Mamiya RB67 seront trop lourds.","robots":{"index":"index","follow":"follow","max-snippet":"max-snippet:-1","max-image-preview":"max-image-preview:large","max-video-preview":"max-video-preview:-1"},"canonical":"https:\/\/platyphoto.com\/en\/product\/sangle-shouett-cuir-tosca-serie-l\/","og_locale":"en_US","og_type":"article","og_title":"Sangle Shouett cuir (tosca s\u00e9rie L) - Platyphoto","og_description":"Sangle Shouett cuir (tosca s\u00e9rie L) vintage pour appareil photo argentique ou num\u00e9rique.Sangle en cuir de qualit\u00e9, Fabriqu\u00e9 aux USA.R\u00e9glable et adapt\u00e9e \u00e0 des appareils de poids et taille moyenne. type Nikon FM, Canonet, Leica M4 ect... les appareils de type Mamiya RB67 seront trop lourds.","og_url":"https:\/\/platyphoto.com\/en\/product\/sangle-shouett-cuir-tosca-serie-l\/","og_site_name":"Platyphoto","article_modified_time":"2026-02-17T13:10:46+00:00","og_image":[{"width":3018,"height":4542,"url":"https:\/\/platyphoto.com\/wp-content\/uploads\/2025\/07\/Shouett-tosca.jpg","type":"image\/jpeg"}],"twitter_card":"summary_large_image","twitter_misc":{"Est. reading time":"1 minute"},"schema":{"@context":"https:\/\/schema.org","@graph":[{"@type":"WebPage","@id":"https:\/\/platyphoto.com\/produit\/sangle-shouett-cuir-tosca-serie-l\/","url":"https:\/\/platyphoto.com\/produit\/sangle-shouett-cuir-tosca-serie-l\/","name":"Sangle Shouett cuir (tosca s\u00e9rie L) - Platyphoto","isPartOf":{"@id":"https:\/\/platyphoto.com\/#website"},"primaryImageOfPage":{"@id":"https:\/\/platyphoto.com\/produit\/sangle-shouett-cuir-tosca-serie-l\/#primaryimage"},"image":{"@id":"https:\/\/platyphoto.com\/produit\/sangle-shouett-cuir-tosca-serie-l\/#primaryimage"},"thumbnailUrl":"https:\/\/i0.wp.com\/platyphoto.com\/wp-content\/uploads\/2025\/07\/Shouett-tosca.jpg?fit=3018%2C4542&ssl=1","datePublished":"2025-07-26T13:00:49+00:00","dateModified":"2026-02-17T13:10:46+00:00","description":"Sangle Shouett cuir (tosca s\u00e9rie L) vintage pour appareil photo argentique ou num\u00e9rique.Sangle en cuir de qualit\u00e9, Fabriqu\u00e9 aux USA.R\u00e9glable et adapt\u00e9e \u00e0 des appareils de poids et taille moyenne. type Nikon FM, Canonet, Leica M4 ect... les appareils de type Mamiya RB67 seront trop lourds.","breadcrumb":{"@id":"https:\/\/platyphoto.com\/produit\/sangle-shouett-cuir-tosca-serie-l\/#breadcrumb"},"inLanguage":"en-US","potentialAction":[{"@type":"ReadAction","target":["https:\/\/platyphoto.com\/produit\/sangle-shouett-cuir-tosca-serie-l\/"]}]},{"@type":"ImageObject","inLanguage":"en-US","@id":"https:\/\/platyphoto.com\/produit\/sangle-shouett-cuir-tosca-serie-l\/#primaryimage","url":"https:\/\/i0.wp.com\/platyphoto.com\/wp-content\/uploads\/2025\/07\/Shouett-tosca.jpg?fit=3018%2C4542&ssl=1","contentUrl":"https:\/\/i0.wp.com\/platyphoto.com\/wp-content\/uploads\/2025\/07\/Shouett-tosca.jpg?fit=3018%2C4542&ssl=1","width":3018,"height":4542,"caption":"Sangle Shouett cuir (tosca s\u00e9rie L)"},{"@type":"BreadcrumbList","@id":"https:\/\/platyphoto.com\/produit\/sangle-shouett-cuir-tosca-serie-l\/#breadcrumb","itemListElement":[{"@type":"ListItem","position":1,"name":"Accueil","item":"https:\/\/platyphoto.com\/"},{"@type":"ListItem","position":2,"name":"Boutique","item":"https:\/\/platyphoto.com\/boutique\/"},{"@type":"ListItem","position":3,"name":"Sangle Shouett cuir (tosca s\u00e9rie L)"}]},{"@type":"WebSite","@id":"https:\/\/platyphoto.com\/#website","url":"https:\/\/platyphoto.com\/","name":"Platyphoto","description":"Appareils photos argentiques, objectifs et accessoires de qualit\u00e9.","publisher":{"@id":"https:\/\/platyphoto.com\/#organization"},"potentialAction":[{"@type":"SearchAction","target":{"@type":"EntryPoint","urlTemplate":"https:\/\/platyphoto.com\/?s={search_term_string}"},"query-input":{"@type":"PropertyValueSpecification","valueRequired":true,"valueName":"search_term_string"}}],"inLanguage":"en-US"},{"@type":"Organization","@id":"https:\/\/platyphoto.com\/#organization","name":"Platyphoto","alternateName":"Platyphoto","url":"https:\/\/platyphoto.com\/","logo":{"@type":"ImageObject","inLanguage":"en-US","@id":"https:\/\/platyphoto.com\/#\/schema\/logo\/image\/","url":"https:\/\/i0.wp.com\/platyphoto.com\/wp-content\/uploads\/2020\/11\/cropped-header.jpg?fit=1500%2C282&ssl=1","contentUrl":"https:\/\/i0.wp.com\/platyphoto.com\/wp-content\/uploads\/2020\/11\/cropped-header.jpg?fit=1500%2C282&ssl=1","width":1500,"height":282,"caption":"Platyphoto"},"image":{"@id":"https:\/\/platyphoto.com\/#\/schema\/logo\/image\/"},"sameAs":["https:\/\/www.instagram.com\/platyphoto\/"]}]}},"jetpack_publicize_connections":[],"jetpack_likes_enabled":false,"jetpack_sharing_enabled":true,"_links":{"self":[{"href":"https:\/\/platyphoto.com\/en\/wp-json\/wp\/v2\/product\/17053","targetHints":{"allow":["GET"]}}],"collection":[{"href":"https:\/\/platyphoto.com\/en\/wp-json\/wp\/v2\/product"}],"about":[{"href":"https:\/\/platyphoto.com\/en\/wp-json\/wp\/v2\/types\/product"}],"wp:featuredmedia":[{"embeddable":true,"href":"https:\/\/platyphoto.com\/en\/wp-json\/wp\/v2\/media\/17056"}],"wp:attachment":[{"href":"https:\/\/platyphoto.com\/en\/wp-json\/wp\/v2\/media?parent=17053"}],"wp:term":[{"taxonomy":"product_brand","embeddable":true,"href":"https:\/\/platyphoto.com\/en\/wp-json\/wp\/v2\/product_brand?post=17053"},{"taxonomy":"product_cat","embeddable":true,"href":"https:\/\/platyphoto.com\/en\/wp-json\/wp\/v2\/product_cat?post=17053"},{"taxonomy":"product_tag","embeddable":true,"href":"https:\/\/platyphoto.com\/en\/wp-json\/wp\/v2\/product_tag?post=17053"}],"curies":[{"name":"wp","href":"https:\/\/api.w.org\/{rel}","templated":true}]}}