{"id":17123,"date":"2025-07-29T08:29:01","date_gmt":"2025-07-29T06:29:01","guid":{"rendered":"https:\/\/platyphoto.com\/?post_type=product&#038;p=17123"},"modified":"2025-07-29T08:32:15","modified_gmt":"2025-07-29T06:32:15","slug":"sangle-ambico-732-vintage-3","status":"publish","type":"product","link":"https:\/\/platyphoto.com\/en\/product\/sangle-ambico-732-vintage-3\/","title":{"rendered":"Sangle Ambico #732 vintage"},"content":{"rendered":"<p>Sangle Ambico #732 vintage vintage pour appareil photo argentique ou num\u00e9rique.<\/p>\n<p>Sangle de qualit\u00e9, bariol\u00e9e au style vintage tr\u00e8s appr\u00e9ci\u00e9.<\/p>\n<p>R\u00e9glable et adapt\u00e9e \u00e0 des appareils de poids et taille moyenne. type Nikon FM, Canonet, Leica M4 ect&#8230; les appareils de type Mamiya RB67 seront trop lourds. Possibilit\u00e9 de glisser 3 pellicules de rechange dans la sangle.<\/p>\n<p>Neuve de stock provenant d&rsquo;un ancien magasin photo.<\/p>","protected":false},"excerpt":{"rendered":"<p>Sangle Ambico #732 vintage vintage pour appareil photo argentique ou num\u00e9rique. Sangle de qualit\u00e9, bariol\u00e9e au style vintage tr\u00e8s appr\u00e9ci\u00e9. R\u00e9glable et adapt\u00e9e \u00e0 des appareils de poids et taille moyenne. type Nikon FM, Canonet, Leica M4 ect&#8230; les appareils de type Mamiya RB67 seront trop lourds. Possibilit\u00e9 de glisser 3 pellicules de rechange dans [&hellip;]<\/p>\n","protected":false},"featured_media":17126,"template":"","meta":{"_coblocks_attr":"","_coblocks_dimensions":"","_coblocks_responsive_height":"","_coblocks_accordion_ie_support":"","_crdt_document":"","jetpack_post_was_ever_published":false,"jetpack_publicize_message":"","jetpack_publicize_feature_enabled":true,"jetpack_social_post_already_shared":true,"jetpack_social_options":{"image_generator_settings":{"template":"highway","default_image_id":0,"font":"","enabled":false},"version":2},"_wpas_customize_per_network":false},"product_brand":[],"product_cat":[6376,6378],"product_tag":[],"class_list":{"0":"post-17123","1":"product","2":"type-product","3":"status-publish","4":"has-post-thumbnail","6":"product_cat-accessoires-fr","7":"product_cat-sangles","9":"first","10":"instock","11":"shipping-taxable","12":"purchasable","13":"product-type-simple"},"yoast_head":"<!-- This site is optimized with the Yoast SEO plugin v27.3 - https:\/\/yoast.com\/product\/yoast-seo-wordpress\/ -->\n<title>Sangle Ambico #732 vintage - Platyphoto<\/title>\n<meta name=\"description\" content=\"Sangle Ambico #732 vintage pour appareil photo argentique ou num\u00e9rique.Sangle de qualit\u00e9, bariol\u00e9e au style vintage.. R\u00e9glable et adapt\u00e9e \u00e0 des appareils de poids et taille moyenne. type Nikon FM, Canonet, Leica M4 ect...\" \/>\n<meta name=\"robots\" content=\"index, follow, max-snippet:-1, max-image-preview:large, max-video-preview:-1\" \/>\n<link rel=\"canonical\" href=\"https:\/\/platyphoto.com\/en\/product\/sangle-ambico-732-vintage-3\/\" \/>\n<meta property=\"og:locale\" content=\"en_US\" \/>\n<meta property=\"og:type\" content=\"article\" \/>\n<meta property=\"og:title\" content=\"Sangle Ambico #732 vintage - Platyphoto\" \/>\n<meta property=\"og:description\" content=\"Sangle Ambico #732 vintage pour appareil photo argentique ou num\u00e9rique.Sangle de qualit\u00e9, bariol\u00e9e au style vintage.. R\u00e9glable et adapt\u00e9e \u00e0 des appareils de poids et taille moyenne. type Nikon FM, Canonet, Leica M4 ect...\" \/>\n<meta property=\"og:url\" content=\"https:\/\/platyphoto.com\/en\/product\/sangle-ambico-732-vintage-3\/\" \/>\n<meta property=\"og:site_name\" content=\"Platyphoto\" \/>\n<meta property=\"article:modified_time\" content=\"2025-07-29T06:32:15+00:00\" \/>\n<meta property=\"og:image\" content=\"https:\/\/platyphoto.com\/wp-content\/uploads\/2025\/07\/Ambico-732-3.jpg\" \/>\n\t<meta property=\"og:image:width\" content=\"2837\" \/>\n\t<meta property=\"og:image:height\" content=\"4269\" \/>\n\t<meta property=\"og:image:type\" content=\"image\/jpeg\" \/>\n<meta name=\"twitter:card\" content=\"summary_large_image\" \/>\n<meta name=\"twitter:label1\" content=\"Est. reading time\" \/>\n\t<meta name=\"twitter:data1\" content=\"1 minute\" \/>\n<script type=\"application\/ld+json\" class=\"yoast-schema-graph\">{\"@context\":\"https:\\\/\\\/schema.org\",\"@graph\":[{\"@type\":\"WebPage\",\"@id\":\"https:\\\/\\\/platyphoto.com\\\/produit\\\/sangle-ambico-732-vintage-3\\\/\",\"url\":\"https:\\\/\\\/platyphoto.com\\\/produit\\\/sangle-ambico-732-vintage-3\\\/\",\"name\":\"Sangle Ambico #732 vintage - Platyphoto\",\"isPartOf\":{\"@id\":\"https:\\\/\\\/platyphoto.com\\\/#website\"},\"primaryImageOfPage\":{\"@id\":\"https:\\\/\\\/platyphoto.com\\\/produit\\\/sangle-ambico-732-vintage-3\\\/#primaryimage\"},\"image\":{\"@id\":\"https:\\\/\\\/platyphoto.com\\\/produit\\\/sangle-ambico-732-vintage-3\\\/#primaryimage\"},\"thumbnailUrl\":\"https:\\\/\\\/i0.wp.com\\\/platyphoto.com\\\/wp-content\\\/uploads\\\/2025\\\/07\\\/Ambico-732-3.jpg?fit=2837%2C4269&ssl=1\",\"datePublished\":\"2025-07-29T06:29:01+00:00\",\"dateModified\":\"2025-07-29T06:32:15+00:00\",\"description\":\"Sangle Ambico #732 vintage pour appareil photo argentique ou num\u00e9rique.Sangle de qualit\u00e9, bariol\u00e9e au style vintage.. R\u00e9glable et adapt\u00e9e \u00e0 des appareils de poids et taille moyenne. type Nikon FM, Canonet, Leica M4 ect...\",\"breadcrumb\":{\"@id\":\"https:\\\/\\\/platyphoto.com\\\/produit\\\/sangle-ambico-732-vintage-3\\\/#breadcrumb\"},\"inLanguage\":\"en-US\",\"potentialAction\":[{\"@type\":\"ReadAction\",\"target\":[\"https:\\\/\\\/platyphoto.com\\\/produit\\\/sangle-ambico-732-vintage-3\\\/\"]}]},{\"@type\":\"ImageObject\",\"inLanguage\":\"en-US\",\"@id\":\"https:\\\/\\\/platyphoto.com\\\/produit\\\/sangle-ambico-732-vintage-3\\\/#primaryimage\",\"url\":\"https:\\\/\\\/i0.wp.com\\\/platyphoto.com\\\/wp-content\\\/uploads\\\/2025\\\/07\\\/Ambico-732-3.jpg?fit=2837%2C4269&ssl=1\",\"contentUrl\":\"https:\\\/\\\/i0.wp.com\\\/platyphoto.com\\\/wp-content\\\/uploads\\\/2025\\\/07\\\/Ambico-732-3.jpg?fit=2837%2C4269&ssl=1\",\"width\":2837,\"height\":4269,\"caption\":\"Sangle Ambico #732 vintage\"},{\"@type\":\"BreadcrumbList\",\"@id\":\"https:\\\/\\\/platyphoto.com\\\/produit\\\/sangle-ambico-732-vintage-3\\\/#breadcrumb\",\"itemListElement\":[{\"@type\":\"ListItem\",\"position\":1,\"name\":\"Accueil\",\"item\":\"https:\\\/\\\/platyphoto.com\\\/\"},{\"@type\":\"ListItem\",\"position\":2,\"name\":\"Boutique\",\"item\":\"https:\\\/\\\/platyphoto.com\\\/boutique\\\/\"},{\"@type\":\"ListItem\",\"position\":3,\"name\":\"Sangle Ambico #732 vintage\"}]},{\"@type\":\"WebSite\",\"@id\":\"https:\\\/\\\/platyphoto.com\\\/#website\",\"url\":\"https:\\\/\\\/platyphoto.com\\\/\",\"name\":\"Platyphoto\",\"description\":\"Appareils photos argentiques, objectifs et accessoires de qualit\u00e9.\",\"publisher\":{\"@id\":\"https:\\\/\\\/platyphoto.com\\\/#organization\"},\"potentialAction\":[{\"@type\":\"SearchAction\",\"target\":{\"@type\":\"EntryPoint\",\"urlTemplate\":\"https:\\\/\\\/platyphoto.com\\\/?s={search_term_string}\"},\"query-input\":{\"@type\":\"PropertyValueSpecification\",\"valueRequired\":true,\"valueName\":\"search_term_string\"}}],\"inLanguage\":\"en-US\"},{\"@type\":\"Organization\",\"@id\":\"https:\\\/\\\/platyphoto.com\\\/#organization\",\"name\":\"Platyphoto\",\"alternateName\":\"Platyphoto\",\"url\":\"https:\\\/\\\/platyphoto.com\\\/\",\"logo\":{\"@type\":\"ImageObject\",\"inLanguage\":\"en-US\",\"@id\":\"https:\\\/\\\/platyphoto.com\\\/#\\\/schema\\\/logo\\\/image\\\/\",\"url\":\"https:\\\/\\\/i0.wp.com\\\/platyphoto.com\\\/wp-content\\\/uploads\\\/2020\\\/11\\\/cropped-header.jpg?fit=1500%2C282&ssl=1\",\"contentUrl\":\"https:\\\/\\\/i0.wp.com\\\/platyphoto.com\\\/wp-content\\\/uploads\\\/2020\\\/11\\\/cropped-header.jpg?fit=1500%2C282&ssl=1\",\"width\":1500,\"height\":282,\"caption\":\"Platyphoto\"},\"image\":{\"@id\":\"https:\\\/\\\/platyphoto.com\\\/#\\\/schema\\\/logo\\\/image\\\/\"},\"sameAs\":[\"https:\\\/\\\/www.instagram.com\\\/platyphoto\\\/\"]}]}<\/script>\n<!-- \/ Yoast SEO plugin. -->","yoast_head_json":{"title":"Sangle Ambico #732 vintage - Platyphoto","description":"Sangle Ambico #732 vintage pour appareil photo argentique ou num\u00e9rique.Sangle de qualit\u00e9, bariol\u00e9e au style vintage.. R\u00e9glable et adapt\u00e9e \u00e0 des appareils de poids et taille moyenne. type Nikon FM, Canonet, Leica M4 ect...","robots":{"index":"index","follow":"follow","max-snippet":"max-snippet:-1","max-image-preview":"max-image-preview:large","max-video-preview":"max-video-preview:-1"},"canonical":"https:\/\/platyphoto.com\/en\/product\/sangle-ambico-732-vintage-3\/","og_locale":"en_US","og_type":"article","og_title":"Sangle Ambico #732 vintage - Platyphoto","og_description":"Sangle Ambico #732 vintage pour appareil photo argentique ou num\u00e9rique.Sangle de qualit\u00e9, bariol\u00e9e au style vintage.. R\u00e9glable et adapt\u00e9e \u00e0 des appareils de poids et taille moyenne. type Nikon FM, Canonet, Leica M4 ect...","og_url":"https:\/\/platyphoto.com\/en\/product\/sangle-ambico-732-vintage-3\/","og_site_name":"Platyphoto","article_modified_time":"2025-07-29T06:32:15+00:00","og_image":[{"width":2837,"height":4269,"url":"https:\/\/platyphoto.com\/wp-content\/uploads\/2025\/07\/Ambico-732-3.jpg","type":"image\/jpeg"}],"twitter_card":"summary_large_image","twitter_misc":{"Est. reading time":"1 minute"},"schema":{"@context":"https:\/\/schema.org","@graph":[{"@type":"WebPage","@id":"https:\/\/platyphoto.com\/produit\/sangle-ambico-732-vintage-3\/","url":"https:\/\/platyphoto.com\/produit\/sangle-ambico-732-vintage-3\/","name":"Sangle Ambico #732 vintage - Platyphoto","isPartOf":{"@id":"https:\/\/platyphoto.com\/#website"},"primaryImageOfPage":{"@id":"https:\/\/platyphoto.com\/produit\/sangle-ambico-732-vintage-3\/#primaryimage"},"image":{"@id":"https:\/\/platyphoto.com\/produit\/sangle-ambico-732-vintage-3\/#primaryimage"},"thumbnailUrl":"https:\/\/i0.wp.com\/platyphoto.com\/wp-content\/uploads\/2025\/07\/Ambico-732-3.jpg?fit=2837%2C4269&ssl=1","datePublished":"2025-07-29T06:29:01+00:00","dateModified":"2025-07-29T06:32:15+00:00","description":"Sangle Ambico #732 vintage pour appareil photo argentique ou num\u00e9rique.Sangle de qualit\u00e9, bariol\u00e9e au style vintage.. R\u00e9glable et adapt\u00e9e \u00e0 des appareils de poids et taille moyenne. type Nikon FM, Canonet, Leica M4 ect...","breadcrumb":{"@id":"https:\/\/platyphoto.com\/produit\/sangle-ambico-732-vintage-3\/#breadcrumb"},"inLanguage":"en-US","potentialAction":[{"@type":"ReadAction","target":["https:\/\/platyphoto.com\/produit\/sangle-ambico-732-vintage-3\/"]}]},{"@type":"ImageObject","inLanguage":"en-US","@id":"https:\/\/platyphoto.com\/produit\/sangle-ambico-732-vintage-3\/#primaryimage","url":"https:\/\/i0.wp.com\/platyphoto.com\/wp-content\/uploads\/2025\/07\/Ambico-732-3.jpg?fit=2837%2C4269&ssl=1","contentUrl":"https:\/\/i0.wp.com\/platyphoto.com\/wp-content\/uploads\/2025\/07\/Ambico-732-3.jpg?fit=2837%2C4269&ssl=1","width":2837,"height":4269,"caption":"Sangle Ambico #732 vintage"},{"@type":"BreadcrumbList","@id":"https:\/\/platyphoto.com\/produit\/sangle-ambico-732-vintage-3\/#breadcrumb","itemListElement":[{"@type":"ListItem","position":1,"name":"Accueil","item":"https:\/\/platyphoto.com\/"},{"@type":"ListItem","position":2,"name":"Boutique","item":"https:\/\/platyphoto.com\/boutique\/"},{"@type":"ListItem","position":3,"name":"Sangle Ambico #732 vintage"}]},{"@type":"WebSite","@id":"https:\/\/platyphoto.com\/#website","url":"https:\/\/platyphoto.com\/","name":"Platyphoto","description":"Appareils photos argentiques, objectifs et accessoires de qualit\u00e9.","publisher":{"@id":"https:\/\/platyphoto.com\/#organization"},"potentialAction":[{"@type":"SearchAction","target":{"@type":"EntryPoint","urlTemplate":"https:\/\/platyphoto.com\/?s={search_term_string}"},"query-input":{"@type":"PropertyValueSpecification","valueRequired":true,"valueName":"search_term_string"}}],"inLanguage":"en-US"},{"@type":"Organization","@id":"https:\/\/platyphoto.com\/#organization","name":"Platyphoto","alternateName":"Platyphoto","url":"https:\/\/platyphoto.com\/","logo":{"@type":"ImageObject","inLanguage":"en-US","@id":"https:\/\/platyphoto.com\/#\/schema\/logo\/image\/","url":"https:\/\/i0.wp.com\/platyphoto.com\/wp-content\/uploads\/2020\/11\/cropped-header.jpg?fit=1500%2C282&ssl=1","contentUrl":"https:\/\/i0.wp.com\/platyphoto.com\/wp-content\/uploads\/2020\/11\/cropped-header.jpg?fit=1500%2C282&ssl=1","width":1500,"height":282,"caption":"Platyphoto"},"image":{"@id":"https:\/\/platyphoto.com\/#\/schema\/logo\/image\/"},"sameAs":["https:\/\/www.instagram.com\/platyphoto\/"]}]}},"jetpack_publicize_connections":[],"jetpack_likes_enabled":false,"jetpack_sharing_enabled":true,"_links":{"self":[{"href":"https:\/\/platyphoto.com\/en\/wp-json\/wp\/v2\/product\/17123","targetHints":{"allow":["GET"]}}],"collection":[{"href":"https:\/\/platyphoto.com\/en\/wp-json\/wp\/v2\/product"}],"about":[{"href":"https:\/\/platyphoto.com\/en\/wp-json\/wp\/v2\/types\/product"}],"wp:featuredmedia":[{"embeddable":true,"href":"https:\/\/platyphoto.com\/en\/wp-json\/wp\/v2\/media\/17126"}],"wp:attachment":[{"href":"https:\/\/platyphoto.com\/en\/wp-json\/wp\/v2\/media?parent=17123"}],"wp:term":[{"taxonomy":"product_brand","embeddable":true,"href":"https:\/\/platyphoto.com\/en\/wp-json\/wp\/v2\/product_brand?post=17123"},{"taxonomy":"product_cat","embeddable":true,"href":"https:\/\/platyphoto.com\/en\/wp-json\/wp\/v2\/product_cat?post=17123"},{"taxonomy":"product_tag","embeddable":true,"href":"https:\/\/platyphoto.com\/en\/wp-json\/wp\/v2\/product_tag?post=17123"}],"curies":[{"name":"wp","href":"https:\/\/api.w.org\/{rel}","templated":true}]}}