{"id":17218,"date":"2025-07-31T08:17:32","date_gmt":"2025-07-31T06:17:32","guid":{"rendered":"https:\/\/platyphoto.com\/?post_type=product&#038;p=17218"},"modified":"2025-08-27T18:38:52","modified_gmt":"2025-08-27T16:38:52","slug":"hoya-62mm-filtre-a-effet-spectral-cross","status":"publish","type":"product","link":"https:\/\/platyphoto.com\/en\/product\/hoya-62mm-filtre-a-effet-spectral-cross\/","title":{"rendered":"Hoya 62mm filtre \u00e0 effet Spectral Cross"},"content":{"rendered":"<p>Hoya 62mm filtre \u00e0 effet Spectral Cross en boite.<\/p>\n<p>Les filtres <strong>Spectral Cross de Hoya<\/strong> vous permettent de cr\u00e9er un effet de scintillement sur les sources lumineuses photographi\u00e9es (\u00e9toile \u00e0 4 branches). Id\u00e9als pour mettre en valeur les sources de lumi\u00e8res comme les bijoux pour le portrait ou bien pour la photographie urbaine de nuit, ces filtres donneront une touche cr\u00e9ative \u00e0 vos photos. La version \u00ab\u00a0Spectral\u00a0\u00bb, ajoute un arc en ciel de couleur aux branches des etoiles. Filtre rotatif afin de choisir l&rsquo;orientation des \u00e9toiles.<\/p>\n<p>Bel \u00e9tat g\u00e9n\u00e9ral.<\/p>","protected":false},"excerpt":{"rendered":"<p>Hoya 62mm filtre \u00e0 effet Spectral Cross en boite. Les filtres Spectral Cross de Hoya vous permettent de cr\u00e9er un effet de scintillement sur les sources lumineuses photographi\u00e9es (\u00e9toile \u00e0 4 branches). Id\u00e9als pour mettre en valeur les sources de lumi\u00e8res comme les bijoux pour le portrait ou bien pour la photographie urbaine de nuit, [&hellip;]<\/p>\n","protected":false},"featured_media":17219,"template":"","meta":{"_coblocks_attr":"","_coblocks_dimensions":"","_coblocks_responsive_height":"","_coblocks_accordion_ie_support":"","_crdt_document":"","jetpack_post_was_ever_published":false,"jetpack_publicize_message":"","jetpack_publicize_feature_enabled":true,"jetpack_social_post_already_shared":true,"jetpack_social_options":{"image_generator_settings":{"template":"highway","default_image_id":0,"font":"","enabled":false},"version":2},"_wpas_customize_per_network":false},"product_brand":[],"product_cat":[6681,6376,6531],"product_tag":[],"class_list":{"0":"post-17218","1":"product","2":"type-product","3":"status-publish","4":"has-post-thumbnail","6":"product_cat-62mm","7":"product_cat-accessoires-fr","8":"product_cat-filtres","10":"first","11":"outofstock","12":"shipping-taxable","13":"purchasable","14":"product-type-simple"},"yoast_head":"<!-- This site is optimized with the Yoast SEO plugin v27.3 - https:\/\/yoast.com\/product\/yoast-seo-wordpress\/ -->\n<title>Hoya 62mm filtre \u00e0 effet Spectral Cross - Platyphoto<\/title>\n<meta name=\"description\" content=\"Hoya 62mm filtre \u00e0 effet Spectral Cross en boite.Les filtres Spectral Cross de Hoya vous permettent de cr\u00e9er un effet de scintillement sur les sources lumineuses photographi\u00e9es (\u00e9toile \u00e0 4 branches). Id\u00e9als pour mettre en valeur les sources de lumi\u00e8res comme les bijoux pour le portrait ou bien pour la photographie urbaine de nuit, ces filtres donneront une touche cr\u00e9ative \u00e0 vos photos. La version &quot;Spectral&quot;, ajoute un arc en ciel de couleur aux branches des etoiles.\" \/>\n<meta name=\"robots\" content=\"index, follow, max-snippet:-1, max-image-preview:large, max-video-preview:-1\" \/>\n<link rel=\"canonical\" href=\"https:\/\/platyphoto.com\/en\/product\/hoya-62mm-filtre-a-effet-spectral-cross\/\" \/>\n<meta property=\"og:locale\" content=\"en_US\" \/>\n<meta property=\"og:type\" content=\"article\" \/>\n<meta property=\"og:title\" content=\"Hoya 62mm filtre \u00e0 effet Spectral Cross - Platyphoto\" \/>\n<meta property=\"og:description\" content=\"Hoya 62mm filtre \u00e0 effet Spectral Cross en boite.Les filtres Spectral Cross de Hoya vous permettent de cr\u00e9er un effet de scintillement sur les sources lumineuses photographi\u00e9es (\u00e9toile \u00e0 4 branches). Id\u00e9als pour mettre en valeur les sources de lumi\u00e8res comme les bijoux pour le portrait ou bien pour la photographie urbaine de nuit, ces filtres donneront une touche cr\u00e9ative \u00e0 vos photos. La version &quot;Spectral&quot;, ajoute un arc en ciel de couleur aux branches des etoiles.\" \/>\n<meta property=\"og:url\" content=\"https:\/\/platyphoto.com\/en\/product\/hoya-62mm-filtre-a-effet-spectral-cross\/\" \/>\n<meta property=\"og:site_name\" content=\"Platyphoto\" \/>\n<meta property=\"article:modified_time\" content=\"2025-08-27T16:38:52+00:00\" \/>\n<meta property=\"og:image\" content=\"https:\/\/platyphoto.com\/wp-content\/uploads\/2025\/07\/Hoya-62-spectral-cross.jpg\" \/>\n\t<meta property=\"og:image:width\" content=\"4912\" \/>\n\t<meta property=\"og:image:height\" content=\"3264\" \/>\n\t<meta property=\"og:image:type\" content=\"image\/jpeg\" \/>\n<meta name=\"twitter:card\" content=\"summary_large_image\" \/>\n<meta name=\"twitter:label1\" content=\"Est. reading time\" \/>\n\t<meta name=\"twitter:data1\" content=\"1 minute\" \/>\n<script type=\"application\/ld+json\" class=\"yoast-schema-graph\">{\"@context\":\"https:\\\/\\\/schema.org\",\"@graph\":[{\"@type\":\"WebPage\",\"@id\":\"https:\\\/\\\/platyphoto.com\\\/produit\\\/hoya-62mm-filtre-a-effet-spectral-cross\\\/\",\"url\":\"https:\\\/\\\/platyphoto.com\\\/produit\\\/hoya-62mm-filtre-a-effet-spectral-cross\\\/\",\"name\":\"Hoya 62mm filtre \u00e0 effet Spectral Cross - Platyphoto\",\"isPartOf\":{\"@id\":\"https:\\\/\\\/platyphoto.com\\\/#website\"},\"primaryImageOfPage\":{\"@id\":\"https:\\\/\\\/platyphoto.com\\\/produit\\\/hoya-62mm-filtre-a-effet-spectral-cross\\\/#primaryimage\"},\"image\":{\"@id\":\"https:\\\/\\\/platyphoto.com\\\/produit\\\/hoya-62mm-filtre-a-effet-spectral-cross\\\/#primaryimage\"},\"thumbnailUrl\":\"https:\\\/\\\/i0.wp.com\\\/platyphoto.com\\\/wp-content\\\/uploads\\\/2025\\\/07\\\/Hoya-62-spectral-cross.jpg?fit=4912%2C3264&ssl=1\",\"datePublished\":\"2025-07-31T06:17:32+00:00\",\"dateModified\":\"2025-08-27T16:38:52+00:00\",\"description\":\"Hoya 62mm filtre \u00e0 effet Spectral Cross en boite.Les filtres Spectral Cross de Hoya vous permettent de cr\u00e9er un effet de scintillement sur les sources lumineuses photographi\u00e9es (\u00e9toile \u00e0 4 branches). Id\u00e9als pour mettre en valeur les sources de lumi\u00e8res comme les bijoux pour le portrait ou bien pour la photographie urbaine de nuit, ces filtres donneront une touche cr\u00e9ative \u00e0 vos photos. La version \\\"Spectral\\\", ajoute un arc en ciel de couleur aux branches des etoiles.\",\"breadcrumb\":{\"@id\":\"https:\\\/\\\/platyphoto.com\\\/produit\\\/hoya-62mm-filtre-a-effet-spectral-cross\\\/#breadcrumb\"},\"inLanguage\":\"en-US\",\"potentialAction\":[{\"@type\":\"ReadAction\",\"target\":[\"https:\\\/\\\/platyphoto.com\\\/produit\\\/hoya-62mm-filtre-a-effet-spectral-cross\\\/\"]}]},{\"@type\":\"ImageObject\",\"inLanguage\":\"en-US\",\"@id\":\"https:\\\/\\\/platyphoto.com\\\/produit\\\/hoya-62mm-filtre-a-effet-spectral-cross\\\/#primaryimage\",\"url\":\"https:\\\/\\\/i0.wp.com\\\/platyphoto.com\\\/wp-content\\\/uploads\\\/2025\\\/07\\\/Hoya-62-spectral-cross.jpg?fit=4912%2C3264&ssl=1\",\"contentUrl\":\"https:\\\/\\\/i0.wp.com\\\/platyphoto.com\\\/wp-content\\\/uploads\\\/2025\\\/07\\\/Hoya-62-spectral-cross.jpg?fit=4912%2C3264&ssl=1\",\"width\":4912,\"height\":3264,\"caption\":\"Hoya 62mm filtre \u00e0 effet Spectral Cross\"},{\"@type\":\"BreadcrumbList\",\"@id\":\"https:\\\/\\\/platyphoto.com\\\/produit\\\/hoya-62mm-filtre-a-effet-spectral-cross\\\/#breadcrumb\",\"itemListElement\":[{\"@type\":\"ListItem\",\"position\":1,\"name\":\"Accueil\",\"item\":\"https:\\\/\\\/platyphoto.com\\\/\"},{\"@type\":\"ListItem\",\"position\":2,\"name\":\"Boutique\",\"item\":\"https:\\\/\\\/platyphoto.com\\\/boutique\\\/\"},{\"@type\":\"ListItem\",\"position\":3,\"name\":\"Hoya 62mm filtre \u00e0 effet Spectral Cross\"}]},{\"@type\":\"WebSite\",\"@id\":\"https:\\\/\\\/platyphoto.com\\\/#website\",\"url\":\"https:\\\/\\\/platyphoto.com\\\/\",\"name\":\"Platyphoto\",\"description\":\"Appareils photos argentiques, objectifs et accessoires de qualit\u00e9.\",\"publisher\":{\"@id\":\"https:\\\/\\\/platyphoto.com\\\/#organization\"},\"potentialAction\":[{\"@type\":\"SearchAction\",\"target\":{\"@type\":\"EntryPoint\",\"urlTemplate\":\"https:\\\/\\\/platyphoto.com\\\/?s={search_term_string}\"},\"query-input\":{\"@type\":\"PropertyValueSpecification\",\"valueRequired\":true,\"valueName\":\"search_term_string\"}}],\"inLanguage\":\"en-US\"},{\"@type\":\"Organization\",\"@id\":\"https:\\\/\\\/platyphoto.com\\\/#organization\",\"name\":\"Platyphoto\",\"alternateName\":\"Platyphoto\",\"url\":\"https:\\\/\\\/platyphoto.com\\\/\",\"logo\":{\"@type\":\"ImageObject\",\"inLanguage\":\"en-US\",\"@id\":\"https:\\\/\\\/platyphoto.com\\\/#\\\/schema\\\/logo\\\/image\\\/\",\"url\":\"https:\\\/\\\/i0.wp.com\\\/platyphoto.com\\\/wp-content\\\/uploads\\\/2020\\\/11\\\/cropped-header.jpg?fit=1500%2C282&ssl=1\",\"contentUrl\":\"https:\\\/\\\/i0.wp.com\\\/platyphoto.com\\\/wp-content\\\/uploads\\\/2020\\\/11\\\/cropped-header.jpg?fit=1500%2C282&ssl=1\",\"width\":1500,\"height\":282,\"caption\":\"Platyphoto\"},\"image\":{\"@id\":\"https:\\\/\\\/platyphoto.com\\\/#\\\/schema\\\/logo\\\/image\\\/\"},\"sameAs\":[\"https:\\\/\\\/www.instagram.com\\\/platyphoto\\\/\"]}]}<\/script>\n<!-- \/ Yoast SEO plugin. -->","yoast_head_json":{"title":"Hoya 62mm filtre \u00e0 effet Spectral Cross - Platyphoto","description":"Hoya 62mm filtre \u00e0 effet Spectral Cross en boite.Les filtres Spectral Cross de Hoya vous permettent de cr\u00e9er un effet de scintillement sur les sources lumineuses photographi\u00e9es (\u00e9toile \u00e0 4 branches). Id\u00e9als pour mettre en valeur les sources de lumi\u00e8res comme les bijoux pour le portrait ou bien pour la photographie urbaine de nuit, ces filtres donneront une touche cr\u00e9ative \u00e0 vos photos. La version \"Spectral\", ajoute un arc en ciel de couleur aux branches des etoiles.","robots":{"index":"index","follow":"follow","max-snippet":"max-snippet:-1","max-image-preview":"max-image-preview:large","max-video-preview":"max-video-preview:-1"},"canonical":"https:\/\/platyphoto.com\/en\/product\/hoya-62mm-filtre-a-effet-spectral-cross\/","og_locale":"en_US","og_type":"article","og_title":"Hoya 62mm filtre \u00e0 effet Spectral Cross - Platyphoto","og_description":"Hoya 62mm filtre \u00e0 effet Spectral Cross en boite.Les filtres Spectral Cross de Hoya vous permettent de cr\u00e9er un effet de scintillement sur les sources lumineuses photographi\u00e9es (\u00e9toile \u00e0 4 branches). Id\u00e9als pour mettre en valeur les sources de lumi\u00e8res comme les bijoux pour le portrait ou bien pour la photographie urbaine de nuit, ces filtres donneront une touche cr\u00e9ative \u00e0 vos photos. La version \"Spectral\", ajoute un arc en ciel de couleur aux branches des etoiles.","og_url":"https:\/\/platyphoto.com\/en\/product\/hoya-62mm-filtre-a-effet-spectral-cross\/","og_site_name":"Platyphoto","article_modified_time":"2025-08-27T16:38:52+00:00","og_image":[{"width":4912,"height":3264,"url":"https:\/\/platyphoto.com\/wp-content\/uploads\/2025\/07\/Hoya-62-spectral-cross.jpg","type":"image\/jpeg"}],"twitter_card":"summary_large_image","twitter_misc":{"Est. reading time":"1 minute"},"schema":{"@context":"https:\/\/schema.org","@graph":[{"@type":"WebPage","@id":"https:\/\/platyphoto.com\/produit\/hoya-62mm-filtre-a-effet-spectral-cross\/","url":"https:\/\/platyphoto.com\/produit\/hoya-62mm-filtre-a-effet-spectral-cross\/","name":"Hoya 62mm filtre \u00e0 effet Spectral Cross - Platyphoto","isPartOf":{"@id":"https:\/\/platyphoto.com\/#website"},"primaryImageOfPage":{"@id":"https:\/\/platyphoto.com\/produit\/hoya-62mm-filtre-a-effet-spectral-cross\/#primaryimage"},"image":{"@id":"https:\/\/platyphoto.com\/produit\/hoya-62mm-filtre-a-effet-spectral-cross\/#primaryimage"},"thumbnailUrl":"https:\/\/i0.wp.com\/platyphoto.com\/wp-content\/uploads\/2025\/07\/Hoya-62-spectral-cross.jpg?fit=4912%2C3264&ssl=1","datePublished":"2025-07-31T06:17:32+00:00","dateModified":"2025-08-27T16:38:52+00:00","description":"Hoya 62mm filtre \u00e0 effet Spectral Cross en boite.Les filtres Spectral Cross de Hoya vous permettent de cr\u00e9er un effet de scintillement sur les sources lumineuses photographi\u00e9es (\u00e9toile \u00e0 4 branches). Id\u00e9als pour mettre en valeur les sources de lumi\u00e8res comme les bijoux pour le portrait ou bien pour la photographie urbaine de nuit, ces filtres donneront une touche cr\u00e9ative \u00e0 vos photos. La version \"Spectral\", ajoute un arc en ciel de couleur aux branches des etoiles.","breadcrumb":{"@id":"https:\/\/platyphoto.com\/produit\/hoya-62mm-filtre-a-effet-spectral-cross\/#breadcrumb"},"inLanguage":"en-US","potentialAction":[{"@type":"ReadAction","target":["https:\/\/platyphoto.com\/produit\/hoya-62mm-filtre-a-effet-spectral-cross\/"]}]},{"@type":"ImageObject","inLanguage":"en-US","@id":"https:\/\/platyphoto.com\/produit\/hoya-62mm-filtre-a-effet-spectral-cross\/#primaryimage","url":"https:\/\/i0.wp.com\/platyphoto.com\/wp-content\/uploads\/2025\/07\/Hoya-62-spectral-cross.jpg?fit=4912%2C3264&ssl=1","contentUrl":"https:\/\/i0.wp.com\/platyphoto.com\/wp-content\/uploads\/2025\/07\/Hoya-62-spectral-cross.jpg?fit=4912%2C3264&ssl=1","width":4912,"height":3264,"caption":"Hoya 62mm filtre \u00e0 effet Spectral Cross"},{"@type":"BreadcrumbList","@id":"https:\/\/platyphoto.com\/produit\/hoya-62mm-filtre-a-effet-spectral-cross\/#breadcrumb","itemListElement":[{"@type":"ListItem","position":1,"name":"Accueil","item":"https:\/\/platyphoto.com\/"},{"@type":"ListItem","position":2,"name":"Boutique","item":"https:\/\/platyphoto.com\/boutique\/"},{"@type":"ListItem","position":3,"name":"Hoya 62mm filtre \u00e0 effet Spectral Cross"}]},{"@type":"WebSite","@id":"https:\/\/platyphoto.com\/#website","url":"https:\/\/platyphoto.com\/","name":"Platyphoto","description":"Appareils photos argentiques, objectifs et accessoires de qualit\u00e9.","publisher":{"@id":"https:\/\/platyphoto.com\/#organization"},"potentialAction":[{"@type":"SearchAction","target":{"@type":"EntryPoint","urlTemplate":"https:\/\/platyphoto.com\/?s={search_term_string}"},"query-input":{"@type":"PropertyValueSpecification","valueRequired":true,"valueName":"search_term_string"}}],"inLanguage":"en-US"},{"@type":"Organization","@id":"https:\/\/platyphoto.com\/#organization","name":"Platyphoto","alternateName":"Platyphoto","url":"https:\/\/platyphoto.com\/","logo":{"@type":"ImageObject","inLanguage":"en-US","@id":"https:\/\/platyphoto.com\/#\/schema\/logo\/image\/","url":"https:\/\/i0.wp.com\/platyphoto.com\/wp-content\/uploads\/2020\/11\/cropped-header.jpg?fit=1500%2C282&ssl=1","contentUrl":"https:\/\/i0.wp.com\/platyphoto.com\/wp-content\/uploads\/2020\/11\/cropped-header.jpg?fit=1500%2C282&ssl=1","width":1500,"height":282,"caption":"Platyphoto"},"image":{"@id":"https:\/\/platyphoto.com\/#\/schema\/logo\/image\/"},"sameAs":["https:\/\/www.instagram.com\/platyphoto\/"]}]}},"jetpack_publicize_connections":[],"jetpack_likes_enabled":false,"jetpack_sharing_enabled":true,"_links":{"self":[{"href":"https:\/\/platyphoto.com\/en\/wp-json\/wp\/v2\/product\/17218","targetHints":{"allow":["GET"]}}],"collection":[{"href":"https:\/\/platyphoto.com\/en\/wp-json\/wp\/v2\/product"}],"about":[{"href":"https:\/\/platyphoto.com\/en\/wp-json\/wp\/v2\/types\/product"}],"wp:featuredmedia":[{"embeddable":true,"href":"https:\/\/platyphoto.com\/en\/wp-json\/wp\/v2\/media\/17219"}],"wp:attachment":[{"href":"https:\/\/platyphoto.com\/en\/wp-json\/wp\/v2\/media?parent=17218"}],"wp:term":[{"taxonomy":"product_brand","embeddable":true,"href":"https:\/\/platyphoto.com\/en\/wp-json\/wp\/v2\/product_brand?post=17218"},{"taxonomy":"product_cat","embeddable":true,"href":"https:\/\/platyphoto.com\/en\/wp-json\/wp\/v2\/product_cat?post=17218"},{"taxonomy":"product_tag","embeddable":true,"href":"https:\/\/platyphoto.com\/en\/wp-json\/wp\/v2\/product_tag?post=17218"}],"curies":[{"name":"wp","href":"https:\/\/api.w.org\/{rel}","templated":true}]}}