{"id":17239,"date":"2025-07-31T09:04:50","date_gmt":"2025-07-31T07:04:50","guid":{"rendered":"https:\/\/platyphoto.com\/?post_type=product&#038;p=17239"},"modified":"2026-02-16T14:59:07","modified_gmt":"2026-02-16T13:59:07","slug":"hoya-58mm-filtre-soft-spot-copie-2","status":"publish","type":"product","link":"https:\/\/platyphoto.com\/en\/product\/hoya-58mm-filtre-soft-spot-copie-2\/","title":{"rendered":"Hoya 58mm filtre Soft-Spot"},"content":{"rendered":"<p>Hoya 58mm filtre Soft-Spot en boite.<\/p>\n<p>Les filtres \u00e0 effet Soft-Spot ont leur lentille net au centre et les bords plus ou moins adoucis en fonction de la lentille utilis\u00e9e (2 lentilles vendues avec). Parfait pour portait ou macro.<\/p>\n<p>Bel \u00e9tat g\u00e9n\u00e9ral, boite en \u00e9tat moyen.<\/p>","protected":false},"excerpt":{"rendered":"<p>Hoya 58mm filtre Soft-Spot en boite. Les filtres \u00e0 effet Soft-Spot ont leur lentille net au centre et les bords plus ou moins adoucis en fonction de la lentille utilis\u00e9e (2 lentilles vendues avec). Parfait pour portait ou macro. Bel \u00e9tat g\u00e9n\u00e9ral, boite en \u00e9tat moyen.<\/p>","protected":false},"featured_media":17240,"template":"","meta":{"_coblocks_attr":"","_coblocks_dimensions":"","_coblocks_responsive_height":"","_coblocks_accordion_ie_support":"","_crdt_document":"","jetpack_post_was_ever_published":false,"jetpack_publicize_message":"","jetpack_publicize_feature_enabled":true,"jetpack_social_post_already_shared":true,"jetpack_social_options":{"image_generator_settings":{"template":"highway","default_image_id":0,"font":"","enabled":false},"version":2},"_wpas_customize_per_network":false},"product_brand":[],"product_cat":[6684,6376,6531],"product_tag":[],"class_list":{"0":"post-17239","1":"product","2":"type-product","3":"status-publish","4":"has-post-thumbnail","6":"product_cat-58mm","7":"product_cat-accessoires-fr","8":"product_cat-filtres","10":"first","11":"outofstock","12":"shipping-taxable","13":"purchasable","14":"product-type-simple"},"yoast_head":"<!-- This site is optimized with the Yoast SEO plugin v27.3 - https:\/\/yoast.com\/product\/yoast-seo-wordpress\/ -->\n<title>Hoya 58mm filtre Soft-Spot - Platyphoto<\/title>\n<meta name=\"description\" content=\"Les filtres \u00e0 effet Soft-Spot ont leur lentille net au centre et les bords plus ou moins adoucis en fonction de la lentille utilis\u00e9e (2 lentilles vendues avec). Parfait pour portait ou macro. Hoya 58mm filtre Soft-Spot\" \/>\n<meta name=\"robots\" content=\"index, follow, max-snippet:-1, max-image-preview:large, max-video-preview:-1\" \/>\n<link rel=\"canonical\" href=\"https:\/\/platyphoto.com\/en\/product\/hoya-58mm-filtre-soft-spot-copie-2\/\" \/>\n<meta property=\"og:locale\" content=\"en_US\" \/>\n<meta property=\"og:type\" content=\"article\" \/>\n<meta property=\"og:title\" content=\"Hoya 58mm filtre Soft-Spot - Platyphoto\" \/>\n<meta property=\"og:description\" content=\"Les filtres \u00e0 effet Soft-Spot ont leur lentille net au centre et les bords plus ou moins adoucis en fonction de la lentille utilis\u00e9e (2 lentilles vendues avec). Parfait pour portait ou macro. Hoya 58mm filtre Soft-Spot\" \/>\n<meta property=\"og:url\" content=\"https:\/\/platyphoto.com\/en\/product\/hoya-58mm-filtre-soft-spot-copie-2\/\" \/>\n<meta property=\"og:site_name\" content=\"Platyphoto\" \/>\n<meta property=\"article:modified_time\" content=\"2026-02-16T13:59:07+00:00\" \/>\n<meta property=\"og:image\" content=\"https:\/\/platyphoto.com\/wp-content\/uploads\/2025\/07\/Hoya-58-soft-spot.jpg\" \/>\n\t<meta property=\"og:image:width\" content=\"3861\" \/>\n\t<meta property=\"og:image:height\" content=\"2566\" \/>\n\t<meta property=\"og:image:type\" content=\"image\/jpeg\" \/>\n<meta name=\"twitter:card\" content=\"summary_large_image\" \/>\n<meta name=\"twitter:label1\" content=\"Est. reading time\" \/>\n\t<meta name=\"twitter:data1\" content=\"1 minute\" \/>\n<script type=\"application\/ld+json\" class=\"yoast-schema-graph\">{\"@context\":\"https:\\\/\\\/schema.org\",\"@graph\":[{\"@type\":\"WebPage\",\"@id\":\"https:\\\/\\\/platyphoto.com\\\/produit\\\/hoya-58mm-filtre-soft-spot-copie-2\\\/\",\"url\":\"https:\\\/\\\/platyphoto.com\\\/produit\\\/hoya-58mm-filtre-soft-spot-copie-2\\\/\",\"name\":\"Hoya 58mm filtre Soft-Spot - Platyphoto\",\"isPartOf\":{\"@id\":\"https:\\\/\\\/platyphoto.com\\\/#website\"},\"primaryImageOfPage\":{\"@id\":\"https:\\\/\\\/platyphoto.com\\\/produit\\\/hoya-58mm-filtre-soft-spot-copie-2\\\/#primaryimage\"},\"image\":{\"@id\":\"https:\\\/\\\/platyphoto.com\\\/produit\\\/hoya-58mm-filtre-soft-spot-copie-2\\\/#primaryimage\"},\"thumbnailUrl\":\"https:\\\/\\\/i0.wp.com\\\/platyphoto.com\\\/wp-content\\\/uploads\\\/2025\\\/07\\\/Hoya-58-soft-spot.jpg?fit=3861%2C2566&ssl=1\",\"datePublished\":\"2025-07-31T07:04:50+00:00\",\"dateModified\":\"2026-02-16T13:59:07+00:00\",\"description\":\"Les filtres \u00e0 effet Soft-Spot ont leur lentille net au centre et les bords plus ou moins adoucis en fonction de la lentille utilis\u00e9e (2 lentilles vendues avec). Parfait pour portait ou macro. Hoya 58mm filtre Soft-Spot\",\"breadcrumb\":{\"@id\":\"https:\\\/\\\/platyphoto.com\\\/produit\\\/hoya-58mm-filtre-soft-spot-copie-2\\\/#breadcrumb\"},\"inLanguage\":\"en-US\",\"potentialAction\":[{\"@type\":\"ReadAction\",\"target\":[\"https:\\\/\\\/platyphoto.com\\\/produit\\\/hoya-58mm-filtre-soft-spot-copie-2\\\/\"]}]},{\"@type\":\"ImageObject\",\"inLanguage\":\"en-US\",\"@id\":\"https:\\\/\\\/platyphoto.com\\\/produit\\\/hoya-58mm-filtre-soft-spot-copie-2\\\/#primaryimage\",\"url\":\"https:\\\/\\\/i0.wp.com\\\/platyphoto.com\\\/wp-content\\\/uploads\\\/2025\\\/07\\\/Hoya-58-soft-spot.jpg?fit=3861%2C2566&ssl=1\",\"contentUrl\":\"https:\\\/\\\/i0.wp.com\\\/platyphoto.com\\\/wp-content\\\/uploads\\\/2025\\\/07\\\/Hoya-58-soft-spot.jpg?fit=3861%2C2566&ssl=1\",\"width\":3861,\"height\":2566,\"caption\":\"Hoya 58mm filtre Soft-Spot\"},{\"@type\":\"BreadcrumbList\",\"@id\":\"https:\\\/\\\/platyphoto.com\\\/produit\\\/hoya-58mm-filtre-soft-spot-copie-2\\\/#breadcrumb\",\"itemListElement\":[{\"@type\":\"ListItem\",\"position\":1,\"name\":\"Accueil\",\"item\":\"https:\\\/\\\/platyphoto.com\\\/\"},{\"@type\":\"ListItem\",\"position\":2,\"name\":\"Boutique\",\"item\":\"https:\\\/\\\/platyphoto.com\\\/boutique\\\/\"},{\"@type\":\"ListItem\",\"position\":3,\"name\":\"Hoya 58mm filtre Soft-Spot\"}]},{\"@type\":\"WebSite\",\"@id\":\"https:\\\/\\\/platyphoto.com\\\/#website\",\"url\":\"https:\\\/\\\/platyphoto.com\\\/\",\"name\":\"Platyphoto\",\"description\":\"Appareils photos argentiques, objectifs et accessoires de qualit\u00e9.\",\"publisher\":{\"@id\":\"https:\\\/\\\/platyphoto.com\\\/#organization\"},\"potentialAction\":[{\"@type\":\"SearchAction\",\"target\":{\"@type\":\"EntryPoint\",\"urlTemplate\":\"https:\\\/\\\/platyphoto.com\\\/?s={search_term_string}\"},\"query-input\":{\"@type\":\"PropertyValueSpecification\",\"valueRequired\":true,\"valueName\":\"search_term_string\"}}],\"inLanguage\":\"en-US\"},{\"@type\":\"Organization\",\"@id\":\"https:\\\/\\\/platyphoto.com\\\/#organization\",\"name\":\"Platyphoto\",\"alternateName\":\"Platyphoto\",\"url\":\"https:\\\/\\\/platyphoto.com\\\/\",\"logo\":{\"@type\":\"ImageObject\",\"inLanguage\":\"en-US\",\"@id\":\"https:\\\/\\\/platyphoto.com\\\/#\\\/schema\\\/logo\\\/image\\\/\",\"url\":\"https:\\\/\\\/i0.wp.com\\\/platyphoto.com\\\/wp-content\\\/uploads\\\/2020\\\/11\\\/cropped-header.jpg?fit=1500%2C282&ssl=1\",\"contentUrl\":\"https:\\\/\\\/i0.wp.com\\\/platyphoto.com\\\/wp-content\\\/uploads\\\/2020\\\/11\\\/cropped-header.jpg?fit=1500%2C282&ssl=1\",\"width\":1500,\"height\":282,\"caption\":\"Platyphoto\"},\"image\":{\"@id\":\"https:\\\/\\\/platyphoto.com\\\/#\\\/schema\\\/logo\\\/image\\\/\"},\"sameAs\":[\"https:\\\/\\\/www.instagram.com\\\/platyphoto\\\/\"]}]}<\/script>\n<!-- \/ Yoast SEO plugin. -->","yoast_head_json":{"title":"Hoya 58mm filtre Soft-Spot - Platyphoto","description":"Les filtres \u00e0 effet Soft-Spot ont leur lentille net au centre et les bords plus ou moins adoucis en fonction de la lentille utilis\u00e9e (2 lentilles vendues avec). Parfait pour portait ou macro. Hoya 58mm filtre Soft-Spot","robots":{"index":"index","follow":"follow","max-snippet":"max-snippet:-1","max-image-preview":"max-image-preview:large","max-video-preview":"max-video-preview:-1"},"canonical":"https:\/\/platyphoto.com\/en\/product\/hoya-58mm-filtre-soft-spot-copie-2\/","og_locale":"en_US","og_type":"article","og_title":"Hoya 58mm filtre Soft-Spot - Platyphoto","og_description":"Les filtres \u00e0 effet Soft-Spot ont leur lentille net au centre et les bords plus ou moins adoucis en fonction de la lentille utilis\u00e9e (2 lentilles vendues avec). Parfait pour portait ou macro. Hoya 58mm filtre Soft-Spot","og_url":"https:\/\/platyphoto.com\/en\/product\/hoya-58mm-filtre-soft-spot-copie-2\/","og_site_name":"Platyphoto","article_modified_time":"2026-02-16T13:59:07+00:00","og_image":[{"width":3861,"height":2566,"url":"https:\/\/platyphoto.com\/wp-content\/uploads\/2025\/07\/Hoya-58-soft-spot.jpg","type":"image\/jpeg"}],"twitter_card":"summary_large_image","twitter_misc":{"Est. reading time":"1 minute"},"schema":{"@context":"https:\/\/schema.org","@graph":[{"@type":"WebPage","@id":"https:\/\/platyphoto.com\/produit\/hoya-58mm-filtre-soft-spot-copie-2\/","url":"https:\/\/platyphoto.com\/produit\/hoya-58mm-filtre-soft-spot-copie-2\/","name":"Hoya 58mm filtre Soft-Spot - Platyphoto","isPartOf":{"@id":"https:\/\/platyphoto.com\/#website"},"primaryImageOfPage":{"@id":"https:\/\/platyphoto.com\/produit\/hoya-58mm-filtre-soft-spot-copie-2\/#primaryimage"},"image":{"@id":"https:\/\/platyphoto.com\/produit\/hoya-58mm-filtre-soft-spot-copie-2\/#primaryimage"},"thumbnailUrl":"https:\/\/i0.wp.com\/platyphoto.com\/wp-content\/uploads\/2025\/07\/Hoya-58-soft-spot.jpg?fit=3861%2C2566&ssl=1","datePublished":"2025-07-31T07:04:50+00:00","dateModified":"2026-02-16T13:59:07+00:00","description":"Les filtres \u00e0 effet Soft-Spot ont leur lentille net au centre et les bords plus ou moins adoucis en fonction de la lentille utilis\u00e9e (2 lentilles vendues avec). Parfait pour portait ou macro. Hoya 58mm filtre Soft-Spot","breadcrumb":{"@id":"https:\/\/platyphoto.com\/produit\/hoya-58mm-filtre-soft-spot-copie-2\/#breadcrumb"},"inLanguage":"en-US","potentialAction":[{"@type":"ReadAction","target":["https:\/\/platyphoto.com\/produit\/hoya-58mm-filtre-soft-spot-copie-2\/"]}]},{"@type":"ImageObject","inLanguage":"en-US","@id":"https:\/\/platyphoto.com\/produit\/hoya-58mm-filtre-soft-spot-copie-2\/#primaryimage","url":"https:\/\/i0.wp.com\/platyphoto.com\/wp-content\/uploads\/2025\/07\/Hoya-58-soft-spot.jpg?fit=3861%2C2566&ssl=1","contentUrl":"https:\/\/i0.wp.com\/platyphoto.com\/wp-content\/uploads\/2025\/07\/Hoya-58-soft-spot.jpg?fit=3861%2C2566&ssl=1","width":3861,"height":2566,"caption":"Hoya 58mm filtre Soft-Spot"},{"@type":"BreadcrumbList","@id":"https:\/\/platyphoto.com\/produit\/hoya-58mm-filtre-soft-spot-copie-2\/#breadcrumb","itemListElement":[{"@type":"ListItem","position":1,"name":"Accueil","item":"https:\/\/platyphoto.com\/"},{"@type":"ListItem","position":2,"name":"Boutique","item":"https:\/\/platyphoto.com\/boutique\/"},{"@type":"ListItem","position":3,"name":"Hoya 58mm filtre Soft-Spot"}]},{"@type":"WebSite","@id":"https:\/\/platyphoto.com\/#website","url":"https:\/\/platyphoto.com\/","name":"Platyphoto","description":"Appareils photos argentiques, objectifs et accessoires de qualit\u00e9.","publisher":{"@id":"https:\/\/platyphoto.com\/#organization"},"potentialAction":[{"@type":"SearchAction","target":{"@type":"EntryPoint","urlTemplate":"https:\/\/platyphoto.com\/?s={search_term_string}"},"query-input":{"@type":"PropertyValueSpecification","valueRequired":true,"valueName":"search_term_string"}}],"inLanguage":"en-US"},{"@type":"Organization","@id":"https:\/\/platyphoto.com\/#organization","name":"Platyphoto","alternateName":"Platyphoto","url":"https:\/\/platyphoto.com\/","logo":{"@type":"ImageObject","inLanguage":"en-US","@id":"https:\/\/platyphoto.com\/#\/schema\/logo\/image\/","url":"https:\/\/i0.wp.com\/platyphoto.com\/wp-content\/uploads\/2020\/11\/cropped-header.jpg?fit=1500%2C282&ssl=1","contentUrl":"https:\/\/i0.wp.com\/platyphoto.com\/wp-content\/uploads\/2020\/11\/cropped-header.jpg?fit=1500%2C282&ssl=1","width":1500,"height":282,"caption":"Platyphoto"},"image":{"@id":"https:\/\/platyphoto.com\/#\/schema\/logo\/image\/"},"sameAs":["https:\/\/www.instagram.com\/platyphoto\/"]}]}},"jetpack_publicize_connections":[],"jetpack_likes_enabled":false,"jetpack_sharing_enabled":true,"_links":{"self":[{"href":"https:\/\/platyphoto.com\/en\/wp-json\/wp\/v2\/product\/17239","targetHints":{"allow":["GET"]}}],"collection":[{"href":"https:\/\/platyphoto.com\/en\/wp-json\/wp\/v2\/product"}],"about":[{"href":"https:\/\/platyphoto.com\/en\/wp-json\/wp\/v2\/types\/product"}],"wp:featuredmedia":[{"embeddable":true,"href":"https:\/\/platyphoto.com\/en\/wp-json\/wp\/v2\/media\/17240"}],"wp:attachment":[{"href":"https:\/\/platyphoto.com\/en\/wp-json\/wp\/v2\/media?parent=17239"}],"wp:term":[{"taxonomy":"product_brand","embeddable":true,"href":"https:\/\/platyphoto.com\/en\/wp-json\/wp\/v2\/product_brand?post=17239"},{"taxonomy":"product_cat","embeddable":true,"href":"https:\/\/platyphoto.com\/en\/wp-json\/wp\/v2\/product_cat?post=17239"},{"taxonomy":"product_tag","embeddable":true,"href":"https:\/\/platyphoto.com\/en\/wp-json\/wp\/v2\/product_tag?post=17239"}],"curies":[{"name":"wp","href":"https:\/\/api.w.org\/{rel}","templated":true}]}}