{"id":17242,"date":"2025-07-31T09:08:03","date_gmt":"2025-07-31T07:08:03","guid":{"rendered":"https:\/\/platyphoto.com\/?post_type=product&#038;p=17242"},"modified":"2025-07-31T09:10:30","modified_gmt":"2025-07-31T07:10:30","slug":"hoya-58mm-filtre-a-effet-diffuser","status":"publish","type":"product","link":"https:\/\/platyphoto.com\/en\/product\/hoya-58mm-filtre-a-effet-diffuser\/","title":{"rendered":"Hoya 58mm filtre \u00e0 effet Diffuser"},"content":{"rendered":"<p>Hoya 58mm filtre \u00e0 effet Diffuser en boite.<\/p>\n<p>Filtre cr\u00e9atif de la gamme de filtres de HOYA qui offre un type unique d&rsquo;effet doux en cr\u00e9ant un tr\u00e8s l\u00e9ger flou global sur la photo, en adoucissant les hautes lumi\u00e8res et en supprimant la nettet\u00e9 des bords sans r\u00e9duire le contraste.<\/p>\n<p>Exemples de photos <a href=\"https:\/\/hoyafilter.com\/product\/diffuser_no1\/\">ici.<\/a><\/p>\n<p>Bel \u00e9tat g\u00e9n\u00e9ral.<\/p>","protected":false},"excerpt":{"rendered":"<p>Hoya 58mm filtre \u00e0 effet Diffuser en boite. Filtre cr\u00e9atif de la gamme de filtres de HOYA qui offre un type unique d&rsquo;effet doux en cr\u00e9ant un tr\u00e8s l\u00e9ger flou global sur la photo, en adoucissant les hautes lumi\u00e8res et en supprimant la nettet\u00e9 des bords sans r\u00e9duire le contraste. Exemples de photos ici. Bel [&hellip;]<\/p>\n","protected":false},"featured_media":17243,"template":"","meta":{"_coblocks_attr":"","_coblocks_dimensions":"","_coblocks_responsive_height":"","_coblocks_accordion_ie_support":"","_crdt_document":"","jetpack_publicize_message":"","jetpack_publicize_feature_enabled":true,"jetpack_social_post_already_shared":true,"jetpack_social_options":{"image_generator_settings":{"template":"highway","default_image_id":0,"font":"","enabled":false},"version":2},"_wpas_customize_per_network":false},"product_brand":[],"product_cat":[6684,6376,6531],"product_tag":[],"class_list":{"0":"post-17242","1":"product","2":"type-product","3":"status-publish","4":"has-post-thumbnail","6":"product_cat-58mm","7":"product_cat-accessoires-fr","8":"product_cat-filtres","10":"first","11":"instock","12":"shipping-taxable","13":"purchasable","14":"product-type-simple"},"yoast_head":"<!-- This site is optimized with the Yoast SEO plugin v27.4 - https:\/\/yoast.com\/product\/yoast-seo-wordpress\/ -->\n<title>Hoya 58mm filtre \u00e0 effet Diffuser - Platyphoto<\/title>\n<meta name=\"description\" content=\"Hoya 58mm filtre \u00e0 effet Diffuser en boite. Bel \u00e9tat g\u00e9n\u00e9ral.\" \/>\n<meta name=\"robots\" content=\"index, follow, max-snippet:-1, max-image-preview:large, max-video-preview:-1\" \/>\n<link rel=\"canonical\" href=\"https:\/\/platyphoto.com\/en\/product\/hoya-58mm-filtre-a-effet-diffuser\/\" \/>\n<meta property=\"og:locale\" content=\"en_US\" \/>\n<meta property=\"og:type\" content=\"article\" \/>\n<meta property=\"og:title\" content=\"Hoya 58mm filtre \u00e0 effet Diffuser - Platyphoto\" \/>\n<meta property=\"og:description\" content=\"Hoya 58mm filtre \u00e0 effet Diffuser en boite. Bel \u00e9tat g\u00e9n\u00e9ral.\" \/>\n<meta property=\"og:url\" content=\"https:\/\/platyphoto.com\/en\/product\/hoya-58mm-filtre-a-effet-diffuser\/\" \/>\n<meta property=\"og:site_name\" content=\"Platyphoto\" \/>\n<meta property=\"article:modified_time\" content=\"2025-07-31T07:10:30+00:00\" \/>\n<meta property=\"og:image\" content=\"https:\/\/platyphoto.com\/wp-content\/uploads\/2025\/07\/Hoya-58-diffuseur-2.jpg\" \/>\n\t<meta property=\"og:image:width\" content=\"3914\" \/>\n\t<meta property=\"og:image:height\" content=\"2601\" \/>\n\t<meta property=\"og:image:type\" content=\"image\/jpeg\" \/>\n<meta name=\"twitter:card\" content=\"summary_large_image\" \/>\n<meta name=\"twitter:label1\" content=\"Est. reading time\" \/>\n\t<meta name=\"twitter:data1\" content=\"1 minute\" \/>\n<script type=\"application\/ld+json\" class=\"yoast-schema-graph\">{\"@context\":\"https:\\\/\\\/schema.org\",\"@graph\":[{\"@type\":\"WebPage\",\"@id\":\"https:\\\/\\\/platyphoto.com\\\/produit\\\/hoya-58mm-filtre-a-effet-diffuser\\\/\",\"url\":\"https:\\\/\\\/platyphoto.com\\\/produit\\\/hoya-58mm-filtre-a-effet-diffuser\\\/\",\"name\":\"Hoya 58mm filtre \u00e0 effet Diffuser - Platyphoto\",\"isPartOf\":{\"@id\":\"https:\\\/\\\/platyphoto.com\\\/#website\"},\"primaryImageOfPage\":{\"@id\":\"https:\\\/\\\/platyphoto.com\\\/produit\\\/hoya-58mm-filtre-a-effet-diffuser\\\/#primaryimage\"},\"image\":{\"@id\":\"https:\\\/\\\/platyphoto.com\\\/produit\\\/hoya-58mm-filtre-a-effet-diffuser\\\/#primaryimage\"},\"thumbnailUrl\":\"https:\\\/\\\/i0.wp.com\\\/platyphoto.com\\\/wp-content\\\/uploads\\\/2025\\\/07\\\/Hoya-58-diffuseur-2.jpg?fit=3914%2C2601&ssl=1\",\"datePublished\":\"2025-07-31T07:08:03+00:00\",\"dateModified\":\"2025-07-31T07:10:30+00:00\",\"description\":\"Hoya 58mm filtre \u00e0 effet Diffuser en boite. Bel \u00e9tat g\u00e9n\u00e9ral.\",\"breadcrumb\":{\"@id\":\"https:\\\/\\\/platyphoto.com\\\/produit\\\/hoya-58mm-filtre-a-effet-diffuser\\\/#breadcrumb\"},\"inLanguage\":\"en-US\",\"potentialAction\":[{\"@type\":\"ReadAction\",\"target\":[\"https:\\\/\\\/platyphoto.com\\\/produit\\\/hoya-58mm-filtre-a-effet-diffuser\\\/\"]}]},{\"@type\":\"ImageObject\",\"inLanguage\":\"en-US\",\"@id\":\"https:\\\/\\\/platyphoto.com\\\/produit\\\/hoya-58mm-filtre-a-effet-diffuser\\\/#primaryimage\",\"url\":\"https:\\\/\\\/i0.wp.com\\\/platyphoto.com\\\/wp-content\\\/uploads\\\/2025\\\/07\\\/Hoya-58-diffuseur-2.jpg?fit=3914%2C2601&ssl=1\",\"contentUrl\":\"https:\\\/\\\/i0.wp.com\\\/platyphoto.com\\\/wp-content\\\/uploads\\\/2025\\\/07\\\/Hoya-58-diffuseur-2.jpg?fit=3914%2C2601&ssl=1\",\"width\":3914,\"height\":2601,\"caption\":\"Hoya 58mm filtre \u00e0 effet Diffuser\"},{\"@type\":\"BreadcrumbList\",\"@id\":\"https:\\\/\\\/platyphoto.com\\\/produit\\\/hoya-58mm-filtre-a-effet-diffuser\\\/#breadcrumb\",\"itemListElement\":[{\"@type\":\"ListItem\",\"position\":1,\"name\":\"Accueil\",\"item\":\"https:\\\/\\\/platyphoto.com\\\/\"},{\"@type\":\"ListItem\",\"position\":2,\"name\":\"Boutique\",\"item\":\"https:\\\/\\\/platyphoto.com\\\/boutique\\\/\"},{\"@type\":\"ListItem\",\"position\":3,\"name\":\"Hoya 58mm filtre \u00e0 effet Diffuser\"}]},{\"@type\":\"WebSite\",\"@id\":\"https:\\\/\\\/platyphoto.com\\\/#website\",\"url\":\"https:\\\/\\\/platyphoto.com\\\/\",\"name\":\"Platyphoto\",\"description\":\"Appareils photos argentiques, objectifs et accessoires de qualit\u00e9.\",\"publisher\":{\"@id\":\"https:\\\/\\\/platyphoto.com\\\/#organization\"},\"potentialAction\":[{\"@type\":\"SearchAction\",\"target\":{\"@type\":\"EntryPoint\",\"urlTemplate\":\"https:\\\/\\\/platyphoto.com\\\/?s={search_term_string}\"},\"query-input\":{\"@type\":\"PropertyValueSpecification\",\"valueRequired\":true,\"valueName\":\"search_term_string\"}}],\"inLanguage\":\"en-US\"},{\"@type\":\"Organization\",\"@id\":\"https:\\\/\\\/platyphoto.com\\\/#organization\",\"name\":\"Platyphoto\",\"alternateName\":\"Platyphoto\",\"url\":\"https:\\\/\\\/platyphoto.com\\\/\",\"logo\":{\"@type\":\"ImageObject\",\"inLanguage\":\"en-US\",\"@id\":\"https:\\\/\\\/platyphoto.com\\\/#\\\/schema\\\/logo\\\/image\\\/\",\"url\":\"https:\\\/\\\/i0.wp.com\\\/platyphoto.com\\\/wp-content\\\/uploads\\\/2020\\\/11\\\/cropped-header.jpg?fit=1500%2C282&ssl=1\",\"contentUrl\":\"https:\\\/\\\/i0.wp.com\\\/platyphoto.com\\\/wp-content\\\/uploads\\\/2020\\\/11\\\/cropped-header.jpg?fit=1500%2C282&ssl=1\",\"width\":1500,\"height\":282,\"caption\":\"Platyphoto\"},\"image\":{\"@id\":\"https:\\\/\\\/platyphoto.com\\\/#\\\/schema\\\/logo\\\/image\\\/\"},\"sameAs\":[\"https:\\\/\\\/www.instagram.com\\\/platyphoto\\\/\"]}]}<\/script>\n<!-- \/ Yoast SEO plugin. -->","yoast_head_json":{"title":"Hoya 58mm filtre \u00e0 effet Diffuser - Platyphoto","description":"Hoya 58mm filtre \u00e0 effet Diffuser en boite. Bel \u00e9tat g\u00e9n\u00e9ral.","robots":{"index":"index","follow":"follow","max-snippet":"max-snippet:-1","max-image-preview":"max-image-preview:large","max-video-preview":"max-video-preview:-1"},"canonical":"https:\/\/platyphoto.com\/en\/product\/hoya-58mm-filtre-a-effet-diffuser\/","og_locale":"en_US","og_type":"article","og_title":"Hoya 58mm filtre \u00e0 effet Diffuser - Platyphoto","og_description":"Hoya 58mm filtre \u00e0 effet Diffuser en boite. Bel \u00e9tat g\u00e9n\u00e9ral.","og_url":"https:\/\/platyphoto.com\/en\/product\/hoya-58mm-filtre-a-effet-diffuser\/","og_site_name":"Platyphoto","article_modified_time":"2025-07-31T07:10:30+00:00","og_image":[{"width":3914,"height":2601,"url":"https:\/\/platyphoto.com\/wp-content\/uploads\/2025\/07\/Hoya-58-diffuseur-2.jpg","type":"image\/jpeg"}],"twitter_card":"summary_large_image","twitter_misc":{"Est. reading time":"1 minute"},"schema":{"@context":"https:\/\/schema.org","@graph":[{"@type":"WebPage","@id":"https:\/\/platyphoto.com\/produit\/hoya-58mm-filtre-a-effet-diffuser\/","url":"https:\/\/platyphoto.com\/produit\/hoya-58mm-filtre-a-effet-diffuser\/","name":"Hoya 58mm filtre \u00e0 effet Diffuser - Platyphoto","isPartOf":{"@id":"https:\/\/platyphoto.com\/#website"},"primaryImageOfPage":{"@id":"https:\/\/platyphoto.com\/produit\/hoya-58mm-filtre-a-effet-diffuser\/#primaryimage"},"image":{"@id":"https:\/\/platyphoto.com\/produit\/hoya-58mm-filtre-a-effet-diffuser\/#primaryimage"},"thumbnailUrl":"https:\/\/i0.wp.com\/platyphoto.com\/wp-content\/uploads\/2025\/07\/Hoya-58-diffuseur-2.jpg?fit=3914%2C2601&ssl=1","datePublished":"2025-07-31T07:08:03+00:00","dateModified":"2025-07-31T07:10:30+00:00","description":"Hoya 58mm filtre \u00e0 effet Diffuser en boite. Bel \u00e9tat g\u00e9n\u00e9ral.","breadcrumb":{"@id":"https:\/\/platyphoto.com\/produit\/hoya-58mm-filtre-a-effet-diffuser\/#breadcrumb"},"inLanguage":"en-US","potentialAction":[{"@type":"ReadAction","target":["https:\/\/platyphoto.com\/produit\/hoya-58mm-filtre-a-effet-diffuser\/"]}]},{"@type":"ImageObject","inLanguage":"en-US","@id":"https:\/\/platyphoto.com\/produit\/hoya-58mm-filtre-a-effet-diffuser\/#primaryimage","url":"https:\/\/i0.wp.com\/platyphoto.com\/wp-content\/uploads\/2025\/07\/Hoya-58-diffuseur-2.jpg?fit=3914%2C2601&ssl=1","contentUrl":"https:\/\/i0.wp.com\/platyphoto.com\/wp-content\/uploads\/2025\/07\/Hoya-58-diffuseur-2.jpg?fit=3914%2C2601&ssl=1","width":3914,"height":2601,"caption":"Hoya 58mm filtre \u00e0 effet Diffuser"},{"@type":"BreadcrumbList","@id":"https:\/\/platyphoto.com\/produit\/hoya-58mm-filtre-a-effet-diffuser\/#breadcrumb","itemListElement":[{"@type":"ListItem","position":1,"name":"Accueil","item":"https:\/\/platyphoto.com\/"},{"@type":"ListItem","position":2,"name":"Boutique","item":"https:\/\/platyphoto.com\/boutique\/"},{"@type":"ListItem","position":3,"name":"Hoya 58mm filtre \u00e0 effet Diffuser"}]},{"@type":"WebSite","@id":"https:\/\/platyphoto.com\/#website","url":"https:\/\/platyphoto.com\/","name":"Platyphoto","description":"Appareils photos argentiques, objectifs et accessoires de qualit\u00e9.","publisher":{"@id":"https:\/\/platyphoto.com\/#organization"},"potentialAction":[{"@type":"SearchAction","target":{"@type":"EntryPoint","urlTemplate":"https:\/\/platyphoto.com\/?s={search_term_string}"},"query-input":{"@type":"PropertyValueSpecification","valueRequired":true,"valueName":"search_term_string"}}],"inLanguage":"en-US"},{"@type":"Organization","@id":"https:\/\/platyphoto.com\/#organization","name":"Platyphoto","alternateName":"Platyphoto","url":"https:\/\/platyphoto.com\/","logo":{"@type":"ImageObject","inLanguage":"en-US","@id":"https:\/\/platyphoto.com\/#\/schema\/logo\/image\/","url":"https:\/\/i0.wp.com\/platyphoto.com\/wp-content\/uploads\/2020\/11\/cropped-header.jpg?fit=1500%2C282&ssl=1","contentUrl":"https:\/\/i0.wp.com\/platyphoto.com\/wp-content\/uploads\/2020\/11\/cropped-header.jpg?fit=1500%2C282&ssl=1","width":1500,"height":282,"caption":"Platyphoto"},"image":{"@id":"https:\/\/platyphoto.com\/#\/schema\/logo\/image\/"},"sameAs":["https:\/\/www.instagram.com\/platyphoto\/"]}]}},"jetpack_publicize_connections":[],"jetpack_likes_enabled":false,"jetpack_sharing_enabled":true,"_links":{"self":[{"href":"https:\/\/platyphoto.com\/en\/wp-json\/wp\/v2\/product\/17242","targetHints":{"allow":["GET"]}}],"collection":[{"href":"https:\/\/platyphoto.com\/en\/wp-json\/wp\/v2\/product"}],"about":[{"href":"https:\/\/platyphoto.com\/en\/wp-json\/wp\/v2\/types\/product"}],"wp:featuredmedia":[{"embeddable":true,"href":"https:\/\/platyphoto.com\/en\/wp-json\/wp\/v2\/media\/17243"}],"wp:attachment":[{"href":"https:\/\/platyphoto.com\/en\/wp-json\/wp\/v2\/media?parent=17242"}],"wp:term":[{"taxonomy":"product_brand","embeddable":true,"href":"https:\/\/platyphoto.com\/en\/wp-json\/wp\/v2\/product_brand?post=17242"},{"taxonomy":"product_cat","embeddable":true,"href":"https:\/\/platyphoto.com\/en\/wp-json\/wp\/v2\/product_cat?post=17242"},{"taxonomy":"product_tag","embeddable":true,"href":"https:\/\/platyphoto.com\/en\/wp-json\/wp\/v2\/product_tag?post=17242"}],"curies":[{"name":"wp","href":"https:\/\/api.w.org\/{rel}","templated":true}]}}