{"id":17583,"date":"2025-09-11T15:52:07","date_gmt":"2025-09-11T13:52:07","guid":{"rendered":"https:\/\/platyphoto.com\/?post_type=product&#038;p=17583"},"modified":"2025-09-11T16:07:26","modified_gmt":"2025-09-11T14:07:26","slug":"agfa-optima-1035-sensor-40mm-f2-8","status":"publish","type":"product","link":"https:\/\/platyphoto.com\/en\/product\/agfa-optima-1035-sensor-40mm-f2-8\/","title":{"rendered":"Agfa Optima 1035 sensor 40mm F:2.8"},"content":{"rendered":"<p><strong>Boitier<\/strong> : Agfa Optima 1035<\/p>\n<p><strong>Objectif (fixe)<\/strong> : 40mm F:2.8<\/p>\n<p><strong>Ann\u00e9e de production<\/strong> : A partir de 1976<\/p>\n<p><strong>Cellule<\/strong> : oui<\/p>\n<p><strong>Batteries<\/strong> : 4 x PX625<\/p>\n<p><strong>Indice de raret\u00e9 :<\/strong> Courant<\/p>\n<p>Petit compact de qualit\u00e9, cet Agfa Optima 1035 sensor est un appareil photo argentique 35mm tr\u00e8s sympathique, il fonctionne en full auto, seule la mise au point est manuelle, au jug\u00e9e, il faut estimer la distance du sujet puis la reporter sur l&rsquo;objectif \u00e0 l&rsquo;aide de l&rsquo;\u00e9chelle m\u00e9trique sous celui-ci, ou via les pictogrammes.<\/p>\n<p>Un mode flash est pr\u00e9sent o\u00f9 vous pourrez choisir la valeur de diaphragme.<\/p>\n<p>Dans le viseur 3 leds vous donnent des informations sur les vitesses choisies par l&rsquo;appareil. Iso max 400<\/p>\n<p><strong>Concernant l\u2019\u00e9tat :<\/strong><\/p>\n<p>Boitier : 8,5\/10, l\u00e9g\u00e8res traces d\u2019usages<\/p>\n<p>Optique : 8,5\/10, pr\u00e9sence de quelques micro poussi\u00e8res<\/p>\n<p>M\u00e9canique : 9\/10, 100% fonctionnel<\/p>","protected":false},"excerpt":{"rendered":"<p>Boitier : Agfa Optima 1035 Objectif (fixe) : 40mm F:2.8 Ann\u00e9e de production : A partir de 1976 Cellule : oui Piles : 4 x PX625 Indice de raret\u00e9 : Courant Petit compact de qualit\u00e9, cet Agfa Optima 1035 sensor est un appareil photo argentique 35mm tr\u00e8s sympathique, il fonctionne en full auto, seule la [&hellip;]<\/p>\n","protected":false},"featured_media":17588,"template":"","meta":{"_coblocks_attr":"","_coblocks_dimensions":"","_coblocks_responsive_height":"","_coblocks_accordion_ie_support":"","_crdt_document":"","jetpack_post_was_ever_published":false,"jetpack_publicize_message":"","jetpack_publicize_feature_enabled":true,"jetpack_social_post_already_shared":true,"jetpack_social_options":{"image_generator_settings":{"template":"highway","default_image_id":0,"font":"","enabled":false},"version":2},"_wpas_customize_per_network":false},"product_brand":[],"product_cat":[6353,6349,6355],"product_tag":[],"class_list":{"0":"post-17583","1":"product","2":"type-product","3":"status-publish","4":"has-post-thumbnail","6":"product_cat-24x36","7":"product_cat-appareils","8":"product_cat-compacts","10":"first","11":"instock","12":"shipping-taxable","13":"purchasable","14":"product-type-simple"},"yoast_head":"<!-- This site is optimized with the Yoast SEO plugin v27.3 - https:\/\/yoast.com\/product\/yoast-seo-wordpress\/ -->\n<title>Agfa Optima 1035 sensor 40mm F:2.8 - Platyphoto<\/title>\n<meta name=\"description\" content=\"Petit compact de qualit\u00e9, cet Agfa Optima 1035 sensor est un appareil photo argentique 35mm tr\u00e8s sympathique, il fonctionne en full auto, seule la mise au point est manuelle, au jug\u00e9e, il faut estimer la distance du sujet puis la reporter sur l&#039;objectif \u00e0 l&#039;aide de l&#039;\u00e9chelle m\u00e9trique sous celui-ci, ou via les pictogrammes.\" \/>\n<meta name=\"robots\" content=\"index, follow, max-snippet:-1, max-image-preview:large, max-video-preview:-1\" \/>\n<link rel=\"canonical\" href=\"https:\/\/platyphoto.com\/en\/product\/agfa-optima-1035-sensor-40mm-f2-8\/\" \/>\n<meta property=\"og:locale\" content=\"en_US\" \/>\n<meta property=\"og:type\" content=\"article\" \/>\n<meta property=\"og:title\" content=\"Agfa Optima 1035 sensor 40mm F:2.8 - Platyphoto\" \/>\n<meta property=\"og:description\" content=\"Petit compact de qualit\u00e9, cet Agfa Optima 1035 sensor est un appareil photo argentique 35mm tr\u00e8s sympathique, il fonctionne en full auto, seule la mise au point est manuelle, au jug\u00e9e, il faut estimer la distance du sujet puis la reporter sur l&#039;objectif \u00e0 l&#039;aide de l&#039;\u00e9chelle m\u00e9trique sous celui-ci, ou via les pictogrammes.\" \/>\n<meta property=\"og:url\" content=\"https:\/\/platyphoto.com\/en\/product\/agfa-optima-1035-sensor-40mm-f2-8\/\" \/>\n<meta property=\"og:site_name\" content=\"Platyphoto\" \/>\n<meta property=\"article:modified_time\" content=\"2025-09-11T14:07:26+00:00\" \/>\n<meta property=\"og:image\" content=\"https:\/\/platyphoto.com\/wp-content\/uploads\/2025\/09\/Agfa-Optima-1035.jpg\" \/>\n\t<meta property=\"og:image:width\" content=\"3584\" \/>\n\t<meta property=\"og:image:height\" content=\"2382\" \/>\n\t<meta property=\"og:image:type\" content=\"image\/jpeg\" \/>\n<meta name=\"twitter:card\" content=\"summary_large_image\" \/>\n<meta name=\"twitter:label1\" content=\"Est. reading time\" \/>\n\t<meta name=\"twitter:data1\" content=\"1 minute\" \/>\n<script type=\"application\/ld+json\" class=\"yoast-schema-graph\">{\"@context\":\"https:\\\/\\\/schema.org\",\"@graph\":[{\"@type\":\"WebPage\",\"@id\":\"https:\\\/\\\/platyphoto.com\\\/produit\\\/agfa-optima-1035-sensor-40mm-f2-8\\\/\",\"url\":\"https:\\\/\\\/platyphoto.com\\\/produit\\\/agfa-optima-1035-sensor-40mm-f2-8\\\/\",\"name\":\"Agfa Optima 1035 sensor 40mm F:2.8 - Platyphoto\",\"isPartOf\":{\"@id\":\"https:\\\/\\\/platyphoto.com\\\/#website\"},\"primaryImageOfPage\":{\"@id\":\"https:\\\/\\\/platyphoto.com\\\/produit\\\/agfa-optima-1035-sensor-40mm-f2-8\\\/#primaryimage\"},\"image\":{\"@id\":\"https:\\\/\\\/platyphoto.com\\\/produit\\\/agfa-optima-1035-sensor-40mm-f2-8\\\/#primaryimage\"},\"thumbnailUrl\":\"https:\\\/\\\/i0.wp.com\\\/platyphoto.com\\\/wp-content\\\/uploads\\\/2025\\\/09\\\/Agfa-Optima-1035.jpg?fit=3584%2C2382&ssl=1\",\"datePublished\":\"2025-09-11T13:52:07+00:00\",\"dateModified\":\"2025-09-11T14:07:26+00:00\",\"description\":\"Petit compact de qualit\u00e9, cet Agfa Optima 1035 sensor est un appareil photo argentique 35mm tr\u00e8s sympathique, il fonctionne en full auto, seule la mise au point est manuelle, au jug\u00e9e, il faut estimer la distance du sujet puis la reporter sur l'objectif \u00e0 l'aide de l'\u00e9chelle m\u00e9trique sous celui-ci, ou via les pictogrammes.\",\"breadcrumb\":{\"@id\":\"https:\\\/\\\/platyphoto.com\\\/produit\\\/agfa-optima-1035-sensor-40mm-f2-8\\\/#breadcrumb\"},\"inLanguage\":\"en-US\",\"potentialAction\":[{\"@type\":\"ReadAction\",\"target\":[\"https:\\\/\\\/platyphoto.com\\\/produit\\\/agfa-optima-1035-sensor-40mm-f2-8\\\/\"]}]},{\"@type\":\"ImageObject\",\"inLanguage\":\"en-US\",\"@id\":\"https:\\\/\\\/platyphoto.com\\\/produit\\\/agfa-optima-1035-sensor-40mm-f2-8\\\/#primaryimage\",\"url\":\"https:\\\/\\\/i0.wp.com\\\/platyphoto.com\\\/wp-content\\\/uploads\\\/2025\\\/09\\\/Agfa-Optima-1035.jpg?fit=3584%2C2382&ssl=1\",\"contentUrl\":\"https:\\\/\\\/i0.wp.com\\\/platyphoto.com\\\/wp-content\\\/uploads\\\/2025\\\/09\\\/Agfa-Optima-1035.jpg?fit=3584%2C2382&ssl=1\",\"width\":3584,\"height\":2382,\"caption\":\"Agfa Optima 1035 sensor 40mm F:2.8\"},{\"@type\":\"BreadcrumbList\",\"@id\":\"https:\\\/\\\/platyphoto.com\\\/produit\\\/agfa-optima-1035-sensor-40mm-f2-8\\\/#breadcrumb\",\"itemListElement\":[{\"@type\":\"ListItem\",\"position\":1,\"name\":\"Accueil\",\"item\":\"https:\\\/\\\/platyphoto.com\\\/\"},{\"@type\":\"ListItem\",\"position\":2,\"name\":\"Boutique\",\"item\":\"https:\\\/\\\/platyphoto.com\\\/boutique\\\/\"},{\"@type\":\"ListItem\",\"position\":3,\"name\":\"Agfa Optima 1035 sensor 40mm F:2.8\"}]},{\"@type\":\"WebSite\",\"@id\":\"https:\\\/\\\/platyphoto.com\\\/#website\",\"url\":\"https:\\\/\\\/platyphoto.com\\\/\",\"name\":\"Platyphoto\",\"description\":\"Appareils photos argentiques, objectifs et accessoires de qualit\u00e9.\",\"publisher\":{\"@id\":\"https:\\\/\\\/platyphoto.com\\\/#organization\"},\"potentialAction\":[{\"@type\":\"SearchAction\",\"target\":{\"@type\":\"EntryPoint\",\"urlTemplate\":\"https:\\\/\\\/platyphoto.com\\\/?s={search_term_string}\"},\"query-input\":{\"@type\":\"PropertyValueSpecification\",\"valueRequired\":true,\"valueName\":\"search_term_string\"}}],\"inLanguage\":\"en-US\"},{\"@type\":\"Organization\",\"@id\":\"https:\\\/\\\/platyphoto.com\\\/#organization\",\"name\":\"Platyphoto\",\"alternateName\":\"Platyphoto\",\"url\":\"https:\\\/\\\/platyphoto.com\\\/\",\"logo\":{\"@type\":\"ImageObject\",\"inLanguage\":\"en-US\",\"@id\":\"https:\\\/\\\/platyphoto.com\\\/#\\\/schema\\\/logo\\\/image\\\/\",\"url\":\"https:\\\/\\\/i0.wp.com\\\/platyphoto.com\\\/wp-content\\\/uploads\\\/2020\\\/11\\\/cropped-header.jpg?fit=1500%2C282&ssl=1\",\"contentUrl\":\"https:\\\/\\\/i0.wp.com\\\/platyphoto.com\\\/wp-content\\\/uploads\\\/2020\\\/11\\\/cropped-header.jpg?fit=1500%2C282&ssl=1\",\"width\":1500,\"height\":282,\"caption\":\"Platyphoto\"},\"image\":{\"@id\":\"https:\\\/\\\/platyphoto.com\\\/#\\\/schema\\\/logo\\\/image\\\/\"},\"sameAs\":[\"https:\\\/\\\/www.instagram.com\\\/platyphoto\\\/\"]}]}<\/script>\n<!-- \/ Yoast SEO plugin. -->","yoast_head_json":{"title":"Agfa Optima 1035 sensor 40mm F:2.8 - Platyphoto","description":"Petit compact de qualit\u00e9, cet Agfa Optima 1035 sensor est un appareil photo argentique 35mm tr\u00e8s sympathique, il fonctionne en full auto, seule la mise au point est manuelle, au jug\u00e9e, il faut estimer la distance du sujet puis la reporter sur l'objectif \u00e0 l'aide de l'\u00e9chelle m\u00e9trique sous celui-ci, ou via les pictogrammes.","robots":{"index":"index","follow":"follow","max-snippet":"max-snippet:-1","max-image-preview":"max-image-preview:large","max-video-preview":"max-video-preview:-1"},"canonical":"https:\/\/platyphoto.com\/en\/product\/agfa-optima-1035-sensor-40mm-f2-8\/","og_locale":"en_US","og_type":"article","og_title":"Agfa Optima 1035 sensor 40mm F:2.8 - Platyphoto","og_description":"Petit compact de qualit\u00e9, cet Agfa Optima 1035 sensor est un appareil photo argentique 35mm tr\u00e8s sympathique, il fonctionne en full auto, seule la mise au point est manuelle, au jug\u00e9e, il faut estimer la distance du sujet puis la reporter sur l'objectif \u00e0 l'aide de l'\u00e9chelle m\u00e9trique sous celui-ci, ou via les pictogrammes.","og_url":"https:\/\/platyphoto.com\/en\/product\/agfa-optima-1035-sensor-40mm-f2-8\/","og_site_name":"Platyphoto","article_modified_time":"2025-09-11T14:07:26+00:00","og_image":[{"width":3584,"height":2382,"url":"https:\/\/platyphoto.com\/wp-content\/uploads\/2025\/09\/Agfa-Optima-1035.jpg","type":"image\/jpeg"}],"twitter_card":"summary_large_image","twitter_misc":{"Est. reading time":"1 minute"},"schema":{"@context":"https:\/\/schema.org","@graph":[{"@type":"WebPage","@id":"https:\/\/platyphoto.com\/produit\/agfa-optima-1035-sensor-40mm-f2-8\/","url":"https:\/\/platyphoto.com\/produit\/agfa-optima-1035-sensor-40mm-f2-8\/","name":"Agfa Optima 1035 sensor 40mm F:2.8 - Platyphoto","isPartOf":{"@id":"https:\/\/platyphoto.com\/#website"},"primaryImageOfPage":{"@id":"https:\/\/platyphoto.com\/produit\/agfa-optima-1035-sensor-40mm-f2-8\/#primaryimage"},"image":{"@id":"https:\/\/platyphoto.com\/produit\/agfa-optima-1035-sensor-40mm-f2-8\/#primaryimage"},"thumbnailUrl":"https:\/\/i0.wp.com\/platyphoto.com\/wp-content\/uploads\/2025\/09\/Agfa-Optima-1035.jpg?fit=3584%2C2382&ssl=1","datePublished":"2025-09-11T13:52:07+00:00","dateModified":"2025-09-11T14:07:26+00:00","description":"Petit compact de qualit\u00e9, cet Agfa Optima 1035 sensor est un appareil photo argentique 35mm tr\u00e8s sympathique, il fonctionne en full auto, seule la mise au point est manuelle, au jug\u00e9e, il faut estimer la distance du sujet puis la reporter sur l'objectif \u00e0 l'aide de l'\u00e9chelle m\u00e9trique sous celui-ci, ou via les pictogrammes.","breadcrumb":{"@id":"https:\/\/platyphoto.com\/produit\/agfa-optima-1035-sensor-40mm-f2-8\/#breadcrumb"},"inLanguage":"en-US","potentialAction":[{"@type":"ReadAction","target":["https:\/\/platyphoto.com\/produit\/agfa-optima-1035-sensor-40mm-f2-8\/"]}]},{"@type":"ImageObject","inLanguage":"en-US","@id":"https:\/\/platyphoto.com\/produit\/agfa-optima-1035-sensor-40mm-f2-8\/#primaryimage","url":"https:\/\/i0.wp.com\/platyphoto.com\/wp-content\/uploads\/2025\/09\/Agfa-Optima-1035.jpg?fit=3584%2C2382&ssl=1","contentUrl":"https:\/\/i0.wp.com\/platyphoto.com\/wp-content\/uploads\/2025\/09\/Agfa-Optima-1035.jpg?fit=3584%2C2382&ssl=1","width":3584,"height":2382,"caption":"Agfa Optima 1035 sensor 40mm F:2.8"},{"@type":"BreadcrumbList","@id":"https:\/\/platyphoto.com\/produit\/agfa-optima-1035-sensor-40mm-f2-8\/#breadcrumb","itemListElement":[{"@type":"ListItem","position":1,"name":"Accueil","item":"https:\/\/platyphoto.com\/"},{"@type":"ListItem","position":2,"name":"Boutique","item":"https:\/\/platyphoto.com\/boutique\/"},{"@type":"ListItem","position":3,"name":"Agfa Optima 1035 sensor 40mm F:2.8"}]},{"@type":"WebSite","@id":"https:\/\/platyphoto.com\/#website","url":"https:\/\/platyphoto.com\/","name":"Platyphoto","description":"Appareils photos argentiques, objectifs et accessoires de qualit\u00e9.","publisher":{"@id":"https:\/\/platyphoto.com\/#organization"},"potentialAction":[{"@type":"SearchAction","target":{"@type":"EntryPoint","urlTemplate":"https:\/\/platyphoto.com\/?s={search_term_string}"},"query-input":{"@type":"PropertyValueSpecification","valueRequired":true,"valueName":"search_term_string"}}],"inLanguage":"en-US"},{"@type":"Organization","@id":"https:\/\/platyphoto.com\/#organization","name":"Platyphoto","alternateName":"Platyphoto","url":"https:\/\/platyphoto.com\/","logo":{"@type":"ImageObject","inLanguage":"en-US","@id":"https:\/\/platyphoto.com\/#\/schema\/logo\/image\/","url":"https:\/\/i0.wp.com\/platyphoto.com\/wp-content\/uploads\/2020\/11\/cropped-header.jpg?fit=1500%2C282&ssl=1","contentUrl":"https:\/\/i0.wp.com\/platyphoto.com\/wp-content\/uploads\/2020\/11\/cropped-header.jpg?fit=1500%2C282&ssl=1","width":1500,"height":282,"caption":"Platyphoto"},"image":{"@id":"https:\/\/platyphoto.com\/#\/schema\/logo\/image\/"},"sameAs":["https:\/\/www.instagram.com\/platyphoto\/"]}]}},"jetpack_publicize_connections":[],"jetpack_likes_enabled":false,"jetpack_sharing_enabled":true,"_links":{"self":[{"href":"https:\/\/platyphoto.com\/en\/wp-json\/wp\/v2\/product\/17583","targetHints":{"allow":["GET"]}}],"collection":[{"href":"https:\/\/platyphoto.com\/en\/wp-json\/wp\/v2\/product"}],"about":[{"href":"https:\/\/platyphoto.com\/en\/wp-json\/wp\/v2\/types\/product"}],"wp:featuredmedia":[{"embeddable":true,"href":"https:\/\/platyphoto.com\/en\/wp-json\/wp\/v2\/media\/17588"}],"wp:attachment":[{"href":"https:\/\/platyphoto.com\/en\/wp-json\/wp\/v2\/media?parent=17583"}],"wp:term":[{"taxonomy":"product_brand","embeddable":true,"href":"https:\/\/platyphoto.com\/en\/wp-json\/wp\/v2\/product_brand?post=17583"},{"taxonomy":"product_cat","embeddable":true,"href":"https:\/\/platyphoto.com\/en\/wp-json\/wp\/v2\/product_cat?post=17583"},{"taxonomy":"product_tag","embeddable":true,"href":"https:\/\/platyphoto.com\/en\/wp-json\/wp\/v2\/product_tag?post=17583"}],"curies":[{"name":"wp","href":"https:\/\/api.w.org\/{rel}","templated":true}]}}