{"id":17602,"date":"2025-09-11T18:16:02","date_gmt":"2025-09-11T16:16:02","guid":{"rendered":"https:\/\/platyphoto.com\/?post_type=product&#038;p=17602"},"modified":"2025-11-30T12:40:29","modified_gmt":"2025-11-30T11:40:29","slug":"m42-pentacon-50mm-f1-8","status":"publish","type":"product","link":"https:\/\/platyphoto.com\/en\/product\/m42-pentacon-50mm-f1-8\/","title":{"rendered":"M42 &#8211; Pentacon 50mm F:1.8"},"content":{"rendered":"<p><strong>Marque<\/strong> : Pentacon<\/p>\n<p><strong>Mod\u00e8le<\/strong> : 50mm F:1.8<\/p>\n<p><strong>Monture :<\/strong> M42<\/p>\n<p>Objectif de focale classique en monture M42 Pentacon 50mm F:1.8, 100% fonctionnel, diaphragme ok, mise au point ok. Traces d&rsquo;usages sur l&rsquo;objectif. Lentilles en bel \u00e9tat g\u00e9n\u00e9ral.<\/p>\n<p>Pr\u00e9sente de quelques micro poussi\u00e8res, sans incidence sur la qualit\u00e9 des images.<\/p>","protected":false},"excerpt":{"rendered":"<p>Marque : Pentacon Mod\u00e8le : 50mm F:1.8 Monture : M42 Objectif de focale classique en monture M42 Pentacon 50mm F:1.8, 100% fonctionnel, diaphragme ok, mise au point ok. Traces d&rsquo;usages sur l&rsquo;objectif. Lentilles en bel \u00e9tat g\u00e9n\u00e9ral. Pr\u00e9sente de quelques micro poussi\u00e8res, sans incidence sur la qualit\u00e9 des images.<\/p>","protected":false},"featured_media":17606,"template":"","meta":{"_coblocks_attr":"","_coblocks_dimensions":"","_coblocks_responsive_height":"","_coblocks_accordion_ie_support":"","_crdt_document":"","jetpack_post_was_ever_published":false,"jetpack_publicize_message":"","jetpack_publicize_feature_enabled":true,"jetpack_social_post_already_shared":true,"jetpack_social_options":{"image_generator_settings":{"template":"highway","default_image_id":0,"font":"","enabled":false},"version":2},"_wpas_customize_per_network":false},"product_brand":[],"product_cat":[6367,6366],"product_tag":[],"class_list":{"0":"post-17602","1":"product","2":"type-product","3":"status-publish","4":"has-post-thumbnail","6":"product_cat-m42","7":"product_cat-objectifs","9":"first","10":"outofstock","11":"shipping-taxable","12":"purchasable","13":"product-type-simple"},"yoast_head":"<!-- This site is optimized with the Yoast SEO plugin v27.3 - https:\/\/yoast.com\/product\/yoast-seo-wordpress\/ -->\n<title>M42 - Pentacon 50mm F:1.8 - Platyphoto<\/title>\n<meta name=\"description\" content=\"Objectif de focale classique en monture M42 Pentacon Auto 50mm F:1.8, 100% fonctionnel, diaphragme ok, mise au point ok.\" \/>\n<meta name=\"robots\" content=\"index, follow, max-snippet:-1, max-image-preview:large, max-video-preview:-1\" \/>\n<link rel=\"canonical\" href=\"https:\/\/platyphoto.com\/en\/product\/m42-pentacon-50mm-f1-8\/\" \/>\n<meta property=\"og:locale\" content=\"en_US\" \/>\n<meta property=\"og:type\" content=\"article\" \/>\n<meta property=\"og:title\" content=\"M42 - Pentacon 50mm F:1.8 - Platyphoto\" \/>\n<meta property=\"og:description\" content=\"Objectif de focale classique en monture M42 Pentacon Auto 50mm F:1.8, 100% fonctionnel, diaphragme ok, mise au point ok.\" \/>\n<meta property=\"og:url\" content=\"https:\/\/platyphoto.com\/en\/product\/m42-pentacon-50mm-f1-8\/\" \/>\n<meta property=\"og:site_name\" content=\"Platyphoto\" \/>\n<meta property=\"article:modified_time\" content=\"2025-11-30T11:40:29+00:00\" \/>\n<meta property=\"og:image\" content=\"https:\/\/platyphoto.com\/wp-content\/uploads\/2025\/09\/Pentacon-50mm-1.8.jpg\" \/>\n\t<meta property=\"og:image:width\" content=\"3442\" \/>\n\t<meta property=\"og:image:height\" content=\"2287\" \/>\n\t<meta property=\"og:image:type\" content=\"image\/jpeg\" \/>\n<meta name=\"twitter:card\" content=\"summary_large_image\" \/>\n<meta name=\"twitter:label1\" content=\"Est. reading time\" \/>\n\t<meta name=\"twitter:data1\" content=\"1 minute\" \/>\n<script type=\"application\/ld+json\" class=\"yoast-schema-graph\">{\"@context\":\"https:\\\/\\\/schema.org\",\"@graph\":[{\"@type\":\"WebPage\",\"@id\":\"https:\\\/\\\/platyphoto.com\\\/produit\\\/m42-pentacon-50mm-f1-8\\\/\",\"url\":\"https:\\\/\\\/platyphoto.com\\\/produit\\\/m42-pentacon-50mm-f1-8\\\/\",\"name\":\"M42 - Pentacon 50mm F:1.8 - Platyphoto\",\"isPartOf\":{\"@id\":\"https:\\\/\\\/platyphoto.com\\\/#website\"},\"primaryImageOfPage\":{\"@id\":\"https:\\\/\\\/platyphoto.com\\\/produit\\\/m42-pentacon-50mm-f1-8\\\/#primaryimage\"},\"image\":{\"@id\":\"https:\\\/\\\/platyphoto.com\\\/produit\\\/m42-pentacon-50mm-f1-8\\\/#primaryimage\"},\"thumbnailUrl\":\"https:\\\/\\\/i0.wp.com\\\/platyphoto.com\\\/wp-content\\\/uploads\\\/2025\\\/09\\\/Pentacon-50mm-1.8.jpg?fit=3442%2C2287&ssl=1\",\"datePublished\":\"2025-09-11T16:16:02+00:00\",\"dateModified\":\"2025-11-30T11:40:29+00:00\",\"description\":\"Objectif de focale classique en monture M42 Pentacon Auto 50mm F:1.8, 100% fonctionnel, diaphragme ok, mise au point ok.\",\"breadcrumb\":{\"@id\":\"https:\\\/\\\/platyphoto.com\\\/produit\\\/m42-pentacon-50mm-f1-8\\\/#breadcrumb\"},\"inLanguage\":\"en-US\",\"potentialAction\":[{\"@type\":\"ReadAction\",\"target\":[\"https:\\\/\\\/platyphoto.com\\\/produit\\\/m42-pentacon-50mm-f1-8\\\/\"]}]},{\"@type\":\"ImageObject\",\"inLanguage\":\"en-US\",\"@id\":\"https:\\\/\\\/platyphoto.com\\\/produit\\\/m42-pentacon-50mm-f1-8\\\/#primaryimage\",\"url\":\"https:\\\/\\\/i0.wp.com\\\/platyphoto.com\\\/wp-content\\\/uploads\\\/2025\\\/09\\\/Pentacon-50mm-1.8.jpg?fit=3442%2C2287&ssl=1\",\"contentUrl\":\"https:\\\/\\\/i0.wp.com\\\/platyphoto.com\\\/wp-content\\\/uploads\\\/2025\\\/09\\\/Pentacon-50mm-1.8.jpg?fit=3442%2C2287&ssl=1\",\"width\":3442,\"height\":2287,\"caption\":\"M42 - Pentacon Auto 50mm F:1.8\"},{\"@type\":\"BreadcrumbList\",\"@id\":\"https:\\\/\\\/platyphoto.com\\\/produit\\\/m42-pentacon-50mm-f1-8\\\/#breadcrumb\",\"itemListElement\":[{\"@type\":\"ListItem\",\"position\":1,\"name\":\"Accueil\",\"item\":\"https:\\\/\\\/platyphoto.com\\\/\"},{\"@type\":\"ListItem\",\"position\":2,\"name\":\"Boutique\",\"item\":\"https:\\\/\\\/platyphoto.com\\\/boutique\\\/\"},{\"@type\":\"ListItem\",\"position\":3,\"name\":\"M42 &#8211; Pentacon 50mm F:1.8\"}]},{\"@type\":\"WebSite\",\"@id\":\"https:\\\/\\\/platyphoto.com\\\/#website\",\"url\":\"https:\\\/\\\/platyphoto.com\\\/\",\"name\":\"Platyphoto\",\"description\":\"Appareils photos argentiques, objectifs et accessoires de qualit\u00e9.\",\"publisher\":{\"@id\":\"https:\\\/\\\/platyphoto.com\\\/#organization\"},\"potentialAction\":[{\"@type\":\"SearchAction\",\"target\":{\"@type\":\"EntryPoint\",\"urlTemplate\":\"https:\\\/\\\/platyphoto.com\\\/?s={search_term_string}\"},\"query-input\":{\"@type\":\"PropertyValueSpecification\",\"valueRequired\":true,\"valueName\":\"search_term_string\"}}],\"inLanguage\":\"en-US\"},{\"@type\":\"Organization\",\"@id\":\"https:\\\/\\\/platyphoto.com\\\/#organization\",\"name\":\"Platyphoto\",\"alternateName\":\"Platyphoto\",\"url\":\"https:\\\/\\\/platyphoto.com\\\/\",\"logo\":{\"@type\":\"ImageObject\",\"inLanguage\":\"en-US\",\"@id\":\"https:\\\/\\\/platyphoto.com\\\/#\\\/schema\\\/logo\\\/image\\\/\",\"url\":\"https:\\\/\\\/i0.wp.com\\\/platyphoto.com\\\/wp-content\\\/uploads\\\/2020\\\/11\\\/cropped-header.jpg?fit=1500%2C282&ssl=1\",\"contentUrl\":\"https:\\\/\\\/i0.wp.com\\\/platyphoto.com\\\/wp-content\\\/uploads\\\/2020\\\/11\\\/cropped-header.jpg?fit=1500%2C282&ssl=1\",\"width\":1500,\"height\":282,\"caption\":\"Platyphoto\"},\"image\":{\"@id\":\"https:\\\/\\\/platyphoto.com\\\/#\\\/schema\\\/logo\\\/image\\\/\"},\"sameAs\":[\"https:\\\/\\\/www.instagram.com\\\/platyphoto\\\/\"]}]}<\/script>\n<!-- \/ Yoast SEO plugin. -->","yoast_head_json":{"title":"M42 - Pentacon 50mm F:1.8 - Platyphoto","description":"Objectif de focale classique en monture M42 Pentacon Auto 50mm F:1.8, 100% fonctionnel, diaphragme ok, mise au point ok.","robots":{"index":"index","follow":"follow","max-snippet":"max-snippet:-1","max-image-preview":"max-image-preview:large","max-video-preview":"max-video-preview:-1"},"canonical":"https:\/\/platyphoto.com\/en\/product\/m42-pentacon-50mm-f1-8\/","og_locale":"en_US","og_type":"article","og_title":"M42 - Pentacon 50mm F:1.8 - Platyphoto","og_description":"Objectif de focale classique en monture M42 Pentacon Auto 50mm F:1.8, 100% fonctionnel, diaphragme ok, mise au point ok.","og_url":"https:\/\/platyphoto.com\/en\/product\/m42-pentacon-50mm-f1-8\/","og_site_name":"Platyphoto","article_modified_time":"2025-11-30T11:40:29+00:00","og_image":[{"width":3442,"height":2287,"url":"https:\/\/platyphoto.com\/wp-content\/uploads\/2025\/09\/Pentacon-50mm-1.8.jpg","type":"image\/jpeg"}],"twitter_card":"summary_large_image","twitter_misc":{"Est. reading time":"1 minute"},"schema":{"@context":"https:\/\/schema.org","@graph":[{"@type":"WebPage","@id":"https:\/\/platyphoto.com\/produit\/m42-pentacon-50mm-f1-8\/","url":"https:\/\/platyphoto.com\/produit\/m42-pentacon-50mm-f1-8\/","name":"M42 - Pentacon 50mm F:1.8 - Platyphoto","isPartOf":{"@id":"https:\/\/platyphoto.com\/#website"},"primaryImageOfPage":{"@id":"https:\/\/platyphoto.com\/produit\/m42-pentacon-50mm-f1-8\/#primaryimage"},"image":{"@id":"https:\/\/platyphoto.com\/produit\/m42-pentacon-50mm-f1-8\/#primaryimage"},"thumbnailUrl":"https:\/\/i0.wp.com\/platyphoto.com\/wp-content\/uploads\/2025\/09\/Pentacon-50mm-1.8.jpg?fit=3442%2C2287&ssl=1","datePublished":"2025-09-11T16:16:02+00:00","dateModified":"2025-11-30T11:40:29+00:00","description":"Objectif de focale classique en monture M42 Pentacon Auto 50mm F:1.8, 100% fonctionnel, diaphragme ok, mise au point ok.","breadcrumb":{"@id":"https:\/\/platyphoto.com\/produit\/m42-pentacon-50mm-f1-8\/#breadcrumb"},"inLanguage":"en-US","potentialAction":[{"@type":"ReadAction","target":["https:\/\/platyphoto.com\/produit\/m42-pentacon-50mm-f1-8\/"]}]},{"@type":"ImageObject","inLanguage":"en-US","@id":"https:\/\/platyphoto.com\/produit\/m42-pentacon-50mm-f1-8\/#primaryimage","url":"https:\/\/i0.wp.com\/platyphoto.com\/wp-content\/uploads\/2025\/09\/Pentacon-50mm-1.8.jpg?fit=3442%2C2287&ssl=1","contentUrl":"https:\/\/i0.wp.com\/platyphoto.com\/wp-content\/uploads\/2025\/09\/Pentacon-50mm-1.8.jpg?fit=3442%2C2287&ssl=1","width":3442,"height":2287,"caption":"M42 - Pentacon Auto 50mm F:1.8"},{"@type":"BreadcrumbList","@id":"https:\/\/platyphoto.com\/produit\/m42-pentacon-50mm-f1-8\/#breadcrumb","itemListElement":[{"@type":"ListItem","position":1,"name":"Accueil","item":"https:\/\/platyphoto.com\/"},{"@type":"ListItem","position":2,"name":"Boutique","item":"https:\/\/platyphoto.com\/boutique\/"},{"@type":"ListItem","position":3,"name":"M42 &#8211; Pentacon 50mm F:1.8"}]},{"@type":"WebSite","@id":"https:\/\/platyphoto.com\/#website","url":"https:\/\/platyphoto.com\/","name":"Platyphoto","description":"Appareils photos argentiques, objectifs et accessoires de qualit\u00e9.","publisher":{"@id":"https:\/\/platyphoto.com\/#organization"},"potentialAction":[{"@type":"SearchAction","target":{"@type":"EntryPoint","urlTemplate":"https:\/\/platyphoto.com\/?s={search_term_string}"},"query-input":{"@type":"PropertyValueSpecification","valueRequired":true,"valueName":"search_term_string"}}],"inLanguage":"en-US"},{"@type":"Organization","@id":"https:\/\/platyphoto.com\/#organization","name":"Platyphoto","alternateName":"Platyphoto","url":"https:\/\/platyphoto.com\/","logo":{"@type":"ImageObject","inLanguage":"en-US","@id":"https:\/\/platyphoto.com\/#\/schema\/logo\/image\/","url":"https:\/\/i0.wp.com\/platyphoto.com\/wp-content\/uploads\/2020\/11\/cropped-header.jpg?fit=1500%2C282&ssl=1","contentUrl":"https:\/\/i0.wp.com\/platyphoto.com\/wp-content\/uploads\/2020\/11\/cropped-header.jpg?fit=1500%2C282&ssl=1","width":1500,"height":282,"caption":"Platyphoto"},"image":{"@id":"https:\/\/platyphoto.com\/#\/schema\/logo\/image\/"},"sameAs":["https:\/\/www.instagram.com\/platyphoto\/"]}]}},"jetpack_publicize_connections":[],"jetpack_likes_enabled":false,"jetpack_sharing_enabled":true,"_links":{"self":[{"href":"https:\/\/platyphoto.com\/en\/wp-json\/wp\/v2\/product\/17602","targetHints":{"allow":["GET"]}}],"collection":[{"href":"https:\/\/platyphoto.com\/en\/wp-json\/wp\/v2\/product"}],"about":[{"href":"https:\/\/platyphoto.com\/en\/wp-json\/wp\/v2\/types\/product"}],"wp:featuredmedia":[{"embeddable":true,"href":"https:\/\/platyphoto.com\/en\/wp-json\/wp\/v2\/media\/17606"}],"wp:attachment":[{"href":"https:\/\/platyphoto.com\/en\/wp-json\/wp\/v2\/media?parent=17602"}],"wp:term":[{"taxonomy":"product_brand","embeddable":true,"href":"https:\/\/platyphoto.com\/en\/wp-json\/wp\/v2\/product_brand?post=17602"},{"taxonomy":"product_cat","embeddable":true,"href":"https:\/\/platyphoto.com\/en\/wp-json\/wp\/v2\/product_cat?post=17602"},{"taxonomy":"product_tag","embeddable":true,"href":"https:\/\/platyphoto.com\/en\/wp-json\/wp\/v2\/product_tag?post=17602"}],"curies":[{"name":"wp","href":"https:\/\/api.w.org\/{rel}","templated":true}]}}