{"id":17678,"date":"2025-09-15T14:35:51","date_gmt":"2025-09-15T12:35:51","guid":{"rendered":"https:\/\/platyphoto.com\/?post_type=product&#038;p=17678"},"modified":"2025-10-12T17:06:53","modified_gmt":"2025-10-12T15:06:53","slug":"revise-konica-c35-el-38mm-f2-8","status":"publish","type":"product","link":"https:\/\/platyphoto.com\/en\/product\/revise-konica-c35-el-38mm-f2-8\/","title":{"rendered":"REVISE &#8211; Konica C35 E&#038;L 38mm F:2.8"},"content":{"rendered":"<p><strong>Marque<\/strong> : Konica<\/p>\n<p><strong>Mod\u00e8le<\/strong> : C35 E&amp;L<\/p>\n<p><strong>Ann\u00e9e de production<\/strong> : A partir de 1971<\/p>\n<p><strong>Cellule<\/strong> : Oui<\/p>\n<p><strong>Film<\/strong> : 35mm<\/p>\n<p><strong>Indice de raret\u00e9<\/strong>: Courant<\/p>\n<p><strong>Batteries <\/strong>: 1 x LR44<\/p>\n<p>Petit compact sympathique ,ce Konica C35 E&amp;L fonctionne en full auto, dans le viseur une aiguille vous indique le couple vitesse\/ouverture qui sera s\u00e9lectionn\u00e9 au d\u00e9clenchement. de 1\/30e \u00e0 F:2.8 jusqu&rsquo;\u00e0 1\/650 \u00e0 F:16. Mode auto et mode flash pr\u00e9sent (vous pouvez choisir la valeur du diaphragme mais la vitesse est bloqu\u00e9e \u00e0 1\/30e.<\/p>\n<p>La mise au point se fait au jug\u00e9e \u00e0 l&rsquo;aide des pictogrammes et \u00e9chelle en m\u00e8tres sur l&rsquo;objectif, de 1m \u00e0 l&rsquo;infini.<\/p>\n<p>Appareil enti\u00e8rement r\u00e9vis\u00e9, conversion piles r\u00e9centes 1.5v, nettoyage du viseur, lubrification vitesses, nettoyage et lubrification mise au point, contr\u00f4le divers, changement des mousses ect..<\/p>\n<p>Appareil vendu sans pile, garanti 1 an.<\/p>\n<p><strong>Concernant l&rsquo;\u00e9tat :<\/strong><\/p>\n<p>-Esth\u00e9tique : 6\/10, traces d&rsquo;usages, inscriptions grav\u00e9es en japonais sous l&rsquo;appareil, traces sur les lames d&rsquo;obturateur (aucune incidence sur le bon fonctionnement de l&rsquo;appareil)<\/p>\n<p>Optique : 8,5\/10, quelques micro poussi\u00e8res<\/p>\n<p>-M\u00e9canique : 10\/10, r\u00e9vis\u00e9 (CLA), 100% fonctionnel.<\/p>\n<p>&nbsp;<\/p>\n<p>&nbsp;<\/p>","protected":false},"excerpt":{"rendered":"<p>Marque : Konica Mod\u00e8le : C35 E&amp;L Ann\u00e9e de production : A partir de 1971 Cellule : Oui Film : 35mm Indice de raret\u00e9: Courant Piles : 1 x LR44 Petit compact sympathique ,ce Konica C35 E&amp;L fonctionne en full auto, dans le viseur une aiguille vous indique le couple vitesse\/ouverture qui sera s\u00e9lectionn\u00e9 au [&hellip;]<\/p>\n","protected":false},"featured_media":17682,"template":"","meta":{"_coblocks_attr":"","_coblocks_dimensions":"","_coblocks_responsive_height":"","_coblocks_accordion_ie_support":"","_crdt_document":"","jetpack_post_was_ever_published":false,"jetpack_publicize_message":"","jetpack_publicize_feature_enabled":true,"jetpack_social_post_already_shared":true,"jetpack_social_options":{"image_generator_settings":{"template":"highway","default_image_id":0,"font":"","enabled":false},"version":2},"_wpas_customize_per_network":false},"product_brand":[],"product_cat":[6353,6349,6355],"product_tag":[],"class_list":{"0":"post-17678","1":"product","2":"type-product","3":"status-publish","4":"has-post-thumbnail","6":"product_cat-24x36","7":"product_cat-appareils","8":"product_cat-compacts","10":"first","11":"outofstock","12":"shipping-taxable","13":"purchasable","14":"product-type-simple"},"yoast_head":"<!-- This site is optimized with the Yoast SEO plugin v27.3 - https:\/\/yoast.com\/product\/yoast-seo-wordpress\/ -->\n<title>REVISE - Konica C35 E&amp;L 38mm F:2.8 - Platyphoto<\/title>\n<meta name=\"description\" content=\"Petit compact sympathique ,ce Konica C35 E&amp;L fonctionne en full auto, dans le viseur une aiguille vous indique le couple vitesse\/ouverture qui sera s\u00e9lectionn\u00e9 au d\u00e9clenchement. de 1\/30e \u00e0 F:2.8 jusqu&#039;\u00e0 1\/650 \u00e0 F:16.\" \/>\n<meta name=\"robots\" content=\"index, follow, max-snippet:-1, max-image-preview:large, max-video-preview:-1\" \/>\n<link rel=\"canonical\" href=\"https:\/\/platyphoto.com\/en\/product\/revise-konica-c35-el-38mm-f2-8\/\" \/>\n<meta property=\"og:locale\" content=\"en_US\" \/>\n<meta property=\"og:type\" content=\"article\" \/>\n<meta property=\"og:title\" content=\"REVISE - Konica C35 E&amp;L 38mm F:2.8 - Platyphoto\" \/>\n<meta property=\"og:description\" content=\"Petit compact sympathique ,ce Konica C35 E&amp;L fonctionne en full auto, dans le viseur une aiguille vous indique le couple vitesse\/ouverture qui sera s\u00e9lectionn\u00e9 au d\u00e9clenchement. de 1\/30e \u00e0 F:2.8 jusqu&#039;\u00e0 1\/650 \u00e0 F:16.\" \/>\n<meta property=\"og:url\" content=\"https:\/\/platyphoto.com\/en\/product\/revise-konica-c35-el-38mm-f2-8\/\" \/>\n<meta property=\"og:site_name\" content=\"Platyphoto\" \/>\n<meta property=\"article:modified_time\" content=\"2025-10-12T15:06:53+00:00\" \/>\n<meta property=\"og:image\" content=\"https:\/\/platyphoto.com\/wp-content\/uploads\/2025\/09\/Konica-C35-EL.jpg\" \/>\n\t<meta property=\"og:image:width\" content=\"4020\" \/>\n\t<meta property=\"og:image:height\" content=\"2671\" \/>\n\t<meta property=\"og:image:type\" content=\"image\/jpeg\" \/>\n<meta name=\"twitter:card\" content=\"summary_large_image\" \/>\n<meta name=\"twitter:label1\" content=\"Est. reading time\" \/>\n\t<meta name=\"twitter:data1\" content=\"2 minutes\" \/>\n<script type=\"application\/ld+json\" class=\"yoast-schema-graph\">{\"@context\":\"https:\\\/\\\/schema.org\",\"@graph\":[{\"@type\":\"WebPage\",\"@id\":\"https:\\\/\\\/platyphoto.com\\\/produit\\\/revise-konica-c35-el-38mm-f2-8\\\/\",\"url\":\"https:\\\/\\\/platyphoto.com\\\/produit\\\/revise-konica-c35-el-38mm-f2-8\\\/\",\"name\":\"REVISE - Konica C35 E&L 38mm F:2.8 - Platyphoto\",\"isPartOf\":{\"@id\":\"https:\\\/\\\/platyphoto.com\\\/#website\"},\"primaryImageOfPage\":{\"@id\":\"https:\\\/\\\/platyphoto.com\\\/produit\\\/revise-konica-c35-el-38mm-f2-8\\\/#primaryimage\"},\"image\":{\"@id\":\"https:\\\/\\\/platyphoto.com\\\/produit\\\/revise-konica-c35-el-38mm-f2-8\\\/#primaryimage\"},\"thumbnailUrl\":\"https:\\\/\\\/i0.wp.com\\\/platyphoto.com\\\/wp-content\\\/uploads\\\/2025\\\/09\\\/Konica-C35-EL.jpg?fit=4020%2C2671&ssl=1\",\"datePublished\":\"2025-09-15T12:35:51+00:00\",\"dateModified\":\"2025-10-12T15:06:53+00:00\",\"description\":\"Petit compact sympathique ,ce Konica C35 E&L fonctionne en full auto, dans le viseur une aiguille vous indique le couple vitesse\\\/ouverture qui sera s\u00e9lectionn\u00e9 au d\u00e9clenchement. de 1\\\/30e \u00e0 F:2.8 jusqu'\u00e0 1\\\/650 \u00e0 F:16.\",\"breadcrumb\":{\"@id\":\"https:\\\/\\\/platyphoto.com\\\/produit\\\/revise-konica-c35-el-38mm-f2-8\\\/#breadcrumb\"},\"inLanguage\":\"en-US\",\"potentialAction\":[{\"@type\":\"ReadAction\",\"target\":[\"https:\\\/\\\/platyphoto.com\\\/produit\\\/revise-konica-c35-el-38mm-f2-8\\\/\"]}]},{\"@type\":\"ImageObject\",\"inLanguage\":\"en-US\",\"@id\":\"https:\\\/\\\/platyphoto.com\\\/produit\\\/revise-konica-c35-el-38mm-f2-8\\\/#primaryimage\",\"url\":\"https:\\\/\\\/i0.wp.com\\\/platyphoto.com\\\/wp-content\\\/uploads\\\/2025\\\/09\\\/Konica-C35-EL.jpg?fit=4020%2C2671&ssl=1\",\"contentUrl\":\"https:\\\/\\\/i0.wp.com\\\/platyphoto.com\\\/wp-content\\\/uploads\\\/2025\\\/09\\\/Konica-C35-EL.jpg?fit=4020%2C2671&ssl=1\",\"width\":4020,\"height\":2671,\"caption\":\"REVISE - Konica C35 E&L 38mm F:2.8\"},{\"@type\":\"BreadcrumbList\",\"@id\":\"https:\\\/\\\/platyphoto.com\\\/produit\\\/revise-konica-c35-el-38mm-f2-8\\\/#breadcrumb\",\"itemListElement\":[{\"@type\":\"ListItem\",\"position\":1,\"name\":\"Accueil\",\"item\":\"https:\\\/\\\/platyphoto.com\\\/\"},{\"@type\":\"ListItem\",\"position\":2,\"name\":\"Boutique\",\"item\":\"https:\\\/\\\/platyphoto.com\\\/boutique\\\/\"},{\"@type\":\"ListItem\",\"position\":3,\"name\":\"REVISE &#8211; Konica C35 E&#038;L 38mm F:2.8\"}]},{\"@type\":\"WebSite\",\"@id\":\"https:\\\/\\\/platyphoto.com\\\/#website\",\"url\":\"https:\\\/\\\/platyphoto.com\\\/\",\"name\":\"Platyphoto\",\"description\":\"Appareils photos argentiques, objectifs et accessoires de qualit\u00e9.\",\"publisher\":{\"@id\":\"https:\\\/\\\/platyphoto.com\\\/#organization\"},\"potentialAction\":[{\"@type\":\"SearchAction\",\"target\":{\"@type\":\"EntryPoint\",\"urlTemplate\":\"https:\\\/\\\/platyphoto.com\\\/?s={search_term_string}\"},\"query-input\":{\"@type\":\"PropertyValueSpecification\",\"valueRequired\":true,\"valueName\":\"search_term_string\"}}],\"inLanguage\":\"en-US\"},{\"@type\":\"Organization\",\"@id\":\"https:\\\/\\\/platyphoto.com\\\/#organization\",\"name\":\"Platyphoto\",\"alternateName\":\"Platyphoto\",\"url\":\"https:\\\/\\\/platyphoto.com\\\/\",\"logo\":{\"@type\":\"ImageObject\",\"inLanguage\":\"en-US\",\"@id\":\"https:\\\/\\\/platyphoto.com\\\/#\\\/schema\\\/logo\\\/image\\\/\",\"url\":\"https:\\\/\\\/i0.wp.com\\\/platyphoto.com\\\/wp-content\\\/uploads\\\/2020\\\/11\\\/cropped-header.jpg?fit=1500%2C282&ssl=1\",\"contentUrl\":\"https:\\\/\\\/i0.wp.com\\\/platyphoto.com\\\/wp-content\\\/uploads\\\/2020\\\/11\\\/cropped-header.jpg?fit=1500%2C282&ssl=1\",\"width\":1500,\"height\":282,\"caption\":\"Platyphoto\"},\"image\":{\"@id\":\"https:\\\/\\\/platyphoto.com\\\/#\\\/schema\\\/logo\\\/image\\\/\"},\"sameAs\":[\"https:\\\/\\\/www.instagram.com\\\/platyphoto\\\/\"]}]}<\/script>\n<!-- \/ Yoast SEO plugin. -->","yoast_head_json":{"title":"REVISE - Konica C35 E&L 38mm F:2.8 - Platyphoto","description":"Petit compact sympathique ,ce Konica C35 E&L fonctionne en full auto, dans le viseur une aiguille vous indique le couple vitesse\/ouverture qui sera s\u00e9lectionn\u00e9 au d\u00e9clenchement. de 1\/30e \u00e0 F:2.8 jusqu'\u00e0 1\/650 \u00e0 F:16.","robots":{"index":"index","follow":"follow","max-snippet":"max-snippet:-1","max-image-preview":"max-image-preview:large","max-video-preview":"max-video-preview:-1"},"canonical":"https:\/\/platyphoto.com\/en\/product\/revise-konica-c35-el-38mm-f2-8\/","og_locale":"en_US","og_type":"article","og_title":"REVISE - Konica C35 E&L 38mm F:2.8 - Platyphoto","og_description":"Petit compact sympathique ,ce Konica C35 E&L fonctionne en full auto, dans le viseur une aiguille vous indique le couple vitesse\/ouverture qui sera s\u00e9lectionn\u00e9 au d\u00e9clenchement. de 1\/30e \u00e0 F:2.8 jusqu'\u00e0 1\/650 \u00e0 F:16.","og_url":"https:\/\/platyphoto.com\/en\/product\/revise-konica-c35-el-38mm-f2-8\/","og_site_name":"Platyphoto","article_modified_time":"2025-10-12T15:06:53+00:00","og_image":[{"width":4020,"height":2671,"url":"https:\/\/platyphoto.com\/wp-content\/uploads\/2025\/09\/Konica-C35-EL.jpg","type":"image\/jpeg"}],"twitter_card":"summary_large_image","twitter_misc":{"Est. reading time":"2 minutes"},"schema":{"@context":"https:\/\/schema.org","@graph":[{"@type":"WebPage","@id":"https:\/\/platyphoto.com\/produit\/revise-konica-c35-el-38mm-f2-8\/","url":"https:\/\/platyphoto.com\/produit\/revise-konica-c35-el-38mm-f2-8\/","name":"REVISE - Konica C35 E&L 38mm F:2.8 - Platyphoto","isPartOf":{"@id":"https:\/\/platyphoto.com\/#website"},"primaryImageOfPage":{"@id":"https:\/\/platyphoto.com\/produit\/revise-konica-c35-el-38mm-f2-8\/#primaryimage"},"image":{"@id":"https:\/\/platyphoto.com\/produit\/revise-konica-c35-el-38mm-f2-8\/#primaryimage"},"thumbnailUrl":"https:\/\/i0.wp.com\/platyphoto.com\/wp-content\/uploads\/2025\/09\/Konica-C35-EL.jpg?fit=4020%2C2671&ssl=1","datePublished":"2025-09-15T12:35:51+00:00","dateModified":"2025-10-12T15:06:53+00:00","description":"Petit compact sympathique ,ce Konica C35 E&L fonctionne en full auto, dans le viseur une aiguille vous indique le couple vitesse\/ouverture qui sera s\u00e9lectionn\u00e9 au d\u00e9clenchement. de 1\/30e \u00e0 F:2.8 jusqu'\u00e0 1\/650 \u00e0 F:16.","breadcrumb":{"@id":"https:\/\/platyphoto.com\/produit\/revise-konica-c35-el-38mm-f2-8\/#breadcrumb"},"inLanguage":"en-US","potentialAction":[{"@type":"ReadAction","target":["https:\/\/platyphoto.com\/produit\/revise-konica-c35-el-38mm-f2-8\/"]}]},{"@type":"ImageObject","inLanguage":"en-US","@id":"https:\/\/platyphoto.com\/produit\/revise-konica-c35-el-38mm-f2-8\/#primaryimage","url":"https:\/\/i0.wp.com\/platyphoto.com\/wp-content\/uploads\/2025\/09\/Konica-C35-EL.jpg?fit=4020%2C2671&ssl=1","contentUrl":"https:\/\/i0.wp.com\/platyphoto.com\/wp-content\/uploads\/2025\/09\/Konica-C35-EL.jpg?fit=4020%2C2671&ssl=1","width":4020,"height":2671,"caption":"REVISE - Konica C35 E&L 38mm F:2.8"},{"@type":"BreadcrumbList","@id":"https:\/\/platyphoto.com\/produit\/revise-konica-c35-el-38mm-f2-8\/#breadcrumb","itemListElement":[{"@type":"ListItem","position":1,"name":"Accueil","item":"https:\/\/platyphoto.com\/"},{"@type":"ListItem","position":2,"name":"Boutique","item":"https:\/\/platyphoto.com\/boutique\/"},{"@type":"ListItem","position":3,"name":"REVISE &#8211; Konica C35 E&#038;L 38mm F:2.8"}]},{"@type":"WebSite","@id":"https:\/\/platyphoto.com\/#website","url":"https:\/\/platyphoto.com\/","name":"Platyphoto","description":"Appareils photos argentiques, objectifs et accessoires de qualit\u00e9.","publisher":{"@id":"https:\/\/platyphoto.com\/#organization"},"potentialAction":[{"@type":"SearchAction","target":{"@type":"EntryPoint","urlTemplate":"https:\/\/platyphoto.com\/?s={search_term_string}"},"query-input":{"@type":"PropertyValueSpecification","valueRequired":true,"valueName":"search_term_string"}}],"inLanguage":"en-US"},{"@type":"Organization","@id":"https:\/\/platyphoto.com\/#organization","name":"Platyphoto","alternateName":"Platyphoto","url":"https:\/\/platyphoto.com\/","logo":{"@type":"ImageObject","inLanguage":"en-US","@id":"https:\/\/platyphoto.com\/#\/schema\/logo\/image\/","url":"https:\/\/i0.wp.com\/platyphoto.com\/wp-content\/uploads\/2020\/11\/cropped-header.jpg?fit=1500%2C282&ssl=1","contentUrl":"https:\/\/i0.wp.com\/platyphoto.com\/wp-content\/uploads\/2020\/11\/cropped-header.jpg?fit=1500%2C282&ssl=1","width":1500,"height":282,"caption":"Platyphoto"},"image":{"@id":"https:\/\/platyphoto.com\/#\/schema\/logo\/image\/"},"sameAs":["https:\/\/www.instagram.com\/platyphoto\/"]}]}},"jetpack_publicize_connections":[],"jetpack_likes_enabled":false,"jetpack_sharing_enabled":true,"_links":{"self":[{"href":"https:\/\/platyphoto.com\/en\/wp-json\/wp\/v2\/product\/17678","targetHints":{"allow":["GET"]}}],"collection":[{"href":"https:\/\/platyphoto.com\/en\/wp-json\/wp\/v2\/product"}],"about":[{"href":"https:\/\/platyphoto.com\/en\/wp-json\/wp\/v2\/types\/product"}],"wp:featuredmedia":[{"embeddable":true,"href":"https:\/\/platyphoto.com\/en\/wp-json\/wp\/v2\/media\/17682"}],"wp:attachment":[{"href":"https:\/\/platyphoto.com\/en\/wp-json\/wp\/v2\/media?parent=17678"}],"wp:term":[{"taxonomy":"product_brand","embeddable":true,"href":"https:\/\/platyphoto.com\/en\/wp-json\/wp\/v2\/product_brand?post=17678"},{"taxonomy":"product_cat","embeddable":true,"href":"https:\/\/platyphoto.com\/en\/wp-json\/wp\/v2\/product_cat?post=17678"},{"taxonomy":"product_tag","embeddable":true,"href":"https:\/\/platyphoto.com\/en\/wp-json\/wp\/v2\/product_tag?post=17678"}],"curies":[{"name":"wp","href":"https:\/\/api.w.org\/{rel}","templated":true}]}}