{"id":17766,"date":"2025-09-19T08:13:00","date_gmt":"2025-09-19T06:13:00","guid":{"rendered":"https:\/\/platyphoto.com\/?post_type=product&#038;p=17766"},"modified":"2025-11-03T17:08:44","modified_gmt":"2025-11-03T16:08:44","slug":"hoya-49mm-filtre-type-b-daylight-85b","status":"publish","type":"product","link":"https:\/\/platyphoto.com\/en\/product\/hoya-49mm-filtre-type-b-daylight-85b\/","title":{"rendered":"Hoya 49mm filtre type B Daylight (85b)"},"content":{"rendered":"<p>Hoya 49mm filtre type A Daylight (85) en boite.<\/p>\n<p>Les filtres\u00a0<strong>85B HMC de Hoya<\/strong> vous permettent d&rsquo;abaisser artificiellement la temp\u00e9rature Kelvin de vos photos. Ils permettent d&rsquo;abbaisser la lumi\u00e8re bleue et donc de donner plus de chaleur \u00e0 vos photos. (de 5500\u00b0K \u00e0 3200\u00b0K)<\/p>\n<p>Bel \u00e9tat g\u00e9n\u00e9ral.<\/p>","protected":false},"excerpt":{"rendered":"<p>Hoya 49mm filtre type A Daylight (85) en boite. Les filtres\u00a085B HMC de Hoya vous permettent d&rsquo;abaisser artificiellement la temp\u00e9rature Kelvin de vos photos. Ils permettent d&rsquo;abbaisser la lumi\u00e8re bleue et donc de donner plus de chaleur \u00e0 vos photos. (de 5500\u00b0K \u00e0 3200\u00b0K) Bel \u00e9tat g\u00e9n\u00e9ral.<\/p>","protected":false},"featured_media":17768,"template":"","meta":{"_coblocks_attr":"","_coblocks_dimensions":"","_coblocks_responsive_height":"","_coblocks_accordion_ie_support":"","_crdt_document":"","jetpack_publicize_message":"","jetpack_publicize_feature_enabled":true,"jetpack_social_post_already_shared":true,"jetpack_social_options":{"image_generator_settings":{"template":"highway","default_image_id":0,"font":"","enabled":false},"version":2},"_wpas_customize_per_network":false},"product_brand":[],"product_cat":[6691,6376,6531],"product_tag":[],"class_list":{"0":"post-17766","1":"product","2":"type-product","3":"status-publish","4":"has-post-thumbnail","6":"product_cat-49mm","7":"product_cat-accessoires-fr","8":"product_cat-filtres","10":"first","11":"outofstock","12":"shipping-taxable","13":"purchasable","14":"product-type-simple"},"yoast_head":"<!-- This site is optimized with the Yoast SEO plugin v27.4 - https:\/\/yoast.com\/product\/yoast-seo-wordpress\/ -->\n<title>Hoya 49mm filtre type B Daylight (85b) - Platyphoto<\/title>\n<meta name=\"description\" content=\"Les filtres\u00a085B HMC de Hoya vous permettent d&#039;abaisser artificiellement la temp\u00e9rature Kelvin de vos photos. Ils permettent d&#039;abbaisser la lumi\u00e8re bleue et donc de donner plus de chaleur \u00e0 vos photos. (de 5500\u00b0K \u00e0 3200\u00b0K)\" \/>\n<meta name=\"robots\" content=\"index, follow, max-snippet:-1, max-image-preview:large, max-video-preview:-1\" \/>\n<link rel=\"canonical\" href=\"https:\/\/platyphoto.com\/en\/product\/hoya-49mm-filtre-type-b-daylight-85b\/\" \/>\n<meta property=\"og:locale\" content=\"en_US\" \/>\n<meta property=\"og:type\" content=\"article\" \/>\n<meta property=\"og:title\" content=\"Hoya 49mm filtre type B Daylight (85b) - Platyphoto\" \/>\n<meta property=\"og:description\" content=\"Les filtres\u00a085B HMC de Hoya vous permettent d&#039;abaisser artificiellement la temp\u00e9rature Kelvin de vos photos. Ils permettent d&#039;abbaisser la lumi\u00e8re bleue et donc de donner plus de chaleur \u00e0 vos photos. (de 5500\u00b0K \u00e0 3200\u00b0K)\" \/>\n<meta property=\"og:url\" content=\"https:\/\/platyphoto.com\/en\/product\/hoya-49mm-filtre-type-b-daylight-85b\/\" \/>\n<meta property=\"og:site_name\" content=\"Platyphoto\" \/>\n<meta property=\"article:modified_time\" content=\"2025-11-03T16:08:44+00:00\" \/>\n<meta property=\"og:image\" content=\"https:\/\/platyphoto.com\/wp-content\/uploads\/2025\/09\/Hoya-49mm-85b.jpg\" \/>\n\t<meta property=\"og:image:width\" content=\"3095\" \/>\n\t<meta property=\"og:image:height\" content=\"2057\" \/>\n\t<meta property=\"og:image:type\" content=\"image\/jpeg\" \/>\n<meta name=\"twitter:card\" content=\"summary_large_image\" \/>\n<meta name=\"twitter:label1\" content=\"Est. reading time\" \/>\n\t<meta name=\"twitter:data1\" content=\"1 minute\" \/>\n<script type=\"application\/ld+json\" class=\"yoast-schema-graph\">{\"@context\":\"https:\\\/\\\/schema.org\",\"@graph\":[{\"@type\":\"WebPage\",\"@id\":\"https:\\\/\\\/platyphoto.com\\\/produit\\\/hoya-49mm-filtre-type-b-daylight-85b\\\/\",\"url\":\"https:\\\/\\\/platyphoto.com\\\/produit\\\/hoya-49mm-filtre-type-b-daylight-85b\\\/\",\"name\":\"Hoya 49mm filtre type B Daylight (85b) - Platyphoto\",\"isPartOf\":{\"@id\":\"https:\\\/\\\/platyphoto.com\\\/#website\"},\"primaryImageOfPage\":{\"@id\":\"https:\\\/\\\/platyphoto.com\\\/produit\\\/hoya-49mm-filtre-type-b-daylight-85b\\\/#primaryimage\"},\"image\":{\"@id\":\"https:\\\/\\\/platyphoto.com\\\/produit\\\/hoya-49mm-filtre-type-b-daylight-85b\\\/#primaryimage\"},\"thumbnailUrl\":\"https:\\\/\\\/i0.wp.com\\\/platyphoto.com\\\/wp-content\\\/uploads\\\/2025\\\/09\\\/Hoya-49mm-85b.jpg?fit=3095%2C2057&ssl=1\",\"datePublished\":\"2025-09-19T06:13:00+00:00\",\"dateModified\":\"2025-11-03T16:08:44+00:00\",\"description\":\"Les filtres\u00a085B HMC de Hoya vous permettent d'abaisser artificiellement la temp\u00e9rature Kelvin de vos photos. Ils permettent d'abbaisser la lumi\u00e8re bleue et donc de donner plus de chaleur \u00e0 vos photos. (de 5500\u00b0K \u00e0 3200\u00b0K)\",\"breadcrumb\":{\"@id\":\"https:\\\/\\\/platyphoto.com\\\/produit\\\/hoya-49mm-filtre-type-b-daylight-85b\\\/#breadcrumb\"},\"inLanguage\":\"en-US\",\"potentialAction\":[{\"@type\":\"ReadAction\",\"target\":[\"https:\\\/\\\/platyphoto.com\\\/produit\\\/hoya-49mm-filtre-type-b-daylight-85b\\\/\"]}]},{\"@type\":\"ImageObject\",\"inLanguage\":\"en-US\",\"@id\":\"https:\\\/\\\/platyphoto.com\\\/produit\\\/hoya-49mm-filtre-type-b-daylight-85b\\\/#primaryimage\",\"url\":\"https:\\\/\\\/i0.wp.com\\\/platyphoto.com\\\/wp-content\\\/uploads\\\/2025\\\/09\\\/Hoya-49mm-85b.jpg?fit=3095%2C2057&ssl=1\",\"contentUrl\":\"https:\\\/\\\/i0.wp.com\\\/platyphoto.com\\\/wp-content\\\/uploads\\\/2025\\\/09\\\/Hoya-49mm-85b.jpg?fit=3095%2C2057&ssl=1\",\"width\":3095,\"height\":2057,\"caption\":\"Hoya 49mm filtre type B Daylight (85b)\"},{\"@type\":\"BreadcrumbList\",\"@id\":\"https:\\\/\\\/platyphoto.com\\\/produit\\\/hoya-49mm-filtre-type-b-daylight-85b\\\/#breadcrumb\",\"itemListElement\":[{\"@type\":\"ListItem\",\"position\":1,\"name\":\"Accueil\",\"item\":\"https:\\\/\\\/platyphoto.com\\\/\"},{\"@type\":\"ListItem\",\"position\":2,\"name\":\"Boutique\",\"item\":\"https:\\\/\\\/platyphoto.com\\\/boutique\\\/\"},{\"@type\":\"ListItem\",\"position\":3,\"name\":\"Hoya 49mm filtre type B Daylight (85b)\"}]},{\"@type\":\"WebSite\",\"@id\":\"https:\\\/\\\/platyphoto.com\\\/#website\",\"url\":\"https:\\\/\\\/platyphoto.com\\\/\",\"name\":\"Platyphoto\",\"description\":\"Appareils photos argentiques, objectifs et accessoires de qualit\u00e9.\",\"publisher\":{\"@id\":\"https:\\\/\\\/platyphoto.com\\\/#organization\"},\"potentialAction\":[{\"@type\":\"SearchAction\",\"target\":{\"@type\":\"EntryPoint\",\"urlTemplate\":\"https:\\\/\\\/platyphoto.com\\\/?s={search_term_string}\"},\"query-input\":{\"@type\":\"PropertyValueSpecification\",\"valueRequired\":true,\"valueName\":\"search_term_string\"}}],\"inLanguage\":\"en-US\"},{\"@type\":\"Organization\",\"@id\":\"https:\\\/\\\/platyphoto.com\\\/#organization\",\"name\":\"Platyphoto\",\"alternateName\":\"Platyphoto\",\"url\":\"https:\\\/\\\/platyphoto.com\\\/\",\"logo\":{\"@type\":\"ImageObject\",\"inLanguage\":\"en-US\",\"@id\":\"https:\\\/\\\/platyphoto.com\\\/#\\\/schema\\\/logo\\\/image\\\/\",\"url\":\"https:\\\/\\\/i0.wp.com\\\/platyphoto.com\\\/wp-content\\\/uploads\\\/2020\\\/11\\\/cropped-header.jpg?fit=1500%2C282&ssl=1\",\"contentUrl\":\"https:\\\/\\\/i0.wp.com\\\/platyphoto.com\\\/wp-content\\\/uploads\\\/2020\\\/11\\\/cropped-header.jpg?fit=1500%2C282&ssl=1\",\"width\":1500,\"height\":282,\"caption\":\"Platyphoto\"},\"image\":{\"@id\":\"https:\\\/\\\/platyphoto.com\\\/#\\\/schema\\\/logo\\\/image\\\/\"},\"sameAs\":[\"https:\\\/\\\/www.instagram.com\\\/platyphoto\\\/\"]}]}<\/script>\n<!-- \/ Yoast SEO plugin. -->","yoast_head_json":{"title":"Hoya 49mm filtre type B Daylight (85b) - Platyphoto","description":"Les filtres\u00a085B HMC de Hoya vous permettent d'abaisser artificiellement la temp\u00e9rature Kelvin de vos photos. Ils permettent d'abbaisser la lumi\u00e8re bleue et donc de donner plus de chaleur \u00e0 vos photos. (de 5500\u00b0K \u00e0 3200\u00b0K)","robots":{"index":"index","follow":"follow","max-snippet":"max-snippet:-1","max-image-preview":"max-image-preview:large","max-video-preview":"max-video-preview:-1"},"canonical":"https:\/\/platyphoto.com\/en\/product\/hoya-49mm-filtre-type-b-daylight-85b\/","og_locale":"en_US","og_type":"article","og_title":"Hoya 49mm filtre type B Daylight (85b) - Platyphoto","og_description":"Les filtres\u00a085B HMC de Hoya vous permettent d'abaisser artificiellement la temp\u00e9rature Kelvin de vos photos. Ils permettent d'abbaisser la lumi\u00e8re bleue et donc de donner plus de chaleur \u00e0 vos photos. (de 5500\u00b0K \u00e0 3200\u00b0K)","og_url":"https:\/\/platyphoto.com\/en\/product\/hoya-49mm-filtre-type-b-daylight-85b\/","og_site_name":"Platyphoto","article_modified_time":"2025-11-03T16:08:44+00:00","og_image":[{"width":3095,"height":2057,"url":"https:\/\/platyphoto.com\/wp-content\/uploads\/2025\/09\/Hoya-49mm-85b.jpg","type":"image\/jpeg"}],"twitter_card":"summary_large_image","twitter_misc":{"Est. reading time":"1 minute"},"schema":{"@context":"https:\/\/schema.org","@graph":[{"@type":"WebPage","@id":"https:\/\/platyphoto.com\/produit\/hoya-49mm-filtre-type-b-daylight-85b\/","url":"https:\/\/platyphoto.com\/produit\/hoya-49mm-filtre-type-b-daylight-85b\/","name":"Hoya 49mm filtre type B Daylight (85b) - Platyphoto","isPartOf":{"@id":"https:\/\/platyphoto.com\/#website"},"primaryImageOfPage":{"@id":"https:\/\/platyphoto.com\/produit\/hoya-49mm-filtre-type-b-daylight-85b\/#primaryimage"},"image":{"@id":"https:\/\/platyphoto.com\/produit\/hoya-49mm-filtre-type-b-daylight-85b\/#primaryimage"},"thumbnailUrl":"https:\/\/i0.wp.com\/platyphoto.com\/wp-content\/uploads\/2025\/09\/Hoya-49mm-85b.jpg?fit=3095%2C2057&ssl=1","datePublished":"2025-09-19T06:13:00+00:00","dateModified":"2025-11-03T16:08:44+00:00","description":"Les filtres\u00a085B HMC de Hoya vous permettent d'abaisser artificiellement la temp\u00e9rature Kelvin de vos photos. Ils permettent d'abbaisser la lumi\u00e8re bleue et donc de donner plus de chaleur \u00e0 vos photos. (de 5500\u00b0K \u00e0 3200\u00b0K)","breadcrumb":{"@id":"https:\/\/platyphoto.com\/produit\/hoya-49mm-filtre-type-b-daylight-85b\/#breadcrumb"},"inLanguage":"en-US","potentialAction":[{"@type":"ReadAction","target":["https:\/\/platyphoto.com\/produit\/hoya-49mm-filtre-type-b-daylight-85b\/"]}]},{"@type":"ImageObject","inLanguage":"en-US","@id":"https:\/\/platyphoto.com\/produit\/hoya-49mm-filtre-type-b-daylight-85b\/#primaryimage","url":"https:\/\/i0.wp.com\/platyphoto.com\/wp-content\/uploads\/2025\/09\/Hoya-49mm-85b.jpg?fit=3095%2C2057&ssl=1","contentUrl":"https:\/\/i0.wp.com\/platyphoto.com\/wp-content\/uploads\/2025\/09\/Hoya-49mm-85b.jpg?fit=3095%2C2057&ssl=1","width":3095,"height":2057,"caption":"Hoya 49mm filtre type B Daylight (85b)"},{"@type":"BreadcrumbList","@id":"https:\/\/platyphoto.com\/produit\/hoya-49mm-filtre-type-b-daylight-85b\/#breadcrumb","itemListElement":[{"@type":"ListItem","position":1,"name":"Accueil","item":"https:\/\/platyphoto.com\/"},{"@type":"ListItem","position":2,"name":"Boutique","item":"https:\/\/platyphoto.com\/boutique\/"},{"@type":"ListItem","position":3,"name":"Hoya 49mm filtre type B Daylight (85b)"}]},{"@type":"WebSite","@id":"https:\/\/platyphoto.com\/#website","url":"https:\/\/platyphoto.com\/","name":"Platyphoto","description":"Appareils photos argentiques, objectifs et accessoires de qualit\u00e9.","publisher":{"@id":"https:\/\/platyphoto.com\/#organization"},"potentialAction":[{"@type":"SearchAction","target":{"@type":"EntryPoint","urlTemplate":"https:\/\/platyphoto.com\/?s={search_term_string}"},"query-input":{"@type":"PropertyValueSpecification","valueRequired":true,"valueName":"search_term_string"}}],"inLanguage":"en-US"},{"@type":"Organization","@id":"https:\/\/platyphoto.com\/#organization","name":"Platyphoto","alternateName":"Platyphoto","url":"https:\/\/platyphoto.com\/","logo":{"@type":"ImageObject","inLanguage":"en-US","@id":"https:\/\/platyphoto.com\/#\/schema\/logo\/image\/","url":"https:\/\/i0.wp.com\/platyphoto.com\/wp-content\/uploads\/2020\/11\/cropped-header.jpg?fit=1500%2C282&ssl=1","contentUrl":"https:\/\/i0.wp.com\/platyphoto.com\/wp-content\/uploads\/2020\/11\/cropped-header.jpg?fit=1500%2C282&ssl=1","width":1500,"height":282,"caption":"Platyphoto"},"image":{"@id":"https:\/\/platyphoto.com\/#\/schema\/logo\/image\/"},"sameAs":["https:\/\/www.instagram.com\/platyphoto\/"]}]}},"jetpack_publicize_connections":[],"jetpack_likes_enabled":false,"jetpack_sharing_enabled":true,"_links":{"self":[{"href":"https:\/\/platyphoto.com\/en\/wp-json\/wp\/v2\/product\/17766","targetHints":{"allow":["GET"]}}],"collection":[{"href":"https:\/\/platyphoto.com\/en\/wp-json\/wp\/v2\/product"}],"about":[{"href":"https:\/\/platyphoto.com\/en\/wp-json\/wp\/v2\/types\/product"}],"wp:featuredmedia":[{"embeddable":true,"href":"https:\/\/platyphoto.com\/en\/wp-json\/wp\/v2\/media\/17768"}],"wp:attachment":[{"href":"https:\/\/platyphoto.com\/en\/wp-json\/wp\/v2\/media?parent=17766"}],"wp:term":[{"taxonomy":"product_brand","embeddable":true,"href":"https:\/\/platyphoto.com\/en\/wp-json\/wp\/v2\/product_brand?post=17766"},{"taxonomy":"product_cat","embeddable":true,"href":"https:\/\/platyphoto.com\/en\/wp-json\/wp\/v2\/product_cat?post=17766"},{"taxonomy":"product_tag","embeddable":true,"href":"https:\/\/platyphoto.com\/en\/wp-json\/wp\/v2\/product_tag?post=17766"}],"curies":[{"name":"wp","href":"https:\/\/api.w.org\/{rel}","templated":true}]}}